{"id":10061,"date":"2025-07-16T20:03:01","date_gmt":"2025-07-16T18:03:01","guid":{"rendered":"https:\/\/nevask.eu\/?page_id=10061"},"modified":"2025-11-10T14:34:39","modified_gmt":"2025-11-10T13:34:39","slug":"zsaluziak-szinei","status":"publish","type":"page","link":"https:\/\/nevask.eu\/hu\/kulteri-zsaluzia-neva\/zsaluziak-szinei\/","title":{"rendered":"Zsaluzi\u00e1k sz\u00ednei"},"content":{"rendered":"\n\n\n\n\n\n<div class=\"section narrow white\">\n\t<div class=\"container\">\n\t\t<div class=\"cell\">\n\t\t\t<ul class=\"breadcrumbs\">\n\t\t\t\t<li><a href=\"https:\/\/nevask.eu\/hu\/\">Home<\/a><\/li>\n\n\t\t\t\t\n\t\t\t<\/ul>\n\t\t<\/div>\n\t<\/div>\n<\/div>\n\n\n\n\n\n<div  class=\"section full-image\">\n\t<div class=\"container\">\n\t\t<div class=\"cell image h420\">\n\n\t\t\t\t\t\t\t<img decoding=\"async\" src=\"https:\/\/nevask.eu\/wp-content\/uploads\/2025\/07\/Farby-lamiel-zaluzii-NEVA.jpg.webp\" alt=\"\u017dena porovn\u00e1va farby pre \u017eal\u00fazie NEVA\">\n\t\t\t\n\t\t<\/div>\n\t<\/div>\n<\/div>\n\n\n\n\n\n<div  class=\"section white\">\n\n\t\n\t\t<div class=\"container intro\">\n\t\t\t<div class=\"cell\">\n\t\t\t\t<h1>A NEVA k\u00fclt\u00e9ri zsaluzi\u00e1k sz\u00ednei<\/h1>\n<p class=\"p-large\">22 alap\u00e1ras, fel\u00e1r n\u00e9lk\u00fcli sz\u00edn k\u00f6z\u00fcl v\u00e1laszthat finom strukt\u00far, vagy f\u00e9nyes lakk kivitelben.<\/p>\n\t\t\t<\/div>\n\t\t<\/div>\n\n\t\n\n\n\t\n\t\t<div class=\"container\">\n\t\t\t<div class=\"cell\">\n\n\t\t\t\t\n\t\t\t\t\t\t\t\t\t\t\t<h3>A legn\u00e9pszer\u0171bb zsaluzia sz\u00ednek<\/h3>\n\t\t\t\t\t\n\n\n\t\t\t\t\t\n\t\t\t\t\t\t<div class=\"colors-grid\">\n\n\t\t\t\t\t\t\t\n\t\t\t\t\t\t\t\t<div class=\"color\">\n\n\t\t\t\t\t\t\t\t\t\t\t\t\t\t\t\t\t\t\t<a href=\"https:\/\/nevask.eu\/wp-content\/uploads\/2025\/06\/716-antracit.png.webp\" title=\"716 Antracit-sz\u00fcrke\">\n\t\t\t\t\t\t\t\t\t\t\t<img decoding=\"async\" src=\"https:\/\/nevask.eu\/wp-content\/uploads\/2025\/06\/716-antracit.png.webp\" alt=\"\">\n\t\t\t\t\t\t\t\t\t\t<\/a>\n\t\t\t\t\t\t\t\t\t\n\t\t\t\t\t\t\t\t\t\t\t\t\t\t\t\t\t\t\t<p><strong>716<\/strong><br>Antracit-sz\u00fcrke<\/p>\n\t\t\t\t\t\t\t\t\t\n\t\t\t\t\t\t\t\t<\/div>\n\n\t\t\t\t\t\t\t\n\t\t\t\t\t\t\t\t<div class=\"color\">\n\n\t\t\t\t\t\t\t\t\t\t\t\t\t\t\t\t\t\t\t<a href=\"https:\/\/nevask.eu\/wp-content\/uploads\/2025\/06\/140H-strieborna.png.webp\" title=\"140H Ez\u00fcst-f\u00e9nyes\">\n\t\t\t\t\t\t\t\t\t\t\t<img decoding=\"async\" src=\"https:\/\/nevask.eu\/wp-content\/uploads\/2025\/06\/140H-strieborna.png.webp\" alt=\"Farba Strieborn\u00e1 140 hladk\u00e1\">\n\t\t\t\t\t\t\t\t\t\t<\/a>\n\t\t\t\t\t\t\t\t\t\n\t\t\t\t\t\t\t\t\t\t\t\t\t\t\t\t\t\t\t<p><strong>140H<\/strong><br>Ez\u00fcst-f\u00e9nyes<\/p>\n\t\t\t\t\t\t\t\t\t\n\t\t\t\t\t\t\t\t<\/div>\n\n\t\t\t\t\t\t\t\n\t\t\t\t\t\t\t\t<div class=\"color\">\n\n\t\t\t\t\t\t\t\t\t\t\t\t\t\t\t\t\t\t\t<a href=\"https:\/\/nevask.eu\/wp-content\/uploads\/2025\/06\/780-bronzova.png.webp\" title=\"780 Bronz\">\n\t\t\t\t\t\t\t\t\t\t\t<img decoding=\"async\" src=\"https:\/\/nevask.eu\/wp-content\/uploads\/2025\/06\/780-bronzova.png.webp\" alt=\"\">\n\t\t\t\t\t\t\t\t\t\t<\/a>\n\t\t\t\t\t\t\t\t\t\n\t\t\t\t\t\t\t\t\t\t\t\t\t\t\t\t\t\t\t<p><strong>780<\/strong><br>Bronz<\/p>\n\t\t\t\t\t\t\t\t\t\n\t\t\t\t\t\t\t\t<\/div>\n\n\t\t\t\t\t\t\t\n\t\t\t\t\t\t\t\t<div class=\"color\">\n\n\t\t\t\t\t\t\t\t\t\t\t\t\t\t\t\t\t\t\t<a href=\"https:\/\/nevask.eu\/wp-content\/uploads\/2025\/06\/DB703-tmavoseda1.png.webp\" title=\"DB703 S\u00f6t\u00e9tsz\u00fcrke\">\n\t\t\t\t\t\t\t\t\t\t\t<img decoding=\"async\" src=\"https:\/\/nevask.eu\/wp-content\/uploads\/2025\/06\/DB703-tmavoseda1.png.webp\" alt=\"\">\n\t\t\t\t\t\t\t\t\t\t<\/a>\n\t\t\t\t\t\t\t\t\t\n\t\t\t\t\t\t\t\t\t\t\t\t\t\t\t\t\t\t\t<p><strong>DB703<\/strong><br>S\u00f6t\u00e9tsz\u00fcrke<\/p>\n\t\t\t\t\t\t\t\t\t\n\t\t\t\t\t\t\t\t<\/div>\n\n\t\t\t\t\t\t\t\n\t\t\t\t\t\t\t\t<div class=\"color\">\n\n\t\t\t\t\t\t\t\t\t\t\t\t\t\t\t\t\t\t\t<a href=\"https:\/\/nevask.eu\/wp-content\/uploads\/2025\/06\/71-hneda.png.webp\" title=\"071 Barna\">\n\t\t\t\t\t\t\t\t\t\t\t<img decoding=\"async\" src=\"https:\/\/nevask.eu\/wp-content\/uploads\/2025\/06\/71-hneda.png.webp\" alt=\"\">\n\t\t\t\t\t\t\t\t\t\t<\/a>\n\t\t\t\t\t\t\t\t\t\n\t\t\t\t\t\t\t\t\t\t\t\t\t\t\t\t\t\t\t<p><strong>071<\/strong><br>Barna<\/p>\n\t\t\t\t\t\t\t\t\t\n\t\t\t\t\t\t\t\t<\/div>\n\n\t\t\t\t\t\t\t\n\t\t\t\t\t\t\t\t<div class=\"color\">\n\n\t\t\t\t\t\t\t\t\t\t\t\t\t\t\t\t\t\t\t<a href=\"https:\/\/nevask.eu\/wp-content\/uploads\/2025\/06\/FarbaNEVA010-Snehovobiela.png.webp\" title=\"010 H\u00f3feh\u00e9r\">\n\t\t\t\t\t\t\t\t\t\t\t<img decoding=\"async\" src=\"https:\/\/nevask.eu\/wp-content\/uploads\/2025\/06\/FarbaNEVA010-Snehovobiela.png.webp\" alt=\"\">\n\t\t\t\t\t\t\t\t\t\t<\/a>\n\t\t\t\t\t\t\t\t\t\n\t\t\t\t\t\t\t\t\t\t\t\t\t\t\t\t\t\t\t<p><strong>010<\/strong><br>H\u00f3feh\u00e9r<\/p>\n\t\t\t\t\t\t\t\t\t\n\t\t\t\t\t\t\t\t<\/div>\n\n\t\t\t\t\t\t\t\n\t\t\t\t\t\t<\/div>\n\n\t\t\t\t\t\n\t\t\t\t\n\t\t\t\t\t\t\t\t\t\t\t<h3>Tov\u00e1bbi alap\u00e1ras sz\u00ednek, fel\u00e1r n\u00e9lk\u00fcl<\/h3>\n\t\t\t\t\t\n\n\n\t\t\t\t\t\n\t\t\t\t\t\t<div class=\"colors-grid\">\n\n\t\t\t\t\t\t\t\n\t\t\t\t\t\t\t\t<div class=\"color\">\n\n\t\t\t\t\t\t\t\t\t\t\t\t\t\t\t\t\t\t\t<a href=\"https:\/\/nevask.eu\/wp-content\/uploads\/2025\/06\/110-sedobezova.png.webp\" title=\"110 B\u00e9zs\">\n\t\t\t\t\t\t\t\t\t\t\t<img decoding=\"async\" src=\"https:\/\/nevask.eu\/wp-content\/uploads\/2025\/06\/110-sedobezova.png.webp\" alt=\"\">\n\t\t\t\t\t\t\t\t\t\t<\/a>\n\t\t\t\t\t\t\t\t\t\n\t\t\t\t\t\t\t\t\t\t\t\t\t\t\t\t\t\t\t<p><strong>110<\/strong><br>B\u00e9zs<\/p>\n\t\t\t\t\t\t\t\t\t\n\t\t\t\t\t\t\t\t<\/div>\n\n\t\t\t\t\t\t\t\n\t\t\t\t\t\t\t\t<div class=\"color\">\n\n\t\t\t\t\t\t\t\t\t\t\t\t\t\t\t\t\t\t\t<a href=\"https:\/\/nevask.eu\/wp-content\/uploads\/2025\/06\/130-seda.png.webp\" title=\"130 Sz\u00fcrke\">\n\t\t\t\t\t\t\t\t\t\t\t<img decoding=\"async\" src=\"https:\/\/nevask.eu\/wp-content\/uploads\/2025\/06\/130-seda.png.webp\" alt=\"\">\n\t\t\t\t\t\t\t\t\t\t<\/a>\n\t\t\t\t\t\t\t\t\t\n\t\t\t\t\t\t\t\t\t\t\t\t\t\t\t\t\t\t\t<p><strong>130<\/strong><br>Sz\u00fcrke<\/p>\n\t\t\t\t\t\t\t\t\t\n\t\t\t\t\t\t\t\t<\/div>\n\n\t\t\t\t\t\t\t\n\t\t\t\t\t\t\t\t<div class=\"color\">\n\n\t\t\t\t\t\t\t\t\t\t\t\t\t\t\t\t\t\t\t<a href=\"https:\/\/nevask.eu\/wp-content\/uploads\/2025\/06\/140-strieborna1.png.webp\" title=\"140 Ez\u00fcst\">\n\t\t\t\t\t\t\t\t\t\t\t<img decoding=\"async\" src=\"https:\/\/nevask.eu\/wp-content\/uploads\/2025\/06\/140-strieborna1.png.webp\" alt=\"\">\n\t\t\t\t\t\t\t\t\t\t<\/a>\n\t\t\t\t\t\t\t\t\t\n\t\t\t\t\t\t\t\t\t\t\t\t\t\t\t\t\t\t\t<p><strong>140<\/strong><br>Ez\u00fcst<\/p>\n\t\t\t\t\t\t\t\t\t\n\t\t\t\t\t\t\t\t<\/div>\n\n\t\t\t\t\t\t\t\n\t\t\t\t\t\t\t\t<div class=\"color\">\n\n\t\t\t\t\t\t\t\t\t\t\t\t\t\t\t\t\t\t\t<a href=\"https:\/\/nevask.eu\/wp-content\/uploads\/2025\/06\/240-svetlebezova.png.webp\" title=\"240 Vil\u00e1gos b\u00e9zs\">\n\t\t\t\t\t\t\t\t\t\t\t<img decoding=\"async\" src=\"https:\/\/nevask.eu\/wp-content\/uploads\/2025\/06\/240-svetlebezova.png.webp\" alt=\"\">\n\t\t\t\t\t\t\t\t\t\t<\/a>\n\t\t\t\t\t\t\t\t\t\n\t\t\t\t\t\t\t\t\t\t\t\t\t\t\t\t\t\t\t<p><strong>240<\/strong><br>Vil\u00e1gos b\u00e9zs<\/p>\n\t\t\t\t\t\t\t\t\t\n\t\t\t\t\t\t\t\t<\/div>\n\n\t\t\t\t\t\t\t\n\t\t\t\t\t\t\t\t<div class=\"color\">\n\n\t\t\t\t\t\t\t\t\t\t\t\t\t\t\t\t\t\t\t<a href=\"https:\/\/nevask.eu\/wp-content\/uploads\/2025\/06\/330-cervenopurpurova.png.webp\" title=\"330 Bord\u00f3\">\n\t\t\t\t\t\t\t\t\t\t\t<img decoding=\"async\" src=\"https:\/\/nevask.eu\/wp-content\/uploads\/2025\/06\/330-cervenopurpurova.png.webp\" alt=\"\">\n\t\t\t\t\t\t\t\t\t\t<\/a>\n\t\t\t\t\t\t\t\t\t\n\t\t\t\t\t\t\t\t\t\t\t\t\t\t\t\t\t\t\t<p><strong>330<\/strong><br>Bord\u00f3<\/p>\n\t\t\t\t\t\t\t\t\t\n\t\t\t\t\t\t\t\t<\/div>\n\n\t\t\t\t\t\t\t\n\t\t\t\t\t\t\t\t<div class=\"color\">\n\n\t\t\t\t\t\t\t\t\t\t\t\t\t\t\t\t\t\t\t<a href=\"https:\/\/nevask.eu\/wp-content\/uploads\/2025\/06\/721-ciernoseda.png.webp\" title=\"721 Feketesz\u00fcrke\">\n\t\t\t\t\t\t\t\t\t\t\t<img decoding=\"async\" src=\"https:\/\/nevask.eu\/wp-content\/uploads\/2025\/06\/721-ciernoseda.png.webp\" alt=\"\">\n\t\t\t\t\t\t\t\t\t\t<\/a>\n\t\t\t\t\t\t\t\t\t\n\t\t\t\t\t\t\t\t\t\t\t\t\t\t\t\t\t\t\t<p><strong>721<\/strong><br>Feketesz\u00fcrke<\/p>\n\t\t\t\t\t\t\t\t\t\n\t\t\t\t\t\t\t\t<\/div>\n\n\t\t\t\t\t\t\t\n\t\t\t\t\t\t\t\t<div class=\"color\">\n\n\t\t\t\t\t\t\t\t\t\t\t\t\t\t\t\t\t\t\t<a href=\"https:\/\/nevask.eu\/wp-content\/uploads\/2025\/06\/722-zltohneda.png.webp\" title=\"722 Umbrasz\u00fcrke\">\n\t\t\t\t\t\t\t\t\t\t\t<img decoding=\"async\" src=\"https:\/\/nevask.eu\/wp-content\/uploads\/2025\/06\/722-zltohneda.png.webp\" alt=\"\">\n\t\t\t\t\t\t\t\t\t\t<\/a>\n\t\t\t\t\t\t\t\t\t\n\t\t\t\t\t\t\t\t\t\t\t\t\t\t\t\t\t\t\t<p><strong>722<\/strong><br>Umbrasz\u00fcrke<\/p>\n\t\t\t\t\t\t\t\t\t\n\t\t\t\t\t\t\t\t<\/div>\n\n\t\t\t\t\t\t\t\n\t\t\t\t\t\t\t\t<div class=\"color\">\n\n\t\t\t\t\t\t\t\t\t\t\t\t\t\t\t\t\t\t\t<a href=\"https:\/\/nevask.eu\/wp-content\/uploads\/2025\/06\/735-svetloseda.png.webp\" title=\"735 Vil\u00e1gossz\u00fcrke\">\n\t\t\t\t\t\t\t\t\t\t\t<img decoding=\"async\" src=\"https:\/\/nevask.eu\/wp-content\/uploads\/2025\/06\/735-svetloseda.png.webp\" alt=\"\">\n\t\t\t\t\t\t\t\t\t\t<\/a>\n\t\t\t\t\t\t\t\t\t\n\t\t\t\t\t\t\t\t\t\t\t\t\t\t\t\t\t\t\t<p><strong>735<\/strong><br>Vil\u00e1gossz\u00fcrke<\/p>\n\t\t\t\t\t\t\t\t\t\n\t\t\t\t\t\t\t\t<\/div>\n\n\t\t\t\t\t\t\t\n\t\t\t\t\t\t\t\t<div class=\"color\">\n\n\t\t\t\t\t\t\t\t\t\t\t\t\t\t\t\t\t\t\t<a href=\"https:\/\/nevask.eu\/wp-content\/uploads\/2025\/06\/737-prachovoseda.png.webp\" title=\"737 Hamusz\u00fcrke\">\n\t\t\t\t\t\t\t\t\t\t\t<img decoding=\"async\" src=\"https:\/\/nevask.eu\/wp-content\/uploads\/2025\/06\/737-prachovoseda.png.webp\" alt=\"\">\n\t\t\t\t\t\t\t\t\t\t<\/a>\n\t\t\t\t\t\t\t\t\t\n\t\t\t\t\t\t\t\t\t\t\t\t\t\t\t\t\t\t\t<p><strong>737<\/strong><br>Hamusz\u00fcrke<\/p>\n\t\t\t\t\t\t\t\t\t\n\t\t\t\t\t\t\t\t<\/div>\n\n\t\t\t\t\t\t\t\n\t\t\t\t\t\t\t\t<div class=\"color\">\n\n\t\t\t\t\t\t\t\t\t\t\t\t\t\t\t\t\t\t\t<a href=\"https:\/\/nevask.eu\/wp-content\/uploads\/2025\/06\/905-cierna.png.webp\" title=\"905 Fekete\">\n\t\t\t\t\t\t\t\t\t\t\t<img decoding=\"async\" src=\"https:\/\/nevask.eu\/wp-content\/uploads\/2025\/06\/905-cierna.png.webp\" alt=\"\">\n\t\t\t\t\t\t\t\t\t\t<\/a>\n\t\t\t\t\t\t\t\t\t\n\t\t\t\t\t\t\t\t\t\t\t\t\t\t\t\t\t\t\t<p><strong>905<\/strong><br>Fekete<\/p>\n\t\t\t\t\t\t\t\t\t\n\t\t\t\t\t\t\t\t<\/div>\n\n\t\t\t\t\t\t\t\n\t\t\t\t\t\t\t\t<div class=\"color\">\n\n\t\t\t\t\t\t\t\t\t\t\t\t\t\t\t\t\t\t\t<a href=\"https:\/\/nevask.eu\/wp-content\/uploads\/2025\/08\/Farba-NEVA-907-Siva-metalicka.png.webp\" title=\"907 Ez\u00fcst-sz\u00fcrke\">\n\t\t\t\t\t\t\t\t\t\t\t<img decoding=\"async\" src=\"https:\/\/nevask.eu\/wp-content\/uploads\/2025\/08\/Farba-NEVA-907-Siva-metalicka.png.webp\" alt=\"907 Ez\u00fcst-sz\u00fcrke\">\n\t\t\t\t\t\t\t\t\t\t<\/a>\n\t\t\t\t\t\t\t\t\t\n\t\t\t\t\t\t\t\t\t\t\t\t\t\t\t\t\t\t\t<p><strong>907<\/strong><br>Ez\u00fcst-sz\u00fcrke<\/p>\n\t\t\t\t\t\t\t\t\t\n\t\t\t\t\t\t\t\t<\/div>\n\n\t\t\t\t\t\t\t\n\t\t\t\t\t\t\t\t<div class=\"color\">\n\n\t\t\t\t\t\t\t\t\t\t\t\t\t\t\t\t\t\t\t<a href=\"https:\/\/nevask.eu\/wp-content\/uploads\/2025\/06\/908-bronzovoseda.png.webp\" title=\"908 S\u00f6t\u00e9tbronz\">\n\t\t\t\t\t\t\t\t\t\t\t<img decoding=\"async\" src=\"https:\/\/nevask.eu\/wp-content\/uploads\/2025\/06\/908-bronzovoseda.png.webp\" alt=\"908 Grafitov\u00e1 siv\u00e1 farba\">\n\t\t\t\t\t\t\t\t\t\t<\/a>\n\t\t\t\t\t\t\t\t\t\n\t\t\t\t\t\t\t\t\t\t\t\t\t\t\t\t\t\t\t<p><strong>908<\/strong><br>S\u00f6t\u00e9tbronz<\/p>\n\t\t\t\t\t\t\t\t\t\n\t\t\t\t\t\t\t\t<\/div>\n\n\t\t\t\t\t\t\t\n\t\t\t\t\t\t\t\t<div class=\"color\">\n\n\t\t\t\t\t\t\t\t\t\t\t\t\t\t\t\t\t\t\t<a href=\"https:\/\/nevask.eu\/wp-content\/uploads\/2025\/06\/910-biela.png.webp\" title=\"910 Feh\u00e9r\">\n\t\t\t\t\t\t\t\t\t\t\t<img decoding=\"async\" src=\"https:\/\/nevask.eu\/wp-content\/uploads\/2025\/06\/910-biela.png.webp\" alt=\"910 Kr\u00e9mov\u00e1 biela\">\n\t\t\t\t\t\t\t\t\t\t<\/a>\n\t\t\t\t\t\t\t\t\t\n\t\t\t\t\t\t\t\t\t\t\t\t\t\t\t\t\t\t\t<p><strong>910<\/strong><br>Feh\u00e9r<\/p>\n\t\t\t\t\t\t\t\t\t\n\t\t\t\t\t\t\t\t<\/div>\n\n\t\t\t\t\t\t\t\n\t\t\t\t\t\t\t\t<div class=\"color\">\n\n\t\t\t\t\t\t\t\t\t\t\t\t\t\t\t\t\t\t\t<a href=\"https:\/\/nevask.eu\/wp-content\/uploads\/2025\/06\/266-ciernozelena2.png.webp\" title=\"266 Z\u00f6ldesfekete\">\n\t\t\t\t\t\t\t\t\t\t\t<img decoding=\"async\" src=\"https:\/\/nevask.eu\/wp-content\/uploads\/2025\/06\/266-ciernozelena2.png.webp\" alt=\"266 \u010cierna metalick\u00e1\">\n\t\t\t\t\t\t\t\t\t\t<\/a>\n\t\t\t\t\t\t\t\t\t\n\t\t\t\t\t\t\t\t\t\t\t\t\t\t\t\t\t\t\t<p><strong>266<\/strong><br>Z\u00f6ldesfekete<\/p>\n\t\t\t\t\t\t\t\t\t\n\t\t\t\t\t\t\t\t<\/div>\n\n\t\t\t\t\t\t\t\n\t\t\t\t\t\t\t\t<div class=\"color\">\n\n\t\t\t\t\t\t\t\t\t\t\t\t\t\t\t\t\t\t\t<a href=\"https:\/\/nevask.eu\/wp-content\/uploads\/2025\/06\/739-kremennaseda2.png.webp\" title=\"739 Kvarcsz\u00fcrke\">\n\t\t\t\t\t\t\t\t\t\t\t<img decoding=\"async\" src=\"https:\/\/nevask.eu\/wp-content\/uploads\/2025\/06\/739-kremennaseda2.png.webp\" alt=\"739 Kremenn\u00e1 siv\u00e1 farba\">\n\t\t\t\t\t\t\t\t\t\t<\/a>\n\t\t\t\t\t\t\t\t\t\n\t\t\t\t\t\t\t\t\t\t\t\t\t\t\t\t\t\t\t<p><strong>739<\/strong><br>Kvarcsz\u00fcrke<\/p>\n\t\t\t\t\t\t\t\t\t\n\t\t\t\t\t\t\t\t<\/div>\n\n\t\t\t\t\t\t\t\n\t\t\t\t\t\t\t\t<div class=\"color\">\n\n\t\t\t\t\t\t\t\t\t\t\t\t\t\t\t\t\t\t\t<a href=\"https:\/\/nevask.eu\/wp-content\/uploads\/2025\/06\/YW359F-ciernypiseok2.png.webp\" title=\"YW395F Fekete homok\">\n\t\t\t\t\t\t\t\t\t\t\t<img decoding=\"async\" src=\"https:\/\/nevask.eu\/wp-content\/uploads\/2025\/06\/YW359F-ciernypiseok2.png.webp\" alt=\"YW359F Farba - \u010dierny piesok\">\n\t\t\t\t\t\t\t\t\t\t<\/a>\n\t\t\t\t\t\t\t\t\t\n\t\t\t\t\t\t\t\t\t\t\t\t\t\t\t\t\t\t\t<p><strong>YW395F<\/strong><br>Fekete homok<\/p>\n\t\t\t\t\t\t\t\t\t\n\t\t\t\t\t\t\t\t<\/div>\n\n\t\t\t\t\t\t\t\n\t\t\t\t\t\t<\/div>\n\n\t\t\t\t\t\n\t\t\t\t\n\t\t\t\t\t\t\t\t\t\t\t<h3>Standard sz\u00edn fel\u00e1r ellen\u00e9ben<\/h3>\n\t\t\t\t\t\n\n\n\t\t\t\t\t\n\t\t\t\t\t\t<div class=\"colors-grid\">\n\n\t\t\t\t\t\t\t\n\t\t\t\t\t\t\t\t<div class=\"color\">\n\n\t\t\t\t\t\t\t\t\t\t\t\t\t\t\t\t\t\t\t<a href=\"https:\/\/nevask.eu\/wp-content\/uploads\/2025\/07\/Farba-NEVA-220-Zelena-1.png.webp\" title=\"220 Z\u00f6ld\">\n\t\t\t\t\t\t\t\t\t\t\t<img decoding=\"async\" src=\"https:\/\/nevask.eu\/wp-content\/uploads\/2025\/07\/Farba-NEVA-220-Zelena-1.png.webp\" alt=\"Farba NEVA 220 - Zelena\u0301\">\n\t\t\t\t\t\t\t\t\t\t<\/a>\n\t\t\t\t\t\t\t\t\t\n\t\t\t\t\t\t\t\t\t\t\t\t\t\t\t\t\t\t\t<p><strong>220<\/strong><br>Z\u00f6ld<\/p>\n\t\t\t\t\t\t\t\t\t\n\t\t\t\t\t\t\t\t<\/div>\n\n\t\t\t\t\t\t\t\n\t\t\t\t\t\t<\/div>\n\n\t\t\t\t\t\n\t\t\t\t\n\t\t\t<\/div>\n\t\t<\/div>\n\n\t\n<\/div>\n\n\n\n\n\n<div  class=\"section tint\">\n\t<div class=\"container full left\">\n\t\t<div class=\"cell\">\n\t\t\t<p>A sz\u00e9les alap\u00e1ras sz\u00ednv\u00e1laszt\u00e9k a <a href=\"https:\/\/nevask.eu\/hu\/kulteri-zsaluzia-neva\/kulteri-zsaluzia-neva-z90\/\">NEVA Z-90<\/a>, <a href=\"https:\/\/nevask.eu\/hu\/kulteri-zsaluzia-neva\/kulteri-zsaluzia-neva-z70\/\">NEVA Z-70<\/a>, <a href=\"https:\/\/nevask.eu\/hu\/kulteri-zsaluzia-neva\/kulteri-zsaluzia-neva-s90\/\">NEVA S-90<\/a> \u00e9s <a href=\"https:\/\/nevask.eu\/hu\/kulteri-zsaluzia-neva\/kulteri-zsaluzia-neva-c80\/\">NEVA C-80<\/a> zsaluzi\u00e1kra vonatkozik.<\/p>\n<p>A <a href=\"https:\/\/nevask.eu\/hu\/kulteri-zsaluzia-neva\/kulteri-zsaluzia-neva-c65\/\">NEVA C-65<\/a> \u00e9s <a href=\"https:\/\/nevask.eu\/hu\/kulteri-zsaluzia-neva\/kulteri-zsaluzia-neva-f80\/\">NEVA F-80<\/a> zsaluzi\u00e1knak sz\u0171kebb az alap\u00e1ras sz\u00ednek v\u00e1laszt\u00e9ka.<\/p>\n<p>A sz\u00ednmegjelen\u00edt\u00e9s a monitor vagy a telefon kijelz\u0151j\u00e9nek be\u00e1ll\u00edt\u00e1sait\u00f3l f\u00fcgg\u0151en v\u00e1ltozhat.<\/p>\n<p>Miel\u0151tt v\u00e9glegesen kiv\u00e1lasztan\u00e1 az \u00faj k\u00fclt\u00e9ri zsaluzi\u00e1k sz\u00edn\u00e9t, l\u00e1togasson el valamelyik <a href=\"https:\/\/nevask.eu\/hu\/neva-viszonteladok\/\">viszontelad\u00f3nkhoz<\/a>, \u00e9s k\u00e9rjen sz\u00ednmint\u00e1t.<\/p>\n\t\t<\/div>\n\t<\/div>\n<\/div>\n\n\n\n\n\n<div  class=\"section white\">\n\t<div class=\"container full left\">\n\t\t<div class=\"cell\">\n\t\t\t<p><strong>Tipp\u00fcnk:<\/strong><br \/>\nMinden esetben nappali f\u00e9nyben v\u00e1lasszon sz\u00ednt a sz\u00ednmint\u00e1b\u00f3l.<\/p>\n\t\t<\/div>\n\t<\/div>\n<\/div>\n\n\n\n\n\n\n\n\n<div  class=\"section dark\">\n\t<div class=\"container cols-60p-40p\">\n\n\t\t\n\n\n\t\t<div class=\"cell\">\n\n\t\t\t<div class=\"h3\">A projektj\u00e9ben egyedi sz\u00edn van megadva? Ez egy\u00e1ltal\u00e1n nem gond.<\/div>\n<p class=\"p-large\">K\u00fclt\u00e9ri zsaluzi\u00e1kat b\u00e1rmilyen RAL sz\u00ednben legy\u00e1rtjuk, fel\u00e1r ellen\u00e9ben.<\/p>\n\n\t\t\t\t\t\t\t<a href=\"https:\/\/nevask.eu\/hu\/arajanlat\/\" target=\"\" class=\"button\">\u00c1raj\u00e1nlat k\u00f6telezetts\u00e9g n\u00e9lk\u00fcl \u2192<\/a>\n\t\t\t\n\t\t<\/div>\n\n\n\n\t\t\n\t<\/div>\n<\/div>\n\n\n\n\n\n\n\n\n<div  class=\"section white\">\n\t<div class=\"container cols-50p\">\n\n\t\t\n\n\n\t\t<div class=\"cell\">\n\n\t\t\t<h2>Kiv\u00e1l\u00f3 sz\u00edn- \u00e9s f\u00e9nyess\u00e9gstabilit\u00e1s<\/h2>\n<p>A sima lakk \u00e9s struktur\u00e1lt sz\u00ednek kiv\u00e1l\u00f3an ellen\u00e1llnak az UV-sug\u00e1rz\u00e1snak, v\u00e9dik a k\u00fclt\u00e9ri zsaluzi\u00e1kat a korr\u00f3zi\u00f3t\u00f3l.<br \/>\nAz er\u0151s naps\u00fct\u00e9s hat\u00e1s\u00e1ra minden sz\u00edn fokozatosan kifakul. A k\u00fcl\u00f6nbs\u00e9g csak az milyen gyorsan \u00e9s milyen m\u00e9rt\u00e9kbena.<\/p>\n<p>A gy\u00e1rt\u00e1s sor\u00e1n haszn\u00e1lt lakk min\u0151s\u00e9g\u00e9nek k\u00f6sz\u00f6nhet\u0151en a <a href=\"https:\/\/nevask.eu\/hu\/kulteri-zsaluzia-neva\/\">NEVA zsaluzi\u00e1k<\/a> sokkal tov\u00e1bb meg\u0151rzik sz\u00edn\u00e1rnyalatukat \u00e9s f\u00e9nyess\u00e9g\u00fcket \u2013 m\u00e9g sz\u00e9ls\u0151s\u00e9ges \u00e9ghajlati viszonyok k\u00f6z\u00f6tt is.<\/p>\n\n\t\t\t\n\t\t<\/div>\n\n\n\n\t\t\n\t\t\t<div class=\"cell center vcenter\">\n\t\t\t\t<img decoding=\"async\" src=\"https:\/\/nevask.eu\/wp-content\/uploads\/2025\/07\/Lamela-zaluzie-NEVA-v-strukture-1024x1024.jpg\" alt=\"Lamela \u017eal\u00fazie NEVA v jemnej \u0161trukt\u00fare\">\n\t\t\t<\/div>\n\n\t\t\n\t<\/div>\n<\/div>\n\n\n\n\n\n<div  class=\"section white\">\n\t<div class=\"container full left\">\n\t\t<div class=\"cell\">\n\t\t\t<h2>Takar\u00f3lemezek \u00e9s tartoz\u00e9kok fel\u00fcletkezel\u00e9se.<\/h2>\n\t\t<\/div>\n\t<\/div>\n<\/div>\n\n\n\n\n\n\n\n\n<div  class=\"section white\">\n\t<div class=\"container cols-60p-40p\">\n\n\t\t\n\t\t\t<div class=\"cell center top\">\n\t\t\t\t<img decoding=\"async\" src=\"https:\/\/nevask.eu\/wp-content\/uploads\/2025\/07\/3-varianty-lakovania-NEVA-1024x748.jpg\" alt=\"Uk\u00e1\u017eky 3 varintov lakovania pr\u00edslu\u0161enstva \u017eal\u00fazi\u00ed NEVA\">\n\t\t\t<\/div>\n\n\t\t\n\n\n\t\t<div class=\"cell\">\n\n\t\t\t<p>A takar\u00f3lemezeket, konzolokat, vezet\u0151s\u00edneket \u00e9s als\u00f3 profilokat saj\u00e1t porfest\u0151 \u00fczem\u00fcnkben sz\u00ednterezz\u00fck.<\/p>\n<p>A NEVA zsaluzi\u00e1k alap sz\u00edneihez rendelt \u00f6sszes RAL sz\u00ednt 3 fel\u00fcletkezel\u00e9s egyik\u00e9vel kivitelezz\u00fck:<\/p>\n<p>\u2022 sima f\u00e9lf\u00e9nyes,<br \/>\n\u2022 finom strukt\u00far,<br \/>\n\u2022 sima matt.<\/p>\n<p><strong>Hogyan m\u0171k\u00f6dik?<\/strong><\/p>\n<p>Minden lamellasz\u00ednhez tartozik egy megfelel\u0151 sz\u00edn, amelyet a kieg\u00e9sz\u00edt\u0151k fest\u00e9s\u00e9re haszn\u00e1lunk.<\/p>\n<p>P\u00e9ld\u00e1ul, ha 140-es ez\u00fcst sz\u00edn\u0171 lamell\u00e1kat szeretne, akkor a <a href=\"https:\/\/nevask.eu\/hu\/kulteri-zsaluzia-neva\/takarolemezek-konzolok\/\">takar\u00f3lemez<\/a>, a vezet\u0151s\u00ednek aj\u00e1nlott sz\u00edne RAL 9006. Ebben az esetben kiv\u00e1laszthatja, hogy a kieg\u00e9sz\u00edt\u0151ket f\u00e9lf\u00e9nyes, finom strukt\u00far, vagy sima matt fel\u00fcletre fess\u00fck.<br \/>\n\u00d6n v\u00e1laszt.<\/p>\n\n\t\t\t\t\t\t\t<a href=\"https:\/\/nevask.eu\/hu\/arajanlat\/\" target=\"\" class=\"button\">\u00c1raj\u00e1nlat k\u00f6telezetts\u00e9g n\u00e9lk\u00fcl \u2192<\/a>\n\t\t\t\n\t\t<\/div>\n\n\n\n\t\t\n\t<\/div>\n<\/div>\n\n\n\n\n\n<div  class=\"section dark\">\n\t<div class=\"container full left\">\n\t\t<div class=\"cell\">\n\t\t\t<p><img loading=\"lazy\" decoding=\"async\" class=\"alignnone wp-image-7776 size-full\" src=\"https:\/\/nevask.eu\/wp-content\/uploads\/2025\/07\/zaruka-skusenosti-neva.png\" alt=\"\" width=\"300\" height=\"105\" \/>5 \u00e9v garanci\u00e1t v\u00e1llalunk minden NEVA\u00ae k\u00fclt\u00e9ri zsaluzi\u00e1ra.<\/p>\n<p>&nbsp;<\/p>\n\t\t<\/div>\n\t<\/div>\n<\/div>\n","protected":false},"excerpt":{"rendered":"","protected":false},"author":52,"featured_media":5079,"parent":6494,"menu_order":0,"comment_status":"closed","ping_status":"closed","template":"","meta":{"_acf_changed":false,"inline_featured_image":false,"footnotes":""},"class_list":["post-10061","page","type-page","status-publish","has-post-thumbnail","hentry"],"acf":[],"yoast_head":"<!-- This site is optimized with the Yoast SEO plugin v27.5 - https:\/\/yoast.com\/product\/yoast-seo-wordpress\/ -->\n<title>Zsaluzi\u00e1k sz\u00ednei | NEVA<\/title>\n<meta name=\"description\" content=\"Min\u0151s\u00e9ggel \u00e1rny\u00e9kolunk. A NEVA\u00ae k\u00fclt\u00e9ri zsal\u00fazi\u00e1kat \u00e9s screen naph\u00e1l\u00f3kat a legkiv\u00e1l\u00f3bb anyagokb\u00f3l \u00e9s tartoz\u00e9kokb\u00f3l gy\u00e1rtjuk. 5 \u00e9v garanci\u00e1t v\u00e1llalunk.\" \/>\n<meta name=\"robots\" content=\"index, follow, max-snippet:-1, max-image-preview:large, max-video-preview:-1\" \/>\n<link rel=\"canonical\" href=\"https:\/\/nevask.eu\/hu\/kulteri-zsaluzia-neva\/zsaluziak-szinei\/\" \/>\n<meta property=\"og:locale\" content=\"hu_HU\" \/>\n<meta property=\"og:type\" content=\"article\" \/>\n<meta property=\"og:title\" content=\"Zsaluzi\u00e1k sz\u00ednei | NEVA\" \/>\n<meta property=\"og:description\" content=\"Min\u0151s\u00e9ggel \u00e1rny\u00e9kolunk. A NEVA\u00ae k\u00fclt\u00e9ri zsal\u00fazi\u00e1kat \u00e9s screen naph\u00e1l\u00f3kat a legkiv\u00e1l\u00f3bb anyagokb\u00f3l \u00e9s tartoz\u00e9kokb\u00f3l gy\u00e1rtjuk. 5 \u00e9v garanci\u00e1t v\u00e1llalunk.\" \/>\n<meta property=\"og:url\" content=\"https:\/\/nevask.eu\/hu\/kulteri-zsaluzia-neva\/zsaluziak-szinei\/\" \/>\n<meta property=\"og:site_name\" content=\"NEVA\" \/>\n<meta property=\"article:modified_time\" content=\"2025-11-10T13:34:39+00:00\" \/>\n<meta name=\"twitter:card\" content=\"summary_large_image\" \/>\n<meta name=\"twitter:label1\" content=\"Becs\u00fclt olvas\u00e1si id\u0151\" \/>\n\t<meta name=\"twitter:data1\" content=\"8 perc\" \/>\n<!-- \/ Yoast SEO plugin. -->","yoast_head_json":{"title":"Zsaluzi\u00e1k sz\u00ednei | NEVA","description":"Min\u0151s\u00e9ggel \u00e1rny\u00e9kolunk. A NEVA\u00ae k\u00fclt\u00e9ri zsal\u00fazi\u00e1kat \u00e9s screen naph\u00e1l\u00f3kat a legkiv\u00e1l\u00f3bb anyagokb\u00f3l \u00e9s tartoz\u00e9kokb\u00f3l gy\u00e1rtjuk. 5 \u00e9v garanci\u00e1t v\u00e1llalunk.","robots":{"index":"index","follow":"follow","max-snippet":"max-snippet:-1","max-image-preview":"max-image-preview:large","max-video-preview":"max-video-preview:-1"},"canonical":"https:\/\/nevask.eu\/hu\/kulteri-zsaluzia-neva\/zsaluziak-szinei\/","og_locale":"hu_HU","og_type":"article","og_title":"Zsaluzi\u00e1k sz\u00ednei | NEVA","og_description":"Min\u0151s\u00e9ggel \u00e1rny\u00e9kolunk. A NEVA\u00ae k\u00fclt\u00e9ri zsal\u00fazi\u00e1kat \u00e9s screen naph\u00e1l\u00f3kat a legkiv\u00e1l\u00f3bb anyagokb\u00f3l \u00e9s tartoz\u00e9kokb\u00f3l gy\u00e1rtjuk. 5 \u00e9v garanci\u00e1t v\u00e1llalunk.","og_url":"https:\/\/nevask.eu\/hu\/kulteri-zsaluzia-neva\/zsaluziak-szinei\/","og_site_name":"NEVA","article_modified_time":"2025-11-10T13:34:39+00:00","twitter_card":"summary_large_image","twitter_misc":{"Becs\u00fclt olvas\u00e1si id\u0151":"8 perc"},"schema":{"@context":"https:\/\/schema.org","@graph":[{"@type":"WebPage","@id":"https:\/\/nevask.eu\/hu\/kulteri-zsaluzia-neva\/zsaluziak-szinei\/","url":"https:\/\/nevask.eu\/hu\/kulteri-zsaluzia-neva\/zsaluziak-szinei\/","name":"Zsaluzi\u00e1k sz\u00ednei | NEVA","isPartOf":{"@id":"https:\/\/nevask.eu\/hu\/#website"},"primaryImageOfPage":{"@id":"https:\/\/nevask.eu\/hu\/kulteri-zsaluzia-neva\/zsaluziak-szinei\/#primaryimage"},"image":{"@id":"https:\/\/nevask.eu\/hu\/kulteri-zsaluzia-neva\/zsaluziak-szinei\/#primaryimage"},"thumbnailUrl":"https:\/\/nevask.eu\/wp-content\/uploads\/2025\/07\/Farby-lamiel-zaluzii-NEVA.jpg.webp","datePublished":"2025-07-16T18:03:01+00:00","dateModified":"2025-11-10T13:34:39+00:00","description":"Min\u0151s\u00e9ggel \u00e1rny\u00e9kolunk. A NEVA\u00ae k\u00fclt\u00e9ri zsal\u00fazi\u00e1kat \u00e9s screen naph\u00e1l\u00f3kat a legkiv\u00e1l\u00f3bb anyagokb\u00f3l \u00e9s tartoz\u00e9kokb\u00f3l gy\u00e1rtjuk. 5 \u00e9v garanci\u00e1t v\u00e1llalunk.","breadcrumb":{"@id":"https:\/\/nevask.eu\/hu\/kulteri-zsaluzia-neva\/zsaluziak-szinei\/#breadcrumb"},"inLanguage":"hu","potentialAction":[{"@type":"ReadAction","target":["https:\/\/nevask.eu\/hu\/kulteri-zsaluzia-neva\/zsaluziak-szinei\/"]}]},{"@type":"ImageObject","inLanguage":"hu","@id":"https:\/\/nevask.eu\/hu\/kulteri-zsaluzia-neva\/zsaluziak-szinei\/#primaryimage","url":"https:\/\/nevask.eu\/wp-content\/uploads\/2025\/07\/Farby-lamiel-zaluzii-NEVA.jpg.webp","contentUrl":"https:\/\/nevask.eu\/wp-content\/uploads\/2025\/07\/Farby-lamiel-zaluzii-NEVA.jpg.webp","width":2000,"height":1333,"caption":"\u017dena porovn\u00e1va farby pre \u017eal\u00fazie NEVA"},{"@type":"BreadcrumbList","@id":"https:\/\/nevask.eu\/hu\/kulteri-zsaluzia-neva\/zsaluziak-szinei\/#breadcrumb","itemListElement":[{"@type":"ListItem","position":1,"name":"Home","item":"https:\/\/nevask.eu\/hu\/"},{"@type":"ListItem","position":2,"name":"K\u00fclt\u00e9ri zsaluzia NEVA","item":"https:\/\/nevask.eu\/hu\/kulteri-zsaluzia-neva\/"},{"@type":"ListItem","position":3,"name":"Zsaluzi\u00e1k sz\u00ednei"}]},{"@type":"WebSite","@id":"https:\/\/nevask.eu\/hu\/#website","url":"https:\/\/nevask.eu\/hu\/","name":"NEVA","description":"Vonkaj\u0161ie \u017eal\u00fazie a screenov\u00e9 rolety","potentialAction":[{"@type":"SearchAction","target":{"@type":"EntryPoint","urlTemplate":"https:\/\/nevask.eu\/hu\/?s={search_term_string}"},"query-input":{"@type":"PropertyValueSpecification","valueRequired":true,"valueName":"search_term_string"}}],"inLanguage":"hu"}]}},"_links":{"self":[{"href":"https:\/\/nevask.eu\/hu\/wp-json\/wp\/v2\/pages\/10061","targetHints":{"allow":["GET"]}}],"collection":[{"href":"https:\/\/nevask.eu\/hu\/wp-json\/wp\/v2\/pages"}],"about":[{"href":"https:\/\/nevask.eu\/hu\/wp-json\/wp\/v2\/types\/page"}],"author":[{"embeddable":true,"href":"https:\/\/nevask.eu\/hu\/wp-json\/wp\/v2\/users\/52"}],"replies":[{"embeddable":true,"href":"https:\/\/nevask.eu\/hu\/wp-json\/wp\/v2\/comments?post=10061"}],"version-history":[{"count":4,"href":"https:\/\/nevask.eu\/hu\/wp-json\/wp\/v2\/pages\/10061\/revisions"}],"predecessor-version":[{"id":11352,"href":"https:\/\/nevask.eu\/hu\/wp-json\/wp\/v2\/pages\/10061\/revisions\/11352"}],"up":[{"embeddable":true,"href":"https:\/\/nevask.eu\/hu\/wp-json\/wp\/v2\/pages\/6494"}],"wp:featuredmedia":[{"embeddable":true,"href":"https:\/\/nevask.eu\/hu\/wp-json\/wp\/v2\/media\/5079"}],"wp:attachment":[{"href":"https:\/\/nevask.eu\/hu\/wp-json\/wp\/v2\/media?parent=10061"}],"curies":[{"name":"wp","href":"https:\/\/api.w.org\/{rel}","templated":true}]}}