{"id":10989,"date":"2025-06-04T13:02:36","date_gmt":"2025-06-04T11:02:36","guid":{"rendered":"https:\/\/nevask.eu\/?page_id=10989"},"modified":"2025-10-17T10:16:57","modified_gmt":"2025-10-17T08:16:57","slug":"fogalomtar","status":"publish","type":"page","link":"https:\/\/nevask.eu\/hu\/fogalomtar\/","title":{"rendered":"Fogalomt\u00e1r"},"content":{"rendered":"\n\n\n\n\n\n<div class=\"section narrow white\">\n\t<div class=\"container\">\n\t\t<div class=\"cell\">\n\t\t\t<ul class=\"breadcrumbs\">\n\t\t\t\t<li><a href=\"https:\/\/nevask.eu\/hu\/\">Home<\/a><\/li>\n\n\t\t\t\t\n\t\t\t<\/ul>\n\t\t<\/div>\n\t<\/div>\n<\/div>\n\n\n\n\t\n\n\n\t<div class=\"section white\">\n\n\t\t\n\t\t\t<div class=\"container intro\">\n\t\t\t\t<div class=\"cell\">\n\t\t\t\t\t<h1>Fogalomt\u00e1r<\/h1>\n\t\t\t\t<\/div>\n\t\t\t<\/div>\n\n\t\t\n\n\n\t\t<div class=\"container cols-33p glossary\">\n\t\t\t<div class=\"cell\">\n\n\t\t\t\t\n\t\t\t\t\t\n\n\n\t\t\t\t\t<h2>A<\/h2>\n\n\t\t\t\t\t\n\t\t\t\t\t\t<ul>\n\n\t\t\t\t\t\t\t\t\t\t\t\t\t\t\t<li><a href=\"https:\/\/nevask.eu\/hu\/fogalomtar\/az-uveg-szolaris-tenyezoje\/\">Az \u00fcveg szol\u00e1ris t\u00e9nyez\u0151je<\/a><\/li>\n\t\t\t\t\t\t\t\n\t\t\t\t\t\t<\/ul>\n\n\t\t\t\t\t\n\n\n\t\t\t\t\t\n\t\t\t\t\n\t\t\t\t\t\n\n\n\t\t\t\t\t<h2>E<\/h2>\n\n\t\t\t\t\t\n\t\t\t\t\t\t<ul>\n\n\t\t\t\t\t\t\t\t\t\t\t\t\t\t\t<li><a href=\"https:\/\/nevask.eu\/hu\/fogalomtar\/ellipszis-alaku-csap\/\">Ellipszis alak\u00fa csap<\/a><\/li>\n\t\t\t\t\t\t\t\n\t\t\t\t\t\t<\/ul>\n\n\t\t\t\t\t\n\n\n\t\t\t\t\t\n\t\t\t\t\n\t\t\t\t\t\n\n\n\t\t\t\t\t<h2>F<\/h2>\n\n\t\t\t\t\t\n\t\t\t\t\t\t<ul>\n\n\t\t\t\t\t\t\t\t\t\t\t\t\t\t\t<li><a href=\"https:\/\/nevask.eu\/hu\/fogalomtar\/ablakkava\/\">Fal k\u00e1va<\/a><\/li>\n\t\t\t\t\t\t\t\t\t\t\t\t\t\t\t<li><a href=\"https:\/\/nevask.eu\/hu\/fogalomtar\/fischer-thermax\/\">Fischer Thermax<\/a><\/li>\n\t\t\t\t\t\t\t\n\t\t\t\t\t\t<\/ul>\n\n\t\t\t\t\t\n\n\n\t\t\t\t\t\n\t\t\t\t\n\t\t\t\t\t\n\n\n\t\t\t\t\t<h2>G<\/h2>\n\n\t\t\t\t\t\n\t\t\t\t\t\t<ul>\n\n\t\t\t\t\t\t\t\t\t\t\t\t\t\t\t<li><a href=\"https:\/\/nevask.eu\/hu\/fogalomtar\/gumitomites-a-lamellakban\/\">Gumit\u00f6m\u00edt\u00e9s a lamell\u00e1kban<\/a><\/li>\n\t\t\t\t\t\t\t\n\t\t\t\t\t\t<\/ul>\n\n\t\t\t\t\t\n\n\n\t\t\t\t\t\n\t\t\t\t\n\t\t\t\t\t\n\n\n\t\t\t\t\t<h2>K<\/h2>\n\n\t\t\t\t\t\n\t\t\t\t\t\t<ul>\n\n\t\t\t\t\t\t\t\t\t\t\t\t\t\t\t<li><a href=\"https:\/\/nevask.eu\/hu\/fogalomtar\/kezi-zsaluzia-mozgatas\/\">K\u00e9zi zsaluzia mozgat\u00e1s<\/a><\/li>\n\t\t\t\t\t\t\t\t\t\t\t\t\t\t\t<li><a href=\"https:\/\/nevask.eu\/hu\/fogalomtar\/kulteri-zsaluzia\/\">K\u00fclt\u00e9ri zsaluzia<\/a><\/li>\n\t\t\t\t\t\t\t\n\t\t\t\t\t\t<\/ul>\n\n\t\t\t\t\t\n\n\n\t\t\t\t\t\n\t\t\t\t\n\t\t\t\t\t<\/div><div class=\"cell\">\n\n\n\t\t\t\t\t<h2>L<\/h2>\n\n\t\t\t\t\t\n\t\t\t\t\t\t<ul>\n\n\t\t\t\t\t\t\t\t\t\t\t\t\t\t\t<li><a href=\"https:\/\/nevask.eu\/hu\/fogalomtar\/lamella-alapanyag\/\">Lamella alapanyag<\/a><\/li>\n\t\t\t\t\t\t\t\t\t\t\t\t\t\t\t<li><a href=\"https:\/\/nevask.eu\/hu\/fogalomtar\/lamellak\/\">Lamell\u00e1k<\/a><\/li>\n\t\t\t\t\t\t\t\n\t\t\t\t\t\t<\/ul>\n\n\t\t\t\t\t\n\n\n\t\t\t\t\t\n\t\t\t\t\n\t\t\t\t\t\n\n\n\t\t\t\t\t<h2>M<\/h2>\n\n\t\t\t\t\t\n\t\t\t\t\t\t<ul>\n\n\t\t\t\t\t\t\t\t\t\t\t\t\t\t\t<li><a href=\"https:\/\/nevask.eu\/hu\/fogalomtar\/motoros-zsaluziak\/\">Motoros zsaluzi\u00e1k<\/a><\/li>\n\t\t\t\t\t\t\t\n\t\t\t\t\t\t<\/ul>\n\n\t\t\t\t\t\n\n\n\t\t\t\t\t\n\t\t\t\t\n\t\t\t\t\t\n\n\n\t\t\t\t\t<h2>N<\/h2>\n\n\t\t\t\t\t\n\t\t\t\t\t\t<ul>\n\n\t\t\t\t\t\t\t\t\t\t\t\t\t\t\t<li><a href=\"https:\/\/nevask.eu\/hu\/fogalomtar\/nyitottsagi-tenyezo\/\">Nyitotts\u00e1gi t\u00e9nyez\u0151<\/a><\/li>\n\t\t\t\t\t\t\t\n\t\t\t\t\t\t<\/ul>\n\n\t\t\t\t\t\n\n\n\t\t\t\t\t\n\t\t\t\t\n\t\t\t\t\t\n\n\n\t\t\t\t\t<h2>R<\/h2>\n\n\t\t\t\t\t\n\t\t\t\t\t\t<ul>\n\n\t\t\t\t\t\t\t\t\t\t\t\t\t\t\t<li><a href=\"https:\/\/nevask.eu\/hu\/fogalomtar\/ral-szinek\/\">RAL sz\u00ednek<\/a><\/li>\n\t\t\t\t\t\t\t\n\t\t\t\t\t\t<\/ul>\n\n\t\t\t\t\t\n\n\n\t\t\t\t\t\n\t\t\t\t\n\t\t\t\t\t\n\n\n\t\t\t\t\t<h2>T<\/h2>\n\n\t\t\t\t\t\n\t\t\t\t\t\t<ul>\n\n\t\t\t\t\t\t\t\t\t\t\t\t\t\t\t<li><a href=\"https:\/\/nevask.eu\/hu\/fogalomtar\/takarolemez\/\">Takar\u00f3lemez<\/a><\/li>\n\t\t\t\t\t\t\t\t\t\t\t\t\t\t\t<li><a href=\"https:\/\/nevask.eu\/hu\/fogalomtar\/doboz\/\">Tok<\/a><\/li>\n\t\t\t\t\t\t\t\n\t\t\t\t\t\t<\/ul>\n\n\t\t\t\t\t\n\n\n\t\t\t\t\t\n\t\t\t\t\n\t\t\t\t\t<\/div><div class=\"cell\">\n\n\n\t\t\t\t\t<h2>V<\/h2>\n\n\t\t\t\t\t\n\t\t\t\t\t\t<ul>\n\n\t\t\t\t\t\t\t\t\t\t\t\t\t\t\t<li><a href=\"https:\/\/nevask.eu\/hu\/fogalomtar\/vezetoprofil\/\">Vezet\u0151profil<\/a><\/li>\n\t\t\t\t\t\t\t\t\t\t\t\t\t\t\t<li><a href=\"https:\/\/nevask.eu\/hu\/fogalomtar\/vezetoprofil-tok\/\">Vezet\u0151profil tok<\/a><\/li>\n\t\t\t\t\t\t\t\n\t\t\t\t\t\t<\/ul>\n\n\t\t\t\t\t\n\n\n\t\t\t\t\t\n\t\t\t\t\n\t\t\t\t\t\n\n\n\t\t\t\t\t<h2>Z<\/h2>\n\n\t\t\t\t\t\n\t\t\t\t\t\t<ul>\n\n\t\t\t\t\t\t\t\t\t\t\t\t\t\t\t<li><a href=\"https:\/\/nevask.eu\/hu\/fogalomtar\/zsaluzia-csomag\/\">Zsaluzia csomag<\/a><\/li>\n\t\t\t\t\t\t\t\t\t\t\t\t\t\t\t<li><a href=\"https:\/\/nevask.eu\/hu\/fogalomtar\/zsaluzia-letra\/\">Zsaluzia l\u00e9tra<\/a><\/li>\n\t\t\t\t\t\t\t\t\t\t\t\t\t\t\t<li><a href=\"https:\/\/nevask.eu\/hu\/fogalomtar\/zsaluzia-textil-szalag\/\">Zsaluzia textil szalag<\/a><\/li>\n\t\t\t\t\t\t\t\t\t\t\t\t\t\t\t<li><a href=\"https:\/\/nevask.eu\/hu\/fogalomtar\/zsaluzia-vezetosin\/\">Zsaluzia vezet\u0151s\u00edn<\/a><\/li>\n\t\t\t\t\t\t\t\n\t\t\t\t\t\t<\/ul>\n\n\t\t\t\t\t\n\n\n\t\t\t\t\t\n\t\t\t\t\n\t\t\t<\/div>\n\t\t<\/div>\n\t<\/div>\n\n","protected":false},"excerpt":{"rendered":"","protected":false},"author":52,"featured_media":0,"parent":0,"menu_order":0,"comment_status":"closed","ping_status":"closed","template":"","meta":{"_acf_changed":false,"inline_featured_image":false,"footnotes":""},"class_list":["post-10989","page","type-page","status-publish","hentry"],"acf":[],"yoast_head":"<!-- This site is optimized with the Yoast SEO plugin v27.4 - https:\/\/yoast.com\/product\/yoast-seo-wordpress\/ -->\n<title>Fogalomt\u00e1r - NEVA<\/title>\n<meta name=\"robots\" content=\"index, follow, max-snippet:-1, max-image-preview:large, max-video-preview:-1\" \/>\n<link rel=\"canonical\" href=\"https:\/\/nevask.eu\/hu\/fogalomtar\/\" \/>\n<meta property=\"og:locale\" content=\"hu_HU\" \/>\n<meta property=\"og:type\" content=\"article\" \/>\n<meta property=\"og:title\" content=\"Fogalomt\u00e1r - NEVA\" \/>\n<meta property=\"og:url\" content=\"https:\/\/nevask.eu\/hu\/fogalomtar\/\" \/>\n<meta property=\"og:site_name\" content=\"NEVA\" \/>\n<meta property=\"article:modified_time\" content=\"2025-10-17T08:16:57+00:00\" \/>\n<meta name=\"twitter:card\" content=\"summary_large_image\" \/>\n<meta name=\"twitter:label1\" content=\"Becs\u00fclt olvas\u00e1si id\u0151\" \/>\n\t<meta name=\"twitter:data1\" content=\"1 perc\" \/>\n<!-- \/ Yoast SEO plugin. -->","yoast_head_json":{"title":"Fogalomt\u00e1r - NEVA","robots":{"index":"index","follow":"follow","max-snippet":"max-snippet:-1","max-image-preview":"max-image-preview:large","max-video-preview":"max-video-preview:-1"},"canonical":"https:\/\/nevask.eu\/hu\/fogalomtar\/","og_locale":"hu_HU","og_type":"article","og_title":"Fogalomt\u00e1r - NEVA","og_url":"https:\/\/nevask.eu\/hu\/fogalomtar\/","og_site_name":"NEVA","article_modified_time":"2025-10-17T08:16:57+00:00","twitter_card":"summary_large_image","twitter_misc":{"Becs\u00fclt olvas\u00e1si id\u0151":"1 perc"},"schema":{"@context":"https:\/\/schema.org","@graph":[{"@type":"WebPage","@id":"https:\/\/nevask.eu\/hu\/fogalomtar\/","url":"https:\/\/nevask.eu\/hu\/fogalomtar\/","name":"Fogalomt\u00e1r - NEVA","isPartOf":{"@id":"https:\/\/nevask.eu\/hu\/#website"},"datePublished":"2025-06-04T11:02:36+00:00","dateModified":"2025-10-17T08:16:57+00:00","breadcrumb":{"@id":"https:\/\/nevask.eu\/hu\/fogalomtar\/#breadcrumb"},"inLanguage":"hu","potentialAction":[{"@type":"ReadAction","target":["https:\/\/nevask.eu\/hu\/fogalomtar\/"]}]},{"@type":"BreadcrumbList","@id":"https:\/\/nevask.eu\/hu\/fogalomtar\/#breadcrumb","itemListElement":[{"@type":"ListItem","position":1,"name":"Home","item":"https:\/\/nevask.eu\/hu\/"},{"@type":"ListItem","position":2,"name":"Fogalomt\u00e1r"}]},{"@type":"WebSite","@id":"https:\/\/nevask.eu\/hu\/#website","url":"https:\/\/nevask.eu\/hu\/","name":"NEVA","description":"Vonkaj\u0161ie \u017eal\u00fazie a screenov\u00e9 rolety","potentialAction":[{"@type":"SearchAction","target":{"@type":"EntryPoint","urlTemplate":"https:\/\/nevask.eu\/hu\/?s={search_term_string}"},"query-input":{"@type":"PropertyValueSpecification","valueRequired":true,"valueName":"search_term_string"}}],"inLanguage":"hu"}]}},"_links":{"self":[{"href":"https:\/\/nevask.eu\/hu\/wp-json\/wp\/v2\/pages\/10989","targetHints":{"allow":["GET"]}}],"collection":[{"href":"https:\/\/nevask.eu\/hu\/wp-json\/wp\/v2\/pages"}],"about":[{"href":"https:\/\/nevask.eu\/hu\/wp-json\/wp\/v2\/types\/page"}],"author":[{"embeddable":true,"href":"https:\/\/nevask.eu\/hu\/wp-json\/wp\/v2\/users\/52"}],"replies":[{"embeddable":true,"href":"https:\/\/nevask.eu\/hu\/wp-json\/wp\/v2\/comments?post=10989"}],"version-history":[{"count":2,"href":"https:\/\/nevask.eu\/hu\/wp-json\/wp\/v2\/pages\/10989\/revisions"}],"predecessor-version":[{"id":10991,"href":"https:\/\/nevask.eu\/hu\/wp-json\/wp\/v2\/pages\/10989\/revisions\/10991"}],"wp:attachment":[{"href":"https:\/\/nevask.eu\/hu\/wp-json\/wp\/v2\/media?parent=10989"}],"curies":[{"name":"wp","href":"https:\/\/api.w.org\/{rel}","templated":true}]}}