{"id":11843,"date":"2026-01-07T13:27:52","date_gmt":"2026-01-07T12:27:52","guid":{"rendered":"https:\/\/nevask.eu\/?page_id=11843"},"modified":"2026-03-06T10:24:39","modified_gmt":"2026-03-06T09:24:39","slug":"gyik","status":"publish","type":"page","link":"https:\/\/nevask.eu\/hu\/kulteri-zsaluzia-neva\/gyik\/","title":{"rendered":"GYIK"},"content":{"rendered":"\n\n\n\n\n\n<div class=\"section narrow white\">\n\t<div class=\"container\">\n\t\t<div class=\"cell\">\n\t\t\t<ul class=\"breadcrumbs\">\n\t\t\t\t<li><a href=\"https:\/\/nevask.eu\/hu\/\">Home<\/a><\/li>\n\n\t\t\t\t\n\t\t\t<\/ul>\n\t\t<\/div>\n\t<\/div>\n<\/div>\n\n\n\n\n\n<div  class=\"section white\">\n\n\t\n\t\t<div class=\"container intro col-70p\">\n\t\t\t<div class=\"cell\">\n\t\t\t\t<h1>Gyakori k\u00e9rd\u00e9sek (GYIK) a NEVA k\u00fclt\u00e9ri zsaluzi\u00e1kr\u00f3l<\/h1>\n\t\t\t<\/div>\n\t\t<\/div>\n\n\t\n\n\n\t<div class=\"container col-70p\">\n\n\t\t\n\t\t\t<div class=\"cell\">\n\n\t\t\t\t\n\t\t\t\t\t<div class=\"faq-item\">\n\n\t\t\t\t\t\t\t\t\t\t\t\t\t<div class=\"faq-question\">\n\t\t\t\t\t\t\t\t<h2 class=\"h5\">Mennyi ideig tart a NEVA k\u00fclt\u00e9ri zsaluzi\u00e1k gy\u00e1rt\u00e1sa \u00e9s sz\u00e1ll\u00edt\u00e1sa?<\/h2>\n\t\t\t\t\t\t\t\t<span class=\"faq-toggle\">+<\/span>\n\t\t\t\t\t\t\t<\/div>\n\t\t\t\t\t\t\n\t\t\t\t\t\t<div class=\"faq-answer\">\n\t\t\t\t\t\t\t<p>A NEVA standard k\u00edn\u00e1lat\u00e1b\u00f3l sz\u00e1rmaz\u00f3 zsaluzia rendszerek eset\u00e9ben a gy\u00e1rt\u00e1st a megrendel\u00e9s visszaigazol\u00e1s\u00e1t\u00f3l sz\u00e1m\u00edtott 10 munkanapon bel\u00fcl garant\u00e1ljuk.<br \/>\nA sz\u00e1ll\u00edt\u00e1s \u00e9s a szerel\u00e9s id\u0151pontja ezut\u00e1n a sz\u00e1ll\u00edt\u00e1si lehet\u0151s\u00e9gekt\u0151l, valamint az adott keresked\u0151 \u00e9s szerel\u0151csapat kapacit\u00e1s\u00e1t\u00f3l f\u00fcgg.<\/p>\n<p>\u00c1ltal\u00e1ban azonban a NEVA k\u00fclt\u00e9ri zsaluzia rendszerek <strong>a megrendel\u00e9st\u0151l sz\u00e1m\u00edtott 3\u20134 h\u00e9ten bel\u00fcl<\/strong> felszerel\u00e9sre ker\u00fclhetnek.<\/p>\n\t\t\t\t\t\t<\/div>\n\n\t\t\t\t\t<\/div>\n\n\t\t\t\t\n\t\t\t\t\t<div class=\"faq-item\">\n\n\t\t\t\t\t\t\t\t\t\t\t\t\t<div class=\"faq-question\">\n\t\t\t\t\t\t\t\t<h2 class=\"h5\">Mennyi ideig tart a k\u00fclt\u00e9ri zsaluzia felszerel\u00e9se egy csal\u00e1di h\u00e1zon vagy lak\u00e1sban?<\/h2>\n\t\t\t\t\t\t\t\t<span class=\"faq-toggle\">+<\/span>\n\t\t\t\t\t\t\t<\/div>\n\t\t\t\t\t\t\n\t\t\t\t\t\t<div class=\"faq-answer\">\n\t\t\t\t\t\t\t<p>Egy lak\u00e1sban <strong>6 zsaluzia felszerel\u00e9se<\/strong>, bele\u00e9rtve a t\u00e1vir\u00e1ny\u00edt\u00f3k \u00e9s a <strong>TaHoma intelligens rendszer<\/strong> be\u00e1ll\u00edt\u00e1s\u00e1t is, <strong>k\u00f6r\u00fclbel\u00fcl 4 \u00f3r\u00e1t vesz ig\u00e9nybe<\/strong>. Az\u00e9rt van \u00edgy, mert a NEVA zsaluzi\u00e1k m\u00e1r a gy\u00e1rt\u00e1s sor\u00e1n megfelel\u0151en be vannak \u00e1ll\u00edtva \u00e9s el\u0151k\u00e9sz\u00edtve, \u00edgy egyszer\u0171en \u00e9s gyorsan felszerelhet\u0151k.<\/p>\n<p>A pontosabb szerel\u00e9si id\u0151t a konkr\u00e9t keresked\u0151 tudja megadni, aki felm\u00e9rte a rendel\u00e9s\u00e9t \u00e9s ismeri a helysz\u00edni k\u00f6r\u00fclm\u00e9nyeket.<\/p>\n\t\t\t\t\t\t<\/div>\n\n\t\t\t\t\t<\/div>\n\n\t\t\t\t\n\t\t\t\t\t<div class=\"faq-item\">\n\n\t\t\t\t\t\t\t\t\t\t\t\t\t<div class=\"faq-question\">\n\t\t\t\t\t\t\t\t<h2 class=\"h5\">Mennyi a garancia a NEVA k\u00fclt\u00e9ri \u00e1rny\u00e9kol\u00f3kra?<\/h2>\n\t\t\t\t\t\t\t\t<span class=\"faq-toggle\">+<\/span>\n\t\t\t\t\t\t\t<\/div>\n\t\t\t\t\t\t\n\t\t\t\t\t\t<div class=\"faq-answer\">\n\t\t\t\t\t\t\t<div class=\"table-wrapper\"><div class=\"table-wrapper\"><table>\n<tbody>\n<tr>\n<td><span style=\"font-weight: 400;\">Minden NEVA k\u00fclt\u00e9ri \u00e1rny\u00e9kol\u00f3ra <strong>5 \u00e9v garanci\u00e1t<\/strong> v\u00e1llalunk.<\/span><\/td>\n<\/tr>\n<\/tbody>\n<\/table><\/div><\/div>\n\t\t\t\t\t\t<\/div>\n\n\t\t\t\t\t<\/div>\n\n\t\t\t\t\n\t\t\t\t\t<div class=\"faq-item\">\n\n\t\t\t\t\t\t\t\t\t\t\t\t\t<div class=\"faq-question\">\n\t\t\t\t\t\t\t\t<h2 class=\"h5\">Milyen sz\u00ednekben kaphat\u00f3k a NEVA k\u00fclt\u00e9ri zsaluzi\u00e1k?<\/h2>\n\t\t\t\t\t\t\t\t<span class=\"faq-toggle\">+<\/span>\n\t\t\t\t\t\t\t<\/div>\n\t\t\t\t\t\t\n\t\t\t\t\t\t<div class=\"faq-answer\">\n\t\t\t\t\t\t\t<p>A <a href=\"https:\/\/nevask.eu\/hu\/kulteri-zsaluzia-neva\/kulteri-zsaluzia-neva-z90\/\">NEVA Z-90<\/a>, <a href=\"https:\/\/nevask.eu\/hu\/kulteri-zsaluzia-neva\/kulteri-zsaluzia-neva-z70\/\">NEVA Z-70<\/a>, <a href=\"https:\/\/nevask.eu\/hu\/kulteri-zsaluzia-neva\/kulteri-zsaluzia-neva-s90\/\">NEVA S-90<\/a> \u00e9s <a href=\"https:\/\/nevask.eu\/hu\/kulteri-zsaluzia-neva\/kulteri-zsaluzia-neva-c80\/\">NEVA C-80<\/a> zsaluzi\u00e1k gy\u00e1rt\u00e1s\u00e1hoz sz\u00fcks\u00e9ges lamella alapanyagot mind a 22 standard sz\u00ednben tartunk rakt\u00e1ron.<\/p>\n<p>A legkeresettebb zsaluzia t\u00edpusok eset\u00e9ben ez\u00e9rt ak\u00e1r 22 fel\u00e1rmentes sz\u00edn k\u00f6z\u00fcl is v\u00e1laszthat (pl. antracit, ez\u00fcst, barna, feh\u00e9r, b\u00e9zs, piros stb.).<\/p>\n<p>A kev\u00e9sb\u00e9 n\u00e9pszer\u0171 NEVA C-65 zsaluzi\u00e1k eset\u00e9ben 16 standard sz\u00ednt tartunk rakt\u00e1ron. A NEVA F-80 zsaluzi\u00e1khoz 5 alap\u00e1ras sz\u00edn \u00e1ll rendelkez\u00e9sre.<\/p>\n<p>Olyan sz\u00edn\u0171 zsaluzi\u00e1t szeretne, amelyet nem tal\u00e1l standard k\u00edn\u00e1latunkban?<br \/>\nZsaluzi\u00e1it b\u00e1rmeny sz\u00ednben legy\u00e1rtjuk, viszont a gy\u00e1rt\u00e1si hat\u00e1rid\u0151 \u00e9s a zsaluzi\u00e1k \u00e1ra minden bizonnyal megn\u00f6vekedik.<\/p>\n<p><a href=\"https:\/\/nevask.eu\/hu\/kulteri-zsaluzia-neva\/zsaluziak-szinei\/\">Tov\u00e1bbi inform\u00e1ci\u00f3 a k\u00fclt\u00e9ri zsaluzi\u00e1k sz\u00ednk\u00edn\u00e1lat\u00e1r\u00f3l.<\/a><\/p>\n\t\t\t\t\t\t<\/div>\n\n\t\t\t\t\t<\/div>\n\n\t\t\t\t\n\t\t\t\t\t<div class=\"faq-item\">\n\n\t\t\t\t\t\t\t\t\t\t\t\t\t<div class=\"faq-question\">\n\t\t\t\t\t\t\t\t<h2 class=\"h5\">Lehets\u00e9ges a NEVA zsaluzi\u00e1k telep\u00edt\u00e9se egy elk\u00e9sz\u00fclt \u00e9s m\u00e1r szigetelt \u00e9p\u00fcletre?<\/h2>\n\t\t\t\t\t\t\t\t<span class=\"faq-toggle\">+<\/span>\n\t\t\t\t\t\t\t<\/div>\n\t\t\t\t\t\t\n\t\t\t\t\t\t<div class=\"faq-answer\">\n\t\t\t\t\t\t\t<p><span style=\"font-weight: 400;\">Igen. A leggyakoribb megold\u00e1s az, hogy a zsaluzi\u00e1kat az ablakkeretre telep\u00edtj\u00fck, majd egy k\u00edv\u00fclr\u0151l l\u00e1that\u00f3 takar\u00f3lemezzel takarjuk el. A zsaluzia tok b\u00e1rmilyen RAL sz\u00ednre sz\u00ednterezhet\u0151, \u00edgy term\u00e9szetesen illeszkednek a homlokzathoz \u00e9s az ablakkerethez. Egyes \u00e9p\u00fcletekben lehet\u0151s\u00e9g van a zsaluzi\u00e1k ablak feletti t\u00e9rbe &#8211; a homlokzathoz &#8211; t\u00f6rt\u00e9n\u0151 r\u00f6gz\u00edt\u00e9s\u00e9re is. <\/span><\/p>\n<p><a href=\"https:\/\/nevask.eu\/hu\/kulteri-zsaluzia-neva\/kulteri-zsaluziak-szerelesenek-modjai\/\"><span style=\"font-weight: 400;\">A zsaluzi\u00e1k felszerel\u00e9s\u00e9re t\u00f6bb lehet\u0151s\u00e9g is k\u00edn\u00e1lkozik.<\/span><\/a><\/p>\n<p><span style=\"font-weight: 400;\">Viszontelad\u00f3ink a helysz\u00ednen ellen\u0151rzik a r\u00f6gz\u00edt\u00e9si lehet\u0151s\u00e9geket, \u00e9s javaslatot tesznek a m\u0171szakilag \u00e9s eszt\u00e9tikailag is legmegfelel\u0151bb be\u00e9p\u00edt\u00e9sre.<\/span><\/p>\n\t\t\t\t\t\t<\/div>\n\n\t\t\t\t\t<\/div>\n\n\t\t\t\t\n\t\t\t\t\t<div class=\"faq-item\">\n\n\t\t\t\t\t\t\t\t\t\t\t\t\t<div class=\"faq-question\">\n\t\t\t\t\t\t\t\t<h2 class=\"h5\">Mekkora a NEVA zsaluzi\u00e1k csomagmagass\u00e1ga?<\/h2>\n\t\t\t\t\t\t\t\t<span class=\"faq-toggle\">+<\/span>\n\t\t\t\t\t\t\t<\/div>\n\t\t\t\t\t\t\n\t\t\t\t\t\t<div class=\"faq-answer\">\n\t\t\t\t\t\t\t<p><span style=\"font-weight: 400;\">\u00c1ltal\u00e1noss\u00e1gban elmondhat\u00f3, hogy a teljesen felh\u00fazott NEVA zsaluzia csomagja alacsonyabb, mint a piacon kaphat\u00f3 egy\u00e9b zsaluzi\u00e1k\u00e9.<\/span><\/p>\n<p><span style=\"font-weight: 400;\">A t\u00e1bl\u00e1zatban l\u00e1that\u00f3 a csomag magass\u00e1ga k\u00fcl\u00f6nb\u00f6z\u0151 zsaluzia magass\u00e1gokn\u00e1l (vagy k\u00fcl\u00f6nb\u00f6z\u0151 ablakmagass\u00e1gokn\u00e1l):<\/span><\/p>\n<div class=\"table-wrapper\"><div class=\"table-wrapper\"><table class=\"nowrap alignleft\">\n<tbody>\n<tr>\n<th style=\"vertical-align: top;\">Zsaluzia<br \/>\nteljes<br \/>\nmagass\u00e1ga<br \/>\n(mm)<\/th>\n<th style=\"vertical-align: top;\"><strong>NEVA <\/strong><br \/>\n<strong>Z-90<br \/>\n<\/strong><br \/>\n<strong>S-90<\/strong><\/th>\n<th style=\"vertical-align: top;\"><strong>NEVA <\/strong><br \/>\n<strong>Z-70<\/strong><\/th>\n<th style=\"vertical-align: top;\"><strong>NEVA <\/strong><br \/>\n<strong>C-80<\/strong><\/th>\n<th style=\"vertical-align: top;\"><strong>NEVA <\/strong><br \/>\n<strong>C-65<\/strong><\/th>\n<th style=\"vertical-align: top;\"><strong>NEVA<\/strong><br \/>\n<strong>F-80<\/strong><\/th>\n<\/tr>\n<tr>\n<td>500 &#8211; 1250<\/td>\n<td>180<\/td>\n<td>200<\/td>\n<td>190<\/td>\n<td>200<\/td>\n<td>160<\/td>\n<\/tr>\n<tr>\n<td>1251 &#8211; 1500<\/td>\n<td>190<\/td>\n<td>220<\/td>\n<td>210<\/td>\n<td>220<\/td>\n<td>170<\/td>\n<\/tr>\n<tr>\n<td>1501-1750<\/td>\n<td>200<\/td>\n<td>230<\/td>\n<td>230<\/td>\n<td>240<\/td>\n<td>180<\/td>\n<\/tr>\n<tr>\n<td>1751 &#8211; 2000<\/td>\n<td>210<\/td>\n<td>250<\/td>\n<td>240<\/td>\n<td>260<\/td>\n<td>190<\/td>\n<\/tr>\n<tr>\n<td>2001 -2250<\/td>\n<td>220<\/td>\n<td>270<\/td>\n<td>250<\/td>\n<td>280<\/td>\n<td>200<\/td>\n<\/tr>\n<tr>\n<td>2251-2750<\/td>\n<td>250<\/td>\n<td>300<\/td>\n<td>280<\/td>\n<td>320<\/td>\n<td>220<\/td>\n<\/tr>\n<tr>\n<td>2751-3000<\/td>\n<td>260<\/td>\n<td>320<\/td>\n<td>300<\/td>\n<td>340<\/td>\n<td>230<\/td>\n<\/tr>\n<tr>\n<td>3001-3250<\/td>\n<td>290<\/td>\n<td>350<\/td>\n<td>330<\/td>\n<td>380<\/td>\n<td>250<\/td>\n<\/tr>\n<tr>\n<td>&#8230;<\/td>\n<td><\/td>\n<td><\/td>\n<td><\/td>\n<td><\/td>\n<td><\/td>\n<\/tr>\n<tr>\n<td>4751-5000<\/td>\n<td>360<\/td>\n<td>460<\/td>\n<td>430<\/td>\n<td>500<\/td>\n<td>&#8211;<\/td>\n<\/tr>\n<\/tbody>\n<\/table><\/div><\/div>\n<p>&nbsp;<\/p>\n<p><span style=\"font-weight: 400;\">A t\u00e1bl\u00e1zatb\u00f3l a k\u00f6vetkez\u0151ket olvashatjuk le:<\/span><\/p>\n<p><span style=\"font-weight: 400;\">A NEVA Z-90 zsaluzia alacsonyabb csomaggal rendelkezik ugyanazon ablak magass\u00e1gn\u00e1l, mint a NEVA Z-70 zsaluzia.<\/span><\/p>\n<p><span style=\"font-weight: 400;\">Ennek az az oka, hogy a NEVA Z-70 zsaluzia 70 mm sz\u00e9les lamell\u00e1kkal rendelkezik, ez\u00e9rt t\u00f6bb lamella sz\u00fcks\u00e9ges egy azonos magass\u00e1g\u00fa ablak s\u00f6t\u00e9t\u00edt\u00e9s\u00e9hez, mint a 90 mm sz\u00e9les lamell\u00e1s NEVA Z-90 zsaluzia eset\u00e9ben.<\/span><\/p>\n<p>&nbsp;<\/p>\n<p><span style=\"font-weight: 400;\">A NEVA zsaluzi\u00e1k legalacsonyabb csomagmagass\u00e1ga a NEVA F-80 zsaluzi\u00e1k eset\u00e9ben van.<\/span><\/p>\n\t\t\t\t\t\t<\/div>\n\n\t\t\t\t\t<\/div>\n\n\t\t\t\t\n\t\t\t\t\t<div class=\"faq-item\">\n\n\t\t\t\t\t\t\t\t\t\t\t\t\t<div class=\"faq-question\">\n\t\t\t\t\t\t\t\t<h2 class=\"h5\">Milyen vastags\u00e1g\u00fa a zsaluzi\u00e1k takar\u00f3lemeze?<\/h2>\n\t\t\t\t\t\t\t\t<span class=\"faq-toggle\">+<\/span>\n\t\t\t\t\t\t\t<\/div>\n\t\t\t\t\t\t\n\t\t\t\t\t\t<div class=\"faq-answer\">\n\t\t\t\t\t\t\t<p>Extrud\u00e1lt alum\u00edniumb\u00f3l gy\u00e1rtunk takar\u00f3lemezeket 1,5 vagy 2 mm vastags\u00e1gban.<\/p>\n<p>A hossza egy darabban ak\u00e1r 4 m is lehet.<\/p>\n\t\t\t\t\t\t<\/div>\n\n\t\t\t\t\t<\/div>\n\n\t\t\t\t\n\t\t\t\t\t<div class=\"faq-item\">\n\n\t\t\t\t\t\t\t\t\t\t\t\t\t<div class=\"faq-question\">\n\t\t\t\t\t\t\t\t<h2 class=\"h5\">\u00c9rdemes-e a k\u00fclt\u00e9ri zsaluzi\u00e1k k\u00e9zi vez\u00e9rl\u00e9s\u00e9t v\u00e1lasztani?<\/h2>\n\t\t\t\t\t\t\t\t<span class=\"faq-toggle\">+<\/span>\n\t\t\t\t\t\t\t<\/div>\n\t\t\t\t\t\t\n\t\t\t\t\t\t<div class=\"faq-answer\">\n\t\t\t\t\t\t\t<p>\u0150szint\u00e9n sz\u00f3lva \u2013 t\u00f6bbnyire nem. A k\u00e9zi vez\u00e9rl\u00e9s jelent\u0151sen cs\u00f6kkenti a k\u00e9nyelmet. Ugyanakkor a hajt\u00f3karos \u00e9s az alapvet\u0151 elektromos meghajt\u00e1s\u00fa zsaluzi\u00e1k k\u00f6z\u00f6tti \u00e1rk\u00fcl\u00f6nbs\u00e9g mind\u00f6ssze n\u00e9h\u00e1ny ezer forint.<\/p>\n<p>A gyakorlatban az \u00fcgyfelek csak kiv\u00e9telesen v\u00e1lasztj\u00e1k a zsaluzi\u00e1k k\u00e9zi vez\u00e9rl\u00e9s\u00e9t \u2013 \u00e1ltal\u00e1ban akkor, ha a zsaluzi\u00e1kat az \u00e9p\u00fclet elk\u00e9sz\u00fcl\u00e9se ut\u00e1n \u00e9p\u00edtik be, \u00e9s nem lehet elektromos vezet\u00e9ket bevezetni a zsaluzia meghajt\u00e1shoz, valamint nem akarnak napelemes zsaluzi\u00e1kat telep\u00edteni.<\/p>\n<p>&nbsp;<\/p>\n\t\t\t\t\t\t<\/div>\n\n\t\t\t\t\t<\/div>\n\n\t\t\t\t\n\t\t\t\t\t<div class=\"faq-item\">\n\n\t\t\t\t\t\t\t\t\t\t\t\t\t<div class=\"faq-question\">\n\t\t\t\t\t\t\t\t<h2 class=\"h5\">Hogyan kell karbantartani a k\u00fclt\u00e9ri \u00e1rny\u00e9kol\u00f3kat, hogy a lehet\u0151 leghosszabb ideig szolg\u00e1ljanak?<\/h2>\n\t\t\t\t\t\t\t\t<span class=\"faq-toggle\">+<\/span>\n\t\t\t\t\t\t\t<\/div>\n\t\t\t\t\t\t\n\t\t\t\t\t\t<div class=\"faq-answer\">\n\t\t\t\t\t\t\t<p><span style=\"font-weight: 400;\">A rendszeres, \u00e9vente k\u00e9tszeri tiszt\u00edt\u00e1s \u00e1ltal\u00e1ban elegend\u0151.<\/span><\/p>\n<p><span style=\"font-weight: 400;\">A lamell\u00e1k fel\u00fclet\u00e9r\u0151l a nagyobb szennyez\u0151d\u00e9seket puha kef\u00e9vel t\u00e1vol\u00edtsa el. \u00d6bl\u00edtse le a lamell\u00e1kat langyos v\u00edzzel, majd puha ruh\u00e1val vagy puha szivaccsal tiszt\u00edtsa meg \u0151ket. A szappanos v\u00edz elegend\u0151. Ker\u00fclje az \u00e9rdes szivacsokat, az agressz\u00edv tiszt\u00edt\u00f3szereket \u00e9s a foly\u00e9kony homokot, amelyek k\u00e1ros\u00edthatj\u00e1k a lamell\u00e1k fel\u00fclet\u00e9t. Tiszt\u00edtsa meg a vezet\u0151 profilokat is.<\/span><\/p>\n<p><a href=\"https:\/\/nevask.eu\/hu\/blog\/reszletes-utmutato-a-kulteri-zsaluzia-karbantartasahoz\/\">Tov\u00e1bbi inform\u00e1ci\u00f3 a zsaluzi\u00e1k tiszt\u00edt\u00e1s\u00e1r\u00f3l \u00e9s karbantart\u00e1s\u00e1r\u00f3l<\/a><\/p>\n\t\t\t\t\t\t<\/div>\n\n\t\t\t\t\t<\/div>\n\n\t\t\t\t\n\t\t\t\t\t<div class=\"faq-item\">\n\n\t\t\t\t\t\t\t\t\t\t\t\t\t<div class=\"faq-question\">\n\t\t\t\t\t\t\t\t<h2 class=\"h5\">Pontosan hogyan befoly\u00e1solj\u00e1k a k\u00fclt\u00e9ri zsaluzi\u00e1k a h\u00e1z vagy lak\u00e1s h\u0151komfortj\u00e1t?<\/h2>\n\t\t\t\t\t\t\t\t<span class=\"faq-toggle\">+<\/span>\n\t\t\t\t\t\t\t<\/div>\n\t\t\t\t\t\t\n\t\t\t\t\t\t<div class=\"faq-answer\">\n\t\t\t\t\t\t\t<p>A z\u00e1rt belt\u00e9ri relux\u00e1k ak\u00e1r a napenergia 36%-\u00e1t is \u00e1tengedik! Ezzel szemben a kiv\u00e1l\u00f3 min\u0151s\u00e9g\u0171, vil\u00e1gos sz\u00edn\u0171 k\u00fclt\u00e9ri zsaluzi\u00e1k csak a napenergia 3,7%-\u00e1t engedik be \u2013 azaz ak\u00e1r t\u00edzszer kevesebbet!<\/p>\n<p>A k\u00fclt\u00e9ri zsaluzi\u00e1k \u00e9sszer\u0171 haszn\u00e1lat\u00e1val 4-7 \u00b0C-kal alacsonyabb otthoni h\u0151m\u00e9rs\u00e9kletet \u00e9rhet el, mint a hagyom\u00e1nyos relux\u00e1k eset\u00e9ben.<\/p>\n<p>&nbsp;<\/p>\n\t\t\t\t\t\t<\/div>\n\n\t\t\t\t\t<\/div>\n\n\t\t\t\t\n\t\t\t\t\t<div class=\"faq-item\">\n\n\t\t\t\t\t\t\t\t\t\t\t\t\t<div class=\"faq-question\">\n\t\t\t\t\t\t\t\t<h2 class=\"h5\">Mi\u00e9rt jobbak a k\u00fclt\u00e9ri zsaluzi\u00e1k a relux\u00e1n\u00e1l?<\/h2>\n\t\t\t\t\t\t\t\t<span class=\"faq-toggle\">+<\/span>\n\t\t\t\t\t\t\t<\/div>\n\t\t\t\t\t\t\n\t\t\t\t\t\t<div class=\"faq-answer\">\n\t\t\t\t\t\t\t<p><span style=\"font-weight: 400;\">A relux\u00e1kt\u00f3l elt\u00e9r\u0151en a k\u00fclt\u00e9ri zsaluzi\u00e1k visszaverik a napsugarakat, miel\u0151tt azok el\u00e9rn\u00e9k az ablak\u00fcveget. Ez azt jelenti, hogy a nap melege nem jut be a bels\u0151 t\u00e9rbe.<\/span><\/p>\n<p><span style=\"font-weight: 400;\">B\u00e1r a relux\u00e1k is lehet\u0151v\u00e9 teszik a nappali f\u00e9ny intenzit\u00e1s\u00e1nak szab\u00e1lyoz\u00e1s\u00e1t, nem seg\u00edtenek a t\u00falmeleged\u00e9s ellen \u2013 miut\u00e1n a napsugarak \u00e1thaladnak az \u00fcvegen, a h\u0151 a helyis\u00e9gben marad.<\/span><\/p>\n<p><span style=\"font-weight: 400;\">A k\u00fclt\u00e9ri zsaluzi\u00e1k ez\u00e9rt nagyon hat\u00e9konyan v\u00e9dik a bels\u0151 teret a t\u00falmeleged\u00e9st\u0151l a ny\u00e1r folyam\u00e1n \u2013 ennek k\u00f6sz\u00f6nhet\u0151en kellemes h\u0151m\u00e9rs\u00e9kletet tarthat fenn a helyis\u00e9gben, \u00e9s megtakar\u00edthatja a l\u00e9gkondicion\u00e1l\u00e1s k\u00f6lts\u00e9geit.<\/span><\/p>\n<p><span style=\"font-weight: 400;\">Ezenk\u00edv\u00fcl az alum\u00ednium k\u00fclt\u00e9ri zsaluzi\u00e1k sokkal hosszabb \u00e9lettartam\u00faak, mint a bels\u0151 rol\u00f3k.<\/span><\/p>\n\t\t\t\t\t\t<\/div>\n\n\t\t\t\t\t<\/div>\n\n\t\t\t\t\n\t\t\t\t\t<div class=\"faq-item\">\n\n\t\t\t\t\t\t\t\t\t\t\t\t\t<div class=\"faq-question\">\n\t\t\t\t\t\t\t\t<h2 class=\"h5\">Hogyan csomagoljuk a NEVA k\u00fclt\u00e9ri zsaluzi\u00e1kat?<\/h2>\n\t\t\t\t\t\t\t\t<span class=\"faq-toggle\">+<\/span>\n\t\t\t\t\t\t\t<\/div>\n\t\t\t\t\t\t\n\t\t\t\t\t\t<div class=\"faq-answer\">\n\t\t\t\t\t\t\t<p><span style=\"font-weight: 400;\">Zsaluzi\u00e1inkat gondosan v\u00e9dj\u00fck \u2013 nemcsak a gy\u00e1rt\u00e1s, hanem k\u00fcl\u00f6n\u00f6sen a sz\u00e1ll\u00edt\u00e1s sor\u00e1n.<\/span><\/p>\n<p><span style=\"font-weight: 400;\">A megrendelt \u00e1ru t\u00edpus\u00e1t\u00f3l \u00e9s a kiv\u00e1lasztott sz\u00e1ll\u00edt\u00e1si m\u00f3dt\u00f3l f\u00fcgg\u0151en a zsaluzi\u00e1t bubor\u00e9kf\u00f3li\u00e1ba vagy kartondobozba csomagoljuk. Raklapon vagy sz\u00e1ll\u00edt\u00f3 l\u00e1d\u00e1ban sz\u00e1ll\u00edtjuk. Minden zsaluzi\u00e1t k\u00fcl\u00f6n csomagolunk, hogy a sz\u00e1ll\u00edt\u00e1s \u00e9s a kivitelez\u00e9s helysz\u00edn\u00e9re t\u00f6rt\u00e9n\u0151 kisz\u00e1ll\u00edt\u00e1s sor\u00e1n maxim\u00e1lisan v\u00e9dve legyen.<\/span><\/p>\n<p><span style=\"font-weight: 400;\">Egyedi karton dobozokat k\u00e9sz\u00edt\u00fcnk. Munk\u00e1nkat automatiz\u00e1ltuk,\u00a0 a csomagol\u00f3g\u00e9p a csomag m\u00e9ret\u00e9t a zsaluzia m\u00e9ret\u00e9hez igaz\u00edtja, \u00e9s v\u00e9gtelen kartonnal dolgozik. Ennek k\u00f6sz\u00f6nhet\u0151en csak a sz\u00fcks\u00e9ges mennyis\u00e9g\u0171 csomagol\u00f3 anyagot haszn\u00e1ljuk fel, \u00e9s minimaliz\u00e1ljuk a hullad\u00e9kot.<\/span><\/p>\n\t\t\t\t\t\t<\/div>\n\n\t\t\t\t\t<\/div>\n\n\t\t\t\t\n\t\t\t\t\t<div class=\"faq-item\">\n\n\t\t\t\t\t\t\t\t\t\t\t\t\t<div class=\"faq-question\">\n\t\t\t\t\t\t\t\t<h3 class=\"h5\">Hol v\u00e1s\u00e1roljon NEVA k\u00fclt\u00e9ri zsaluzi\u00e1t?<\/h3>\n\t\t\t\t\t\t\t\t<span class=\"faq-toggle\">+<\/span>\n\t\t\t\t\t\t\t<\/div>\n\t\t\t\t\t\t\n\t\t\t\t\t\t<div class=\"faq-answer\">\n\t\t\t\t\t\t\t<p><span style=\"font-weight: 400;\">NEVA k\u00fclt\u00e9ri zsaluzi\u00e1k \u00e9rt\u00e9kes\u00edt\u00e9s\u00e9t \u00e9s beszerel\u00e9s\u00e9t tan\u00fas\u00edtott \u00e9rt\u00e9kes\u00edt\u00e9si \u00e9s telep\u00edt\u0151 partnereink h\u00e1l\u00f3zat\u00e1n kereszt\u00fcl v\u00e9gezz\u00fck Magyarorsz\u00e1g minden r\u00e9gi\u00f3j\u00e1ban.<\/span><\/p>\n<p><span style=\"font-weight: 400;\">A <\/span><a href=\"https:\/\/nevask.eu\/hu\/neva-viszonteladok\/\"><span style=\"font-weight: 400;\">https:\/\/nevask.eu\/hu\/neva-viszonteladok\/<\/span><\/a><span style=\"font-weight: 400;\"> weboldalon megtal\u00e1lja a magyarorsz\u00e1gi keresked\u0151k list\u00e1j\u00e1t r\u00e9gi\u00f3k szerint.<\/span><\/p>\n\t\t\t\t\t\t<\/div>\n\n\t\t\t\t\t<\/div>\n\n\t\t\t\t\n\t\t\t<\/div>\n\n\t\t\n\t<\/div>\n<\/div>\n","protected":false},"excerpt":{"rendered":"","protected":false},"author":53,"featured_media":0,"parent":6494,"menu_order":0,"comment_status":"closed","ping_status":"closed","template":"","meta":{"_acf_changed":false,"inline_featured_image":false,"footnotes":""},"class_list":["post-11843","page","type-page","status-publish","hentry"],"acf":[],"yoast_head":"<!-- This site is optimized with the Yoast SEO plugin v27.5 - https:\/\/yoast.com\/product\/yoast-seo-wordpress\/ -->\n<title>Gyakran ism\u00e9telt k\u00e9rd\u00e9sek a k\u00fclt\u00e9ri zsaluzi\u00e1kr\u00f3l | NEVA<\/title>\n<meta name=\"description\" content=\"V\u00e1laszok a NEVA k\u00fclt\u00e9ri zsaluzi\u00e1kkal kapcsolatos gyakran ism\u00e9telt k\u00e9rd\u00e9sekre. \u00dagy mint a sz\u00e1ll\u00edt\u00e1si hat\u00e1rid\u0151k, sz\u00ednv\u00e1laszt\u00e9kok,...\" \/>\n<meta name=\"robots\" content=\"index, follow, max-snippet:-1, max-image-preview:large, max-video-preview:-1\" \/>\n<link rel=\"canonical\" href=\"https:\/\/nevask.eu\/hu\/kulteri-zsaluzia-neva\/gyik\/\" \/>\n<meta property=\"og:locale\" content=\"hu_HU\" \/>\n<meta property=\"og:type\" content=\"article\" \/>\n<meta property=\"og:title\" content=\"Gyakran ism\u00e9telt k\u00e9rd\u00e9sek a k\u00fclt\u00e9ri zsaluzi\u00e1kr\u00f3l | NEVA\" \/>\n<meta property=\"og:description\" content=\"V\u00e1laszok a NEVA k\u00fclt\u00e9ri zsaluzi\u00e1kkal kapcsolatos gyakran ism\u00e9telt k\u00e9rd\u00e9sekre. \u00dagy mint a sz\u00e1ll\u00edt\u00e1si hat\u00e1rid\u0151k, sz\u00ednv\u00e1laszt\u00e9kok,...\" \/>\n<meta property=\"og:url\" content=\"https:\/\/nevask.eu\/hu\/kulteri-zsaluzia-neva\/gyik\/\" \/>\n<meta property=\"og:site_name\" content=\"NEVA\" \/>\n<meta property=\"article:modified_time\" content=\"2026-03-06T09:24:39+00:00\" \/>\n<meta name=\"twitter:card\" content=\"summary_large_image\" \/>\n<meta name=\"twitter:label1\" content=\"Becs\u00fclt olvas\u00e1si id\u0151\" \/>\n\t<meta name=\"twitter:data1\" content=\"6 perc\" \/>\n<!-- \/ Yoast SEO plugin. -->","yoast_head_json":{"title":"Gyakran ism\u00e9telt k\u00e9rd\u00e9sek a k\u00fclt\u00e9ri zsaluzi\u00e1kr\u00f3l | NEVA","description":"V\u00e1laszok a NEVA k\u00fclt\u00e9ri zsaluzi\u00e1kkal kapcsolatos gyakran ism\u00e9telt k\u00e9rd\u00e9sekre. \u00dagy mint a sz\u00e1ll\u00edt\u00e1si hat\u00e1rid\u0151k, sz\u00ednv\u00e1laszt\u00e9kok,...","robots":{"index":"index","follow":"follow","max-snippet":"max-snippet:-1","max-image-preview":"max-image-preview:large","max-video-preview":"max-video-preview:-1"},"canonical":"https:\/\/nevask.eu\/hu\/kulteri-zsaluzia-neva\/gyik\/","og_locale":"hu_HU","og_type":"article","og_title":"Gyakran ism\u00e9telt k\u00e9rd\u00e9sek a k\u00fclt\u00e9ri zsaluzi\u00e1kr\u00f3l | NEVA","og_description":"V\u00e1laszok a NEVA k\u00fclt\u00e9ri zsaluzi\u00e1kkal kapcsolatos gyakran ism\u00e9telt k\u00e9rd\u00e9sekre. \u00dagy mint a sz\u00e1ll\u00edt\u00e1si hat\u00e1rid\u0151k, sz\u00ednv\u00e1laszt\u00e9kok,...","og_url":"https:\/\/nevask.eu\/hu\/kulteri-zsaluzia-neva\/gyik\/","og_site_name":"NEVA","article_modified_time":"2026-03-06T09:24:39+00:00","twitter_card":"summary_large_image","twitter_misc":{"Becs\u00fclt olvas\u00e1si id\u0151":"6 perc"},"schema":{"@context":"https:\/\/schema.org","@graph":[{"@type":"WebPage","@id":"https:\/\/nevask.eu\/hu\/kulteri-zsaluzia-neva\/gyik\/","url":"https:\/\/nevask.eu\/hu\/kulteri-zsaluzia-neva\/gyik\/","name":"Gyakran ism\u00e9telt k\u00e9rd\u00e9sek a k\u00fclt\u00e9ri zsaluzi\u00e1kr\u00f3l | NEVA","isPartOf":{"@id":"https:\/\/nevask.eu\/hu\/#website"},"datePublished":"2026-01-07T12:27:52+00:00","dateModified":"2026-03-06T09:24:39+00:00","description":"V\u00e1laszok a NEVA k\u00fclt\u00e9ri zsaluzi\u00e1kkal kapcsolatos gyakran ism\u00e9telt k\u00e9rd\u00e9sekre. \u00dagy mint a sz\u00e1ll\u00edt\u00e1si hat\u00e1rid\u0151k, sz\u00ednv\u00e1laszt\u00e9kok,...","breadcrumb":{"@id":"https:\/\/nevask.eu\/hu\/kulteri-zsaluzia-neva\/gyik\/#breadcrumb"},"inLanguage":"hu","potentialAction":[{"@type":"ReadAction","target":["https:\/\/nevask.eu\/hu\/kulteri-zsaluzia-neva\/gyik\/"]}]},{"@type":"BreadcrumbList","@id":"https:\/\/nevask.eu\/hu\/kulteri-zsaluzia-neva\/gyik\/#breadcrumb","itemListElement":[{"@type":"ListItem","position":1,"name":"Home","item":"https:\/\/nevask.eu\/hu\/"},{"@type":"ListItem","position":2,"name":"K\u00fclt\u00e9ri zsaluzia NEVA","item":"https:\/\/nevask.eu\/hu\/kulteri-zsaluzia-neva\/"},{"@type":"ListItem","position":3,"name":"GYIK"}]},{"@type":"WebSite","@id":"https:\/\/nevask.eu\/hu\/#website","url":"https:\/\/nevask.eu\/hu\/","name":"NEVA","description":"Vonkaj\u0161ie \u017eal\u00fazie a screenov\u00e9 rolety","potentialAction":[{"@type":"SearchAction","target":{"@type":"EntryPoint","urlTemplate":"https:\/\/nevask.eu\/hu\/?s={search_term_string}"},"query-input":{"@type":"PropertyValueSpecification","valueRequired":true,"valueName":"search_term_string"}}],"inLanguage":"hu"}]}},"_links":{"self":[{"href":"https:\/\/nevask.eu\/hu\/wp-json\/wp\/v2\/pages\/11843","targetHints":{"allow":["GET"]}}],"collection":[{"href":"https:\/\/nevask.eu\/hu\/wp-json\/wp\/v2\/pages"}],"about":[{"href":"https:\/\/nevask.eu\/hu\/wp-json\/wp\/v2\/types\/page"}],"author":[{"embeddable":true,"href":"https:\/\/nevask.eu\/hu\/wp-json\/wp\/v2\/users\/53"}],"replies":[{"embeddable":true,"href":"https:\/\/nevask.eu\/hu\/wp-json\/wp\/v2\/comments?post=11843"}],"version-history":[{"count":22,"href":"https:\/\/nevask.eu\/hu\/wp-json\/wp\/v2\/pages\/11843\/revisions"}],"predecessor-version":[{"id":12801,"href":"https:\/\/nevask.eu\/hu\/wp-json\/wp\/v2\/pages\/11843\/revisions\/12801"}],"up":[{"embeddable":true,"href":"https:\/\/nevask.eu\/hu\/wp-json\/wp\/v2\/pages\/6494"}],"wp:attachment":[{"href":"https:\/\/nevask.eu\/hu\/wp-json\/wp\/v2\/media?parent=11843"}],"curies":[{"name":"wp","href":"https:\/\/api.w.org\/{rel}","templated":true}]}}