{"id":11886,"date":"2026-01-09T13:24:23","date_gmt":"2026-01-09T12:24:23","guid":{"rendered":"https:\/\/nevask.eu\/?page_id=11886"},"modified":"2026-01-15T11:08:11","modified_gmt":"2026-01-15T10:08:11","slug":"neva-ws100","status":"publish","type":"page","link":"https:\/\/nevask.eu\/hu\/screen-naphalo-neva\/neva-ws100\/","title":{"rendered":"NEVA WS100"},"content":{"rendered":"\n\n\n\n\n\n<div class=\"section narrow white\">\n\t<div class=\"container\">\n\t\t<div class=\"cell\">\n\t\t\t<ul class=\"breadcrumbs\">\n\t\t\t\t<li><a href=\"https:\/\/nevask.eu\/hu\/\">Home<\/a><\/li>\n\n\t\t\t\t\n\t\t\t<\/ul>\n\t\t<\/div>\n\t<\/div>\n<\/div>\n\n\n\n\n\n\n\n\n<div  class=\"section white\">\n\t<div class=\"container cols-60p-40p\">\n\n\t\t\n\n\n\t\t<div class=\"cell\">\n\n\t\t\t<h1>Sodronyos<br \/>\nNEVA WS100<br \/>\nscreen naph\u00e1l\u00f3<\/h1>\n<p class=\"p-large\">A sodronyban megfesz\u00edtett textil rol\u00f3 eleg\u00e1ns \u00e9s gazdas\u00e1gos \u00e1rny\u00e9kol\u00e1st biztos\u00edt. \u00c9rt\u00e9kelni fogja a k\u00f6nny\u0171 szerkezetet \u00e9s a letisztult diz\u00e1jnt.<\/p>\n<p>A cipz\u00e1ras naph\u00e1l\u00f3kkal ellent\u00e9tben ezt a textil rol\u00f3t diszkr\u00e9t sodronyok vezetik meg. Ezek pontos \u00fatvonalon tartj\u00e1k az anyagot, \u00e9s nem zavarj\u00e1k a rol\u00f3 megjelen\u00e9s\u00e9t. A sodrony szinte l\u00e1thatatlan, \u00edgy a naph\u00e1l\u00f3 modern projektekben is tiszta \u00e9s k\u00f6nny\u0171 megjelen\u00e9s\u0171.<\/p>\n<p><a href=\"https:\/\/nevask.eu\/hu\/screen-naphalo-neva\/screen-naphalok-szovetszinei\/\"><img loading=\"lazy\" decoding=\"async\" class=\"alignnone wp-image-12001\" src=\"https:\/\/nevask.eu\/wp-content\/uploads\/2026\/01\/16-szin-raktaron-1024x390.png\" alt=\"16 sz\u00edn rakt\u00e1ron\" width=\"197\" height=\"75\" srcset=\"https:\/\/nevask.eu\/wp-content\/uploads\/2026\/01\/16-szin-raktaron-1024x390.png.webp 1024w, https:\/\/nevask.eu\/wp-content\/uploads\/2026\/01\/16-szin-raktaron-300x114.png.webp 300w, https:\/\/nevask.eu\/wp-content\/uploads\/2026\/01\/16-szin-raktaron-768x293.png.webp 768w, https:\/\/nevask.eu\/wp-content\/uploads\/2026\/01\/16-szin-raktaron-1536x586.png.webp 1536w, https:\/\/nevask.eu\/wp-content\/uploads\/2026\/01\/16-szin-raktaron.png 1938w\" sizes=\"auto, (max-width: 197px) 100vw, 197px\" \/><\/a><\/p>\n<p>A NEVA WS100 sodronyos naph\u00e1l\u00f3 alap kivitelben <a href=\"https:\/\/nevask.eu\/hu\/okosotthon-vezerles\/somfy-motorok\/\">Somfy motorral<\/a> van sz\u00e1ll\u00edtva.<\/p>\n\n\t\t\t\n\t\t<\/div>\n\n\n\n\t\t\n\t\t\t<div class=\"cell center top\">\n\t\t\t\t<img decoding=\"async\" src=\"https:\/\/nevask.eu\/wp-content\/uploads\/2026\/01\/Screen-NEVA-WS100-montaz-na-stenu-1024x1024.png\" alt=\"Sodronyos NEVA WS100 screen naph\u00e1l\u00f3\">\n\t\t\t<\/div>\n\n\t\t\n\t<\/div>\n<\/div>\n\n\n\n\n\n<div  class=\"section dark\">\n\t<div class=\"container full left\">\n\t\t<div class=\"cell\">\n\t\t\t<p><img loading=\"lazy\" decoding=\"async\" class=\"alignleft wp-image-7776\" src=\"https:\/\/nevask.eu\/wp-content\/uploads\/2025\/07\/zaruka-skusenosti-neva.png\" alt=\"\" width=\"229\" height=\"80\" \/><\/p>\n<p class=\"p-large\">A szok\u00e1sos k\u00e9t\u00e9ves garancia helyett 5 \u00e9v garanci\u00e1t biztos\u00edtunk minden NEVA screen naph\u00e1l\u00f3nkra.<\/p>\n<p>&nbsp;<\/p>\n<p>&nbsp;<\/p>\n\t\t<\/div>\n\t<\/div>\n<\/div>\n\n\n\n\n\n<div  class=\"section tint\">\n\t<div class=\"container product-gallery slider-mobile\">\n\n\t\t\n\t\t\t\n\t\t\t\t<a class=\"cell\" href=\"https:\/\/nevask.eu\/wp-content\/uploads\/2026\/01\/NEVA-WS100-horny-detail-P-konzola-na-stenu.jpg.webp\">\n\t\t\t\t\t<img decoding=\"async\" class=\"ratio-1x1\" src=\"https:\/\/nevask.eu\/wp-content\/uploads\/2026\/01\/NEVA-WS100-horny-detail-P-konzola-na-stenu-1024x1024.jpg\" alt=\"Screen NEVA WS100 - horn\u00fd prav\u00fd detail\">\n\t\t\t\t<\/a>\n\n\t\t\t\n\t\t\t\t<a class=\"cell\" href=\"https:\/\/nevask.eu\/wp-content\/uploads\/2026\/01\/Screen-NEVA-WS100-spodny-detail.jpg.webp\">\n\t\t\t\t\t<img decoding=\"async\" class=\"ratio-1x1\" src=\"https:\/\/nevask.eu\/wp-content\/uploads\/2026\/01\/Screen-NEVA-WS100-spodny-detail-1024x1024.jpg\" alt=\"Screen NEVA WS100 - spodn\u00fd detail\">\n\t\t\t\t<\/a>\n\n\t\t\t\n\t\t\t\t<a class=\"cell\" href=\"https:\/\/nevask.eu\/wp-content\/uploads\/2026\/01\/Screen-NEVA-WS100-montaz-na-strop-2.jpg.webp\">\n\t\t\t\t\t<img decoding=\"async\" class=\"ratio-1x1\" src=\"https:\/\/nevask.eu\/wp-content\/uploads\/2026\/01\/Screen-NEVA-WS100-montaz-na-strop-2-1024x1024.jpg\" alt=\"Screen NEVA WS100 -montaz konzol na strop - vn\u00fatorn\u00e9 nav\u00edjanie\">\n\t\t\t\t<\/a>\n\n\t\t\t\n\t\t\t\t<a class=\"cell\" href=\"https:\/\/nevask.eu\/wp-content\/uploads\/2026\/01\/Screen-NEVA-WS100-montaz-na-stenu.jpg.webp\">\n\t\t\t\t\t<img decoding=\"async\" class=\"ratio-1x1\" src=\"https:\/\/nevask.eu\/wp-content\/uploads\/2026\/01\/Screen-NEVA-WS100-montaz-na-stenu-1024x1024.jpg\" alt=\"Lankov\u00e1 screenov\u00e1 roleta NEVA WS100\">\n\t\t\t\t<\/a>\n\n\t\t\t\n\t\t\n\t<\/div>\n<\/div>\n\n\n\n\n\n<div  class=\"section dark\">\n\t<div class=\"container full left\">\n\t\t<div class=\"cell\">\n\t\t\t<p class=\"p-large\">A sodronyos naph\u00e1l\u00f3 n\u00e9pszer\u0171 a sarokprofil n\u00e9lk\u00fcli ablakszerkezetekn\u00e9l \u2013 \u00fcveg &#8211; \u00fcveg tal\u00e1lkoz\u00e1s.<\/p>\n<p class=\"p-large\">A naph\u00e1l\u00f3 felh\u00fazott \u00e1llapot\u00e1ban semmi sem fogja eltakarni a t\u00f6k\u00e9letes kil\u00e1t\u00e1st.<\/p>\n\t\t<\/div>\n\t<\/div>\n<\/div>\n\n\n\n\n\n<div  class=\"section white\">\n\n\t\n\t\t<div class=\"container intro\">\n\t\t\t<div class=\"cell\">\n\t\t\t\t<h2>Mit k\u00edn\u00e1lnak a k\u00fclt\u00e9ri sodronyos naph\u00e1l\u00f3k?<\/h2>\n\t\t\t<\/div>\n\t\t<\/div>\n\n\t\n\n\n\t\n\t<div class=\"container cols-33p text-blocks\" style=\"\">\n\n\t\t\n\t\t\t\n\t\t\t\t\n\t\t\t\t<div class=\"cell\" style=\"\">\n\n\t\t\t\t\t\n\t\t\t\t\t\t<div class=\"icon-title\">\n\n\t\t\t\t\t\t\t\t\t\t\t\t\t\t\t<img decoding=\"async\" src=\"https:\/\/nevask.eu\/wp-content\/uploads\/2025\/07\/icon-detail-zatemenie-latkove-rolety-100x100-c-center.webp\" alt=\"piktogram - screenov\u00e1 roleta, zatemnenie\">\n\t\t\t\t\t\t\t\n\t\t\t\t\t\t\t\t\t\t\t\t\t\t\t<h3 class=\"h5\">Egyedi \u00e1rny\u00e9kol\u00e1s<\/h3>\n\t\t\t\t\t\t\t\n\t\t\t\t\t\t<\/div>\n\n\t\t\t\t\t\n\n\n\t\t\t\t\t<p>A NEVA WS100 sodronyos naph\u00e1l\u00f3 16 k\u00fcl\u00f6nb\u00f6z\u0151 \u00e1tl\u00e1tsz\u00f3s\u00e1gi fok\u00fa alap\u00e1ras sz\u00ednben kaphat\u00f3.<\/p>\n<p><a href=\"https:\/\/nevask.eu\/hu\/screen-naphalo-neva\/screen-naphalok-szovetszinei\/\">V\u00e1lassza azt a sz\u00f6vetet<\/a>, amelyik a legjobban illik h\u00e1za homlokzat\u00e1hoz, \u00e9s amelyik a k\u00edv\u00e1nt \u00e1rny\u00e9kol\u00e1si szintet is biztos\u00edtja.<\/p>\n\n\t\t\t\t<\/div>\n\t\t\t\n\t\t\t\t\n\t\t\t\t<div class=\"cell\" style=\"\">\n\n\t\t\t\t\t\n\t\t\t\t\t\t<div class=\"icon-title\">\n\n\t\t\t\t\t\t\t\t\t\t\t\t\t\t\t<img decoding=\"async\" src=\"https:\/\/nevask.eu\/wp-content\/uploads\/2025\/07\/icon-zaluzie-architektonicky-prvek-100x100-c-center-2.webp\" alt=\"piktogram -  geometrick\u00e9 tvary, technick\u00e9 rie\u0161enia\">\n\t\t\t\t\t\t\t\n\t\t\t\t\t\t\t\t\t\t\t\t\t\t\t<h3 class=\"h5\">Mennyezeti vagy fali szerel\u00e9s<\/h3>\n\t\t\t\t\t\t\t\n\t\t\t\t\t\t<\/div>\n\n\t\t\t\t\t\n\n\n\t\t\t\t\t<p><span style=\"font-weight: 400;\">A k\u00fclt\u00e9ri sodronyos naph\u00e1l\u00f3kat tok n\u00e9lk\u00fcl sz\u00e1ll\u00edtjuk, \u00e9s konzolok seg\u00edts\u00e9g\u00e9vel mennyezethez vagy falra r\u00f6gz\u00edtj\u00fck.<\/span><\/p>\n<p><span style=\"font-weight: 400;\">Amint a fenti k\u00e9peken l\u00e1that\u00f3, a sz\u00f6vet k\u00e9tf\u00e9lek\u00e9ppen tekerhet\u0151 fel \u2013 k\u00edv\u00fclr\u0151l (a sz\u00f6vet t\u00e1volabb van az ablakt\u00f3l) vagy bel\u00fclr\u0151l (a sz\u00f6vet k\u00f6zelebb van az ablakhoz).<\/span><\/p>\n\n\t\t\t\t<\/div>\n\t\t\t\n\t\t\t\t\n\t\t\t\t<div class=\"cell\" style=\"\">\n\n\t\t\t\t\t\n\t\t\t\t\t\t<div class=\"icon-title\">\n\n\t\t\t\t\t\t\t\t\t\t\t\t\t\t\t<img decoding=\"async\" src=\"https:\/\/nevask.eu\/wp-content\/uploads\/2025\/07\/icon-detail-luxusny-vzhlad-latkove-rolety-100x100-c-center.webp\" alt=\"piktogram pevne a odoln\u00e9 - diamant\">\n\t\t\t\t\t\t\t\n\t\t\t\t\t\t\t\t\t\t\t\t\t\t\t<h3 class=\"h5\">Minimalista megjelen\u00e9s<\/h3>\n\t\t\t\t\t\t\t\n\t\t\t\t\t\t<\/div>\n\n\t\t\t\t\t\n\n\n\t\t\t\t\t<p>A sodronyos sz\u00f6vet rol\u00f3 nagyon eleg\u00e1ns. A doboz \u00e9s a robusztus vezet\u0151profilok n\u00e9lk\u00fcli konstrukci\u00f3 k\u00f6nny\u0171nek \u00e9s l\u00e9giesnek t\u0171nik. A rozsdamentes ac\u00e9l, m\u0171anyaggal bevont sodrony szinte l\u00e1thatatlan, amit k\u00fcl\u00f6n\u00f6sen akkor fog \u00e9rt\u00e9kelni, ha a rol\u00f3 teljesen fel van h\u00fazva.<\/p>\n\n\t\t\t\t<\/div>\n\t\t\t\n\t\t\n\t<\/div>\n\n\n\n\t\n\t\t<div class=\"container outro center\">\n\t\t\t<div class=\"cell\">\n\n\t\t\t\t\n\t\t\t\t\t\t\t\t\t<a href=\"https:\/\/nevask.eu\/hu\/arajanlat\/arajanlat-screen-naphalo\/\" target=\"\" class=\"button\">K\u00e9rjen \u00e1raj\u00e1nlatot screen naph\u00e1l\u00f3ra \u2192<\/a>\n\t\t\t\t\n\t\t\t<\/div>\n\t\t<\/div>\n\n\t\n<\/div>\n\n\n\n\n\n<div class=\"section white\">\n\t<div class=\"container\">\n\t\t<div class=\"cell\">\n\t\t\t<hr class=\"separator\">\n\t\t<\/div>\n\t<\/div>\n<\/div>\n\n\n\n\n\n\n\n\n<div  class=\"section white\">\n\n\t\n\t\t<div class=\"container intro\">\n\t\t\t<div class=\"cell\">\n\t\t\t\t<h2>A sodronyos NEVA WS100 naph\u00e1l\u00f3 m\u0171szaki param\u00e9terei<\/h2>\n\t\t\t<\/div>\n\t\t<\/div>\n\n\t\n\n\n\t<div class=\"container \">\n\n\t\t\n\t\t\t<div class=\"cell\">\n\n\t\t\t\t\n\n\n\t\t\t\t<div class=\"table-wrapper\"><div class=\"table-wrapper\"><table class=\"nowrap alignleft\">\n<tbody>\n<tr>\n<th>Naph\u00e1l\u00f3 sz\u00e9less\u00e9ge<\/th>\n<td>680 \u2013 4000 mm<\/td>\n<\/tr>\n<tr>\n<th>Naph\u00e1l\u00f3 magass\u00e1ga<\/th>\n<td>400 &#8211; 3500 mm<\/td>\n<\/tr>\n<tr>\n<th>Max. fel\u00fclet<\/th>\n<td>10,4 m2<\/td>\n<\/tr>\n<tr>\n<th>M\u0171k\u00f6dtet\u00e9s<\/th>\n<td>Motor<\/td>\n<\/tr>\n<tr>\n<th>Sz\u00e9l\u00e1ll\u00f3s\u00e1gi oszt\u00e1ly<\/th>\n<td>3. oszt\u00e1lyig<br \/>\n(EN 13561)<\/td>\n<\/tr>\n<\/tbody>\n<\/table><\/div><\/div>\n\n\t\t\t<\/div>\n\n\t\t\n\t<\/div>\n<\/div>\n\n\n\n\n\n<div  class=\"section dark\">\n\t<div class=\"container full left\">\n\t\t<div class=\"cell\">\n\t\t\t<p><img loading=\"lazy\" decoding=\"async\" class=\"alignnone wp-image-2093\" src=\"https:\/\/nevask.eu\/wp-content\/uploads\/2025\/07\/hash-nevapartner_4-300x61.png\" alt=\"hashtag nevapartner - modr\u00e9 na bielom\" width=\"220\" height=\"44\" srcset=\"https:\/\/nevask.eu\/wp-content\/uploads\/2025\/07\/hash-nevapartner_4-300x61.png 300w, https:\/\/nevask.eu\/wp-content\/uploads\/2025\/07\/hash-nevapartner_4.png 689w\" sizes=\"auto, (max-width: 220px) 100vw, 220px\" \/><\/p>\n<p class=\"p-large\"><a href=\"https:\/\/nevask.eu\/hu\/neva-viszonteladok\/\">\u00c9rt\u00e9kes\u00edt\u0151ink<\/a> \u00f6r\u00f6mmel adnak tan\u00e1csot a NEVA sodronyos \u00e9s cipz\u00e1ras naph\u00e1l\u00f3k kiv\u00e1laszt\u00e1s\u00e1ban, vagy egy <a href=\"https:\/\/nevask.eu\/hu\/arajanlat\/arajanlat-screen-naphalo\/\">el\u0151zetes \u00e1raj\u00e1nlat elk\u00e9sz\u00edteben<\/a>.<\/p>\n<p>&nbsp;<\/p>\n\t\t<\/div>\n\t<\/div>\n<\/div>\n\n\n\n\n\n<div  class=\"section white\">\n\t<div class=\"container full left\">\n\t\t<div class=\"cell\">\n\t\t\t<h2 class=\"u-align-left-lg u-align-left-md u-align-left-sm u-align-left-xl u-align-left-xs u-text u-text-default u-text-palette-2-base u-text-1\">NEVA WS100 sodronyos naph\u00e1l\u00f3k sz\u00edne<\/h2>\n<p>16 standard sz\u00f6vet k\u00f6z\u00fcl v\u00e1laszthat \u2013 a <strong>SERG\u00c9 3%-os<\/strong> term\u00e9kcsal\u00e1db\u00f3l, vagy a 4%-os nyitotts\u00e1gi t\u00e9nyez\u0151j\u0171 <strong>SOLTIS Perform 92<\/strong>-b\u0151l.<\/p>\n<p>A tart\u00f3konzolt antracit RAL 7016 sz\u00ednre sz\u00ednterezz\u00fck. A t\u00f6bbi tartoz\u00e9kot b\u00e1rmilyen RAL sz\u00ednre sz\u00ednterezz\u00fck.<\/p>\n<p><img loading=\"lazy\" decoding=\"async\" class=\"alignnone wp-image-11906\" src=\"https:\/\/nevask.eu\/wp-content\/uploads\/2026\/01\/Screen-NEVA-WS100-montaz-na-stenu-2-1024x1024.jpg\" alt=\"Lankov\u00fd screen NEVA WS100 - mont\u00e1\u017e na stenu, l\u00e1tka bli\u017e\u0161ie o oknu\" width=\"800\" height=\"800\" srcset=\"https:\/\/nevask.eu\/wp-content\/uploads\/2026\/01\/Screen-NEVA-WS100-montaz-na-stenu-2-1024x1024.jpg.webp 1024w, https:\/\/nevask.eu\/wp-content\/uploads\/2026\/01\/Screen-NEVA-WS100-montaz-na-stenu-2-300x300.jpg.webp 300w, https:\/\/nevask.eu\/wp-content\/uploads\/2026\/01\/Screen-NEVA-WS100-montaz-na-stenu-2-150x150.jpg.webp 150w, https:\/\/nevask.eu\/wp-content\/uploads\/2026\/01\/Screen-NEVA-WS100-montaz-na-stenu-2-768x768.jpg.webp 768w, https:\/\/nevask.eu\/wp-content\/uploads\/2026\/01\/Screen-NEVA-WS100-montaz-na-stenu-2.jpg.webp 1200w\" sizes=\"auto, (max-width: 800px) 100vw, 800px\" \/><\/p>\n\t\t<\/div>\n\t<\/div>\n<\/div>\n\n\n\n\n\n\n\n\n<div  class=\"section white\">\n\n\t\n\t\t\t<div class=\"container col-70p-center center\">\n\t\t\t\t<div class=\"cell\">\n\t\t\t\t\t\n\t\t\n\t\t\t\t\t<a href=\"https:\/\/nevask.eu\/hu\/neva-viszonteladok\/\" target=\"\" class=\"button\">Legk\u00f6zelebbi viszontelad\u00f3 \u2192<\/a>\n\t\t\n\t\t\t\t\t\t<\/div>\n\t\t\t<\/div>\n\n\t\t\t\n<\/div>\n","protected":false},"excerpt":{"rendered":"","protected":false},"author":53,"featured_media":12098,"parent":7764,"menu_order":0,"comment_status":"closed","ping_status":"closed","template":"","meta":{"_acf_changed":false,"inline_featured_image":false,"footnotes":""},"class_list":["post-11886","page","type-page","status-publish","has-post-thumbnail","hentry"],"acf":[],"yoast_head":"<!-- This site is optimized with the Yoast SEO plugin v27.4 - https:\/\/yoast.com\/product\/yoast-seo-wordpress\/ -->\n<title>NEVA WS100 screen naph\u00e1l\u00f3 sodronyos megvezet\u00e9ssel<\/title>\n<meta name=\"description\" content=\"K\u00fclt\u00e9ri sz\u00f6vet rol\u00f3 sodronyos megvezet\u00e9ssel. Eleg\u00e1ns \u00e9s gazdas\u00e1gos \u00e1rny\u00e9kol\u00e1s. Motoros vez\u00e9rl\u00e9s. 5 \u00e9v garancia.\" \/>\n<meta name=\"robots\" content=\"index, follow, max-snippet:-1, max-image-preview:large, max-video-preview:-1\" \/>\n<link rel=\"canonical\" href=\"https:\/\/nevask.eu\/hu\/screen-naphalo-neva\/neva-ws100\/\" \/>\n<meta property=\"og:locale\" content=\"hu_HU\" \/>\n<meta property=\"og:type\" content=\"article\" \/>\n<meta property=\"og:title\" content=\"NEVA WS100 screen naph\u00e1l\u00f3 sodronyos megvezet\u00e9ssel\" \/>\n<meta property=\"og:description\" content=\"K\u00fclt\u00e9ri sz\u00f6vet rol\u00f3 sodronyos megvezet\u00e9ssel. Eleg\u00e1ns \u00e9s gazdas\u00e1gos \u00e1rny\u00e9kol\u00e1s. Motoros vez\u00e9rl\u00e9s. 5 \u00e9v garancia.\" \/>\n<meta property=\"og:url\" content=\"https:\/\/nevask.eu\/hu\/screen-naphalo-neva\/neva-ws100\/\" \/>\n<meta property=\"og:site_name\" content=\"NEVA\" \/>\n<meta property=\"article:modified_time\" content=\"2026-01-15T10:08:11+00:00\" \/>\n<meta property=\"og:image\" content=\"https:\/\/nevask.eu\/wp-content\/uploads\/2026\/01\/social-NEVA-WS100-scaled.jpg\" \/>\n\t<meta property=\"og:image:width\" content=\"2560\" \/>\n\t<meta property=\"og:image:height\" content=\"1479\" \/>\n\t<meta property=\"og:image:type\" content=\"image\/jpeg\" \/>\n<meta name=\"twitter:card\" content=\"summary_large_image\" \/>\n<meta name=\"twitter:label1\" content=\"Becs\u00fclt olvas\u00e1si id\u0151\" \/>\n\t<meta name=\"twitter:data1\" content=\"5 perc\" \/>\n<!-- \/ Yoast SEO plugin. -->","yoast_head_json":{"title":"NEVA WS100 screen naph\u00e1l\u00f3 sodronyos megvezet\u00e9ssel","description":"K\u00fclt\u00e9ri sz\u00f6vet rol\u00f3 sodronyos megvezet\u00e9ssel. Eleg\u00e1ns \u00e9s gazdas\u00e1gos \u00e1rny\u00e9kol\u00e1s. Motoros vez\u00e9rl\u00e9s. 5 \u00e9v garancia.","robots":{"index":"index","follow":"follow","max-snippet":"max-snippet:-1","max-image-preview":"max-image-preview:large","max-video-preview":"max-video-preview:-1"},"canonical":"https:\/\/nevask.eu\/hu\/screen-naphalo-neva\/neva-ws100\/","og_locale":"hu_HU","og_type":"article","og_title":"NEVA WS100 screen naph\u00e1l\u00f3 sodronyos megvezet\u00e9ssel","og_description":"K\u00fclt\u00e9ri sz\u00f6vet rol\u00f3 sodronyos megvezet\u00e9ssel. Eleg\u00e1ns \u00e9s gazdas\u00e1gos \u00e1rny\u00e9kol\u00e1s. Motoros vez\u00e9rl\u00e9s. 5 \u00e9v garancia.","og_url":"https:\/\/nevask.eu\/hu\/screen-naphalo-neva\/neva-ws100\/","og_site_name":"NEVA","article_modified_time":"2026-01-15T10:08:11+00:00","og_image":[{"width":2560,"height":1479,"url":"https:\/\/nevask.eu\/wp-content\/uploads\/2026\/01\/social-NEVA-WS100-scaled.jpg","type":"image\/jpeg"}],"twitter_card":"summary_large_image","twitter_misc":{"Becs\u00fclt olvas\u00e1si id\u0151":"5 perc"},"schema":{"@context":"https:\/\/schema.org","@graph":[{"@type":"WebPage","@id":"https:\/\/nevask.eu\/hu\/screen-naphalo-neva\/neva-ws100\/","url":"https:\/\/nevask.eu\/hu\/screen-naphalo-neva\/neva-ws100\/","name":"NEVA WS100 screen naph\u00e1l\u00f3 sodronyos megvezet\u00e9ssel","isPartOf":{"@id":"https:\/\/nevask.eu\/hu\/#website"},"primaryImageOfPage":{"@id":"https:\/\/nevask.eu\/hu\/screen-naphalo-neva\/neva-ws100\/#primaryimage"},"image":{"@id":"https:\/\/nevask.eu\/hu\/screen-naphalo-neva\/neva-ws100\/#primaryimage"},"thumbnailUrl":"https:\/\/nevask.eu\/wp-content\/uploads\/2026\/01\/social-NEVA-WS100-scaled.jpg.webp","datePublished":"2026-01-09T12:24:23+00:00","dateModified":"2026-01-15T10:08:11+00:00","description":"K\u00fclt\u00e9ri sz\u00f6vet rol\u00f3 sodronyos megvezet\u00e9ssel. Eleg\u00e1ns \u00e9s gazdas\u00e1gos \u00e1rny\u00e9kol\u00e1s. Motoros vez\u00e9rl\u00e9s. 5 \u00e9v garancia.","breadcrumb":{"@id":"https:\/\/nevask.eu\/hu\/screen-naphalo-neva\/neva-ws100\/#breadcrumb"},"inLanguage":"hu","potentialAction":[{"@type":"ReadAction","target":["https:\/\/nevask.eu\/hu\/screen-naphalo-neva\/neva-ws100\/"]}]},{"@type":"ImageObject","inLanguage":"hu","@id":"https:\/\/nevask.eu\/hu\/screen-naphalo-neva\/neva-ws100\/#primaryimage","url":"https:\/\/nevask.eu\/wp-content\/uploads\/2026\/01\/social-NEVA-WS100-scaled.jpg.webp","contentUrl":"https:\/\/nevask.eu\/wp-content\/uploads\/2026\/01\/social-NEVA-WS100-scaled.jpg.webp","width":2560,"height":1479,"caption":"NEVA WS100"},{"@type":"BreadcrumbList","@id":"https:\/\/nevask.eu\/hu\/screen-naphalo-neva\/neva-ws100\/#breadcrumb","itemListElement":[{"@type":"ListItem","position":1,"name":"Home","item":"https:\/\/nevask.eu\/hu\/"},{"@type":"ListItem","position":2,"name":"Screen naph\u00e1l\u00f3 NEVA","item":"https:\/\/nevask.eu\/hu\/screen-naphalo-neva\/"},{"@type":"ListItem","position":3,"name":"NEVA WS100"}]},{"@type":"WebSite","@id":"https:\/\/nevask.eu\/hu\/#website","url":"https:\/\/nevask.eu\/hu\/","name":"NEVA","description":"Vonkaj\u0161ie \u017eal\u00fazie a screenov\u00e9 rolety","potentialAction":[{"@type":"SearchAction","target":{"@type":"EntryPoint","urlTemplate":"https:\/\/nevask.eu\/hu\/?s={search_term_string}"},"query-input":{"@type":"PropertyValueSpecification","valueRequired":true,"valueName":"search_term_string"}}],"inLanguage":"hu"}]}},"_links":{"self":[{"href":"https:\/\/nevask.eu\/hu\/wp-json\/wp\/v2\/pages\/11886","targetHints":{"allow":["GET"]}}],"collection":[{"href":"https:\/\/nevask.eu\/hu\/wp-json\/wp\/v2\/pages"}],"about":[{"href":"https:\/\/nevask.eu\/hu\/wp-json\/wp\/v2\/types\/page"}],"author":[{"embeddable":true,"href":"https:\/\/nevask.eu\/hu\/wp-json\/wp\/v2\/users\/53"}],"replies":[{"embeddable":true,"href":"https:\/\/nevask.eu\/hu\/wp-json\/wp\/v2\/comments?post=11886"}],"version-history":[{"count":20,"href":"https:\/\/nevask.eu\/hu\/wp-json\/wp\/v2\/pages\/11886\/revisions"}],"predecessor-version":[{"id":12027,"href":"https:\/\/nevask.eu\/hu\/wp-json\/wp\/v2\/pages\/11886\/revisions\/12027"}],"up":[{"embeddable":true,"href":"https:\/\/nevask.eu\/hu\/wp-json\/wp\/v2\/pages\/7764"}],"wp:featuredmedia":[{"embeddable":true,"href":"https:\/\/nevask.eu\/hu\/wp-json\/wp\/v2\/media\/12098"}],"wp:attachment":[{"href":"https:\/\/nevask.eu\/hu\/wp-json\/wp\/v2\/media?parent=11886"}],"curies":[{"name":"wp","href":"https:\/\/api.w.org\/{rel}","templated":true}]}}