{"id":12243,"date":"2026-01-19T15:09:06","date_gmt":"2026-01-19T14:09:06","guid":{"rendered":"https:\/\/nevask.eu\/?page_id=12243"},"modified":"2026-02-03T15:33:49","modified_gmt":"2026-02-03T14:33:49","slug":"kaiser","status":"publish","type":"page","link":"https:\/\/nevask.eu\/hu\/okosotthon-vezerles\/kaiser\/","title":{"rendered":"Kaiser"},"content":{"rendered":"\n\n\n\n\n\n<div class=\"section narrow white\">\n\t<div class=\"container\">\n\t\t<div class=\"cell\">\n\t\t\t<ul class=\"breadcrumbs\">\n\t\t\t\t<li><a href=\"https:\/\/nevask.eu\/hu\/\">Home<\/a><\/li>\n\n\t\t\t\t\n\t\t\t<\/ul>\n\t\t<\/div>\n\t<\/div>\n<\/div>\n\n\n\n\n\n<div  class=\"section white\">\n\t<div class=\"container\">\n\t\t<div class=\"cell image h420\">\n\n\t\t\t\t\t\t\t<img decoding=\"async\" src=\"https:\/\/nevask.eu\/wp-content\/uploads\/2026\/01\/OVLADAC-KAISER-MANO-1-v-ruke.jpg.webp\" alt=\"Egy n\u0151 egy KAISER MANO t\u00e1vir\u00e1ny\u00edt\u00f3t tart a kez\u00e9ben\">\n\t\t\t\n\t\t<\/div>\n\t<\/div>\n<\/div>\n\n\n\n\n\n<div  class=\"section white\">\n\t<div class=\"container full left\">\n\t\t<div class=\"cell\">\n\t\t\t<h1>T\u00e1vir\u00e1ny\u00edt\u00f3k napelemes zsaluzia rendszerekhez<\/h1>\n<p><a href=\"https:\/\/nevask.eu\/hu\/kulteri-zsaluzia-neva\/napelemes-kulteri-zsaluziak\/\">A NEVA k\u00fclt\u00e9ri napelemes zsaluzia<\/a> rendszereket st\u00edlusosan vez\u00e9relheti a KAISER vezet\u00e9k n\u00e9lk\u00fcli r\u00e1di\u00f3s t\u00e1vir\u00e1ny\u00edt\u00f3ival. V\u00e1laszthat az egycsatorn\u00e1s MANO 1 vagy NIVEL 1 modellek k\u00f6z\u00fcl. Ha egyetlen t\u00e1vir\u00e1ny\u00edt\u00f3val t\u00f6bb zsaluzia vez\u00e9rl\u00e9s\u00e9t szeretn\u00e9 megoldani, akkor az 5 csatorn\u00e1s ADESSO vagy a 15 csatorn\u00e1s NIVEL 15 a megfelel\u0151 v\u00e1laszt\u00e1s.<\/p>\n<p>A modern r\u00e1di\u00f3s t\u00e1vir\u00e1ny\u00edt\u00f3k rendk\u00edv\u00fcl intuit\u00edvak \u00e9s eleg\u00e1nsak. Lehet\u0151v\u00e9 teszik a zsaluzia lamell\u00e1inak gyors \u00e9s pontos billent\u00e9s\u00e9t, \u00edgy teljes kontrollt biztos\u00edtanak a be\u00e1raml\u00f3 term\u00e9szetes f\u00e9ny felett.<\/p>\n<p>V\u00e1lassza ki azt a v\u00e1ltozatot, amely legink\u00e1bb megfelel az \u00d6n st\u00edlus\u00e1nak.<\/p>\n\t\t<\/div>\n\t<\/div>\n<\/div>\n\n\n\n\n\n<div class=\"section white\">\n\t<div class=\"container\">\n\t\t<div class=\"cell\">\n\t\t\t<hr class=\"separator\">\n\t\t<\/div>\n\t<\/div>\n<\/div>\n\n\n\n\n\n\n\n\n<div  class=\"section white\">\n\t<div class=\"container cols-50p\">\n\n\t\t\n\n\n\t\t<div class=\"cell\">\n\n\t\t\t<h2>KAISER Mano 1 t\u00e1vir\u00e1ny\u00edt\u00f3 (egycsatorn\u00e1s)<\/h2>\n<p>Az 1 csatorn\u00e1s Mano 1 t\u00e1vir\u00e1ny\u00edt\u00f3 vonz\u00f3 minimalista diz\u00e1jnj\u00e1val \u00e9s alum\u00ednium keret\u00e9vel leny\u0171g\u00f6z\u0151. A m\u00e1gneses fali tart\u00f3 tartoz\u00e9k.<\/p>\n<p>Csatorn\u00e1k sz\u00e1ma: 1<br \/>\nM\u00e9ret (sz x m x m): 45 x 131 x 11 mm<br \/>\nT\u00e1pell\u00e1t\u00e1s: 3 V-os elem (CR 2450)<\/p>\n<p>R\u00e1di\u00f3rendszer: k\u00e9tir\u00e1ny\u00fa<br \/>\nR\u00e1di\u00f3frekvencia: 433 MHz<\/p>\n<p>&nbsp;<\/p>\n\n\t\t\t\n\t\t<\/div>\n\n\n\n\t\t\n\t\t\t<div class=\"cell center vcenter\">\n\t\t\t\t<img decoding=\"async\" src=\"https:\/\/nevask.eu\/wp-content\/uploads\/2026\/01\/KAISER-Mano-1-1024x1024.png\" alt=\"Ovl\u00e1da\u010d Kaiser Mano 1\">\n\t\t\t<\/div>\n\n\t\t\n\t<\/div>\n<\/div>\n\n\n\n\n\n<div class=\"section white\">\n\t<div class=\"container\">\n\t\t<div class=\"cell\">\n\t\t\t<hr class=\"separator\">\n\t\t<\/div>\n\t<\/div>\n<\/div>\n\n\n\n\n\n\n\n\n<div  class=\"section white\">\n\t<div class=\"container cols-50p\">\n\n\t\t\n\n\n\t\t<div class=\"cell\">\n\n\t\t\t<h2>KAISER Nivel 1 t\u00e1vir\u00e1ny\u00edt\u00f3 (egycsatorn\u00e1s)<\/h2>\n<p>A Kaiser Nienhaus Nivel 1 t\u00e1vir\u00e1ny\u00edt\u00f3ja az id\u0151tlen diz\u00e1jnt \u00f6tv\u00f6zve a praktikus funkcionalit\u00e1ssal. Egy val\u00f3di \u00fcvegbor\u00edt\u00e1ssal \u00e9s \u00e9rint\u0151s vez\u00e9rl\u00e9ssel, amelyet eleg\u00e1ns alum\u00ednium keret eg\u00e9sz\u00edt ki.<\/p>\n<p>A csomag tartalmaz egy m\u00e1gneses fali tart\u00f3t, amelynek k\u00f6sz\u00f6nhet\u0151en a t\u00e1vir\u00e1ny\u00edt\u00f3 letisztult \u00e9s modern megjelen\u00e9s\u0171 a falon \u2013 mintha finoman lebegne.<\/p>\n<p>Csatorn\u00e1k sz\u00e1ma: 1<br \/>\nM\u00e9ret (sz x m x m): 45 x 131 x 11 mm<br \/>\nT\u00e1pell\u00e1t\u00e1s: 3 V-os elem (CR 2450)<\/p>\n<p>R\u00e1di\u00f3rendszer: k\u00e9tir\u00e1ny\u00fa<br \/>\nR\u00e1di\u00f3frekvencia: 433,92 MHz<\/p>\n\n\t\t\t\n\t\t<\/div>\n\n\n\n\t\t\n\t\t\t<div class=\"cell center vcenter\">\n\t\t\t\t<img decoding=\"async\" src=\"https:\/\/nevask.eu\/wp-content\/uploads\/2026\/01\/KAISER-Nivel-1-1024x1024.png\" alt=\"Ovl\u00e1da\u010d Kaiser Nivel 1\">\n\t\t\t<\/div>\n\n\t\t\n\t<\/div>\n<\/div>\n\n\n\n\n\n<div class=\"section white\">\n\t<div class=\"container\">\n\t\t<div class=\"cell\">\n\t\t\t<hr class=\"separator\">\n\t\t<\/div>\n\t<\/div>\n<\/div>\n\n\n\n\n\n\n\n\n<div  class=\"section white\">\n\t<div class=\"container cols-50p\">\n\n\t\t\n\n\n\t\t<div class=\"cell\">\n\n\t\t\t<h2>KAISER Adesso 5 t\u00e1vir\u00e1ny\u00edt\u00f3 (5 csatorn\u00e1s)<\/h2>\n<p>Az Adesso r\u00e1di\u00f3s t\u00e1vir\u00e1ny\u00edt\u00f3 be\u00e9p\u00edtett id\u0151z\u00edt\u0151vel \u00fagy lett kialak\u00edtva, hogy haszn\u00e1lata k\u00f6nny\u0171 \u00e9s term\u00e9szetes legyen. Az eleg\u00e1ns alum\u00ednium keret \u00e9s a m\u00e1gneses fali tart\u00f3 modern megjelen\u00e9st k\u00f6lcs\u00f6n\u00f6z. M\u00e1r tapint\u00e1sra is \u00e9rezhet\u0151 a kidolgoz\u00e1s min\u0151s\u00e9ge.<\/p>\n<p>A programoz\u00e1s gyors \u00e9s egyszer\u0171, \u00edgy k\u00f6nnyed\u00e9n haszn\u00e1lhatja id\u0151z\u00edt\u0151k\u00e9nt otthona \u00f6sszes \u00e1rny\u00e9kol\u00f3j\u00e1nak automatikus vez\u00e9rl\u00e9s\u00e9hez. H\u00e1rom m\u00f3d k\u00f6z\u00fcl v\u00e1laszthatsz \u2013 manu\u00e1lis, automatikus \u00e9s v\u00e9letlenszer\u0171 \u2013 att\u00f3l f\u00fcgg\u0151en, hogyan szeretn\u00e9 vez\u00e9relni az \u00e1rny\u00e9kol\u00e1st.<\/p>\n<p>Csatorn\u00e1k sz\u00e1ma: 5<br \/>\nM\u00e9ret (sz x m x m): 45 x 131 x 11 mm<br \/>\nT\u00e1pell\u00e1t\u00e1s: 3 V-os elem (CR 2450)<\/p>\n<p>R\u00e1di\u00f3rendszer: k\u00e9tir\u00e1ny\u00fa<br \/>\nR\u00e1di\u00f3frekvencia: 433 MHz<\/p>\n\n\t\t\t\n\t\t<\/div>\n\n\n\n\t\t\n\t\t\t<div class=\"cell center vcenter\">\n\t\t\t\t<img decoding=\"async\" src=\"https:\/\/nevask.eu\/wp-content\/uploads\/2026\/01\/KAISER-Adesso-5-1024x1024.png\" alt=\"Ovl\u00e1da\u010d Kaiser Adesso 5\">\n\t\t\t<\/div>\n\n\t\t\n\t<\/div>\n<\/div>\n\n\n\n\n\n<div class=\"section white\">\n\t<div class=\"container\">\n\t\t<div class=\"cell\">\n\t\t\t<hr class=\"separator\">\n\t\t<\/div>\n\t<\/div>\n<\/div>\n\n\n\n\n\n\n\n\n<div  class=\"section white\">\n\t<div class=\"container cols-50p\">\n\n\t\t\n\n\n\t\t<div class=\"cell\">\n\n\t\t\t<h2>KAISER Nivel 15 t\u00e1vir\u00e1ny\u00edt\u00f3 (15 csatorn\u00e1s)<\/h2>\n<p>A Kaiser Nienhaus Nivel 15 t\u00e1vad\u00f3 a modern megjelen\u00e9st a mindennapi \u00e9letben val\u00f3 praktikus haszn\u00e1lattal \u00f6tv\u00f6zi.<\/p>\n<p>Pr\u00e9mium \u00e9rzetet kelt az \u00e9rint\u0151k\u00e9perny\u0151s vez\u00e9rl\u0151kkel ell\u00e1tott \u00fcvegbor\u00edt\u00e1snak k\u00f6sz\u00f6nhet\u0151en, amelyet egy eleg\u00e1ns alum\u00ednium keret eg\u00e9sz\u00edt ki. A csomag tartalmaz egy m\u00e1gneses fali tart\u00f3t is, amelynek k\u00f6sz\u00f6nhet\u0151en a vez\u00e9rl\u0151 letisztult \u00e9s diszkr\u00e9t megjelen\u00e9s\u0171 a falon \u2013 mintha lebegne.<\/p>\n<p>Ez a 15 csatorn\u00e1s vez\u00e9rl\u0151 lehet\u0151v\u00e9 teszi t\u00f6bb zsaluzia k\u00e9nyelmes vez\u00e9rl\u00e9s\u00e9t.<\/p>\n<p>Csatorn\u00e1k sz\u00e1ma: 15<br \/>\nM\u00e9ret (sz x m x m): 45 x 131 x 11 mm<br \/>\nT\u00e1pell\u00e1t\u00e1s: 3 V-os elem (CR 2450)<\/p>\n<p>R\u00e1di\u00f3rendszer: k\u00e9tir\u00e1ny\u00fa<br \/>\nR\u00e1di\u00f3frekvencia: 433,92 MHz<\/p>\n\n\t\t\t\n\t\t<\/div>\n\n\n\n\t\t\n\t\t\t<div class=\"cell center vcenter\">\n\t\t\t\t<img decoding=\"async\" src=\"https:\/\/nevask.eu\/wp-content\/uploads\/2026\/01\/KAISER-Nivel-15_-1024x1024.png\" alt=\"Ovl\u00e1da\u010d kaiser Adesso 15\">\n\t\t\t<\/div>\n\n\t\t\n\t<\/div>\n<\/div>\n\n\n\n\n\n<div  class=\"section dark\">\n\t<div class=\"container full left\">\n\t\t<div class=\"cell\">\n\t\t\t<p><img loading=\"lazy\" decoding=\"async\" class=\"alignnone wp-image-2093\" src=\"https:\/\/nevask.eu\/wp-content\/uploads\/2025\/07\/hash-nevapartner_4-300x61.png\" alt=\"hashtag nevapartner - modr\u00e9 na bielom\" width=\"220\" height=\"44\" srcset=\"https:\/\/nevask.eu\/wp-content\/uploads\/2025\/07\/hash-nevapartner_4-300x61.png 300w, https:\/\/nevask.eu\/wp-content\/uploads\/2025\/07\/hash-nevapartner_4.png 689w\" sizes=\"auto, (max-width: 220px) 100vw, 220px\" \/><\/p>\n<p class=\"p-large\" style=\"text-align: left\">A <a href=\"https:\/\/nevask.eu\/hu\/neva-viszonteladok\/\">#nevapartner h\u00e1l\u00f3zatba<\/a> tartoz\u00f3 viszontelad\u00f3 \u00e9s telep\u00edt\u0151 partnereink k\u00e9szs\u00e9ggel \u00e1llnak rendelkez\u00e9s\u00e9re, amennyiben m\u0171szaki tan\u00e1csra, vagy term\u00e9kmint\u00e1kra van sz\u00fcks\u00e9ge a legmegfelel\u0151bb NEVA \u00e1rny\u00e9kol\u00f3 kiv\u00e1laszt\u00e1s\u00e1hoz. Ezut\u00e1n m\u00e1r csak egy l\u00e9p\u00e9sre van az <a href=\"https:\/\/nevask.eu\/hu\/arajanlat\/\">\u00e1raj\u00e1nlat<\/a> kidolgoz\u00e1s\u00e1t\u00f3l.<\/p>\n\t\t<\/div>\n\t<\/div>\n<\/div>\n","protected":false},"excerpt":{"rendered":"","protected":false},"author":53,"featured_media":12176,"parent":6341,"menu_order":0,"comment_status":"closed","ping_status":"closed","template":"","meta":{"_acf_changed":false,"inline_featured_image":false,"footnotes":""},"class_list":["post-12243","page","type-page","status-publish","has-post-thumbnail","hentry"],"acf":[],"yoast_head":"<!-- This site is optimized with the Yoast SEO plugin v27.5 - https:\/\/yoast.com\/product\/yoast-seo-wordpress\/ -->\n<title>T\u00e1vir\u00e1ny\u00edt\u00f3k szol\u00e1ris zsaluzia rendszerekhez | KAISER | NEVA<\/title>\n<meta name=\"description\" content=\"Vez\u00e9relje a NEVA k\u00fclt\u00e9ri szol\u00e1ris zsaluzia rendszereket st\u00edlusos, n\u00e9met KAISER t\u00e1vir\u00e1ny\u00edt\u00f3kkal.\" \/>\n<meta name=\"robots\" content=\"index, follow, max-snippet:-1, max-image-preview:large, max-video-preview:-1\" \/>\n<link rel=\"canonical\" href=\"https:\/\/nevask.eu\/hu\/okosotthon-vezerles\/kaiser\/\" \/>\n<meta property=\"og:locale\" content=\"hu_HU\" \/>\n<meta property=\"og:type\" content=\"article\" \/>\n<meta property=\"og:title\" content=\"T\u00e1vir\u00e1ny\u00edt\u00f3k szol\u00e1ris zsaluzia rendszerekhez | KAISER | NEVA\" \/>\n<meta property=\"og:description\" content=\"Vez\u00e9relje a NEVA k\u00fclt\u00e9ri szol\u00e1ris zsaluzia rendszereket st\u00edlusos, n\u00e9met KAISER t\u00e1vir\u00e1ny\u00edt\u00f3kkal.\" \/>\n<meta property=\"og:url\" content=\"https:\/\/nevask.eu\/hu\/okosotthon-vezerles\/kaiser\/\" \/>\n<meta property=\"og:site_name\" content=\"NEVA\" \/>\n<meta property=\"article:modified_time\" content=\"2026-02-03T14:33:49+00:00\" \/>\n<meta property=\"og:image\" content=\"https:\/\/nevask.eu\/wp-content\/uploads\/2026\/01\/OVLADAC-KAISER-MANO-1-v-ruke.jpg\" \/>\n\t<meta property=\"og:image:width\" content=\"1767\" \/>\n\t<meta property=\"og:image:height\" content=\"1262\" \/>\n\t<meta property=\"og:image:type\" content=\"image\/jpeg\" \/>\n<meta name=\"twitter:card\" content=\"summary_large_image\" \/>\n<meta name=\"twitter:label1\" content=\"Becs\u00fclt olvas\u00e1si id\u0151\" \/>\n\t<meta name=\"twitter:data1\" content=\"4 perc\" \/>\n<!-- \/ Yoast SEO plugin. -->","yoast_head_json":{"title":"T\u00e1vir\u00e1ny\u00edt\u00f3k szol\u00e1ris zsaluzia rendszerekhez | KAISER | NEVA","description":"Vez\u00e9relje a NEVA k\u00fclt\u00e9ri szol\u00e1ris zsaluzia rendszereket st\u00edlusos, n\u00e9met KAISER t\u00e1vir\u00e1ny\u00edt\u00f3kkal.","robots":{"index":"index","follow":"follow","max-snippet":"max-snippet:-1","max-image-preview":"max-image-preview:large","max-video-preview":"max-video-preview:-1"},"canonical":"https:\/\/nevask.eu\/hu\/okosotthon-vezerles\/kaiser\/","og_locale":"hu_HU","og_type":"article","og_title":"T\u00e1vir\u00e1ny\u00edt\u00f3k szol\u00e1ris zsaluzia rendszerekhez | KAISER | NEVA","og_description":"Vez\u00e9relje a NEVA k\u00fclt\u00e9ri szol\u00e1ris zsaluzia rendszereket st\u00edlusos, n\u00e9met KAISER t\u00e1vir\u00e1ny\u00edt\u00f3kkal.","og_url":"https:\/\/nevask.eu\/hu\/okosotthon-vezerles\/kaiser\/","og_site_name":"NEVA","article_modified_time":"2026-02-03T14:33:49+00:00","og_image":[{"width":1767,"height":1262,"url":"https:\/\/nevask.eu\/wp-content\/uploads\/2026\/01\/OVLADAC-KAISER-MANO-1-v-ruke.jpg","type":"image\/jpeg"}],"twitter_card":"summary_large_image","twitter_misc":{"Becs\u00fclt olvas\u00e1si id\u0151":"4 perc"},"schema":{"@context":"https:\/\/schema.org","@graph":[{"@type":"WebPage","@id":"https:\/\/nevask.eu\/hu\/okosotthon-vezerles\/kaiser\/","url":"https:\/\/nevask.eu\/hu\/okosotthon-vezerles\/kaiser\/","name":"T\u00e1vir\u00e1ny\u00edt\u00f3k szol\u00e1ris zsaluzia rendszerekhez | KAISER | NEVA","isPartOf":{"@id":"https:\/\/nevask.eu\/hu\/#website"},"primaryImageOfPage":{"@id":"https:\/\/nevask.eu\/hu\/okosotthon-vezerles\/kaiser\/#primaryimage"},"image":{"@id":"https:\/\/nevask.eu\/hu\/okosotthon-vezerles\/kaiser\/#primaryimage"},"thumbnailUrl":"https:\/\/nevask.eu\/wp-content\/uploads\/2026\/01\/OVLADAC-KAISER-MANO-1-v-ruke.jpg.webp","datePublished":"2026-01-19T14:09:06+00:00","dateModified":"2026-02-03T14:33:49+00:00","description":"Vez\u00e9relje a NEVA k\u00fclt\u00e9ri szol\u00e1ris zsaluzia rendszereket st\u00edlusos, n\u00e9met KAISER t\u00e1vir\u00e1ny\u00edt\u00f3kkal.","breadcrumb":{"@id":"https:\/\/nevask.eu\/hu\/okosotthon-vezerles\/kaiser\/#breadcrumb"},"inLanguage":"hu","potentialAction":[{"@type":"ReadAction","target":["https:\/\/nevask.eu\/hu\/okosotthon-vezerles\/kaiser\/"]}]},{"@type":"ImageObject","inLanguage":"hu","@id":"https:\/\/nevask.eu\/hu\/okosotthon-vezerles\/kaiser\/#primaryimage","url":"https:\/\/nevask.eu\/wp-content\/uploads\/2026\/01\/OVLADAC-KAISER-MANO-1-v-ruke.jpg.webp","contentUrl":"https:\/\/nevask.eu\/wp-content\/uploads\/2026\/01\/OVLADAC-KAISER-MANO-1-v-ruke.jpg.webp","width":1767,"height":1262,"caption":"Egy n\u0151 egy KAISER MANO t\u00e1vir\u00e1ny\u00edt\u00f3t tart a kez\u00e9ben"},{"@type":"BreadcrumbList","@id":"https:\/\/nevask.eu\/hu\/okosotthon-vezerles\/kaiser\/#breadcrumb","itemListElement":[{"@type":"ListItem","position":1,"name":"Home","item":"https:\/\/nevask.eu\/hu\/"},{"@type":"ListItem","position":2,"name":"Okosotthon vezerl\u00e9s","item":"https:\/\/nevask.eu\/hu\/okosotthon-vezerles\/"},{"@type":"ListItem","position":3,"name":"Kaiser"}]},{"@type":"WebSite","@id":"https:\/\/nevask.eu\/hu\/#website","url":"https:\/\/nevask.eu\/hu\/","name":"NEVA","description":"Vonkaj\u0161ie \u017eal\u00fazie a screenov\u00e9 rolety","potentialAction":[{"@type":"SearchAction","target":{"@type":"EntryPoint","urlTemplate":"https:\/\/nevask.eu\/hu\/?s={search_term_string}"},"query-input":{"@type":"PropertyValueSpecification","valueRequired":true,"valueName":"search_term_string"}}],"inLanguage":"hu"}]}},"_links":{"self":[{"href":"https:\/\/nevask.eu\/hu\/wp-json\/wp\/v2\/pages\/12243","targetHints":{"allow":["GET"]}}],"collection":[{"href":"https:\/\/nevask.eu\/hu\/wp-json\/wp\/v2\/pages"}],"about":[{"href":"https:\/\/nevask.eu\/hu\/wp-json\/wp\/v2\/types\/page"}],"author":[{"embeddable":true,"href":"https:\/\/nevask.eu\/hu\/wp-json\/wp\/v2\/users\/53"}],"replies":[{"embeddable":true,"href":"https:\/\/nevask.eu\/hu\/wp-json\/wp\/v2\/comments?post=12243"}],"version-history":[{"count":8,"href":"https:\/\/nevask.eu\/hu\/wp-json\/wp\/v2\/pages\/12243\/revisions"}],"predecessor-version":[{"id":12564,"href":"https:\/\/nevask.eu\/hu\/wp-json\/wp\/v2\/pages\/12243\/revisions\/12564"}],"up":[{"embeddable":true,"href":"https:\/\/nevask.eu\/hu\/wp-json\/wp\/v2\/pages\/6341"}],"wp:featuredmedia":[{"embeddable":true,"href":"https:\/\/nevask.eu\/hu\/wp-json\/wp\/v2\/media\/12176"}],"wp:attachment":[{"href":"https:\/\/nevask.eu\/hu\/wp-json\/wp\/v2\/media?parent=12243"}],"curies":[{"name":"wp","href":"https:\/\/api.w.org\/{rel}","templated":true}]}}