{"id":12567,"date":"2026-01-30T10:30:04","date_gmt":"2026-01-30T09:30:04","guid":{"rendered":"https:\/\/nevask.eu\/?page_id=12567"},"modified":"2026-02-20T10:00:52","modified_gmt":"2026-02-20T09:00:52","slug":"gaposa-taviranyitok","status":"publish","type":"page","link":"https:\/\/nevask.eu\/hu\/okosotthon-vezerles\/gaposa-taviranyitok\/","title":{"rendered":"GAPOSA t\u00e1vir\u00e1ny\u00edt\u00f3k"},"content":{"rendered":"\n\n\n\n\n\n<div class=\"section narrow white\">\n\t<div class=\"container\">\n\t\t<div class=\"cell\">\n\t\t\t<ul class=\"breadcrumbs\">\n\t\t\t\t<li><a href=\"https:\/\/nevask.eu\/hu\/\">Home<\/a><\/li>\n\n\t\t\t\t\n\t\t\t<\/ul>\n\t\t<\/div>\n\t<\/div>\n<\/div>\n\n\n\n\n\n<div  class=\"section full-image\">\n\t<div class=\"container\">\n\t\t<div class=\"cell image h420\">\n\n\t\t\t\t\t\t\t<img decoding=\"async\" src=\"https:\/\/nevask.eu\/wp-content\/uploads\/2026\/01\/ovladac-gaposa-1K.jpg.webp\" alt=\"\u017eena s dia\u013ekov\u00fdm ovl\u00e1da\u010dom Gaposa\">\n\t\t\t\n\t\t<\/div>\n\t<\/div>\n<\/div>\n\n\n\n\n\n<div  class=\"section white\">\n\t<div class=\"container full left\">\n\t\t<div class=\"cell\">\n\t\t\t<h1>GAPOSA t\u00e1vir\u00e1ny\u00edt\u00f3k NEVA napelemes screen naph\u00e1l\u00f3khoz<\/h1>\n<p>A GAPOSA Autonomo napelemes motorokkal sz\u00e1ll\u00edtott k\u00fclt\u00e9ri naph\u00e1l\u00f3k k\u00e9nyelmesen vez\u00e9relhet\u0151k egy kompatibilis GAPOSA t\u00e1vir\u00e1ny\u00edt\u00f3val. Egyszer\u0171en leengedheti, felh\u00fazhatja vagy b\u00e1rmilyen helyzetben le\u00e1ll\u00edthatja a naph\u00e1l\u00f3kat.<\/p>\n<p>Az 1 csatorn\u00e1s t\u00e1vir\u00e1ny\u00edt\u00f3val egyenk\u00e9nt vez\u00e9relheti a napelemes sz\u00f6vet rol\u00f3kat.<\/p>\n<p>Ha 5 csatorn\u00e1s t\u00e1vir\u00e1ny\u00edt\u00f3t haszn\u00e1l, ak\u00e1r 5 naph\u00e1l\u00f3t is vez\u00e9relhet egyenk\u00e9nt, vagy ak\u00e1r t\u00f6bb napelemes screen naph\u00e1l\u00f3t egy\u00fcttesen &#8211; ak\u00e1r \u00f6t csoportban.<\/p>\n<p>Ezek a vezet\u00e9k n\u00e9lk\u00fcli t\u00e1vir\u00e1ny\u00edt\u00f3k eleg\u00e1ns, karcs\u00fa \u00e9s ergonomikus kialak\u00edt\u00e1suknak, valamint kellemes tapint\u00e1s\u00fa fel\u00fclet\u00fcknek k\u00f6sz\u00f6nhet\u0151en n\u00e9pszer\u0171ek.<\/p>\n\t\t<\/div>\n\t<\/div>\n<\/div>\n\n\n\n\n\n\n\n\n<div  class=\"section white\">\n\t<div class=\"container cols-50p\">\n\n\t\t\n\n\n\t\t<div class=\"cell\">\n\n\t\t\t<h2>1 csatorn\u00e1s GAPOSA vez\u00e9rl\u00e9s NEVA napelemes screen naph\u00e1l\u00f3khoz<\/h2>\n\n\t\t\t\n\t\t<\/div>\n\n\n\n\t\t\n\t\t\t<div class=\"cell center vcenter\">\n\t\t\t\t<img decoding=\"async\" src=\"https:\/\/nevask.eu\/wp-content\/uploads\/2026\/01\/1-kanalove-ovladanie-Gaposa-NEVA-1024x819.jpg\" alt=\"1-kan\u00e1lov\u00e9 bezdr\u00f4tov\u00e9 ovl\u00e1da\u010de pre sol\u00e1rne rolety NEVA\">\n\t\t\t<\/div>\n\n\t\t\n\t<\/div>\n<\/div>\n\n\n\n\n\n\n\n\n<div  class=\"section white\">\n\t<div class=\"container cols-50p\">\n\n\t\t\n\n\n\t\t<div class=\"cell\">\n\n\t\t\t<h2>5 csatorn\u00e1s GAPOSA vez\u00e9rl\u00e9s NEVA napelemes screen naph\u00e1l\u00f3khoz<\/h2>\n\n\t\t\t\n\t\t<\/div>\n\n\n\n\t\t\n\t\t\t<div class=\"cell center vcenter\">\n\t\t\t\t<img decoding=\"async\" src=\"https:\/\/nevask.eu\/wp-content\/uploads\/2026\/01\/5-kanalove-ovladanie-Gaposa-NEVA-1024x819.jpg\" alt=\"5-kan\u00e1lov\u00e9 bezdr\u00f4tov\u00e9 ovl\u00e1da\u010de pre sol\u00e1rne screeny NEVA\">\n\t\t\t<\/div>\n\n\t\t\n\t<\/div>\n<\/div>\n","protected":false},"excerpt":{"rendered":"","protected":false},"author":53,"featured_media":12427,"parent":6341,"menu_order":0,"comment_status":"closed","ping_status":"closed","template":"","meta":{"_acf_changed":false,"inline_featured_image":false,"footnotes":""},"class_list":["post-12567","page","type-page","status-publish","has-post-thumbnail","hentry"],"acf":[],"yoast_head":"<!-- This site is optimized with the Yoast SEO plugin v27.4 - https:\/\/yoast.com\/product\/yoast-seo-wordpress\/ -->\n<title>GAPOSA t\u00e1vir\u00e1ny\u00edt\u00f3k NEVA napelemes screen naph\u00e1l\u00f3khoz<\/title>\n<meta name=\"description\" content=\"GAPOSA m\u00e1rk\u00e1j\u00fa, napelemes screen naph\u00e1l\u00f3k egy- \u00e9s \u00f6tcsatorn\u00e1s vez\u00e9rl\u00e9se. Kellemes tapint\u00e1s\u00fa. St\u00edlusos, minimalista megjelen\u00e9s.\" \/>\n<meta name=\"robots\" content=\"index, follow, max-snippet:-1, max-image-preview:large, max-video-preview:-1\" \/>\n<link rel=\"canonical\" href=\"https:\/\/nevask.eu\/hu\/okosotthon-vezerles\/gaposa-taviranyitok\/\" \/>\n<meta property=\"og:locale\" content=\"hu_HU\" \/>\n<meta property=\"og:type\" content=\"article\" \/>\n<meta property=\"og:title\" content=\"GAPOSA t\u00e1vir\u00e1ny\u00edt\u00f3k NEVA napelemes screen naph\u00e1l\u00f3khoz\" \/>\n<meta property=\"og:description\" content=\"GAPOSA m\u00e1rk\u00e1j\u00fa, napelemes screen naph\u00e1l\u00f3k egy- \u00e9s \u00f6tcsatorn\u00e1s vez\u00e9rl\u00e9se. Kellemes tapint\u00e1s\u00fa. St\u00edlusos, minimalista megjelen\u00e9s.\" \/>\n<meta property=\"og:url\" content=\"https:\/\/nevask.eu\/hu\/okosotthon-vezerles\/gaposa-taviranyitok\/\" \/>\n<meta property=\"og:site_name\" content=\"NEVA\" \/>\n<meta property=\"article:modified_time\" content=\"2026-02-20T09:00:52+00:00\" \/>\n<meta property=\"og:image\" content=\"https:\/\/nevask.eu\/wp-content\/uploads\/2026\/01\/ovladac-gaposa-1K-.jpg\" \/>\n\t<meta property=\"og:image:width\" content=\"1500\" \/>\n\t<meta property=\"og:image:height\" content=\"1001\" \/>\n\t<meta property=\"og:image:type\" content=\"image\/jpeg\" \/>\n<meta name=\"twitter:card\" content=\"summary_large_image\" \/>\n<meta name=\"twitter:label1\" content=\"Becs\u00fclt olvas\u00e1si id\u0151\" \/>\n\t<meta name=\"twitter:data1\" content=\"2 perc\" \/>\n<!-- \/ Yoast SEO plugin. -->","yoast_head_json":{"title":"GAPOSA t\u00e1vir\u00e1ny\u00edt\u00f3k NEVA napelemes screen naph\u00e1l\u00f3khoz","description":"GAPOSA m\u00e1rk\u00e1j\u00fa, napelemes screen naph\u00e1l\u00f3k egy- \u00e9s \u00f6tcsatorn\u00e1s vez\u00e9rl\u00e9se. Kellemes tapint\u00e1s\u00fa. St\u00edlusos, minimalista megjelen\u00e9s.","robots":{"index":"index","follow":"follow","max-snippet":"max-snippet:-1","max-image-preview":"max-image-preview:large","max-video-preview":"max-video-preview:-1"},"canonical":"https:\/\/nevask.eu\/hu\/okosotthon-vezerles\/gaposa-taviranyitok\/","og_locale":"hu_HU","og_type":"article","og_title":"GAPOSA t\u00e1vir\u00e1ny\u00edt\u00f3k NEVA napelemes screen naph\u00e1l\u00f3khoz","og_description":"GAPOSA m\u00e1rk\u00e1j\u00fa, napelemes screen naph\u00e1l\u00f3k egy- \u00e9s \u00f6tcsatorn\u00e1s vez\u00e9rl\u00e9se. Kellemes tapint\u00e1s\u00fa. St\u00edlusos, minimalista megjelen\u00e9s.","og_url":"https:\/\/nevask.eu\/hu\/okosotthon-vezerles\/gaposa-taviranyitok\/","og_site_name":"NEVA","article_modified_time":"2026-02-20T09:00:52+00:00","og_image":[{"width":1500,"height":1001,"url":"https:\/\/nevask.eu\/wp-content\/uploads\/2026\/01\/ovladac-gaposa-1K-.jpg","type":"image\/jpeg"}],"twitter_card":"summary_large_image","twitter_misc":{"Becs\u00fclt olvas\u00e1si id\u0151":"2 perc"},"schema":{"@context":"https:\/\/schema.org","@graph":[{"@type":"WebPage","@id":"https:\/\/nevask.eu\/hu\/okosotthon-vezerles\/gaposa-taviranyitok\/","url":"https:\/\/nevask.eu\/hu\/okosotthon-vezerles\/gaposa-taviranyitok\/","name":"GAPOSA t\u00e1vir\u00e1ny\u00edt\u00f3k NEVA napelemes screen naph\u00e1l\u00f3khoz","isPartOf":{"@id":"https:\/\/nevask.eu\/hu\/#website"},"primaryImageOfPage":{"@id":"https:\/\/nevask.eu\/hu\/okosotthon-vezerles\/gaposa-taviranyitok\/#primaryimage"},"image":{"@id":"https:\/\/nevask.eu\/hu\/okosotthon-vezerles\/gaposa-taviranyitok\/#primaryimage"},"thumbnailUrl":"https:\/\/nevask.eu\/wp-content\/uploads\/2026\/01\/ovladac-gaposa-1K-.jpg.webp","datePublished":"2026-01-30T09:30:04+00:00","dateModified":"2026-02-20T09:00:52+00:00","description":"GAPOSA m\u00e1rk\u00e1j\u00fa, napelemes screen naph\u00e1l\u00f3k egy- \u00e9s \u00f6tcsatorn\u00e1s vez\u00e9rl\u00e9se. Kellemes tapint\u00e1s\u00fa. St\u00edlusos, minimalista megjelen\u00e9s.","breadcrumb":{"@id":"https:\/\/nevask.eu\/hu\/okosotthon-vezerles\/gaposa-taviranyitok\/#breadcrumb"},"inLanguage":"hu","potentialAction":[{"@type":"ReadAction","target":["https:\/\/nevask.eu\/hu\/okosotthon-vezerles\/gaposa-taviranyitok\/"]}]},{"@type":"ImageObject","inLanguage":"hu","@id":"https:\/\/nevask.eu\/hu\/okosotthon-vezerles\/gaposa-taviranyitok\/#primaryimage","url":"https:\/\/nevask.eu\/wp-content\/uploads\/2026\/01\/ovladac-gaposa-1K-.jpg.webp","contentUrl":"https:\/\/nevask.eu\/wp-content\/uploads\/2026\/01\/ovladac-gaposa-1K-.jpg.webp","width":1500,"height":1001,"caption":"\u017eena s dia\u013ekov\u00fdm ovl\u00e1da\u010dom Gaposa"},{"@type":"BreadcrumbList","@id":"https:\/\/nevask.eu\/hu\/okosotthon-vezerles\/gaposa-taviranyitok\/#breadcrumb","itemListElement":[{"@type":"ListItem","position":1,"name":"Home","item":"https:\/\/nevask.eu\/hu\/"},{"@type":"ListItem","position":2,"name":"Okosotthon vezerl\u00e9s","item":"https:\/\/nevask.eu\/hu\/okosotthon-vezerles\/"},{"@type":"ListItem","position":3,"name":"GAPOSA t\u00e1vir\u00e1ny\u00edt\u00f3k"}]},{"@type":"WebSite","@id":"https:\/\/nevask.eu\/hu\/#website","url":"https:\/\/nevask.eu\/hu\/","name":"NEVA","description":"Vonkaj\u0161ie \u017eal\u00fazie a screenov\u00e9 rolety","potentialAction":[{"@type":"SearchAction","target":{"@type":"EntryPoint","urlTemplate":"https:\/\/nevask.eu\/hu\/?s={search_term_string}"},"query-input":{"@type":"PropertyValueSpecification","valueRequired":true,"valueName":"search_term_string"}}],"inLanguage":"hu"}]}},"_links":{"self":[{"href":"https:\/\/nevask.eu\/hu\/wp-json\/wp\/v2\/pages\/12567","targetHints":{"allow":["GET"]}}],"collection":[{"href":"https:\/\/nevask.eu\/hu\/wp-json\/wp\/v2\/pages"}],"about":[{"href":"https:\/\/nevask.eu\/hu\/wp-json\/wp\/v2\/types\/page"}],"author":[{"embeddable":true,"href":"https:\/\/nevask.eu\/hu\/wp-json\/wp\/v2\/users\/53"}],"replies":[{"embeddable":true,"href":"https:\/\/nevask.eu\/hu\/wp-json\/wp\/v2\/comments?post=12567"}],"version-history":[{"count":7,"href":"https:\/\/nevask.eu\/hu\/wp-json\/wp\/v2\/pages\/12567\/revisions"}],"predecessor-version":[{"id":12634,"href":"https:\/\/nevask.eu\/hu\/wp-json\/wp\/v2\/pages\/12567\/revisions\/12634"}],"up":[{"embeddable":true,"href":"https:\/\/nevask.eu\/hu\/wp-json\/wp\/v2\/pages\/6341"}],"wp:featuredmedia":[{"embeddable":true,"href":"https:\/\/nevask.eu\/hu\/wp-json\/wp\/v2\/media\/12427"}],"wp:attachment":[{"href":"https:\/\/nevask.eu\/hu\/wp-json\/wp\/v2\/media?parent=12567"}],"curies":[{"name":"wp","href":"https:\/\/api.w.org\/{rel}","templated":true}]}}