{"id":1898,"date":"2025-07-03T16:42:22","date_gmt":"2025-07-03T14:42:22","guid":{"rendered":"https:\/\/nevask.eu\/?page_id=1898"},"modified":"2025-09-23T21:31:12","modified_gmt":"2025-09-23T19:31:12","slug":"arajanlat-kulteri-zsaluzia","status":"publish","type":"page","link":"https:\/\/nevask.eu\/hu\/arajanlat\/arajanlat-kulteri-zsaluzia\/","title":{"rendered":"\u00c1raj\u00e1nlat zsaluzia"},"content":{"rendered":"\n\n\n\n\n\n<div class=\"section narrow white\">\n\t<div class=\"container\">\n\t\t<div class=\"cell\">\n\t\t\t<ul class=\"breadcrumbs\">\n\t\t\t\t<li><a href=\"https:\/\/nevask.eu\/hu\/\">Home<\/a><\/li>\n\n\t\t\t\t\n\t\t\t<\/ul>\n\t\t<\/div>\n\t<\/div>\n<\/div>\n\n\n\n\n\n<div  class=\"section tint\">\n\t<div class=\"container full left\">\n\t\t<div class=\"cell\">\n\t\t\t<h1 class=\"h2\">Nem k\u00f6telez\u0151 \u00e9rv\u00e9ny\u0171 \u00e1raj\u00e1nlat NEVA k\u00fclt\u00e9ri zsaluzi\u00e1kra<\/h1>\n<p class=\"p-large\">K\u00e9rjen \u00e1raj\u00e1nlatot k\u00fclt\u00e9ri zsaluzi\u00e1kra, amelyek megb\u00edzhat\u00f3an szolg\u00e1lj\u00e1k \u00d6nt hossz\u00fa \u00e9veken \u00e1t.<\/p>\n\t\t<\/div>\n\t<\/div>\n<\/div>\n\n\n\n\n\n<div  class=\"section white\">\n\t<div class=\"container col-70p-center\">\n\t\t<div class=\"cell\">\n\n\t\t\t\n<div class=\"neva-quotation-form external-blinds-form\">\n    <form id=\"neva-external-blinds-form\" class=\"quotation\" action=\"\" method=\"post\">\n        <div class=\"step\">\n            <h3>1. l\u00e9p\u00e9s: V\u00e1lassza ki a zsaluzia t\u00edpus\u00e1t<\/h3>\n\n            <div class=\"form-group\">\n                <label class=\"required\" style=\"display: none;\">Zsaluzia t\u00edpusa<\/label>\n\n                <div class=\"form-radio-options radio-image-group\">\n\n                    \n                        <label>\n                            <input type=\"radio\" name=\"blinds_type\" value=\"z90\" required>\n                            <div class=\"form-radio-desc\">\n                                <h5>NEVA Z-90<\/h5>\n                                <img decoding=\"async\" src=\"https:\/\/nevask.eu\/wp-content\/plugins\/neva-quotation\/assets\/images\/neva-z90.jpg\" alt=\"NEVA Z-90\">\n                                <p><strong>Legn\u00e9pszer\u0171bb zsaluzi\u00e1k<\/strong><br>Lamella sz\u00e9less\u00e9ge 90 mm<br>22 alap\u00e1ras sz\u00edn<\/p>\n                            <\/div>\n                        <\/label>\n\n                    \n                        <label>\n                            <input type=\"radio\" name=\"blinds_type\" value=\"z70\" required>\n                            <div class=\"form-radio-desc\">\n                                <h5>NEVA Z-70<\/h5>\n                                <img decoding=\"async\" src=\"https:\/\/nevask.eu\/wp-content\/plugins\/neva-quotation\/assets\/images\/neva-z70.jpg\" alt=\"NEVA Z-70\">\n                                <p><strong>Kisebb ablakokhoz alkalmas<\/strong><br>Lamella sz\u00e9less\u00e9ge 70 mm<br>22 alap\u00e1ras sz\u00edn<\/p>\n                            <\/div>\n                        <\/label>\n\n                    \n                        <label>\n                            <input type=\"radio\" name=\"blinds_type\" value=\"s90\" required>\n                            <div class=\"form-radio-desc\">\n                                <h5>NEVA S-90<\/h5>\n                                <img decoding=\"async\" src=\"https:\/\/nevask.eu\/wp-content\/plugins\/neva-quotation\/assets\/images\/neva-s90.jpg\" alt=\"NEVA S-90\">\n                                <p><strong>Alakjuk hasonl\u00edt a  red\u0151nyre<\/strong><br>Lamella sz\u00e9less\u00e9ge 90 mm<br>22 alap\u00e1ras sz\u00edn<\/p>\n                            <\/div>\n                        <\/label>\n\n                    \n                        <label>\n                            <input type=\"radio\" name=\"blinds_type\" value=\"c80\" required>\n                            <div class=\"form-radio-desc\">\n                                <h5>NEVA C-80<\/h5>\n                                <img decoding=\"async\" src=\"https:\/\/nevask.eu\/wp-content\/plugins\/neva-quotation\/assets\/images\/neva-c80.jpg\" alt=\"NEVA C-80\">\n                                <p><strong>Mindk\u00e9t oldalra d\u00f6nthet\u0151<\/strong><br>Lamella sz\u00e9less\u00e9ge 80 mm<br>22 alap\u00e1ras sz\u00edn<\/p>\n                            <\/div>\n                        <\/label>\n\n                    \n                        <label>\n                            <input type=\"radio\" name=\"blinds_type\" value=\"c65\" required>\n                            <div class=\"form-radio-desc\">\n                                <h5>NEVA C-65<\/h5>\n                                <img decoding=\"async\" src=\"https:\/\/nevask.eu\/wp-content\/plugins\/neva-quotation\/assets\/images\/neva-c65.jpg\" alt=\"NEVA C-65\">\n                                <p><strong>Kisebb ablakokhoz alkalmas<\/strong><br>Lamella sz\u00e9less\u00e9ge 65 mm<br>16 alap\u00e1ras sz\u00edn<\/p>\n                            <\/div>\n                        <\/label>\n\n                    \n                        <label>\n                            <input type=\"radio\" name=\"blinds_type\" value=\"f80\" required>\n                            <div class=\"form-radio-desc\">\n                                <h5>NEVA F-80<\/h5>\n                                <img decoding=\"async\" src=\"https:\/\/nevask.eu\/wp-content\/plugins\/neva-quotation\/assets\/images\/neva-f80.jpg\" alt=\"NEVA F-80\">\n                                <p><strong>Gazdas\u00e1gos megold\u00e1s<\/strong><br>Lamella sz\u00e9less\u00e9ge 80 mm<br>5 alap\u00e1ras sz\u00edn<\/p>\n                            <\/div>\n                        <\/label>\n\n                    \n                <\/div>\n            <\/div>\n        <\/div>\n\n\n\n        <div class=\"step\">\n            <h3>2. l\u00e9p\u00e9s: Adja meg a zsaluzi\u00e1k m\u00e9reteit<\/h3>\n\n            <div class=\"form-row form-group\">\n                <label for=\"measurements\" class=\"required\">K\u00e9rem, a m\u00e9reteket (sz\u00e9less\u00e9g \u00d7 magass\u00e1g, mm-ben)  adja meg<\/label>\n                <textarea id=\"measurements\" name=\"measurements\" rows=\"5\" required><\/textarea>\n            <\/div>\n        <\/div>\n\n\n\n        <div class=\"step\">\n            <h3>3. l\u00e9p\u00e9s: V\u00e1lasszon meghajt\u00e1si m\u00f3dot<\/h3>\n\n            <div class=\"form-group\">\n                <label class=\"required\" style=\"display: none;\">A mozgat\u00e1s m\u00f3dja<\/label>\n\n                <div class=\"form-radio-options radio-image-group\">\n\n                    \n                        <label>\n                            <input type=\"radio\" name=\"control_type\" value=\"motorized\" required>\n                            <div class=\"form-radio-desc\">\n                                <h5>Motoros mozgat\u00e1s<\/h5>\n                                <img decoding=\"async\" src=\"https:\/\/nevask.eu\/wp-content\/plugins\/neva-quotation\/assets\/images\/control1b.jpg\" alt=\"Motoros mozgat\u00e1s\">\n                            <\/div>\n                        <\/label>\n\n                    \n                        <label>\n                            <input type=\"radio\" name=\"control_type\" value=\"manual\" required>\n                            <div class=\"form-radio-desc\">\n                                <h5>K\u00e9zikaros mozgat\u00e1s<\/h5>\n                                <img decoding=\"async\" src=\"https:\/\/nevask.eu\/wp-content\/plugins\/neva-quotation\/assets\/images\/control2b.jpg\" alt=\"K\u00e9zikaros mozgat\u00e1s\">\n                            <\/div>\n                        <\/label>\n\n                    \n                <\/div>\n            <\/div>\n        <\/div>\n\n\n\n        <div class=\"step\">\n            <h3>4. l\u00e9p\u00e9s: L\u00e1tsz\u00f3 vagy rejtett tok?<\/h3>\n\n            <div class=\"form-group\">\n                <label class=\"required\" style=\"display: none;\">Tok<\/label>\n\n                <div class=\"form-radio-options radio-image-group\">\n\n                    \n                        <label>\n                            <input type=\"radio\" name=\"cover_box\" value=\"hidden\" required>\n                            <div class=\"form-radio-desc\">\n                                <h5>Rejtett (vakolhat\u00f3) tok<\/h5>\n                                <img decoding=\"async\" src=\"https:\/\/nevask.eu\/wp-content\/plugins\/neva-quotation\/assets\/images\/cover1.jpg\" alt=\"Rejtett (vakolhat\u00f3) tok\">\n                            <\/div>\n                        <\/label>\n\n                    \n                        <label>\n                            <input type=\"radio\" name=\"cover_box\" value=\"visible\" required>\n                            <div class=\"form-radio-desc\">\n                                <h5>L\u00e1tsz\u00f3 tok<\/h5>\n                                <img decoding=\"async\" src=\"https:\/\/nevask.eu\/wp-content\/plugins\/neva-quotation\/assets\/images\/cover2.jpg\" alt=\"L\u00e1tsz\u00f3 tok\">\n                            <\/div>\n                        <\/label>\n\n                    \n                <\/div>\n            <\/div>\n        <\/div>\n\n\n\n        <div class=\"step\">\n            <h3>El\u00e9rhet\u0151s\u00e9gek az aj\u00e1nlatk\u00e9r\u00e9shez<\/h3>\n\n            <div class=\"form-row cols-50p\">\n                <div class=\"form-group\">\n                    <label for=\"customer_first_name\" class=\"required\">Keresztn\u00e9v<\/label>\n                    <input type=\"text\" id=\"customer_first_name\" name=\"customer_first_name\" required>\n                <\/div>\n\n                <div class=\"form-group\">\n                    <label for=\"customer_last_name\" class=\"required\">Vezet\u00e9kn\u00e9v<\/label>\n                    <input type=\"text\" id=\"customer_last_name\" name=\"customer_last_name\" required>\n                <\/div>\n            <\/div>\n\n            <div class=\"form-row cols-50p\">\n                <div class=\"form-group\">\n                    <label for=\"customer_email\" class=\"required\">Email<\/label>\n                    <input type=\"email\" id=\"customer_email\" name=\"customer_email\" required>\n                <\/div>\n\n                <div class=\"form-group\">\n                    <label for=\"customer_phone\" class=\"required\">Telefon<\/label>\n                    <input type=\"tel\" id=\"customer_phone\" name=\"customer_phone\" required>\n                <\/div>\n            <\/div>\n\n            <div class=\"form-row cols-50p\">\n                <div class=\"form-group\">\n                    <label for=\"customer_city\" class=\"required\">Telep\u00fcl\u00e9s<\/label>\n                    <input type=\"text\" id=\"customer_city\" name=\"customer_city\" required>\n\n                    <input type=\"hidden\" name=\"customer_street\" value=\"\">\n                <\/div>\n\n                <div class=\"form-group\">\n                    <label for=\"customer_zip\" class=\"required\">Ir\u00e1ny\u00edt\u00f3sz\u00e1m<\/label>\n                    <input type=\"text\" id=\"customer_zip\" name=\"customer_zip\" required>\n                <\/div>\n            <\/div>\n\n            <div class=\"form-row form-group\">\n                <label for=\"customer_note\">Megjegyz\u00e9s<\/label>\n                <textarea id=\"customer_note\" name=\"customer_note\" rows=\"4\"><\/textarea>\n            <\/div>\n\n            <div class=\"form-row\">\n                <label class=\"form-checkbox\">\n                    <div>\n                        <input type=\"checkbox\" name=\"customer_agreement\" data-label=\"Szem\u00e9lyes adatok kezel\u00e9se\" required>\n                    <\/div>\n                    <div class=\"form-checkbox-desc\">\n                        <p class=\"p-small\">Az \u00e1raj\u00e1nlat elk\u00e9sz\u00edt\u00e9se c\u00e9lj\u00e1b\u00f3l hozz\u00e1j\u00e1rulok a NEVA SK, s.r.o. (C\u00e9gjegyz\u00e9ksz\u00e1m: 47 060 701) szem\u00e9lyes adataim kezel\u00e9s\u00e9hez a 18\/2018. sz\u00e1m\u00fa szem\u00e9lyes adatv\u00e9delmi t\u00f6rv\u00e9ny \u00e9rtelm\u00e9ben. A NEVA SK, s.r.o. jogosult ezeket az adatokat szerz\u0151d\u00e9ses viszontelad\u00f3 partner\u00e9nek \u00e1tadni. Hozz\u00e1j\u00e1rul\u00e1somat b\u00e1rmikor visszavonhatom a gdpr@nevask.eu e-mail c\u00edmen.<\/p>\n                    <\/div>\n                <\/label>\n            <\/div>\n\n\n\n            <div class=\"form-submit center\">\n                <input type=\"hidden\" id=\"nonce\" name=\"nonce\" value=\"d02af8f4b4\" \/><input type=\"hidden\" name=\"_wp_http_referer\" value=\"\/hu\/wp-json\/wp\/v2\/pages\/1898\" \/>                <input type=\"hidden\" name=\"form_type\" value=\"external_blinds\">\n                <input type=\"hidden\" name=\"language_code\" value=\"hu\">\n\n                <!-- Vendor ID is handled client-side via JavaScript -->\n\n                <input class=\"button button-large submit-button\" type=\"submit\" value=\"K\u00f6telezetts\u00e9g n\u00e9lk\u00fcl elk\u00fcld\u00f6m\">\n            <\/div>\n        <\/div>\n\n\n\n        <div class=\"form-messages\"><\/div>\n    <\/form>\n<\/div>\n\n\t\t<\/div>\n\t<\/div>\n<\/div>\n\n\n\n\n\n<div class=\"section white\">\n\t<div class=\"container\">\n\t\t<div class=\"cell\">\n\t\t\t<hr class=\"separator\">\n\t\t<\/div>\n\t<\/div>\n<\/div>\n\n\n\n\n\n<div  class=\"section white\">\n\n\t\n\n\n\t<div class=\"container text-blocks text-blocks-border text-blocks-slider\">\n\n\t\t\n\t\t\t\n\t\t\t\t<div class=\"cell\">\n\n\t\t\t\t\t\n\t\t\t\t\t\t<div class=\"icon-title\">\n\n\t\t\t\t\t\t\t\t\t\t\t\t\t\t\t<img decoding=\"async\" src=\"https:\/\/nevask.eu\/wp-content\/uploads\/2025\/06\/google.png\" alt=\"Google icon\">\n\t\t\t\t\t\t\t\n\t\t\t\t\t\t\t<div>\n\n\t\t\t\t\t\t\t\t\t\t\t\t\t\t\t\t\t<div class=\"h5\">Ablak Fut\u00e1r<\/div>\n\t\t\t\t\t\t\t\t\n\t\t\t\t\t\t\t\t\t\t\t\t\t\t\t\t\t<img loading=\"lazy\" decoding=\"async\" src=\"https:\/\/nevask.eu\/wp-content\/themes\/neva\/images\/stars.png\" width=\"92\" height=\"15\" alt=\"\">\n\t\t\t\t\t\t\t\t\n\t\t\t\t\t\t\t<\/div>\n\t\t\t\t\t\t<\/div>\n\n\t\t\t\t\t\n\n\n\t\t\t\t\t<p>M\u00e1r hossz\u00fa ideje dolgozunk egy\u00fctt a NEVA-val, \u00e9s a k\u00f6z\u00f6s munka sor\u00e1n mindig megb\u00edzhat\u00f3, pontos \u00e9s rugalmas partnereknek bizonyultak. A term\u00e9keik kiv\u00e1l\u00f3 min\u0151s\u00e9g\u0171ek, prec\u00edzen megmunk\u00e1ltak, \u00e9s minden esetben megfelelnek a megrendel\u0151ink magas elv\u00e1r\u00e1sainak.<\/p>\n\n\t\t\t\t<\/div>\n\n\t\t\t\n\t\t\t\t<div class=\"cell\">\n\n\t\t\t\t\t\n\t\t\t\t\t\t<div class=\"icon-title\">\n\n\t\t\t\t\t\t\t\t\t\t\t\t\t\t\t<img decoding=\"async\" src=\"https:\/\/nevask.eu\/wp-content\/uploads\/2025\/06\/google.png\" alt=\"Google icon\">\n\t\t\t\t\t\t\t\n\t\t\t\t\t\t\t<div>\n\n\t\t\t\t\t\t\t\t\t\t\t\t\t\t\t\t\t<div class=\"h5\">\u00c1kos<\/div>\n\t\t\t\t\t\t\t\t\n\t\t\t\t\t\t\t\t\t\t\t\t\t\t\t\t\t<img loading=\"lazy\" decoding=\"async\" src=\"https:\/\/nevask.eu\/wp-content\/themes\/neva\/images\/stars.png\" width=\"92\" height=\"15\" alt=\"\">\n\t\t\t\t\t\t\t\t\n\t\t\t\t\t\t\t<\/div>\n\t\t\t\t\t\t<\/div>\n\n\t\t\t\t\t\n\n\n\t\t\t\t\t<p>Innovat\u00edv , megb\u00edzhat\u00f3 term\u00e9k! A magyar m\u0171szaki t\u00e1mogat\u00e1s p\u00e9lda\u00e9rt\u00e9k\u0171. Hajr\u00e1!<\/p>\n\n\t\t\t\t<\/div>\n\n\t\t\t\n\t\t\t\t<div class=\"cell\">\n\n\t\t\t\t\t\n\t\t\t\t\t\t<div class=\"icon-title\">\n\n\t\t\t\t\t\t\t\t\t\t\t\t\t\t\t<img decoding=\"async\" src=\"https:\/\/nevask.eu\/wp-content\/uploads\/2025\/06\/google.png\" alt=\"Google icon\">\n\t\t\t\t\t\t\t\n\t\t\t\t\t\t\t<div>\n\n\t\t\t\t\t\t\t\t\t\t\t\t\t\t\t\t\t<div class=\"h5\">Erika<\/div>\n\t\t\t\t\t\t\t\t\n\t\t\t\t\t\t\t\t\t\t\t\t\t\t\t\t\t<img loading=\"lazy\" decoding=\"async\" src=\"https:\/\/nevask.eu\/wp-content\/themes\/neva\/images\/stars.png\" width=\"92\" height=\"15\" alt=\"\">\n\t\t\t\t\t\t\t\t\n\t\t\t\t\t\t\t<\/div>\n\t\t\t\t\t\t<\/div>\n\n\t\t\t\t\t\n\n\n\t\t\t\t\t<p>A pr\u00e9mium min\u00f6s\u00e9g\u00fc term\u00e9kekkel \u00e9s a szakszer\u00fc szerel\u00e9ssel maxim\u00e1lisan el\u00e9gedett vagyok<\/p>\n\n\t\t\t\t<\/div>\n\n\t\t\t\n\t\t\n\t<\/div>\n<\/div>\n","protected":false},"excerpt":{"rendered":"","protected":false},"author":52,"featured_media":0,"parent":205,"menu_order":0,"comment_status":"closed","ping_status":"closed","template":"","meta":{"_acf_changed":false,"inline_featured_image":false,"footnotes":""},"class_list":["post-1898","page","type-page","status-publish","hentry"],"acf":[],"yoast_head":"<!-- This site is optimized with the Yoast SEO plugin v27.6 - https:\/\/yoast.com\/product\/yoast-seo-wordpress\/ -->\n<title>Nem k\u00f6telez\u0151 \u00e9rv\u00e9ny\u0171 \u00e1raj\u00e1nlatk\u00e9r\u00e9s - NEVA k\u00fclt\u00e9ri zsaluzi\u00e1k | nevask.eu<\/title>\n<meta name=\"description\" content=\"K\u00e9rjen k\u00f6telezetts\u00e9g n\u00e9lk\u00fcli \u00e1raj\u00e1nlatot egyszer\u0171 \u0171rlapunk kit\u00f6lt\u00e9s\u00e9vel. V\u00e1lassza ki a zsaluzi\u00e1k t\u00edpus\u00e1t, sz\u00edn\u00e9t \u00e9s mozgat\u00e1si m\u00f3dj\u00e1t. A t\u00f6bbit b\u00edzza r\u00e1nk.\" \/>\n<meta name=\"robots\" content=\"index, follow, max-snippet:-1, max-image-preview:large, max-video-preview:-1\" \/>\n<link rel=\"canonical\" href=\"https:\/\/nevask.eu\/hu\/arajanlat\/arajanlat-kulteri-zsaluzia\/\" \/>\n<meta property=\"og:locale\" content=\"hu_HU\" \/>\n<meta property=\"og:type\" content=\"article\" \/>\n<meta property=\"og:title\" content=\"Nem k\u00f6telez\u0151 \u00e9rv\u00e9ny\u0171 \u00e1raj\u00e1nlatk\u00e9r\u00e9s - NEVA k\u00fclt\u00e9ri zsaluzi\u00e1k | nevask.eu\" \/>\n<meta property=\"og:description\" content=\"K\u00e9rjen k\u00f6telezetts\u00e9g n\u00e9lk\u00fcli \u00e1raj\u00e1nlatot egyszer\u0171 \u0171rlapunk kit\u00f6lt\u00e9s\u00e9vel. V\u00e1lassza ki a zsaluzi\u00e1k t\u00edpus\u00e1t, sz\u00edn\u00e9t \u00e9s mozgat\u00e1si m\u00f3dj\u00e1t. A t\u00f6bbit b\u00edzza r\u00e1nk.\" \/>\n<meta property=\"og:url\" content=\"https:\/\/nevask.eu\/hu\/arajanlat\/arajanlat-kulteri-zsaluzia\/\" \/>\n<meta property=\"og:site_name\" content=\"NEVA\" \/>\n<meta property=\"article:modified_time\" content=\"2025-09-23T19:31:12+00:00\" \/>\n<meta name=\"twitter:card\" content=\"summary_large_image\" \/>\n<meta name=\"twitter:label1\" content=\"Becs\u00fclt olvas\u00e1si id\u0151\" \/>\n\t<meta name=\"twitter:data1\" content=\"3 perc\" \/>\n<!-- \/ Yoast SEO plugin. -->","yoast_head_json":{"title":"Nem k\u00f6telez\u0151 \u00e9rv\u00e9ny\u0171 \u00e1raj\u00e1nlatk\u00e9r\u00e9s - NEVA k\u00fclt\u00e9ri zsaluzi\u00e1k | nevask.eu","description":"K\u00e9rjen k\u00f6telezetts\u00e9g n\u00e9lk\u00fcli \u00e1raj\u00e1nlatot egyszer\u0171 \u0171rlapunk kit\u00f6lt\u00e9s\u00e9vel. V\u00e1lassza ki a zsaluzi\u00e1k t\u00edpus\u00e1t, sz\u00edn\u00e9t \u00e9s mozgat\u00e1si m\u00f3dj\u00e1t. A t\u00f6bbit b\u00edzza r\u00e1nk.","robots":{"index":"index","follow":"follow","max-snippet":"max-snippet:-1","max-image-preview":"max-image-preview:large","max-video-preview":"max-video-preview:-1"},"canonical":"https:\/\/nevask.eu\/hu\/arajanlat\/arajanlat-kulteri-zsaluzia\/","og_locale":"hu_HU","og_type":"article","og_title":"Nem k\u00f6telez\u0151 \u00e9rv\u00e9ny\u0171 \u00e1raj\u00e1nlatk\u00e9r\u00e9s - NEVA k\u00fclt\u00e9ri zsaluzi\u00e1k | nevask.eu","og_description":"K\u00e9rjen k\u00f6telezetts\u00e9g n\u00e9lk\u00fcli \u00e1raj\u00e1nlatot egyszer\u0171 \u0171rlapunk kit\u00f6lt\u00e9s\u00e9vel. V\u00e1lassza ki a zsaluzi\u00e1k t\u00edpus\u00e1t, sz\u00edn\u00e9t \u00e9s mozgat\u00e1si m\u00f3dj\u00e1t. A t\u00f6bbit b\u00edzza r\u00e1nk.","og_url":"https:\/\/nevask.eu\/hu\/arajanlat\/arajanlat-kulteri-zsaluzia\/","og_site_name":"NEVA","article_modified_time":"2025-09-23T19:31:12+00:00","twitter_card":"summary_large_image","twitter_misc":{"Becs\u00fclt olvas\u00e1si id\u0151":"3 perc"},"schema":{"@context":"https:\/\/schema.org","@graph":[{"@type":"WebPage","@id":"https:\/\/nevask.eu\/hu\/arajanlat\/arajanlat-kulteri-zsaluzia\/","url":"https:\/\/nevask.eu\/hu\/arajanlat\/arajanlat-kulteri-zsaluzia\/","name":"Nem k\u00f6telez\u0151 \u00e9rv\u00e9ny\u0171 \u00e1raj\u00e1nlatk\u00e9r\u00e9s - NEVA k\u00fclt\u00e9ri zsaluzi\u00e1k | nevask.eu","isPartOf":{"@id":"https:\/\/nevask.eu\/hu\/#website"},"datePublished":"2025-07-03T14:42:22+00:00","dateModified":"2025-09-23T19:31:12+00:00","description":"K\u00e9rjen k\u00f6telezetts\u00e9g n\u00e9lk\u00fcli \u00e1raj\u00e1nlatot egyszer\u0171 \u0171rlapunk kit\u00f6lt\u00e9s\u00e9vel. V\u00e1lassza ki a zsaluzi\u00e1k t\u00edpus\u00e1t, sz\u00edn\u00e9t \u00e9s mozgat\u00e1si m\u00f3dj\u00e1t. A t\u00f6bbit b\u00edzza r\u00e1nk.","breadcrumb":{"@id":"https:\/\/nevask.eu\/hu\/arajanlat\/arajanlat-kulteri-zsaluzia\/#breadcrumb"},"inLanguage":"hu","potentialAction":[{"@type":"ReadAction","target":["https:\/\/nevask.eu\/hu\/arajanlat\/arajanlat-kulteri-zsaluzia\/"]}]},{"@type":"BreadcrumbList","@id":"https:\/\/nevask.eu\/hu\/arajanlat\/arajanlat-kulteri-zsaluzia\/#breadcrumb","itemListElement":[{"@type":"ListItem","position":1,"name":"Home","item":"https:\/\/nevask.eu\/hu\/"},{"@type":"ListItem","position":2,"name":"\u00c1raj\u00e1nlat","item":"https:\/\/nevask.eu\/hu\/arajanlat\/"},{"@type":"ListItem","position":3,"name":"\u00c1raj\u00e1nlat zsaluzia"}]},{"@type":"WebSite","@id":"https:\/\/nevask.eu\/hu\/#website","url":"https:\/\/nevask.eu\/hu\/","name":"NEVA","description":"Vonkaj\u0161ie \u017eal\u00fazie a screenov\u00e9 rolety","potentialAction":[{"@type":"SearchAction","target":{"@type":"EntryPoint","urlTemplate":"https:\/\/nevask.eu\/hu\/?s={search_term_string}"},"query-input":{"@type":"PropertyValueSpecification","valueRequired":true,"valueName":"search_term_string"}}],"inLanguage":"hu"}]}},"_links":{"self":[{"href":"https:\/\/nevask.eu\/hu\/wp-json\/wp\/v2\/pages\/1898","targetHints":{"allow":["GET"]}}],"collection":[{"href":"https:\/\/nevask.eu\/hu\/wp-json\/wp\/v2\/pages"}],"about":[{"href":"https:\/\/nevask.eu\/hu\/wp-json\/wp\/v2\/types\/page"}],"author":[{"embeddable":true,"href":"https:\/\/nevask.eu\/hu\/wp-json\/wp\/v2\/users\/52"}],"replies":[{"embeddable":true,"href":"https:\/\/nevask.eu\/hu\/wp-json\/wp\/v2\/comments?post=1898"}],"version-history":[{"count":8,"href":"https:\/\/nevask.eu\/hu\/wp-json\/wp\/v2\/pages\/1898\/revisions"}],"predecessor-version":[{"id":10847,"href":"https:\/\/nevask.eu\/hu\/wp-json\/wp\/v2\/pages\/1898\/revisions\/10847"}],"up":[{"embeddable":true,"href":"https:\/\/nevask.eu\/hu\/wp-json\/wp\/v2\/pages\/205"}],"wp:attachment":[{"href":"https:\/\/nevask.eu\/hu\/wp-json\/wp\/v2\/media?parent=1898"}],"curies":[{"name":"wp","href":"https:\/\/api.w.org\/{rel}","templated":true}]}}