{"id":201,"date":"2025-04-29T07:24:35","date_gmt":"2025-04-29T05:24:35","guid":{"rendered":"https:\/\/nevask.eu\/?page_id=201"},"modified":"2026-02-10T10:39:48","modified_gmt":"2026-02-10T09:39:48","slug":"kapcsolat","status":"publish","type":"page","link":"https:\/\/nevask.eu\/hu\/kapcsolat\/","title":{"rendered":"Kapcsolat"},"content":{"rendered":"\n\n\n<div  class=\"section white\">\n\t<div class=\"container cols-40p-60p top\">\n\t\t<div class=\"cell\">\n\n\t\t\t\t\t\t\t<h1 class=\"h2\">El\u00e9rhet\u0151s\u00e9gi adatok<\/h1>\n\t\t\t\n\t\t\t\t\t\t\t<h2 class=\"h5\">C\u00e9g sz\u00e9khelye<br>NEVA SK, s.r.o.<\/h2>\n\t\t\t\n\t\t\t<p>Ve\u013ek\u00fd Lap\u00e1\u0161 622<br \/>\n951 04 Ve\u013ek\u00fd Lap\u00e1\u0161<br \/>\nSzlov\u00e1kia<\/p>\n<p>C\u00e9gjegyz\u00e9ksz\u00e1m: 47060701<br \/>\nEu-s ad\u00f3sz\u00e1m: SK2023728828<\/p>\n\n\n\n\t\t\t\n\t\t\t\t<p>\n\n\t\t\t\t\t\n\t\t\t\t\t\t\n\t\t\t\t\t\t\t<a class=\"phone\" href=\"tel:+421 911 184 365\">\n\n\t\t\t\t\t\t\t\t\t\t\t\t\t\t\t\t\t<span class=\"icon18\"><img decoding=\"async\" src=\"https:\/\/nevask.eu\/wp-content\/themes\/neva\/images\/flag-hu.png\" alt=\"\"><\/span>\n\t\t\t\t\t\t\t\t\n\t\t\t\t\t\t\t\t+421 911 184 365\t\t\t\t\t\t\t<\/a><br>\n\n\t\t\t\t\t\t\n\t\t\t\t\t\n\t\t\t\t\t\t\n\t\t\t\t\t\t\t<a class=\"phone\" href=\"tel:+421 911 840 445\">\n\n\t\t\t\t\t\t\t\t\t\t\t\t\t\t\t\t\t<span class=\"icon18\"><img decoding=\"async\" src=\"https:\/\/nevask.eu\/wp-content\/themes\/neva\/images\/flag-sk.png\" alt=\"\"><\/span>\n\t\t\t\t\t\t\t\t\n\t\t\t\t\t\t\t\t+421 911 840 445\t\t\t\t\t\t\t<\/a><br>\n\n\t\t\t\t\t\t\n\t\t\t\t\t\n\t\t\t\t\t\t\n\t\t\t\t\t\t\t<a class=\"phone\" href=\"tel:+421 911 840 416\">\n\n\t\t\t\t\t\t\t\t\t\t\t\t\t\t\t\t\t<span class=\"icon18\"><img decoding=\"async\" src=\"https:\/\/nevask.eu\/wp-content\/themes\/neva\/images\/flag-ro.png\" alt=\"\"><\/span>\n\t\t\t\t\t\t\t\t\n\t\t\t\t\t\t\t\t+421 911 840 416\t\t\t\t\t\t\t<\/a><br>\n\n\t\t\t\t\t\t\n\t\t\t\t\t\n\t\t\t\t<\/p>\n\n\t\t\t\n\n\n\t\t\t\n\t\t\t\t<p>\n\n\t\t\t\t\t\n\t\t\t\t\t\t\n\t\t\t\t\t\t\t<a href=\"mailto:kapcsolat@neva.hu\">\n\t\t\t\t\t\t\t\t<span class=\"icon18\"><img decoding=\"async\" src=\"https:\/\/nevask.eu\/wp-content\/themes\/neva\/images\/icon-envelope.png\" alt=\"\"><\/span>\n\t\t\t\t\t\t\t\tkapcsolat@neva.hu\t\t\t\t\t\t\t<\/a><br>\n\n\t\t\t\t\t\t\n\t\t\t\t\t\n\t\t\t\t<\/p>\n\n\t\t\t\n\t\t<\/div>\n\n\n\n\t\t\n\t<\/div>\n<\/div>\n\n\n\n\n\n<div class=\"section white\">\n\t<div class=\"container\">\n\t\t<div class=\"cell\">\n\t\t\t<hr class=\"separator\">\n\t\t<\/div>\n\t<\/div>\n<\/div>\n\n\n\n\n\n\n\n\n<div  class=\"section white\">\n\n\t\n\t\t\t<div class=\"container cols-50p\">\n\t\t\t\t<div class=\"cell\">\n\t\t\t\t\t\n\t\t<h2>VISZONTELAD\u00d3I PARTNER H\u00c1L\u00d3ZAT NEVA\u00aePARTNER<\/h2>\n\n\t\t\t\t\t<a href=\"https:\/\/nevask.eu\/hu\/neva-viszonteladok\/\" target=\"\" class=\"button\">Tov\u00e1bbi inform\u00e1ci\u00f3 \u2192<\/a>\n\t\t\n\t\t\t\t\t\t<\/div>\n\n\n\n\t\t\t\t<div class=\"cell right left-mobile\">\n\n\t\t\t\t\t\t\t\t\t\t\t<img decoding=\"async\" src=\"https:\/\/nevask.eu\/wp-content\/uploads\/2025\/08\/HU-NEVA-mapa.png.webp\" alt=\"\">\n\t\t\t\t\t\n\t\t\t\t<\/div>\n\t\t\t<\/div>\n\n\t\t\t\n<\/div>\n\n\n\n\n\n<div class=\"section white\">\n\t<div class=\"container\">\n\t\t<div class=\"cell\">\n\t\t\t<hr class=\"separator\">\n\t\t<\/div>\n\t<\/div>\n<\/div>\n\n\n\n\n\n<div  class=\"section white\">\n\n\t\n\t\t<div class=\"container intro\">\n\t\t\t<div class=\"cell\">\n\t\t\t\t<h2>Nagykereskedelmi k\u00e9pviselet a r\u00e9gi\u00f3kban<\/h2>\n\t\t\t<\/div>\n\t\t<\/div>\n\n\t\n\n\n\t\n\t\t<div class=\"container cols-25p\">\n\n\t\t\t\n\t\t\t\t<div class=\"cell\">\n\n\t\t\t\t\t\t\t\t\t\t\t<p class=\"p-large highlighted\"><strong>Ing. T\u00f3th L\u00e1szl\u00f3<\/strong><\/p>\n\t\t\t\t\t\n\t\t\t\t\t<p><strong>MAGYARORSZ\u00c1G<\/strong><br \/>\nmagyarul, szlov\u00e1kul<\/p>\n\n\n\n\t\t\t\t\t\n\t\t\t\t\t\t<p>\n\n\t\t\t\t\t\t\t\t\t\t\t\t\t\t\t<a href=\"tel:+421 911 184 365\">+421 911 184 365<\/a><br>\n\t\t\t\t\t\t\t\n\t\t\t\t\t\t\t\t\t\t\t\t\t\t\t<a href=\"mailto:toth@nevask.eu\"><span class=\"icon18\"><img decoding=\"async\" src=\"https:\/\/nevask.eu\/wp-content\/themes\/neva\/images\/temp\/2099199-1b06cce6.png\" alt=\"\"><\/span> toth@nevask.eu<\/a>\n\t\t\t\t\t\t\t\n\t\t\t\t\t\t<\/p>\n\n\t\t\t\t\t\n\t\t\t\t<\/div>\n\n\t\t\t\n\t\t<\/div>\n\n\t\n<\/div>\n\n\n\n\n\n<div class=\"section white\">\n\t<div class=\"container\">\n\t\t<div class=\"cell\">\n\t\t\t<hr class=\"separator\">\n\t\t<\/div>\n\t<\/div>\n<\/div>\n\n\n\n\n\n<div  class=\"section white\">\n\n\t\n\t\t<div class=\"container intro\">\n\t\t\t<div class=\"cell\">\n\t\t\t\t<h2>Nagykereskedelmi r\u00e9szleg<\/h2>\n\t\t\t<\/div>\n\t\t<\/div>\n\n\t\n\n\n\t\n\t\t<div class=\"container cols-25p\">\n\n\t\t\t\n\t\t\t\t<div class=\"cell\">\n\n\t\t\t\t\t\t\t\t\t\t\t<p class=\"p-large highlighted\"><strong>Ing. Vir\u00e1g Nikolett<\/strong><\/p>\n\t\t\t\t\t\n\t\t\t\t\t<p><strong>m\u0171szaki t\u00e1mogat\u00e1s \u00e9s kereskedelmi r\u00e9szleg<\/strong><br \/>\nmagyarul, szlov\u00e1kul, angolul<\/p>\n\n\n\n\t\t\t\t\t\n\t\t\t\t\t\t<p>\n\n\t\t\t\t\t\t\t\t\t\t\t\t\t\t\t<a href=\"tel:+421 \u200b911 184 367\">+421 \u200b911 184 367<\/a><br>\n\t\t\t\t\t\t\t\n\t\t\t\t\t\t\t\t\t\t\t\t\t\t\t<a href=\"mailto:kapcsolat@nevask.eu\"><span class=\"icon18\"><img decoding=\"async\" src=\"https:\/\/nevask.eu\/wp-content\/themes\/neva\/images\/temp\/2099199-1b06cce6.png\" alt=\"\"><\/span> kapcsolat@nevask.eu<\/a>\n\t\t\t\t\t\t\t\n\t\t\t\t\t\t<\/p>\n\n\t\t\t\t\t\n\t\t\t\t<\/div>\n\n\t\t\t\n\t\t\t\t<div class=\"cell\">\n\n\t\t\t\t\t\t\t\t\t\t\t<p class=\"p-large highlighted\"><strong>Moj\u017ei\u0161 Marc<\/strong><\/p>\n\t\t\t\t\t\n\t\t\t\t\t<p><strong>m\u0171szaki t\u00e1mogat\u00e1s \u00e9s kereskedelmi r\u00e9szleg<\/strong><br \/>\nmagyarul, szlov\u00e1kul, angolul<\/p>\n\n\n\n\t\t\t\t\t\n\t\t\t\t\t\t<p>\n\n\t\t\t\t\t\t\t\t\t\t\t\t\t\t\t<a href=\"tel:+421 \u200b911 840 445\">+421 \u200b911 840 445<\/a><br>\n\t\t\t\t\t\t\t\n\t\t\t\t\t\t\t\t\t\t\t\t\t\t\t<a href=\"mailto:kapcsolat@nevask.eu\"><span class=\"icon18\"><img decoding=\"async\" src=\"https:\/\/nevask.eu\/wp-content\/themes\/neva\/images\/temp\/2099199-1b06cce6.png\" alt=\"\"><\/span> kapcsolat@nevask.eu<\/a>\n\t\t\t\t\t\t\t\n\t\t\t\t\t\t<\/p>\n\n\t\t\t\t\t\n\t\t\t\t<\/div>\n\n\t\t\t\n\t\t\t\t<div class=\"cell\">\n\n\t\t\t\t\t\t\t\t\t\t\t<p class=\"p-large highlighted\"><strong>Cserman D\u00e1vid<\/strong><\/p>\n\t\t\t\t\t\n\t\t\t\t\t<p><strong>m\u0171szaki t\u00e1mogat\u00e1s \u00e9s kereskedelmi r\u00e9szleg<\/strong><br \/>\nmagyarul, szlov\u00e1kul, angolul<\/p>\n\n\n\n\t\t\t\t\t\n\t\t\t\t\t\t<p>\n\n\t\t\t\t\t\t\t\t\t\t\t\t\t\t\t<a href=\"tel:+421 \u200b910 446 622\">+421 \u200b910 446 622<\/a><br>\n\t\t\t\t\t\t\t\n\t\t\t\t\t\t\t\t\t\t\t\t\t\t\t<a href=\"mailto:kapcsolat@nevask.eu\"><span class=\"icon18\"><img decoding=\"async\" src=\"https:\/\/nevask.eu\/wp-content\/themes\/neva\/images\/temp\/2099199-1b06cce6.png\" alt=\"\"><\/span> kapcsolat@nevask.eu<\/a>\n\t\t\t\t\t\t\t\n\t\t\t\t\t\t<\/p>\n\n\t\t\t\t\t\n\t\t\t\t<\/div>\n\n\t\t\t\n\t\t<\/div>\n\n\t\n<\/div>\n\n\n\n\n\n<div class=\"section white\">\n\t<div class=\"container\">\n\t\t<div class=\"cell\">\n\t\t\t<hr class=\"separator\">\n\t\t<\/div>\n\t<\/div>\n<\/div>\n\n\n\n\n\n<div  class=\"section white\">\n\n\t\n\t\t<div class=\"container intro\">\n\t\t\t<div class=\"cell\">\n\t\t\t\t<h2>P\u00e9nz\u00fcgyi r\u00e9szleg<\/h2>\n\t\t\t<\/div>\n\t\t<\/div>\n\n\t\n\n\n\t\n\t\t<div class=\"container cols-25p\">\n\n\t\t\t\n\t\t\t\t<div class=\"cell\">\n\n\t\t\t\t\t\t\t\t\t\t\t<p class=\"p-large highlighted\"><strong>Zuzana Bajzov\u00e1<\/strong><\/p>\n\t\t\t\t\t\n\t\t\t\t\t<p><strong>sz\u00e1ml\u00e1z\u00e1s<\/strong><br \/>\nszlov\u00e1kul<\/p>\n\n\n\n\t\t\t\t\t\n\t\t\t\t\t\t<p>\n\n\t\t\t\t\t\t\t\t\t\t\t\t\t\t\t<a href=\"tel:+421 904 151 804\">+421 904 151 804<\/a><br>\n\t\t\t\t\t\t\t\n\t\t\t\t\t\t\t\t\t\t\t\t\t\t\t<a href=\"mailto:ekonomicke@nevask.eu\"><span class=\"icon18\"><img decoding=\"async\" src=\"https:\/\/nevask.eu\/wp-content\/themes\/neva\/images\/temp\/2099199-1b06cce6.png\" alt=\"\"><\/span> ekonomicke@nevask.eu<\/a>\n\t\t\t\t\t\t\t\n\t\t\t\t\t\t<\/p>\n\n\t\t\t\t\t\n\t\t\t\t<\/div>\n\n\t\t\t\n\t\t<\/div>\n\n\t\n<\/div>\n\n\n\n\n\n<div class=\"section white\">\n\t<div class=\"container\">\n\t\t<div class=\"cell\">\n\t\t\t<hr class=\"separator\">\n\t\t<\/div>\n\t<\/div>\n<\/div>\n\n\n\n\n\n<div  class=\"section white\">\n\n\t\n\t\t<div class=\"container intro\">\n\t\t\t<div class=\"cell\">\n\t\t\t\t<h2>IT a marketingov\u00e9 oddelenie<\/h2>\n\t\t\t<\/div>\n\t\t<\/div>\n\n\t\n\n\n\t\n\t\t<div class=\"container cols-25p\">\n\n\t\t\t\n\t\t\t\t<div class=\"cell\">\n\n\t\t\t\t\t\t\t\t\t\t\t<p class=\"p-large highlighted\"><strong>Faludi Zolt\u00e1n<\/strong><\/p>\n\t\t\t\t\t\n\t\t\t\t\t<p><strong>IT adminisztr\u00e1tor<br \/>\n<\/strong>magyarul, szlov\u00e1kul,<\/p>\n\n\n\n\t\t\t\t\t\n\t\t\t\t\t\t<p>\n\n\t\t\t\t\t\t\t\t\t\t\t\t\t\t\t<a href=\"tel:+421 903 467 607\">+421 903 467 607<\/a><br>\n\t\t\t\t\t\t\t\n\t\t\t\t\t\t\t\t\t\t\t\t\t\t\t<a href=\"mailto:it@nevask.eu\"><span class=\"icon18\"><img decoding=\"async\" src=\"https:\/\/nevask.eu\/wp-content\/themes\/neva\/images\/temp\/2099199-1b06cce6.png\" alt=\"\"><\/span> it@nevask.eu<\/a>\n\t\t\t\t\t\t\t\n\t\t\t\t\t\t<\/p>\n\n\t\t\t\t\t\n\t\t\t\t<\/div>\n\n\t\t\t\n\t\t\t\t<div class=\"cell\">\n\n\t\t\t\t\t\t\t\t\t\t\t<p class=\"p-large highlighted\"><strong>Miroslav Nikod\u00e9mus<\/strong><\/p>\n\t\t\t\t\t\n\t\t\t\t\t<p><strong>marketing t\u00e1mogat\u00e1s<\/strong><br \/>\nszlov\u00e1kul, angolul<\/p>\n\n\n\n\t\t\t\t\t\n\t\t\t\t\t\t<p>\n\n\t\t\t\t\t\t\t\t\t\t\t\t\t\t\t<a href=\"tel:+421 911 228 050\">+421 911 228 050<\/a><br>\n\t\t\t\t\t\t\t\n\t\t\t\t\t\t\t\t\t\t\t\t\t\t\t<a href=\"mailto:marketing@nevask.eu\"><span class=\"icon18\"><img decoding=\"async\" src=\"https:\/\/nevask.eu\/wp-content\/themes\/neva\/images\/temp\/2099199-1b06cce6.png\" alt=\"\"><\/span> marketing@nevask.eu<\/a>\n\t\t\t\t\t\t\t\n\t\t\t\t\t\t<\/p>\n\n\t\t\t\t\t\n\t\t\t\t<\/div>\n\n\t\t\t\n\t\t<\/div>\n\n\t\n<\/div>\n","protected":false},"excerpt":{"rendered":"","protected":false},"author":1,"featured_media":0,"parent":0,"menu_order":0,"comment_status":"closed","ping_status":"closed","template":"","meta":{"_acf_changed":false,"inline_featured_image":false,"footnotes":""},"class_list":["post-201","page","type-page","status-publish","hentry"],"acf":[],"yoast_head":"<!-- This site is optimized with the Yoast SEO plugin v27.5 - https:\/\/yoast.com\/product\/yoast-seo-wordpress\/ -->\n<title>A NEVA SK, s.r.o. c\u00e9g el\u00e9rhet\u0151s\u00e9gei | nevask.eu<\/title>\n<meta name=\"description\" content=\"A NEVA SK, s.r.o. sz\u00e9khely\u00e9nek c\u00edme valamint az egyes r\u00e9szlegek el\u00e9rhet\u0151s\u00e9gei, bele\u00e9rtve a rom\u00e1niai \u00e9s magyarorsz\u00e1gi el\u00e9rhet\u0151s\u00e9geket is.\" \/>\n<meta name=\"robots\" content=\"index, follow, max-snippet:-1, max-image-preview:large, max-video-preview:-1\" \/>\n<link rel=\"canonical\" href=\"https:\/\/nevask.eu\/hu\/kapcsolat\/\" \/>\n<meta property=\"og:locale\" content=\"hu_HU\" \/>\n<meta property=\"og:type\" content=\"article\" \/>\n<meta property=\"og:title\" content=\"A NEVA SK, s.r.o. c\u00e9g el\u00e9rhet\u0151s\u00e9gei | nevask.eu\" \/>\n<meta property=\"og:description\" content=\"A NEVA SK, s.r.o. sz\u00e9khely\u00e9nek c\u00edme valamint az egyes r\u00e9szlegek el\u00e9rhet\u0151s\u00e9gei, bele\u00e9rtve a rom\u00e1niai \u00e9s magyarorsz\u00e1gi el\u00e9rhet\u0151s\u00e9geket is.\" \/>\n<meta property=\"og:url\" content=\"https:\/\/nevask.eu\/hu\/kapcsolat\/\" \/>\n<meta property=\"og:site_name\" content=\"NEVA\" \/>\n<meta property=\"article:modified_time\" content=\"2026-02-10T09:39:48+00:00\" \/>\n<meta name=\"twitter:card\" content=\"summary_large_image\" \/>\n<meta name=\"twitter:label1\" content=\"Becs\u00fclt olvas\u00e1si id\u0151\" \/>\n\t<meta name=\"twitter:data1\" content=\"2 perc\" \/>\n<!-- \/ Yoast SEO plugin. -->","yoast_head_json":{"title":"A NEVA SK, s.r.o. c\u00e9g el\u00e9rhet\u0151s\u00e9gei | nevask.eu","description":"A NEVA SK, s.r.o. sz\u00e9khely\u00e9nek c\u00edme valamint az egyes r\u00e9szlegek el\u00e9rhet\u0151s\u00e9gei, bele\u00e9rtve a rom\u00e1niai \u00e9s magyarorsz\u00e1gi el\u00e9rhet\u0151s\u00e9geket is.","robots":{"index":"index","follow":"follow","max-snippet":"max-snippet:-1","max-image-preview":"max-image-preview:large","max-video-preview":"max-video-preview:-1"},"canonical":"https:\/\/nevask.eu\/hu\/kapcsolat\/","og_locale":"hu_HU","og_type":"article","og_title":"A NEVA SK, s.r.o. c\u00e9g el\u00e9rhet\u0151s\u00e9gei | nevask.eu","og_description":"A NEVA SK, s.r.o. sz\u00e9khely\u00e9nek c\u00edme valamint az egyes r\u00e9szlegek el\u00e9rhet\u0151s\u00e9gei, bele\u00e9rtve a rom\u00e1niai \u00e9s magyarorsz\u00e1gi el\u00e9rhet\u0151s\u00e9geket is.","og_url":"https:\/\/nevask.eu\/hu\/kapcsolat\/","og_site_name":"NEVA","article_modified_time":"2026-02-10T09:39:48+00:00","twitter_card":"summary_large_image","twitter_misc":{"Becs\u00fclt olvas\u00e1si id\u0151":"2 perc"},"schema":{"@context":"https:\/\/schema.org","@graph":[{"@type":"WebPage","@id":"https:\/\/nevask.eu\/hu\/kapcsolat\/","url":"https:\/\/nevask.eu\/hu\/kapcsolat\/","name":"A NEVA SK, s.r.o. c\u00e9g el\u00e9rhet\u0151s\u00e9gei | nevask.eu","isPartOf":{"@id":"https:\/\/nevask.eu\/hu\/#website"},"datePublished":"2025-04-29T05:24:35+00:00","dateModified":"2026-02-10T09:39:48+00:00","description":"A NEVA SK, s.r.o. sz\u00e9khely\u00e9nek c\u00edme valamint az egyes r\u00e9szlegek el\u00e9rhet\u0151s\u00e9gei, bele\u00e9rtve a rom\u00e1niai \u00e9s magyarorsz\u00e1gi el\u00e9rhet\u0151s\u00e9geket is.","breadcrumb":{"@id":"https:\/\/nevask.eu\/hu\/kapcsolat\/#breadcrumb"},"inLanguage":"hu","potentialAction":[{"@type":"ReadAction","target":["https:\/\/nevask.eu\/hu\/kapcsolat\/"]}]},{"@type":"BreadcrumbList","@id":"https:\/\/nevask.eu\/hu\/kapcsolat\/#breadcrumb","itemListElement":[{"@type":"ListItem","position":1,"name":"Home","item":"https:\/\/nevask.eu\/hu\/"},{"@type":"ListItem","position":2,"name":"Kapcsolat"}]},{"@type":"WebSite","@id":"https:\/\/nevask.eu\/hu\/#website","url":"https:\/\/nevask.eu\/hu\/","name":"NEVA","description":"Vonkaj\u0161ie \u017eal\u00fazie a screenov\u00e9 rolety","potentialAction":[{"@type":"SearchAction","target":{"@type":"EntryPoint","urlTemplate":"https:\/\/nevask.eu\/hu\/?s={search_term_string}"},"query-input":{"@type":"PropertyValueSpecification","valueRequired":true,"valueName":"search_term_string"}}],"inLanguage":"hu"}]}},"_links":{"self":[{"href":"https:\/\/nevask.eu\/hu\/wp-json\/wp\/v2\/pages\/201","targetHints":{"allow":["GET"]}}],"collection":[{"href":"https:\/\/nevask.eu\/hu\/wp-json\/wp\/v2\/pages"}],"about":[{"href":"https:\/\/nevask.eu\/hu\/wp-json\/wp\/v2\/types\/page"}],"author":[{"embeddable":true,"href":"https:\/\/nevask.eu\/hu\/wp-json\/wp\/v2\/users\/1"}],"replies":[{"embeddable":true,"href":"https:\/\/nevask.eu\/hu\/wp-json\/wp\/v2\/comments?post=201"}],"version-history":[{"count":16,"href":"https:\/\/nevask.eu\/hu\/wp-json\/wp\/v2\/pages\/201\/revisions"}],"predecessor-version":[{"id":12574,"href":"https:\/\/nevask.eu\/hu\/wp-json\/wp\/v2\/pages\/201\/revisions\/12574"}],"wp:attachment":[{"href":"https:\/\/nevask.eu\/hu\/wp-json\/wp\/v2\/media?parent=201"}],"curies":[{"name":"wp","href":"https:\/\/api.w.org\/{rel}","templated":true}]}}