{"id":205,"date":"2025-04-29T07:20:41","date_gmt":"2025-04-29T05:20:41","guid":{"rendered":"https:\/\/nevask.eu\/?page_id=205"},"modified":"2025-09-27T09:24:54","modified_gmt":"2025-09-27T07:24:54","slug":"arajanlat","status":"publish","type":"page","link":"https:\/\/nevask.eu\/hu\/arajanlat\/","title":{"rendered":"\u00c1raj\u00e1nlat"},"content":{"rendered":"\n\n\n<div  class=\"section white\">\n\n\t\n\t\t<div class=\"container intro\">\n\t\t\t<div class=\"cell\">\n\t\t\t\t<h1>\u00c1raj\u00e1nlat k\u00f6telezetts\u00e9g n\u00e9lk\u00fcl<\/h1>\n\t\t\t<\/div>\n\t\t<\/div>\n\n\t\n\n\n\t\n\t<div class=\"container cols-50p has-cell-bg-image\" style=\"\">\n\n\t\t\n\t\t\t\n\t\t\t\t\n\t\t\t\t<a href=\"https:\/\/nevask.eu\/hu\/arajanlat\/arajanlat-kulteri-zsaluzia\/\" class=\"cell bg-image\" style=\"background-image: linear-gradient(0deg, rgba(0,0,0,0.3), rgba(0,0,0,0.3)), url(https:\/\/nevask.eu\/wp-content\/uploads\/2025\/06\/TOM7712-kopie-1024x683.jpg)\">\n\n\t\t\t\t\t\n\n\n\t\t\t\t\t<h2 class=\"h3\">K\u00fclt\u00e9ri zsaluzia<\/h2>\n\n\t\t\t\t<\/a>\n\t\t\t\n\t\t\t\t\n\t\t\t\t<a href=\"https:\/\/nevask.eu\/hu\/arajanlat\/arajanlat-screen-naphalo\/\" class=\"cell bg-image\" style=\"background-image: linear-gradient(0deg, rgba(0,0,0,0.3), rgba(0,0,0,0.3)), url(https:\/\/nevask.eu\/wp-content\/uploads\/2025\/06\/06_MP-1024x724.jpg)\">\n\n\t\t\t\t\t\n\n\n\t\t\t\t\t<h2 class=\"h3\">Screen naph\u00e1l\u00f3<\/h2>\n\n\t\t\t\t<\/a>\n\t\t\t\n\t\t\n\t<\/div>\n\n\n\n\t\n\t\t<div class=\"container outro center\">\n\t\t\t<div class=\"cell\">\n\n\t\t\t\t<p style=\"text-align: left;\">K\u00e9rjen \u00e1raj\u00e1nlatot k\u00f6telezetts\u00e9g n\u00e9lk\u00fcl! \u00e9s csak egy l\u00e9p\u00e9sre van a t\u00f6k\u00e9letes zsaluziat\u00f3l.<\/p>\n\n\t\t\t\t\n\t\t\t<\/div>\n\t\t<\/div>\n\n\t\n<\/div>\n\n\n\n\n\n\n\n\n<div  class=\"section dark\">\n\t<div class=\"container cols-50p\">\n\n\t\t\n\n\n\t\t<div class=\"cell\">\n\n\t\t\t<p><img loading=\"lazy\" decoding=\"async\" class=\"alignnone size-medium wp-image-5865\" src=\"https:\/\/nevask.eu\/wp-content\/uploads\/2025\/07\/claim-hu-white-300x38.png\" alt=\"\" width=\"300\" height=\"38\" srcset=\"https:\/\/nevask.eu\/wp-content\/uploads\/2025\/07\/claim-hu-white-300x38.png 300w, https:\/\/nevask.eu\/wp-content\/uploads\/2025\/07\/claim-hu-white-1024x129.png 1024w, https:\/\/nevask.eu\/wp-content\/uploads\/2025\/07\/claim-hu-white-768x97.png 768w, https:\/\/nevask.eu\/wp-content\/uploads\/2025\/07\/claim-hu-white-1536x194.png 1536w, https:\/\/nevask.eu\/wp-content\/uploads\/2025\/07\/claim-hu-white-2048x258.png 2048w\" sizes=\"auto, (max-width: 300px) 100vw, 300px\" \/><\/p>\n\n\t\t\t\n\t\t<\/div>\n\n\n\n\t\t\n\t<\/div>\n<\/div>\n","protected":false},"excerpt":{"rendered":"","protected":false},"author":1,"featured_media":10815,"parent":0,"menu_order":0,"comment_status":"closed","ping_status":"closed","template":"","meta":{"_acf_changed":false,"inline_featured_image":false,"footnotes":""},"class_list":["post-205","page","type-page","status-publish","has-post-thumbnail","hentry"],"acf":[],"yoast_head":"<!-- This site is optimized with the Yoast SEO plugin v27.5 - https:\/\/yoast.com\/product\/yoast-seo-wordpress\/ -->\n<title>Nem k\u00f6telez\u0151 \u00e9rv\u00e9ny\u0171 \u00e1raj\u00e1nlatk\u00e9r\u00e9s a NEVA term\u00e9kekre | nevask.eu<\/title>\n<meta name=\"description\" content=\"K\u00e9rjen k\u00f6telezetts\u00e9g n\u00e9lk\u00fcli \u00e1raj\u00e1nlatot egyszer\u0171 \u0171rlapunk kit\u00f6lt\u00e9s\u00e9vel. V\u00e1lassza ki a zsaluzi\u00e1k vagy screenek t\u00edpus\u00e1t, sz\u00edn\u00e9t \u00e9s mozgat\u00e1si m\u00f3dj\u00e1t. A t\u00f6bbit b\u00edzza r\u00e1nk.\" \/>\n<meta name=\"robots\" content=\"index, follow, max-snippet:-1, max-image-preview:large, max-video-preview:-1\" \/>\n<link rel=\"canonical\" href=\"https:\/\/nevask.eu\/hu\/arajanlat\/\" \/>\n<meta property=\"og:locale\" content=\"hu_HU\" \/>\n<meta property=\"og:type\" content=\"article\" \/>\n<meta property=\"og:title\" content=\"Nem k\u00f6telez\u0151 \u00e9rv\u00e9ny\u0171 \u00e1raj\u00e1nlatk\u00e9r\u00e9s a NEVA term\u00e9kekre | nevask.eu\" \/>\n<meta property=\"og:description\" content=\"K\u00e9rjen k\u00f6telezetts\u00e9g n\u00e9lk\u00fcli \u00e1raj\u00e1nlatot egyszer\u0171 \u0171rlapunk kit\u00f6lt\u00e9s\u00e9vel. V\u00e1lassza ki a zsaluzi\u00e1k vagy screenek t\u00edpus\u00e1t, sz\u00edn\u00e9t \u00e9s mozgat\u00e1si m\u00f3dj\u00e1t. A t\u00f6bbit b\u00edzza r\u00e1nk.\" \/>\n<meta property=\"og:url\" content=\"https:\/\/nevask.eu\/hu\/arajanlat\/\" \/>\n<meta property=\"og:site_name\" content=\"NEVA\" \/>\n<meta property=\"article:modified_time\" content=\"2025-09-27T07:24:54+00:00\" \/>\n<meta property=\"og:image\" content=\"https:\/\/nevask.eu\/wp-content\/uploads\/2025\/09\/NEVA_titulka-SK.jpg\" \/>\n\t<meta property=\"og:image:width\" content=\"1200\" \/>\n\t<meta property=\"og:image:height\" content=\"630\" \/>\n\t<meta property=\"og:image:type\" content=\"image\/jpeg\" \/>\n<meta name=\"twitter:card\" content=\"summary_large_image\" \/>\n<meta name=\"twitter:label1\" content=\"Becs\u00fclt olvas\u00e1si id\u0151\" \/>\n\t<meta name=\"twitter:data1\" content=\"1 perc\" \/>\n<!-- \/ Yoast SEO plugin. -->","yoast_head_json":{"title":"Nem k\u00f6telez\u0151 \u00e9rv\u00e9ny\u0171 \u00e1raj\u00e1nlatk\u00e9r\u00e9s a NEVA term\u00e9kekre | nevask.eu","description":"K\u00e9rjen k\u00f6telezetts\u00e9g n\u00e9lk\u00fcli \u00e1raj\u00e1nlatot egyszer\u0171 \u0171rlapunk kit\u00f6lt\u00e9s\u00e9vel. V\u00e1lassza ki a zsaluzi\u00e1k vagy screenek t\u00edpus\u00e1t, sz\u00edn\u00e9t \u00e9s mozgat\u00e1si m\u00f3dj\u00e1t. A t\u00f6bbit b\u00edzza r\u00e1nk.","robots":{"index":"index","follow":"follow","max-snippet":"max-snippet:-1","max-image-preview":"max-image-preview:large","max-video-preview":"max-video-preview:-1"},"canonical":"https:\/\/nevask.eu\/hu\/arajanlat\/","og_locale":"hu_HU","og_type":"article","og_title":"Nem k\u00f6telez\u0151 \u00e9rv\u00e9ny\u0171 \u00e1raj\u00e1nlatk\u00e9r\u00e9s a NEVA term\u00e9kekre | nevask.eu","og_description":"K\u00e9rjen k\u00f6telezetts\u00e9g n\u00e9lk\u00fcli \u00e1raj\u00e1nlatot egyszer\u0171 \u0171rlapunk kit\u00f6lt\u00e9s\u00e9vel. V\u00e1lassza ki a zsaluzi\u00e1k vagy screenek t\u00edpus\u00e1t, sz\u00edn\u00e9t \u00e9s mozgat\u00e1si m\u00f3dj\u00e1t. A t\u00f6bbit b\u00edzza r\u00e1nk.","og_url":"https:\/\/nevask.eu\/hu\/arajanlat\/","og_site_name":"NEVA","article_modified_time":"2025-09-27T07:24:54+00:00","og_image":[{"width":1200,"height":630,"url":"https:\/\/nevask.eu\/wp-content\/uploads\/2025\/09\/NEVA_titulka-SK.jpg","type":"image\/jpeg"}],"twitter_card":"summary_large_image","twitter_misc":{"Becs\u00fclt olvas\u00e1si id\u0151":"1 perc"},"schema":{"@context":"https:\/\/schema.org","@graph":[{"@type":"WebPage","@id":"https:\/\/nevask.eu\/hu\/arajanlat\/","url":"https:\/\/nevask.eu\/hu\/arajanlat\/","name":"Nem k\u00f6telez\u0151 \u00e9rv\u00e9ny\u0171 \u00e1raj\u00e1nlatk\u00e9r\u00e9s a NEVA term\u00e9kekre | nevask.eu","isPartOf":{"@id":"https:\/\/nevask.eu\/hu\/#website"},"primaryImageOfPage":{"@id":"https:\/\/nevask.eu\/hu\/arajanlat\/#primaryimage"},"image":{"@id":"https:\/\/nevask.eu\/hu\/arajanlat\/#primaryimage"},"thumbnailUrl":"https:\/\/nevask.eu\/wp-content\/uploads\/2025\/09\/NEVA_titulka-SK.jpg.webp","datePublished":"2025-04-29T05:20:41+00:00","dateModified":"2025-09-27T07:24:54+00:00","description":"K\u00e9rjen k\u00f6telezetts\u00e9g n\u00e9lk\u00fcli \u00e1raj\u00e1nlatot egyszer\u0171 \u0171rlapunk kit\u00f6lt\u00e9s\u00e9vel. V\u00e1lassza ki a zsaluzi\u00e1k vagy screenek t\u00edpus\u00e1t, sz\u00edn\u00e9t \u00e9s mozgat\u00e1si m\u00f3dj\u00e1t. A t\u00f6bbit b\u00edzza r\u00e1nk.","breadcrumb":{"@id":"https:\/\/nevask.eu\/hu\/arajanlat\/#breadcrumb"},"inLanguage":"hu","potentialAction":[{"@type":"ReadAction","target":["https:\/\/nevask.eu\/hu\/arajanlat\/"]}]},{"@type":"ImageObject","inLanguage":"hu","@id":"https:\/\/nevask.eu\/hu\/arajanlat\/#primaryimage","url":"https:\/\/nevask.eu\/wp-content\/uploads\/2025\/09\/NEVA_titulka-SK.jpg.webp","contentUrl":"https:\/\/nevask.eu\/wp-content\/uploads\/2025\/09\/NEVA_titulka-SK.jpg.webp","width":1200,"height":630,"caption":"Logo NEVA Zatienime kvalitou"},{"@type":"BreadcrumbList","@id":"https:\/\/nevask.eu\/hu\/arajanlat\/#breadcrumb","itemListElement":[{"@type":"ListItem","position":1,"name":"Home","item":"https:\/\/nevask.eu\/hu\/"},{"@type":"ListItem","position":2,"name":"\u00c1raj\u00e1nlat"}]},{"@type":"WebSite","@id":"https:\/\/nevask.eu\/hu\/#website","url":"https:\/\/nevask.eu\/hu\/","name":"NEVA","description":"Vonkaj\u0161ie \u017eal\u00fazie a screenov\u00e9 rolety","potentialAction":[{"@type":"SearchAction","target":{"@type":"EntryPoint","urlTemplate":"https:\/\/nevask.eu\/hu\/?s={search_term_string}"},"query-input":{"@type":"PropertyValueSpecification","valueRequired":true,"valueName":"search_term_string"}}],"inLanguage":"hu"}]}},"_links":{"self":[{"href":"https:\/\/nevask.eu\/hu\/wp-json\/wp\/v2\/pages\/205","targetHints":{"allow":["GET"]}}],"collection":[{"href":"https:\/\/nevask.eu\/hu\/wp-json\/wp\/v2\/pages"}],"about":[{"href":"https:\/\/nevask.eu\/hu\/wp-json\/wp\/v2\/types\/page"}],"author":[{"embeddable":true,"href":"https:\/\/nevask.eu\/hu\/wp-json\/wp\/v2\/users\/1"}],"replies":[{"embeddable":true,"href":"https:\/\/nevask.eu\/hu\/wp-json\/wp\/v2\/comments?post=205"}],"version-history":[{"count":7,"href":"https:\/\/nevask.eu\/hu\/wp-json\/wp\/v2\/pages\/205\/revisions"}],"predecessor-version":[{"id":10862,"href":"https:\/\/nevask.eu\/hu\/wp-json\/wp\/v2\/pages\/205\/revisions\/10862"}],"wp:featuredmedia":[{"embeddable":true,"href":"https:\/\/nevask.eu\/hu\/wp-json\/wp\/v2\/media\/10815"}],"wp:attachment":[{"href":"https:\/\/nevask.eu\/hu\/wp-json\/wp\/v2\/media?parent=205"}],"curies":[{"name":"wp","href":"https:\/\/api.w.org\/{rel}","templated":true}]}}