{"id":209,"date":"2025-04-29T07:24:45","date_gmt":"2025-04-29T05:24:45","guid":{"rendered":"https:\/\/nevask.eu\/?page_id=209"},"modified":"2025-09-11T11:55:29","modified_gmt":"2025-09-11T09:55:29","slug":"neva-bemutatkozasa","status":"publish","type":"page","link":"https:\/\/nevask.eu\/hu\/neva-bemutatkozasa\/","title":{"rendered":"NEVA bemutatkoz\u00e1sa"},"content":{"rendered":"\n\n\n\n\n\n<div class=\"section narrow white\">\n\t<div class=\"container\">\n\t\t<div class=\"cell\">\n\t\t\t<ul class=\"breadcrumbs\">\n\t\t\t\t<li><a href=\"https:\/\/nevask.eu\/hu\/\">Home<\/a><\/li>\n\n\t\t\t\t\n\t\t\t<\/ul>\n\t\t<\/div>\n\t<\/div>\n<\/div>\n\n\n\n\n\n<div  class=\"section full-image\">\n\t<div class=\"container\">\n\t\t<div class=\"cell image h420\">\n\n\t\t\t\t\t\t\t<img decoding=\"async\" src=\"https:\/\/nevask.eu\/wp-content\/uploads\/2025\/07\/vyrobny-zavod-NEVA-Kralice-Na-Hane-1.jpg.webp\" alt=\"V\u00fdrobn\u00fd z\u00e1vod \u017eal\u00fazi\u00ed NEVA v Kr\u00e1lic\u00edch na Han\u00e9\">\n\t\t\t\n\t\t<\/div>\n\t<\/div>\n<\/div>\n\n\n\n\n\n<div  class=\"section white\">\n\t<div class=\"container full left\">\n\t\t<div class=\"cell\">\n\t\t\t<h1 class=\"u-text u-text-palette-2-base u-text-1\">Min\u0151s\u00e9ggel \u00e1rny\u00e9kolunk<\/h1>\n<p class=\"p-large\">Kiv\u00e1l\u00f3 min\u0151s\u00e9g\u0171 <a href=\"https:\/\/nevask.eu\/hu\/kulteri-zsaluzia-neva\/\">k\u00fclt\u00e9ri zsaluzi\u00e1kat<\/a> \u00e9s <a href=\"https:\/\/nevask.eu\/hu\/screen-naphalo-neva\/\">zipscreen naph\u00e1l\u00f3kat<\/a> gy\u00e1rtunk.<\/p>\n<p class=\"p-large\">Min\u0151s\u00e9g\u00fcket els\u0151 l\u00e1t\u00e1sra felismeri, \u00e9s t\u00f6bb \u00e9vnyi gondtalan haszn\u00e1lat ut\u00e1n m\u00e9g jobban \u00e9rt\u00e9kelni fogja.<\/p>\n<p class=\"p-large\">35 \u00e9ve az \u00e1rny\u00e9kol\u00e1stechnika piacvezet\u0151i k\u00f6z\u00e9 tartozunk.<\/p>\n\t\t<\/div>\n\t<\/div>\n<\/div>\n\n\n\n\n\n<div  class=\"section full-image\">\n\t<div class=\"container\">\n\t\t<div class=\"cell image h420\">\n\n\t\t\t\t\t\t\t<img decoding=\"async\" src=\"https:\/\/nevask.eu\/wp-content\/uploads\/2025\/07\/Detail-na-strieborne-lamely-zaluzie-scaled.jpg.webp\" alt=\"Detail na strieborn\u00e9 lamely \u017eal\u00fazie\">\n\t\t\t\n\t\t<\/div>\n\t<\/div>\n<\/div>\n\n\n\n\n\n<div  class=\"section white\">\n\t<div class=\"container full left\">\n\t\t<div class=\"cell\">\n\t\t\t<h2 class=\"h2\">A NEVA\u00ae k\u00fclt\u00e9ri zsaluzi\u00e1k lehet\u0151v\u00e9 teszik, hogy<\/h2>\n<ul>\n<li class=\"p1 p-large\">\n<div>k\u00e9nyelmesen \u00e9s hat\u00e9konyan szab\u00e1lyozza a term\u00e9szetes f\u00e9ny mennyis\u00e9g\u00e9t a helyis\u00e9gekben,<\/div>\n<\/li>\n<li class=\"p1 p-large\">\n<div>optim\u00e1lis kl\u00edm\u00e1t \u00e9s vil\u00e1g\u00edt\u00e1si komfortot tartson fenn otthon\u00e1ban minden helyzetben,<\/div>\n<\/li>\n<li class=\"p1 p-large\">\n<div>energiak\u00f6lts\u00e9geket takar\u00edtson meg \u2013 t\u00e9len f\u0171t\u00e9sen, ny\u00e1ron l\u00e9gkondicion\u00e1l\u00e1son,<\/div>\n<\/li>\n<li class=\"p1 p-large\">\n<div>megv\u00e9dje mag\u00e1n\u00e9let\u00e9t \u00e9s n\u00f6velje otthona biztons\u00e1g\u00e1t.<\/div>\n<\/li>\n<\/ul>\n\t\t<\/div>\n\t<\/div>\n<\/div>\n\n\n\n\n\n<div  class=\"section white\">\n\t<div class=\"container full left\">\n\t\t<div class=\"cell\">\n\t\t\t<h2 class=\"p1\">Mit v\u00e1rhat el t\u0151l\u00fcnk?<\/h2>\n<ul>\n<li class=\"p1 p-large\">Gyorsan reag\u00e1lunk, minden esetben egyedi a hozz\u00e1\u00e1ll\u00e1sunk, \u00e9s csak azt \u00edg\u00e9rj\u00fck, amit teljes\u00edteni is tudunk.<\/li>\n<li class=\"p1 p-large\">Megoldjuk a r\u00e9szleteket, kezelj\u00fck az \u00e9p\u00edtkez\u00e9sen el\u0151fordul\u00f3 atipikus helyzeteket.<\/li>\n<li class=\"p1 p-large\">M\u00e9retre gy\u00e1rtunk, pontosan az \u00d6n ig\u00e9nyei szerint.<\/li>\n<li class=\"p1 p-large\">Kiv\u00e1l\u00f3 min\u0151s\u00e9g\u0171 anyagokat \u00e9s alkatr\u00e9szeket haszn\u00e1lunk.<\/li>\n<li class=\"p1 p-large\">K\u00fcld\u00e9s el\u0151tt mindent ellen\u0151riz\u00fcnk, a term\u00e9ket az \u00e9p\u00edtkez\u00e9s k\u00f6vetelm\u00e9nyeinek megfelel\u0151en \u00e1ll\u00edtjuk be.<\/li>\n<li class=\"p1 p-large\">R\u00f6vid sz\u00e1ll\u00edt\u00e1si hat\u00e1rid\u0151kkel rendelkez\u00fcnk.<\/li>\n<li class=\"p1 p-large\">5 \u00e9v garanci\u00e1t biztos\u00edtunk.<\/li>\n<\/ul>\n\t\t<\/div>\n\t<\/div>\n<\/div>\n\n\n\n\n\n<div  class=\"section dark\">\n\t<div class=\"container full left\">\n\t\t<div class=\"cell\">\n\t\t\t<div class=\"h3\">35 \u00e9v tapasztalat.<\/div>\n<div class=\"h3\">40 orsz\u00e1g, ahov\u00e1 a NEVA k\u00fclt\u00e9ri zsaluzi\u00e1kat \u00e9s screeneket export\u00e1l.<\/div>\n<div class=\"h3\">180 alkalmazott a csehorsz\u00e1gi gy\u00e1rt\u00f3\u00fczemben.<\/div>\n<div class=\"h3\">\u00c9vente 350 000 n\u00e9gyzetm\u00e9ter \u00e1rny\u00e9kolt fel\u00fclet.<\/div>\n<div class=\"h3\">25 milli\u00f3 EUR = \u00e9ves \u00e1rbev\u00e9tel.<\/div>\n\t\t<\/div>\n\t<\/div>\n<\/div>\n\n\n\n\n\n<div  class=\"section white\">\n\t<div class=\"container full left\">\n\t\t<div class=\"cell\">\n\t\t\t<h3 class=\"p1\"><span class=\"s1\">\u017dALUZIE NEVA s.r.o.<\/span><\/h3>\n<p>NEVA\u00ae k\u00fclt\u00e9ri zsaluzi\u00e1kat \u00e9s screen naph\u00e1l\u00f3kat gy\u00e1rt a csehorsz\u00e1gi Kr\u00e1lice na Han\u00e9ban. A c\u00e9get Ladislav Vr\u00e1na \u00e9s Ji\u0159\u00ed Nesvadb\u00edk alap\u00edtotta 1990-ben.<\/p>\n<p><a href=\"https:\/\/www.neva.eu\/\" target=\"_blank\" rel=\"noopener\">neva.eu<\/a><\/p>\n<h3>NEVA SK s.r.o.<\/h3>\n<p>A \u017dALUZIE NEVA le\u00e1nyv\u00e1llalatak\u00e9nt \u00e9s a NEVA\u00ae m\u00e1rka kiz\u00e1r\u00f3lagos forgalmaz\u00f3jak\u00e9nt m\u0171k\u00f6d\u00fcnk a szlov\u00e1k, magyar \u00e9s rom\u00e1n piacon.<\/p>\n<p>Ezeken a piacokon viszontelad\u00f3 \u00e9s telep\u00edt\u0151 partnerek h\u00e1l\u00f3zat\u00e1t \u00e9p\u00edtj\u00fck ki, akik a zsaluzi\u00e1kat \u00e9s screeneket telep\u00edtenek csal\u00e1di h\u00e1zakra, adminisztrat\u00edv \u00e9s kereskedelmi \u00e9p\u00fcletekre.<\/p>\n<p class=\"p1\"><a href=\"https:\/\/nevask.eu\/\">nevask.eu<\/a><\/p>\n\t\t<\/div>\n\t<\/div>\n<\/div>\n\n\n\n\n\n<div  class=\"section white\">\n\n\t\n\n\n\t<div class=\"container\">\n\t\t<div class=\"grid-cols\">\n\n\t\t\t\n\t\t\t\t\n\t\t\t\t\t\n\n\n\t\t\t\t\t\n\t\t\t\t\t\t\n\t\t\t\t\t\t\t\n\t\t\t\t\t\t\t<div class=\"col-7 block bg-image default default\" style=\"background-image: linear-gradient(0deg, rgba(0,0,0,0.3), rgba(0,0,0,0.3)), url(https:\/\/nevask.eu\/wp-content\/uploads\/2025\/07\/vyroba-vonkajsich-zaluzii-neva01.webp)\">\n\n\t\t\t\t\t\t\t\t<div>\n\n\t\t\t\t\t\t\t\t\t\n\t\t\t\t\t\t\t\t\t\t\t\t\t\t\t\t\t\t\t<div><h4>6 hengersor egyike<\/h4>\n<\/div>\n\t\t\t\t\t\t\t\t\t\n\t\t\t\t\t\t\t\t<\/div>\n\n\t\t\t\t\t\t\t<\/div>\n\n\t\t\t\t\t\t\n\t\t\t\t\t\n\n\n\t\t\t\t\t\n\t\t\t\t\n\t\t\t\t\t\n\n\n\t\t\t\t\t\n\t\t\t\t\t\t\n\t\t\t\t\t\t\t\n\t\t\t\t\t\t\t<div class=\"col-5 block bg-image default default\" style=\"background-image: linear-gradient(0deg, rgba(0,0,0,0.3), rgba(0,0,0,0.3)), url(https:\/\/nevask.eu\/wp-content\/uploads\/2025\/07\/vyroba-vonkajsich-zaluzii-neva03.webp)\">\n\n\t\t\t\t\t\t\t\t<div>\n\n\t\t\t\t\t\t\t\t\t\n\t\t\t\t\t\t\t\t\t\t\t\t\t\t\t\t\t\t\t<div><h4>Porfest\u0151 \u00fczem tartoz\u00e9kok fest\u00e9s\u00e9re<\/h4>\n<\/div>\n\t\t\t\t\t\t\t\t\t\n\t\t\t\t\t\t\t\t<\/div>\n\n\t\t\t\t\t\t\t<\/div>\n\n\t\t\t\t\t\t\n\t\t\t\t\t\n\n\n\t\t\t\t\t\n\t\t\t\t\n\t\t\t\n\t\t<\/div>\n\t<\/div>\n\n\n\n\t\n<\/div>\n\n\n\n\n\n<div  class=\"section white\">\n\n\t\n\n\n\t<div class=\"container\">\n\t\t<div class=\"grid-cols\">\n\n\t\t\t\n\t\t\t\t\n\t\t\t\t\t\n\n\n\t\t\t\t\t\n\t\t\t\t\t\t\n\t\t\t\t\t\t\t\n\t\t\t\t\t\t\t<div class=\"col-5 block bg-image default default\" style=\"background-image: linear-gradient(0deg, rgba(0,0,0,0.3), rgba(0,0,0,0.3)), url(https:\/\/nevask.eu\/wp-content\/uploads\/2025\/07\/vonkajsie-zaluzie-a-zipscrenove-rolety-neva-na-mieru.webp)\">\n\n\t\t\t\t\t\t\t\t<div>\n\n\t\t\t\t\t\t\t\t\t\n\t\t\t\t\t\t\t\t\t\t\t\t\t\t\t\t\t\t\t<div><h4>C t\u00edpus\u00fa lamella<\/h4>\n<\/div>\n\t\t\t\t\t\t\t\t\t\n\t\t\t\t\t\t\t\t<\/div>\n\n\t\t\t\t\t\t\t<\/div>\n\n\t\t\t\t\t\t\n\t\t\t\t\t\n\n\n\t\t\t\t\t\n\t\t\t\t\n\t\t\t\t\t\n\n\n\t\t\t\t\t\n\t\t\t\t\t\t\n\t\t\t\t\t\t\t\n\t\t\t\t\t\t\t<div class=\"col-7 block bg-image default default\" style=\"background-image: linear-gradient(0deg, rgba(0,0,0,0.3), rgba(0,0,0,0.3)), url(https:\/\/nevask.eu\/wp-content\/uploads\/2025\/07\/vyroba-vonkajsich-zaluzii-neva02.webp)\">\n\n\t\t\t\t\t\t\t\t<div>\n\n\t\t\t\t\t\t\t\t\t\n\t\t\t\t\t\t\t\t\t\t\t\t\t\t\t\t\t\t\t<div><h4>Betekint\u00e9s a NEVA zsaluzi\u00e1k gy\u00e1rt\u00e1s\u00e1ba<\/h4>\n<\/div>\n\t\t\t\t\t\t\t\t\t\n\t\t\t\t\t\t\t\t<\/div>\n\n\t\t\t\t\t\t\t<\/div>\n\n\t\t\t\t\t\t\n\t\t\t\t\t\n\n\n\t\t\t\t\t\n\t\t\t\t\n\t\t\t\n\t\t<\/div>\n\t<\/div>\n\n\n\n\t\n<\/div>\n\n\n\n\n\n<div class=\"section white\">\n\t<div class=\"container\">\n\t\t<div class=\"cell\">\n\t\t\t<hr class=\"separator\">\n\t\t<\/div>\n\t<\/div>\n<\/div>\n\n\n\n\n\n<div  class=\"section white\">\n\n\t\n\t\t<div class=\"container intro\">\n\t\t\t<div class=\"cell\">\n\t\t\t\t<h2>A NEVA m\u00e9rf\u00f6ldk\u00f6vei \u2192<\/h2>\n\t\t\t<\/div>\n\t\t<\/div>\n\n\t\n\n\n\t<div class=\"container text-blocks text-blocks-border text-blocks-slider\">\n\n\t\t\n\t\t\t\n\t\t\t\t<div class=\"cell\">\n\n\t\t\t\t\t\n\t\t\t\t\t\t<div class=\"icon-title\">\n\n\t\t\t\t\t\t\t\n\t\t\t\t\t\t\t<div>\n\n\t\t\t\t\t\t\t\t\t\t\t\t\t\t\t\t\t<div class=\"h5\">ALAP\u00cdTAS<\/div>\n\t\t\t\t\t\t\t\t\n\t\t\t\t\t\t\t\t\n\t\t\t\t\t\t\t<\/div>\n\t\t\t\t\t\t<\/div>\n\n\t\t\t\t\t\n\n\n\t\t\t\t\t<p><img loading=\"lazy\" decoding=\"async\" class=\"size-medium wp-image-3868 alignleft\" src=\"https:\/\/nevask.eu\/wp-content\/uploads\/2025\/07\/1990_-300x134.png\" alt=\"\" width=\"300\" height=\"134\" srcset=\"https:\/\/nevask.eu\/wp-content\/uploads\/2025\/07\/1990_-300x134.png.webp 300w, https:\/\/nevask.eu\/wp-content\/uploads\/2025\/07\/1990_.png.webp 520w\" sizes=\"auto, (max-width: 300px) 100vw, 300px\" \/>C\u00e9galap\u00edt\u00e1s \u00e1rny\u00e9kol\u00e1stechnika gy\u00e1rt\u00e1s\u00e1ra<\/p>\n\n\t\t\t\t<\/div>\n\n\t\t\t\n\t\t\t\t<div class=\"cell\">\n\n\t\t\t\t\t\n\t\t\t\t\t\t<div class=\"icon-title\">\n\n\t\t\t\t\t\t\t\n\t\t\t\t\t\t\t<div>\n\n\t\t\t\t\t\t\t\t\t\t\t\t\t\t\t\t\t<div class=\"h5\">K\u00cdN\u00c1LAT  B\u0150V\u00cdT\u00c9SE<\/div>\n\t\t\t\t\t\t\t\t\n\t\t\t\t\t\t\t\t\n\t\t\t\t\t\t\t<\/div>\n\t\t\t\t\t\t<\/div>\n\n\t\t\t\t\t\n\n\n\t\t\t\t\t<p><img loading=\"lazy\" decoding=\"async\" class=\"size-medium wp-image-3871 alignleft\" src=\"https:\/\/nevask.eu\/wp-content\/uploads\/2025\/07\/1996-300x134.png\" alt=\"\" width=\"300\" height=\"134\" srcset=\"https:\/\/nevask.eu\/wp-content\/uploads\/2025\/07\/1996-300x134.png.webp 300w, https:\/\/nevask.eu\/wp-content\/uploads\/2025\/07\/1996.png.webp 520w\" sizes=\"auto, (max-width: 300px) 100vw, 300px\" \/>Az \u00e1rny\u00e9kol\u00e1stechnika k\u00fclt\u00e9ri term\u00e9keinek k\u00edn\u00e1lat\u00e1t b\u0151v\u00edtj\u00fck. A k\u00fclt\u00e9ri zsaluzi\u00e1k ir\u00e1nti kereslet gyorsan n\u00f6vekszik.<\/p>\n\n\t\t\t\t<\/div>\n\n\t\t\t\n\t\t\t\t<div class=\"cell\">\n\n\t\t\t\t\t\n\t\t\t\t\t\t<div class=\"icon-title\">\n\n\t\t\t\t\t\t\t\n\t\t\t\t\t\t\t<div>\n\n\t\t\t\t\t\t\t\t\t\t\t\t\t\t\t\t\t<div class=\"h5\">SAJ\u00c1T  HENGERL\u0150 SOR<\/div>\n\t\t\t\t\t\t\t\t\n\t\t\t\t\t\t\t\t\n\t\t\t\t\t\t\t<\/div>\n\t\t\t\t\t\t<\/div>\n\n\t\t\t\t\t\n\n\n\t\t\t\t\t<p><img loading=\"lazy\" decoding=\"async\" class=\"size-medium wp-image-3874 alignleft\" src=\"https:\/\/nevask.eu\/wp-content\/uploads\/2025\/07\/1999-300x134.png\" alt=\"\" width=\"300\" height=\"134\" srcset=\"https:\/\/nevask.eu\/wp-content\/uploads\/2025\/07\/1999-300x134.png.webp 300w, https:\/\/nevask.eu\/wp-content\/uploads\/2025\/07\/1999.png.webp 520w\" sizes=\"auto, (max-width: 300px) 100vw, 300px\" \/><\/p>\n<div class=\"u-border-2 u-border-custom-color-2 u-container-style u-list-item u-repeater-item\">\n<div class=\"u-container-layout u-similar-container u-container-layout-3\">\n<p class=\"u-align-center u-text u-text-6\">Saj\u00e1t ZEBR hengersor telep\u00edt\u00e9se, amely a legmodernebbek k\u00f6z\u00e9 tartozik Eur\u00f3p\u00e1ban.<\/p>\n<\/div>\n<\/div>\n\n\t\t\t\t<\/div>\n\n\t\t\t\n\t\t\t\t<div class=\"cell\">\n\n\t\t\t\t\t\n\t\t\t\t\t\t<div class=\"icon-title\">\n\n\t\t\t\t\t\t\t\n\t\t\t\t\t\t\t<div>\n\n\t\t\t\t\t\t\t\t\t\t\t\t\t\t\t\t\t<div class=\"h5\">TERJESZKED\u00c9S<\/div>\n\t\t\t\t\t\t\t\t\n\t\t\t\t\t\t\t\t\n\t\t\t\t\t\t\t<\/div>\n\t\t\t\t\t\t<\/div>\n\n\t\t\t\t\t\n\n\n\t\t\t\t\t<p><img loading=\"lazy\" decoding=\"async\" class=\"size-medium wp-image-3877 alignleft\" src=\"https:\/\/nevask.eu\/wp-content\/uploads\/2025\/07\/2002-300x134.png\" alt=\"\" width=\"300\" height=\"134\" srcset=\"https:\/\/nevask.eu\/wp-content\/uploads\/2025\/07\/2002-300x134.png.webp 300w, https:\/\/nevask.eu\/wp-content\/uploads\/2025\/07\/2002.png.webp 520w\" sizes=\"auto, (max-width: 300px) 100vw, 300px\" \/>A kereskedelem \u00e9s a gy\u00e1rt\u00e1s jelent\u0151s terjeszked\u00e9s\u00e9nek k\u00f6sz\u00f6nhet\u0151en a tulajdonosok megalap\u00edtj\u00e1k a \u017dAL\u00daZIA NEVA s.r.o. v\u00e1llalatot.<\/p>\n\n\t\t\t\t<\/div>\n\n\t\t\t\n\t\t\t\t<div class=\"cell\">\n\n\t\t\t\t\t\n\t\t\t\t\t\t<div class=\"icon-title\">\n\n\t\t\t\t\t\t\t\n\t\t\t\t\t\t\t<div>\n\n\t\t\t\t\t\t\t\t\t\t\t\t\t\t\t\t\t<div class=\"h5\">\u00daJ GY\u00c1RT\u00d3\u00dcZEM<\/div>\n\t\t\t\t\t\t\t\t\n\t\t\t\t\t\t\t\t\n\t\t\t\t\t\t\t<\/div>\n\t\t\t\t\t\t<\/div>\n\n\t\t\t\t\t\n\n\n\t\t\t\t\t<p><img loading=\"lazy\" decoding=\"async\" class=\"size-medium wp-image-3880 alignleft\" src=\"https:\/\/nevask.eu\/wp-content\/uploads\/2025\/07\/2012-300x134.png\" alt=\"\" width=\"300\" height=\"134\" srcset=\"https:\/\/nevask.eu\/wp-content\/uploads\/2025\/07\/2012-300x134.png.webp 300w, https:\/\/nevask.eu\/wp-content\/uploads\/2025\/07\/2012.png.webp 520w\" sizes=\"auto, (max-width: 300px) 100vw, 300px\" \/>2013 NEVA SK, s.r.o. megalakul\u00e1sa, a tev\u00e9kenys\u00e9gi k\u00f6r b\u0151vit\u00e9se szlov\u00e1kiai \u00e9s magyarorsz\u00e1gi k\u00e9pviselettel<\/p>\n\n\t\t\t\t<\/div>\n\n\t\t\t\n\t\t\t\t<div class=\"cell\">\n\n\t\t\t\t\t\n\t\t\t\t\t\t<div class=\"icon-title\">\n\n\t\t\t\t\t\t\t\n\t\t\t\t\t\t\t<div>\n\n\t\t\t\t\t\t\t\t\t\t\t\t\t\t\t\t\t<div class=\"h5\">NEVA SK<\/div>\n\t\t\t\t\t\t\t\t\n\t\t\t\t\t\t\t\t\n\t\t\t\t\t\t\t<\/div>\n\t\t\t\t\t\t<\/div>\n\n\t\t\t\t\t\n\n\n\t\t\t\t\t<p><img loading=\"lazy\" decoding=\"async\" class=\"size-medium wp-image-3883 alignleft\" src=\"https:\/\/nevask.eu\/wp-content\/uploads\/2025\/07\/2013-300x134.png\" alt=\"\" width=\"300\" height=\"134\" srcset=\"https:\/\/nevask.eu\/wp-content\/uploads\/2025\/07\/2013-300x134.png.webp 300w, https:\/\/nevask.eu\/wp-content\/uploads\/2025\/07\/2013.png.webp 520w\" sizes=\"auto, (max-width: 300px) 100vw, 300px\" \/><\/p>\n<div class=\"u-border-2 u-border-custom-color-2 u-container-style u-list-item u-repeater-item\">\n<div class=\"u-container-layout u-similar-container u-container-layout-6\">\n<p class=\"u-align-center u-text u-text-12\">2013 NEVA SK, s.r.o. megalakul\u00e1sa, a tev\u00e9kenys\u00e9gi k\u00f6r b\u0151vit\u00e9se szlov\u00e1kiai \u00e9s magyarorsz\u00e1gi k\u00e9pviselettel<\/p>\n<\/div>\n<\/div>\n<div class=\"u-border-2 u-border-custom-color-2 u-container-style u-list-item u-repeater-item\">\n<div class=\"u-container-layout u-similar-container u-container-layout-7\"><\/div>\n<\/div>\n\n\t\t\t\t<\/div>\n\n\t\t\t\n\t\t\t\t<div class=\"cell\">\n\n\t\t\t\t\t\n\t\t\t\t\t\t<div class=\"icon-title\">\n\n\t\t\t\t\t\t\t\n\t\t\t\t\t\t\t<div>\n\n\t\t\t\t\t\t\t\t\t\t\t\t\t\t\t\t\t<div class=\"h5\">PORFEST\u0150 M\u0170HELY<\/div>\n\t\t\t\t\t\t\t\t\n\t\t\t\t\t\t\t\t\n\t\t\t\t\t\t\t<\/div>\n\t\t\t\t\t\t<\/div>\n\n\t\t\t\t\t\n\n\n\t\t\t\t\t<p><img loading=\"lazy\" decoding=\"async\" class=\"size-medium wp-image-3886 alignleft\" src=\"https:\/\/nevask.eu\/wp-content\/uploads\/2025\/07\/2014-300x134.png\" alt=\"\" width=\"300\" height=\"134\" srcset=\"https:\/\/nevask.eu\/wp-content\/uploads\/2025\/07\/2014-300x134.png.webp 300w, https:\/\/nevask.eu\/wp-content\/uploads\/2025\/07\/2014.png.webp 520w\" sizes=\"auto, (max-width: 300px) 100vw, 300px\" \/>Saj\u00e1t porsz\u00f3r\u00f3 fest\u00e9k\u00fczem l\u00e9trehoz\u00e1sa, ahol nem csak a zsaluzi\u00e1k tartoz\u00e9kait sz\u00ednterezz\u00fck, hanem k\u00fcls\u0151s \u00fcgyfeleket is kiszolg\u00e1lunk.<\/p>\n\n\t\t\t\t<\/div>\n\n\t\t\t\n\t\t\t\t<div class=\"cell\">\n\n\t\t\t\t\t\n\t\t\t\t\t\t<div class=\"icon-title\">\n\n\t\t\t\t\t\t\t\n\t\t\t\t\t\t\t<div>\n\n\t\t\t\t\t\t\t\t\t\t\t\t\t\t\t\t\t<div class=\"h5\">NAPH\u00c1L\u00d3K<\/div>\n\t\t\t\t\t\t\t\t\n\t\t\t\t\t\t\t\t\n\t\t\t\t\t\t\t<\/div>\n\t\t\t\t\t\t<\/div>\n\n\t\t\t\t\t\n\n\n\t\t\t\t\t<p><img loading=\"lazy\" decoding=\"async\" class=\"size-medium wp-image-3900 alignleft\" src=\"https:\/\/nevask.eu\/wp-content\/uploads\/2025\/07\/2021-300x134.png\" alt=\"\" width=\"300\" height=\"134\" srcset=\"https:\/\/nevask.eu\/wp-content\/uploads\/2025\/07\/2021-300x134.png.webp 300w, https:\/\/nevask.eu\/wp-content\/uploads\/2025\/07\/2021.png.webp 520w\" sizes=\"auto, (max-width: 300px) 100vw, 300px\" \/><\/p>\n<div class=\"u-border-2 u-border-custom-color-2 u-container-style u-list-item u-repeater-item\">\n<div class=\"u-container-layout u-similar-container u-container-layout-8\">\n<p class=\"u-align-center u-text u-text-16\">A k\u00fclt\u00e9ri zsaluzi\u00e1k mellett most m\u00e1r naph\u00e1l\u00f3kat is gy\u00e1rtunk. A sz\u00f6veteket Franciaorsz\u00e1gb\u00f3l \u00e9s Belgiumb\u00f3l sz\u00e1rmaz\u00f3 megb\u00edzhat\u00f3 besz\u00e1ll\u00edt\u00f3kt\u00f3l szerezz\u00fck be.<\/p>\n<\/div>\n<\/div>\n<div class=\"u-border-2 u-border-custom-color-2 u-container-style u-list-item u-repeater-item\">\n<div class=\"u-container-layout u-similar-container u-container-layout-9\"><\/div>\n<\/div>\n\n\t\t\t\t<\/div>\n\n\t\t\t\n\t\t\t\t<div class=\"cell\">\n\n\t\t\t\t\t\n\t\t\t\t\t\t<div class=\"icon-title\">\n\n\t\t\t\t\t\t\t\n\t\t\t\t\t\t\t<div>\n\n\t\t\t\t\t\t\t\t\t\t\t\t\t\t\t\t\t<div class=\"h5\">NEVAPARTNER PROJEKT<\/div>\n\t\t\t\t\t\t\t\t\n\t\t\t\t\t\t\t\t\n\t\t\t\t\t\t\t<\/div>\n\t\t\t\t\t\t<\/div>\n\n\t\t\t\t\t\n\n\n\t\t\t\t\t<p><img loading=\"lazy\" decoding=\"async\" class=\"size-medium wp-image-3903 alignleft\" src=\"https:\/\/nevask.eu\/wp-content\/uploads\/2025\/07\/2023-300x134.png\" alt=\"\" width=\"300\" height=\"134\" srcset=\"https:\/\/nevask.eu\/wp-content\/uploads\/2025\/07\/2023-300x134.png.webp 300w, https:\/\/nevask.eu\/wp-content\/uploads\/2025\/07\/2023.png.webp 520w\" sizes=\"auto, (max-width: 300px) 100vw, 300px\" \/><\/p>\n<section id=\"sec-2d6a\" class=\"u-align-center u-clearfix u-container-align-center u-section-5\">\n<div class=\"u-clearfix u-sheet u-valign-top-xxl u-sheet-1\">\n<div class=\"u-expanded-width u-layout-horizontal u-list u-list-1\">\n<div class=\"u-repeater u-repeater-1\">\n<div class=\"u-border-2 u-border-custom-color-2 u-container-style u-list-item u-repeater-item\">\n<div class=\"u-container-layout u-similar-container u-container-layout-9\">\n<p class=\"u-align-center u-text u-text-18\">Stabil \u00fczleti h\u00e1l\u00f3zat ki\u00e9p\u00edt\u00e9se \u00e9s egys\u00e9ges megjelen\u00e9s a v\u00e9gfelhaszn\u00e1l\u00f3k fel\u00e9.<\/p>\n<\/div>\n<\/div>\n<\/div>\n<\/div>\n<\/div>\n<\/section>\n\n\t\t\t\t<\/div>\n\n\t\t\t\n\t\t\n\t<\/div>\n<\/div>\n\n\n\n\n\n<div  class=\"section dark\">\n\t<div class=\"container full left\">\n\t\t<div class=\"cell\">\n\t\t\t<p><img loading=\"lazy\" decoding=\"async\" class=\"alignnone wp-image-7776 size-full\" src=\"https:\/\/nevask.eu\/wp-content\/uploads\/2025\/07\/zaruka-skusenosti-neva.png\" alt=\"\" width=\"300\" height=\"105\" \/><\/p>\n\t\t<\/div>\n\t<\/div>\n<\/div>\n","protected":false},"excerpt":{"rendered":"","protected":false},"author":1,"featured_media":0,"parent":0,"menu_order":0,"comment_status":"closed","ping_status":"closed","template":"","meta":{"_acf_changed":false,"inline_featured_image":false,"footnotes":""},"class_list":["post-209","page","type-page","status-publish","hentry"],"acf":[],"yoast_head":"<!-- This site is optimized with the Yoast SEO plugin v27.5 - https:\/\/yoast.com\/product\/yoast-seo-wordpress\/ -->\n<title>R\u00f3lunk | nevask.eu<\/title>\n<meta name=\"description\" content=\"Otthonokba, irod\u00e1kba \u00e9s ipari l\u00e9tes\u00edtm\u00e9nyekbe k\u00edn\u00e1lunk kiv\u00e1l\u00f3 min\u0151s\u00e9g\u0171 k\u00fclt\u00e9ri zsaluzi\u00e1kat \u00e9s screen naph\u00e1l\u00f3kat, amelyek \u00e9vtizedeki szolg\u00e1lnak majd.\" \/>\n<meta name=\"robots\" content=\"index, follow, max-snippet:-1, max-image-preview:large, max-video-preview:-1\" \/>\n<link rel=\"canonical\" href=\"https:\/\/nevask.eu\/hu\/neva-bemutatkozasa\/\" \/>\n<meta property=\"og:locale\" content=\"hu_HU\" \/>\n<meta property=\"og:type\" content=\"article\" \/>\n<meta property=\"og:title\" content=\"R\u00f3lunk | nevask.eu\" \/>\n<meta property=\"og:description\" content=\"Otthonokba, irod\u00e1kba \u00e9s ipari l\u00e9tes\u00edtm\u00e9nyekbe k\u00edn\u00e1lunk kiv\u00e1l\u00f3 min\u0151s\u00e9g\u0171 k\u00fclt\u00e9ri zsaluzi\u00e1kat \u00e9s screen naph\u00e1l\u00f3kat, amelyek \u00e9vtizedeki szolg\u00e1lnak majd.\" \/>\n<meta property=\"og:url\" content=\"https:\/\/nevask.eu\/hu\/neva-bemutatkozasa\/\" \/>\n<meta property=\"og:site_name\" content=\"NEVA\" \/>\n<meta property=\"article:modified_time\" content=\"2025-09-11T09:55:29+00:00\" \/>\n<meta name=\"twitter:card\" content=\"summary_large_image\" \/>\n<meta name=\"twitter:label1\" content=\"Becs\u00fclt olvas\u00e1si id\u0151\" \/>\n\t<meta name=\"twitter:data1\" content=\"6 perc\" \/>\n<!-- \/ Yoast SEO plugin. -->","yoast_head_json":{"title":"R\u00f3lunk | nevask.eu","description":"Otthonokba, irod\u00e1kba \u00e9s ipari l\u00e9tes\u00edtm\u00e9nyekbe k\u00edn\u00e1lunk kiv\u00e1l\u00f3 min\u0151s\u00e9g\u0171 k\u00fclt\u00e9ri zsaluzi\u00e1kat \u00e9s screen naph\u00e1l\u00f3kat, amelyek \u00e9vtizedeki szolg\u00e1lnak majd.","robots":{"index":"index","follow":"follow","max-snippet":"max-snippet:-1","max-image-preview":"max-image-preview:large","max-video-preview":"max-video-preview:-1"},"canonical":"https:\/\/nevask.eu\/hu\/neva-bemutatkozasa\/","og_locale":"hu_HU","og_type":"article","og_title":"R\u00f3lunk | nevask.eu","og_description":"Otthonokba, irod\u00e1kba \u00e9s ipari l\u00e9tes\u00edtm\u00e9nyekbe k\u00edn\u00e1lunk kiv\u00e1l\u00f3 min\u0151s\u00e9g\u0171 k\u00fclt\u00e9ri zsaluzi\u00e1kat \u00e9s screen naph\u00e1l\u00f3kat, amelyek \u00e9vtizedeki szolg\u00e1lnak majd.","og_url":"https:\/\/nevask.eu\/hu\/neva-bemutatkozasa\/","og_site_name":"NEVA","article_modified_time":"2025-09-11T09:55:29+00:00","twitter_card":"summary_large_image","twitter_misc":{"Becs\u00fclt olvas\u00e1si id\u0151":"6 perc"},"schema":{"@context":"https:\/\/schema.org","@graph":[{"@type":"WebPage","@id":"https:\/\/nevask.eu\/hu\/neva-bemutatkozasa\/","url":"https:\/\/nevask.eu\/hu\/neva-bemutatkozasa\/","name":"R\u00f3lunk | nevask.eu","isPartOf":{"@id":"https:\/\/nevask.eu\/hu\/#website"},"datePublished":"2025-04-29T05:24:45+00:00","dateModified":"2025-09-11T09:55:29+00:00","description":"Otthonokba, irod\u00e1kba \u00e9s ipari l\u00e9tes\u00edtm\u00e9nyekbe k\u00edn\u00e1lunk kiv\u00e1l\u00f3 min\u0151s\u00e9g\u0171 k\u00fclt\u00e9ri zsaluzi\u00e1kat \u00e9s screen naph\u00e1l\u00f3kat, amelyek \u00e9vtizedeki szolg\u00e1lnak majd.","breadcrumb":{"@id":"https:\/\/nevask.eu\/hu\/neva-bemutatkozasa\/#breadcrumb"},"inLanguage":"hu","potentialAction":[{"@type":"ReadAction","target":["https:\/\/nevask.eu\/hu\/neva-bemutatkozasa\/"]}]},{"@type":"BreadcrumbList","@id":"https:\/\/nevask.eu\/hu\/neva-bemutatkozasa\/#breadcrumb","itemListElement":[{"@type":"ListItem","position":1,"name":"Home","item":"https:\/\/nevask.eu\/hu\/"},{"@type":"ListItem","position":2,"name":"NEVA bemutatkoz\u00e1sa"}]},{"@type":"WebSite","@id":"https:\/\/nevask.eu\/hu\/#website","url":"https:\/\/nevask.eu\/hu\/","name":"NEVA","description":"Vonkaj\u0161ie \u017eal\u00fazie a screenov\u00e9 rolety","potentialAction":[{"@type":"SearchAction","target":{"@type":"EntryPoint","urlTemplate":"https:\/\/nevask.eu\/hu\/?s={search_term_string}"},"query-input":{"@type":"PropertyValueSpecification","valueRequired":true,"valueName":"search_term_string"}}],"inLanguage":"hu"}]}},"_links":{"self":[{"href":"https:\/\/nevask.eu\/hu\/wp-json\/wp\/v2\/pages\/209","targetHints":{"allow":["GET"]}}],"collection":[{"href":"https:\/\/nevask.eu\/hu\/wp-json\/wp\/v2\/pages"}],"about":[{"href":"https:\/\/nevask.eu\/hu\/wp-json\/wp\/v2\/types\/page"}],"author":[{"embeddable":true,"href":"https:\/\/nevask.eu\/hu\/wp-json\/wp\/v2\/users\/1"}],"replies":[{"embeddable":true,"href":"https:\/\/nevask.eu\/hu\/wp-json\/wp\/v2\/comments?post=209"}],"version-history":[{"count":10,"href":"https:\/\/nevask.eu\/hu\/wp-json\/wp\/v2\/pages\/209\/revisions"}],"predecessor-version":[{"id":10213,"href":"https:\/\/nevask.eu\/hu\/wp-json\/wp\/v2\/pages\/209\/revisions\/10213"}],"wp:attachment":[{"href":"https:\/\/nevask.eu\/hu\/wp-json\/wp\/v2\/media?parent=209"}],"curies":[{"name":"wp","href":"https:\/\/api.w.org\/{rel}","templated":true}]}}