{"id":213,"date":"2025-04-29T07:26:22","date_gmt":"2025-04-29T05:26:22","guid":{"rendered":"https:\/\/nevask.eu\/?page_id=213"},"modified":"2025-07-21T14:13:05","modified_gmt":"2025-07-21T12:13:05","slug":"legyen-a-partnerunk","status":"publish","type":"page","link":"https:\/\/nevask.eu\/hu\/legyen-a-partnerunk\/","title":{"rendered":"Legyen a partner\u00fcnk &#8211; \u0171rlap"},"content":{"rendered":"\n\n\n\n\n\n<div class=\"section narrow white\">\n\t<div class=\"container\">\n\t\t<div class=\"cell\">\n\t\t\t<ul class=\"breadcrumbs\">\n\t\t\t\t<li><a href=\"https:\/\/nevask.eu\/hu\/\">Home<\/a><\/li>\n\n\t\t\t\t\n\t\t\t<\/ul>\n\t\t<\/div>\n\t<\/div>\n<\/div>\n\n\n\n\n\n<div  class=\"section tint\">\n\t<div class=\"container full left\">\n\t\t<div class=\"cell\">\n\t\t\t<h1 class=\"u-align-left u-text u-text-palette-2-base u-title u-text-1\">Legyen a partner\u00fcnk<\/h1>\n<p class=\"p-large\">Forgalmazzon egy az eg\u00e9sz vil\u00e1gon k\u00f6zkedvelt m\u00e1rk\u00e1j\u00fa zsaluzi\u00e1t. Legyen partner\u00fcnk \u00e9s haszn\u00e1lja ki az el\u0151ny\u00f6ket, melyeket k\u00edn\u00e1lunk.<\/p>\n\t\t<\/div>\n\t<\/div>\n<\/div>\n\n\n\n\n\n<div  class=\"section white\">\n\t<div class=\"container col-70p-center\">\n\t\t<div class=\"cell\">\n\n\t\t\t\n<div class=\"neva-quotation-form partner-form\">\n    <form id=\"neva-partner-form\" class=\"quotation\" action=\"\" method=\"post\">\n        <div class=\"step\">\n            <h3>C\u00e9gadatok<\/h3>\n\n            <div class=\"form-row form-group\">\n                <label for=\"name_company\" class=\"required\">N\u00e9v \/ c\u00e9gn\u00e9v<\/label>\n                <input type=\"text\" id=\"name_company\" name=\"name_company\" required>\n            <\/div>\n\n            <div class=\"form-row cols-50p\">\n                <div class=\"form-group\">\n                    <label for=\"ico\">C\u00e9gjegyz\u00e9ksz\u00e1m<\/label>\n                    <input type=\"text\" id=\"ico\" name=\"ico\">\n                <\/div>\n\n                <div class=\"form-group\">\n                    <label for=\"dic\">Eu-s ad\u00f3sz\u00e1m<\/label>\n                    <input type=\"text\" id=\"dic\" name=\"dic\">\n                <\/div>\n            <\/div>\n\n            <div class=\"form-row form-group\">\n                <label for=\"office_address\" class=\"required\">Sz\u00e9khely<\/label>\n                <input type=\"text\" id=\"office_address\" name=\"office_address\" required>\n            <\/div>\n\n            <div class=\"form-row form-group\">\n                <label for=\"operation_address\">Telephely\u00e9nek c\u00edme<\/label>\n                <input type=\"text\" id=\"operation_address\" name=\"operation_address\">\n            <\/div>\n        <\/div>\n\n\n\n        <div class=\"step\">\n            <h3>\u00dczleti adatok<\/h3>\n\n            <div class=\"form-row cols-50p\">\n                <div class=\"form-group\">\n                    <label for=\"principal_activity\" class=\"required\">A tev\u00e9kenys\u00e9g f\u0151 t\u00e1rgy<\/label>\n                    <input type=\"text\" id=\"principal_activity\" name=\"principal_activity\" required>\n                <\/div>\n\n                <div class=\"form-group\">\n                    <label for=\"area_of_activity\" class=\"required\">M\u0171k\u00f6d\u00e9si ter\u00fclet<\/label>\n                    <select id=\"area_of_activity\" name=\"area_of_activity\" required>\n                        <option value=\"\">R\u00e9gi\u00f3 kiv\u00e1laszt\u00e1sa<\/option>\n                                                    <option value=\"del_alfold\">\n                                D\u00e9l-Alf\u00f6ld                            <\/option>\n                                                    <option value=\"eszak_alfold\">\n                                \u00c9szak-Alf\u00f6ld                            <\/option>\n                                                    <option value=\"eszak_magyarorszag\">\n                                \u00c9szak-Magyarorsz\u00e1g                            <\/option>\n                                                    <option value=\"kozep_dunantul\">\n                                K\u00f6z\u00e9p-Dun\u00e1nt\u00fal                            <\/option>\n                                                    <option value=\"kozep_magyarorszag\">\n                                K\u00f6z\u00e9p-Magyarorsz\u00e1g                            <\/option>\n                                                    <option value=\"nyugat_dunantul\">\n                                Nyugat-Dun\u00e1nt\u00fal                            <\/option>\n                                            <\/select>\n                <\/div>\n            <\/div>\n        <\/div>\n\n\n\n        <div class=\"step\">\n            <h3>El\u00e9rhet\u0151s\u00e9gek<\/h3>\n\n            <div class=\"form-row cols-50p\">\n                <div class=\"form-group\">\n                    <label for=\"contact_person\" class=\"required\">Kapcsolattart\u00f3<\/label>\n                    <input type=\"text\" id=\"contact_person\" name=\"contact_person\" required>\n                <\/div>\n\n                <div class=\"form-group\">\n                    <label for=\"phone\" class=\"required\">Telefon<\/label>\n                    <input type=\"tel\" id=\"phone\" name=\"phone\" required>\n                <\/div>\n            <\/div>\n\n            <div class=\"form-row cols-50p\">\n                <div class=\"form-group\">\n                    <label for=\"email\" class=\"required\">E-mail<\/label>\n                    <input type=\"email\" id=\"email\" name=\"email\" required>\n                <\/div>\n\n                <div class=\"form-group\">\n                    <label for=\"website\">Web<\/label>\n                    <input type=\"url\" id=\"website\" name=\"website\">\n                <\/div>\n            <\/div>\n        <\/div>\n\n\n\n        <div class=\"step\">\n            <h3>Tov\u00e1bbi inform\u00e1ci\u00f3k<\/h3>\n\n            <div class=\"form-row form-group\">\n                <label for=\"message\">\u00dczenet<\/label>\n                <textarea id=\"message\" name=\"message\" rows=\"4\"><\/textarea>\n            <\/div>\n        <\/div>\n\n\n\n        <div class=\"form-submit center\">\n            <input type=\"hidden\" id=\"nonce\" name=\"nonce\" value=\"2b16f5f1a1\" \/><input type=\"hidden\" name=\"_wp_http_referer\" value=\"\/hu\/wp-json\/wp\/v2\/pages\/213\" \/>            <input type=\"hidden\" name=\"form_type\" value=\"partner\">\n            <input type=\"hidden\" name=\"language_code\" value=\"hu\">\n\n            <input class=\"button button-large submit-button\" type=\"submit\" value=\"Elk\u00fcld\">\n        <\/div>\n\n\n\n        <div class=\"form-messages\"><\/div>\n    <\/form>\n<\/div>\n\n\t\t<\/div>\n\t<\/div>\n<\/div>\n","protected":false},"excerpt":{"rendered":"","protected":false},"author":1,"featured_media":0,"parent":0,"menu_order":0,"comment_status":"closed","ping_status":"closed","template":"","meta":{"_acf_changed":false,"inline_featured_image":false,"footnotes":""},"class_list":["post-213","page","type-page","status-publish","hentry"],"acf":[],"yoast_head":"<!-- This site is optimized with the Yoast SEO plugin v27.5 - https:\/\/yoast.com\/product\/yoast-seo-wordpress\/ -->\n<title>Legyen a NEVA viszontelad\u00f3 partnere annak el\u0151nyeivel \u00e9s t\u00e1mogat\u00e1s\u00e1val - \u0171rlap | nevask.eu<\/title>\n<meta name=\"description\" content=\"Forgalmazzon egy az eg\u00e9sz vil\u00e1gon k\u00f6zkedvelt m\u00e1rk\u00e1j\u00fa zsaluzi\u00e1t. Legyen partner\u00fcnk \u00e9s haszn\u00e1lja ki az el\u0151ny\u00f6ket, melyeket k\u00edn\u00e1lunk.\" \/>\n<meta name=\"robots\" content=\"index, follow, max-snippet:-1, max-image-preview:large, max-video-preview:-1\" \/>\n<link rel=\"canonical\" href=\"https:\/\/nevask.eu\/hu\/legyen-a-partnerunk\/\" \/>\n<meta property=\"og:locale\" content=\"hu_HU\" \/>\n<meta property=\"og:type\" content=\"article\" \/>\n<meta property=\"og:title\" content=\"Legyen a NEVA viszontelad\u00f3 partnere annak el\u0151nyeivel \u00e9s t\u00e1mogat\u00e1s\u00e1val - \u0171rlap | nevask.eu\" \/>\n<meta property=\"og:description\" content=\"Forgalmazzon egy az eg\u00e9sz vil\u00e1gon k\u00f6zkedvelt m\u00e1rk\u00e1j\u00fa zsaluzi\u00e1t. Legyen partner\u00fcnk \u00e9s haszn\u00e1lja ki az el\u0151ny\u00f6ket, melyeket k\u00edn\u00e1lunk.\" \/>\n<meta property=\"og:url\" content=\"https:\/\/nevask.eu\/hu\/legyen-a-partnerunk\/\" \/>\n<meta property=\"og:site_name\" content=\"NEVA\" \/>\n<meta property=\"article:modified_time\" content=\"2025-07-21T12:13:05+00:00\" \/>\n<meta name=\"twitter:card\" content=\"summary_large_image\" \/>\n<meta name=\"twitter:label1\" content=\"Becs\u00fclt olvas\u00e1si id\u0151\" \/>\n\t<meta name=\"twitter:data1\" content=\"1 perc\" \/>\n<!-- \/ Yoast SEO plugin. -->","yoast_head_json":{"title":"Legyen a NEVA viszontelad\u00f3 partnere annak el\u0151nyeivel \u00e9s t\u00e1mogat\u00e1s\u00e1val - \u0171rlap | nevask.eu","description":"Forgalmazzon egy az eg\u00e9sz vil\u00e1gon k\u00f6zkedvelt m\u00e1rk\u00e1j\u00fa zsaluzi\u00e1t. Legyen partner\u00fcnk \u00e9s haszn\u00e1lja ki az el\u0151ny\u00f6ket, melyeket k\u00edn\u00e1lunk.","robots":{"index":"index","follow":"follow","max-snippet":"max-snippet:-1","max-image-preview":"max-image-preview:large","max-video-preview":"max-video-preview:-1"},"canonical":"https:\/\/nevask.eu\/hu\/legyen-a-partnerunk\/","og_locale":"hu_HU","og_type":"article","og_title":"Legyen a NEVA viszontelad\u00f3 partnere annak el\u0151nyeivel \u00e9s t\u00e1mogat\u00e1s\u00e1val - \u0171rlap | nevask.eu","og_description":"Forgalmazzon egy az eg\u00e9sz vil\u00e1gon k\u00f6zkedvelt m\u00e1rk\u00e1j\u00fa zsaluzi\u00e1t. Legyen partner\u00fcnk \u00e9s haszn\u00e1lja ki az el\u0151ny\u00f6ket, melyeket k\u00edn\u00e1lunk.","og_url":"https:\/\/nevask.eu\/hu\/legyen-a-partnerunk\/","og_site_name":"NEVA","article_modified_time":"2025-07-21T12:13:05+00:00","twitter_card":"summary_large_image","twitter_misc":{"Becs\u00fclt olvas\u00e1si id\u0151":"1 perc"},"schema":{"@context":"https:\/\/schema.org","@graph":[{"@type":"WebPage","@id":"https:\/\/nevask.eu\/hu\/legyen-a-partnerunk\/","url":"https:\/\/nevask.eu\/hu\/legyen-a-partnerunk\/","name":"Legyen a NEVA viszontelad\u00f3 partnere annak el\u0151nyeivel \u00e9s t\u00e1mogat\u00e1s\u00e1val - \u0171rlap | nevask.eu","isPartOf":{"@id":"https:\/\/nevask.eu\/hu\/#website"},"datePublished":"2025-04-29T05:26:22+00:00","dateModified":"2025-07-21T12:13:05+00:00","description":"Forgalmazzon egy az eg\u00e9sz vil\u00e1gon k\u00f6zkedvelt m\u00e1rk\u00e1j\u00fa zsaluzi\u00e1t. Legyen partner\u00fcnk \u00e9s haszn\u00e1lja ki az el\u0151ny\u00f6ket, melyeket k\u00edn\u00e1lunk.","breadcrumb":{"@id":"https:\/\/nevask.eu\/hu\/legyen-a-partnerunk\/#breadcrumb"},"inLanguage":"hu","potentialAction":[{"@type":"ReadAction","target":["https:\/\/nevask.eu\/hu\/legyen-a-partnerunk\/"]}]},{"@type":"BreadcrumbList","@id":"https:\/\/nevask.eu\/hu\/legyen-a-partnerunk\/#breadcrumb","itemListElement":[{"@type":"ListItem","position":1,"name":"Home","item":"https:\/\/nevask.eu\/hu\/"},{"@type":"ListItem","position":2,"name":"Legyen a partner\u00fcnk &#8211; \u0171rlap"}]},{"@type":"WebSite","@id":"https:\/\/nevask.eu\/hu\/#website","url":"https:\/\/nevask.eu\/hu\/","name":"NEVA","description":"Vonkaj\u0161ie \u017eal\u00fazie a screenov\u00e9 rolety","potentialAction":[{"@type":"SearchAction","target":{"@type":"EntryPoint","urlTemplate":"https:\/\/nevask.eu\/hu\/?s={search_term_string}"},"query-input":{"@type":"PropertyValueSpecification","valueRequired":true,"valueName":"search_term_string"}}],"inLanguage":"hu"}]}},"_links":{"self":[{"href":"https:\/\/nevask.eu\/hu\/wp-json\/wp\/v2\/pages\/213","targetHints":{"allow":["GET"]}}],"collection":[{"href":"https:\/\/nevask.eu\/hu\/wp-json\/wp\/v2\/pages"}],"about":[{"href":"https:\/\/nevask.eu\/hu\/wp-json\/wp\/v2\/types\/page"}],"author":[{"embeddable":true,"href":"https:\/\/nevask.eu\/hu\/wp-json\/wp\/v2\/users\/1"}],"replies":[{"embeddable":true,"href":"https:\/\/nevask.eu\/hu\/wp-json\/wp\/v2\/comments?post=213"}],"version-history":[{"count":4,"href":"https:\/\/nevask.eu\/hu\/wp-json\/wp\/v2\/pages\/213\/revisions"}],"predecessor-version":[{"id":5859,"href":"https:\/\/nevask.eu\/hu\/wp-json\/wp\/v2\/pages\/213\/revisions\/5859"}],"wp:attachment":[{"href":"https:\/\/nevask.eu\/hu\/wp-json\/wp\/v2\/media?parent=213"}],"curies":[{"name":"wp","href":"https:\/\/api.w.org\/{rel}","templated":true}]}}