{"id":217,"date":"2025-04-29T07:24:57","date_gmt":"2025-04-29T05:24:57","guid":{"rendered":"https:\/\/nevask.eu\/?page_id=217"},"modified":"2025-08-11T13:52:11","modified_gmt":"2025-08-11T11:52:11","slug":"partnerkapu-belepes","status":"publish","type":"page","link":"https:\/\/nevask.eu\/hu\/partnerkapu-belepes\/","title":{"rendered":"Partnerkapu &#8211; bel\u00e9p\u00e9s"},"content":{"rendered":"\n\n\n\n\n\n<div class=\"section narrow white\">\n\t<div class=\"container\">\n\t\t<div class=\"cell\">\n\t\t\t<ul class=\"breadcrumbs\">\n\t\t\t\t<li><a href=\"https:\/\/nevask.eu\/hu\/\">Home<\/a><\/li>\n\n\t\t\t\t\n\t\t\t<\/ul>\n\t\t<\/div>\n\t<\/div>\n<\/div>\n\n\n\n\n\n<div  class=\"section white\">\n\n\t\n\n\n\t\n\t\t\t\t<div class=\"container products cols-50p tint\">\n\n\t\t\t\t\t\n\t\t\t\t\t\t<a class=\"cell\" href=\"https:\/\/eshop.neva.sk\/login\/nevask\/?lang=7\" target=\"_blank\">\n\t\t\t\t\t\t\t\n\n\n\t\t\t\t\t\t\t<div class=\"product-text\">\n\n\t\t\t\t\t\t\t\t<h2 class=\"u-text u-text-palette-2-base u-text-1\">E-SHOP<br \/>\nPARTNEREKNEK<\/h2>\n<p>Rendeljen gyorsan \u00e9s k\u00e9nyelmesen k\u00fclt\u00e9ri zsaluzi\u00e1t vagy zipscreen naph\u00e1l\u00f3t rendel\u00e9si rendszer\u00fcnk\u00f6n kereszt\u00fcl. Ha atipikus megold\u00e1s ir\u00e1nt \u00e9rdekl\u0151dik, k\u00e9rj\u00fck, forduljon k\u00f6zvetlen\u00fcl az \u00d6n r\u00e9gi\u00f3j\u00e1ban illet\u00e9kes keresked\u0151h\u00f6z.<\/p>\n\n\t\t\t\t\t\t\t\t\t\t\t\t\t\t\t\t\t<p><span class=\"inner-link\">BEL\u00c9PNI&nbsp;&rarr;<\/span><\/p>\n\t\t\t\t\t\t\t\t\n\t\t\t\t\t\t\t<\/div>\n\n\n\n\t\t\t\t\t\t\t\n\t\t\t\t\t\t\t\t<div class=\"product-images product-images-r\">\n\n\t\t\t\t\t\t\t\t\t\t\t\t\t\t\t\t\t\t\t<img decoding=\"async\" class=\"ratio-1x1\" src=\"https:\/\/nevask.eu\/wp-content\/uploads\/2025\/07\/e-shop-600x600-c-center.png.webp\" alt=\"\">\n\t\t\t\t\t\t\t\t\t\n\t\t\t\t\t\t\t\t<\/div>\n\n\t\t\t\t\t\t\t\n\t\t\t\t\t\t<\/a>\n\t\t\t\t\t\n\t\t\t\t\t\t<a class=\"cell\" href=\"https:\/\/nevapartner.eu\/\" target=\"_blank\">\n\t\t\t\t\t\t\t\n\n\n\t\t\t\t\t\t\t<div class=\"product-text\">\n\n\t\t\t\t\t\t\t\t<h2 class=\"u-text u-text-3\">NEVA PARTNER<br \/>\nPORT\u00c1L<\/h2>\n<p>Term\u00e9keink teljes m\u0171szaki dokument\u00e1ci\u00f3ja marketing t\u00e1mogat\u00e1sk\u00e9nt szolg\u00e1l \u00d6nnek, ahol \u00e1tfog\u00f3 anyagokat, k\u00f6zt\u00fck k\u00e9peket, sz\u00ednmint\u00e1kat tal\u00e1l a weboldal\u00e1hoz egy helyen.<br \/>\nAz \u00fcgyf\u00e9lszolg\u00e1laton bel\u00fcl a panaszok, reklam\u00e1ci\u00f3k megold\u00e1sa \u00e9s a term\u00e9keink szervizel\u00e9se.<\/p>\n\n\t\t\t\t\t\t\t\t\t\t\t\t\t\t\t\t\t<p><span class=\"inner-link\">BEL\u00c9PNI&nbsp;&rarr;<\/span><\/p>\n\t\t\t\t\t\t\t\t\n\t\t\t\t\t\t\t<\/div>\n\n\n\n\t\t\t\t\t\t\t\n\t\t\t\t\t\t\t\t<div class=\"product-images product-images-r\">\n\n\t\t\t\t\t\t\t\t\t\t\t\t\t\t\t\t\t\t\t<img decoding=\"async\" class=\"ratio-1x1\" src=\"https:\/\/nevask.eu\/wp-content\/uploads\/2025\/08\/neva-partner-portal-1.png.webp\" alt=\"\">\n\t\t\t\t\t\t\t\t\t\n\t\t\t\t\t\t\t\t<\/div>\n\n\t\t\t\t\t\t\t\n\t\t\t\t\t\t<\/a>\n\t\t\t\t\t\n\t\t\t\t<\/div>\n\n\t\t\t\t\n<\/div>\n","protected":false},"excerpt":{"rendered":"","protected":false},"author":1,"featured_media":0,"parent":0,"menu_order":0,"comment_status":"closed","ping_status":"closed","template":"","meta":{"_acf_changed":false,"inline_featured_image":false,"footnotes":""},"class_list":["post-217","page","type-page","status-publish","hentry"],"acf":[],"yoast_head":"<!-- This site is optimized with the Yoast SEO plugin v27.5 - https:\/\/yoast.com\/product\/yoast-seo-wordpress\/ -->\n<title>NEVA Partner r\u00e9szleg | #nevapartner | nevask.eu<\/title>\n<meta name=\"description\" content=\"NEVA \u00e9rt\u00e9kes\u00edt\u00e9si \u00e9s telep\u00edt\u00e9si partnerei sz\u00e1m\u00e1ra. Technikai inform\u00e1ci\u00f3k\u00e9rt l\u00e9pjen be a Nevapartner port\u00e1lra vagy jelentkezzen be a rendel\u00e9si rendszerbe.\" \/>\n<meta name=\"robots\" content=\"index, follow, max-snippet:-1, max-image-preview:large, max-video-preview:-1\" \/>\n<link rel=\"canonical\" href=\"https:\/\/nevask.eu\/hu\/partnerkapu-belepes\/\" \/>\n<meta property=\"og:locale\" content=\"hu_HU\" \/>\n<meta property=\"og:type\" content=\"article\" \/>\n<meta property=\"og:title\" content=\"NEVA Partner r\u00e9szleg | #nevapartner | nevask.eu\" \/>\n<meta property=\"og:description\" content=\"NEVA \u00e9rt\u00e9kes\u00edt\u00e9si \u00e9s telep\u00edt\u00e9si partnerei sz\u00e1m\u00e1ra. Technikai inform\u00e1ci\u00f3k\u00e9rt l\u00e9pjen be a Nevapartner port\u00e1lra vagy jelentkezzen be a rendel\u00e9si rendszerbe.\" \/>\n<meta property=\"og:url\" content=\"https:\/\/nevask.eu\/hu\/partnerkapu-belepes\/\" \/>\n<meta property=\"og:site_name\" content=\"NEVA\" \/>\n<meta property=\"article:modified_time\" content=\"2025-08-11T11:52:11+00:00\" \/>\n<meta name=\"twitter:card\" content=\"summary_large_image\" \/>\n<meta name=\"twitter:label1\" content=\"Becs\u00fclt olvas\u00e1si id\u0151\" \/>\n\t<meta name=\"twitter:data1\" content=\"1 perc\" \/>\n<!-- \/ Yoast SEO plugin. -->","yoast_head_json":{"title":"NEVA Partner r\u00e9szleg | #nevapartner | nevask.eu","description":"NEVA \u00e9rt\u00e9kes\u00edt\u00e9si \u00e9s telep\u00edt\u00e9si partnerei sz\u00e1m\u00e1ra. Technikai inform\u00e1ci\u00f3k\u00e9rt l\u00e9pjen be a Nevapartner port\u00e1lra vagy jelentkezzen be a rendel\u00e9si rendszerbe.","robots":{"index":"index","follow":"follow","max-snippet":"max-snippet:-1","max-image-preview":"max-image-preview:large","max-video-preview":"max-video-preview:-1"},"canonical":"https:\/\/nevask.eu\/hu\/partnerkapu-belepes\/","og_locale":"hu_HU","og_type":"article","og_title":"NEVA Partner r\u00e9szleg | #nevapartner | nevask.eu","og_description":"NEVA \u00e9rt\u00e9kes\u00edt\u00e9si \u00e9s telep\u00edt\u00e9si partnerei sz\u00e1m\u00e1ra. Technikai inform\u00e1ci\u00f3k\u00e9rt l\u00e9pjen be a Nevapartner port\u00e1lra vagy jelentkezzen be a rendel\u00e9si rendszerbe.","og_url":"https:\/\/nevask.eu\/hu\/partnerkapu-belepes\/","og_site_name":"NEVA","article_modified_time":"2025-08-11T11:52:11+00:00","twitter_card":"summary_large_image","twitter_misc":{"Becs\u00fclt olvas\u00e1si id\u0151":"1 perc"},"schema":{"@context":"https:\/\/schema.org","@graph":[{"@type":"WebPage","@id":"https:\/\/nevask.eu\/hu\/partnerkapu-belepes\/","url":"https:\/\/nevask.eu\/hu\/partnerkapu-belepes\/","name":"NEVA Partner r\u00e9szleg | #nevapartner | nevask.eu","isPartOf":{"@id":"https:\/\/nevask.eu\/hu\/#website"},"datePublished":"2025-04-29T05:24:57+00:00","dateModified":"2025-08-11T11:52:11+00:00","description":"NEVA \u00e9rt\u00e9kes\u00edt\u00e9si \u00e9s telep\u00edt\u00e9si partnerei sz\u00e1m\u00e1ra. Technikai inform\u00e1ci\u00f3k\u00e9rt l\u00e9pjen be a Nevapartner port\u00e1lra vagy jelentkezzen be a rendel\u00e9si rendszerbe.","breadcrumb":{"@id":"https:\/\/nevask.eu\/hu\/partnerkapu-belepes\/#breadcrumb"},"inLanguage":"hu","potentialAction":[{"@type":"ReadAction","target":["https:\/\/nevask.eu\/hu\/partnerkapu-belepes\/"]}]},{"@type":"BreadcrumbList","@id":"https:\/\/nevask.eu\/hu\/partnerkapu-belepes\/#breadcrumb","itemListElement":[{"@type":"ListItem","position":1,"name":"Home","item":"https:\/\/nevask.eu\/hu\/"},{"@type":"ListItem","position":2,"name":"Partnerkapu &#8211; bel\u00e9p\u00e9s"}]},{"@type":"WebSite","@id":"https:\/\/nevask.eu\/hu\/#website","url":"https:\/\/nevask.eu\/hu\/","name":"NEVA","description":"Vonkaj\u0161ie \u017eal\u00fazie a screenov\u00e9 rolety","potentialAction":[{"@type":"SearchAction","target":{"@type":"EntryPoint","urlTemplate":"https:\/\/nevask.eu\/hu\/?s={search_term_string}"},"query-input":{"@type":"PropertyValueSpecification","valueRequired":true,"valueName":"search_term_string"}}],"inLanguage":"hu"}]}},"_links":{"self":[{"href":"https:\/\/nevask.eu\/hu\/wp-json\/wp\/v2\/pages\/217","targetHints":{"allow":["GET"]}}],"collection":[{"href":"https:\/\/nevask.eu\/hu\/wp-json\/wp\/v2\/pages"}],"about":[{"href":"https:\/\/nevask.eu\/hu\/wp-json\/wp\/v2\/types\/page"}],"author":[{"embeddable":true,"href":"https:\/\/nevask.eu\/hu\/wp-json\/wp\/v2\/users\/1"}],"replies":[{"embeddable":true,"href":"https:\/\/nevask.eu\/hu\/wp-json\/wp\/v2\/comments?post=217"}],"version-history":[{"count":5,"href":"https:\/\/nevask.eu\/hu\/wp-json\/wp\/v2\/pages\/217\/revisions"}],"predecessor-version":[{"id":9217,"href":"https:\/\/nevask.eu\/hu\/wp-json\/wp\/v2\/pages\/217\/revisions\/9217"}],"wp:attachment":[{"href":"https:\/\/nevask.eu\/hu\/wp-json\/wp\/v2\/media?parent=217"}],"curies":[{"name":"wp","href":"https:\/\/api.w.org\/{rel}","templated":true}]}}