{"id":5860,"date":"2025-07-02T14:28:13","date_gmt":"2025-07-02T12:28:13","guid":{"rendered":"https:\/\/nevask.eu\/?page_id=5860"},"modified":"2026-04-17T10:49:32","modified_gmt":"2026-04-17T08:49:32","slug":"kezdolap","status":"publish","type":"page","link":"https:\/\/nevask.eu\/hu\/","title":{"rendered":"Kezd\u0151lap"},"content":{"rendered":"\n\n\n<div  class=\"section hero\">\n\t<div class=\"container col-45p\">\n\t\t<div class=\"cell transparent-dark \">\n\n\t\t\t<div class=\"p1 h1 h2\"><img loading=\"lazy\" decoding=\"async\" class=\"alignnone wp-image-5865 size-medium\" src=\"https:\/\/nevask.eu\/wp-content\/uploads\/2025\/07\/claim-hu-white-300x38.png\" alt=\"\" width=\"300\" height=\"38\" srcset=\"https:\/\/nevask.eu\/wp-content\/uploads\/2025\/07\/claim-hu-white-300x38.png 300w, https:\/\/nevask.eu\/wp-content\/uploads\/2025\/07\/claim-hu-white-1024x129.png 1024w, https:\/\/nevask.eu\/wp-content\/uploads\/2025\/07\/claim-hu-white-768x97.png 768w, https:\/\/nevask.eu\/wp-content\/uploads\/2025\/07\/claim-hu-white-1536x194.png 1536w, https:\/\/nevask.eu\/wp-content\/uploads\/2025\/07\/claim-hu-white-2048x258.png 2048w\" sizes=\"auto, (max-width: 300px) 100vw, 300px\" \/><\/div>\n<p class=\"p1\">K\u00fclt\u00e9ri zsaluzia NEVA\u00ae min\u0151s\u00e9g, amit az id\u0151 igazol.<br \/>\nA legmagasabb min\u0151s\u00e9g\u0171 anyagokat \u00e9s \u00f6sszetev\u0151ket haszn\u00e1ljuk. Ennek eredm\u00e9nyek\u00e9nt a NEVA\u00ae \u00e1rny\u00e9kol\u00f3k \u00e9vtizedekig megb\u00edzhat\u00f3an szolg\u00e1lj\u00e1k \u00fcgyfeleinket.<\/p>\n\n\t\t\t\t\t\t\t<a href=\"https:\/\/nevask.eu\/hu\/arajanlat\/arajanlat-kulteri-zsaluzia\/\" target=\"\" class=\"button\">\u00c1raj\u00e1nlat \u2192<\/a>\n\t\t\t\n\t\t<\/div>\n\n\n\n\t\t<div class=\"bg-hero-slider\">\n\n\t\t\t\n\t\t\t\t\t\t\t\t\t<img decoding=\"async\" width=\"2224\" height=\"1251\" src=\"https:\/\/nevask.eu\/wp-content\/uploads\/2025\/07\/NEVA_zaluzie_screeny_titulka_web.jpg.webp\" class=\"bg-hero\" alt=\"Modern\u00e1 vila s vonkaj\u0161\u00edmi \u017eal\u00faziami NEVA\" fetchpriority=\"high\" srcset=\"https:\/\/nevask.eu\/wp-content\/uploads\/2025\/07\/NEVA_zaluzie_screeny_titulka_web.jpg.webp 2224w, https:\/\/nevask.eu\/wp-content\/uploads\/2025\/07\/NEVA_zaluzie_screeny_titulka_web-300x169.jpg.webp 300w, https:\/\/nevask.eu\/wp-content\/uploads\/2025\/07\/NEVA_zaluzie_screeny_titulka_web-1024x576.jpg.webp 1024w, https:\/\/nevask.eu\/wp-content\/uploads\/2025\/07\/NEVA_zaluzie_screeny_titulka_web-768x432.jpg.webp 768w, https:\/\/nevask.eu\/wp-content\/uploads\/2025\/07\/NEVA_zaluzie_screeny_titulka_web-1536x864.jpg.webp 1536w, https:\/\/nevask.eu\/wp-content\/uploads\/2025\/07\/NEVA_zaluzie_screeny_titulka_web-2048x1152.jpg.webp 2048w\" sizes=\"(max-width: 2224px) 100vw, 2224px\" \/>\t\t\t\t\n\t\t\t\n\t\t<\/div>\n\t<\/div>\n<\/div>\n\n\n\n\n\n<div  class=\"section white\">\n\n\t\n\t\t<div class=\"container intro\">\n\t\t\t<div class=\"cell\">\n\t\t\t\t<h1>K\u00fclt\u00e9ri zsaluzi\u00e1k \u00e9s screen naph\u00e1l\u00f3k NEVA<\/h1>\n\t\t\t<\/div>\n\t\t<\/div>\n\n\t\n\n\n\t<div class=\"container\">\n\t\t<div class=\"grid-cols\">\n\n\t\t\t\n\t\t\t\t\n\t\t\t\t\t\n\n\n\t\t\t\t\t\n\t\t\t\t\t\t\n\t\t\t\t\t\t\t\n\t\t\t\t\t\t\t<a href=\"https:\/\/nevask.eu\/hu\/kulteri-zsaluzia-neva\/\" class=\"col-6 block bg-image default default\" style=\"background-image: linear-gradient(0deg, rgba(0,0,0,0.3), rgba(0,0,0,0.3)), url(https:\/\/nevask.eu\/wp-content\/uploads\/2025\/06\/neva-homepage-venkovni-zaluzie.jpg.webp)\">\n\n\t\t\t\t\t\t\t\t<div>\n\n\t\t\t\t\t\t\t\t\t\n\t\t\t\t\t\t\t\t\t\t\t\t\t\t\t\t\t\t\t<div><div class=\"h2 h3\">K\u00dcLT\u00c9RI ZSALUZIA<\/div>\n<\/div>\n\t\t\t\t\t\t\t\t\t\n\t\t\t\t\t\t\t\t<\/div>\n\n\t\t\t\t\t\t\t<\/a>\n\n\t\t\t\t\t\t\n\t\t\t\t\t\n\n\n\t\t\t\t\t\n\t\t\t\t\n\t\t\t\t\t\n\n\n\t\t\t\t\t\n\t\t\t\t\t\t\n\t\t\t\t\t\t\t\n\t\t\t\t\t\t\t<a href=\"https:\/\/nevask.eu\/hu\/screen-naphalo-neva\/\" class=\"col-6 block bg-image default default\" style=\"background-image: linear-gradient(0deg, rgba(0,0,0,0.3), rgba(0,0,0,0.3)), url(https:\/\/nevask.eu\/wp-content\/uploads\/2025\/06\/neva-latky-screenovych-rolet-940x470-1.jpg.webp)\">\n\n\t\t\t\t\t\t\t\t<div>\n\n\t\t\t\t\t\t\t\t\t\n\t\t\t\t\t\t\t\t\t\t\t\t\t\t\t\t\t\t\t<div><div class=\"h3\">SCREEN NAPH\u00c1L\u00d3<\/div>\n<\/div>\n\t\t\t\t\t\t\t\t\t\n\t\t\t\t\t\t\t\t<\/div>\n\n\t\t\t\t\t\t\t<\/a>\n\n\t\t\t\t\t\t\n\t\t\t\t\t\n\n\n\t\t\t\t\t\n\t\t\t\t\n\t\t\t\t\t\n\n\n\t\t\t\t\t\n\t\t\t\t\t\t\n\t\t\t\t\t\t\t\n\t\t\t\t\t\t\t<a href=\"https:\/\/nevask.eu\/hu\/kulteri-zsaluzia-neva\/homlokzati-zsaluzia\/\" class=\"col-4 block bg-image default default\" style=\"background-image: linear-gradient(0deg, rgba(0,0,0,0.3), rgba(0,0,0,0.3)), url(https:\/\/nevask.eu\/wp-content\/uploads\/2025\/09\/Fasadne-zaluzie-titulka.jpg.webp)\">\n\n\t\t\t\t\t\t\t\t<div>\n\n\t\t\t\t\t\t\t\t\t\n\t\t\t\t\t\t\t\t\t\t\t\t\t\t\t\t\t\t\t<div><div class=\"h3\">HOMLOKZATI ZSALUZIA<\/div>\n<\/div>\n\t\t\t\t\t\t\t\t\t\n\t\t\t\t\t\t\t\t<\/div>\n\n\t\t\t\t\t\t\t<\/a>\n\n\t\t\t\t\t\t\n\t\t\t\t\t\n\n\n\t\t\t\t\t\n\t\t\t\t\n\t\t\t\t\t\n\n\n\t\t\t\t\t\n\t\t\t\t\t\t\n\t\t\t\t\t\t\t\n\t\t\t\t\t\t\t<a href=\"https:\/\/nevask.eu\/hu\/kulteri-zsaluzia-neva\/neva-onhordo-rendszerek\/\" class=\"col-4 block bg-image default default\" style=\"background-image: linear-gradient(0deg, rgba(0,0,0,0.3), rgba(0,0,0,0.3)), url(https:\/\/nevask.eu\/wp-content\/uploads\/2025\/06\/neva-homepage-samonosne-systemy.jpg.webp)\">\n\n\t\t\t\t\t\t\t\t<div>\n\n\t\t\t\t\t\t\t\t\t\n\t\t\t\t\t\t\t\t\t\t\t\t\t\t\t\t\t\t\t<div><div class=\"h3\">\u00d6NHORD\u00d3 RENDSZEREK<\/div>\n<\/div>\n\t\t\t\t\t\t\t\t\t\n\t\t\t\t\t\t\t\t<\/div>\n\n\t\t\t\t\t\t\t<\/a>\n\n\t\t\t\t\t\t\n\t\t\t\t\t\n\n\n\t\t\t\t\t\n\t\t\t\t\n\t\t\t\t\t\n\n\n\t\t\t\t\t\n\t\t\t\t\t\t\n\t\t\t\t\t\t\t\n\t\t\t\t\t\t\t<a href=\"https:\/\/nevask.eu\/hu\/okosotthon-vezerles\/\" class=\"col-4 block bg-image default default\" style=\"background-image: linear-gradient(0deg, rgba(0,0,0,0.3), rgba(0,0,0,0.3)), url(https:\/\/nevask.eu\/wp-content\/uploads\/2025\/06\/roma-header-somfy-TaHoma_Switch.jpg.webp)\">\n\n\t\t\t\t\t\t\t\t<div>\n\n\t\t\t\t\t\t\t\t\t\n\t\t\t\t\t\t\t\t\t\t\t\t\t\t\t\t\t\t\t<div><div class=\"h3\">SMART HOME<br \/>\n\u00c9S ELEKTRONIKA<\/div>\n<\/div>\n\t\t\t\t\t\t\t\t\t\n\t\t\t\t\t\t\t\t<\/div>\n\n\t\t\t\t\t\t\t<\/a>\n\n\t\t\t\t\t\t\n\t\t\t\t\t\n\n\n\t\t\t\t\t\n\t\t\t\t\n\t\t\t\n\t\t<\/div>\n\t<\/div>\n\n\n\n\t\n<\/div>\n\n\n\n\n\n\n\n\n<div  class=\"section dark\">\n\n\t\n\t\t\t<div class=\"container col-70p-center center\">\n\t\t\t\t<div class=\"cell\">\n\t\t\t\t\t\n\t\t<h3 class=\"h2\" style=\"text-align: left\">\u00c1raj\u00e1nlat k\u00f6telezetts\u00e9g n\u00e9lk\u00fcl<\/h3>\n<p style=\"text-align: left\">K\u00e9rjen \u00e1raj\u00e1nlatot k\u00f6telezetts\u00e9g n\u00e9lk\u00fcl r\u00f6vid \u0171rlapunk seg\u00edts\u00e9g\u00e9vel. Egyszer\u0171en v\u00e1lassza ki zsaluzia alapvet\u0151 param\u00e9tereit \u00e9s m\u00e9reteit. A t\u00f6bbit b\u00edzza r\u00e1nk.<\/p>\n\n\t\t\t\t\t<a href=\"https:\/\/nevask.eu\/hu\/arajanlat\/\" target=\"\" class=\"button\">\u00c1raj\u00e1nlat \u2192<\/a>\n\t\t\n\t\t\t\t\t\t<\/div>\n\t\t\t<\/div>\n\n\t\t\t\n<\/div>\n\n\n\n\n\n<div  class=\"section tint\">\n\n\t\n\t\t<div class=\"container intro\">\n\t\t\t<div class=\"cell\">\n\t\t\t\t<h2>Mi\u00e9rt v\u00e1lasszon minket?<\/h2>\n\t\t\t<\/div>\n\t\t<\/div>\n\n\t\n\n\n\t\n\t<div class=\"container cols-20p bg-image\" style=\"background-image: linear-gradient(0deg, rgba(0, 0, 0, 0.3), rgba(0, 0, 0, 0.3)), url(https:\/\/nevask.eu\/wp-content\/uploads\/2025\/06\/prodmenu_vlastnosti1.jpg);\">\n\n\t\t\n\t\t\t\n\t\t\t\t\n\t\t\t\t<div class=\"cell\" style=\"\">\n\n\t\t\t\t\t\n\n\n\t\t\t\t\t<h3 class=\"h4\">SZ\u00cdNVONALAS TERM\u00c9K<\/h3>\n<p>A zsaluzi\u00e1kat \u00e9s naph\u00e1l\u00f3kat kiv\u00e1l\u00f3 min\u0151s\u00e9g\u0171 nyugat-eur\u00f3pai alapanyagokb\u00f3l, vil\u00e1gsz\u00ednvonal\u00fa g\u00e9peken gy\u00e1rtjuk. Garant\u00e1ljuk az egyes term\u00e9kek rendk\u00edv\u00fcli min\u0151s\u00e9g\u00e9t \u00e9s tart\u00f3ss\u00e1g\u00e1t.<\/p>\n\n\t\t\t\t<\/div>\n\t\t\t\n\t\t\t\t\n\t\t\t\t<div class=\"cell\" style=\"\">\n\n\t\t\t\t\t\n\n\n\t\t\t\t\t<h3 class=\"h4\">R\u00d6VID GY\u00c1RT\u00c1SI HAT\u00c1RID\u0150K<\/h3>\n<p>Minden zsaluzi\u00e1t \u00e9s naph\u00e1l\u00f3t 2 h\u00e9ten bel\u00fcl legy\u00e1rtunk. Minden egy\u00e9b a sz\u00e1ll\u00edt\u00e1st\u00f3l f\u00fcgg.<\/p>\n\n\t\t\t\t<\/div>\n\t\t\t\n\t\t\t\t\n\t\t\t\t<div class=\"cell\" style=\"\">\n\n\t\t\t\t\t\n\n\n\t\t\t\t\t<h3 class=\"h4\">EGYSZER\u0170 TELEP\u00cdT\u00c9S<\/h3>\n<p>Term\u00e9keinket \u00fagy k\u00e9sz\u00edtj\u00fck el\u0151, hogy telep\u00edt\u00e9skor a szerel\u0151knek t\u00f6bb \u00f3r\u00e1nyi munkaid\u0151t takar\u00edtunk meg.<\/p>\n\n\t\t\t\t<\/div>\n\t\t\t\n\t\t\t\t\n\t\t\t\t<div class=\"cell\" style=\"\">\n\n\t\t\t\t\t\n\n\n\t\t\t\t\t<h3 class=\"h4\">5 \u00c9V GARANCIA<\/h3>\n<p>Minden \u00e1rny\u00e9kol\u00f3 term\u00e9k\u00fcnkre 5 \u00e9v garanci\u00e1t ny\u00fajtunk, meg vagyunk gy\u0151z\u0151dve azok min\u0151s\u00e9g\u00e9r\u0151l \u00e9s megb\u00edzhat\u00f3s\u00e1g\u00e1r\u00f3l.<\/p>\n\n\t\t\t\t<\/div>\n\t\t\t\n\t\t\t\t\n\t\t\t\t<div class=\"cell\" style=\"\">\n\n\t\t\t\t\t\n\n\n\t\t\t\t\t<h3 class=\"h4\">ATIPIKUS TERVEZ\u00c9S<\/h3>\n<p>Nem tudott v\u00e1lasztani az aj\u00e1nlott \u00e1rny\u00e9kol\u00f3ink k\u00f6z\u00fcl? Nem sz\u00e1m\u00edt, \u00f6r\u00f6mmel alak\u00edtjuk \u00e1t az \u00e1rny\u00e9kol\u00f3inkat az \u00d6n tervei szerint.<\/p>\n\n\t\t\t\t<\/div>\n\t\t\t\n\t\t\n\t<\/div>\n\n\n\n\t\n<\/div>\n\n\n\n\n\n\n\n\n<div  class=\"section dark\">\n\n\t\n\t\t\t<div class=\"container col-70p-center center\">\n\t\t\t\t<div class=\"cell\">\n\t\t\t\t\t\n\t\t\n\t\t\t\t\t<a href=\"https:\/\/nevask.eu\/hu\/kulteri-zsaluzia-neva\/#vyhody\" target=\"\" class=\"button\"> Fedezze fel a NEVA k\u00fclt\u00e9ri zsaluzia el\u0151nyeit \u2192<\/a>\n\t\t\n\t\t\t\t\t\t<\/div>\n\t\t\t<\/div>\n\n\t\t\t\n<\/div>\n\n\n\n\n\n<div  class=\"section white\">\n\n\t\n\t\t<div class=\"container intro\">\n\t\t\t<div class=\"cell\">\n\t\t\t\t<h2>Referenci\u00e1k<\/h2>\n\t\t\t<\/div>\n\t\t<\/div>\n\n\t\n\n\n\t<div class=\"container\">\n\t\t<div class=\"grid-cols\">\n\n\t\t\t\n\t\t\t\t\n\t\t\t\t\t\n\n\n\t\t\t\t\t\n\t\t\t\t\t\t\n\t\t\t\t\t\t\t\n\t\t\t\t\t\t\t<a href=\"https:\/\/nevask.eu\/hu\/referenciak\/koliba-gardens-lakoprojekt\/\" class=\"col-6 block bg-image h600 text-bl\" style=\"background-image: linear-gradient(0deg, rgba(0,0,0,0.3), rgba(0,0,0,0.3)), url(https:\/\/nevask.eu\/wp-content\/uploads\/2025\/09\/Dom-dreveny-obklad-vonkajsie-zaluzie.jpg.webp)\">\n\n\t\t\t\t\t\t\t\t<div>\n\n\t\t\t\t\t\t\t\t\t\t\t\t\t\t\t\t\t\t\t<div class=\"p-small label-tr\"><p>Pozsony<\/p>\n<\/div>\n\t\t\t\t\t\t\t\t\t\n\t\t\t\t\t\t\t\t\t\t\t\t\t\t\t\t\t\t\t<div><p class=\"subheading p-small\">K\u00fclt\u00e9ri zsaluzia NEVA Z-90<\/p>\n<div class=\"h5\">\n<div>\n<div>\n<div class=\"h5\">Koliba Gardens lak\u00f3projekt<\/div>\n<\/div>\n<\/div>\n<\/div>\n<\/div>\n\t\t\t\t\t\t\t\t\t\n\t\t\t\t\t\t\t\t<\/div>\n\n\t\t\t\t\t\t\t<\/a>\n\n\t\t\t\t\t\t\n\t\t\t\t\t\n\n\n\t\t\t\t\t\n\t\t\t\t\n\t\t\t\t\t\n\n\n\t\t\t\t\t\n\t\t\t\t\t\t\n\t\t\t\t\t\t\t\n\t\t\t\t\t\t\t<a href=\"https:\/\/nevask.eu\/hu\/referenciak\/ovoda-slovensky-grob\/\" class=\"col-3 block bg-image default text-bl\" style=\"background-image: linear-gradient(0deg, rgba(0,0,0,0.3), rgba(0,0,0,0.3)), url(https:\/\/nevask.eu\/wp-content\/uploads\/2025\/06\/761A8414.jpg.webp)\">\n\n\t\t\t\t\t\t\t\t<div>\n\n\t\t\t\t\t\t\t\t\t\t\t\t\t\t\t\t\t\t\t<div class=\"p-small label-tr\"><p>\u200bSlovensk\u00fd Grob<\/p>\n<\/div>\n\t\t\t\t\t\t\t\t\t\n\t\t\t\t\t\t\t\t\t\t\t\t\t\t\t\t\t\t\t<div><p class=\"subheading p-small\">K\u00fclt\u00e9ri zsaluzia NEVA Z-90<\/p>\n<div class=\"h5\">\n<div>\n<div>\n<div class=\"h5\">\u00d3voda \u2013 Slovensk\u00fd Grob<\/div>\n<\/div>\n<\/div>\n<\/div>\n<\/div>\n\t\t\t\t\t\t\t\t\t\n\t\t\t\t\t\t\t\t<\/div>\n\n\t\t\t\t\t\t\t<\/a>\n\n\t\t\t\t\t\t\n\t\t\t\t\t\n\n\n\t\t\t\t\t\n\t\t\t\t\n\t\t\t\t\t\n\n\n\t\t\t\t\t\n\t\t\t\t\t\t\n\t\t\t\t\t\t\t\n\t\t\t\t\t\t\t<a href=\"https:\/\/nevask.eu\/hu\/referenciak\/promenada-nyitrai-lakopark\/\" class=\"col-3 block bg-image default text-bl\" style=\"background-image: linear-gradient(0deg, rgba(0,0,0,0.3), rgba(0,0,0,0.3)), url(https:\/\/nevask.eu\/wp-content\/uploads\/2025\/09\/screenove-rolety-titulka.jpg.webp)\">\n\n\t\t\t\t\t\t\t\t<div>\n\n\t\t\t\t\t\t\t\t\t\t\t\t\t\t\t\t\t\t\t<div class=\"p-small label-tr\"><p>Nitra<\/p>\n<\/div>\n\t\t\t\t\t\t\t\t\t\n\t\t\t\t\t\t\t\t\t\t\t\t\t\t\t\t\t\t\t<div><p class=\"subheading p-small\">Zipscreen NEVA ZIP100<\/p>\n<div class=\"h5\">\n<div>\n<div>\n<div class=\"h5\">Promen\u00e1da Nyitrai lak\u00f3park<\/div>\n<\/div>\n<\/div>\n<\/div>\n<\/div>\n\t\t\t\t\t\t\t\t\t\n\t\t\t\t\t\t\t\t<\/div>\n\n\t\t\t\t\t\t\t<\/a>\n\n\t\t\t\t\t\t\n\t\t\t\t\t\n\n\n\t\t\t\t\t\n\t\t\t\t\n\t\t\t\n\t\t<\/div>\n\t<\/div>\n\n\n\n\t\n\t\t<div class=\"container outro center\">\n\t\t\t<div class=\"cell\">\n\t\t\t\t<a href=\"https:\/\/nevask.eu\/hu\/referenciak\/\" target=\"\" class=\"button\">Tov\u00e1bbi referenci\u00e1k \u200b  \u200b  \u2192<\/a>\n\t\t\t<\/div>\n\t\t<\/div>\n\n\t\n<\/div>\n\n\n\n\n\n<div  class=\"section white\">\n\n\t\n\t\t<div class=\"container intro\">\n\t\t\t<div class=\"cell\">\n\t\t\t\t<h2>\u00c9rt\u00e9kel\u00e9sek<\/h2>\n\t\t\t<\/div>\n\t\t<\/div>\n\n\t\n\n\n\t<div class=\"container text-blocks text-blocks-border text-blocks-slider\">\n\n\t\t\n\t\t\t\n\t\t\t\t<div class=\"cell\">\n\n\t\t\t\t\t\n\t\t\t\t\t\t<div class=\"icon-title\">\n\n\t\t\t\t\t\t\t\t\t\t\t\t\t\t\t<img decoding=\"async\" src=\"https:\/\/nevask.eu\/wp-content\/uploads\/2025\/06\/google.png\" alt=\"Google icon\">\n\t\t\t\t\t\t\t\n\t\t\t\t\t\t\t<div>\n\n\t\t\t\t\t\t\t\t\t\t\t\t\t\t\t\t\t<div class=\"h5\">Ablak Fut\u00e1r<\/div>\n\t\t\t\t\t\t\t\t\n\t\t\t\t\t\t\t\t\t\t\t\t\t\t\t\t\t<img loading=\"lazy\" decoding=\"async\" src=\"https:\/\/nevask.eu\/wp-content\/themes\/neva\/images\/stars.png\" width=\"92\" height=\"15\" alt=\"\">\n\t\t\t\t\t\t\t\t\n\t\t\t\t\t\t\t<\/div>\n\t\t\t\t\t\t<\/div>\n\n\t\t\t\t\t\n\n\n\t\t\t\t\t<p>M\u00e1r hossz\u00fa ideje dolgozunk egy\u00fctt a NEVA-val, \u00e9s a k\u00f6z\u00f6s munka sor\u00e1n mindig megb\u00edzhat\u00f3, pontos \u00e9s rugalmas partnereknek bizonyultak. A term\u00e9keik kiv\u00e1l\u00f3 min\u0151s\u00e9g\u0171ek, prec\u00edzen megmunk\u00e1ltak, \u00e9s minden esetben megfelelnek a megrendel\u0151ink magas elv\u00e1r\u00e1sainak.<\/p>\n\n\t\t\t\t<\/div>\n\n\t\t\t\n\t\t\t\t<div class=\"cell\">\n\n\t\t\t\t\t\n\t\t\t\t\t\t<div class=\"icon-title\">\n\n\t\t\t\t\t\t\t\t\t\t\t\t\t\t\t<img decoding=\"async\" src=\"https:\/\/nevask.eu\/wp-content\/uploads\/2025\/06\/google.png\" alt=\"Google icon\">\n\t\t\t\t\t\t\t\n\t\t\t\t\t\t\t<div>\n\n\t\t\t\t\t\t\t\t\t\t\t\t\t\t\t\t\t<div class=\"h5\">\u00c1kos<\/div>\n\t\t\t\t\t\t\t\t\n\t\t\t\t\t\t\t\t\t\t\t\t\t\t\t\t\t<img loading=\"lazy\" decoding=\"async\" src=\"https:\/\/nevask.eu\/wp-content\/themes\/neva\/images\/stars.png\" width=\"92\" height=\"15\" alt=\"\">\n\t\t\t\t\t\t\t\t\n\t\t\t\t\t\t\t<\/div>\n\t\t\t\t\t\t<\/div>\n\n\t\t\t\t\t\n\n\n\t\t\t\t\t<p>Innovat\u00edv , megb\u00edzhat\u00f3 term\u00e9k! A magyar m\u0171szaki t\u00e1mogat\u00e1s p\u00e9lda\u00e9rt\u00e9k\u0171. Hajr\u00e1!<\/p>\n\n\t\t\t\t<\/div>\n\n\t\t\t\n\t\t\t\t<div class=\"cell\">\n\n\t\t\t\t\t\n\t\t\t\t\t\t<div class=\"icon-title\">\n\n\t\t\t\t\t\t\t\t\t\t\t\t\t\t\t<img decoding=\"async\" src=\"https:\/\/nevask.eu\/wp-content\/uploads\/2025\/06\/google.png\" alt=\"Google icon\">\n\t\t\t\t\t\t\t\n\t\t\t\t\t\t\t<div>\n\n\t\t\t\t\t\t\t\t\t\t\t\t\t\t\t\t\t<div class=\"h5\">Erika<\/div>\n\t\t\t\t\t\t\t\t\n\t\t\t\t\t\t\t\t\t\t\t\t\t\t\t\t\t<img loading=\"lazy\" decoding=\"async\" src=\"https:\/\/nevask.eu\/wp-content\/themes\/neva\/images\/stars.png\" width=\"92\" height=\"15\" alt=\"\">\n\t\t\t\t\t\t\t\t\n\t\t\t\t\t\t\t<\/div>\n\t\t\t\t\t\t<\/div>\n\n\t\t\t\t\t\n\n\n\t\t\t\t\t<p>A pr\u00e9mium min\u00f6s\u00e9g\u00fc term\u00e9kekkel \u00e9s a szakszer\u00fc szerel\u00e9ssel maxim\u00e1lisan el\u00e9gedett vagyok<\/p>\n\n\t\t\t\t<\/div>\n\n\t\t\t\n\t\t\n\t<\/div>\n<\/div>\n\n\n\n\n\n<div  class=\"section hero\">\n\t<div class=\"container col-45p\">\n\t\t<div class=\"cell transparent-dark \">\n\n\t\t\t<div class=\"h3\">\n<h3 class=\"u-text u-text-2\">Legyen a partner\u00fcnk<\/h3>\n<\/div>\n<p>A partnereinkkel is olyan lelkiismeretesen t\u00f6r\u0151d\u00fcnk ahogy a zsaluzi\u00e1inkkal.<br \/>\nC\u00e9g\u00fcnkben rendszeresen k\u00e9pez\u00fcnk nemcsak keresked\u0151ket, hanem a telep\u00edt\u0151ket \u00e9s szerel\u0151ket is, akik k\u00f6zvetlen\u00fcl a v\u00e9gfelhaszn\u00e1l\u00f3n\u00e1l telep\u00edtik a zsaluzi\u00e1kat \u00e9s a naph\u00e1l\u00f3kat. Megismertetj\u00fck \u0151ket az \u00fajdons\u00e1gokkal, \u00e9s megmutatjuk a term\u00e9keink felszerel\u00e9s\u00e9nek helyes elj\u00e1r\u00e1s\u00e1t.<\/p>\n\n\t\t\t\t\t\t\t<a href=\"https:\/\/nevask.eu\/hu\/legyen-a-partnerunk\/\" target=\"\" class=\"button\">Szeretn\u00e9k partner lenni \u2192<\/a>\n\t\t\t\n\t\t<\/div>\n\n\n\n\t\t<div class=\"bg-hero-slider\">\n\n\t\t\t\n\t\t\t\t\t\t\t\t\t<img decoding=\"async\" width=\"1500\" height=\"1000\" src=\"https:\/\/nevask.eu\/wp-content\/uploads\/2025\/07\/centrala-nevask.webp\" class=\"bg-hero\" alt=\"\u0160kolenie k vonkaj\u0161\u00edm \u017eal\u00fazi\u00e1m NEVA\" fetchpriority=\"high\" srcset=\"https:\/\/nevask.eu\/wp-content\/uploads\/2025\/07\/centrala-nevask.webp 1500w, https:\/\/nevask.eu\/wp-content\/uploads\/2025\/07\/centrala-nevask-300x200.webp 300w, https:\/\/nevask.eu\/wp-content\/uploads\/2025\/07\/centrala-nevask-1024x683.webp 1024w, https:\/\/nevask.eu\/wp-content\/uploads\/2025\/07\/centrala-nevask-768x512.webp 768w\" sizes=\"(max-width: 1500px) 100vw, 1500px\" \/>\t\t\t\t\n\t\t\t\n\t\t<\/div>\n\t<\/div>\n<\/div>\n\n\n\n\n\n\n\n\n<div  class=\"section white\">\n\t<div class=\"container cols-40p-60p\">\n\n\t\t\n\t\t\t<div class=\"cell center vcenter\">\n\t\t\t\t<img decoding=\"async\" src=\"https:\/\/nevask.eu\/wp-content\/uploads\/2025\/06\/img-removebg-preview.png.webp\" alt=\"Web partnerskej z\u00f3ny na obrazovke notebooku\">\n\t\t\t<\/div>\n\n\t\t\n\n\n\t\t<div class=\"cell\">\n\n\t\t\t<h2>NEVA PARTNER port\u00e1l<\/h2>\n<p class=\"p-large\">NEVA \u00fczleti \u00e9s telep\u00edt\u00e9si partnerek sz\u00e1m\u00e1ra.<\/p>\n<ul>\n<li>m\u0171szaki k\u00e9zik\u00f6nyvek<\/li>\n<li>marketing t\u00e1mogat\u00e1s<\/li>\n<li>\u200bhonlap t\u00e1mogat\u00e1s<\/li>\n<li>\u00fcgyf\u00e9lszolg\u00e1lat<\/li>\n<\/ul>\n<p>&nbsp;<\/p>\n\n\t\t\t\t\t\t\t<a href=\"https:\/\/nevapartner.eu\/prihlasenie\/\" target=\"_blank\" class=\"button\">BEL\u00c9PNI \u2192<\/a>\n\t\t\t\n\t\t<\/div>\n\n\n\n\t\t\n\t<\/div>\n<\/div>\n","protected":false},"excerpt":{"rendered":"","protected":false},"author":52,"featured_media":11354,"parent":0,"menu_order":0,"comment_status":"closed","ping_status":"closed","template":"","meta":{"_acf_changed":false,"inline_featured_image":false,"footnotes":""},"class_list":["post-5860","page","type-page","status-publish","has-post-thumbnail","hentry"],"acf":[],"yoast_head":"<!-- This site is optimized with the Yoast SEO plugin v27.4 - https:\/\/yoast.com\/product\/yoast-seo-wordpress\/ -->\n<title>NEVA k\u00fclt\u00e9ri zsaluzi\u00e1k \u00e9s zipscreen naph\u00e1l\u00f3k | nevask.eu<\/title>\n<meta name=\"description\" content=\"NEVA k\u00fclt\u00e9ri zsaluzi\u00e1k \u00e9s zipscreen naph\u00e1l\u00f3k - min\u0151s\u00e9g, amelyet vil\u00e1gszerte \u00fcgyfelek igazolnak. Kiemelked\u0151 megb\u00edzhat\u00f3s\u00e1g, hossz\u00fa \u00e9lettartam, 4 \u00e9v garancia\" \/>\n<meta name=\"robots\" content=\"index, follow, max-snippet:-1, max-image-preview:large, max-video-preview:-1\" \/>\n<link rel=\"canonical\" href=\"https:\/\/nevask.eu\/hu\/\" \/>\n<meta property=\"og:locale\" content=\"hu_HU\" \/>\n<meta property=\"og:type\" content=\"article\" \/>\n<meta property=\"og:title\" content=\"NEVA k\u00fclt\u00e9ri zsaluzi\u00e1k \u00e9s zipscreen naph\u00e1l\u00f3k | nevask.eu\" \/>\n<meta property=\"og:description\" content=\"NEVA k\u00fclt\u00e9ri zsaluzi\u00e1k \u00e9s zipscreen naph\u00e1l\u00f3k - min\u0151s\u00e9g, amelyet vil\u00e1gszerte \u00fcgyfelek igazolnak. Kiemelked\u0151 megb\u00edzhat\u00f3s\u00e1g, hossz\u00fa \u00e9lettartam, 4 \u00e9v garancia\" \/>\n<meta property=\"og:url\" content=\"https:\/\/nevask.eu\/hu\/\" \/>\n<meta property=\"og:site_name\" content=\"NEVA\" \/>\n<meta property=\"article:modified_time\" content=\"2026-04-17T08:49:32+00:00\" \/>\n<meta property=\"og:image\" content=\"https:\/\/nevask.eu\/wp-content\/uploads\/2025\/09\/NEVA_titulka-HU.jpg.webp\" \/>\n\t<meta property=\"og:image:width\" content=\"1200\" \/>\n\t<meta property=\"og:image:height\" content=\"630\" \/>\n\t<meta property=\"og:image:type\" content=\"image\/jpeg\" \/>\n<meta name=\"twitter:card\" content=\"summary_large_image\" \/>\n<meta name=\"twitter:label1\" content=\"Becs\u00fclt olvas\u00e1si id\u0151\" \/>\n\t<meta name=\"twitter:data1\" content=\"6 perc\" \/>\n<!-- \/ Yoast SEO plugin. -->","yoast_head_json":{"title":"NEVA k\u00fclt\u00e9ri zsaluzi\u00e1k \u00e9s zipscreen naph\u00e1l\u00f3k | nevask.eu","description":"NEVA k\u00fclt\u00e9ri zsaluzi\u00e1k \u00e9s zipscreen naph\u00e1l\u00f3k - min\u0151s\u00e9g, amelyet vil\u00e1gszerte \u00fcgyfelek igazolnak. Kiemelked\u0151 megb\u00edzhat\u00f3s\u00e1g, hossz\u00fa \u00e9lettartam, 4 \u00e9v garancia","robots":{"index":"index","follow":"follow","max-snippet":"max-snippet:-1","max-image-preview":"max-image-preview:large","max-video-preview":"max-video-preview:-1"},"canonical":"https:\/\/nevask.eu\/hu\/","og_locale":"hu_HU","og_type":"article","og_title":"NEVA k\u00fclt\u00e9ri zsaluzi\u00e1k \u00e9s zipscreen naph\u00e1l\u00f3k | nevask.eu","og_description":"NEVA k\u00fclt\u00e9ri zsaluzi\u00e1k \u00e9s zipscreen naph\u00e1l\u00f3k - min\u0151s\u00e9g, amelyet vil\u00e1gszerte \u00fcgyfelek igazolnak. Kiemelked\u0151 megb\u00edzhat\u00f3s\u00e1g, hossz\u00fa \u00e9lettartam, 4 \u00e9v garancia","og_url":"https:\/\/nevask.eu\/hu\/","og_site_name":"NEVA","article_modified_time":"2026-04-17T08:49:32+00:00","og_image":[{"width":1200,"height":630,"url":"https:\/\/nevask.eu\/wp-content\/uploads\/2025\/09\/NEVA_titulka-HU.jpg.webp","type":"image\/jpeg"}],"twitter_card":"summary_large_image","twitter_misc":{"Becs\u00fclt olvas\u00e1si id\u0151":"6 perc"},"schema":{"@context":"https:\/\/schema.org","@graph":[{"@type":"WebPage","@id":"https:\/\/nevask.eu\/hu\/","url":"https:\/\/nevask.eu\/hu\/","name":"NEVA k\u00fclt\u00e9ri zsaluzi\u00e1k \u00e9s zipscreen naph\u00e1l\u00f3k | nevask.eu","isPartOf":{"@id":"https:\/\/nevask.eu\/hu\/#website"},"primaryImageOfPage":{"@id":"https:\/\/nevask.eu\/hu\/#primaryimage"},"image":{"@id":"https:\/\/nevask.eu\/hu\/#primaryimage"},"thumbnailUrl":"https:\/\/nevask.eu\/wp-content\/uploads\/2025\/11\/NEVA-zaluzie-screeny-1200x600-1.jpg.webp","datePublished":"2025-07-02T12:28:13+00:00","dateModified":"2026-04-17T08:49:32+00:00","description":"NEVA k\u00fclt\u00e9ri zsaluzi\u00e1k \u00e9s zipscreen naph\u00e1l\u00f3k - min\u0151s\u00e9g, amelyet vil\u00e1gszerte \u00fcgyfelek igazolnak. Kiemelked\u0151 megb\u00edzhat\u00f3s\u00e1g, hossz\u00fa \u00e9lettartam, 4 \u00e9v garancia","breadcrumb":{"@id":"https:\/\/nevask.eu\/hu\/#breadcrumb"},"inLanguage":"hu","potentialAction":[{"@type":"ReadAction","target":["https:\/\/nevask.eu\/hu\/"]}]},{"@type":"ImageObject","inLanguage":"hu","@id":"https:\/\/nevask.eu\/hu\/#primaryimage","url":"https:\/\/nevask.eu\/wp-content\/uploads\/2025\/11\/NEVA-zaluzie-screeny-1200x600-1.jpg.webp","contentUrl":"https:\/\/nevask.eu\/wp-content\/uploads\/2025\/11\/NEVA-zaluzie-screeny-1200x600-1.jpg.webp","width":1200,"height":600,"caption":"Vonkaj\u0161ie \u017eal\u00fazie NEVA"},{"@type":"BreadcrumbList","@id":"https:\/\/nevask.eu\/hu\/#breadcrumb","itemListElement":[{"@type":"ListItem","position":1,"name":"Home","item":"https:\/\/nevask.eu\/hu\/"},{"@type":"ListItem","position":2,"name":"Kezd\u0151lap"}]},{"@type":"WebSite","@id":"https:\/\/nevask.eu\/hu\/#website","url":"https:\/\/nevask.eu\/hu\/","name":"NEVA","description":"Vonkaj\u0161ie \u017eal\u00fazie a screenov\u00e9 rolety","potentialAction":[{"@type":"SearchAction","target":{"@type":"EntryPoint","urlTemplate":"https:\/\/nevask.eu\/hu\/?s={search_term_string}"},"query-input":{"@type":"PropertyValueSpecification","valueRequired":true,"valueName":"search_term_string"}}],"inLanguage":"hu"}]}},"_links":{"self":[{"href":"https:\/\/nevask.eu\/hu\/wp-json\/wp\/v2\/pages\/5860","targetHints":{"allow":["GET"]}}],"collection":[{"href":"https:\/\/nevask.eu\/hu\/wp-json\/wp\/v2\/pages"}],"about":[{"href":"https:\/\/nevask.eu\/hu\/wp-json\/wp\/v2\/types\/page"}],"author":[{"embeddable":true,"href":"https:\/\/nevask.eu\/hu\/wp-json\/wp\/v2\/users\/52"}],"replies":[{"embeddable":true,"href":"https:\/\/nevask.eu\/hu\/wp-json\/wp\/v2\/comments?post=5860"}],"version-history":[{"count":25,"href":"https:\/\/nevask.eu\/hu\/wp-json\/wp\/v2\/pages\/5860\/revisions"}],"predecessor-version":[{"id":13057,"href":"https:\/\/nevask.eu\/hu\/wp-json\/wp\/v2\/pages\/5860\/revisions\/13057"}],"wp:featuredmedia":[{"embeddable":true,"href":"https:\/\/nevask.eu\/hu\/wp-json\/wp\/v2\/media\/11354"}],"wp:attachment":[{"href":"https:\/\/nevask.eu\/hu\/wp-json\/wp\/v2\/media?parent=5860"}],"curies":[{"name":"wp","href":"https:\/\/api.w.org\/{rel}","templated":true}]}}