{"id":6009,"date":"2025-07-09T11:39:02","date_gmt":"2025-07-09T09:39:02","guid":{"rendered":"https:\/\/nevask.eu\/?page_id=6009"},"modified":"2025-09-10T09:38:56","modified_gmt":"2025-09-10T07:38:56","slug":"elonyok-viszonteladok-szamara","status":"publish","type":"page","link":"https:\/\/nevask.eu\/hu\/neva-bemutatkozasa\/elonyok-viszonteladok-szamara\/","title":{"rendered":"El\u0151ny\u00f6k viszontelad\u00f3k sz\u00e1m\u00e1ra"},"content":{"rendered":"\n\n\n\n\n\n<div class=\"section narrow white\">\n\t<div class=\"container\">\n\t\t<div class=\"cell\">\n\t\t\t<ul class=\"breadcrumbs\">\n\t\t\t\t<li><a href=\"https:\/\/nevask.eu\/hu\/\">Home<\/a><\/li>\n\n\t\t\t\t\n\t\t\t<\/ul>\n\t\t<\/div>\n\t<\/div>\n<\/div>\n\n\n\n\n\n<div  class=\"section white\">\n\t<div class=\"container full left\">\n\t\t<div class=\"cell\">\n\t\t\t<h1>A NEVA\u00ae el\u0151nyei viszontelad\u00f3k sz\u00e1m\u00e1ra<\/h1>\n\t\t<\/div>\n\t<\/div>\n<\/div>\n\n\n\n\n\n\n\n\n<div  class=\"section white\">\n\t<div class=\"container cols-40p-60p\">\n\n\t\t\n\t\t\t<div class=\"cell left top\">\n\t\t\t\t<img decoding=\"async\" src=\"https:\/\/nevask.eu\/wp-content\/uploads\/2025\/07\/761A4369-1024x683.jpg\" alt=\"Obchodn\u00e9 oddelenie NEVA SK\">\n\t\t\t<\/div>\n\n\t\t\n\n\n\t\t<div class=\"cell\">\n\n\t\t\t<h3 class=\"u-align-left u-text u-text-palette-2-base u-text-1\">M\u0171szaki t\u00e1mogat\u00e1s b\u00e1rmikor, amikor csak sz\u00fcks\u00e9ge van r\u00e1.<\/h3>\n<p>Felbecs\u00fclhetetlen az az \u00e9rz\u00e9s, hogy mindig van kihez fordulni, ha zsaluzi\u00e1r\u00f3l, vagy naph\u00e1l\u00f3r\u00f3l van sz\u00f3. Az egy\u00fcttm\u0171k\u00f6d\u00e9s els\u0151 napj\u00e1t\u00f3l kezdve egyetlen keresked\u0151vel kommunik\u00e1l, aki t\u00f6k\u00e9letesen ismeri \u00d6nt, \u00e9s pontosan tudja, mire van sz\u00fcks\u00e9ge.<\/p>\n\n\t\t\t\t\t\t\t<a href=\"https:\/\/nevask.eu\/hu\/legyen-a-partnerunk\/\" target=\"\" class=\"button\"> Legyen a partner\u00fcnk m\u00e9g ma<\/a>\n\t\t\t\n\t\t<\/div>\n\n\n\n\t\t\n\t<\/div>\n<\/div>\n\n\n\n\n\n<div  class=\"section tint\">\n\n\t\n\n\n\t\n\t<div class=\"container cols-33p text-blocks\" style=\"\">\n\n\t\t\n\t\t\t\n\t\t\t\t\n\t\t\t\t<div class=\"cell\" style=\"\">\n\n\t\t\t\t\t\n\t\t\t\t\t\t<div class=\"icon-title\">\n\n\t\t\t\t\t\t\t\t\t\t\t\t\t\t\t<img decoding=\"async\" src=\"https:\/\/nevask.eu\/wp-content\/uploads\/2025\/07\/1077063-2fc07505.png.webp\" alt=\"piktogram - \u010dlovek\">\n\t\t\t\t\t\t\t\n\t\t\t\t\t\t\t\t\t\t\t\t\t\t\t<h3 class=\"h5\">Zsaluzia specialist\u00e1k<\/h3>\n\t\t\t\t\t\t\t\n\t\t\t\t\t\t<\/div>\n\n\t\t\t\t\t\n\n\n\t\t\t\t\t<p>M\u00e1rt t\u00f6bb mint 35 \u00e9ve az \u00e1rny\u00e9kol\u00e1stechnika piacvezet\u0151i k\u00f6z\u00e9 tartozunk<\/p>\n\n\t\t\t\t<\/div>\n\t\t\t\n\t\t\t\t\n\t\t\t\t<div class=\"cell\" style=\"\">\n\n\t\t\t\t\t\n\t\t\t\t\t\t<div class=\"icon-title\">\n\n\t\t\t\t\t\t\t\t\t\t\t\t\t\t\t<img decoding=\"async\" src=\"https:\/\/nevask.eu\/wp-content\/uploads\/2025\/07\/596092-cee06a0f.png.webp\" alt=\"piktogram - ampli\u00f3n\">\n\t\t\t\t\t\t\t\n\t\t\t\t\t\t\t\t\t\t\t\t\t\t\t<h3 class=\"h5\">Kiv\u00e1l\u00f3 min\u0151s\u00e9g\u0171 tartoz\u00e9kok<\/h3>\n\t\t\t\t\t\t\t\n\t\t\t\t\t\t<\/div>\n\n\t\t\t\t\t\n\n\n\t\t\t\t\t<p>A zsaluzi\u00e1k vil\u00e1gsz\u00ednvonal\u00fa g\u00e9peken k\u00e9sz\u00fclnek.<\/p>\n\n\t\t\t\t<\/div>\n\t\t\t\n\t\t\t\t\n\t\t\t\t<div class=\"cell\" style=\"\">\n\n\t\t\t\t\t\n\t\t\t\t\t\t<div class=\"icon-title\">\n\n\t\t\t\t\t\t\t\t\t\t\t\t\t\t\t<img decoding=\"async\" src=\"https:\/\/nevask.eu\/wp-content\/uploads\/2025\/07\/810024-6c79252f.png.webp\" alt=\"piktogram - lakovanie, striekanie\">\n\t\t\t\t\t\t\t\n\t\t\t\t\t\t\t\t\t\t\t\t\t\t\t<h3 class=\"h5\">Saj\u00e1t porsz\u00f3r\u00f3 fest\u0151\u00fczem<\/h3>\n\t\t\t\t\t\t\t\n\t\t\t\t\t\t<\/div>\n\n\t\t\t\t\t\n\n\n\t\t\t\t\t<p>Saj\u00e1t fest\u0151\u00fczem lehet\u0151v\u00e9 teszi a r\u00f6vid gy\u00e1rt\u00e1si hat\u00e1rid\u00f6k betart\u00e1s\u00e1t.<\/p>\n\n\t\t\t\t<\/div>\n\t\t\t\n\t\t\t\t\n\t\t\t\t<div class=\"cell\" style=\"\">\n\n\t\t\t\t\t\n\t\t\t\t\t\t<div class=\"icon-title\">\n\n\t\t\t\t\t\t\t\t\t\t\t\t\t\t\t<img decoding=\"async\" src=\"https:\/\/nevask.eu\/wp-content\/uploads\/2025\/07\/1945923-e94f5fc8.png.webp\" alt=\"Piktogram - dokumenty\">\n\t\t\t\t\t\t\t\n\t\t\t\t\t\t\t\t\t\t\t\t\t\t\t<h3 class=\"h5\">M\u0171szaki k\u00e9zik\u00f6nyv<\/h3>\n\t\t\t\t\t\t\t\n\t\t\t\t\t\t<\/div>\n\n\t\t\t\t\t\n\n\n\t\t\t\t\t<p>M\u0171szaki k\u00e9zik\u00f6nyv nyomtatott \u00e9s elektronikus form\u00e1ban, melyet rendszeresen friss\u00edt\u00fcnk \u00e9s t\u00f6bb nyelvre ford\u00edtunk.<\/p>\n\n\t\t\t\t<\/div>\n\t\t\t\n\t\t\t\t\n\t\t\t\t<div class=\"cell\" style=\"\">\n\n\t\t\t\t\t\n\t\t\t\t\t\t<div class=\"icon-title\">\n\n\t\t\t\t\t\t\t\t\t\t\t\t\t\t\t<img decoding=\"async\" src=\"https:\/\/nevask.eu\/wp-content\/uploads\/2025\/07\/6657216-a73c2944-1.png.webp\" alt=\"piktogram - \">\n\t\t\t\t\t\t\t\n\t\t\t\t\t\t\t\t\t\t\t\t\t\t\t<h3 class=\"h5\">Egyedi zsaluzi\u00e1k<\/h3>\n\t\t\t\t\t\t\t\n\t\t\t\t\t\t<\/div>\n\n\t\t\t\t\t\n\n\n\t\t\t\t\t<p>Egyedi, m\u00e9retre gy\u00e1rtott zsaluzi\u00e1k.<\/p>\n\n\t\t\t\t<\/div>\n\t\t\t\n\t\t\t\t\n\t\t\t\t<div class=\"cell\" style=\"\">\n\n\t\t\t\t\t\n\t\t\t\t\t\t<div class=\"icon-title\">\n\n\t\t\t\t\t\t\t\t\t\t\t\t\t\t\t<img decoding=\"async\" src=\"https:\/\/nevask.eu\/wp-content\/uploads\/2025\/07\/66163-fb0876ab-e1752145793790.png\" alt=\"piktogram - \u010das, term\u00edny\">\n\t\t\t\t\t\t\t\n\t\t\t\t\t\t\t\t\t\t\t\t\t\t\t<h3 class=\"h5\">R\u00f6vid gy\u00e1rt\u00e1si hat\u00e1rid\u0151k<\/h3>\n\t\t\t\t\t\t\t\n\t\t\t\t\t\t<\/div>\n\n\t\t\t\t\t\n\n\n\t\t\t\t\t<p>A kell\u00f6 rakt\u00e1rk\u00e9szletnek k\u00f6sz\u00f6nhet\u00f6en szezonban is tartani tudjuk a r\u00f6vid gy\u00e1rt\u00e1si hat\u00e1rid\u00f6ket.<\/p>\n\n\t\t\t\t<\/div>\n\t\t\t\n\t\t\n\t<\/div>\n\n\n\n\t\n<\/div>\n\n\n\n\n\n<div  class=\"section white\">\n\n\t\n\n\n\t\n\t<div class=\"container cols-33p has-cell-bg-image\" style=\"\">\n\n\t\t\n\t\t\t\n\t\t\t\t\n\t\t\t\t<div class=\"cell bg-image\" style=\"background-image: linear-gradient(0deg, rgba(0,0,0,0.3), rgba(0,0,0,0.3)), url(https:\/\/nevask.eu\/wp-content\/uploads\/2025\/06\/20210723_DSC09825_NEVA_SK-1024x683.jpg)\">\n\n\t\t\t\t\t\n\n\n\t\t\t\t\t<h5>RENDSZERES \u200bISKOL\u00c1Z\u00c1SOK<\/h5>\n<p>A szerel\u0151ket ingyenesen \u00e1tk\u00e9pezz\u00fck a zsaluzi\u00e1k szervizel\u00e9s\u00e9re \u00e9s beszerel\u00e9s\u00e9re. \u00c9s mi t\u00f6bb, telefonos \u00fcgyf\u00e9lszolg\u00e1latunk van, amikor csak sz\u00fcks\u00e9ge van r\u00e1.<\/p>\n\n\t\t\t\t<\/div>\n\t\t\t\n\t\t\t\t\n\t\t\t\t<div class=\"cell bg-image\" style=\"background-image: linear-gradient(0deg, rgba(0,0,0,0.3), rgba(0,0,0,0.3)), url(https:\/\/nevask.eu\/wp-content\/uploads\/2025\/06\/neva-montaz-venkovnich-zaluzii-krok-za-krokem-1024x512.jpg)\">\n\n\t\t\t\t\t\n\n\n\t\t\t\t\t<h5>K\u00d6NNY\u0170 \u00d6SSZESZEREL\u00c9S<\/h5>\n<div class=\"u-container-style u-image u-list-item u-repeater-item u-shading u-image-2\" data-image-width=\"1600\" data-image-height=\"800\">\n<div class=\"u-container-layout u-similar-container u-container-layout-2\">\n<p class=\"u-text u-text-default u-text-4\">A gy\u00e1rt\u00e1s sor\u00e1n a zsaluzi\u00e1kat pontosan be\u00e1ll\u00edtjuk, \u00edgy kicsomagol\u00e1s ut\u00e1n azonnal felszerelhet\u0151 az \u00e9p\u00edtkez\u00e9sen. Ezzel ak\u00e1r 10 percnyi be\u00e1ll\u00edt\u00e1si munk\u00e1t takar\u00edthat meg .<\/p>\n<\/div>\n<\/div>\n\n\t\t\t\t<\/div>\n\t\t\t\n\t\t\t\t\n\t\t\t\t<div class=\"cell bg-image\" style=\"background-image: linear-gradient(0deg, rgba(0,0,0,0.3), rgba(0,0,0,0.3)), url(https:\/\/nevask.eu\/wp-content\/uploads\/2025\/06\/20210723_DSC09973_NEVA_SK-1024x683.jpg)\">\n\n\t\t\t\t\t\n\n\n\t\t\t\t\t<h5>MIN\u0150S\u00c9GI H\u00c1TT\u00c9R\u200bANYAGOK<\/h5>\n<p>Katal\u00f3gusokat, k\u00e9zik\u00f6nyveket \u00e9s \u00f6sszeszerel\u00e9si \u00fatmutat\u00f3kat biztos\u00edtunk \u00d6nnek, amelyek l\u00e9p\u00e9sr\u0151l l\u00e9p\u00e9sre seg\u00edtenek a zsaluzi\u00e1k felszerel\u00e9s\u00e9ben.<\/p>\n\n\t\t\t\t<\/div>\n\t\t\t\n\t\t\n\t<\/div>\n\n\n\n\t\n<\/div>\n\n\n\n\n\n<div  class=\"section tint\">\n\n\t\n\n\n\t\n\t<div class=\"container cols-25p text-blocks\" style=\"\">\n\n\t\t\n\t\t\t\n\t\t\t\t\n\t\t\t\t<div class=\"cell\" style=\"\">\n\n\t\t\t\t\t\n\t\t\t\t\t\t<div class=\"icon-title\">\n\n\t\t\t\t\t\t\t\t\t\t\t\t\t\t\t<img decoding=\"async\" src=\"https:\/\/nevask.eu\/wp-content\/uploads\/2025\/06\/icon-placeholder.png\" alt=\"piktogram - \">\n\t\t\t\t\t\t\t\n\t\t\t\t\t\t\t\t\t\t\t\t\t\t\t<h3 class=\"h5\">Rajzok<\/h3>\n\t\t\t\t\t\t\t\n\t\t\t\t\t\t<\/div>\n\n\t\t\t\t\t\n\n\n\t\t\t\t\t<p>Weboldalunkon tal\u00e1lhat\u00f3k m\u0171szaki rajzok, k\u00e9r\u00e9sre DWG form\u00e1tumban is<\/p>\n\n\t\t\t\t<\/div>\n\t\t\t\n\t\t\t\t\n\t\t\t\t<div class=\"cell\" style=\"\">\n\n\t\t\t\t\t\n\t\t\t\t\t\t<div class=\"icon-title\">\n\n\t\t\t\t\t\t\t\t\t\t\t\t\t\t\t<img decoding=\"async\" src=\"https:\/\/nevask.eu\/wp-content\/uploads\/2025\/07\/1606186-2289c0a8.png.webp\" alt=\"Piktogram - vzorkovn\u00edk farieb\">\n\t\t\t\t\t\t\t\n\t\t\t\t\t\t\t\t\t\t\t\t\t\t\t<h3 class=\"h5\">Mint\u00e1k<\/h3>\n\t\t\t\t\t\t\t\n\t\t\t\t\t\t<\/div>\n\n\t\t\t\t\t\n\n\n\t\t\t\t\t<p>T\u00f6bbf\u00e9le mint\u00e1t biztos\u00edtunk bemutat\u00f3ter\u00e9be.<\/p>\n\n\t\t\t\t<\/div>\n\t\t\t\n\t\t\t\t\n\t\t\t\t<div class=\"cell\" style=\"\">\n\n\t\t\t\t\t\n\t\t\t\t\t\t<div class=\"icon-title\">\n\n\t\t\t\t\t\t\t\t\t\t\t\t\t\t\t<img decoding=\"async\" src=\"https:\/\/nevask.eu\/wp-content\/uploads\/2025\/07\/244210-4a2be71e.png.webp\" alt=\"piktogram - mobiln\u00fd telefon\">\n\t\t\t\t\t\t\t\n\t\t\t\t\t\t\t\t\t\t\t\t\t\t\t<h3 class=\"h5\">NEVA \u200balkalmaz\u00e1s<\/h3>\n\t\t\t\t\t\t\t\n\t\t\t\t\t\t<\/div>\n\n\t\t\t\t\t\n\n\n\t\t\t\t\t<p>NEVA App alkalmaz\u00e1s iOS \u00e9s Android oper\u00e1ci\u00f3s rendszerhez is.<\/p>\n\n\t\t\t\t<\/div>\n\t\t\t\n\t\t\t\t\n\t\t\t\t<div class=\"cell\" style=\"\">\n\n\t\t\t\t\t\n\t\t\t\t\t\t<div class=\"icon-title\">\n\n\t\t\t\t\t\t\t\t\t\t\t\t\t\t\t<img decoding=\"async\" src=\"https:\/\/nevask.eu\/wp-content\/uploads\/2025\/07\/2541979-4205f55d.png.webp\" alt=\"Piktogram h\u00e1rky papiera\">\n\t\t\t\t\t\t\t\n\t\t\t\t\t\t\t\t\t\t\t\t\t\t\t<h3 class=\"h5\">Marketing anyagok<\/h3>\n\t\t\t\t\t\t\t\n\t\t\t\t\t\t<\/div>\n\n\t\t\t\t\t\n\n\n\t\t\t\t\t<p>Prospektusok \u00e9s katal\u00f3gusok el\u00e9rhet\u00f6k nyomtatott \u00e9s elektronikus form\u00e1ban. K\u00e9r\u00e9sre ny\u00fajtunk anyagot weboldal fejleszt\u00e9shez is.<\/p>\n\n\t\t\t\t<\/div>\n\t\t\t\n\t\t\n\t<\/div>\n\n\n\n\t\n<\/div>\n\n\n\n\n\n<div class=\"section white\">\n\t<div class=\"container\">\n\t\t<div class=\"cell\">\n\t\t\t<hr class=\"separator\">\n\t\t<\/div>\n\t<\/div>\n<\/div>\n\n\n\n\n\n\n\n\n<div  class=\"section white\">\n\t<div class=\"container cols-60p-40p\">\n\n\t\t\n\n\n\t\t<div class=\"cell\">\n\n\t\t\t<h2 class=\"u-text u-text-default u-text-palette-1-base u-text-1\">A NEVA App seg\u00edteni fog \u00d6nnek a szerel\u00e9s sor\u00e1n.<\/h2>\n<p>Annak \u00e9rdek\u00e9ben, hogy minden k\u00f6nnyed\u00e9n menjen v\u00e1s\u00e1rl\u00e1st\u00f3l a zsaluzi\u00e1k felszerel\u00e9s\u00e9ig, l\u00e9trehoztunk egy praktikus mobilalkalmaz\u00e1st. Amikor megadja a zsaluzia t\u00edpus\u00e1t, sz\u00e9less\u00e9g\u00e9t, magass\u00e1g\u00e1t vagy az ablak magass\u00e1g\u00e1t az alkalmaz\u00e1sban, akkor kisz\u00e1m\u00edthatja a zsaluzia csomagj\u00e1nak magass\u00e1g\u00e1t vagy a tart\u00f3k sz\u00e1m\u00e1t, megtudhatja, hogyan kell helyesen elhelyezni a csap\u00e1gyakat, \u00e9s n\u00e9h\u00e1ny kattint\u00e1ssal hozz\u00e1f\u00e9rhet a zsaluzi\u00e1k motorj\u00e1hoz, elektronik\u00e1j\u00e1hoz vagy szerel\u00e9s\u00e9hez kapcsol\u00f3d\u00f3 dokumentumokhoz.<\/p>\n\n\t\t\t\n\t\t<\/div>\n\n\n\n\t\t\n\t\t\t<div class=\"cell left top\">\n\t\t\t\t<img decoding=\"async\" src=\"https:\/\/nevask.eu\/wp-content\/uploads\/2025\/07\/mobilna-appka-neva.webp\" alt=\"Aplik\u00e1cia NEVA detail\">\n\t\t\t<\/div>\n\n\t\t\n\t<\/div>\n<\/div>\n\n\n\n\n\n\n\n\n<div  class=\"section white\">\n\t<div class=\"container cols-40p-60p\">\n\n\t\t\n\t\t\t<div class=\"cell left top\">\n\t\t\t\t<img decoding=\"async\" src=\"https:\/\/nevask.eu\/wp-content\/uploads\/2025\/07\/neva-app-1024x512.webp\" alt=\"Aplik\u00e1cia NEVA\">\n\t\t\t<\/div>\n\n\t\t\n\n\n\t\t<div class=\"cell\">\n\n\t\t\t<h2 class=\"u-text u-text-default u-text-palette-1-base u-text-1\">A NEVA App tartalmazza:<\/h2>\n<p class=\"u-text u-text-default u-text-4\">Sz\u00e1m\u00edt\u00e1si funkci\u00f3k a term\u00e9kt\u00edpus, a zsaluzia sz\u00e9less\u00e9ge \u00e9s magass\u00e1ga vagy az ablak magass\u00e1g\u00e1nak megad\u00e1sakor.<\/p>\n<p><span class=\"u-text-palette-1-base\" style=\"color: #212490\">Ennek seg\u00edts\u00e9g\u00e9vel megtudhatja:<br \/>\n<\/span><\/p>\n<ul class=\"u-text u-text-default u-text-5\">\n<li>a zsaluzia csomagj\u00e1nak magass\u00e1g\u00e1t,<\/li>\n<li>a zsaluzia \u200btart\u00f3konzolok sz\u00e1m\u00e1t,<\/li>\n<li>a minim\u00e1lis bels\u0151 magass\u00e1gott,<\/li>\n<li>a csap\u00e1gyak elhelyezked\u00e9s\u00e9t.<\/li>\n<li>A motor haszn\u00e1lat\u00e1ra vonatkoz\u00f3 inform\u00e1ci\u00f3k.<\/li>\n<li>Inform\u00e1ci\u00f3k az egyes zsaluziat\u00edpusokr\u00f3l.<\/li>\n<li>Hasznos linkek az NEVA zsaluzi\u00e1k motorj\u00e1hoz, elektronik\u00e1j\u00e1hoz \u00e9s szerel\u00e9s\u00e9hez kapcsol\u00f3d\u00f3 dokumentumokhoz.<\/li>\n<\/ul>\n<p><a href=\"https:\/\/play.google.com\/store\/apps\/details?id=cz.nevapv.NevaTech\"><img loading=\"lazy\" decoding=\"async\" class=\"size-full wp-image-3268 alignright\" src=\"https:\/\/nevask.eu\/wp-content\/uploads\/2025\/07\/google-play-e1751887150468.png\" alt=\"\" width=\"150\" height=\"44\" \/><\/a> <a href=\"https:\/\/apps.apple.com\/us\/app\/neva-app\/id1436601311\"><img loading=\"lazy\" decoding=\"async\" class=\"wp-image-3265 size-full alignright\" src=\"https:\/\/nevask.eu\/wp-content\/uploads\/2025\/07\/app-store_X-e1751887181241.png\" alt=\"\" width=\"150\" height=\"43\" \/><\/a><\/p>\n\n\t\t\t\n\t\t<\/div>\n\n\n\n\t\t\n\t<\/div>\n<\/div>\n\n\n\n\n\n<div class=\"section white\">\n\t<div class=\"container\">\n\t\t<div class=\"cell\">\n\t\t\t<hr class=\"separator\">\n\t\t<\/div>\n\t<\/div>\n<\/div>\n\n\n\n\n\n<div  class=\"section hero\">\n\t<div class=\"container col-45p\">\n\t\t<div class=\"cell dark \">\n\n\t\t\t<h1 class=\"u-text u-text-palette-2-base u-title u-text-1\">Legyen a partner\u00fcnk<\/h1>\n<p>Munk\u00e1juk k\u00f6nny\u00edt\u00e9se \u00e9rdek\u00e9ben tov\u00e1bbk\u00e9pz\u00e9seket, aplik\u00e1ci\u00f3kat \u00e9s m\u0171szaki anyagokak biztos\u00edtunk.<\/p>\n\n\t\t\t\t\t\t\t<a href=\"https:\/\/nevask.eu\/hu\/legyen-a-partnerunk\/\" target=\"\" class=\"button\"> Legyen a partner\u00fcnk m\u00e9g ma&#8230;<\/a>\n\t\t\t\n\t\t<\/div>\n\n\n\n\t\t<div class=\"bg-hero-slider\">\n\n\t\t\t\n\t\t\t\t\t\t\t\t\t<img decoding=\"async\" width=\"1500\" height=\"1000\" src=\"https:\/\/nevask.eu\/wp-content\/uploads\/2025\/07\/centrala-nevask.webp\" class=\"bg-hero\" alt=\"\u0160kolenie k vonkaj\u0161\u00edm \u017eal\u00fazi\u00e1m NEVA\" fetchpriority=\"high\" srcset=\"https:\/\/nevask.eu\/wp-content\/uploads\/2025\/07\/centrala-nevask.webp 1500w, https:\/\/nevask.eu\/wp-content\/uploads\/2025\/07\/centrala-nevask-300x200.webp 300w, https:\/\/nevask.eu\/wp-content\/uploads\/2025\/07\/centrala-nevask-1024x683.webp 1024w, https:\/\/nevask.eu\/wp-content\/uploads\/2025\/07\/centrala-nevask-768x512.webp 768w\" sizes=\"(max-width: 1500px) 100vw, 1500px\" \/>\t\t\t\t\n\t\t\t\n\t\t<\/div>\n\t<\/div>\n<\/div>\n","protected":false},"excerpt":{"rendered":"","protected":false},"author":52,"featured_media":0,"parent":209,"menu_order":0,"comment_status":"closed","ping_status":"closed","template":"","meta":{"_acf_changed":false,"inline_featured_image":false,"footnotes":""},"class_list":["post-6009","page","type-page","status-publish","hentry"],"acf":[],"yoast_head":"<!-- This site is optimized with the Yoast SEO plugin v27.5 - https:\/\/yoast.com\/product\/yoast-seo-wordpress\/ -->\n<title>A NEVA el\u0151nyei telep\u00edt\u0151 \u00e9s keresked\u0151 c\u00e9gek sz\u00e1m\u00e1ra | nevask.eu<\/title>\n<meta name=\"description\" content=\"Legyen a NEVA\u00ae partnere, \u00e9s \u00e9rt\u00e9kes\u00edtse az egyik legmegb\u00edzhat\u00f3bb k\u00fclt\u00e9ri \u00e1rny\u00e9kol\u00f3t. A min\u0151s\u00e9gi term\u00e9k mellett tov\u00e1bbi el\u0151ny\u00f6ket \u00e9s egy stabil gy\u00e1rt\u00f3 t\u00e1mogat\u00e1s\u00e1t kapja.\" \/>\n<meta name=\"robots\" content=\"index, follow, max-snippet:-1, max-image-preview:large, max-video-preview:-1\" \/>\n<link rel=\"canonical\" href=\"https:\/\/nevask.eu\/hu\/neva-bemutatkozasa\/elonyok-viszonteladok-szamara\/\" \/>\n<meta property=\"og:locale\" content=\"hu_HU\" \/>\n<meta property=\"og:type\" content=\"article\" \/>\n<meta property=\"og:title\" content=\"A NEVA el\u0151nyei telep\u00edt\u0151 \u00e9s keresked\u0151 c\u00e9gek sz\u00e1m\u00e1ra | nevask.eu\" \/>\n<meta property=\"og:description\" content=\"Legyen a NEVA\u00ae partnere, \u00e9s \u00e9rt\u00e9kes\u00edtse az egyik legmegb\u00edzhat\u00f3bb k\u00fclt\u00e9ri \u00e1rny\u00e9kol\u00f3t. A min\u0151s\u00e9gi term\u00e9k mellett tov\u00e1bbi el\u0151ny\u00f6ket \u00e9s egy stabil gy\u00e1rt\u00f3 t\u00e1mogat\u00e1s\u00e1t kapja.\" \/>\n<meta property=\"og:url\" content=\"https:\/\/nevask.eu\/hu\/neva-bemutatkozasa\/elonyok-viszonteladok-szamara\/\" \/>\n<meta property=\"og:site_name\" content=\"NEVA\" \/>\n<meta property=\"article:modified_time\" content=\"2025-09-10T07:38:56+00:00\" \/>\n<meta name=\"twitter:card\" content=\"summary_large_image\" \/>\n<meta name=\"twitter:label1\" content=\"Becs\u00fclt olvas\u00e1si id\u0151\" \/>\n\t<meta name=\"twitter:data1\" content=\"6 perc\" \/>\n<!-- \/ Yoast SEO plugin. -->","yoast_head_json":{"title":"A NEVA el\u0151nyei telep\u00edt\u0151 \u00e9s keresked\u0151 c\u00e9gek sz\u00e1m\u00e1ra | nevask.eu","description":"Legyen a NEVA\u00ae partnere, \u00e9s \u00e9rt\u00e9kes\u00edtse az egyik legmegb\u00edzhat\u00f3bb k\u00fclt\u00e9ri \u00e1rny\u00e9kol\u00f3t. A min\u0151s\u00e9gi term\u00e9k mellett tov\u00e1bbi el\u0151ny\u00f6ket \u00e9s egy stabil gy\u00e1rt\u00f3 t\u00e1mogat\u00e1s\u00e1t kapja.","robots":{"index":"index","follow":"follow","max-snippet":"max-snippet:-1","max-image-preview":"max-image-preview:large","max-video-preview":"max-video-preview:-1"},"canonical":"https:\/\/nevask.eu\/hu\/neva-bemutatkozasa\/elonyok-viszonteladok-szamara\/","og_locale":"hu_HU","og_type":"article","og_title":"A NEVA el\u0151nyei telep\u00edt\u0151 \u00e9s keresked\u0151 c\u00e9gek sz\u00e1m\u00e1ra | nevask.eu","og_description":"Legyen a NEVA\u00ae partnere, \u00e9s \u00e9rt\u00e9kes\u00edtse az egyik legmegb\u00edzhat\u00f3bb k\u00fclt\u00e9ri \u00e1rny\u00e9kol\u00f3t. A min\u0151s\u00e9gi term\u00e9k mellett tov\u00e1bbi el\u0151ny\u00f6ket \u00e9s egy stabil gy\u00e1rt\u00f3 t\u00e1mogat\u00e1s\u00e1t kapja.","og_url":"https:\/\/nevask.eu\/hu\/neva-bemutatkozasa\/elonyok-viszonteladok-szamara\/","og_site_name":"NEVA","article_modified_time":"2025-09-10T07:38:56+00:00","twitter_card":"summary_large_image","twitter_misc":{"Becs\u00fclt olvas\u00e1si id\u0151":"6 perc"},"schema":{"@context":"https:\/\/schema.org","@graph":[{"@type":"WebPage","@id":"https:\/\/nevask.eu\/hu\/neva-bemutatkozasa\/elonyok-viszonteladok-szamara\/","url":"https:\/\/nevask.eu\/hu\/neva-bemutatkozasa\/elonyok-viszonteladok-szamara\/","name":"A NEVA el\u0151nyei telep\u00edt\u0151 \u00e9s keresked\u0151 c\u00e9gek sz\u00e1m\u00e1ra | nevask.eu","isPartOf":{"@id":"https:\/\/nevask.eu\/hu\/#website"},"datePublished":"2025-07-09T09:39:02+00:00","dateModified":"2025-09-10T07:38:56+00:00","description":"Legyen a NEVA\u00ae partnere, \u00e9s \u00e9rt\u00e9kes\u00edtse az egyik legmegb\u00edzhat\u00f3bb k\u00fclt\u00e9ri \u00e1rny\u00e9kol\u00f3t. A min\u0151s\u00e9gi term\u00e9k mellett tov\u00e1bbi el\u0151ny\u00f6ket \u00e9s egy stabil gy\u00e1rt\u00f3 t\u00e1mogat\u00e1s\u00e1t kapja.","breadcrumb":{"@id":"https:\/\/nevask.eu\/hu\/neva-bemutatkozasa\/elonyok-viszonteladok-szamara\/#breadcrumb"},"inLanguage":"hu","potentialAction":[{"@type":"ReadAction","target":["https:\/\/nevask.eu\/hu\/neva-bemutatkozasa\/elonyok-viszonteladok-szamara\/"]}]},{"@type":"BreadcrumbList","@id":"https:\/\/nevask.eu\/hu\/neva-bemutatkozasa\/elonyok-viszonteladok-szamara\/#breadcrumb","itemListElement":[{"@type":"ListItem","position":1,"name":"Home","item":"https:\/\/nevask.eu\/hu\/"},{"@type":"ListItem","position":2,"name":"NEVA bemutatkoz\u00e1sa","item":"https:\/\/nevask.eu\/hu\/neva-bemutatkozasa\/"},{"@type":"ListItem","position":3,"name":"El\u0151ny\u00f6k viszontelad\u00f3k sz\u00e1m\u00e1ra"}]},{"@type":"WebSite","@id":"https:\/\/nevask.eu\/hu\/#website","url":"https:\/\/nevask.eu\/hu\/","name":"NEVA","description":"Vonkaj\u0161ie \u017eal\u00fazie a screenov\u00e9 rolety","potentialAction":[{"@type":"SearchAction","target":{"@type":"EntryPoint","urlTemplate":"https:\/\/nevask.eu\/hu\/?s={search_term_string}"},"query-input":{"@type":"PropertyValueSpecification","valueRequired":true,"valueName":"search_term_string"}}],"inLanguage":"hu"}]}},"_links":{"self":[{"href":"https:\/\/nevask.eu\/hu\/wp-json\/wp\/v2\/pages\/6009","targetHints":{"allow":["GET"]}}],"collection":[{"href":"https:\/\/nevask.eu\/hu\/wp-json\/wp\/v2\/pages"}],"about":[{"href":"https:\/\/nevask.eu\/hu\/wp-json\/wp\/v2\/types\/page"}],"author":[{"embeddable":true,"href":"https:\/\/nevask.eu\/hu\/wp-json\/wp\/v2\/users\/52"}],"replies":[{"embeddable":true,"href":"https:\/\/nevask.eu\/hu\/wp-json\/wp\/v2\/comments?post=6009"}],"version-history":[{"count":10,"href":"https:\/\/nevask.eu\/hu\/wp-json\/wp\/v2\/pages\/6009\/revisions"}],"predecessor-version":[{"id":9907,"href":"https:\/\/nevask.eu\/hu\/wp-json\/wp\/v2\/pages\/6009\/revisions\/9907"}],"up":[{"embeddable":true,"href":"https:\/\/nevask.eu\/hu\/wp-json\/wp\/v2\/pages\/209"}],"wp:attachment":[{"href":"https:\/\/nevask.eu\/hu\/wp-json\/wp\/v2\/media?parent=6009"}],"curies":[{"name":"wp","href":"https:\/\/api.w.org\/{rel}","templated":true}]}}