{"id":6016,"date":"2025-07-09T13:50:19","date_gmt":"2025-07-09T11:50:19","guid":{"rendered":"https:\/\/nevask.eu\/?page_id=6016"},"modified":"2025-09-10T10:31:19","modified_gmt":"2025-09-10T08:31:19","slug":"elonyok-tervezok-es-epiteszek-szamara","status":"publish","type":"page","link":"https:\/\/nevask.eu\/hu\/neva-bemutatkozasa\/elonyok-tervezok-es-epiteszek-szamara\/","title":{"rendered":"El\u0151ny\u00f6k tervez\u0151k \u00e9s \u00e9p\u00edt\u00e9szek sz\u00e1m\u00e1ra"},"content":{"rendered":"\n\n\n\n\n\n<div class=\"section narrow white\">\n\t<div class=\"container\">\n\t\t<div class=\"cell\">\n\t\t\t<ul class=\"breadcrumbs\">\n\t\t\t\t<li><a href=\"https:\/\/nevask.eu\/hu\/\">Home<\/a><\/li>\n\n\t\t\t\t\n\t\t\t<\/ul>\n\t\t<\/div>\n\t<\/div>\n<\/div>\n\n\n\n\n\n<div  class=\"section white\">\n\t<div class=\"container full left\">\n\t\t<div class=\"cell\">\n\t\t\t<h1>A NEVA\u00ae el\u0151nyei tervez\u0151k \u00e9s \u00e9p\u00edt\u00e9szek sz\u00e1m\u00e1ra<\/h1>\n\t\t<\/div>\n\t<\/div>\n<\/div>\n\n\n\n\n\n\n\n\n<div  class=\"section white\">\n\t<div class=\"container cols-40p-60p\">\n\n\t\t\n\t\t\t<div class=\"cell left top\">\n\t\t\t\t<img decoding=\"async\" src=\"https:\/\/nevask.eu\/wp-content\/uploads\/2025\/07\/TOM3646-kopie-2-1024x683.jpg\" alt=\"\">\n\t\t\t<\/div>\n\n\t\t\n\n\n\t\t<div class=\"cell\">\n\n\t\t\t<h3 class=\"u-align-left u-text u-text-palette-2-base u-text-1\">\u00c9vente t\u00f6bb mint 500 \u00e9p\u00fcletet \u00e1rny\u00e9kolunk le vil\u00e1gszerte.<\/h3>\n<p>A NEVA zsaluzi\u00e1k ma a vil\u00e1g 42 orsz\u00e1g\u00e1ban tal\u00e1lhat\u00f3k. Be\u00e1rny\u00e9kolj\u00e1k a mag\u00e1nh\u00e1zakat, de t\u00f6bb sz\u00e1z irodah\u00e1zat, lak\u00f3h\u00e1zat vagy bev\u00e1s\u00e1rl\u00f3k\u00f6zpontot is, amelyek egy-egy \u00e9p\u00edt\u00e9szeti d\u00edjat nyernek el.<\/p>\n\n\t\t\t\t\t\t\t<a href=\"https:\/\/nevask.eu\/hu\/legyen-a-partnerunk\/\" target=\"\" class=\"button\">Legyen a partner\u00fcnk m\u00e9g ma<\/a>\n\t\t\t\n\t\t<\/div>\n\n\n\n\t\t\n\t<\/div>\n<\/div>\n\n\n\n\n\n<div  class=\"section tint\">\n\n\t\n\n\n\t\n\t<div class=\"container cols-33p text-blocks\" style=\"\">\n\n\t\t\n\t\t\t\n\t\t\t\t\n\t\t\t\t<div class=\"cell\" style=\"\">\n\n\t\t\t\t\t\n\t\t\t\t\t\t<div class=\"icon-title\">\n\n\t\t\t\t\t\t\t\t\t\t\t\t\t\t\t<img decoding=\"async\" src=\"https:\/\/nevask.eu\/wp-content\/uploads\/2025\/07\/1077063-2fc07505.png.webp\" alt=\"piktogram - \u010dlovek\">\n\t\t\t\t\t\t\t\n\t\t\t\t\t\t\t\t\t\t\t\t\t\t\t<h3 class=\"h5\">Zsaluzia specialist\u00e1k<\/h3>\n\t\t\t\t\t\t\t\n\t\t\t\t\t\t<\/div>\n\n\t\t\t\t\t\n\n\n\t\t\t\t\t<div class=\"u-align-center-xs u-container-style u-layout-cell u-left-cell u-size-20-lg u-size-20-md u-size-20-sm u-size-20-xl u-size-20-xxl u-size-60-xs u-layout-cell-1\">\n<div class=\"u-container-layout u-valign-top-md u-valign-top-sm u-container-layout-1\">\n<p class=\"u-align-left-lg u-align-left-md u-align-left-sm u-align-left-xl u-align-left-xxl u-text u-text-2\">M\u00e1rt t\u00f6bb mint 35 \u00e9ve az \u00e1rny\u00e9kol\u00e1stechnika piacvezet\u0151i k\u00f6z\u00e9 tartozunk<\/p>\n<\/div>\n<\/div>\n\n\t\t\t\t<\/div>\n\t\t\t\n\t\t\t\t\n\t\t\t\t<div class=\"cell\" style=\"\">\n\n\t\t\t\t\t\n\t\t\t\t\t\t<div class=\"icon-title\">\n\n\t\t\t\t\t\t\t\t\t\t\t\t\t\t\t<img decoding=\"async\" src=\"https:\/\/nevask.eu\/wp-content\/uploads\/2025\/07\/596092-cee06a0f.png.webp\" alt=\"piktogram - ampli\u00f3n\">\n\t\t\t\t\t\t\t\n\t\t\t\t\t\t\t\t\t\t\t\t\t\t\t<h3 class=\"h5\">Kiv\u00e1l\u00f3 min\u0151s\u00e9g\u0171 tartoz\u00e9kok<\/h3>\n\t\t\t\t\t\t\t\n\t\t\t\t\t\t<\/div>\n\n\t\t\t\t\t\n\n\n\t\t\t\t\t<div class=\"u-align-left u-container-align-left u-container-style u-layout-cell u-size-20-lg u-size-20-md u-size-20-sm u-size-20-xl u-size-20-xxl u-size-60-xs u-layout-cell-2\">\n<div class=\"u-container-layout u-container-layout-2\">\n<p class=\"u-text u-text-4\">A zsaluzi\u00e1k vil\u00e1gsz\u00ednvonal\u00fa g\u00e9peken k\u00e9sz\u00fclnek.<\/p>\n<\/div>\n<\/div>\n\n\t\t\t\t<\/div>\n\t\t\t\n\t\t\t\t\n\t\t\t\t<div class=\"cell\" style=\"\">\n\n\t\t\t\t\t\n\t\t\t\t\t\t<div class=\"icon-title\">\n\n\t\t\t\t\t\t\t\t\t\t\t\t\t\t\t<img decoding=\"async\" src=\"https:\/\/nevask.eu\/wp-content\/uploads\/2025\/07\/810024-6c79252f.png.webp\" alt=\"piktogram - lakovanie, striekanie\">\n\t\t\t\t\t\t\t\n\t\t\t\t\t\t\t\t\t\t\t\t\t\t\t<h3 class=\"h5\">Saj\u00e1t porsz\u00f3r\u00f3 fest\u0151\u00fczem<\/h3>\n\t\t\t\t\t\t\t\n\t\t\t\t\t\t<\/div>\n\n\t\t\t\t\t\n\n\n\t\t\t\t\t<div class=\"data-layout-selected u-clearfix u-expanded-width u-layout-custom-sm u-layout-custom-xs u-layout-wrap u-layout-wrap-1\">\n<div class=\"u-layout\">\n<div class=\"u-layout-row\">\n<div class=\"u-align-left u-container-align-left u-container-style u-layout-cell u-right-cell u-size-20-lg u-size-20-md u-size-20-sm u-size-20-xl u-size-20-xxl u-size-60-xs u-layout-cell-3\">\n<div class=\"u-container-layout u-container-layout-3\">\n<p class=\"u-text u-text-6\">Saj\u00e1t fest\u0151\u00fczem lehet\u0151v\u00e9 teszi a r\u00f6vid gy\u00e1rt\u00e1si hat\u00e1rid\u00f6k betart\u00e1s\u00e1t.<\/p>\n<\/div>\n<\/div>\n<\/div>\n<\/div>\n<\/div>\n\n\t\t\t\t<\/div>\n\t\t\t\n\t\t\t\t\n\t\t\t\t<div class=\"cell\" style=\"\">\n\n\t\t\t\t\t\n\t\t\t\t\t\t<div class=\"icon-title\">\n\n\t\t\t\t\t\t\t\t\t\t\t\t\t\t\t<img decoding=\"async\" src=\"https:\/\/nevask.eu\/wp-content\/uploads\/2025\/07\/1945923-e94f5fc8.png.webp\" alt=\"Piktogram - dokumenty\">\n\t\t\t\t\t\t\t\n\t\t\t\t\t\t\t\t\t\t\t\t\t\t\t<h3 class=\"h5\">M\u0171szaki k\u00e9zik\u00f6nyv<\/h3>\n\t\t\t\t\t\t\t\n\t\t\t\t\t\t<\/div>\n\n\t\t\t\t\t\n\n\n\t\t\t\t\t<div class=\"u-align-center-xs u-container-style u-layout-cell u-left-cell u-size-20-lg u-size-20-md u-size-20-sm u-size-20-xl u-size-20-xxl u-size-60-xs u-layout-cell-4\">\n<div class=\"u-container-layout u-valign-top-md u-valign-top-sm u-valign-top-xs u-container-layout-4\">\n<p class=\"u-align-left-lg u-align-left-md u-align-left-sm u-align-left-xl u-align-left-xxl u-text u-text-8\">M\u0171szaki k\u00e9zik\u00f6nyv nyomtatott \u00e9s elektronikus form\u00e1ban, melyet rendszeresen friss\u00edt\u00fcnk \u00e9s t\u00f6bb nyelvre ford\u00edtunk.<\/p>\n<\/div>\n<\/div>\n\n\t\t\t\t<\/div>\n\t\t\t\n\t\t\t\t\n\t\t\t\t<div class=\"cell\" style=\"\">\n\n\t\t\t\t\t\n\t\t\t\t\t\t<div class=\"icon-title\">\n\n\t\t\t\t\t\t\t\t\t\t\t\t\t\t\t<img decoding=\"async\" src=\"https:\/\/nevask.eu\/wp-content\/uploads\/2025\/07\/6657216-a73c2944-1.png.webp\" alt=\"piktogram - \">\n\t\t\t\t\t\t\t\n\t\t\t\t\t\t\t\t\t\t\t\t\t\t\t<h3 class=\"h5\">Egyedi zsaluzi\u00e1k<\/h3>\n\t\t\t\t\t\t\t\n\t\t\t\t\t\t<\/div>\n\n\t\t\t\t\t\n\n\n\t\t\t\t\t<div class=\"u-align-left-sm u-align-left-xs u-container-style u-layout-cell u-size-20-lg u-size-20-md u-size-20-sm u-size-20-xl u-size-20-xxl u-size-60-xs u-layout-cell-5\">\n<div class=\"u-container-layout u-valign-middle-xxl u-valign-top-md u-valign-top-sm u-valign-top-xs u-container-layout-5\">\n<p class=\"u-align-left-lg u-align-left-md u-align-left-xl u-align-left-xxl u-text u-text-10\">Egyedi, m\u00e9retre gy\u00e1rtott zsaluzi\u00e1k.<\/p>\n<\/div>\n<\/div>\n\n\t\t\t\t<\/div>\n\t\t\t\n\t\t\t\t\n\t\t\t\t<div class=\"cell\" style=\"\">\n\n\t\t\t\t\t\n\t\t\t\t\t\t<div class=\"icon-title\">\n\n\t\t\t\t\t\t\t\t\t\t\t\t\t\t\t<img decoding=\"async\" src=\"https:\/\/nevask.eu\/wp-content\/uploads\/2025\/07\/66163-fb0876ab-e1752145793790.png\" alt=\"piktogram - \u010das, term\u00edny\">\n\t\t\t\t\t\t\t\n\t\t\t\t\t\t\t\t\t\t\t\t\t\t\t<h3 class=\"h5\">R\u00f6vid gy\u00e1rt\u00e1si hat\u00e1rid\u0151k<\/h3>\n\t\t\t\t\t\t\t\n\t\t\t\t\t\t<\/div>\n\n\t\t\t\t\t\n\n\n\t\t\t\t\t<section id=\"sec-3f03\" class=\"u-align-center u-clearfix u-container-align-center u-section-4\">\n<div class=\"u-clearfix u-sheet u-valign-middle-lg u-valign-middle-xl u-valign-middle-xxl u-sheet-1\">\n<div class=\"data-layout-selected u-clearfix u-expanded-width u-layout-custom-sm u-layout-custom-xs u-layout-wrap u-layout-wrap-2\">\n<div class=\"u-layout\">\n<div class=\"u-layout-row\">\n<div class=\"u-align-left u-container-align-left u-container-style u-layout-cell u-right-cell u-size-20-lg u-size-20-md u-size-20-sm u-size-20-xl u-size-20-xxl u-size-60-xs u-layout-cell-6\">\n<div class=\"u-container-layout u-valign-top-md u-valign-top-sm u-container-layout-6\">\n<p class=\"u-text u-text-12\">A kell\u00f6 rakt\u00e1rk\u00e9szletnek k\u00f6sz\u00f6nhet\u00f6en szezonban is tartani tudjuk a r\u00f6vid gy\u00e1rt\u00e1si hat\u00e1rid\u00f6ket.<\/p>\n<\/div>\n<\/div>\n<\/div>\n<\/div>\n<\/div>\n<\/div>\n<\/section>\n\n\t\t\t\t<\/div>\n\t\t\t\n\t\t\n\t<\/div>\n\n\n\n\t\n<\/div>\n\n\n\n\n\n<div class=\"section white\">\n\t<div class=\"container\">\n\t\t<div class=\"cell\">\n\t\t\t<hr class=\"separator\">\n\t\t<\/div>\n\t<\/div>\n<\/div>\n\n\n\n\n\n\n\n\n<div  class=\"section white\">\n\t<div class=\"container cols-60p-40p\">\n\n\t\t\n\n\n\t\t<div class=\"cell\">\n\n\t\t\t<h3 class=\"u-text u-text-palette-1-base u-text-1\">BIM konfigur\u00e1tor<\/h3>\n<h5 class=\"u-text u-text-palette-1-base u-text-2\">K\u00fclt\u00e9ri zsaluzia\u200b \u00e9s Zipscreen\u00a0konfigur\u00e1tor<\/h5>\n<div class=\"u-align-left u-container-align-left u-container-style u-layout-cell u-right-cell u-size-30 u-layout-cell-1\">\n<div class=\"u-container-layout u-container-layout-1\">\n<p class=\"u-text u-text-3\">A BIM konfigur\u00e1torunk egy olyan eszk\u00f6z, amely lehet\u0151v\u00e9 teszi term\u00e9keink l\u00e9trehoz\u00e1s\u00e1t \u00e9s megjelen\u00edt\u00e9s\u00e9t az ArchiCAD \u00e9s Revit programokban az \u00d6n \u00e1ltal meghat\u00e1rozott kivitelben. A konfigur\u00e1tor seg\u00edts\u00e9g\u00e9vel k\u00f6nnyed\u00e9n be\u00e1ll\u00edthat k\u00fcl\u00f6nf\u00e9le param\u00e9tereket, mint p\u00e9ld\u00e1ul a m\u00e9retet, alapanyagot, sz\u00ednt, vez\u00e9rl\u00e9st, valamint a term\u00e9kek be\u00e9p\u00edt\u00e9s\u00e9t.<\/p>\n<\/div>\n<\/div>\n\n\t\t\t\t\t\t\t<a href=\"https:\/\/catalog3d.app.bimproject.cloud\/neva\/5da31d60ef43230011bcad37\" target=\"_blank\" class=\"button\">Konfigur\u00e1tor<\/a>\n\t\t\t\n\t\t<\/div>\n\n\n\n\t\t\n\t\t\t<div class=\"cell left top\">\n\t\t\t\t<img decoding=\"async\" src=\"https:\/\/nevask.eu\/wp-content\/uploads\/2025\/07\/bpc-logo-yellow.webp\" alt=\"\">\n\t\t\t<\/div>\n\n\t\t\n\t<\/div>\n<\/div>\n\n\n\n\n\n\n\n\n<div  class=\"section white\">\n\t<div class=\"container cols-40p-60p\">\n\n\t\t\n\t\t\t<div class=\"cell left top\">\n\t\t\t\t<img decoding=\"async\" src=\"https:\/\/nevask.eu\/wp-content\/uploads\/2025\/07\/stante-sa-partnerom-neva-1-1024x576.webp\" alt=\"\">\n\t\t\t<\/div>\n\n\t\t\n\n\n\t\t<div class=\"cell\">\n\n\t\t\t<h5 class=\"u-text u-text-palette-1-base u-text-4\">Hogyan haszn\u00e1lhatja a konfigur\u00e1tort?<\/h5>\n<ul class=\"u-text u-text-5\">\n<li>A konfigur\u00e1tor val\u00f3s\u00e1gh\u0171 vizualiz\u00e1ci\u00f3t gener\u00e1l, amely lehet\u0151v\u00e9 teszi a term\u00e9k v\u00e9gs\u0151 kivitel\u00e9nek megtekint\u00e9s\u00e9t..<\/li>\n<li>K\u00fcl\u00f6nb\u00f6z\u0151 n\u00e9z\u0151pontokat k\u00edn\u00e1l, melyekben m\u00f3dos\u00edthatja a lamell\u00e1k d\u0151l\u00e9ssz\u00f6g\u00e9t, \u00e9s felm\u00e9rheti, hogy a zsaluzi\u00e1k milyen m\u00e9rt\u00e9kben befoly\u00e1solj\u00e1k az \u00e9p\u00fclet arculat\u00e1t, amikor azokat a BIM rendszerben egy \u00e9p\u00edt\u00e9si projektbe import\u00e1lja.<\/li>\n<li>A konfigur\u00e1tornak k\u00f6sz\u00f6nhet\u0151en pontos inform\u00e1ci\u00f3kat kap a term\u00e9kek m\u0171szaki adatair\u00f3l \u00e9s egy\u00e9b fontos param\u00e9terekr\u0151l, ami n\u00f6veli tervez\u00e9s pontoss\u00e1g\u00e1t.<\/li>\n<li>A konfigur\u00e1tor mind telep\u00edt\u0151 partnereinknek, mind tervez\u0151knek vagy \u00e9p\u00edt\u00e9szeknek k\u00e9sz\u00fclt.<\/li>\n<\/ul>\n<p>&nbsp;<\/p>\n\n\t\t\t\n\t\t<\/div>\n\n\n\n\t\t\n\t<\/div>\n<\/div>\n\n\n\n\n\n<div  class=\"section tint\">\n\n\t\n\n\n\t\n\t<div class=\"container cols-25p text-blocks\" style=\"\">\n\n\t\t\n\t\t\t\n\t\t\t\t\n\t\t\t\t<div class=\"cell\" style=\"\">\n\n\t\t\t\t\t\n\t\t\t\t\t\t<div class=\"icon-title\">\n\n\t\t\t\t\t\t\t\t\t\t\t\t\t\t\t<img decoding=\"async\" src=\"https:\/\/nevask.eu\/wp-content\/uploads\/2025\/06\/icon-placeholder.png\" alt=\"piktogram - \">\n\t\t\t\t\t\t\t\n\t\t\t\t\t\t\t\t\t\t\t\t\t\t\t<h3 class=\"h5\">Rajzok<\/h3>\n\t\t\t\t\t\t\t\n\t\t\t\t\t\t<\/div>\n\n\t\t\t\t\t\n\n\n\t\t\t\t\t<div class=\"u-container-style u-layout-cell u-size-15-lg u-size-15-md u-size-15-xl u-size-15-xxl u-size-30-sm u-size-30-xs u-layout-cell-1\">\n<div class=\"u-container-layout u-container-layout-1\">\n<p class=\"u-align-center-sm u-align-center-xs u-align-left-lg u-align-left-md u-align-left-xl u-align-left-xxl u-text u-text-2\">Weboldalunkon tal\u00e1lhat\u00f3k m\u0171szaki rajzok, k\u00e9r\u00e9sre DWG form\u00e1tumban is.<\/p>\n<\/div>\n<\/div>\n\n\t\t\t\t<\/div>\n\t\t\t\n\t\t\t\t\n\t\t\t\t<div class=\"cell\" style=\"\">\n\n\t\t\t\t\t\n\t\t\t\t\t\t<div class=\"icon-title\">\n\n\t\t\t\t\t\t\t\t\t\t\t\t\t\t\t<img decoding=\"async\" src=\"https:\/\/nevask.eu\/wp-content\/uploads\/2025\/07\/1606186-2289c0a8.png.webp\" alt=\"Piktogram - vzorkovn\u00edk farieb\">\n\t\t\t\t\t\t\t\n\t\t\t\t\t\t\t\t\t\t\t\t\t\t\t<h3 class=\"h5\">Mint\u00e1k<\/h3>\n\t\t\t\t\t\t\t\n\t\t\t\t\t\t<\/div>\n\n\t\t\t\t\t\n\n\n\t\t\t\t\t<div class=\"u-container-style u-layout-cell u-size-15-lg u-size-15-md u-size-15-xl u-size-15-xxl u-size-30-sm u-size-30-xs u-layout-cell-2\">\n<div class=\"u-container-layout u-container-layout-2\">\n<p class=\"u-align-center-sm u-align-center-xs u-align-left-lg u-align-left-md u-align-left-xl u-align-left-xxl u-text u-text-4\">T\u00f6bbf\u00e9le mint\u00e1t biztos\u00edtunk bemutat\u00f3ter\u00e9be.<\/p>\n<\/div>\n<\/div>\n\n\t\t\t\t<\/div>\n\t\t\t\n\t\t\t\t\n\t\t\t\t<div class=\"cell\" style=\"\">\n\n\t\t\t\t\t\n\t\t\t\t\t\t<div class=\"icon-title\">\n\n\t\t\t\t\t\t\t\t\t\t\t\t\t\t\t<img decoding=\"async\" src=\"https:\/\/nevask.eu\/wp-content\/uploads\/2025\/07\/244210-4a2be71e.png.webp\" alt=\"piktogram - mobiln\u00fd telefon\">\n\t\t\t\t\t\t\t\n\t\t\t\t\t\t\t\t\t\t\t\t\t\t\t<h3 class=\"h5\">NEVA alkalmaz\u00e1s<\/h3>\n\t\t\t\t\t\t\t\n\t\t\t\t\t\t<\/div>\n\n\t\t\t\t\t\n\n\n\t\t\t\t\t<div class=\"u-container-style u-layout-cell u-size-15-lg u-size-15-md u-size-15-xl u-size-15-xxl u-size-30-sm u-size-30-xs u-layout-cell-3\">\n<div class=\"u-container-layout u-container-layout-3\">\n<p class=\"u-align-left u-text u-text-6\">NEVA App alkalmaz\u00e1s iOS \u00e9s Android oper\u00e1ci\u00f3s rendszerhez is.<\/p>\n<\/div>\n<\/div>\n\n\t\t\t\t<\/div>\n\t\t\t\n\t\t\t\t\n\t\t\t\t<div class=\"cell\" style=\"\">\n\n\t\t\t\t\t\n\t\t\t\t\t\t<div class=\"icon-title\">\n\n\t\t\t\t\t\t\t\t\t\t\t\t\t\t\t<img decoding=\"async\" src=\"https:\/\/nevask.eu\/wp-content\/uploads\/2025\/07\/2541979-4205f55d.png.webp\" alt=\"Piktogram h\u00e1rky papiera\">\n\t\t\t\t\t\t\t\n\t\t\t\t\t\t\t\t\t\t\t\t\t\t\t<h3 class=\"h5\">Marketing anyagok<\/h3>\n\t\t\t\t\t\t\t\n\t\t\t\t\t\t<\/div>\n\n\t\t\t\t\t\n\n\n\t\t\t\t\t<section id=\"sec-7893\" class=\"u-clearfix u-custom-color-2 u-section-7\">\n<div class=\"u-clearfix u-sheet u-valign-middle-lg u-sheet-1\">\n<div class=\"u-clearfix u-expanded-width u-gutter-0 u-layout-custom-sm u-layout-custom-xs u-layout-wrap u-layout-wrap-1\">\n<div class=\"u-gutter-0 u-layout\">\n<div class=\"u-layout-row\">\n<div class=\"cell-temp-clone u-container-style u-layout-cell u-size-15-lg u-size-15-md u-size-15-xl u-size-15-xxl u-size-30-sm u-size-30-xs u-layout-cell-4\">\n<div class=\"u-container-layout u-container-layout-4\">\n<p class=\"u-align-left u-text u-text-8\">Prospektusok \u00e9s katal\u00f3gusok el\u00e9rhet\u00f6k nyomtatott \u00e9s elektronikus form\u00e1ban. K\u00e9r\u00e9sre ny\u00fajtunk anyagot weboldal fejleszt\u00e9shez is.<\/p>\n<\/div>\n<\/div>\n<\/div>\n<\/div>\n<\/div>\n<\/div>\n<\/section>\n\n\t\t\t\t<\/div>\n\t\t\t\n\t\t\n\t<\/div>\n\n\n\n\t\n<\/div>\n\n\n\n\n\n<div class=\"section white\">\n\t<div class=\"container\">\n\t\t<div class=\"cell\">\n\t\t\t<hr class=\"separator\">\n\t\t<\/div>\n\t<\/div>\n<\/div>\n\n\n\n\n\n<div  class=\"section hero\">\n\t<div class=\"container col-45p\">\n\t\t<div class=\"cell dark \">\n\n\t\t\t<h1 class=\"u-text u-text-palette-2-base u-title u-text-1\">Legyen a partner\u00fcnk<\/h1>\n<section id=\"sec-11d9\" class=\"u-clearfix u-image u-section-9\" data-image-width=\"1500\" data-image-height=\"1000\">\n<div class=\"u-clearfix u-sheet u-sheet-1\">\n<div class=\"custom-expanded u-align-center u-container-align-center u-container-style u-custom-color-2 u-group u-opacity u-opacity-90 u-group-1\">\n<div class=\"u-container-layout u-container-layout-1\">\n<p class=\"u-large-text u-text u-text-variant u-text-2\">Munk\u00e1juk k\u00f6nny\u00edt\u00e9se \u00e9rdek\u00e9ben tov\u00e1bbk\u00e9pz\u00e9seket, aplik\u00e1ci\u00f3kat \u00e9s m\u0171szaki anyagokak biztos\u00edtunk.<\/p>\n<\/div>\n<\/div>\n<\/div>\n<\/section>\n\n\t\t\t\t\t\t\t<a href=\"https:\/\/nevask.eu\/hu\/legyen-a-partnerunk\/\" target=\"\" class=\"button\"> Legyen a partner\u00fcnk m\u00e9g ma&#8230;<\/a>\n\t\t\t\n\t\t<\/div>\n\n\n\n\t\t<div class=\"bg-hero-slider\">\n\n\t\t\t\n\t\t\t\t\t\t\t\t\t<img decoding=\"async\" width=\"1500\" height=\"1000\" src=\"https:\/\/nevask.eu\/wp-content\/uploads\/2025\/07\/centrala-nevask.webp\" class=\"bg-hero\" alt=\"\u0160kolenie k vonkaj\u0161\u00edm \u017eal\u00fazi\u00e1m NEVA\" fetchpriority=\"high\" srcset=\"https:\/\/nevask.eu\/wp-content\/uploads\/2025\/07\/centrala-nevask.webp 1500w, https:\/\/nevask.eu\/wp-content\/uploads\/2025\/07\/centrala-nevask-300x200.webp 300w, https:\/\/nevask.eu\/wp-content\/uploads\/2025\/07\/centrala-nevask-1024x683.webp 1024w, https:\/\/nevask.eu\/wp-content\/uploads\/2025\/07\/centrala-nevask-768x512.webp 768w\" sizes=\"(max-width: 1500px) 100vw, 1500px\" \/>\t\t\t\t\n\t\t\t\n\t\t<\/div>\n\t<\/div>\n<\/div>\n","protected":false},"excerpt":{"rendered":"","protected":false},"author":52,"featured_media":0,"parent":209,"menu_order":0,"comment_status":"closed","ping_status":"closed","template":"","meta":{"_acf_changed":false,"inline_featured_image":false,"footnotes":""},"class_list":["post-6016","page","type-page","status-publish","hentry"],"acf":[],"yoast_head":"<!-- This site is optimized with the Yoast SEO plugin v27.5 - https:\/\/yoast.com\/product\/yoast-seo-wordpress\/ -->\n<title>A NEVA el\u0151nyei \u00e9p\u00edt\u00e9szek \u00e9s tervez\u0151k sz\u00e1m\u00e1ra | NEVA<\/title>\n<meta name=\"description\" content=\"A NEVA zsaluzi\u00e1k a vil\u00e1g 42 orsz\u00e1g ablakain megtal\u00e1lhat\u00f3ak. Megb\u00edzhat\u00f3an \u00e1rny\u00e9kolj\u00e1k a csal\u00e1di h\u00e1zakat, modern irodah\u00e1zakat, lak\u00f3h\u00e1zakat \u00e9s bev\u00e1s\u00e1rl\u00f3k\u00f6zpontokat.\" \/>\n<meta name=\"robots\" content=\"index, follow, max-snippet:-1, max-image-preview:large, max-video-preview:-1\" \/>\n<link rel=\"canonical\" href=\"https:\/\/nevask.eu\/hu\/neva-bemutatkozasa\/elonyok-tervezok-es-epiteszek-szamara\/\" \/>\n<meta property=\"og:locale\" content=\"hu_HU\" \/>\n<meta property=\"og:type\" content=\"article\" \/>\n<meta property=\"og:title\" content=\"A NEVA el\u0151nyei \u00e9p\u00edt\u00e9szek \u00e9s tervez\u0151k sz\u00e1m\u00e1ra | NEVA\" \/>\n<meta property=\"og:description\" content=\"A NEVA zsaluzi\u00e1k a vil\u00e1g 42 orsz\u00e1g ablakain megtal\u00e1lhat\u00f3ak. Megb\u00edzhat\u00f3an \u00e1rny\u00e9kolj\u00e1k a csal\u00e1di h\u00e1zakat, modern irodah\u00e1zakat, lak\u00f3h\u00e1zakat \u00e9s bev\u00e1s\u00e1rl\u00f3k\u00f6zpontokat.\" \/>\n<meta property=\"og:url\" content=\"https:\/\/nevask.eu\/hu\/neva-bemutatkozasa\/elonyok-tervezok-es-epiteszek-szamara\/\" \/>\n<meta property=\"og:site_name\" content=\"NEVA\" \/>\n<meta property=\"article:modified_time\" content=\"2025-09-10T08:31:19+00:00\" \/>\n<meta name=\"twitter:card\" content=\"summary_large_image\" \/>\n<meta name=\"twitter:label1\" content=\"Becs\u00fclt olvas\u00e1si id\u0151\" \/>\n\t<meta name=\"twitter:data1\" content=\"5 perc\" \/>\n<!-- \/ Yoast SEO plugin. -->","yoast_head_json":{"title":"A NEVA el\u0151nyei \u00e9p\u00edt\u00e9szek \u00e9s tervez\u0151k sz\u00e1m\u00e1ra | NEVA","description":"A NEVA zsaluzi\u00e1k a vil\u00e1g 42 orsz\u00e1g ablakain megtal\u00e1lhat\u00f3ak. Megb\u00edzhat\u00f3an \u00e1rny\u00e9kolj\u00e1k a csal\u00e1di h\u00e1zakat, modern irodah\u00e1zakat, lak\u00f3h\u00e1zakat \u00e9s bev\u00e1s\u00e1rl\u00f3k\u00f6zpontokat.","robots":{"index":"index","follow":"follow","max-snippet":"max-snippet:-1","max-image-preview":"max-image-preview:large","max-video-preview":"max-video-preview:-1"},"canonical":"https:\/\/nevask.eu\/hu\/neva-bemutatkozasa\/elonyok-tervezok-es-epiteszek-szamara\/","og_locale":"hu_HU","og_type":"article","og_title":"A NEVA el\u0151nyei \u00e9p\u00edt\u00e9szek \u00e9s tervez\u0151k sz\u00e1m\u00e1ra | NEVA","og_description":"A NEVA zsaluzi\u00e1k a vil\u00e1g 42 orsz\u00e1g ablakain megtal\u00e1lhat\u00f3ak. Megb\u00edzhat\u00f3an \u00e1rny\u00e9kolj\u00e1k a csal\u00e1di h\u00e1zakat, modern irodah\u00e1zakat, lak\u00f3h\u00e1zakat \u00e9s bev\u00e1s\u00e1rl\u00f3k\u00f6zpontokat.","og_url":"https:\/\/nevask.eu\/hu\/neva-bemutatkozasa\/elonyok-tervezok-es-epiteszek-szamara\/","og_site_name":"NEVA","article_modified_time":"2025-09-10T08:31:19+00:00","twitter_card":"summary_large_image","twitter_misc":{"Becs\u00fclt olvas\u00e1si id\u0151":"5 perc"},"schema":{"@context":"https:\/\/schema.org","@graph":[{"@type":"WebPage","@id":"https:\/\/nevask.eu\/hu\/neva-bemutatkozasa\/elonyok-tervezok-es-epiteszek-szamara\/","url":"https:\/\/nevask.eu\/hu\/neva-bemutatkozasa\/elonyok-tervezok-es-epiteszek-szamara\/","name":"A NEVA el\u0151nyei \u00e9p\u00edt\u00e9szek \u00e9s tervez\u0151k sz\u00e1m\u00e1ra | NEVA","isPartOf":{"@id":"https:\/\/nevask.eu\/hu\/#website"},"datePublished":"2025-07-09T11:50:19+00:00","dateModified":"2025-09-10T08:31:19+00:00","description":"A NEVA zsaluzi\u00e1k a vil\u00e1g 42 orsz\u00e1g ablakain megtal\u00e1lhat\u00f3ak. Megb\u00edzhat\u00f3an \u00e1rny\u00e9kolj\u00e1k a csal\u00e1di h\u00e1zakat, modern irodah\u00e1zakat, lak\u00f3h\u00e1zakat \u00e9s bev\u00e1s\u00e1rl\u00f3k\u00f6zpontokat.","breadcrumb":{"@id":"https:\/\/nevask.eu\/hu\/neva-bemutatkozasa\/elonyok-tervezok-es-epiteszek-szamara\/#breadcrumb"},"inLanguage":"hu","potentialAction":[{"@type":"ReadAction","target":["https:\/\/nevask.eu\/hu\/neva-bemutatkozasa\/elonyok-tervezok-es-epiteszek-szamara\/"]}]},{"@type":"BreadcrumbList","@id":"https:\/\/nevask.eu\/hu\/neva-bemutatkozasa\/elonyok-tervezok-es-epiteszek-szamara\/#breadcrumb","itemListElement":[{"@type":"ListItem","position":1,"name":"Home","item":"https:\/\/nevask.eu\/hu\/"},{"@type":"ListItem","position":2,"name":"NEVA bemutatkoz\u00e1sa","item":"https:\/\/nevask.eu\/hu\/neva-bemutatkozasa\/"},{"@type":"ListItem","position":3,"name":"El\u0151ny\u00f6k tervez\u0151k \u00e9s \u00e9p\u00edt\u00e9szek sz\u00e1m\u00e1ra"}]},{"@type":"WebSite","@id":"https:\/\/nevask.eu\/hu\/#website","url":"https:\/\/nevask.eu\/hu\/","name":"NEVA","description":"Vonkaj\u0161ie \u017eal\u00fazie a screenov\u00e9 rolety","potentialAction":[{"@type":"SearchAction","target":{"@type":"EntryPoint","urlTemplate":"https:\/\/nevask.eu\/hu\/?s={search_term_string}"},"query-input":{"@type":"PropertyValueSpecification","valueRequired":true,"valueName":"search_term_string"}}],"inLanguage":"hu"}]}},"_links":{"self":[{"href":"https:\/\/nevask.eu\/hu\/wp-json\/wp\/v2\/pages\/6016","targetHints":{"allow":["GET"]}}],"collection":[{"href":"https:\/\/nevask.eu\/hu\/wp-json\/wp\/v2\/pages"}],"about":[{"href":"https:\/\/nevask.eu\/hu\/wp-json\/wp\/v2\/types\/page"}],"author":[{"embeddable":true,"href":"https:\/\/nevask.eu\/hu\/wp-json\/wp\/v2\/users\/52"}],"replies":[{"embeddable":true,"href":"https:\/\/nevask.eu\/hu\/wp-json\/wp\/v2\/comments?post=6016"}],"version-history":[{"count":3,"href":"https:\/\/nevask.eu\/hu\/wp-json\/wp\/v2\/pages\/6016\/revisions"}],"predecessor-version":[{"id":9911,"href":"https:\/\/nevask.eu\/hu\/wp-json\/wp\/v2\/pages\/6016\/revisions\/9911"}],"up":[{"embeddable":true,"href":"https:\/\/nevask.eu\/hu\/wp-json\/wp\/v2\/pages\/209"}],"wp:attachment":[{"href":"https:\/\/nevask.eu\/hu\/wp-json\/wp\/v2\/media?parent=6016"}],"curies":[{"name":"wp","href":"https:\/\/api.w.org\/{rel}","templated":true}]}}