{"id":6024,"date":"2025-07-07T12:57:07","date_gmt":"2025-07-07T10:57:07","guid":{"rendered":"https:\/\/nevask.eu\/?page_id=6024"},"modified":"2025-09-11T11:45:10","modified_gmt":"2025-09-11T09:45:10","slug":"okosotthon-vezerles-somfy","status":"publish","type":"page","link":"https:\/\/nevask.eu\/hu\/okosotthon-vezerles\/okosotthon-vezerles-somfy\/","title":{"rendered":"Somfy okosotthon vez\u00e9rl\u00e9sek"},"content":{"rendered":"\n\n\n\n\n\n<div class=\"section narrow white\">\n\t<div class=\"container\">\n\t\t<div class=\"cell\">\n\t\t\t<ul class=\"breadcrumbs\">\n\t\t\t\t<li><a href=\"https:\/\/nevask.eu\/hu\/\">Home<\/a><\/li>\n\n\t\t\t\t\n\t\t\t<\/ul>\n\t\t<\/div>\n\t<\/div>\n<\/div>\n\n\n\n\n\n<div  class=\"section full-image\">\n\t<div class=\"container\">\n\t\t<div class=\"cell image h420\">\n\n\t\t\t\t\t\t\t<img decoding=\"async\" src=\"https:\/\/nevask.eu\/wp-content\/uploads\/2025\/07\/roma-header-somfy-TaHoma_Switch-e1751885875861.jpg.webp\" alt=\"\">\n\t\t\t\n\t\t<\/div>\n\t<\/div>\n<\/div>\n\n\n\n\n\n\n\n\n<div  class=\"section white\">\n\t<div class=\"container cols-50p\">\n\n\t\t\n\n\n\t\t<div class=\"cell\">\n\n\t\t\t<h1 class=\"u-align-left u-text u-text-1\">SOMFY<br \/>\nInteligens k\u00fclt\u00e9ri \u00e1rny\u00e9kol\u00e1s<\/h1>\n<p class=\"p1 p-large\"><span class=\"s1\">A\u00a0Somfy motorral szerelt k\u00fclt\u00e9ri zsaluzi\u00e1i \u00e9s zipscreenjei energiahat\u00e9konyak, fokozott biztons\u00e1got \u00e9s maxim\u00e1lis k\u00e9nyelmet biztos\u00edtanak az \u00d6n sz\u00e1m\u00e1ra.<br \/>\n<\/span><\/p>\n<p><a href=\"https:\/\/nevask.eu\/hu\/kulteri-zsaluzia-neva\/\">Zsaluzi\u00e1khoz<\/a> \u00e9s\u00a0 <a href=\"https:\/\/nevask.eu\/hu\/screen-naphalo-neva\/\">zipscreenekhez<\/a> vil\u00e1gszerte \u00edgy Magyarorsz\u00e1gon is a Somfy motorok a legn\u00e9pszer\u0171bbek. A motorok mellett a Somfy sz\u00e9les v\u00e1laszt\u00e9kban k\u00edn\u00e1l <a href=\"https:\/\/nevask.eu\/hu\/okosotthon-vezerles\/somfy-vezerlok\/\">falikapcsol\u00f3kat \u00e9s t\u00e1vir\u00e1ny\u00edt\u00f3kat<\/a>, valamint praktikus \u00e9rz\u00e9kel\u0151ket.<\/p>\n<p>Szeretn\u00e9 b\u00e1rhonnan ir\u00e1ny\u00edtani \u00e9s ellen\u0151rizni az \u00e1rny\u00e9kol\u00e1s\u00e1t okostelefonr\u00f3l, tabletr\u0151l vagy sz\u00e1m\u00edt\u00f3g\u00e9pr\u0151l? Ezt a lehet\u0151s\u00e9get a Somfy TaHoma\u00ae intelligens rendszer biztos\u00edtja.<\/p>\n<h2 class=\"u-text u-text-1\">Somfy TaHoma\u00ae Switch<\/h2>\n<p class=\"u-text u-text-2\">A k\u00fclt\u00e9ri \u00e1rny\u00e9kol\u00e1s\u00e1t \u00f6sszekapcsolja a Somfy vez\u00e9rl\u0151rendszer\u00e9vel, optimaliz\u00e1lja az energiafogyaszt\u00e1st \u00e9s jelent\u0151sen n\u00f6veli otthona k\u00e9nyelm\u00e9t.<\/p>\n<p>Az automatiz\u00e1l\u00e1s, id\u0151z\u00edt\u0151k \u00e9s \u00e9rz\u00e9kel\u0151k seg\u00edts\u00e9g\u00e9vel az \u00e1rny\u00e9kol\u00e1s alkalmazkodik napi rutinj\u00e1hoz \u00e9s az id\u0151j\u00e1r\u00e1shoz.<\/p>\n\n\t\t\t\n\t\t<\/div>\n\n\n\n\t\t\n\t\t\t<div class=\"cell center vcenter\">\n\t\t\t\t<img decoding=\"async\" src=\"https:\/\/nevask.eu\/wp-content\/uploads\/2025\/07\/tahoma_switch-1024x682.webp\" alt=\"Riadiaci syst\u00e9m TaHoma Switch a komfrotn\u00e9 ovl\u00e1danie \u017eal\u00fazi\u00ed mobilom\">\n\t\t\t<\/div>\n\n\t\t\n\t<\/div>\n<\/div>\n\n\n\n\n\n<div  class=\"section white\">\n\t<div class=\"container full left\">\n\t\t<div class=\"cell\">\n\t\t\t<p>A Somfy TaHoma\u00ae rendszer k\u00f6nnyed\u00e9n \u00f6sszekapcsolhat\u00f3 nemcsak a zsaluzi\u00e1kkal \u00e9s zipscreenekkel, hanem a gar\u00e1zs- \u00e9s bej\u00e1rati kapuval, valamint a h\u00e1z vil\u00e1g\u00edt\u00e1s\u00e1val vagy f\u0171t\u00e9s\u00e9vel is. K\u00fcl\u00f6nb\u00f6z\u0151 szcen\u00e1ri\u00f3kat \u00e1ll\u00edthat be minden szob\u00e1hoz \u00e9s napszakhoz \u2013 p\u00e9ld\u00e1ul \u201ch\u00e9tv\u00e9gi reggel\u201d.<\/p>\n<p>T\u00f6ltse le a TaHoma by Somfy alkalmaz\u00e1st okostelefonj\u00e1ra!<\/p>\n<p><a href=\"https:\/\/apps.apple.com\/sk\/app\/tahoma-by-somfy\/id1463391677\" target=\"_blank\" rel=\"noopener\"><img loading=\"lazy\" decoding=\"async\" class=\"wp-image-3265 size-full alignleft\" src=\"https:\/\/nevask.eu\/wp-content\/uploads\/2025\/07\/app-store_X-e1751887181241.png\" alt=\"\" width=\"150\" height=\"43\" \/><\/a><a href=\"https:\/\/play.google.com\/store\/apps\/details?id=com.somfy.homeapp&amp;hl=sk\" target=\"_blank\" rel=\"noopener\"><img loading=\"lazy\" decoding=\"async\" class=\"size-full wp-image-3268 alignleft\" src=\"https:\/\/nevask.eu\/wp-content\/uploads\/2025\/07\/google-play-e1751887150468.png\" alt=\"\" width=\"150\" height=\"44\" \/><\/a><\/p>\n\t\t<\/div>\n\t<\/div>\n<\/div>\n\n\n\n\n\n<div  class=\"section white\">\n\t<div class=\"container col-70p-center left\">\n\t\t<div class=\"cell\">\n\t\t\t\t\t<\/div>\n\t<\/div>\n<\/div>\n\n\n\n\n\n<div  class=\"section dark\">\n\t<div class=\"container full left\">\n\t\t<div class=\"cell\">\n\t\t\t<p><img loading=\"lazy\" decoding=\"async\" class=\"alignnone wp-image-2093\" src=\"https:\/\/nevask.eu\/wp-content\/uploads\/2025\/07\/hash-nevapartner_4-300x61.png\" alt=\"hashtag nevapartner - modr\u00e9 na bielom\" width=\"220\" height=\"44\" srcset=\"https:\/\/nevask.eu\/wp-content\/uploads\/2025\/07\/hash-nevapartner_4-300x61.png 300w, https:\/\/nevask.eu\/wp-content\/uploads\/2025\/07\/hash-nevapartner_4.png 689w\" sizes=\"auto, (max-width: 220px) 100vw, 220px\" \/><\/p>\n<p class=\"p-large\" style=\"text-align: left\">A <a href=\"https:\/\/nevask.eu\/predajcovia-neva\/\">#nevapartner h\u00e1l\u00f3zatba<\/a> tartoz\u00f3 viszontelad\u00f3 \u00e9s telep\u00edt\u0151 partnereink k\u00e9szs\u00e9ggel \u00e1llnak rendelkez\u00e9s\u00e9re, amennyiben m\u0171szaki tan\u00e1csra, vagy term\u00e9kmint\u00e1kra van sz\u00fcks\u00e9ge a legmegfelel\u0151bb NEVA \u00e1rny\u00e9kol\u00f3 kiv\u00e1laszt\u00e1s\u00e1hoz. Ezut\u00e1n m\u00e1r csak egy l\u00e9p\u00e9sre van az <a href=\"https:\/\/nevask.eu\/hu\/arajanlat\/\">\u00e1raj\u00e1nlat<\/a> kidolgoz\u00e1s\u00e1t\u00f3l.<\/p>\n\t\t<\/div>\n\t<\/div>\n<\/div>\n\n\n\n\n\n<div class=\"section white\">\n\t<div class=\"container\">\n\t\t<div class=\"cell\">\n\t\t\t<hr class=\"separator\">\n\t\t<\/div>\n\t<\/div>\n<\/div>\n","protected":false},"excerpt":{"rendered":"","protected":false},"author":52,"featured_media":0,"parent":6341,"menu_order":0,"comment_status":"closed","ping_status":"closed","template":"","meta":{"_acf_changed":false,"inline_featured_image":false,"footnotes":""},"class_list":["post-6024","page","type-page","status-publish","hentry"],"acf":[],"yoast_head":"<!-- This site is optimized with the Yoast SEO plugin v27.5 - https:\/\/yoast.com\/product\/yoast-seo-wordpress\/ -->\n<title>Somfy Tahoma okosotthon vez\u00e9rl\u00e9sek | nevask.eu<\/title>\n<meta name=\"description\" content=\"Kezeleje a zsaluzi\u00e1t vagy screen naph\u00e1l\u00f3t a Somfy Tahoma intelligens rendszerrel. K\u00e9nyelmesen, biztons\u00e1gosan \u00e9s energi\u00e1t megtakar\u00edtva.\" \/>\n<meta name=\"robots\" content=\"index, follow, max-snippet:-1, max-image-preview:large, max-video-preview:-1\" \/>\n<link rel=\"canonical\" href=\"https:\/\/nevask.eu\/hu\/okosotthon-vezerles\/okosotthon-vezerles-somfy\/\" \/>\n<meta property=\"og:locale\" content=\"hu_HU\" \/>\n<meta property=\"og:type\" content=\"article\" \/>\n<meta property=\"og:title\" content=\"Somfy Tahoma okosotthon vez\u00e9rl\u00e9sek | nevask.eu\" \/>\n<meta property=\"og:description\" content=\"Kezeleje a zsaluzi\u00e1t vagy screen naph\u00e1l\u00f3t a Somfy Tahoma intelligens rendszerrel. K\u00e9nyelmesen, biztons\u00e1gosan \u00e9s energi\u00e1t megtakar\u00edtva.\" \/>\n<meta property=\"og:url\" content=\"https:\/\/nevask.eu\/hu\/okosotthon-vezerles\/okosotthon-vezerles-somfy\/\" \/>\n<meta property=\"og:site_name\" content=\"NEVA\" \/>\n<meta property=\"article:modified_time\" content=\"2025-09-11T09:45:10+00:00\" \/>\n<meta name=\"twitter:card\" content=\"summary_large_image\" \/>\n<meta name=\"twitter:label1\" content=\"Becs\u00fclt olvas\u00e1si id\u0151\" \/>\n\t<meta name=\"twitter:data1\" content=\"3 perc\" \/>\n<!-- \/ Yoast SEO plugin. -->","yoast_head_json":{"title":"Somfy Tahoma okosotthon vez\u00e9rl\u00e9sek | nevask.eu","description":"Kezeleje a zsaluzi\u00e1t vagy screen naph\u00e1l\u00f3t a Somfy Tahoma intelligens rendszerrel. K\u00e9nyelmesen, biztons\u00e1gosan \u00e9s energi\u00e1t megtakar\u00edtva.","robots":{"index":"index","follow":"follow","max-snippet":"max-snippet:-1","max-image-preview":"max-image-preview:large","max-video-preview":"max-video-preview:-1"},"canonical":"https:\/\/nevask.eu\/hu\/okosotthon-vezerles\/okosotthon-vezerles-somfy\/","og_locale":"hu_HU","og_type":"article","og_title":"Somfy Tahoma okosotthon vez\u00e9rl\u00e9sek | nevask.eu","og_description":"Kezeleje a zsaluzi\u00e1t vagy screen naph\u00e1l\u00f3t a Somfy Tahoma intelligens rendszerrel. K\u00e9nyelmesen, biztons\u00e1gosan \u00e9s energi\u00e1t megtakar\u00edtva.","og_url":"https:\/\/nevask.eu\/hu\/okosotthon-vezerles\/okosotthon-vezerles-somfy\/","og_site_name":"NEVA","article_modified_time":"2025-09-11T09:45:10+00:00","twitter_card":"summary_large_image","twitter_misc":{"Becs\u00fclt olvas\u00e1si id\u0151":"3 perc"},"schema":{"@context":"https:\/\/schema.org","@graph":[{"@type":"WebPage","@id":"https:\/\/nevask.eu\/hu\/okosotthon-vezerles\/okosotthon-vezerles-somfy\/","url":"https:\/\/nevask.eu\/hu\/okosotthon-vezerles\/okosotthon-vezerles-somfy\/","name":"Somfy Tahoma okosotthon vez\u00e9rl\u00e9sek | nevask.eu","isPartOf":{"@id":"https:\/\/nevask.eu\/hu\/#website"},"datePublished":"2025-07-07T10:57:07+00:00","dateModified":"2025-09-11T09:45:10+00:00","description":"Kezeleje a zsaluzi\u00e1t vagy screen naph\u00e1l\u00f3t a Somfy Tahoma intelligens rendszerrel. K\u00e9nyelmesen, biztons\u00e1gosan \u00e9s energi\u00e1t megtakar\u00edtva.","breadcrumb":{"@id":"https:\/\/nevask.eu\/hu\/okosotthon-vezerles\/okosotthon-vezerles-somfy\/#breadcrumb"},"inLanguage":"hu","potentialAction":[{"@type":"ReadAction","target":["https:\/\/nevask.eu\/hu\/okosotthon-vezerles\/okosotthon-vezerles-somfy\/"]}]},{"@type":"BreadcrumbList","@id":"https:\/\/nevask.eu\/hu\/okosotthon-vezerles\/okosotthon-vezerles-somfy\/#breadcrumb","itemListElement":[{"@type":"ListItem","position":1,"name":"Home","item":"https:\/\/nevask.eu\/hu\/"},{"@type":"ListItem","position":2,"name":"Okosotthon vezerl\u00e9s","item":"https:\/\/nevask.eu\/hu\/okosotthon-vezerles\/"},{"@type":"ListItem","position":3,"name":"Somfy okosotthon vez\u00e9rl\u00e9sek"}]},{"@type":"WebSite","@id":"https:\/\/nevask.eu\/hu\/#website","url":"https:\/\/nevask.eu\/hu\/","name":"NEVA","description":"Vonkaj\u0161ie \u017eal\u00fazie a screenov\u00e9 rolety","potentialAction":[{"@type":"SearchAction","target":{"@type":"EntryPoint","urlTemplate":"https:\/\/nevask.eu\/hu\/?s={search_term_string}"},"query-input":{"@type":"PropertyValueSpecification","valueRequired":true,"valueName":"search_term_string"}}],"inLanguage":"hu"}]}},"_links":{"self":[{"href":"https:\/\/nevask.eu\/hu\/wp-json\/wp\/v2\/pages\/6024","targetHints":{"allow":["GET"]}}],"collection":[{"href":"https:\/\/nevask.eu\/hu\/wp-json\/wp\/v2\/pages"}],"about":[{"href":"https:\/\/nevask.eu\/hu\/wp-json\/wp\/v2\/types\/page"}],"author":[{"embeddable":true,"href":"https:\/\/nevask.eu\/hu\/wp-json\/wp\/v2\/users\/52"}],"replies":[{"embeddable":true,"href":"https:\/\/nevask.eu\/hu\/wp-json\/wp\/v2\/comments?post=6024"}],"version-history":[{"count":6,"href":"https:\/\/nevask.eu\/hu\/wp-json\/wp\/v2\/pages\/6024\/revisions"}],"predecessor-version":[{"id":10208,"href":"https:\/\/nevask.eu\/hu\/wp-json\/wp\/v2\/pages\/6024\/revisions\/10208"}],"up":[{"embeddable":true,"href":"https:\/\/nevask.eu\/hu\/wp-json\/wp\/v2\/pages\/6341"}],"wp:attachment":[{"href":"https:\/\/nevask.eu\/hu\/wp-json\/wp\/v2\/media?parent=6024"}],"curies":[{"name":"wp","href":"https:\/\/api.w.org\/{rel}","templated":true}]}}