{"id":6041,"date":"2025-07-07T15:11:06","date_gmt":"2025-07-07T13:11:06","guid":{"rendered":"https:\/\/nevask.eu\/?page_id=6041"},"modified":"2025-09-12T09:57:33","modified_gmt":"2025-09-12T07:57:33","slug":"okosotthon-vezerles-loxone","status":"publish","type":"page","link":"https:\/\/nevask.eu\/hu\/okosotthon-vezerles\/okosotthon-vezerles-loxone\/","title":{"rendered":"Loxone okosotthon vez\u00e9rl\u00e9sek"},"content":{"rendered":"\n\n\n\n\n\n<div class=\"section narrow white\">\n\t<div class=\"container\">\n\t\t<div class=\"cell\">\n\t\t\t<ul class=\"breadcrumbs\">\n\t\t\t\t<li><a href=\"https:\/\/nevask.eu\/hu\/\">Home<\/a><\/li>\n\n\t\t\t\t\n\t\t\t<\/ul>\n\t\t<\/div>\n\t<\/div>\n<\/div>\n\n\n\n\n\n<div  class=\"section full-image\">\n\t<div class=\"container\">\n\t\t<div class=\"cell image h420\">\n\n\t\t\t\t\t\t\t<img decoding=\"async\" src=\"https:\/\/nevask.eu\/wp-content\/uploads\/2025\/07\/tecpoint_sro_cover.jpeg.webp\" alt=\"\">\n\t\t\t\n\t\t<\/div>\n\t<\/div>\n<\/div>\n\n\n\n\n\n\n\n\n<div  class=\"section white\">\n\t<div class=\"container cols-50p\">\n\n\t\t\n\n\n\t\t<div class=\"cell\">\n\n\t\t\t<h1 class=\"u-align-left u-text u-text-1\">LOXONE<br \/>\na professzion\u00e1lis okosotthon<\/h1>\n<h5><span style=\"color: #333333\">Kevesebb rutinfeladat, t\u00f6bb id\u0151 a pihen\u00e9sre. A Loxone okosotthon az ig\u00e9nyei szerint m\u0171k\u00f6dik \u00e9s cselekszik. Gondoskodik k\u00e9nyelm\u00e9r\u0151l az id\u0151j\u00e1r\u00e1s vagy \u00e9letst\u00edlusa szerint.<br \/>\n<\/span><\/h5>\n<h2 class=\"u-text u-text-1\"><img loading=\"lazy\" decoding=\"async\" class=\"alignnone size-medium wp-image-3454\" src=\"https:\/\/nevask.eu\/wp-content\/uploads\/2025\/07\/images-300x67.png\" alt=\"\" width=\"300\" height=\"67\" srcset=\"https:\/\/nevask.eu\/wp-content\/uploads\/2025\/07\/images-300x67.png 300w, https:\/\/nevask.eu\/wp-content\/uploads\/2025\/07\/images.png 476w\" sizes=\"auto, (max-width: 300px) 100vw, 300px\" \/><\/h2>\n<p>Az automatiz\u00e1lt \u00e1rny\u00e9kol\u00f3 rendszerek reag\u00e1lnak a nap aktu\u00e1lis helyzet\u00e9re \u00e9s a napsug\u00e1rz\u00e1s intenzit\u00e1s\u00e1ra.<\/p>\n<p>Akt\u00edvan egy\u00fcttm\u0171k\u00f6dnek a f\u0171t\u00e9si \u00e9s l\u00e9gkondicion\u00e1l\u00f3 rendszerekkel \u00e9s optim\u00e1lis h\u0151m\u00e9rs\u00e9kletet tartanak fenn a helyis\u00e9gekben.<br \/>\nA Loxone rendszer \u00fagy vez\u00e9rli a <a href=\"https:\/\/nevask.eu\/hu\/kulteri-zsaluzia-neva\/\">k\u00fclt\u00e9ri zsaluzi\u00e1kat<\/a> \u00e9s <a href=\"https:\/\/nevask.eu\/hu\/screen-naphalo-neva\/\">zipscreeneket<\/a> hogy a helyis\u00e9gben mindig elegend\u0151 f\u00e9ny legyen, minim\u00e1lis mesters\u00e9ges vil\u00e1g\u00edt\u00e1ssal.<\/p>\n<p>&nbsp;<\/p>\n\n\t\t\t\n\t\t<\/div>\n\n\n\n\t\t\n\t\t\t<div class=\"cell center vcenter\">\n\t\t\t\t<img decoding=\"async\" src=\"https:\/\/nevask.eu\/wp-content\/uploads\/2025\/07\/loxone_smart_home_person_wohnraum-1024x768.jpg\" alt=\"\">\n\t\t\t<\/div>\n\n\t\t\n\t<\/div>\n<\/div>\n\n\n\n\n\n\n\n\n<div  class=\"section white\">\n\t<div class=\"container cols-50p\">\n\n\t\t\n\t\t\t<div class=\"cell center vcenter\">\n\t\t\t\t<img decoding=\"async\" src=\"https:\/\/nevask.eu\/wp-content\/uploads\/2025\/07\/loxone-miniserver.webp\" alt=\"\">\n\t\t\t<\/div>\n\n\t\t\n\n\n\t\t<div class=\"cell\">\n\n\t\t\t<h2 class=\"u-text u-text-custom-color-8 u-text-default-lg u-text-default-md u-text-default-xl u-text-default-xxl u-text-1\">Hogyan m\u0171k\u00f6dik a Loxone okosotthon rendszere?<\/h2>\n<p>A Loxone rendszer sz\u00edve a z\u00f6ld Miniserver, amely pontosan tudja, mikor \u00e9s hogyan kell beavatkozni. Automatikusan vez\u00e9rli az \u00f6sszes csatlakoztatott eszk\u00f6zt az \u00d6n egyedi ig\u00e9nyei szerint, ezzel id\u0151t takar\u00edt meg, n\u00f6veli a k\u00e9nyelmet \u00e9s biztons\u00e1got, mik\u00f6zben cs\u00f6kkenti az energiafogyaszt\u00e1st.<\/p>\n<p>A vil\u00e1g\u00edt\u00e1s, \u00e1rny\u00e9kol\u00e1s, f\u0171t\u00e9s, multim\u00e9di\u00e1s eszk\u00f6z\u00f6k \u00e9s egy\u00e9b technol\u00f3gi\u00e1k z\u00f6kken\u0151mentesen m\u0171k\u00f6dnek egy\u00fctt, manu\u00e1lis beavatkoz\u00e1s n\u00e9lk\u00fcl. P\u00e9ld\u00e1ul az id\u0151j\u00e1r\u00e1s\u00e1llom\u00e1s adatokat k\u00fcld a Miniservernek a nap helyzet\u00e9r\u0151l, amely automatikusan be\u00e1ll\u00edtja a zsaluzi\u00e1kat a t\u00falmeleged\u00e9s optim\u00e1lis v\u00e9delme \u00e9rdek\u00e9ben.<\/p>\n<p>Amennyiben azonban szeretn\u00e9 testreszabni a be\u00e1ll\u00edt\u00e1sokat, k\u00f6nnyed\u00e9n megteheti a Loxone alkalmaz\u00e1s vagy az intelligens vez\u00e9rl\u0151elemek seg\u00edts\u00e9g\u00e9vel.<\/p>\n\n\t\t\t\n\t\t<\/div>\n\n\n\n\t\t\n\t<\/div>\n<\/div>\n\n\n\n\n\n<div  class=\"section tint\">\n\n\t\n\t\t<div class=\"container intro\">\n\t\t\t<div class=\"cell\">\n\t\t\t\t<h2>Mi teszi a Loxone-t k\u00fcl\u00f6nlegess\u00e9?<\/h2>\n\t\t\t<\/div>\n\t\t<\/div>\n\n\t\n\n\n\t\n\t<div class=\"container cols-25p text-blocks text-blocks-border\" style=\"\">\n\n\t\t\n\t\t\t\n\t\t\t\t\n\t\t\t\t<div class=\"cell\" style=\"\">\n\n\t\t\t\t\t\n\n\n\t\t\t\t\t<h4 class=\"u-align-center u-text u-text-custom-color-8 u-text-2\">Nem sz\u00fcks\u00e9ges cloud<\/h4>\n<p>Fontos sz\u00e1munkra az \u00d6n biztons\u00e1ga. Nem gy\u0171jtj\u00fck az \u00d6n adatait, \u00e9s term\u00e9keink internetkapcsolat n\u00e9lk\u00fcl is m\u0171k\u00f6dnek.<\/p>\n\n\t\t\t\t<\/div>\n\t\t\t\n\t\t\t\t\n\t\t\t\t<div class=\"cell\" style=\"\">\n\n\t\t\t\t\t\n\n\n\t\t\t\t\t<h4 class=\"u-align-center u-text u-text-custom-color-8 u-text-4\">A technol\u00f3gi\u00e1k egy\u00fcttm\u0171k\u00f6d\u00e9se<\/h4>\n<div class=\"u-align-center u-container-align-center u-container-style u-list-item u-repeater-item u-shape-rectangle u-white u-list-item-2\">\n<div class=\"u-container-layout u-similar-container u-container-layout-2\">\n<p class=\"u-align-center u-text u-text-5\">A Loxone seg\u00edts\u00e9g\u00e9vel megb\u00edzhat\u00f3an kapcsolhatjuk \u00f6ssze az intelligens eszk\u00f6z\u00f6ket, \u00edgy hat\u00e9kony egy\u00fcttm\u0171k\u00f6d\u00e9st biztos\u00edtsunk k\u00f6z\u00f6tt\u00fck.<\/p>\n<\/div>\n<\/div>\n\n\t\t\t\t<\/div>\n\t\t\t\n\t\t\t\t\n\t\t\t\t<div class=\"cell\" style=\"\">\n\n\t\t\t\t\t\n\n\n\t\t\t\t\t<h4 class=\"u-align-center u-text u-text-custom-color-8 u-text-6\" style=\"text-align: left;\">Nem sz\u00e1m\u00edt a m\u00e9ret<\/h4>\n<div class=\"u-align-center u-container-align-center u-container-style u-list-item u-repeater-item u-shape-rectangle u-white u-list-item-3\">\n<div class=\"u-container-layout u-similar-container u-container-layout-3\">\n<div class=\"u-align-center u-container-align-center u-container-style u-list-item u-repeater-item u-shape-rectangle u-white u-list-item-3\">\n<div class=\"u-container-layout u-similar-container u-container-layout-3\">\n<p class=\"u-align-center u-text u-text-7\">Lak\u00e1s, h\u00e1z vagy ak\u00e1r egy teljes irodah\u00e1z \u2013 b\u00e1rmit megoldunk.<\/p>\n<\/div>\n<\/div>\n<\/div>\n<\/div>\n<div class=\"u-align-center u-container-align-center u-container-style u-list-item u-repeater-item u-shape-rectangle u-white u-list-item-4\">\n<div class=\"u-container-layout u-similar-container u-container-layout-4\"><\/div>\n<\/div>\n\n\t\t\t\t<\/div>\n\t\t\t\n\t\t\t\t\n\t\t\t\t<div class=\"cell\" style=\"\">\n\n\t\t\t\t\t\n\n\n\t\t\t\t\t<h4 class=\"u-align-center u-text u-text-custom-color-8 u-text-8\">Minden egy gy\u00e1rt\u00f3t\u00f3l<\/h4>\n<div class=\"u-align-center u-container-align-center u-container-style u-list-item u-repeater-item u-shape-rectangle u-white u-list-item-4\">\n<div class=\"u-container-layout u-similar-container u-container-layout-4\">\n<p class=\"u-align-center u-text u-text-9\">A Loxone tervezi a hardvert \u00e9s egyben maguk fejlesztik \u00e9s friss\u00edtik a szoftvert is. Emellett magas szint\u0171 t\u00e1mogat\u00e1st ny\u00fajtanak.<\/p>\n<\/div>\n<\/div>\n\n\t\t\t\t<\/div>\n\t\t\t\n\t\t\t\t\n\t\t\t\t<div class=\"cell\" style=\"\">\n\n\t\t\t\t\t\n\n\n\t\t\t\t\t<h4 class=\"u-align-center u-text u-text-custom-color-8 u-text-10\">A legmagasabb min\u0151s\u00e9gi standard<\/h4>\n<div class=\"u-align-center u-container-align-center u-container-style u-list-item u-repeater-item u-shape-rectangle u-white u-list-item-5\">\n<div class=\"u-container-layout u-similar-container u-container-layout-5\">\n<p class=\"u-align-center u-text u-text-11\">A min\u0151s\u00e9g kulcsfontoss\u00e1g\u00fa sz\u00e1munkra, ugyan\u00fagy, mint az, hogy term\u00e9keink megb\u00edzhat\u00f3an m\u0171k\u00f6djenek \u00e9vtizedekig. A Loxone nem helyezte \u00e1t a fejleszt\u00e9st vagy gy\u00e1rt\u00e1st K\u00edn\u00e1ba.<\/p>\n<\/div>\n<\/div>\n\n\t\t\t\t<\/div>\n\t\t\t\n\t\t\t\t\n\t\t\t\t<div class=\"cell\" style=\"\">\n\n\t\t\t\t\t\n\n\n\t\t\t\t\t<h4 class=\"u-align-center u-text u-text-custom-color-8 u-text-12\">Egyszer\u0171 b\u0151v\u00edthet\u0151s\u00e9g<\/h4>\n<div class=\"u-align-center u-container-align-center u-container-style u-list-item u-repeater-item u-shape-rectangle u-white u-list-item-6\">\n<div class=\"u-container-layout u-similar-container u-container-layout-6\">\n<div class=\"u-align-center u-container-align-center u-container-style u-list-item u-repeater-item u-shape-rectangle u-white u-list-item-6\">\n<div class=\"u-container-layout u-similar-container u-container-layout-6\">\n<p class=\"u-align-center u-text u-text-13\">Nem sz\u00fcks\u00e9ges mindent egyszerre megvenni. Kezdje el, \u00e9s fokozatosan \u00e9p\u00edtse fel az \u00d6n ig\u00e9nyei \u00e9s elk\u00e9pzel\u00e9sei szerint a val\u00f3di okosotthon\u00e1t.<\/p>\n<\/div>\n<\/div>\n<\/div>\n<\/div>\n<div class=\"u-align-center u-container-align-center u-container-style u-list-item u-repeater-item u-shape-rectangle u-white u-list-item-7\">\n<div class=\"u-container-layout u-similar-container u-container-layout-7\"><\/div>\n<\/div>\n\n\t\t\t\t<\/div>\n\t\t\t\n\t\t\t\t\n\t\t\t\t<div class=\"cell\" style=\"\">\n\n\t\t\t\t\t\n\n\n\t\t\t\t\t<h4 class=\"u-align-center u-text u-text-custom-color-8 u-text-14\">Hossz\u00fa t\u00e1v\u00fa kompatibilit\u00e1s<\/h4>\n<div class=\"u-align-center u-container-align-center u-container-style u-list-item u-repeater-item u-shape-rectangle u-white u-list-item-7\">\n<div class=\"u-container-layout u-similar-container u-container-layout-7\">\n<div class=\"u-align-center u-container-align-center u-container-style u-list-item u-repeater-item u-shape-rectangle u-white u-list-item-7\">\n<div class=\"u-container-layout u-similar-container u-container-layout-7\">\n<p class=\"u-align-center u-text u-text-15\">M\u00e9g \u00e9vek m\u00falva is kompatibilisek a Loxone term\u00e9kek egym\u00e1ssal, nem kell lecser\u00e9lnie a hardvert vagy a szoftvert a leg\u00fajabb verzi\u00f3ra.<\/p>\n<\/div>\n<\/div>\n<\/div>\n<\/div>\n<div class=\"u-align-center u-container-align-center u-container-style u-list-item u-repeater-item u-shape-rectangle u-white u-list-item-8\">\n<div class=\"u-container-layout u-similar-container u-container-layout-8\"><\/div>\n<\/div>\n\n\t\t\t\t<\/div>\n\t\t\t\n\t\t\t\t\n\t\t\t\t<div class=\"cell\" style=\"\">\n\n\t\t\t\t\t\n\n\n\t\t\t\t\t<h4 class=\"u-align-center u-text u-text-custom-color-8 u-text-16\">Mi magunk is okosotthonban \u00e9l\u00fcnk<\/h4>\n<section id=\"sec-e071\" class=\"u-clearfix u-container-align-right-lg u-container-align-right-md u-container-align-right-sm u-container-align-right-xl u-container-align-right-xxl u-image u-section-5\" data-image-width=\"1024\" data-image-height=\"576\">\n<div class=\"u-clearfix u-sheet u-sheet-1\">\n<div class=\"u-expanded-width u-list u-list-1\">\n<div class=\"u-repeater u-repeater-1\">\n<div class=\"u-align-center u-container-align-center u-container-style u-list-item u-repeater-item u-shape-rectangle u-white u-list-item-8\">\n<div class=\"u-container-layout u-similar-container u-container-layout-8\">\n<section id=\"sec-e071\" class=\"u-clearfix u-container-align-right-lg u-container-align-right-md u-container-align-right-sm u-container-align-right-xl u-container-align-right-xxl u-image u-section-5\" data-image-width=\"1024\" data-image-height=\"576\">\n<div class=\"u-clearfix u-sheet u-sheet-1\">\n<div class=\"u-expanded-width u-list u-list-1\">\n<div class=\"u-repeater u-repeater-1\">\n<div class=\"u-align-center u-container-align-center u-container-style u-list-item u-repeater-item u-shape-rectangle u-white u-list-item-8\">\n<div class=\"u-container-layout u-similar-container u-container-layout-8\">\n<p class=\"u-align-center u-text u-text-17\">\u00c9s sz\u00f3 szerint \u2013 a saj\u00e1t otthonunkban. A munkahely\u00fcnk\u00f6n pedig olyan megold\u00e1sokat alkottunk, amelyeket mi is sz\u00edvesen haszn\u00e1ln\u00e1nk otthon.<\/p>\n<\/div>\n<\/div>\n<\/div>\n<\/div>\n<\/div>\n<\/section>\n<\/div>\n<\/div>\n<\/div>\n<\/div>\n<\/div>\n<\/section>\n<section id=\"sec-283a\" class=\"u-clearfix u-hidden-sm u-hidden-xs u-section-6\">\n<div class=\"u-clearfix u-sheet u-valign-middle-lg u-valign-middle-md u-valign-middle-sm u-valign-middle-xl u-valign-middle-xs u-sheet-1\"><\/div>\n<\/section>\n\n\t\t\t\t<\/div>\n\t\t\t\n\t\t\n\t<\/div>\n\n\n\n\t\n<\/div>\n\n\n\n\n\n\n\n\n<div  class=\"section white\">\n\t<div class=\"container cols-50p\">\n\n\t\t\n\n\n\t\t<div class=\"cell\">\n\n\t\t\t<h3 class=\"u-text u-text-palette-2-base u-text-1\">Loxone &amp; NEVA: \u200b\u200bt\u00f6k\u00e9letes kapcsolat a megb\u00edzhat\u00f3 \u00e1rny\u00e9kol\u00e1s \u00e9rdek\u00e9ben<\/h3>\n<p>Ahhoz, hogy az okosotthon rendszer val\u00f3ban intelligens \u00e9s megb\u00edzhat\u00f3 legyen, az \u00e1rny\u00e9kol\u00f3 rendszer t\u00f6k\u00e9letes szimbi\u00f3zisban kell m\u0171k\u00f6dj\u00f6n a vez\u00e9rl\u0151 technol\u00f3gi\u00e1kkal. Amennyiben a Loxone rendszert v\u00e1lasztotta, javasoljuk a <a href=\"https:\/\/nevask.eu\/hu\/okosotthon-vezerles\/okosotthon-geiger\/\">GEIGER AIR motorral<\/a> ell\u00e1tott k\u00fclt\u00e9ri zsal\u00fazi\u00e1inkat , amelyek kifejezetten a Loxone megold\u00e1sokhoz t\u00f6rt\u00e9n\u0151 integr\u00e1ci\u00f3ra lettek kifejlesztve.<br \/>\nEzzel a kombin\u00e1ci\u00f3val nemcsak magas szint\u0171 k\u00e9nyelmet , hanem az energiahat\u00e9kony vez\u00e9rl\u00e9s r\u00e9v\u00e9n kiemelked\u0151 energia \u00e9s k\u00f6lts\u00e9g megtakar\u00edt\u00e1st \u00e9s CO2-kibocs\u00e1t\u00e1s cs\u00f6kkent\u00e9st \u00e9rhet el.<\/p>\n<p>&nbsp;<\/p>\n\n\t\t\t\t\t\t\t<a href=\"https:\/\/www.loxone.com\/\" target=\"\" class=\"button\">Tov\u00e1bbi inform\u00e1ci\u00f3k a Loxone term\u00e9kekr\u0151l:<\/a>\n\t\t\t\n\t\t<\/div>\n\n\n\n\t\t\n\t\t\t<div class=\"cell center vcenter\">\n\t\t\t\t<img decoding=\"async\" src=\"https:\/\/nevask.eu\/wp-content\/uploads\/2025\/07\/loxone-smart-control.webp\" alt=\"\">\n\t\t\t<\/div>\n\n\t\t\n\t<\/div>\n<\/div>\n\n\n\n\n\n<div  class=\"section dark\">\n\t<div class=\"container full left\">\n\t\t<div class=\"cell\">\n\t\t\t<p><img loading=\"lazy\" decoding=\"async\" class=\"alignnone wp-image-2093\" src=\"https:\/\/nevask.eu\/wp-content\/uploads\/2025\/07\/hash-nevapartner_4-300x61.png\" alt=\"hashtag nevapartner - modr\u00e9 na bielom\" width=\"220\" height=\"44\" srcset=\"https:\/\/nevask.eu\/wp-content\/uploads\/2025\/07\/hash-nevapartner_4-300x61.png 300w, https:\/\/nevask.eu\/wp-content\/uploads\/2025\/07\/hash-nevapartner_4.png 689w\" sizes=\"auto, (max-width: 220px) 100vw, 220px\" \/><\/p>\n<p class=\"p-large\" style=\"text-align: left\">A <a href=\"https:\/\/nevask.eu\/predajcovia-neva\/\">#nevapartner h\u00e1l\u00f3zatba<\/a> tartoz\u00f3 viszontelad\u00f3 \u00e9s telep\u00edt\u0151 partnereink k\u00e9szs\u00e9ggel \u00e1llnak rendelkez\u00e9s\u00e9re, amennyiben m\u0171szaki tan\u00e1csra, vagy term\u00e9kmint\u00e1kra van sz\u00fcks\u00e9ge a legmegfelel\u0151bb NEVA \u00e1rny\u00e9kol\u00f3 kiv\u00e1laszt\u00e1s\u00e1hoz. Ezut\u00e1n m\u00e1r csak egy l\u00e9p\u00e9sre van az <a href=\"https:\/\/nevask.eu\/hu\/arajanlat\/\">\u00e1raj\u00e1nlat<\/a> kidolgoz\u00e1s\u00e1t\u00f3l.<\/p>\n\t\t<\/div>\n\t<\/div>\n<\/div>\n\n\n\n\n\n<div class=\"section white\">\n\t<div class=\"container\">\n\t\t<div class=\"cell\">\n\t\t\t<hr class=\"separator\">\n\t\t<\/div>\n\t<\/div>\n<\/div>\n","protected":false},"excerpt":{"rendered":"","protected":false},"author":52,"featured_media":0,"parent":6341,"menu_order":0,"comment_status":"closed","ping_status":"closed","template":"","meta":{"_acf_changed":false,"inline_featured_image":false,"footnotes":""},"class_list":["post-6041","page","type-page","status-publish","hentry"],"acf":[],"yoast_head":"<!-- This site is optimized with the Yoast SEO plugin v27.5 - https:\/\/yoast.com\/product\/yoast-seo-wordpress\/ -->\n<title>Loxone okosotthon vez\u00e9rl\u00e9sek | nevask.eu<\/title>\n<meta name=\"description\" content=\"Kevesebb rutinfeladat, t\u00f6bb szabadid\u0151 az \u00e9letre. Az intelligens otthon a Loxone seg\u00edts\u00e9g\u00e9vel gondoskodik k\u00e9nyelm\u00e9r\u0151l az id\u0151j\u00e1r\u00e1s vagy \u00e9letst\u00edlusa szerint.\" \/>\n<meta name=\"robots\" content=\"index, follow, max-snippet:-1, max-image-preview:large, max-video-preview:-1\" \/>\n<link rel=\"canonical\" href=\"https:\/\/nevask.eu\/hu\/okosotthon-vezerles\/okosotthon-vezerles-loxone\/\" \/>\n<meta property=\"og:locale\" content=\"hu_HU\" \/>\n<meta property=\"og:type\" content=\"article\" \/>\n<meta property=\"og:title\" content=\"Loxone okosotthon vez\u00e9rl\u00e9sek | nevask.eu\" \/>\n<meta property=\"og:description\" content=\"Kevesebb rutinfeladat, t\u00f6bb szabadid\u0151 az \u00e9letre. Az intelligens otthon a Loxone seg\u00edts\u00e9g\u00e9vel gondoskodik k\u00e9nyelm\u00e9r\u0151l az id\u0151j\u00e1r\u00e1s vagy \u00e9letst\u00edlusa szerint.\" \/>\n<meta property=\"og:url\" content=\"https:\/\/nevask.eu\/hu\/okosotthon-vezerles\/okosotthon-vezerles-loxone\/\" \/>\n<meta property=\"og:site_name\" content=\"NEVA\" \/>\n<meta property=\"article:modified_time\" content=\"2025-09-12T07:57:33+00:00\" \/>\n<meta name=\"twitter:card\" content=\"summary_large_image\" \/>\n<meta name=\"twitter:label1\" content=\"Becs\u00fclt olvas\u00e1si id\u0151\" \/>\n\t<meta name=\"twitter:data1\" content=\"4 perc\" \/>\n<!-- \/ Yoast SEO plugin. -->","yoast_head_json":{"title":"Loxone okosotthon vez\u00e9rl\u00e9sek | nevask.eu","description":"Kevesebb rutinfeladat, t\u00f6bb szabadid\u0151 az \u00e9letre. Az intelligens otthon a Loxone seg\u00edts\u00e9g\u00e9vel gondoskodik k\u00e9nyelm\u00e9r\u0151l az id\u0151j\u00e1r\u00e1s vagy \u00e9letst\u00edlusa szerint.","robots":{"index":"index","follow":"follow","max-snippet":"max-snippet:-1","max-image-preview":"max-image-preview:large","max-video-preview":"max-video-preview:-1"},"canonical":"https:\/\/nevask.eu\/hu\/okosotthon-vezerles\/okosotthon-vezerles-loxone\/","og_locale":"hu_HU","og_type":"article","og_title":"Loxone okosotthon vez\u00e9rl\u00e9sek | nevask.eu","og_description":"Kevesebb rutinfeladat, t\u00f6bb szabadid\u0151 az \u00e9letre. Az intelligens otthon a Loxone seg\u00edts\u00e9g\u00e9vel gondoskodik k\u00e9nyelm\u00e9r\u0151l az id\u0151j\u00e1r\u00e1s vagy \u00e9letst\u00edlusa szerint.","og_url":"https:\/\/nevask.eu\/hu\/okosotthon-vezerles\/okosotthon-vezerles-loxone\/","og_site_name":"NEVA","article_modified_time":"2025-09-12T07:57:33+00:00","twitter_card":"summary_large_image","twitter_misc":{"Becs\u00fclt olvas\u00e1si id\u0151":"4 perc"},"schema":{"@context":"https:\/\/schema.org","@graph":[{"@type":"WebPage","@id":"https:\/\/nevask.eu\/hu\/okosotthon-vezerles\/okosotthon-vezerles-loxone\/","url":"https:\/\/nevask.eu\/hu\/okosotthon-vezerles\/okosotthon-vezerles-loxone\/","name":"Loxone okosotthon vez\u00e9rl\u00e9sek | nevask.eu","isPartOf":{"@id":"https:\/\/nevask.eu\/hu\/#website"},"datePublished":"2025-07-07T13:11:06+00:00","dateModified":"2025-09-12T07:57:33+00:00","description":"Kevesebb rutinfeladat, t\u00f6bb szabadid\u0151 az \u00e9letre. Az intelligens otthon a Loxone seg\u00edts\u00e9g\u00e9vel gondoskodik k\u00e9nyelm\u00e9r\u0151l az id\u0151j\u00e1r\u00e1s vagy \u00e9letst\u00edlusa szerint.","breadcrumb":{"@id":"https:\/\/nevask.eu\/hu\/okosotthon-vezerles\/okosotthon-vezerles-loxone\/#breadcrumb"},"inLanguage":"hu","potentialAction":[{"@type":"ReadAction","target":["https:\/\/nevask.eu\/hu\/okosotthon-vezerles\/okosotthon-vezerles-loxone\/"]}]},{"@type":"BreadcrumbList","@id":"https:\/\/nevask.eu\/hu\/okosotthon-vezerles\/okosotthon-vezerles-loxone\/#breadcrumb","itemListElement":[{"@type":"ListItem","position":1,"name":"Home","item":"https:\/\/nevask.eu\/hu\/"},{"@type":"ListItem","position":2,"name":"Okosotthon vezerl\u00e9s","item":"https:\/\/nevask.eu\/hu\/okosotthon-vezerles\/"},{"@type":"ListItem","position":3,"name":"Loxone okosotthon vez\u00e9rl\u00e9sek"}]},{"@type":"WebSite","@id":"https:\/\/nevask.eu\/hu\/#website","url":"https:\/\/nevask.eu\/hu\/","name":"NEVA","description":"Vonkaj\u0161ie \u017eal\u00fazie a screenov\u00e9 rolety","potentialAction":[{"@type":"SearchAction","target":{"@type":"EntryPoint","urlTemplate":"https:\/\/nevask.eu\/hu\/?s={search_term_string}"},"query-input":{"@type":"PropertyValueSpecification","valueRequired":true,"valueName":"search_term_string"}}],"inLanguage":"hu"}]}},"_links":{"self":[{"href":"https:\/\/nevask.eu\/hu\/wp-json\/wp\/v2\/pages\/6041","targetHints":{"allow":["GET"]}}],"collection":[{"href":"https:\/\/nevask.eu\/hu\/wp-json\/wp\/v2\/pages"}],"about":[{"href":"https:\/\/nevask.eu\/hu\/wp-json\/wp\/v2\/types\/page"}],"author":[{"embeddable":true,"href":"https:\/\/nevask.eu\/hu\/wp-json\/wp\/v2\/users\/52"}],"replies":[{"embeddable":true,"href":"https:\/\/nevask.eu\/hu\/wp-json\/wp\/v2\/comments?post=6041"}],"version-history":[{"count":6,"href":"https:\/\/nevask.eu\/hu\/wp-json\/wp\/v2\/pages\/6041\/revisions"}],"predecessor-version":[{"id":10209,"href":"https:\/\/nevask.eu\/hu\/wp-json\/wp\/v2\/pages\/6041\/revisions\/10209"}],"up":[{"embeddable":true,"href":"https:\/\/nevask.eu\/hu\/wp-json\/wp\/v2\/pages\/6341"}],"wp:attachment":[{"href":"https:\/\/nevask.eu\/hu\/wp-json\/wp\/v2\/media?parent=6041"}],"curies":[{"name":"wp","href":"https:\/\/api.w.org\/{rel}","templated":true}]}}