{"id":6046,"date":"2025-07-08T08:54:55","date_gmt":"2025-07-08T06:54:55","guid":{"rendered":"https:\/\/nevask.eu\/?page_id=6046"},"modified":"2025-09-10T14:15:31","modified_gmt":"2025-09-10T12:15:31","slug":"okosotthon-geiger","status":"publish","type":"page","link":"https:\/\/nevask.eu\/hu\/okosotthon-vezerles\/okosotthon-geiger\/","title":{"rendered":"Geiger motorok"},"content":{"rendered":"\n\n\n\n\n\n<div class=\"section narrow white\">\n\t<div class=\"container\">\n\t\t<div class=\"cell\">\n\t\t\t<ul class=\"breadcrumbs\">\n\t\t\t\t<li><a href=\"https:\/\/nevask.eu\/hu\/\">Home<\/a><\/li>\n\n\t\t\t\t\n\t\t\t<\/ul>\n\t\t<\/div>\n\t<\/div>\n<\/div>\n\n\n\n\n\n<div  class=\"section full-image\">\n\t<div class=\"container\">\n\t\t<div class=\"cell image h420\">\n\n\t\t\t\t\t\t\t<img decoding=\"async\" src=\"https:\/\/nevask.eu\/wp-content\/uploads\/2025\/07\/csm_BANNER_AIR-Familie_d0e892663d.jpg.webp\" alt=\"\">\n\t\t\t\n\t\t<\/div>\n\t<\/div>\n<\/div>\n\n\n\n\n\n\n\n\n<div  class=\"section white\">\n\t<div class=\"container cols-80p-20p\">\n\n\t\t\n\n\n\t\t<div class=\"cell\">\n\n\t\t\t<h1 class=\"u-align-left u-text u-text-1\">GEIGER<br \/>\negy megb\u00edzhat\u00f3 motor k\u00fclt\u00e9ri zsaluzi\u00e1khoz \u00e9s zip-screen \u00e1rny\u00e9kol\u00f3khoz<\/h1>\n<h5><span style=\"color: #808080\">A GEIGER term\u00e9kek ide\u00e1lis megold\u00e1st ny\u00fajtanak <a href=\"https:\/\/nevask.eu\/hu\/kulteri-zsaluzia-neva\/\">k\u00fclt\u00e9ri zsaluzi\u00e1k<\/a>, <a href=\"https:\/\/nevask.eu\/hu\/screen-naphalo-neva\/\">zipscreen naph\u00e1l\u00f3k<\/a>, napellenz\u0151k, pergol\u00e1k \u00e9s egy\u00e9b \u00e1rny\u00e9kol\u00f3 rendszerek vez\u00e9rl\u00e9s\u00e9re. A GEIGER motorok rendk\u00edv\u00fcl megb\u00edzhat\u00f3an integr\u00e1lhat\u00f3k k\u00fcls\u0151 vez\u00e9rl\u0151be, mint p\u00e9ld\u00e1ul a <a href=\"https:\/\/nevask.eu\/hu\/okosotthon-vezerles\/okosotthon-vezerles-loxone\/\">Loxone rendszer<\/a>.<\/span><\/h5>\n<h2 class=\"u-text u-text-1\"><\/h2>\n<h3><img loading=\"lazy\" decoding=\"async\" class=\"size-medium wp-image-3585 alignleft\" src=\"https:\/\/nevask.eu\/wp-content\/uploads\/2025\/07\/Geiger_Logo_Claim_1C_blau_EN-300x142.png\" alt=\"\" width=\"300\" height=\"142\" srcset=\"https:\/\/nevask.eu\/wp-content\/uploads\/2025\/07\/Geiger_Logo_Claim_1C_blau_EN-300x142.png 300w, https:\/\/nevask.eu\/wp-content\/uploads\/2025\/07\/Geiger_Logo_Claim_1C_blau_EN.png 750w\" sizes=\"auto, (max-width: 300px) 100vw, 300px\" \/>Megb\u00edzhat\u00f3 \u00e9s bev\u00e1lt alkatr\u00e9szek<\/h3>\n<p>Minden GEIGER motor biztons\u00e1gra, egyszer\u0171 telep\u00edt\u00e9sre \u00e9s optim\u00e1lis nyomat\u00e9kbe\u00e1ll\u00edt\u00e1sra lett tervezve.<\/p>\n<p>Ha megb\u00edzhat\u00f3, hossz\u00fa \u00e9lettartam\u00fa motorokat keres \u00e1rny\u00e9kol\u00f3ihoz, a GEIGER motorok kiv\u00e1l\u00f3 v\u00e1laszt\u00e1snak bizonyulnak. Emellett alacsony zajszinttel \u00e9s energiahat\u00e9konys\u00e1ggal t\u0171nnek ki. A GEIGER motorok k\u00e9t sebess\u00e9ggel \u00e9s mechanikus vagy elektronikus v\u00e9g\u00e1ll\u00e1skapcsol\u00f3val rendelhet\u0151ek.<\/p>\n\n\t\t\t\n\t\t<\/div>\n\n\n\n\t\t\n\t<\/div>\n<\/div>\n\n\n\n\n\n\n\n\n<div  class=\"section white\">\n\t<div class=\"container cols-50p\">\n\n\t\t\n\t\t\t<div class=\"cell center vcenter\">\n\t\t\t\t<img decoding=\"async\" src=\"https:\/\/nevask.eu\/wp-content\/uploads\/2025\/07\/GJ56_ME-005.webp\" alt=\"\">\n\t\t\t<\/div>\n\n\t\t\n\n\n\t\t<div class=\"cell\">\n\n\t\t\t<h3>GJ56 zsaluziamotor mechanikus v\u00e9g\u00e1ll\u00e1skapcsol\u00f3val<\/h3>\n<p class=\"u-text u-text-2\">A GJ56 motor lehet\u0151v\u00e9 teszi a v\u00e9g\u00e1ll\u00e1sok biztons\u00e1gos be\u00e1ll\u00edt\u00e1s\u00e1t az integr\u00e1lt gombok seg\u00edts\u00e9g\u00e9vel. A 80 fordulatig terjed\u0151 v\u00e9g\u00e1ll\u00e1skapcsol\u00f3-tartom\u00e1ny\u00e1nak k\u00f6sz\u00f6nhet\u0151en sz\u00e9lesk\u00f6r\u0171 alkalmaz\u00e1sokhoz ide\u00e1lis.<\/p>\n<ul class=\"u-text u-text-3\">\n<li>Gyors \u00e9s egyszer\u0171 telep\u00edt\u00e9s\u00a0\u2013 kompatibilis minden elterjedt s\u00ednrendszerrel, szersz\u00e1m n\u00e9lk\u00fcl felszerelhet\u0151.<\/li>\n<li>Rugalmas teljes\u00edtm\u00e9nyv\u00e1laszt\u00e9k\u00a0\u2013 el\u00e9rhet\u0151 3, 6, 10, 16 \u00e9s 20 Nm nyomat\u00e9kkal.<\/li>\n<li>Praktikus csatlakoz\u00f3k\u00e1bel\u00a0\u2013 egyszer\u0171 beszerel\u00e9st biztos\u00edt\u00f3 csatlakoz\u00f3rendszer.<\/li>\n<\/ul>\n<p class=\"u-text u-text-4\">Tov\u00e1bbi rendelhet\u0151 modellek: GJ5606 DuoDrive, GJ56.. T90, GJ5610v1 (100 V-os motor), GJ56.. SILENT.<\/p>\n\n\t\t\t\n\t\t<\/div>\n\n\n\n\t\t\n\t<\/div>\n<\/div>\n\n\n\n\n\n<div class=\"section white\">\n\t<div class=\"container\">\n\t\t<div class=\"cell\">\n\t\t\t<hr class=\"separator\">\n\t\t<\/div>\n\t<\/div>\n<\/div>\n\n\n\n\n\n\n\n\n<div  class=\"section white\">\n\t<div class=\"container cols-50p\">\n\n\t\t\n\n\n\t\t<div class=\"cell\">\n\n\t\t\t<h3>GJ56..AIR zsaluziamotor elektronikus v\u00e9g\u00e1ll\u00e1skapcsol\u00f3val<\/h3>\n<p class=\"u-text u-text-2\">Ez a motor ide\u00e1lis k\u00fclt\u00e9ri zsaluzi\u00e1khoz, sz\u00e1mos fejlett funkci\u00f3t k\u00edn\u00e1l:<\/p>\n<ul class=\"u-text u-text-3\">\n<li>Csendes m\u0171k\u00f6d\u00e9s\u00a0\u2013 z\u00f6kken\u0151mentes \u00e9s halk \u00fczemel\u00e9s.<\/li>\n<li>Lamellav\u00e9delem\u00a0\u2013 automatikus le\u00e1ll\u00e1s akad\u00e1ly vagy lefagy\u00e1s eset\u00e9n.<\/li>\n<li>Dinamikus nyomat\u00e9kszab\u00e1lyz\u00e1s\u00a0\u2013 \u00e1ll\u00edthat\u00f3 nyomat\u00e9k\u00e9rt\u00e9kek: 6, 10 \u00e9s 20 Nm.<\/li>\n<li>Visszacsatol\u00e1si lehet\u0151s\u00e9g\u00a0\u2013 a motor az aktu\u00e1lis \u00e1llapotot 5, 20 vagy 50 ciklus ut\u00e1n jelzi vissza. \u2013 a motor az aktu\u00e1lis \u00e1llapotot 5, 20 vagy 50 ciklus ut\u00e1n jelzi vissza.<\/li>\n<\/ul>\n<p class=\"u-text u-text-4\">Tov\u00e1bbi modellek : GJ56.. E06, GJ56.. E07 SMI.<\/p>\n<p>&nbsp;<\/p>\n\n\t\t\t\n\t\t<\/div>\n\n\n\n\t\t\n\t\t\t<div class=\"cell center vcenter\">\n\t\t\t\t<img decoding=\"async\" src=\"https:\/\/nevask.eu\/wp-content\/uploads\/2025\/07\/GJ56_001-removebg-preview.webp\" alt=\"\">\n\t\t\t<\/div>\n\n\t\t\n\t<\/div>\n<\/div>\n\n\n\n\n\n<div class=\"section white\">\n\t<div class=\"container\">\n\t\t<div class=\"cell\">\n\t\t\t<hr class=\"separator\">\n\t\t<\/div>\n\t<\/div>\n<\/div>\n\n\n\n\n\n<div  class=\"section dark\">\n\t<div class=\"container full left\">\n\t\t<div class=\"cell\">\n\t\t\t<p><img loading=\"lazy\" decoding=\"async\" class=\"alignnone wp-image-2093\" src=\"https:\/\/nevask.eu\/wp-content\/uploads\/2025\/07\/hash-nevapartner_4-300x61.png\" alt=\"hashtag nevapartner - modr\u00e9 na bielom\" width=\"220\" height=\"44\" srcset=\"https:\/\/nevask.eu\/wp-content\/uploads\/2025\/07\/hash-nevapartner_4-300x61.png 300w, https:\/\/nevask.eu\/wp-content\/uploads\/2025\/07\/hash-nevapartner_4.png 689w\" sizes=\"auto, (max-width: 220px) 100vw, 220px\" \/><\/p>\n<p class=\"p-large\" style=\"text-align: left\">A <a href=\"https:\/\/nevask.eu\/hu\/neva-viszonteladok\/\">#nevapartner h\u00e1l\u00f3zatba<\/a> tartoz\u00f3 viszontelad\u00f3 \u00e9s telep\u00edt\u0151 partnereink k\u00e9szs\u00e9ggel \u00e1llnak rendelkez\u00e9s\u00e9re, amennyiben m\u0171szaki tan\u00e1csra, vagy term\u00e9kmint\u00e1kra van sz\u00fcks\u00e9ge a legmegfelel\u0151bb NEVA \u00e1rny\u00e9kol\u00f3 kiv\u00e1laszt\u00e1s\u00e1hoz. Ezut\u00e1n m\u00e1r csak egy l\u00e9p\u00e9sre van az <a href=\"https:\/\/nevask.eu\/hu\/arajanlat\/\">\u00e1raj\u00e1nlat<\/a> kidolgoz\u00e1s\u00e1t\u00f3l.<\/p>\n\t\t<\/div>\n\t<\/div>\n<\/div>\n","protected":false},"excerpt":{"rendered":"","protected":false},"author":52,"featured_media":0,"parent":6341,"menu_order":0,"comment_status":"closed","ping_status":"closed","template":"","meta":{"_acf_changed":false,"inline_featured_image":false,"footnotes":""},"class_list":["post-6046","page","type-page","status-publish","hentry"],"acf":[],"yoast_head":"<!-- This site is optimized with the Yoast SEO plugin v27.5 - https:\/\/yoast.com\/product\/yoast-seo-wordpress\/ -->\n<title>Geiger zsaluzia motorok | NEVA<\/title>\n<meta name=\"description\" content=\"Geiger motorok min\u0151s\u00e9gi kidolgoz\u00e1sa garancia a megb\u00edzhat\u00f3s\u00e1gra, az energiatakar\u00e9kos m\u0171k\u00f6d\u00e9sre \u00e9s a minim\u00e1lis zajra\" \/>\n<meta name=\"robots\" content=\"index, follow, max-snippet:-1, max-image-preview:large, max-video-preview:-1\" \/>\n<link rel=\"canonical\" href=\"https:\/\/nevask.eu\/hu\/okosotthon-vezerles\/okosotthon-geiger\/\" \/>\n<meta property=\"og:locale\" content=\"hu_HU\" \/>\n<meta property=\"og:type\" content=\"article\" \/>\n<meta property=\"og:title\" content=\"Geiger zsaluzia motorok | NEVA\" \/>\n<meta property=\"og:description\" content=\"Geiger motorok min\u0151s\u00e9gi kidolgoz\u00e1sa garancia a megb\u00edzhat\u00f3s\u00e1gra, az energiatakar\u00e9kos m\u0171k\u00f6d\u00e9sre \u00e9s a minim\u00e1lis zajra\" \/>\n<meta property=\"og:url\" content=\"https:\/\/nevask.eu\/hu\/okosotthon-vezerles\/okosotthon-geiger\/\" \/>\n<meta property=\"og:site_name\" content=\"NEVA\" \/>\n<meta property=\"article:modified_time\" content=\"2025-09-10T12:15:31+00:00\" \/>\n<meta name=\"twitter:card\" content=\"summary_large_image\" \/>\n<meta name=\"twitter:label1\" content=\"Becs\u00fclt olvas\u00e1si id\u0151\" \/>\n\t<meta name=\"twitter:data1\" content=\"3 perc\" \/>\n<!-- \/ Yoast SEO plugin. -->","yoast_head_json":{"title":"Geiger zsaluzia motorok | NEVA","description":"Geiger motorok min\u0151s\u00e9gi kidolgoz\u00e1sa garancia a megb\u00edzhat\u00f3s\u00e1gra, az energiatakar\u00e9kos m\u0171k\u00f6d\u00e9sre \u00e9s a minim\u00e1lis zajra","robots":{"index":"index","follow":"follow","max-snippet":"max-snippet:-1","max-image-preview":"max-image-preview:large","max-video-preview":"max-video-preview:-1"},"canonical":"https:\/\/nevask.eu\/hu\/okosotthon-vezerles\/okosotthon-geiger\/","og_locale":"hu_HU","og_type":"article","og_title":"Geiger zsaluzia motorok | NEVA","og_description":"Geiger motorok min\u0151s\u00e9gi kidolgoz\u00e1sa garancia a megb\u00edzhat\u00f3s\u00e1gra, az energiatakar\u00e9kos m\u0171k\u00f6d\u00e9sre \u00e9s a minim\u00e1lis zajra","og_url":"https:\/\/nevask.eu\/hu\/okosotthon-vezerles\/okosotthon-geiger\/","og_site_name":"NEVA","article_modified_time":"2025-09-10T12:15:31+00:00","twitter_card":"summary_large_image","twitter_misc":{"Becs\u00fclt olvas\u00e1si id\u0151":"3 perc"},"schema":{"@context":"https:\/\/schema.org","@graph":[{"@type":"WebPage","@id":"https:\/\/nevask.eu\/hu\/okosotthon-vezerles\/okosotthon-geiger\/","url":"https:\/\/nevask.eu\/hu\/okosotthon-vezerles\/okosotthon-geiger\/","name":"Geiger zsaluzia motorok | NEVA","isPartOf":{"@id":"https:\/\/nevask.eu\/hu\/#website"},"datePublished":"2025-07-08T06:54:55+00:00","dateModified":"2025-09-10T12:15:31+00:00","description":"Geiger motorok min\u0151s\u00e9gi kidolgoz\u00e1sa garancia a megb\u00edzhat\u00f3s\u00e1gra, az energiatakar\u00e9kos m\u0171k\u00f6d\u00e9sre \u00e9s a minim\u00e1lis zajra","breadcrumb":{"@id":"https:\/\/nevask.eu\/hu\/okosotthon-vezerles\/okosotthon-geiger\/#breadcrumb"},"inLanguage":"hu","potentialAction":[{"@type":"ReadAction","target":["https:\/\/nevask.eu\/hu\/okosotthon-vezerles\/okosotthon-geiger\/"]}]},{"@type":"BreadcrumbList","@id":"https:\/\/nevask.eu\/hu\/okosotthon-vezerles\/okosotthon-geiger\/#breadcrumb","itemListElement":[{"@type":"ListItem","position":1,"name":"Home","item":"https:\/\/nevask.eu\/hu\/"},{"@type":"ListItem","position":2,"name":"Okosotthon vezerl\u00e9s","item":"https:\/\/nevask.eu\/hu\/okosotthon-vezerles\/"},{"@type":"ListItem","position":3,"name":"Geiger motorok"}]},{"@type":"WebSite","@id":"https:\/\/nevask.eu\/hu\/#website","url":"https:\/\/nevask.eu\/hu\/","name":"NEVA","description":"Vonkaj\u0161ie \u017eal\u00fazie a screenov\u00e9 rolety","potentialAction":[{"@type":"SearchAction","target":{"@type":"EntryPoint","urlTemplate":"https:\/\/nevask.eu\/hu\/?s={search_term_string}"},"query-input":{"@type":"PropertyValueSpecification","valueRequired":true,"valueName":"search_term_string"}}],"inLanguage":"hu"}]}},"_links":{"self":[{"href":"https:\/\/nevask.eu\/hu\/wp-json\/wp\/v2\/pages\/6046","targetHints":{"allow":["GET"]}}],"collection":[{"href":"https:\/\/nevask.eu\/hu\/wp-json\/wp\/v2\/pages"}],"about":[{"href":"https:\/\/nevask.eu\/hu\/wp-json\/wp\/v2\/types\/page"}],"author":[{"embeddable":true,"href":"https:\/\/nevask.eu\/hu\/wp-json\/wp\/v2\/users\/52"}],"replies":[{"embeddable":true,"href":"https:\/\/nevask.eu\/hu\/wp-json\/wp\/v2\/comments?post=6046"}],"version-history":[{"count":7,"href":"https:\/\/nevask.eu\/hu\/wp-json\/wp\/v2\/pages\/6046\/revisions"}],"predecessor-version":[{"id":10212,"href":"https:\/\/nevask.eu\/hu\/wp-json\/wp\/v2\/pages\/6046\/revisions\/10212"}],"up":[{"embeddable":true,"href":"https:\/\/nevask.eu\/hu\/wp-json\/wp\/v2\/pages\/6341"}],"wp:attachment":[{"href":"https:\/\/nevask.eu\/hu\/wp-json\/wp\/v2\/media?parent=6046"}],"curies":[{"name":"wp","href":"https:\/\/api.w.org\/{rel}","templated":true}]}}