{"id":6109,"date":"2025-07-22T12:08:00","date_gmt":"2025-07-22T10:08:00","guid":{"rendered":"https:\/\/nevask.eu\/?page_id=6109"},"modified":"2026-01-07T12:45:30","modified_gmt":"2026-01-07T11:45:30","slug":"somfy-motorok","status":"publish","type":"page","link":"https:\/\/nevask.eu\/hu\/okosotthon-vezerles\/somfy-motorok\/","title":{"rendered":"Somfy motorok"},"content":{"rendered":"\n\n\n\n\n\n<div class=\"section narrow white\">\n\t<div class=\"container\">\n\t\t<div class=\"cell\">\n\t\t\t<ul class=\"breadcrumbs\">\n\t\t\t\t<li><a href=\"https:\/\/nevask.eu\/hu\/\">Home<\/a><\/li>\n\n\t\t\t\t\n\t\t\t<\/ul>\n\t\t<\/div>\n\t<\/div>\n<\/div>\n\n\n\n\n\n<div  class=\"section white\">\n\t<div class=\"container\">\n\t\t<div class=\"cell image h420\">\n\n\t\t\t\t\t\t\t<img decoding=\"async\" src=\"https:\/\/nevask.eu\/wp-content\/uploads\/2025\/07\/Somfy_motor_J4S_io_Protect-copy.jpg.webp\" alt=\"Tich\u00fd motor Somfy J4S io Protect pre \u017eal\u00fazie\">\n\t\t\t\n\t\t<\/div>\n\t<\/div>\n<\/div>\n\n\n\n\n\n\n\n\n<div  class=\"section white\">\n\t<div class=\"container cols-80p-20p\">\n\n\t\t\n\n\n\t\t<div class=\"cell\">\n\n\t\t\t<h1 class=\"u-align-left u-text u-text-1\">SOMFY<br \/>\nInteligens k\u00fclt\u00e9ri \u00e1rny\u00e9kol\u00e1s<\/h1>\n<p class=\"p1 p-large\"><span class=\"s1\">A Somfy motorral szerelt k\u00fclt\u00e9ri zsaluzi\u00e1k \u00e9s zipscreen naph\u00e1l\u00f3k energiahat\u00e9konyak, fokozott biztons\u00e1got \u00e9s maxim\u00e1lis k\u00e9nyelmet biztos\u00edtanak az \u00d6n sz\u00e1m\u00e1ra.<br \/>\n<\/span><\/p>\n<p><a href=\"https:\/\/nevask.eu\/hu\/kulteri-zsaluzia-neva\/\">Zsaluzi\u00e1khoz<\/a> \u00e9s\u00a0 <a href=\"https:\/\/nevask.eu\/hu\/screen-naphalo-neva\/\">zipscreenekhez<\/a> vil\u00e1gszerte \u00edgy Magyarorsz\u00e1gon is a Somfy motorok a legn\u00e9pszer\u0171bbek. A motorok mellett a Somfy sz\u00e9les v\u00e1laszt\u00e9kban k\u00edn\u00e1l falikapcsol\u00f3kat \u00e9s t\u00e1vir\u00e1ny\u00edt\u00f3kat, valamint praktikus \u00e9rz\u00e9kel\u0151ket.<\/p>\n\n\t\t\t\n\t\t<\/div>\n\n\n\n\t\t\n\t<\/div>\n<\/div>\n\n\n\n\n\n<div  class=\"section white\">\n\t<div class=\"container col-70p-center left\">\n\t\t<div class=\"cell\">\n\t\t\t\t\t<\/div>\n\t<\/div>\n<\/div>\n\n\n\n\n\n<div  class=\"section white\">\n\t<div class=\"container full left\">\n\t\t<div class=\"cell\">\n\t\t\t<h2 class=\"u-text u-text-default-lg u-text-default-md u-text-default-xl u-text-default-xxl u-text-1\">Legn\u00e9pszer\u0171bb Somfy motorok zsaluzi\u00e1khoz \u00e9s zipscreenekhez<\/h2>\n<ul class=\"u-text u-text-default u-text-2\">\n<li>J4 WT\u00a0\u2013 \u200balap \u00e9s univerz\u00e1lis vezet\u00e9kes motor<\/li>\n<li>J4 WT Protect\u00a0\u2013 \u200buniverz\u00e1lis motor akad\u00e1ly\u00e9rz\u00e9kel\u0151 funkci\u00f3val<\/li>\n<li>J4 io Protect\u00a0\u2013 \u200bakad\u00e1ly\u00e9rz\u00e9kel\u0151 funkci\u00f3val \u00e9s be\u00e9p\u00edtett io-homecontrol vev\u0151egys\u00e9ggel ell\u00e1tott motor, automatiz\u00e1lt otthonokhoz (leggyakrabban eladott motor)<\/li>\n<\/ul>\n\t\t<\/div>\n\t<\/div>\n<\/div>\n\n\n\n\n\n\n\n\n<div  class=\"section white\">\n\t<div class=\"container cols-50p\">\n\n\t\t\n\n\n\t\t<div class=\"cell\">\n\n\t\t\t<h2 class=\"u-text u-text-default u-text-palette-2-base u-text-2\">Motor Somfy J4S<\/h2>\n<p>A zsaluzi\u00e1k elind\u00edt\u00e1sa vagy meg\u00e1ll\u00edt\u00e1sa k\u00f6zben eddig egy tipikus f\u00e9kcsattan\u00e1s hallatszott. Ez kifejezetten zavar\u00f3 lehet, k\u00fcl\u00f6n\u00f6sen ha h\u00e1l\u00f3szoba vagy gyerekszoba ablakain\u00e1l vannak. Az \u00faj J4S motorn\u00e1l teljesen megsz\u0171nt ez a jellegzetes csattan\u00e1st, \u00e9s \u00edgy a motor t\u00f6bb mint 5 dB-el csendesebb lett<\/p>\n\n\t\t\t\n\t\t<\/div>\n\n\n\n\t\t\n\t\t\t<div class=\"cell center vcenter\">\n\t\t\t\t<img decoding=\"async\" src=\"https:\/\/nevask.eu\/wp-content\/uploads\/2025\/07\/J4SioProtect-logo01-1024x647.png\" alt=\"\">\n\t\t\t<\/div>\n\n\t\t\n\t<\/div>\n<\/div>\n\n\n\n\n\n<div  class=\"section dark\">\n\t<div class=\"container full left\">\n\t\t<div class=\"cell\">\n\t\t\t<p><img loading=\"lazy\" decoding=\"async\" class=\"alignnone wp-image-2093\" src=\"https:\/\/nevask.eu\/wp-content\/uploads\/2025\/07\/hash-nevapartner_4-300x61.png\" alt=\"hashtag nevapartner - modr\u00e9 na bielom\" width=\"220\" height=\"44\" srcset=\"https:\/\/nevask.eu\/wp-content\/uploads\/2025\/07\/hash-nevapartner_4-300x61.png 300w, https:\/\/nevask.eu\/wp-content\/uploads\/2025\/07\/hash-nevapartner_4.png 689w\" sizes=\"auto, (max-width: 220px) 100vw, 220px\" \/><\/p>\n<p class=\"p-large\" style=\"text-align: left\">A <a href=\"https:\/\/nevask.eu\/hu\/neva-viszonteladok\/\">#nevapartner h\u00e1l\u00f3zatba<\/a> tartoz\u00f3 viszontelad\u00f3 \u00e9s telep\u00edt\u0151 partnereink k\u00e9szs\u00e9ggel \u00e1llnak rendelkez\u00e9s\u00e9re, amennyiben m\u0171szaki tan\u00e1csra, vagy term\u00e9kmint\u00e1kra van sz\u00fcks\u00e9ge a legmegfelel\u0151bb NEVA \u00e1rny\u00e9kol\u00f3 kiv\u00e1laszt\u00e1s\u00e1hoz. Ezut\u00e1n m\u00e1r csak egy l\u00e9p\u00e9sre van az <a href=\"https:\/\/nevask.eu\/hu\/arajanlat\/\">\u00e1raj\u00e1nlat<\/a> kidolgoz\u00e1s\u00e1t\u00f3l.<\/p>\n\t\t<\/div>\n\t<\/div>\n<\/div>\n\n\n\n\n\n<div class=\"section white\">\n\t<div class=\"container\">\n\t\t<div class=\"cell\">\n\t\t\t<hr class=\"separator\">\n\t\t<\/div>\n\t<\/div>\n<\/div>\n","protected":false},"excerpt":{"rendered":"","protected":false},"author":52,"featured_media":0,"parent":6341,"menu_order":0,"comment_status":"closed","ping_status":"closed","template":"","meta":{"_acf_changed":false,"inline_featured_image":false,"footnotes":""},"class_list":["post-6109","page","type-page","status-publish","hentry"],"acf":[],"yoast_head":"<!-- This site is optimized with the Yoast SEO plugin v27.5 - https:\/\/yoast.com\/product\/yoast-seo-wordpress\/ -->\n<title>Somfy motorok zsaluzi\u00e1khoz \u00e9s zipscreenekhez | nevask.eu<\/title>\n<meta name=\"description\" content=\"A Somfy motorral szerelt k\u00fclt\u00e9ri zsaluzi\u00e1i \u00e9s zipscreenjei energiahat\u00e9konyak, fokozott biztons\u00e1got \u00e9s maxim\u00e1lis k\u00e9nyelmet biztos\u00edtanak az \u00d6n sz\u00e1m\u00e1ra.\" \/>\n<meta name=\"robots\" content=\"index, follow, max-snippet:-1, max-image-preview:large, max-video-preview:-1\" \/>\n<link rel=\"canonical\" href=\"https:\/\/nevask.eu\/hu\/okosotthon-vezerles\/somfy-motorok\/\" \/>\n<meta property=\"og:locale\" content=\"hu_HU\" \/>\n<meta property=\"og:type\" content=\"article\" \/>\n<meta property=\"og:title\" content=\"Somfy motorok zsaluzi\u00e1khoz \u00e9s zipscreenekhez | nevask.eu\" \/>\n<meta property=\"og:description\" content=\"A Somfy motorral szerelt k\u00fclt\u00e9ri zsaluzi\u00e1i \u00e9s zipscreenjei energiahat\u00e9konyak, fokozott biztons\u00e1got \u00e9s maxim\u00e1lis k\u00e9nyelmet biztos\u00edtanak az \u00d6n sz\u00e1m\u00e1ra.\" \/>\n<meta property=\"og:url\" content=\"https:\/\/nevask.eu\/hu\/okosotthon-vezerles\/somfy-motorok\/\" \/>\n<meta property=\"og:site_name\" content=\"NEVA\" \/>\n<meta property=\"article:modified_time\" content=\"2026-01-07T11:45:30+00:00\" \/>\n<meta name=\"twitter:card\" content=\"summary_large_image\" \/>\n<meta name=\"twitter:label1\" content=\"Becs\u00fclt olvas\u00e1si id\u0151\" \/>\n\t<meta name=\"twitter:data1\" content=\"2 perc\" \/>\n<!-- \/ Yoast SEO plugin. -->","yoast_head_json":{"title":"Somfy motorok zsaluzi\u00e1khoz \u00e9s zipscreenekhez | nevask.eu","description":"A Somfy motorral szerelt k\u00fclt\u00e9ri zsaluzi\u00e1i \u00e9s zipscreenjei energiahat\u00e9konyak, fokozott biztons\u00e1got \u00e9s maxim\u00e1lis k\u00e9nyelmet biztos\u00edtanak az \u00d6n sz\u00e1m\u00e1ra.","robots":{"index":"index","follow":"follow","max-snippet":"max-snippet:-1","max-image-preview":"max-image-preview:large","max-video-preview":"max-video-preview:-1"},"canonical":"https:\/\/nevask.eu\/hu\/okosotthon-vezerles\/somfy-motorok\/","og_locale":"hu_HU","og_type":"article","og_title":"Somfy motorok zsaluzi\u00e1khoz \u00e9s zipscreenekhez | nevask.eu","og_description":"A Somfy motorral szerelt k\u00fclt\u00e9ri zsaluzi\u00e1i \u00e9s zipscreenjei energiahat\u00e9konyak, fokozott biztons\u00e1got \u00e9s maxim\u00e1lis k\u00e9nyelmet biztos\u00edtanak az \u00d6n sz\u00e1m\u00e1ra.","og_url":"https:\/\/nevask.eu\/hu\/okosotthon-vezerles\/somfy-motorok\/","og_site_name":"NEVA","article_modified_time":"2026-01-07T11:45:30+00:00","twitter_card":"summary_large_image","twitter_misc":{"Becs\u00fclt olvas\u00e1si id\u0151":"2 perc"},"schema":{"@context":"https:\/\/schema.org","@graph":[{"@type":"WebPage","@id":"https:\/\/nevask.eu\/hu\/okosotthon-vezerles\/somfy-motorok\/","url":"https:\/\/nevask.eu\/hu\/okosotthon-vezerles\/somfy-motorok\/","name":"Somfy motorok zsaluzi\u00e1khoz \u00e9s zipscreenekhez | nevask.eu","isPartOf":{"@id":"https:\/\/nevask.eu\/hu\/#website"},"datePublished":"2025-07-22T10:08:00+00:00","dateModified":"2026-01-07T11:45:30+00:00","description":"A Somfy motorral szerelt k\u00fclt\u00e9ri zsaluzi\u00e1i \u00e9s zipscreenjei energiahat\u00e9konyak, fokozott biztons\u00e1got \u00e9s maxim\u00e1lis k\u00e9nyelmet biztos\u00edtanak az \u00d6n sz\u00e1m\u00e1ra.","breadcrumb":{"@id":"https:\/\/nevask.eu\/hu\/okosotthon-vezerles\/somfy-motorok\/#breadcrumb"},"inLanguage":"hu","potentialAction":[{"@type":"ReadAction","target":["https:\/\/nevask.eu\/hu\/okosotthon-vezerles\/somfy-motorok\/"]}]},{"@type":"BreadcrumbList","@id":"https:\/\/nevask.eu\/hu\/okosotthon-vezerles\/somfy-motorok\/#breadcrumb","itemListElement":[{"@type":"ListItem","position":1,"name":"Home","item":"https:\/\/nevask.eu\/hu\/"},{"@type":"ListItem","position":2,"name":"Okosotthon vezerl\u00e9s","item":"https:\/\/nevask.eu\/hu\/okosotthon-vezerles\/"},{"@type":"ListItem","position":3,"name":"Somfy motorok"}]},{"@type":"WebSite","@id":"https:\/\/nevask.eu\/hu\/#website","url":"https:\/\/nevask.eu\/hu\/","name":"NEVA","description":"Vonkaj\u0161ie \u017eal\u00fazie a screenov\u00e9 rolety","potentialAction":[{"@type":"SearchAction","target":{"@type":"EntryPoint","urlTemplate":"https:\/\/nevask.eu\/hu\/?s={search_term_string}"},"query-input":{"@type":"PropertyValueSpecification","valueRequired":true,"valueName":"search_term_string"}}],"inLanguage":"hu"}]}},"_links":{"self":[{"href":"https:\/\/nevask.eu\/hu\/wp-json\/wp\/v2\/pages\/6109","targetHints":{"allow":["GET"]}}],"collection":[{"href":"https:\/\/nevask.eu\/hu\/wp-json\/wp\/v2\/pages"}],"about":[{"href":"https:\/\/nevask.eu\/hu\/wp-json\/wp\/v2\/types\/page"}],"author":[{"embeddable":true,"href":"https:\/\/nevask.eu\/hu\/wp-json\/wp\/v2\/users\/52"}],"replies":[{"embeddable":true,"href":"https:\/\/nevask.eu\/hu\/wp-json\/wp\/v2\/comments?post=6109"}],"version-history":[{"count":14,"href":"https:\/\/nevask.eu\/hu\/wp-json\/wp\/v2\/pages\/6109\/revisions"}],"predecessor-version":[{"id":11836,"href":"https:\/\/nevask.eu\/hu\/wp-json\/wp\/v2\/pages\/6109\/revisions\/11836"}],"up":[{"embeddable":true,"href":"https:\/\/nevask.eu\/hu\/wp-json\/wp\/v2\/pages\/6341"}],"wp:attachment":[{"href":"https:\/\/nevask.eu\/hu\/wp-json\/wp\/v2\/media?parent=6109"}],"curies":[{"name":"wp","href":"https:\/\/api.w.org\/{rel}","templated":true}]}}