{"id":6112,"date":"2025-07-22T11:09:52","date_gmt":"2025-07-22T09:09:52","guid":{"rendered":"https:\/\/nevask.eu\/?page_id=6112"},"modified":"2026-04-01T08:26:20","modified_gmt":"2026-04-01T06:26:20","slug":"somfy-vezerlok","status":"publish","type":"page","link":"https:\/\/nevask.eu\/hu\/okosotthon-vezerles\/somfy-vezerlok\/","title":{"rendered":"Somfy vez\u00e9rl\u0151k"},"content":{"rendered":"\n\n\n\n\n\n<div class=\"section narrow white\">\n\t<div class=\"container\">\n\t\t<div class=\"cell\">\n\t\t\t<ul class=\"breadcrumbs\">\n\t\t\t\t<li><a href=\"https:\/\/nevask.eu\/hu\/\">Home<\/a><\/li>\n\n\t\t\t\t\n\t\t\t<\/ul>\n\t\t<\/div>\n\t<\/div>\n<\/div>\n\n\n\n\n\n<div  class=\"section full-image\">\n\t<div class=\"container\">\n\t\t<div class=\"cell image h420\">\n\n\t\t\t\t\t\t\t<img decoding=\"async\" src=\"https:\/\/nevask.eu\/wp-content\/uploads\/2025\/07\/Ysia-4.jpg.webp\" alt=\"\">\n\t\t\t\n\t\t<\/div>\n\t<\/div>\n<\/div>\n\n\n\n\n\n<div  class=\"section white\">\n\t<div class=\"container full left\">\n\t\t<div class=\"cell\">\n\t\t\t<h1>Somfy falikapcsol\u00f3k \u00e9s t\u00e1vir\u00e1ny\u00edt\u00f3s vez\u00e9rl\u0151k<\/h1>\n\t\t<\/div>\n\t<\/div>\n<\/div>\n\n\n\n\n\n\n\n\n<div  class=\"section white\">\n\t<div class=\"container cols-40p-60p\">\n\n\t\t\n\t\t\t<div class=\"cell center top\">\n\t\t\t\t<img decoding=\"async\" src=\"https:\/\/nevask.eu\/wp-content\/uploads\/2026\/04\/Ysia-black-white-double-picture-946x1024.webp\" alt=\"Ysia patio black white\">\n\t\t\t<\/div>\n\n\t\t\n\n\n\t\t<div class=\"cell\">\n\n\t\t\t<div class=\"subheading\">T\u00e1vir\u00e1ny\u00edt\u00f3<\/div>\n<h2 class=\"u-text u-text-default u-text-3\">16-csatorn\u00e1s t\u00e1vir\u00e1ny\u00edt\u00f3 Somfy Ysia Patio io<\/h2>\n<p>A Somfy Ysia Patio io t\u00e1vir\u00e1ny\u00edt\u00f3 ide\u00e1lis modern otthonokba, ahol t\u00f6bbf\u00e9le \u00e1rny\u00e9kol\u00f3 \u00e9s vil\u00e1g\u00edt\u00e1si elem tal\u00e1lhat\u00f3, p\u00e9ld\u00e1ul <a href=\"https:\/\/nevask.eu\/hu\/kulteri-zsaluzia\/\">k\u00fclt\u00e9ri zsaluzi\u00e1k<\/a>, <a href=\"https:\/\/nevask.eu\/hu\/screen-naphalo\/\">screen naph\u00e1l\u00f3k<\/a> vagy gar\u00e1zskapuk.<\/p>\n<p>Leny\u0171g\u00f6zi minimalista kialak\u00edt\u00e1s\u00e1val. Sz\u00ednes \u00e9s k\u00f6nnyen leolvashat\u00f3 kijelz\u0151vel, valamint intuit\u00edv kezel\u00e9ssel rendelkezik. Nagy ellen\u00e1ll\u00e1s\u00e1nak k\u00f6sz\u00f6nhet\u0151en k\u00fclt\u00e9ri haszn\u00e1latra is alkalmas. Feh\u00e9r \u00e9s antracit sz\u00ednben kaphat\u00f3.<\/p>\n\n\t\t\t\n\t\t<\/div>\n\n\n\n\t\t\n\t<\/div>\n<\/div>\n\n\n\n\n\n<div class=\"section white\">\n\t<div class=\"container\">\n\t\t<div class=\"cell\">\n\t\t\t<hr class=\"separator\">\n\t\t<\/div>\n\t<\/div>\n<\/div>\n\n\n\n\n\n\n\n\n<div  class=\"section white\">\n\t<div class=\"container cols-40p-60p\">\n\n\t\t\n\t\t\t<div class=\"cell center top\">\n\t\t\t\t<img decoding=\"async\" src=\"https:\/\/nevask.eu\/wp-content\/uploads\/2025\/10\/Situo-Variation-5-io-Pure-ovladac.jpg.webp\" alt=\"Somfy t\u00e1vir\u00e1ny\u00edt\u00f3 SITUO 5 Variation A\/M io Pure II\">\n\t\t\t<\/div>\n\n\t\t\n\n\n\t\t<div class=\"cell\">\n\n\t\t\t<h2 class=\"u-text u-text-default u-text-3\">Somfy t\u00e1vir\u00e1ny\u00edt\u00f3<br \/>\nSITUO 5 Variation A\/M io Pure II<\/h2>\n<p>&nbsp;<\/p>\n<p>A Situo 5 io Variation egy \u00f6tcsatorn\u00e1s t\u00e1vir\u00e1ny\u00edt\u00f3, amely ak\u00e1r \u00f6t berendez\u00e9s, p\u00e9ld\u00e1ul zsaluzi\u00e1k, red\u0151ny\u00f6k, napellenz\u0151k, vagy szab\u00e1lyozhat\u00f3 f\u00e9nyerej\u0171 l\u00e1mp\u00e1k vez\u00e9rl\u00e9s\u00e9re szolg\u00e1l.<\/p>\n<ul>\n<li><strong>Alapvet\u0151 vez\u00e9rl\u00e9s a Fel \/ My \/ Le<\/strong> gombokkal<\/li>\n<li><strong>K\u00f6ztes poz\u00edci\u00f3 funkci\u00f3<\/strong> &#8211; lehet\u0151v\u00e9 teszi a gyakran haszn\u00e1lt zsaluzia poz\u00edci\u00f3 ment\u00e9s\u00e9t, majd a <strong>&#8222;My&#8221;<\/strong> gomb egyetlen megnyom\u00e1s\u00e1val t\u00f6rt\u00e9n\u0151 <strong>azonnali el\u0151h\u00edv\u00e1s\u00e1t<\/strong><\/li>\n<li><strong>Zsaluzia lamell\u00e1k billent\u00e9s\u00e9re<\/strong> vagy a vil\u00e1g\u00edt\u00e1s intenzit\u00e1s\u00e1nak szab\u00e1lyoz\u00e1s\u00e1ra is tervezve<\/li>\n<li>Az <strong>Auto \/ Manu funkci\u00f3<\/strong> lehet\u0151v\u00e9 teszi az automatikus \u00e9s a manu\u00e1lis \u00fczemm\u00f3d k\u00f6z\u00f6tti v\u00e1lt\u00e1st<\/li>\n<li>Egyir\u00e1ny\u00fa t\u00e1vir\u00e1ny\u00edt\u00f3<\/li>\n<\/ul>\n<p>&nbsp;<\/p>\n\n\t\t\t\n\t\t<\/div>\n\n\n\n\t\t\n\t<\/div>\n<\/div>\n\n\n\n\n\n<div class=\"section white\">\n\t<div class=\"container\">\n\t\t<div class=\"cell\">\n\t\t\t<hr class=\"separator\">\n\t\t<\/div>\n\t<\/div>\n<\/div>\n\n\n\n\n\n\n\n\n<div  class=\"section white\">\n\t<div class=\"container cols-40p-60p\">\n\n\t\t\n\t\t\t<div class=\"cell center top\">\n\t\t\t\t<img decoding=\"async\" src=\"https:\/\/nevask.eu\/wp-content\/uploads\/2025\/10\/Amy-4-Modes-io-ovladac-zboku-copy.png.webp\" alt=\"Somfy Amy 4 Channel Modes io fali kapcsol\u00f3\">\n\t\t\t<\/div>\n\n\t\t\n\n\n\t\t<div class=\"cell\">\n\n\t\t\t<h2>Somfy Amy 4 Channel Modes io fali kapcsol\u00f3<\/h2>\n<p>Vezet\u00e9k n\u00e9lk\u00fcli, 4 csatorn\u00e1s fali vez\u00e9rl\u0151 ak\u00e1r 4 io motor, io berendez\u00e9s csoport vagy m\u00e1s io berendez\u00e9s vez\u00e9rl\u00e9s\u00e9hez.<\/p>\n<ul>\n<li>Helyi, csoportos vagy k\u00f6zponti vez\u00e9rl\u00e9s lehet\u0151s\u00e9ge<\/li>\n<li>A vez\u00e9rl\u0151 h\u00e1tulj\u00e1n tal\u00e1lhat\u00f3 MODE gombbal v\u00e1lthat \u00fczemm\u00f3dot (pl. red\u0151ny vagy zsaluzia).<\/li>\n<li>A <strong>&#8222;My&#8221;<\/strong> gombbal mentheti \u00e9s gyorsan el\u0151h\u00edvhatja a kedvenc poz\u00edci\u00f3t.<\/li>\n<li>A 4 csatorna lehet\u0151v\u00e9 teszi ak\u00e1r 4 zsaluzia, vagy ak\u00e1r 4 zsaluzi\u00e1b\u00f3l \u00e1ll\u00f3 csoport egyidej\u0171, egym\u00e1st\u00f3l f\u00fcggetlen vez\u00e9rl\u00e9s\u00e9t egy helyr\u0151l.<\/li>\n<li>A telep\u00edt\u00e9shez nincs sz\u00fcks\u00e9g szerel\u0151dobozra vagy t\u00e1pegys\u00e9gre.<\/li>\n<li>A csomag tartalmaz egy szerel\u0151panelt a falra szerel\u00e9shez.<\/li>\n<li>A LED kijelz\u0151 jelzi a parancs k\u00fcld\u00e9s\u00e9t \u00e9s az akkumul\u00e1tor \u00e1llapot\u00e1t.<\/li>\n<li>A csomag tartalma: vez\u00e9rl\u0151modul, keret \u00e9s akkumul\u00e1tor.<\/li>\n<\/ul>\n\n\t\t\t\n\t\t<\/div>\n\n\n\n\t\t\n\t<\/div>\n<\/div>\n\n\n\n\n\n<div class=\"section white\">\n\t<div class=\"container\">\n\t\t<div class=\"cell\">\n\t\t\t<hr class=\"separator\">\n\t\t<\/div>\n\t<\/div>\n<\/div>\n\n\n\n\n\n\n\n\n<div  class=\"section white\">\n\t<div class=\"container cols-40p-60p\">\n\n\t\t\n\t\t\t<div class=\"cell center top\">\n\t\t\t\t<img decoding=\"async\" src=\"https:\/\/nevask.eu\/wp-content\/uploads\/2025\/10\/Amy-1-A-M-Modes-io-ovladac-zboku-copy.png.webp\" alt=\"Somfy Amy 1 Channel Auto\/Manu Modes io fali kapcsol\u00f3\">\n\t\t\t<\/div>\n\n\t\t\n\n\n\t\t<div class=\"cell\">\n\n\t\t\t<h2>Somfy Amy 1 Channel Auto\/Manu Modes io fali kapcsol\u00f3<\/h2>\n<p>Vezet\u00e9k n\u00e9lk\u00fcli fali vez\u00e9rl\u0151 egy vagy t\u00f6bb motor vez\u00e9rl\u00e9s\u00e9hez. Lehet\u0151v\u00e9 teszi a red\u0151ny \u00e9s zsaluzia \u00fczemm\u00f3d k\u00f6z\u00f6tti v\u00e1lt\u00e1st.<\/p>\n<p>A be\u00e9p\u00edtett h\u0151m\u00e9rs\u00e9klet-\u00e9rz\u00e9kel\u0151 lehet\u0151v\u00e9 teszi a zsaluzi\u00e1k intelligens be\u00e1ll\u00edt\u00e1s\u00e1t az aktu\u00e1lis h\u0151m\u00e9rs\u00e9kletnek megfelel\u0151en \u2013 csak \u00e1ll\u00edtson be forgat\u00f3k\u00f6nyveket a k\u00fcl\u00f6nb\u00f6z\u0151 helyzetekhez a Somfy TaHoma rendszerben.<\/p>\n<ul>\n<li><strong>Helyi, csoportos vagy k\u00f6zponti vez\u00e9rl\u00e9si<\/strong> lehet\u0151s\u00e9gek<\/li>\n<li>A vez\u00e9rl\u0151 h\u00e1tulj\u00e1n tal\u00e1lhat\u00f3 <strong>MODE<\/strong> gombbal v\u00e1lthat az \u00fczemm\u00f3dra (pl. <strong>red\u0151ny vagy zsaluzia<\/strong>).<\/li>\n<li>A <strong>\u201eMy\u201d<\/strong> gombbal mentheti \u00e9s gyorsan el\u0151h\u00edvhatja kedvenc zsaluzia, vagy zipscreen naph\u00e1l\u00f3 poz\u00edci\u00f3j\u00e1t.<\/li>\n<li>Az <strong>Auto\/Manu<\/strong> <strong>kapcsol\u00f3val<\/strong> lev\u00e1laszthatja a vev\u0151egys\u00e9get m\u00e1s vez\u00e9rl\u0151kr\u0151l, amelyek automatikus parancsokkal vez\u00e9relhetik az eszk\u00f6zt (pl. TaHoma vagy nap\u00e9rz\u00e9kel\u0151).<\/li>\n<li>A <strong>be\u00e9p\u00edtett h\u0151m\u00e9rs\u00e9klet-\u00e9rz\u00e9kel\u0151<\/strong> lehet\u0151v\u00e9 teszi fejlett <strong>automatiz\u00e1l\u00e1si forgat\u00f3k\u00f6nyvek<\/strong> l\u00e9trehoz\u00e1s\u00e1t a <a href=\"https:\/\/nevask.eu\/hu\/okosotthon-vezerles\/okosotthon-vezerles-somfy\/\">TaHoma<\/a> rendszerben.<\/li>\n<li>A telep\u00edt\u00e9shez <strong>nincs sz\u00fcks\u00e9g szerel\u0151dobozra vagy t\u00e1pegys\u00e9gre<\/strong>.<\/li>\n<li>A csomag tartalmaz egy falra szerelhet\u0151 <strong>szerel\u0151panelt<\/strong>.<\/li>\n<li>A <strong>LED jelz\u0151f\u00e9ny<\/strong> jelzi a parancs k\u00fcld\u00e9s\u00e9t \u00e9s az akkumul\u00e1tor \u00e1llapot\u00e1t.<\/li>\n<li><strong>A csomag tartalma<\/strong>: vez\u00e9rl\u0151modul, keret \u00e9s akkumul\u00e1tor.<\/li>\n<\/ul>\n<p>&nbsp;<\/p>\n\n\t\t\t\n\t\t<\/div>\n\n\n\n\t\t\n\t<\/div>\n<\/div>\n\n\n\n\n\n<div class=\"section white\">\n\t<div class=\"container\">\n\t\t<div class=\"cell\">\n\t\t\t<hr class=\"separator\">\n\t\t<\/div>\n\t<\/div>\n<\/div>\n\n\n\n\n\n\n\n\n<div  class=\"section white\">\n\t<div class=\"container cols-40p-60p\">\n\n\t\t\n\t\t\t<div class=\"cell center top\">\n\t\t\t\t<img decoding=\"async\" src=\"https:\/\/nevask.eu\/wp-content\/uploads\/2025\/10\/Amy-1-Modes-io-ovladac-zboku-copy.png.webp\" alt=\"Somfy Amy 1 Channel Modes io fali kapcsol\u00f3\">\n\t\t\t<\/div>\n\n\t\t\n\n\n\t\t<div class=\"cell\">\n\n\t\t\t<h2>Somfy Amy 1 Channel Modes io fali kapcsol\u00f3<\/h2>\n<p>Az intelligens vezet\u00e9k n\u00e9lk\u00fcli fali vez\u00e9rl\u0151 egy vagy t\u00f6bb io-motor vez\u00e9rl\u00e9s\u00e9re szolg\u00e1l.<\/p>\n<p>Egyszerre egy, vagy t\u00f6bb zsaluzi\u00e1t is vez\u00e9relhet. V\u00e1lt\u00e1st k\u00edn\u00e1l a red\u0151ny \u00e9s a zsaluzia \u00fczemm\u00f3dok k\u00f6z\u00f6tt.<\/p>\n<p>A be\u00e9p\u00edtett h\u0151m\u00e9rs\u00e9klet-\u00e9rz\u00e9kel\u0151 lehet\u0151v\u00e9 teszi a red\u0151ny\u00f6k automatikus be\u00e1ll\u00edt\u00e1s\u00e1t az aktu\u00e1lis h\u0151m\u00e9rs\u00e9kletnek megfelel\u0151en \u2013 a TaHoma rendszerhez val\u00f3 csatlakoz\u00e1snak k\u00f6sz\u00f6nhet\u0151en.<\/p>\n<ul>\n<li>Helyi, csoportos vagy k\u00f6zponti vez\u00e9rl\u00e9s lehet\u0151s\u00e9ge<\/li>\n<li>A vez\u00e9rl\u0151 h\u00e1tulj\u00e1n tal\u00e1lhat\u00f3 MODE gombbal v\u00e1lthat \u00fczemm\u00f3dot (pl. red\u0151ny vagy zsaluzia).<\/li>\n<li>A <strong>&#8222;My&#8221;<\/strong> gombbal mentheti \u00e9s gyorsan el\u0151h\u00edvhatja a kedvenc poz\u00edci\u00f3t.<\/li>\n<li>A be\u00e9p\u00edtett h\u0151m\u00e9rs\u00e9klet-\u00e9rz\u00e9kel\u0151 lehet\u0151v\u00e9 teszi fejlett automatiz\u00e1l\u00e1si forgat\u00f3k\u00f6nyvek l\u00e9trehoz\u00e1s\u00e1t a TaHoma rendszerben.<\/li>\n<li>A telep\u00edt\u00e9shez nincs sz\u00fcks\u00e9g szerel\u0151dobozra, vagy elektromos k\u00e1belez\u00e9sre.<\/li>\n<li>A csomag tartalmaz egy szerel\u0151panelt a falra szerel\u00e9shez.<\/li>\n<li>A LED kijelz\u0151 jelzi a parancs k\u00fcld\u00e9s\u00e9t \u00e9s az akkumul\u00e1tor \u00e1llapot\u00e1t.<\/li>\n<li>Ak\u00e1r 150 m-es hat\u00f3t\u00e1vols\u00e1g.<\/li>\n<li>A csomag tartalma: vez\u00e9rl\u0151modul, keret \u00e9s akkumul\u00e1tor<\/li>\n<\/ul>\n<p>&nbsp;<\/p>\n\n\t\t\t\n\t\t<\/div>\n\n\n\n\t\t\n\t<\/div>\n<\/div>\n\n\n\n\n\n<div class=\"section white\">\n\t<div class=\"container\">\n\t\t<div class=\"cell\">\n\t\t\t<hr class=\"separator\">\n\t\t<\/div>\n\t<\/div>\n<\/div>\n\n\n\n\n\n\n\n\n<div  class=\"section white\">\n\t<div class=\"container cols-40p-60p\">\n\n\t\t\n\t\t\t<div class=\"cell center top\">\n\t\t\t\t<img decoding=\"async\" src=\"https:\/\/nevask.eu\/wp-content\/uploads\/2025\/07\/Nina-Timer-io-1024x1024.jpg\" alt=\"\">\n\t\t\t<\/div>\n\n\t\t\n\n\n\t\t<div class=\"cell\">\n\n\t\t\t<p>K\u00f6zponti vez\u00e9rl\u0151<\/p>\n<h2 class=\"u-text u-text-default-lg u-text-default-xl u-text-default-xxl u-text-1\">Somfy Nina Timer<\/h2>\n<p class=\"u-text u-text-default u-text-2\">A Nina Timer io egy intelligens t\u00e1vir\u00e1ny\u00edt\u00f3 be\u00e9p\u00edtett id\u0151z\u00edt\u0151vel, amely maxim\u00e1lis k\u00e9nyelmet \u00e9s biztons\u00e1got biztos\u00edt.<\/p>\n<p>A k\u00f6nnyen kezelhet\u0151 \u00e9rint\u0151k\u00e9perny\u0151 lehet\u0151v\u00e9 teszi, hogy ig\u00e9nyei szerint \u00e1ll\u00edtsa be a rendszer m\u0171k\u00f6d\u00e9s\u00e9t. F\u0151 funkci\u00f3i k\u00f6z\u00e9 tartozik az automatikus vez\u00e9rl\u00e9s id\u0151z\u00edt\u0151je, a biztons\u00e1g n\u00f6vel\u00e9s\u00e9re szolg\u00e1l\u00f3 jelenl\u00e9t-szimul\u00e1tor, valamint a naplemente m\u00f3d, amellyel energi\u00e1t takar\u00edthat meg.<\/p>\n<p>Eleg\u00e1ns diz\u00e1jnj\u00e1val \u00e9s n\u00e9gy st\u00edlusos vari\u00e1ci\u00f3j\u00e1val a Nina Timer io nemcsak praktikus, hanem eszt\u00e9tikus kieg\u00e9sz\u00edt\u0151je is lesz otthon\u00e1nak.<\/p>\n\n\t\t\t\n\t\t<\/div>\n\n\n\n\t\t\n\t<\/div>\n<\/div>\n\n\n\n\n\n<div  class=\"section dark\">\n\t<div class=\"container full left\">\n\t\t<div class=\"cell\">\n\t\t\t<p><img loading=\"lazy\" decoding=\"async\" class=\"alignnone wp-image-2093\" src=\"https:\/\/nevask.eu\/wp-content\/uploads\/2025\/07\/hash-nevapartner_4-300x61.png\" alt=\"hashtag nevapartner - modr\u00e9 na bielom\" width=\"220\" height=\"44\" srcset=\"https:\/\/nevask.eu\/wp-content\/uploads\/2025\/07\/hash-nevapartner_4-300x61.png 300w, https:\/\/nevask.eu\/wp-content\/uploads\/2025\/07\/hash-nevapartner_4.png 689w\" sizes=\"auto, (max-width: 220px) 100vw, 220px\" \/><\/p>\n<p class=\"p-large\" style=\"text-align: left\">A <a href=\"https:\/\/nevask.eu\/hu\/neva-viszonteladok\/\">#nevapartner h\u00e1l\u00f3zatba<\/a> tartoz\u00f3 viszontelad\u00f3 \u00e9s telep\u00edt\u0151 partnereink k\u00e9szs\u00e9ggel \u00e1llnak rendelkez\u00e9s\u00e9re, amennyiben m\u0171szaki tan\u00e1csra, vagy term\u00e9kmint\u00e1kra van sz\u00fcks\u00e9ge a legmegfelel\u0151bb NEVA \u00e1rny\u00e9kol\u00f3 kiv\u00e1laszt\u00e1s\u00e1hoz. Ezut\u00e1n m\u00e1r csak egy l\u00e9p\u00e9sre van az <a href=\"https:\/\/nevask.eu\/hu\/arajanlat\/\">\u00e1raj\u00e1nlat<\/a> kidolgoz\u00e1s\u00e1t\u00f3l.<\/p>\n\t\t<\/div>\n\t<\/div>\n<\/div>\n\n\n\n\n\n<div class=\"section white\">\n\t<div class=\"container\">\n\t\t<div class=\"cell\">\n\t\t\t<hr class=\"separator\">\n\t\t<\/div>\n\t<\/div>\n<\/div>\n","protected":false},"excerpt":{"rendered":"","protected":false},"author":52,"featured_media":0,"parent":6341,"menu_order":0,"comment_status":"closed","ping_status":"closed","template":"","meta":{"_acf_changed":false,"inline_featured_image":false,"footnotes":""},"class_list":["post-6112","page","type-page","status-publish","hentry"],"acf":[],"yoast_head":"<!-- This site is optimized with the Yoast SEO plugin v27.5 - https:\/\/yoast.com\/product\/yoast-seo-wordpress\/ -->\n<title>Somfy falikapcsol\u00f3k \u00e9s t\u00e1vir\u00e1ny\u00edt\u00f3s vez\u00e9rl\u0151k | nevask.eu<\/title>\n<meta name=\"description\" content=\"A Somfy falikapcsol\u00f3k \u00e9s t\u00e1vir\u00e1ny\u00edt\u00f3s vez\u00e9rl\u0151k ide\u00e1lisak modern otthonokba, ahol t\u00f6bb \u00e1rny\u00e9kol\u00f3 \u00e9s vil\u00e1g\u00edt\u00e1si elem tal\u00e1lhat\u00f3.\" \/>\n<meta name=\"robots\" content=\"index, follow, max-snippet:-1, max-image-preview:large, max-video-preview:-1\" \/>\n<link rel=\"canonical\" href=\"https:\/\/nevask.eu\/hu\/okosotthon-vezerles\/somfy-vezerlok\/\" \/>\n<meta property=\"og:locale\" content=\"hu_HU\" \/>\n<meta property=\"og:type\" content=\"article\" \/>\n<meta property=\"og:title\" content=\"Somfy falikapcsol\u00f3k \u00e9s t\u00e1vir\u00e1ny\u00edt\u00f3s vez\u00e9rl\u0151k | nevask.eu\" \/>\n<meta property=\"og:description\" content=\"A Somfy falikapcsol\u00f3k \u00e9s t\u00e1vir\u00e1ny\u00edt\u00f3s vez\u00e9rl\u0151k ide\u00e1lisak modern otthonokba, ahol t\u00f6bb \u00e1rny\u00e9kol\u00f3 \u00e9s vil\u00e1g\u00edt\u00e1si elem tal\u00e1lhat\u00f3.\" \/>\n<meta property=\"og:url\" content=\"https:\/\/nevask.eu\/hu\/okosotthon-vezerles\/somfy-vezerlok\/\" \/>\n<meta property=\"og:site_name\" content=\"NEVA\" \/>\n<meta property=\"article:modified_time\" content=\"2026-04-01T06:26:20+00:00\" \/>\n<meta name=\"twitter:card\" content=\"summary_large_image\" \/>\n<meta name=\"twitter:label1\" content=\"Becs\u00fclt olvas\u00e1si id\u0151\" \/>\n\t<meta name=\"twitter:data1\" content=\"6 perc\" \/>\n<!-- \/ Yoast SEO plugin. -->","yoast_head_json":{"title":"Somfy falikapcsol\u00f3k \u00e9s t\u00e1vir\u00e1ny\u00edt\u00f3s vez\u00e9rl\u0151k | nevask.eu","description":"A Somfy falikapcsol\u00f3k \u00e9s t\u00e1vir\u00e1ny\u00edt\u00f3s vez\u00e9rl\u0151k ide\u00e1lisak modern otthonokba, ahol t\u00f6bb \u00e1rny\u00e9kol\u00f3 \u00e9s vil\u00e1g\u00edt\u00e1si elem tal\u00e1lhat\u00f3.","robots":{"index":"index","follow":"follow","max-snippet":"max-snippet:-1","max-image-preview":"max-image-preview:large","max-video-preview":"max-video-preview:-1"},"canonical":"https:\/\/nevask.eu\/hu\/okosotthon-vezerles\/somfy-vezerlok\/","og_locale":"hu_HU","og_type":"article","og_title":"Somfy falikapcsol\u00f3k \u00e9s t\u00e1vir\u00e1ny\u00edt\u00f3s vez\u00e9rl\u0151k | nevask.eu","og_description":"A Somfy falikapcsol\u00f3k \u00e9s t\u00e1vir\u00e1ny\u00edt\u00f3s vez\u00e9rl\u0151k ide\u00e1lisak modern otthonokba, ahol t\u00f6bb \u00e1rny\u00e9kol\u00f3 \u00e9s vil\u00e1g\u00edt\u00e1si elem tal\u00e1lhat\u00f3.","og_url":"https:\/\/nevask.eu\/hu\/okosotthon-vezerles\/somfy-vezerlok\/","og_site_name":"NEVA","article_modified_time":"2026-04-01T06:26:20+00:00","twitter_card":"summary_large_image","twitter_misc":{"Becs\u00fclt olvas\u00e1si id\u0151":"6 perc"},"schema":{"@context":"https:\/\/schema.org","@graph":[{"@type":"WebPage","@id":"https:\/\/nevask.eu\/hu\/okosotthon-vezerles\/somfy-vezerlok\/","url":"https:\/\/nevask.eu\/hu\/okosotthon-vezerles\/somfy-vezerlok\/","name":"Somfy falikapcsol\u00f3k \u00e9s t\u00e1vir\u00e1ny\u00edt\u00f3s vez\u00e9rl\u0151k | nevask.eu","isPartOf":{"@id":"https:\/\/nevask.eu\/hu\/#website"},"datePublished":"2025-07-22T09:09:52+00:00","dateModified":"2026-04-01T06:26:20+00:00","description":"A Somfy falikapcsol\u00f3k \u00e9s t\u00e1vir\u00e1ny\u00edt\u00f3s vez\u00e9rl\u0151k ide\u00e1lisak modern otthonokba, ahol t\u00f6bb \u00e1rny\u00e9kol\u00f3 \u00e9s vil\u00e1g\u00edt\u00e1si elem tal\u00e1lhat\u00f3.","breadcrumb":{"@id":"https:\/\/nevask.eu\/hu\/okosotthon-vezerles\/somfy-vezerlok\/#breadcrumb"},"inLanguage":"hu","potentialAction":[{"@type":"ReadAction","target":["https:\/\/nevask.eu\/hu\/okosotthon-vezerles\/somfy-vezerlok\/"]}]},{"@type":"BreadcrumbList","@id":"https:\/\/nevask.eu\/hu\/okosotthon-vezerles\/somfy-vezerlok\/#breadcrumb","itemListElement":[{"@type":"ListItem","position":1,"name":"Home","item":"https:\/\/nevask.eu\/hu\/"},{"@type":"ListItem","position":2,"name":"Okosotthon vezerl\u00e9s","item":"https:\/\/nevask.eu\/hu\/okosotthon-vezerles\/"},{"@type":"ListItem","position":3,"name":"Somfy vez\u00e9rl\u0151k"}]},{"@type":"WebSite","@id":"https:\/\/nevask.eu\/hu\/#website","url":"https:\/\/nevask.eu\/hu\/","name":"NEVA","description":"Vonkaj\u0161ie \u017eal\u00fazie a screenov\u00e9 rolety","potentialAction":[{"@type":"SearchAction","target":{"@type":"EntryPoint","urlTemplate":"https:\/\/nevask.eu\/hu\/?s={search_term_string}"},"query-input":{"@type":"PropertyValueSpecification","valueRequired":true,"valueName":"search_term_string"}}],"inLanguage":"hu"}]}},"_links":{"self":[{"href":"https:\/\/nevask.eu\/hu\/wp-json\/wp\/v2\/pages\/6112","targetHints":{"allow":["GET"]}}],"collection":[{"href":"https:\/\/nevask.eu\/hu\/wp-json\/wp\/v2\/pages"}],"about":[{"href":"https:\/\/nevask.eu\/hu\/wp-json\/wp\/v2\/types\/page"}],"author":[{"embeddable":true,"href":"https:\/\/nevask.eu\/hu\/wp-json\/wp\/v2\/users\/52"}],"replies":[{"embeddable":true,"href":"https:\/\/nevask.eu\/hu\/wp-json\/wp\/v2\/comments?post=6112"}],"version-history":[{"count":18,"href":"https:\/\/nevask.eu\/hu\/wp-json\/wp\/v2\/pages\/6112\/revisions"}],"predecessor-version":[{"id":12983,"href":"https:\/\/nevask.eu\/hu\/wp-json\/wp\/v2\/pages\/6112\/revisions\/12983"}],"up":[{"embeddable":true,"href":"https:\/\/nevask.eu\/hu\/wp-json\/wp\/v2\/pages\/6341"}],"wp:attachment":[{"href":"https:\/\/nevask.eu\/hu\/wp-json\/wp\/v2\/media?parent=6112"}],"curies":[{"name":"wp","href":"https:\/\/api.w.org\/{rel}","templated":true}]}}