{"id":6220,"date":"2025-07-22T12:40:48","date_gmt":"2025-07-22T10:40:48","guid":{"rendered":"https:\/\/nevask.eu\/?page_id=6220"},"modified":"2025-07-23T08:53:45","modified_gmt":"2025-07-23T06:53:45","slug":"gaposa-motorok","status":"publish","type":"page","link":"https:\/\/nevask.eu\/hu\/okosotthon-vezerles\/gaposa-motorok\/","title":{"rendered":"Gaposa motorok"},"content":{"rendered":"\n\n\n\n\n\n<div class=\"section narrow white\">\n\t<div class=\"container\">\n\t\t<div class=\"cell\">\n\t\t\t<ul class=\"breadcrumbs\">\n\t\t\t\t<li><a href=\"https:\/\/nevask.eu\/hu\/\">Home<\/a><\/li>\n\n\t\t\t\t\n\t\t\t<\/ul>\n\t\t<\/div>\n\t<\/div>\n<\/div>\n\n\n\n\n\n<div  class=\"section full-image\">\n\t<div class=\"container\">\n\t\t<div class=\"cell image h420\">\n\n\t\t\t\t\t\t\t<img decoding=\"async\" src=\"https:\/\/nevask.eu\/wp-content\/uploads\/2025\/07\/Solar-system-screen_02.webp\" alt=\"\">\n\t\t\t\n\t\t<\/div>\n\t<\/div>\n<\/div>\n\n\n\n\n\n\n\n\n<div  class=\"section white\">\n\t<div class=\"container cols-80p-20p\">\n\n\t\t\n\n\n\t\t<div class=\"cell\">\n\n\t\t\t<h1 class=\"u-align-left u-text u-text-1\"><a href=\"https:\/\/nevask.eu\/wp-content\/uploads\/2025\/07\/logo-n.svg\"><img loading=\"lazy\" decoding=\"async\" class=\"alignnone  wp-image-6228\" src=\"https:\/\/nevask.eu\/wp-content\/uploads\/2025\/07\/logo-n.svg\" alt=\"\" width=\"224\" height=\"38\" \/><\/a><br \/>\nSol\u00e1rne tienenie<br \/>\nPohodlie. Ekol\u00f3gia. Nez\u00e1vislos\u0165 na elektrickej sieti.<\/h1>\n<p class=\"p1 p-large\">Na\u0161e vonkaj\u0161ie <a href=\"https:\/\/nevask.eu\/screenove-rolety-neva\/\">screenov\u00e9 rolety<\/a> m\u00f4\u017eete ovl\u00e1da\u0165 pomocou sol\u00e1rnej energie. Sol\u00e1rny panel umiestnen\u00fd na rolete nab\u00edja bat\u00e9riu, ktor\u00e1 nap\u00e1ja motor. Ten roletu vy\u0165ahuje a s\u0165ahuje &#8211; pokojne aj v noci alebo pri v\u00fdpadku elektriny.<\/p>\n\n\t\t\t\n\t\t<\/div>\n\n\n\n\t\t\n\t<\/div>\n<\/div>\n\n\n\n\n\n<div  class=\"section white\">\n\t<div class=\"container col-70p-center left\">\n\t\t<div class=\"cell\">\n\t\t\t\t\t<\/div>\n\t<\/div>\n<\/div>\n\n\n\n\n\n<div  class=\"section white\">\n\t<div class=\"container full left\">\n\t\t<div class=\"cell\">\n\t\t\t<h3>Hlavn\u00e9 v\u00fdhody motorov GAPOSA<\/h3>\n<ul class=\"u-text u-text-default u-text-2\">\n<li>Bez sekania do steny &#8211; sol\u00e1rny pohon funguje bez k\u00e1blov, tak\u017ee nie je potrebn\u00e9 seka\u0165 do stien. Ide\u00e1lna pri rekon\u0161trukcii aj do hotov\u00e9ho interi\u00e9ru.<\/li>\n<li>Spo\u013eahlivos\u0165 za ka\u017ed\u00e9ho po\u010dasia &#8211; bat\u00e9ria sa dob\u00edja denn\u00fdm svetlom a zvl\u00e1dne prev\u00e1dzku aj bez slnka. Screenov\u00e1 roleta funguje cez de\u0148, v noci aj pri v\u00fdpadku pr\u00fadu.<\/li>\n<li>\u00daspora energie aj pe\u0148az\u00ed &#8211; roleta nepotrebuje pripojenie do siete, \u0161etr\u00ed elektrinu aj n\u00e1klady na mont\u00e1\u017e. V\u00fddr\u017e bat\u00e9rie je a\u017e 45 dn\u00ed pri be\u017enej prev\u00e1dzke.<\/li>\n<\/ul>\n\t\t<\/div>\n\t<\/div>\n<\/div>\n\n\n\n\n\n\n\n\n<div  class=\"section white\">\n\t<div class=\"container cols-50p\">\n\n\t\t\n\n\n\t\t<div class=\"cell\">\n\n\t\t\t<p class=\"p1 p-large\">Ovl\u00e1danie roliet je prisp\u00f4soben\u00e9 po\u017eiadavk\u00e1m dne\u0161nej doby. Rolety je mo\u017en\u00e9 ovl\u00e1da\u0165 klasick\u00fdm dia\u013ekov\u00fdm ovl\u00e1da\u010dom, pomocou chytrej mobilnej aplik\u00e1cie alebo \u00faplne automaticky v\u010faka \u010didl\u00e1m, ktor\u00e9 reaguj\u00fa na intenzitu svetla. V\u010faka tomu je mo\u017en\u00e9 nastavi\u0165 si, aby sa rolety samy spustili napr\u00edklad pri pr\u00edli\u0161 silnom slne\u010dnom svite alebo pri ur\u010ditej teplote. V\u0161etky tieto funkcie prispievaj\u00fa nielen k vy\u0161\u0161iemu komfortu b\u00fdvania, ale aj k \u00faspore energie v dom\u00e1cnosti, preto\u017ee zabr\u00e1nia prehrievaniu interi\u00e9ru a zn\u00ed\u017eia potrebu klimatiz\u00e1cie.<\/p>\n\n\t\t\t\n\t\t<\/div>\n\n\n\n\t\t\n\t\t\t<div class=\"cell center vcenter\">\n\t\t\t\t<img decoding=\"async\" src=\"https:\/\/nevask.eu\/wp-content\/uploads\/2025\/07\/NEVA-HP-Solar-2-1024x683.jpg\" alt=\"\">\n\t\t\t<\/div>\n\n\t\t\n\t<\/div>\n<\/div>\n\n\n\n\n\n<div  class=\"section dark\">\n\t<div class=\"container full left\">\n\t\t<div class=\"cell\">\n\t\t\t<p><img loading=\"lazy\" decoding=\"async\" class=\"alignnone wp-image-2093\" src=\"https:\/\/nevask.eu\/wp-content\/uploads\/2025\/07\/hash-nevapartner_4-300x61.png\" alt=\"hashtag nevapartner - modr\u00e9 na bielom\" width=\"220\" height=\"44\" srcset=\"https:\/\/nevask.eu\/wp-content\/uploads\/2025\/07\/hash-nevapartner_4-300x61.png 300w, https:\/\/nevask.eu\/wp-content\/uploads\/2025\/07\/hash-nevapartner_4.png 689w\" sizes=\"auto, (max-width: 220px) 100vw, 220px\" \/><\/p>\n<p class=\"p-large\" style=\"text-align: left\">A <a href=\"https:\/\/nevask.eu\/hu\/neva-viszonteladok\/\">#nevapartner h\u00e1lozatba<\/a> tartoz\u00f3 viszontelad\u00f3 \u00e9s telep\u00edt\u0151 partnereink k\u00e9szs\u00e9ggel \u00e1llnak rendelkez\u00e9s\u00e9re, amennyiben m\u0171szaki tan\u00e1csra, vagy term\u00e9kmint\u00e1kra van sz\u00fcks\u00e9ge a legmegfelel\u0151bb NEVA \u00e1rny\u00e9kol\u00f3 kiv\u00e1laszt\u00e1s\u00e1hoz. Ezut\u00e1n m\u00e1r csak egy l\u00e9p\u00e9sre van az <a href=\"https:\/\/nevask.eu\/hu\/arajanlat\/\">\u00e1raj\u00e1nlat<\/a>kidolgoz\u00e1s\u00e1t\u00f3l.<\/p>\n\t\t<\/div>\n\t<\/div>\n<\/div>\n\n\n\n\n\n<div class=\"section white\">\n\t<div class=\"container\">\n\t\t<div class=\"cell\">\n\t\t\t<hr class=\"separator\">\n\t\t<\/div>\n\t<\/div>\n<\/div>\n","protected":false},"excerpt":{"rendered":"","protected":false},"author":52,"featured_media":0,"parent":6341,"menu_order":0,"comment_status":"closed","ping_status":"closed","template":"","meta":{"_acf_changed":false,"inline_featured_image":false,"footnotes":""},"class_list":["post-6220","page","type-page","status-publish","hentry"],"acf":[],"yoast_head":"<!-- This site is optimized with the Yoast SEO plugin v27.5 - https:\/\/yoast.com\/product\/yoast-seo-wordpress\/ -->\n<title>Sol\u00e1rne tienenie - pohodlie, ekol\u00f3gia a nez\u00e1vislos\u0165 na elektrickej sieti. | NEVA<\/title>\n<meta name=\"description\" content=\"Na\u0161e vonkaj\u0161ie screenov\u00e9 rolety m\u00f4\u017eete ovl\u00e1da\u0165 pomocou sol\u00e1rnej energie pokojne aj v noci alebo pri v\u00fdpadku elektriny.\" \/>\n<meta name=\"robots\" content=\"index, follow, max-snippet:-1, max-image-preview:large, max-video-preview:-1\" \/>\n<link rel=\"canonical\" href=\"https:\/\/nevask.eu\/hu\/okosotthon-vezerles\/gaposa-motorok\/\" \/>\n<meta property=\"og:locale\" content=\"hu_HU\" \/>\n<meta property=\"og:type\" content=\"article\" \/>\n<meta property=\"og:title\" content=\"Sol\u00e1rne tienenie - pohodlie, ekol\u00f3gia a nez\u00e1vislos\u0165 na elektrickej sieti. | NEVA\" \/>\n<meta property=\"og:description\" content=\"Na\u0161e vonkaj\u0161ie screenov\u00e9 rolety m\u00f4\u017eete ovl\u00e1da\u0165 pomocou sol\u00e1rnej energie pokojne aj v noci alebo pri v\u00fdpadku elektriny.\" \/>\n<meta property=\"og:url\" content=\"https:\/\/nevask.eu\/hu\/okosotthon-vezerles\/gaposa-motorok\/\" \/>\n<meta property=\"og:site_name\" content=\"NEVA\" \/>\n<meta property=\"article:modified_time\" content=\"2025-07-23T06:53:45+00:00\" \/>\n<meta name=\"twitter:card\" content=\"summary_large_image\" \/>\n<meta name=\"twitter:label1\" content=\"Becs\u00fclt olvas\u00e1si id\u0151\" \/>\n\t<meta name=\"twitter:data1\" content=\"3 perc\" \/>\n<!-- \/ Yoast SEO plugin. -->","yoast_head_json":{"title":"Sol\u00e1rne tienenie - pohodlie, ekol\u00f3gia a nez\u00e1vislos\u0165 na elektrickej sieti. | NEVA","description":"Na\u0161e vonkaj\u0161ie screenov\u00e9 rolety m\u00f4\u017eete ovl\u00e1da\u0165 pomocou sol\u00e1rnej energie pokojne aj v noci alebo pri v\u00fdpadku elektriny.","robots":{"index":"index","follow":"follow","max-snippet":"max-snippet:-1","max-image-preview":"max-image-preview:large","max-video-preview":"max-video-preview:-1"},"canonical":"https:\/\/nevask.eu\/hu\/okosotthon-vezerles\/gaposa-motorok\/","og_locale":"hu_HU","og_type":"article","og_title":"Sol\u00e1rne tienenie - pohodlie, ekol\u00f3gia a nez\u00e1vislos\u0165 na elektrickej sieti. | NEVA","og_description":"Na\u0161e vonkaj\u0161ie screenov\u00e9 rolety m\u00f4\u017eete ovl\u00e1da\u0165 pomocou sol\u00e1rnej energie pokojne aj v noci alebo pri v\u00fdpadku elektriny.","og_url":"https:\/\/nevask.eu\/hu\/okosotthon-vezerles\/gaposa-motorok\/","og_site_name":"NEVA","article_modified_time":"2025-07-23T06:53:45+00:00","twitter_card":"summary_large_image","twitter_misc":{"Becs\u00fclt olvas\u00e1si id\u0151":"3 perc"},"schema":{"@context":"https:\/\/schema.org","@graph":[{"@type":"WebPage","@id":"https:\/\/nevask.eu\/hu\/okosotthon-vezerles\/gaposa-motorok\/","url":"https:\/\/nevask.eu\/hu\/okosotthon-vezerles\/gaposa-motorok\/","name":"Sol\u00e1rne tienenie - pohodlie, ekol\u00f3gia a nez\u00e1vislos\u0165 na elektrickej sieti. | NEVA","isPartOf":{"@id":"https:\/\/nevask.eu\/hu\/#website"},"datePublished":"2025-07-22T10:40:48+00:00","dateModified":"2025-07-23T06:53:45+00:00","description":"Na\u0161e vonkaj\u0161ie screenov\u00e9 rolety m\u00f4\u017eete ovl\u00e1da\u0165 pomocou sol\u00e1rnej energie pokojne aj v noci alebo pri v\u00fdpadku elektriny.","breadcrumb":{"@id":"https:\/\/nevask.eu\/hu\/okosotthon-vezerles\/gaposa-motorok\/#breadcrumb"},"inLanguage":"hu","potentialAction":[{"@type":"ReadAction","target":["https:\/\/nevask.eu\/hu\/okosotthon-vezerles\/gaposa-motorok\/"]}]},{"@type":"BreadcrumbList","@id":"https:\/\/nevask.eu\/hu\/okosotthon-vezerles\/gaposa-motorok\/#breadcrumb","itemListElement":[{"@type":"ListItem","position":1,"name":"Home","item":"https:\/\/nevask.eu\/hu\/"},{"@type":"ListItem","position":2,"name":"Okosotthon vezerl\u00e9s","item":"https:\/\/nevask.eu\/hu\/okosotthon-vezerles\/"},{"@type":"ListItem","position":3,"name":"Gaposa motorok"}]},{"@type":"WebSite","@id":"https:\/\/nevask.eu\/hu\/#website","url":"https:\/\/nevask.eu\/hu\/","name":"NEVA","description":"Vonkaj\u0161ie \u017eal\u00fazie a screenov\u00e9 rolety","potentialAction":[{"@type":"SearchAction","target":{"@type":"EntryPoint","urlTemplate":"https:\/\/nevask.eu\/hu\/?s={search_term_string}"},"query-input":{"@type":"PropertyValueSpecification","valueRequired":true,"valueName":"search_term_string"}}],"inLanguage":"hu"}]}},"_links":{"self":[{"href":"https:\/\/nevask.eu\/hu\/wp-json\/wp\/v2\/pages\/6220","targetHints":{"allow":["GET"]}}],"collection":[{"href":"https:\/\/nevask.eu\/hu\/wp-json\/wp\/v2\/pages"}],"about":[{"href":"https:\/\/nevask.eu\/hu\/wp-json\/wp\/v2\/types\/page"}],"author":[{"embeddable":true,"href":"https:\/\/nevask.eu\/hu\/wp-json\/wp\/v2\/users\/52"}],"replies":[{"embeddable":true,"href":"https:\/\/nevask.eu\/hu\/wp-json\/wp\/v2\/comments?post=6220"}],"version-history":[{"count":5,"href":"https:\/\/nevask.eu\/hu\/wp-json\/wp\/v2\/pages\/6220\/revisions"}],"predecessor-version":[{"id":6491,"href":"https:\/\/nevask.eu\/hu\/wp-json\/wp\/v2\/pages\/6220\/revisions\/6491"}],"up":[{"embeddable":true,"href":"https:\/\/nevask.eu\/hu\/wp-json\/wp\/v2\/pages\/6341"}],"wp:attachment":[{"href":"https:\/\/nevask.eu\/hu\/wp-json\/wp\/v2\/media?parent=6220"}],"curies":[{"name":"wp","href":"https:\/\/api.w.org\/{rel}","templated":true}]}}