{"id":6341,"date":"2025-07-04T08:57:24","date_gmt":"2025-07-04T06:57:24","guid":{"rendered":"https:\/\/nevask.eu\/?page_id=6341"},"modified":"2026-02-20T10:16:09","modified_gmt":"2026-02-20T09:16:09","slug":"okosotthon-vezerles","status":"publish","type":"page","link":"https:\/\/nevask.eu\/hu\/okosotthon-vezerles\/","title":{"rendered":"Okosotthon vezerl\u00e9s"},"content":{"rendered":"\n\n\n\n\n\n<div class=\"section narrow white\">\n\t<div class=\"container\">\n\t\t<div class=\"cell\">\n\t\t\t<ul class=\"breadcrumbs\">\n\t\t\t\t<li><a href=\"https:\/\/nevask.eu\/hu\/\">Home<\/a><\/li>\n\n\t\t\t\t\n\t\t\t<\/ul>\n\t\t<\/div>\n\t<\/div>\n<\/div>\n\n\n\n\n\n<div  class=\"section white\">\n\t<div class=\"container full left\">\n\t\t<div class=\"cell\">\n\t\t\t<h1>Okosotthon megold\u00e1sok k\u00fclt\u00e9ri \u00e1rny\u00e9kol\u00f3khoz<\/h1>\n<p style=\"text-align: left\">Az automatiz\u00e1lt motorokkal mozgatott k\u00fclt\u00e9ri \u00e1rny\u00e9kol\u00f3k nemcsak energiamegtakar\u00edt\u00e1st, nagyobb biztons\u00e1got \u00e9s maxim\u00e1lis k\u00e9nyelmet is biztos\u00edtanak.<\/p>\n\t\t<\/div>\n\t<\/div>\n<\/div>\n\n\n\n\n\n<div  class=\"section white\">\n\n\t\n\n\n\t<div class=\"container\">\n\t\t<div class=\"grid-cols\">\n\n\t\t\t\n\t\t\t\t\n\t\t\t\t\t\n\n\n\t\t\t\t\t\n\t\t\t\t\t\t\n\t\t\t\t\t\t\t\n\t\t\t\t\t\t\t<a href=\"https:\/\/nevask.eu\/hu\/okosotthon-vezerles\/okosotthon-vezerles-somfy\/\" class=\"col-7 block bg-image h600 default\" style=\"background-image: linear-gradient(0deg, rgba(0,0,0,0.3), rgba(0,0,0,0.3)), url(https:\/\/nevask.eu\/wp-content\/uploads\/2025\/06\/shutters-screens-image-6.jpg.webp)\">\n\n\t\t\t\t\t\t\t\t<div>\n\n\t\t\t\t\t\t\t\t\t\n\t\t\t\t\t\t\t\t\t\t\t\t\t\t\t\t\t\t\t<div><h4>SOMFY<br \/>\nInteligens k\u00fclt\u00e9ri \u00e1rny\u00e9kol\u00e1s<\/h4>\n<p>Az vez\u00e9rl\u0151elemeket nemcsak a k\u00fclt\u00e9ri zsaluzi\u00e1kkal \u00e9s zipscreenekkel, hanem a napellenz\u0151kkel, pergol\u00e1kkal, gar\u00e1zskapukkal \u00e9s bej\u00e1rati kapukkal is \u00f6sszekapcsolhatja.<\/p>\n<\/div>\n\t\t\t\t\t\t\t\t\t\n\t\t\t\t\t\t\t\t<\/div>\n\n\t\t\t\t\t\t\t<\/a>\n\n\t\t\t\t\t\t\n\t\t\t\t\t\n\n\n\t\t\t\t\t\n\t\t\t\t\n\t\t\t\t\t\n\n\n\t\t\t\t\t\n\t\t\t\t\t\t\n\t\t\t\t\t\t\t\n\t\t\t\t\t\t\t<a href=\"https:\/\/nevask.eu\/hu\/okosotthon-vezerles\/okosotthon-vezerles-loxone\/\" class=\"col-5 block bg-image default default\" style=\"background-image: linear-gradient(0deg, rgba(0,0,0,0.3), rgba(0,0,0,0.3)), url(https:\/\/nevask.eu\/wp-content\/uploads\/2025\/07\/loxone_smart_home_person_wohnraum-e1753173046866.jpg.webp)\">\n\n\t\t\t\t\t\t\t\t<div>\n\n\t\t\t\t\t\t\t\t\t\n\t\t\t\t\t\t\t\t\t\t\t\t\t\t\t\t\t\t\t<div><h4>LOXONE<br \/>\na profi okosotthon megold\u00e1s<\/h4>\n<p>Kevesebb rutinfeladat, t\u00f6bb szabadid\u0151. A Loxone intelligens otthon \u00fagy gondolkodik \u00e9s cselekszik, ahogyan \u00d6n. Gondoskodik a k\u00e9nyelm\u00e9r\u0151l az id\u0151j\u00e1r\u00e1s \u00e9s \u00e9letst\u00edlusa alapj\u00e1n.<\/p>\n<\/div>\n\t\t\t\t\t\t\t\t\t\n\t\t\t\t\t\t\t\t<\/div>\n\n\t\t\t\t\t\t\t<\/a>\n\n\t\t\t\t\t\t\n\t\t\t\t\t\n\n\n\t\t\t\t\t\n\t\t\t\t\n\t\t\t\n\t\t<\/div>\n\t<\/div>\n\n\n\n\t\n<\/div>\n\n\n\n\n\n<div  class=\"section white\">\n\t<div class=\"container full left\">\n\t\t<div class=\"cell\">\n\t\t\t<h2 class=\"u-align-center u-text u-text-default u-text-1\">Falikapcsol\u00f3k \u00e9s t\u00e1vir\u00e1ny\u00edt\u00f3s vez\u00e9rl\u0151k<\/h2>\n<p style=\"text-align: left\">\u00c1rny\u00e9kol\u00f3 rendszerek k\u00e9nyelmes, intuit\u00edv \u00e9s\u00a0rugalmas vez\u00e9rl\u00e9se<\/p>\n\t\t<\/div>\n\t<\/div>\n<\/div>\n\n\n\n\n\n<div  class=\"section white\">\n\n\t\n\n\n\t<div class=\"container\">\n\t\t<div class=\"grid-cols\">\n\n\t\t\t\n\t\t\t\t\n\t\t\t\t\t\n\n\n\t\t\t\t\t\n\t\t\t\t\t\t\n\t\t\t\t\t\t\t\n\t\t\t\t\t\t\t<a href=\"https:\/\/nevask.eu\/hu\/okosotthon-vezerles\/somfy-vezerlok\/\" class=\"col-7 block bg-image default default\" style=\"background-image: linear-gradient(0deg, rgba(0,0,0,0.3), rgba(0,0,0,0.3)), url(https:\/\/nevask.eu\/wp-content\/uploads\/2025\/07\/Ysia.jpg.webp)\">\n\n\t\t\t\t\t\t\t\t<div>\n\n\t\t\t\t\t\t\t\t\t\n\t\t\t\t\t\t\t\t\t\t\t\t\t\t\t\t\t\t\t<div><h4 class=\"u-align-center u-text u-text-default u-text-1\">Somfy falikapcsol\u00f3k \u00e9s t\u00e1vir\u00e1ny\u00edt\u00f3s vez\u00e9rl\u0151k<\/h4>\n<\/div>\n\t\t\t\t\t\t\t\t\t\n\t\t\t\t\t\t\t\t<\/div>\n\n\t\t\t\t\t\t\t<\/a>\n\n\t\t\t\t\t\t\n\t\t\t\t\t\n\n\n\t\t\t\t\t\n\t\t\t\t\n\t\t\t\t\t\n\n\n\t\t\t\t\t\n\t\t\t\t\t\t\n\t\t\t\t\t\t\t\n\t\t\t\t\t\t\t<a href=\"https:\/\/nevask.eu\/hu\/okosotthon-vezerles\/geiger-vezerlok\/\" class=\"col-5 block bg-image default default\" style=\"background-image: linear-gradient(0deg, rgba(0,0,0,0.3), rgba(0,0,0,0.3)), url(https:\/\/nevask.eu\/wp-content\/uploads\/2025\/07\/image.png.webp)\">\n\n\t\t\t\t\t\t\t\t<div>\n\n\t\t\t\t\t\t\t\t\t\n\t\t\t\t\t\t\t\t\t\t\t\t\t\t\t\t\t\t\t<div><h4 class=\"u-align-left u-text u-text-1\">GEIGER \u00e1rny\u00e9kol\u00e1stechnika intelligens vez\u00e9rl\u00e9se<\/h4>\n<\/div>\n\t\t\t\t\t\t\t\t\t\n\t\t\t\t\t\t\t\t<\/div>\n\n\t\t\t\t\t\t\t<\/a>\n\n\t\t\t\t\t\t\n\t\t\t\t\t\n\n\n\t\t\t\t\t\n\t\t\t\t\n\t\t\t\n\t\t<\/div>\n\t<\/div>\n\n\n\n\t\n<\/div>\n\n\n\n\n\n<div  class=\"section white\">\n\n\t\n\n\n\t<div class=\"container\">\n\t\t<div class=\"grid-cols\">\n\n\t\t\t\n\t\t\t\t\n\t\t\t\t\t\n\n\n\t\t\t\t\t\n\t\t\t\t\t\t\n\t\t\t\t\t\t\t\n\t\t\t\t\t\t\t<a href=\"https:\/\/nevask.eu\/hu\/okosotthon-vezerles\/kaiser\/\" class=\"col-6 block bg-image default default\" style=\"background-image: linear-gradient(0deg, rgba(0,0,0,0.3), rgba(0,0,0,0.3)), url(https:\/\/nevask.eu\/wp-content\/uploads\/2026\/01\/OVLADAC-KAISER-MANO-1-v-ruke.jpg.webp)\">\n\n\t\t\t\t\t\t\t\t<div>\n\n\t\t\t\t\t\t\t\t\t\n\t\t\t\t\t\t\t\t\t\t\t\t\t\t\t\t\t\t\t<div><h3>T\u00e1vir\u00e1ny\u00edt\u00f3k napelemes zsaluzia rendszerekhez<\/h3>\n<\/div>\n\t\t\t\t\t\t\t\t\t\n\t\t\t\t\t\t\t\t<\/div>\n\n\t\t\t\t\t\t\t<\/a>\n\n\t\t\t\t\t\t\n\t\t\t\t\t\n\n\n\t\t\t\t\t\n\t\t\t\t\n\t\t\t\t\t\n\n\n\t\t\t\t\t\n\t\t\t\t\t\t\n\t\t\t\t\t\t\t\n\t\t\t\t\t\t\t<a href=\"https:\/\/nevask.eu\/hu\/okosotthon-vezerles\/gaposa-taviranyitok\/\" class=\"col-6 block bg-image default default\" style=\"background-image: linear-gradient(0deg, rgba(0,0,0,0.3), rgba(0,0,0,0.3)), url(https:\/\/nevask.eu\/wp-content\/uploads\/2026\/01\/ovladac-gaposa-1K-.jpg.webp)\">\n\n\t\t\t\t\t\t\t\t<div>\n\n\t\t\t\t\t\t\t\t\t\n\t\t\t\t\t\t\t\t\t\t\t\t\t\t\t\t\t\t\t<div><h3>GAPOSA t\u00e1vir\u00e1ny\u00edt\u00f3k NEVA napelemes screen naph\u00e1l\u00f3khoz<\/h3>\n<\/div>\n\t\t\t\t\t\t\t\t\t\n\t\t\t\t\t\t\t\t<\/div>\n\n\t\t\t\t\t\t\t<\/a>\n\n\t\t\t\t\t\t\n\t\t\t\t\t\n\n\n\t\t\t\t\t\n\t\t\t\t\n\t\t\t\n\t\t<\/div>\n\t<\/div>\n\n\n\n\t\n<\/div>\n\n\n\n\n\n<div  class=\"section white\">\n\t<div class=\"container full left\">\n\t\t<div class=\"cell\">\n\t\t\t<h2>Motorok k\u00fclt\u00e9ri zsaluzi\u00e1khoz \u00e9s screen naph\u00e1l\u00f3khoz<br \/>\n\u00e1rny\u00e9kol\u00f3khoz<\/h2>\n<p style=\"text-align: left\">A motoros \u00e1rny\u00e9kol\u00f3k k\u00e9nyelmesen vez\u00e9relhet\u0151k falikapcsol\u00f3val, t\u00e1vir\u00e1ny\u00edt\u00f3val vagy mobilalkalmaz\u00e1ssal, n\u00e9melyik\u00fck pedig k\u00f6nnyen csatlakoztathat\u00f3 okosotthon-rendszerhez. Ez\u00e9rt v\u00e1lasztja \u00fcgyfeleink t\u00f6bb mint 90%-a ezt a vez\u00e9rl\u00e9si m\u00f3dot.<\/p>\n\t\t<\/div>\n\t<\/div>\n<\/div>\n\n\n\n\n\n<div  class=\"section white\">\n\n\t\n\n\n\t<div class=\"container\">\n\t\t<div class=\"grid-cols\">\n\n\t\t\t\n\t\t\t\t\n\t\t\t\t\t\n\n\n\t\t\t\t\t\n\t\t\t\t\t\t\n\t\t\t\t\t\t\t\n\t\t\t\t\t\t\t<a href=\"https:\/\/nevask.eu\/hu\/okosotthon-vezerles\/somfy-motorok\/\" class=\"col-6 block bg-image default default\" style=\"background-image: linear-gradient(0deg, rgba(0,0,0,0.3), rgba(0,0,0,0.3)), url(https:\/\/nevask.eu\/wp-content\/uploads\/2025\/07\/J4S-io-Protect-1-2.jpg.webp)\">\n\n\t\t\t\t\t\t\t\t<div>\n\n\t\t\t\t\t\t\t\t\t\n\t\t\t\t\t\t\t\t\t\t\t\t\t\t\t\t\t\t\t<div><h4 class=\"u-text u-text-default u-text-1\">SOMFY<\/h4>\n<p>motorok k\u00fclt\u00e9ri zsaluzi\u00e1khoz \u00e9s screen naph\u00e1l\u00f3khoz<\/p>\n<\/div>\n\t\t\t\t\t\t\t\t\t\n\t\t\t\t\t\t\t\t<\/div>\n\n\t\t\t\t\t\t\t<\/a>\n\n\t\t\t\t\t\t\n\t\t\t\t\t\n\n\n\t\t\t\t\t\n\t\t\t\t\n\t\t\t\t\t\n\n\n\t\t\t\t\t\n\t\t\t\t\t\t\n\t\t\t\t\t\t\t\n\t\t\t\t\t\t\t<a href=\"https:\/\/nevask.eu\/hu\/okosotthon-vezerles\/okosotthon-geiger\/\" class=\"col-6 block bg-image default default\" style=\"background-image: linear-gradient(0deg, rgba(0,0,0,0.3), rgba(0,0,0,0.3)), url(https:\/\/nevask.eu\/wp-content\/uploads\/2025\/06\/csm_BANNER_AIR-Familie_d0e892663d.jpg.webp)\">\n\n\t\t\t\t\t\t\t\t<div>\n\n\t\t\t\t\t\t\t\t\t\n\t\t\t\t\t\t\t\t\t\t\t\t\t\t\t\t\t\t\t<div><h4>GEIGER<\/h4>\n<p>motorok k\u00fclt\u00e9ri zsaluzi\u00e1khoz \u00e9s screen naph\u00e1l\u00f3khoz<\/p>\n<\/div>\n\t\t\t\t\t\t\t\t\t\n\t\t\t\t\t\t\t\t<\/div>\n\n\t\t\t\t\t\t\t<\/a>\n\n\t\t\t\t\t\t\n\t\t\t\t\t\n\n\n\t\t\t\t\t\n\t\t\t\t\n\t\t\t\n\t\t<\/div>\n\t<\/div>\n\n\n\n\t\n<\/div>\n","protected":false},"excerpt":{"rendered":"","protected":false},"author":52,"featured_media":0,"parent":0,"menu_order":0,"comment_status":"closed","ping_status":"closed","template":"","meta":{"_acf_changed":false,"inline_featured_image":false,"footnotes":""},"class_list":["post-6341","page","type-page","status-publish","hentry"],"acf":[],"yoast_head":"<!-- This site is optimized with the Yoast SEO plugin v27.5 - https:\/\/yoast.com\/product\/yoast-seo-wordpress\/ -->\n<title>SmartHome okosotthon vez\u00e9rl\u00e9sek NEVA \u00e1rny\u00e9kol\u00f3khoz | neva.hu<\/title>\n<meta name=\"description\" content=\"Fedezze fel a SmartHome okosotthon k\u00e9nyelm\u00e9t. Az automatikus zsaluzia leh\u00faz\u00e1s, f\u00e9nyer\u0151cs\u00f6kkent\u00e9s vagy riaszt\u00f3k aktiv\u00e1l\u00e1sa, \u00e9lvezze a modern otthon k\u00e9nyelm\u00e9t.\" \/>\n<meta name=\"robots\" content=\"index, follow, max-snippet:-1, max-image-preview:large, max-video-preview:-1\" \/>\n<link rel=\"canonical\" href=\"https:\/\/nevask.eu\/hu\/okosotthon-vezerles\/\" \/>\n<meta property=\"og:locale\" content=\"hu_HU\" \/>\n<meta property=\"og:type\" content=\"article\" \/>\n<meta property=\"og:title\" content=\"SmartHome okosotthon vez\u00e9rl\u00e9sek NEVA \u00e1rny\u00e9kol\u00f3khoz | neva.hu\" \/>\n<meta property=\"og:description\" content=\"Fedezze fel a SmartHome okosotthon k\u00e9nyelm\u00e9t. Az automatikus zsaluzia leh\u00faz\u00e1s, f\u00e9nyer\u0151cs\u00f6kkent\u00e9s vagy riaszt\u00f3k aktiv\u00e1l\u00e1sa, \u00e9lvezze a modern otthon k\u00e9nyelm\u00e9t.\" \/>\n<meta property=\"og:url\" content=\"https:\/\/nevask.eu\/hu\/okosotthon-vezerles\/\" \/>\n<meta property=\"og:site_name\" content=\"NEVA\" \/>\n<meta property=\"article:modified_time\" content=\"2026-02-20T09:16:09+00:00\" \/>\n<meta name=\"twitter:card\" content=\"summary_large_image\" \/>\n<meta name=\"twitter:label1\" content=\"Becs\u00fclt olvas\u00e1si id\u0151\" \/>\n\t<meta name=\"twitter:data1\" content=\"3 perc\" \/>\n<!-- \/ Yoast SEO plugin. -->","yoast_head_json":{"title":"SmartHome okosotthon vez\u00e9rl\u00e9sek NEVA \u00e1rny\u00e9kol\u00f3khoz | neva.hu","description":"Fedezze fel a SmartHome okosotthon k\u00e9nyelm\u00e9t. Az automatikus zsaluzia leh\u00faz\u00e1s, f\u00e9nyer\u0151cs\u00f6kkent\u00e9s vagy riaszt\u00f3k aktiv\u00e1l\u00e1sa, \u00e9lvezze a modern otthon k\u00e9nyelm\u00e9t.","robots":{"index":"index","follow":"follow","max-snippet":"max-snippet:-1","max-image-preview":"max-image-preview:large","max-video-preview":"max-video-preview:-1"},"canonical":"https:\/\/nevask.eu\/hu\/okosotthon-vezerles\/","og_locale":"hu_HU","og_type":"article","og_title":"SmartHome okosotthon vez\u00e9rl\u00e9sek NEVA \u00e1rny\u00e9kol\u00f3khoz | neva.hu","og_description":"Fedezze fel a SmartHome okosotthon k\u00e9nyelm\u00e9t. Az automatikus zsaluzia leh\u00faz\u00e1s, f\u00e9nyer\u0151cs\u00f6kkent\u00e9s vagy riaszt\u00f3k aktiv\u00e1l\u00e1sa, \u00e9lvezze a modern otthon k\u00e9nyelm\u00e9t.","og_url":"https:\/\/nevask.eu\/hu\/okosotthon-vezerles\/","og_site_name":"NEVA","article_modified_time":"2026-02-20T09:16:09+00:00","twitter_card":"summary_large_image","twitter_misc":{"Becs\u00fclt olvas\u00e1si id\u0151":"3 perc"},"schema":{"@context":"https:\/\/schema.org","@graph":[{"@type":"WebPage","@id":"https:\/\/nevask.eu\/hu\/okosotthon-vezerles\/","url":"https:\/\/nevask.eu\/hu\/okosotthon-vezerles\/","name":"SmartHome okosotthon vez\u00e9rl\u00e9sek NEVA \u00e1rny\u00e9kol\u00f3khoz | neva.hu","isPartOf":{"@id":"https:\/\/nevask.eu\/hu\/#website"},"datePublished":"2025-07-04T06:57:24+00:00","dateModified":"2026-02-20T09:16:09+00:00","description":"Fedezze fel a SmartHome okosotthon k\u00e9nyelm\u00e9t. Az automatikus zsaluzia leh\u00faz\u00e1s, f\u00e9nyer\u0151cs\u00f6kkent\u00e9s vagy riaszt\u00f3k aktiv\u00e1l\u00e1sa, \u00e9lvezze a modern otthon k\u00e9nyelm\u00e9t.","breadcrumb":{"@id":"https:\/\/nevask.eu\/hu\/okosotthon-vezerles\/#breadcrumb"},"inLanguage":"hu","potentialAction":[{"@type":"ReadAction","target":["https:\/\/nevask.eu\/hu\/okosotthon-vezerles\/"]}]},{"@type":"BreadcrumbList","@id":"https:\/\/nevask.eu\/hu\/okosotthon-vezerles\/#breadcrumb","itemListElement":[{"@type":"ListItem","position":1,"name":"Home","item":"https:\/\/nevask.eu\/hu\/"},{"@type":"ListItem","position":2,"name":"Okosotthon vezerl\u00e9s"}]},{"@type":"WebSite","@id":"https:\/\/nevask.eu\/hu\/#website","url":"https:\/\/nevask.eu\/hu\/","name":"NEVA","description":"Vonkaj\u0161ie \u017eal\u00fazie a screenov\u00e9 rolety","potentialAction":[{"@type":"SearchAction","target":{"@type":"EntryPoint","urlTemplate":"https:\/\/nevask.eu\/hu\/?s={search_term_string}"},"query-input":{"@type":"PropertyValueSpecification","valueRequired":true,"valueName":"search_term_string"}}],"inLanguage":"hu"}]}},"_links":{"self":[{"href":"https:\/\/nevask.eu\/hu\/wp-json\/wp\/v2\/pages\/6341","targetHints":{"allow":["GET"]}}],"collection":[{"href":"https:\/\/nevask.eu\/hu\/wp-json\/wp\/v2\/pages"}],"about":[{"href":"https:\/\/nevask.eu\/hu\/wp-json\/wp\/v2\/types\/page"}],"author":[{"embeddable":true,"href":"https:\/\/nevask.eu\/hu\/wp-json\/wp\/v2\/users\/52"}],"replies":[{"embeddable":true,"href":"https:\/\/nevask.eu\/hu\/wp-json\/wp\/v2\/comments?post=6341"}],"version-history":[{"count":9,"href":"https:\/\/nevask.eu\/hu\/wp-json\/wp\/v2\/pages\/6341\/revisions"}],"predecessor-version":[{"id":12637,"href":"https:\/\/nevask.eu\/hu\/wp-json\/wp\/v2\/pages\/6341\/revisions\/12637"}],"wp:attachment":[{"href":"https:\/\/nevask.eu\/hu\/wp-json\/wp\/v2\/media?parent=6341"}],"curies":[{"name":"wp","href":"https:\/\/api.w.org\/{rel}","templated":true}]}}