{"id":6590,"date":"2025-07-02T13:33:59","date_gmt":"2025-07-02T11:33:59","guid":{"rendered":"https:\/\/nevask.eu\/?page_id=6590"},"modified":"2025-09-11T11:16:46","modified_gmt":"2025-09-11T09:16:46","slug":"kulteri-zsaluzia-neva-c80","status":"publish","type":"page","link":"https:\/\/nevask.eu\/hu\/kulteri-zsaluzia-neva\/kulteri-zsaluzia-neva-c80\/","title":{"rendered":"NEVA C-80"},"content":{"rendered":"\n\n\n\n\n\n<div class=\"section narrow white\">\n\t<div class=\"container\">\n\t\t<div class=\"cell\">\n\t\t\t<ul class=\"breadcrumbs\">\n\t\t\t\t<li><a href=\"https:\/\/nevask.eu\/hu\/\">Home<\/a><\/li>\n\n\t\t\t\t\n\t\t\t<\/ul>\n\t\t<\/div>\n\t<\/div>\n<\/div>\n\n\n\n\n\n\n\n\n<div  class=\"section white\">\n\t<div class=\"container cols-60p-40p\">\n\n\t\t\n\n\n\t\t<div class=\"cell\">\n\n\t\t\t<h1>K\u00fclt\u00e9ri zsaluzia NEVA C-80<\/h1>\n<p class=\"p-large\">A C-alak\u00fa zsaluzia a lamell\u00e1k billen\u00e9si lehet\u0151s\u00e9g\u00e9nek k\u00f6sz\u00f6nhet\u0151en mindk\u00e9t oldalon lehet\u0151v\u00e9 teszi az \u00e1rny\u00e9kol\u00e1s pontos ir\u00e1ny\u00edt\u00e1s\u00e1t \u00e9s csak annyi napf\u00e9nyt enged be, amennyit \u00d6n szeretne.<\/p>\n<div id=\"output\">\n<p>A <a href=\"https:\/\/nevask.eu\/hu\/kulteri-zsaluzia-neva\/kulteri-zsaluzia-neva-c65\/\">NEVA C-65<\/a>-h\u00f6z k\u00e9pest massz\u00edvabb lamell\u00e1kkal rendelkezik, \u00edgynagyobb fel\u00fcletet \u00e1rny\u00e9kol. A zsaluzi\u00e1k a megrendel\u00e9st k\u00f6vet\u0151 14 nap alatt k\u00e9sz\u00fclnek el, gy\u00e1rilag be\u00e1ll\u00edtva. Ezek a be\u00e1ll\u00edt\u00e1sok is biztos\u00edtj\u00e1k a zsaluzi\u00e1k gyors szerel\u00e9s\u00e9t. Rendelhet\u0151k hajt\u00f3karral, motorral, vagy <a href=\"https:\/\/nevask.eu\/hu\/okosotthon-vezerles\/\">csatlakoztathatja okosotthon rendszer\u00e9hez<\/a> is.<br \/>\nRendelhet\u0151k vezet\u0151s\u00ednes vagy sodronyos kivitelben.<\/p>\n<p>&nbsp;<\/p>\n<\/div>\n<p><a href=\"https:\/\/nevask.eu\/hu\/kulteri-zsaluzia-neva\/zsaluziak-szinei\/\"><img loading=\"lazy\" decoding=\"async\" class=\"alignnone wp-image-6593\" title=\"NEVA k\u00fclt\u00e9ri zsaluzi\u00e1k sz\u00ednei\" src=\"https:\/\/nevask.eu\/wp-content\/uploads\/2025\/07\/22-farieb-bez-priplatku-modre-1-300x115.png\" alt=\"NEVA k\u00fclt\u00e9ri zsaluzi\u00e1k sz\u00ednei\" width=\"183\" height=\"70\" srcset=\"https:\/\/nevask.eu\/wp-content\/uploads\/2025\/07\/22-farieb-bez-priplatku-modre-1-300x115.png 300w, https:\/\/nevask.eu\/wp-content\/uploads\/2025\/07\/22-farieb-bez-priplatku-modre-1-1024x391.png 1024w, https:\/\/nevask.eu\/wp-content\/uploads\/2025\/07\/22-farieb-bez-priplatku-modre-1-768x293.png 768w, https:\/\/nevask.eu\/wp-content\/uploads\/2025\/07\/22-farieb-bez-priplatku-modre-1-1536x587.png 1536w, https:\/\/nevask.eu\/wp-content\/uploads\/2025\/07\/22-farieb-bez-priplatku-modre-1.png 1937w\" sizes=\"auto, (max-width: 183px) 100vw, 183px\" \/><\/a><\/p>\n<p><strong>5 \u00e9v garanci\u00e1t<\/strong> v\u00e1llalunk minden NEVA\u00ae k\u00fclt\u00e9ri zsaluzi\u00e1ra.<\/p>\n<p>&nbsp;<\/p>\n\n\t\t\t\n\t\t<\/div>\n\n\n\n\t\t\n\t<\/div>\n<\/div>\n\n\n\n\n\n<div  class=\"section white\">\n\t<div class=\"container product-gallery slider-mobile\">\n\n\t\t\n\t\t\t\n\t\t\t\t<a class=\"cell\" href=\"https:\/\/nevask.eu\/wp-content\/uploads\/2025\/07\/Detail-lamely-C_80.png.webp\">\n\t\t\t\t\t<img decoding=\"async\" class=\"ratio-1x1\" src=\"https:\/\/nevask.eu\/wp-content\/uploads\/2025\/07\/Detail-lamely-C_80.png.webp\" alt=\"Detail lamely v tvare p\u00edsmena C\">\n\t\t\t\t<\/a>\n\n\t\t\t\n\t\t\t\t<a class=\"cell\" href=\"https:\/\/nevask.eu\/wp-content\/uploads\/2025\/07\/neva-venkovni-zaluzie-c-80-kryci-plech-1-1-600x600-c-center.webp\">\n\t\t\t\t\t<img decoding=\"async\" class=\"ratio-1x1\" src=\"https:\/\/nevask.eu\/wp-content\/uploads\/2025\/07\/neva-venkovni-zaluzie-c-80-kryci-plech-1-1-600x600-c-center.webp\" alt=\"\u017dal\u00fazia typ C s vodiacimi li\u0161tami\">\n\t\t\t\t<\/a>\n\n\t\t\t\n\t\t\t\t<a class=\"cell\" href=\"https:\/\/nevask.eu\/wp-content\/uploads\/2025\/07\/neva-venkovni-zaluzie-c-80-kryci-plech-2-1-600x600-c-center.webp\">\n\t\t\t\t\t<img decoding=\"async\" class=\"ratio-1x1\" src=\"https:\/\/nevask.eu\/wp-content\/uploads\/2025\/07\/neva-venkovni-zaluzie-c-80-kryci-plech-2-1-600x600-c-center.webp\" alt=\"\u017dal\u00fazia v tvare C s vodiacimi li\u0161tami - zatvoren\u00e1\">\n\t\t\t\t<\/a>\n\n\t\t\t\n\t\t\t\t<a class=\"cell\" href=\"https:\/\/nevask.eu\/wp-content\/uploads\/2025\/07\/Detail_C80.png.webp\">\n\t\t\t\t\t<img decoding=\"async\" class=\"ratio-1x1\" src=\"https:\/\/nevask.eu\/wp-content\/uploads\/2025\/07\/Detail_C80.png.webp\" alt=\"\u017dal\u00fazia typ C - detail\">\n\t\t\t\t<\/a>\n\n\t\t\t\n\t\t\n\t<\/div>\n<\/div>\n\n\n\n\n\n\n\n\n<div  class=\"section white\">\n\n\t\n\t\t\t<div class=\"container col-70p-center center\">\n\t\t\t\t<div class=\"cell\">\n\t\t\t\t\t\n\t\t\n\t\t\t\t\t<a href=\"https:\/\/nevask.eu\/hu\/arajanlat\/arajanlat-kulteri-zsaluzia\/\" target=\"\" class=\"button\">\u00c1raj\u00e1nlat k\u00f6telezetts\u00e9g n\u00e9lk\u00fcl \u2192<\/a>\n\t\t\n\t\t\t\t\t\t<\/div>\n\t\t\t<\/div>\n\n\t\t\t\n<\/div>\n\n\n\n\n\n<div  class=\"section dark\">\n\t<div class=\"container full left\">\n\t\t<div class=\"cell\">\n\t\t\t<p><img loading=\"lazy\" decoding=\"async\" class=\"alignnone wp-image-2093\" src=\"https:\/\/nevask.eu\/wp-content\/uploads\/2025\/07\/hash-nevapartner_4.png\" alt=\"hashtag nevapartner - modr\u00e9 na bielom\" width=\"223\" height=\"45\" srcset=\"https:\/\/nevask.eu\/wp-content\/uploads\/2025\/07\/hash-nevapartner_4.png 689w, https:\/\/nevask.eu\/wp-content\/uploads\/2025\/07\/hash-nevapartner_4-300x61.png 300w\" sizes=\"auto, (max-width: 223px) 100vw, 223px\" \/><\/p>\n<p class=\"p-large\">A <a href=\"https:\/\/nevask.eu\/hu\/neva-viszonteladok\/\">#nevapartner h\u00e1l\u00f3zatba<\/a> tartoz\u00f3 viszontelad\u00f3 \u00e9s telep\u00edt\u0151 partnereink k\u00e9szs\u00e9ggel \u00e1llnak rendelkez\u00e9s\u00e9re, amennyiben m\u0171szaki tan\u00e1csra, vagy term\u00e9kmint\u00e1kra van sz\u00fcks\u00e9ge a legmegfelel\u0151bb NEVA \u00e1rny\u00e9kol\u00f3 kiv\u00e1laszt\u00e1s\u00e1hoz. Ezut\u00e1n m\u00e1r csak egy l\u00e9p\u00e9sre van az <a href=\"https:\/\/nevask.eu\/hu\/arajanlat\/\">\u00e1raj\u00e1nlat<\/a> kidolgoz\u00e1s\u00e1t\u00f3l.<\/p>\n\t\t<\/div>\n\t<\/div>\n<\/div>\n\n\n\n\n\n<div  class=\"section tint\">\n\n\t\n\t\t<div class=\"container intro\">\n\t\t\t<div class=\"cell\">\n\t\t\t\t<h2>A NEVA C-80 zsaluzi\u00e1k el\u0151nyei<\/h2>\n\t\t\t<\/div>\n\t\t<\/div>\n\n\t\n\n\n\t\n\t<div class=\"container cols-33p text-blocks\" style=\"\">\n\n\t\t\n\t\t\t\n\t\t\t\t\n\t\t\t\t<div class=\"cell\" style=\"\">\n\n\t\t\t\t\t\n\t\t\t\t\t\t<div class=\"icon-title\">\n\n\t\t\t\t\t\t\t\t\t\t\t\t\t\t\t<img decoding=\"async\" src=\"https:\/\/nevask.eu\/wp-content\/uploads\/2025\/07\/icon-detail-sklopite-je-na-obe-strany-100x100-c-center.webp\" alt=\"piktogram - recykl\u00e1cia\">\n\t\t\t\t\t\t\t\n\t\t\t\t\t\t\t\t\t\t\t\t\t\t\t<h3 class=\"h5\">K\u00e9toldali billent\u00e9slehet\u0151s\u00e9g<\/h3>\n\t\t\t\t\t\t\t\n\t\t\t\t\t\t<\/div>\n\n\t\t\t\t\t\n\n\n\t\t\t\t\t<p>Ha univerz\u00e1lis zsaluzi\u00e1t keres, akkor a C alak\u00fa a legjobb v\u00e1laszt\u00e1s. A billen\u00e9si lehet\u0151s\u00e9g\u00e9nek k\u00f6sz\u00f6nhet\u0151en sokf\u00e9le \u00e1rny\u00e9kol\u00e1si lehet\u0151s\u00e9get biztos\u00edt, \u00e9s ide\u00e1lis f\u00e9nymennyis\u00e9get ereszt a helyis\u00e9gbe.<\/p>\n\n\t\t\t\t<\/div>\n\t\t\t\n\t\t\t\t\n\t\t\t\t<div class=\"cell\" style=\"\">\n\n\t\t\t\t\t\n\t\t\t\t\t\t<div class=\"icon-title\">\n\n\t\t\t\t\t\t\t\t\t\t\t\t\t\t\t<img decoding=\"async\" src=\"https:\/\/nevask.eu\/wp-content\/uploads\/2025\/07\/icon-detail-variabilni-reseni-100x100-c-center-232.webp\" alt=\"piktogram - mrakodrapy\">\n\t\t\t\t\t\t\t\n\t\t\t\t\t\t\t\t\t\t\t\t\t\t\t<h3 class=\"h5\">V\u00e1ltozatos megold\u00e1s<\/h3>\n\t\t\t\t\t\t\t\n\t\t\t\t\t\t<\/div>\n\n\t\t\t\t\t\n\n\n\t\t\t\t\t<p>A C-80 zsaluzia nemcsak a h\u00e1ztart\u00e1sok, hanem az irodah\u00e1zak \u00e9s az irod\u00e1k sz\u00e1m\u00e1ra is kedvelt k\u00fclt\u00e9ri \u00e1rny\u00e9kol\u00f3k.<\/p>\n\n\t\t\t\t<\/div>\n\t\t\t\n\t\t\t\t\n\t\t\t\t<div class=\"cell\" style=\"\">\n\n\t\t\t\t\t\n\t\t\t\t\t\t<div class=\"icon-title\">\n\n\t\t\t\t\t\t\t\t\t\t\t\t\t\t\t<img decoding=\"async\" src=\"https:\/\/nevask.eu\/wp-content\/uploads\/2025\/07\/icon-detail-tichy-chod-latkove-rolety-100x100-c-center-149-2.webp\" alt=\"Piktogram Tich\u00e9 \u017eal\u00fazie\">\n\t\t\t\t\t\t\t\n\t\t\t\t\t\t\t\t\t\t\t\t\t\t\t<h3 class=\"h5\">Csendes m\u0171k\u00f6d\u00e9s<\/h3>\n\t\t\t\t\t\t\t\n\t\t\t\t\t\t<\/div>\n\n\t\t\t\t\t\n\n\n\t\t\t\t\t<p>Az egyes lamell\u00e1k sz\u00e9l\u00e9be hengerelt guminak k\u00f6sz\u00f6nhet\u0151en nincs \u201ef\u00e9m a f\u00e9men\u201d \u00e9rintkez\u00e9s. Az ellipszis alak\u00fa vezet\u0151csapok sz\u00e9lesebb helyzetbe fordulnak, amikor a zsaluzi\u00e1k z\u00e1rt \u00e1llapotban vannak, \u00edgy r\u00f6gz\u00edtik a lamell\u00e1kat a vezet\u0151profilokban, ez\u00e9rt azok m\u00e9g er\u0151s sz\u00e9lben sem zajosak.<\/p>\n\n\t\t\t\t<\/div>\n\t\t\t\n\t\t\n\t<\/div>\n\n\n\n\t\n\t\t<div class=\"container outro center\">\n\t\t\t<div class=\"cell\">\n\n\t\t\t\t\n\t\t\t\t\t\t\t\t\t<a href=\"https:\/\/nevask.eu\/hu\/kulteri-zsaluzia-neva\/#vyhody\" target=\"\" class=\"button\">A NEVA zsaluzi\u00e1k tov\u00e1bbi el\u0151nyei \u2192<\/a>\n\t\t\t\t\n\t\t\t<\/div>\n\t\t<\/div>\n\n\t\n<\/div>\n\n\n\n\n\n\n\n\n<div  class=\"section white\">\n\n\t\n\t\t<div class=\"container intro\">\n\t\t\t<div class=\"cell\">\n\t\t\t\t<h2>NEVA C-80 m\u0171szaki param\u00e9terek<\/h2>\n\t\t\t<\/div>\n\t\t<\/div>\n\n\t\n\n\n\t<div class=\"container cols-50p\">\n\n\t\t\n\t\t\t<div class=\"cell\">\n\n\t\t\t\t\t\t\t\t\t<h3>Megvezet\u00e9s t\u00edpusa \u2013 Vezet\u0151s\u00edn<\/h3>\n\t\t\t\t\n\n\n\t\t\t\t<div class=\"table-wrapper\"><div class=\"table-wrapper\"><table class=\"nowrap\">\n<tbody>\n<tr>\n<th>NEVA Zsaluzia C-80<\/th>\n<th>Hajt\u00f3kar<\/th>\n<th>Motor<\/th>\n<\/tr>\n<tr>\n<td>Zsaluzia sz\u00e9less\u00e9ge (mm)<\/td>\n<td>400 \u2013 5000<\/td>\n<td>600 \u2013 5000<\/td>\n<\/tr>\n<tr>\n<td>Zsaluzia magass\u00e1ga (mm)<\/td>\n<td>500 \u2013 5000<\/td>\n<td>500 \u2013 5000<\/td>\n<\/tr>\n<tr>\n<td>Zsaluzia maxim\u00e1lis fel\u00fclete (m2)<\/td>\n<td>9<\/td>\n<td>20<\/td>\n<\/tr>\n<tr>\n<td>Sz\u00e9l\u00e1ll\u00f3s\u00e1gi oszt\u00e1ly<\/td>\n<td>a\u017e 74 km\/h,<br \/>\na\u017e trieda 5<\/td>\n<td>a\u017e 74 km\/h,<br \/>\na\u017e trieda 5<\/td>\n<\/tr>\n<\/tbody>\n<\/table><\/div><\/div>\n\n\t\t\t<\/div>\n\n\t\t\n\t\t\t<div class=\"cell\">\n\n\t\t\t\t\t\t\t\t\t<h3>Megvezet\u00e9s t\u00edpusa \u2013 Sodrony<\/h3>\n\t\t\t\t\n\n\n\t\t\t\t<div class=\"table-wrapper\"><div class=\"table-wrapper\"><table class=\"nowrap\">\n<tbody>\n<tr>\n<th>NEVA Zsaluzia C-80<\/th>\n<th>Hajt\u00f3kar<\/th>\n<th>Motor<\/th>\n<\/tr>\n<tr>\n<td>Zsaluzia sz\u00e9less\u00e9ge (mm)<\/td>\n<td>400 \u2013 4000<\/td>\n<td>600 \u2013 4000<\/td>\n<\/tr>\n<tr>\n<td>Zsaluzia magass\u00e1ga (mm)<\/td>\n<td>500 \u2013 4000<\/td>\n<td>500 \u2013 4000<\/td>\n<\/tr>\n<tr>\n<td>Zsaluzia maxim\u00e1lis fel\u00fclete (m2)<\/td>\n<td>9<\/td>\n<td>16<\/td>\n<\/tr>\n<tr>\n<td>Sz\u00e9l\u00e1ll\u00f3s\u00e1gi oszt\u00e1ly<\/td>\n<td>49 km\/h-ig,<br \/>\n3. oszt\u00e1lyig<\/td>\n<td>49 km\/h-ig,<br \/>\n3. oszt\u00e1lyig<\/td>\n<\/tr>\n<\/tbody>\n<\/table><\/div><\/div>\n\n\t\t\t<\/div>\n\n\t\t\n\t<\/div>\n<\/div>\n\n\n\n\n\n\n\n\n<div  class=\"section white\">\n\n\t\n\t\t<div class=\"container intro\">\n\t\t\t<div class=\"cell\">\n\t\t\t\t<h3>NEVA C-80 m\u0171szaki rajza<\/h3>\n\t\t\t<\/div>\n\t\t<\/div>\n\n\t\n\n\n\t<div class=\"container cols-40p-60p\">\n\n\t\t\n\t\t\t<div class=\"cell\">\n\n\t\t\t\t\n\n\n\t\t\t\t\n\t\t\t\t\t\t\t\t\t\t\t\t\t<img decoding=\"async\" src=\"https:\/\/nevask.eu\/wp-content\/uploads\/2025\/07\/C80.png.webp\" alt=\"Rez \u017eal\u00fazia NEVA C-80\">\n\t\t\t\t\t\t\n\t\t\t\t\t\t\n\t\t\t<\/div>\n\n\t\t\n\t\t\t<div class=\"cell\">\n\n\t\t\t\t\n\n\n\t\t\t\t<div class=\"table-wrapper\"><div class=\"table-wrapper\"><table class=\"nowrap\">\n<tbody>\n<tr>\n<th colspan=\"3\">Jelmagyar\u00e1zat a rajzhoz<\/th>\n<\/tr>\n<tr>\n<td>1<\/td>\n<td>Bels\u0151 t\u00e9r a zsaluzia sz\u00e1m\u00e1ra (mm)<\/td>\n<td>130<br \/>\n(javasolt)<\/td>\n<\/tr>\n<tr>\n<td>2<\/td>\n<td>A csomag magass\u00e1ga (mm)<\/td>\n<td>190 \u2013 430<\/td>\n<\/tr>\n<tr>\n<td>3<\/td>\n<td>\u200bZsaluzia teljes magass\u00e1ga (mm)<\/td>\n<td>500 \u2013 5000<\/td>\n<\/tr>\n<\/tbody>\n<\/table><\/div><\/div>\n\n\t\t\t<\/div>\n\n\t\t\n\t<\/div>\n<\/div>\n\n\n\n\n\n<div class=\"section white\">\n\t<div class=\"container\">\n\t\t<div class=\"cell\">\n\t\t\t<hr class=\"separator\">\n\t\t<\/div>\n\t<\/div>\n<\/div>\n\n\n\n\n\n<div  class=\"section white\">\n\n\t\n\t\t<div class=\"container intro\">\n\t\t\t<div class=\"cell\">\n\t\t\t\t<h2>Kiv\u00e1lasztott megval\u00f3s\u00edt\u00e1sok k\u00fclt\u00e9ri zsaluzia NEVA C-80<\/h2>\n\t\t\t<\/div>\n\t\t<\/div>\n\n\t\n\n\n\t<div class=\"container\">\n\t\t<div class=\"grid-cols\">\n\n\t\t\t\n\t\t\t\t\n\t\t\t\t\t\n\n\n\t\t\t\t\t\n\t\t\t\t\t\t\n\t\t\t\t\t\t\t\n\t\t\t\t\t\t\t<div class=\"col-4 block bg-image h600 default\" style=\"background-image: url(https:\/\/nevask.eu\/wp-content\/uploads\/2025\/07\/vonkajsie-zaluzie-c80-5-scaled.webp)\">\n\n\t\t\t\t\t\t\t\t<div>\n\n\t\t\t\t\t\t\t\t\t\n\t\t\t\t\t\t\t\t\t\n\t\t\t\t\t\t\t\t<\/div>\n\n\t\t\t\t\t\t\t<\/div>\n\n\t\t\t\t\t\t\n\t\t\t\t\t\n\n\n\t\t\t\t\t\n\t\t\t\t\n\t\t\t\t\t\t\t\t\t\t\t<div class=\"grid-rows col-4\">\n\t\t\t\t\t\n\n\n\t\t\t\t\t\n\t\t\t\t\t\t\n\t\t\t\t\t\t\t\n\t\t\t\t\t\t\t<div class=\"row-7 block bg-image default default\" style=\"background-image: url(https:\/\/nevask.eu\/wp-content\/uploads\/2025\/07\/vonkajsie-zaluzie-c80-8-scaled.webp)\">\n\n\t\t\t\t\t\t\t\t<div>\n\n\t\t\t\t\t\t\t\t\t\n\t\t\t\t\t\t\t\t\t\n\t\t\t\t\t\t\t\t<\/div>\n\n\t\t\t\t\t\t\t<\/div>\n\n\t\t\t\t\t\t\n\t\t\t\t\t\t\t\n\t\t\t\t\t\t\t<div class=\"row-5 block bg-image default default\" style=\"background-image: url(https:\/\/nevask.eu\/wp-content\/uploads\/2025\/07\/vonkajsie-zaluzie-c80-6-scaled.webp)\">\n\n\t\t\t\t\t\t\t\t<div>\n\n\t\t\t\t\t\t\t\t\t\n\t\t\t\t\t\t\t\t\t\n\t\t\t\t\t\t\t\t<\/div>\n\n\t\t\t\t\t\t\t<\/div>\n\n\t\t\t\t\t\t\n\t\t\t\t\t\n\n\n\t\t\t\t\t\t\t\t\t\t\t<\/div>\n\t\t\t\t\t\n\t\t\t\t\n\t\t\t\t\t\t\t\t\t\t\t<div class=\"grid-rows col-4\">\n\t\t\t\t\t\n\n\n\t\t\t\t\t\n\t\t\t\t\t\t\n\t\t\t\t\t\t\t\n\t\t\t\t\t\t\t<div class=\"row-5 block bg-image default default\" style=\"background-image: url(https:\/\/nevask.eu\/wp-content\/uploads\/2025\/07\/neva-realizace-rodinny-dum-izrael-c-80-1-1.jpg.webp)\">\n\n\t\t\t\t\t\t\t\t<div>\n\n\t\t\t\t\t\t\t\t\t\n\t\t\t\t\t\t\t\t\t\n\t\t\t\t\t\t\t\t<\/div>\n\n\t\t\t\t\t\t\t<\/div>\n\n\t\t\t\t\t\t\n\t\t\t\t\t\t\t\n\t\t\t\t\t\t\t<div class=\"row-7 block bg-image default default\" style=\"background-image: url(https:\/\/nevask.eu\/wp-content\/uploads\/2025\/07\/vonkajsie-zaluzie-c80-21-scaled.webp)\">\n\n\t\t\t\t\t\t\t\t<div>\n\n\t\t\t\t\t\t\t\t\t\n\t\t\t\t\t\t\t\t\t\n\t\t\t\t\t\t\t\t<\/div>\n\n\t\t\t\t\t\t\t<\/div>\n\n\t\t\t\t\t\t\n\t\t\t\t\t\n\n\n\t\t\t\t\t\t\t\t\t\t\t<\/div>\n\t\t\t\t\t\n\t\t\t\t\n\t\t\t\n\t\t<\/div>\n\t<\/div>\n\n\n\n\t\n\t\t<div class=\"container outro center\">\n\t\t\t<div class=\"cell\">\n\t\t\t\t<a href=\"https:\/\/nevask.eu\/hu\/referenciak\/\" target=\"\" class=\"button\">Tov\u00e1bbi referenci\u00e1k \u2192<\/a>\n\t\t\t<\/div>\n\t\t<\/div>\n\n\t\n<\/div>\n","protected":false},"excerpt":{"rendered":"","protected":false},"author":52,"featured_media":0,"parent":6494,"menu_order":0,"comment_status":"closed","ping_status":"closed","template":"","meta":{"_acf_changed":false,"inline_featured_image":false,"footnotes":""},"class_list":["post-6590","page","type-page","status-publish","hentry"],"acf":[],"yoast_head":"<!-- This site is optimized with the Yoast SEO plugin v27.5 - https:\/\/yoast.com\/product\/yoast-seo-wordpress\/ -->\n<title>NEVA C-80 k\u00fclt\u00e9ri zsaluzi\u00e1k | nevask.eu<\/title>\n<meta name=\"description\" content=\"A NEVA C-80 zsaluzi\u00e1k robusztusabb lamell\u00e1kal rendelkeznek, \u00e9s nagyobb ter\u00fcletet \u00e1rny\u00e9kolnak, mint a NEVA C-65. Mindk\u00e9t ir\u00e1nyba d\u00f6nthet\u0151k.\" \/>\n<meta name=\"robots\" content=\"index, follow, max-snippet:-1, max-image-preview:large, max-video-preview:-1\" \/>\n<link rel=\"canonical\" href=\"https:\/\/nevask.eu\/hu\/kulteri-zsaluzia-neva\/kulteri-zsaluzia-neva-c80\/\" \/>\n<meta property=\"og:locale\" content=\"hu_HU\" \/>\n<meta property=\"og:type\" content=\"article\" \/>\n<meta property=\"og:title\" content=\"NEVA C-80 k\u00fclt\u00e9ri zsaluzi\u00e1k | nevask.eu\" \/>\n<meta property=\"og:description\" content=\"A NEVA C-80 zsaluzi\u00e1k robusztusabb lamell\u00e1kal rendelkeznek, \u00e9s nagyobb ter\u00fcletet \u00e1rny\u00e9kolnak, mint a NEVA C-65. Mindk\u00e9t ir\u00e1nyba d\u00f6nthet\u0151k.\" \/>\n<meta property=\"og:url\" content=\"https:\/\/nevask.eu\/hu\/kulteri-zsaluzia-neva\/kulteri-zsaluzia-neva-c80\/\" \/>\n<meta property=\"og:site_name\" content=\"NEVA\" \/>\n<meta property=\"article:modified_time\" content=\"2025-09-11T09:16:46+00:00\" \/>\n<meta name=\"twitter:card\" content=\"summary_large_image\" \/>\n<meta name=\"twitter:label1\" content=\"Becs\u00fclt olvas\u00e1si id\u0151\" \/>\n\t<meta name=\"twitter:data1\" content=\"5 perc\" \/>\n<!-- \/ Yoast SEO plugin. -->","yoast_head_json":{"title":"NEVA C-80 k\u00fclt\u00e9ri zsaluzi\u00e1k | nevask.eu","description":"A NEVA C-80 zsaluzi\u00e1k robusztusabb lamell\u00e1kal rendelkeznek, \u00e9s nagyobb ter\u00fcletet \u00e1rny\u00e9kolnak, mint a NEVA C-65. Mindk\u00e9t ir\u00e1nyba d\u00f6nthet\u0151k.","robots":{"index":"index","follow":"follow","max-snippet":"max-snippet:-1","max-image-preview":"max-image-preview:large","max-video-preview":"max-video-preview:-1"},"canonical":"https:\/\/nevask.eu\/hu\/kulteri-zsaluzia-neva\/kulteri-zsaluzia-neva-c80\/","og_locale":"hu_HU","og_type":"article","og_title":"NEVA C-80 k\u00fclt\u00e9ri zsaluzi\u00e1k | nevask.eu","og_description":"A NEVA C-80 zsaluzi\u00e1k robusztusabb lamell\u00e1kal rendelkeznek, \u00e9s nagyobb ter\u00fcletet \u00e1rny\u00e9kolnak, mint a NEVA C-65. Mindk\u00e9t ir\u00e1nyba d\u00f6nthet\u0151k.","og_url":"https:\/\/nevask.eu\/hu\/kulteri-zsaluzia-neva\/kulteri-zsaluzia-neva-c80\/","og_site_name":"NEVA","article_modified_time":"2025-09-11T09:16:46+00:00","twitter_card":"summary_large_image","twitter_misc":{"Becs\u00fclt olvas\u00e1si id\u0151":"5 perc"},"schema":{"@context":"https:\/\/schema.org","@graph":[{"@type":"WebPage","@id":"https:\/\/nevask.eu\/hu\/kulteri-zsaluzia-neva\/kulteri-zsaluzia-neva-c80\/","url":"https:\/\/nevask.eu\/hu\/kulteri-zsaluzia-neva\/kulteri-zsaluzia-neva-c80\/","name":"NEVA C-80 k\u00fclt\u00e9ri zsaluzi\u00e1k | nevask.eu","isPartOf":{"@id":"https:\/\/nevask.eu\/hu\/#website"},"datePublished":"2025-07-02T11:33:59+00:00","dateModified":"2025-09-11T09:16:46+00:00","description":"A NEVA C-80 zsaluzi\u00e1k robusztusabb lamell\u00e1kal rendelkeznek, \u00e9s nagyobb ter\u00fcletet \u00e1rny\u00e9kolnak, mint a NEVA C-65. Mindk\u00e9t ir\u00e1nyba d\u00f6nthet\u0151k.","breadcrumb":{"@id":"https:\/\/nevask.eu\/hu\/kulteri-zsaluzia-neva\/kulteri-zsaluzia-neva-c80\/#breadcrumb"},"inLanguage":"hu","potentialAction":[{"@type":"ReadAction","target":["https:\/\/nevask.eu\/hu\/kulteri-zsaluzia-neva\/kulteri-zsaluzia-neva-c80\/"]}]},{"@type":"BreadcrumbList","@id":"https:\/\/nevask.eu\/hu\/kulteri-zsaluzia-neva\/kulteri-zsaluzia-neva-c80\/#breadcrumb","itemListElement":[{"@type":"ListItem","position":1,"name":"Home","item":"https:\/\/nevask.eu\/hu\/"},{"@type":"ListItem","position":2,"name":"K\u00fclt\u00e9ri zsaluzia NEVA","item":"https:\/\/nevask.eu\/hu\/kulteri-zsaluzia-neva\/"},{"@type":"ListItem","position":3,"name":"NEVA C-80"}]},{"@type":"WebSite","@id":"https:\/\/nevask.eu\/hu\/#website","url":"https:\/\/nevask.eu\/hu\/","name":"NEVA","description":"Vonkaj\u0161ie \u017eal\u00fazie a screenov\u00e9 rolety","potentialAction":[{"@type":"SearchAction","target":{"@type":"EntryPoint","urlTemplate":"https:\/\/nevask.eu\/hu\/?s={search_term_string}"},"query-input":{"@type":"PropertyValueSpecification","valueRequired":true,"valueName":"search_term_string"}}],"inLanguage":"hu"}]}},"_links":{"self":[{"href":"https:\/\/nevask.eu\/hu\/wp-json\/wp\/v2\/pages\/6590","targetHints":{"allow":["GET"]}}],"collection":[{"href":"https:\/\/nevask.eu\/hu\/wp-json\/wp\/v2\/pages"}],"about":[{"href":"https:\/\/nevask.eu\/hu\/wp-json\/wp\/v2\/types\/page"}],"author":[{"embeddable":true,"href":"https:\/\/nevask.eu\/hu\/wp-json\/wp\/v2\/users\/52"}],"replies":[{"embeddable":true,"href":"https:\/\/nevask.eu\/hu\/wp-json\/wp\/v2\/comments?post=6590"}],"version-history":[{"count":17,"href":"https:\/\/nevask.eu\/hu\/wp-json\/wp\/v2\/pages\/6590\/revisions"}],"predecessor-version":[{"id":10198,"href":"https:\/\/nevask.eu\/hu\/wp-json\/wp\/v2\/pages\/6590\/revisions\/10198"}],"up":[{"embeddable":true,"href":"https:\/\/nevask.eu\/hu\/wp-json\/wp\/v2\/pages\/6494"}],"wp:attachment":[{"href":"https:\/\/nevask.eu\/hu\/wp-json\/wp\/v2\/media?parent=6590"}],"curies":[{"name":"wp","href":"https:\/\/api.w.org\/{rel}","templated":true}]}}