{"id":6675,"date":"2025-07-02T11:33:44","date_gmt":"2025-07-02T09:33:44","guid":{"rendered":"https:\/\/nevask.eu\/?page_id=6675"},"modified":"2025-09-11T11:13:13","modified_gmt":"2025-09-11T09:13:13","slug":"kulteri-zsaluzia-neva-z70","status":"publish","type":"page","link":"https:\/\/nevask.eu\/hu\/kulteri-zsaluzia-neva\/kulteri-zsaluzia-neva-z70\/","title":{"rendered":"NEVA Z-70"},"content":{"rendered":"\n\n\n\n\n\n<div class=\"section narrow white\">\n\t<div class=\"container\">\n\t\t<div class=\"cell\">\n\t\t\t<ul class=\"breadcrumbs\">\n\t\t\t\t<li><a href=\"https:\/\/nevask.eu\/hu\/\">Home<\/a><\/li>\n\n\t\t\t\t\n\t\t\t<\/ul>\n\t\t<\/div>\n\t<\/div>\n<\/div>\n\n\n\n\n\n\n\n\n<div  class=\"section white\">\n\t<div class=\"container cols-60p-40p\">\n\n\t\t\n\n\n\t\t<div class=\"cell\">\n\n\t\t\t<h1>K\u00fclt\u00e9ri zsaluzia NEVA Z-70<\/h1>\n<p class=\"p-large\">Eleg\u00e1ns \u00e9s csendes zsaluzi\u00e1k keskeny lamell\u00e1kkal \u00e9s kiv\u00e1l\u00f3 \u00e1rny\u00e9kol\u00f3k\u00e9pess\u00e9ggel.<\/p>\n<p>Form\u00e1ja t\u00f6k\u00e9letesen kieg\u00e9sz\u00edti a modern \u00e9p\u00fcleteket, \u00e9s lamell\u00e1i m\u00e9ret\u00e9nek k\u00f6sz\u00f6nhet\u0151en keskenyebb ablakk\u00e1v\u00e1ba is alkalmas. Kiv\u00e1l\u00f3an \u00e1rny\u00e9kol, \u00e9s a t\u00f6m\u00edt\u0151 gumiknak k\u00f6sz\u00f6nhet\u0151en csendes a m\u0171k\u00f6d\u00e9se.<\/p>\n<p><strong>5 \u00e9v garanci\u00e1t<\/strong> v\u00e1llalunk minden NEVA\u00ae k\u00fclt\u00e9ri zsaluzi\u00e1ra.<\/p>\n\n\t\t\t\n\t\t<\/div>\n\n\n\n\t\t\n\t<\/div>\n<\/div>\n\n\n\n\n\n<div  class=\"section white\">\n\t<div class=\"container product-gallery slider-mobile\">\n\n\t\t\n\t\t\t\n\t\t\t\t<a class=\"cell\" href=\"https:\/\/nevask.eu\/wp-content\/uploads\/2025\/07\/Detail-lamela-zaluzie-NEVA_Z70.png.webp\">\n\t\t\t\t\t<img decoding=\"async\" class=\"ratio-1x1\" src=\"https:\/\/nevask.eu\/wp-content\/uploads\/2025\/07\/Detail-lamela-zaluzie-NEVA_Z70.png.webp\" alt=\"Detail lamely \u017eal\u00fazie NEVA Z-70\">\n\t\t\t\t<\/a>\n\n\t\t\t\n\t\t\t\t<a class=\"cell\" href=\"https:\/\/nevask.eu\/wp-content\/uploads\/2025\/06\/Z70_-_open.png.webp\">\n\t\t\t\t\t<img decoding=\"async\" class=\"ratio-1x1\" src=\"https:\/\/nevask.eu\/wp-content\/uploads\/2025\/06\/Z70_-_open.png.webp\" alt=\"\u017eal\u00fazia NEVA Z-70 - otvoren\u00e1\">\n\t\t\t\t<\/a>\n\n\t\t\t\n\t\t\t\t<a class=\"cell\" href=\"https:\/\/nevask.eu\/wp-content\/uploads\/2025\/06\/Z70_-_close.png.webp\">\n\t\t\t\t\t<img decoding=\"async\" class=\"ratio-1x1\" src=\"https:\/\/nevask.eu\/wp-content\/uploads\/2025\/06\/Z70_-_close.png.webp\" alt=\"\u017eal\u00fazia NEVA Z-70 zatvoren\u00e1\">\n\t\t\t\t<\/a>\n\n\t\t\t\n\t\t\t\t<a class=\"cell\" href=\"https:\/\/nevask.eu\/wp-content\/uploads\/2025\/06\/Detail_Z70-removebg-preview.png.webp\">\n\t\t\t\t\t<img decoding=\"async\" class=\"ratio-1x1\" src=\"https:\/\/nevask.eu\/wp-content\/uploads\/2025\/06\/Detail_Z70-removebg-preview.png.webp\" alt=\"\">\n\t\t\t\t<\/a>\n\n\t\t\t\n\t\t\n\t<\/div>\n<\/div>\n\n\n\n\n\n\n\n\n<div  class=\"section white\">\n\n\t\n\t\t\t<div class=\"container col-70p-center center\">\n\t\t\t\t<div class=\"cell\">\n\t\t\t\t\t\n\t\t\n\t\t\t\t\t<a href=\"https:\/\/nevask.eu\/hu\/arajanlat\/arajanlat-kulteri-zsaluzia\/\" target=\"\" class=\"button\">\u00c1raj\u00e1nlat k\u00f6telezetts\u00e9g n\u00e9lk\u00fcl \u2192<\/a>\n\t\t\n\t\t\t\t\t\t<\/div>\n\t\t\t<\/div>\n\n\t\t\t\n<\/div>\n\n\n\n\n\n<div  class=\"section white\">\n\t<div class=\"container full left\">\n\t\t<div class=\"cell\">\n\t\t\t<p><a href=\"https:\/\/nevask.eu\/hu\/kulteri-zsaluzia-neva\/zsaluziak-szinei\/\"><img loading=\"lazy\" decoding=\"async\" class=\"alignleft wp-image-6593\" title=\"A NEVA k\u00fclt\u00e9ri zsaluzi\u00e1k sz\u00ednei\" src=\"https:\/\/nevask.eu\/wp-content\/uploads\/2025\/07\/22-farieb-bez-priplatku-modre-1-300x115.png\" alt=\"A NEVA k\u00fclt\u00e9ri zsaluzi\u00e1k sz\u00ednei\" width=\"204\" height=\"78\" srcset=\"https:\/\/nevask.eu\/wp-content\/uploads\/2025\/07\/22-farieb-bez-priplatku-modre-1-300x115.png 300w, https:\/\/nevask.eu\/wp-content\/uploads\/2025\/07\/22-farieb-bez-priplatku-modre-1-1024x391.png 1024w, https:\/\/nevask.eu\/wp-content\/uploads\/2025\/07\/22-farieb-bez-priplatku-modre-1-768x293.png 768w, https:\/\/nevask.eu\/wp-content\/uploads\/2025\/07\/22-farieb-bez-priplatku-modre-1-1536x587.png 1536w, https:\/\/nevask.eu\/wp-content\/uploads\/2025\/07\/22-farieb-bez-priplatku-modre-1.png 1937w\" sizes=\"auto, (max-width: 204px) 100vw, 204px\" \/><\/a><\/p>\n<p>&nbsp;<\/p>\n<p style=\"font-weight: 400\">Sz\u00ednt v\u00e1laszthat a <a href=\"https:\/\/nevask.eu\/hu\/kulteri-zsaluzia-neva\/zsaluziak-szinei\/\">standard sz\u00ednek<\/a> sz\u00e9les v\u00e1laszt\u00e9k\u00e1b\u00f3l fel\u00e1r n\u00e9lk\u00fcl, vagy v\u00e1lasszon b\u00e1rmilyen RAL sz\u00ednt fel\u00e1r ellen\u00e9ben.<\/p>\n\t\t<\/div>\n\t<\/div>\n<\/div>\n\n\n\n\n\n<div  class=\"section tint\">\n\n\t\n\t\t<div class=\"container intro\">\n\t\t\t<div class=\"cell\">\n\t\t\t\t<h2>A NEVA Z-70 zsaluzi\u00e1k el\u0151nyei<\/h2>\n\t\t\t<\/div>\n\t\t<\/div>\n\n\t\n\n\n\t\n\t<div class=\"container cols-33p text-blocks\" style=\"\">\n\n\t\t\n\t\t\t\n\t\t\t\t\n\t\t\t\t<div class=\"cell\" style=\"\">\n\n\t\t\t\t\t\n\t\t\t\t\t\t<div class=\"icon-title\">\n\n\t\t\t\t\t\t\t\t\t\t\t\t\t\t\t<img decoding=\"async\" src=\"https:\/\/nevask.eu\/wp-content\/uploads\/2025\/07\/icon-detail-atmosfera-latkove-rolety-100x100-c-center.webp\" alt=\"Dokonale zatienia dom\">\n\t\t\t\t\t\t\t\n\t\t\t\t\t\t\t\t\t\t\t\t\t\t\t<h3 class=\"h5\">Teljes m\u00e9rt\u00e9kben z\u00e1rhat\u00f3k<\/h3>\n\t\t\t\t\t\t\t\n\t\t\t\t\t\t<\/div>\n\n\t\t\t\t\t\n\n\n\t\t\t\t\t<p>Az Z-70 zsaluzia lamell\u00e1i pontosan illeszkednek egym\u00e1shoz, \u00edgy bez\u00e1rva eleg\u00e1ns, szil\u00e1rd r\u00e9teget hoznak l\u00e9tre, amely t\u00f6k\u00e9letesen \u00e1rny\u00e9kolja \u00e9s \u0151rzi a mag\u00e1n\u00e9let\u00e9t.<\/p>\n\n\t\t\t\t<\/div>\n\t\t\t\n\t\t\t\t\n\t\t\t\t<div class=\"cell\" style=\"\">\n\n\t\t\t\t\t\n\t\t\t\t\t\t<div class=\"icon-title\">\n\n\t\t\t\t\t\t\t\t\t\t\t\t\t\t\t<img decoding=\"async\" src=\"https:\/\/nevask.eu\/wp-content\/uploads\/2025\/07\/ikona-neva-elegantny-vzhlad.png.webp\" alt=\"Piktogram Hviezdy - Elegantn\u00fd vzh\u013ead\">\n\t\t\t\t\t\t\t\n\t\t\t\t\t\t\t\t\t\t\t\t\t\t\t<h3 class=\"h5\">Eszt\u00e9tikus kivitel<\/h3>\n\t\t\t\t\t\t\t\n\t\t\t\t\t\t<\/div>\n\n\t\t\t\t\t\n\n\n\t\t\t\t\t<p>A nagyobb sz\u00e1m\u00fa keskenyebb lamell\u00e1knak k\u00f6sz\u00f6nhet\u0151en aZ-70 zsaluzia m\u00e9g a kisebb ablakokon is finomabbnak \u00e9s eleg\u00e1nsnak t\u0171nnek.<\/p>\n\n\t\t\t\t<\/div>\n\t\t\t\n\t\t\t\t\n\t\t\t\t<div class=\"cell\" style=\"\">\n\n\t\t\t\t\t\n\t\t\t\t\t\t<div class=\"icon-title\">\n\n\t\t\t\t\t\t\t\t\t\t\t\t\t\t\t<img decoding=\"async\" src=\"https:\/\/nevask.eu\/wp-content\/uploads\/2025\/07\/ikona-neva-velmi-pevne-a-odolne.png.webp\" alt=\"Piktogram diamant - ve\u013emi pevn\u00e9 a odoln\u00e9\">\n\t\t\t\t\t\t\t\n\t\t\t\t\t\t\t\t\t\t\t\t\t\t\t<h3 class=\"h5\">Rendk\u00edv\u00fcl szil\u00e1rd lamell\u00e1k<\/h3>\n\t\t\t\t\t\t\t\n\t\t\t\t\t\t<\/div>\n\n\t\t\t\t\t\n\n\n\t\t\t\t\t<p>A Z-70 zsaluzia lamell\u00e1i rendk\u00edv\u00fcl er\u0151sek \u00e9s tart\u00f3sak. Ennek eredm\u00e9nyek\u00e9nt egy rendk\u00edv\u00fcl tart\u00f3s, j\u00f3 id\u0151j\u00e1r\u00e1s\u00e1ll\u00f3 tulajdons\u00e1gokkal rendelkez\u0151 megb\u00edzhat\u00f3 min\u0151s\u00e9gi zsaluzia.<\/p>\n\n\t\t\t\t<\/div>\n\t\t\t\n\t\t\n\t<\/div>\n\n\n\n\t\n<\/div>\n\n\n\n\n\n<div  class=\"section white\">\n\t<div class=\"container full left\">\n\t\t<div class=\"cell\">\n\t\t\t<h2>NEVA Z-70 zsaluziavez\u00e9rl\u00e9s<\/h2>\n<p>A NEVA Z-70 motoros k\u00fclt\u00e9ri zsaluzi\u00e1kat falikapcsol\u00f3val vagy t\u00e1vir\u00e1ny\u00edt\u00f3val vez\u00e9relheti.<br \/>\nCsatlakoztassa \u0151ket <a href=\"https:\/\/nevask.eu\/hu\/okosotthon-vezerles\/\">okosotthon\u00e1hoz<\/a>, \u00e9s vez\u00e9relje zsaluzi\u00e1it b\u00e1rhonnan a telefonj\u00e1val.<\/p>\n<p>A kifinomult \u00e9rz\u00e9kel\u0151k \u00e9s a napi automatiz\u00e1lt m\u00f3dok \u00e9s forgat\u00f3k\u00f6nyvek seg\u00edtenek energiak\u00f6lts\u00e9get is megtakar\u00edtani.<\/p>\n<p>Amennyiben nem ennyire k\u00e9nyelmes, v\u00e1laszthatja a manu\u00e1lisan, teker\u0151karral vez\u00e9relt zsaluzi\u00e1t is.<\/p>\n\t\t<\/div>\n\t<\/div>\n<\/div>\n\n\n\n\n\n<div  class=\"section dark\">\n\t<div class=\"container full left\">\n\t\t<div class=\"cell\">\n\t\t\t<p><img loading=\"lazy\" decoding=\"async\" class=\"alignnone wp-image-2093\" src=\"https:\/\/nevask.eu\/wp-content\/uploads\/2025\/07\/hash-nevapartner_4.png\" alt=\"hashtag nevapartner - modr\u00e9 na bielom\" width=\"198\" height=\"40\" srcset=\"https:\/\/nevask.eu\/wp-content\/uploads\/2025\/07\/hash-nevapartner_4.png 689w, https:\/\/nevask.eu\/wp-content\/uploads\/2025\/07\/hash-nevapartner_4-300x61.png 300w\" sizes=\"auto, (max-width: 198px) 100vw, 198px\" \/><\/p>\n<p class=\"p-large\">A <a href=\"https:\/\/nevask.eu\/hu\/neva-viszonteladok\/\">#nevapartner h\u00e1l\u00f3zatba<\/a> tartoz\u00f3 viszontelad\u00f3 \u00e9s telep\u00edt\u0151 partnereink k\u00e9szs\u00e9ggel \u00e1llnak rendelkez\u00e9s\u00e9re, amennyiben m\u0171szaki tan\u00e1csra, vagy term\u00e9kmint\u00e1kra van sz\u00fcks\u00e9ge a legmegfelel\u0151bb NEVA \u00e1rny\u00e9kol\u00f3 kiv\u00e1laszt\u00e1s\u00e1hoz. Ezut\u00e1n m\u00e1r csak egy l\u00e9p\u00e9sre van az <a href=\"https:\/\/nevask.eu\/hu\/arajanlat\/arajanlat-kulteri-zsaluzia\/\">\u00e1raj\u00e1nlat<\/a> kidolgoz\u00e1s\u00e1t\u00f3l.<\/p>\n\t\t<\/div>\n\t<\/div>\n<\/div>\n\n\n\n\n\n\n\n\n<div  class=\"section white\">\n\n\t\n\t\t<div class=\"container intro\">\n\t\t\t<div class=\"cell\">\n\t\t\t\t<h2>NEVA Z-70 m\u0171szaki param\u00e9terek<\/h2>\n\t\t\t<\/div>\n\t\t<\/div>\n\n\t\n\n\n\t<div class=\"container cols-50p\">\n\n\t\t\n\t\t\t<div class=\"cell\">\n\n\t\t\t\t\t\t\t\t\t<h3>Megvezet\u00e9s t\u00edpusa \u2013 Vezet\u0151s\u00edn<\/h3>\n\t\t\t\t\n\n\n\t\t\t\t<div class=\"table-wrapper\"><div class=\"table-wrapper\"><table class=\"nowrap\">\n<tbody>\n<tr>\n<th>NEVA Zsaluzia Z-70<\/th>\n<th>Hajt\u00f3kar<\/th>\n<th>Motor<\/th>\n<\/tr>\n<tr>\n<td>Zsaluzia sz\u00e9less\u00e9ge (mm)<\/td>\n<td>400 \u2013 5000<\/td>\n<td>600 \u2013 5000<\/td>\n<\/tr>\n<tr>\n<td>Zsaluzia magass\u00e1ga (mm)<\/td>\n<td>500 \u2013 5000<\/td>\n<td>500 \u2013 5000<\/td>\n<\/tr>\n<tr>\n<td>Zsaluzia maxim\u00e1lis fel\u00fclete (m2)<\/td>\n<td>9<\/td>\n<td>20<\/td>\n<\/tr>\n<tr>\n<td>Sz\u00e9l\u00e1ll\u00f3s\u00e1gi oszt\u00e1ly<\/td>\n<td>88 km\/h-ig,<br \/>\n6. oszt\u00e1lyig<\/td>\n<td>88 km\/h-ig,<br \/>\n6. oszt\u00e1lyig<\/td>\n<\/tr>\n<\/tbody>\n<\/table><\/div><\/div>\n\n\t\t\t<\/div>\n\n\t\t\n\t\t\t<div class=\"cell\">\n\n\t\t\t\t\t\t\t\t\t<h3>Megvezet\u00e9s t\u00edpusa \u2013 Sodrony<\/h3>\n\t\t\t\t\n\n\n\t\t\t\t<div class=\"table-wrapper\"><div class=\"table-wrapper\"><table class=\"nowrap\">\n<tbody>\n<tr>\n<th>NEVA Zsaluzia Z-70<\/th>\n<th>Hajt\u00f3kar<\/th>\n<th>Motor<\/th>\n<\/tr>\n<tr>\n<td>Zsaluzia sz\u00e9less\u00e9ge (mm)<\/td>\n<td>400 \u2013 4000<\/td>\n<td>600 \u2013 4000<\/td>\n<\/tr>\n<tr>\n<td>Zsaluzia magass\u00e1ga (mm)<\/td>\n<td>500 \u2013 4000<\/td>\n<td>500 \u2013 4000<\/td>\n<\/tr>\n<tr>\n<td>Zsaluzia maxim\u00e1lis fel\u00fclete (m2)<\/td>\n<td>9<\/td>\n<td>16<\/td>\n<\/tr>\n<tr>\n<td>Sz\u00e9l\u00e1ll\u00f3s\u00e1gi oszt\u00e1ly<\/td>\n<td>49 km\/h-ig,<br \/>\n3. oszt\u00e1lyig<\/td>\n<td>49 km\/h-ig,<br \/>\n3. oszt\u00e1lyig<\/td>\n<\/tr>\n<\/tbody>\n<\/table><\/div><\/div>\n\n\t\t\t<\/div>\n\n\t\t\n\t<\/div>\n<\/div>\n\n\n\n\n\n\n\n\n<div  class=\"section white\">\n\n\t\n\t\t<div class=\"container intro\">\n\t\t\t<div class=\"cell\">\n\t\t\t\t<h2>NEVA Z-70 m\u0171szaki rajza<\/h2>\n\t\t\t<\/div>\n\t\t<\/div>\n\n\t\n\n\n\t<div class=\"container cols-40p-60p\">\n\n\t\t\n\t\t\t<div class=\"cell\">\n\n\t\t\t\t\n\n\n\t\t\t\t\n\t\t\t\t\t\t\t\t\t\t\t\t\t<img decoding=\"async\" src=\"https:\/\/nevask.eu\/wp-content\/uploads\/2025\/07\/Z70-b-e1752843840876.png\" alt=\"Rez - \u017eal\u00fazia NEVA Z-70\">\n\t\t\t\t\t\t\n\t\t\t\t\t\t\n\t\t\t<\/div>\n\n\t\t\n\t\t\t<div class=\"cell\">\n\n\t\t\t\t\n\n\n\t\t\t\t<div class=\"table-wrapper\"><div class=\"table-wrapper\"><table class=\"nowrap\">\n<tbody>\n<tr>\n<th colspan=\"3\">Jelmagyar\u00e1zat a rajzhoz<\/th>\n<\/tr>\n<tr>\n<td>1<\/td>\n<td>Bels\u0151 t\u00e9r a zsaluzia sz\u00e1m\u00e1ra (mm)<\/td>\n<td>130<br \/>\n(javasolt)<\/td>\n<\/tr>\n<tr>\n<td>2<\/td>\n<td>A csomag magass\u00e1ga (mm)<\/td>\n<td>200 \u2013 460<\/td>\n<\/tr>\n<tr>\n<td>3<\/td>\n<td>Zsaluzia teljes magass\u00e1ga (mm)<\/td>\n<td>500 \u2013 5000<\/td>\n<\/tr>\n<\/tbody>\n<\/table><\/div><\/div>\n\n\t\t\t<\/div>\n\n\t\t\n\t<\/div>\n<\/div>\n\n\n\n\n\n\n\n\n<div  class=\"section tint\">\n\t<div class=\"container cols-50p\">\n\n\t\t\n\t\t\t<div class=\"cell center vcenter\">\n\t\t\t\t<img decoding=\"async\" src=\"https:\/\/nevask.eu\/wp-content\/uploads\/2025\/07\/Zaluzie-NEVA-priznany-kastlik_zadny-plech-WMm_stvorec-1024x1024.jpg\" alt=\"\u017dal\u00fazie NEVA s vidite\u013en\u00fdm kastl\u00edkom\">\n\t\t\t<\/div>\n\n\t\t\n\n\n\t\t<div class=\"cell\">\n\n\t\t\t<h2 data-start=\"79\" data-end=\"159\">L\u00e1that\u00f3 tokos vagy s\u00fcllyesztett, rejtett tokos szerel\u00e9s?<\/h2>\n<p class=\"p-large\" data-start=\"79\" data-end=\"159\">M\u00e1r kiv\u00e1lasztotta a NEVA Z-70 k\u00fclt\u00e9ri zsaluzi\u00e1it, \u00e9s azon gondolkodik, hogy melyik szerel\u00e9si m\u00f3d a legmegfelel\u0151bb az \u00d6n sz\u00e1m\u00e1ra?<\/p>\n<p data-start=\"161\" data-end=\"372\">Bemutatjuk a k\u00fclt\u00e9ri zsaluzi\u00e1k 9 leggyakoribb szerel\u00e9si lehet\u0151s\u00e9geit. Ezek seg\u00edthetnek eld\u00f6nteni, hogy melyik m\u00f3dszer az optim\u00e1lis az \u00d6n projektj\u00e9hez.<\/p>\n\n\t\t\t\t\t\t\t<a href=\"https:\/\/nevask.eu\/hu\/kulteri-zsaluzia-neva\/kulteri-zsaluziak-szerelesenek-modjai\/\" target=\"\" class=\"button\">K\u00fclt\u00e9ri zsaluzi\u00e1k szerel\u00e9si m\u00f3djai \u2192<\/a>\n\t\t\t\n\t\t<\/div>\n\n\n\n\t\t\n\t<\/div>\n<\/div>\n\n\n\n\n\n<div  class=\"section white\">\n\n\t\n\t\t<div class=\"container intro\">\n\t\t\t<div class=\"cell\">\n\t\t\t\t<h2>Kiv\u00e1lasztott megval\u00f3s\u00edt\u00e1sok k\u00fclt\u00e9ri zsaluzia NEVA Z-70<\/h2>\n\t\t\t<\/div>\n\t\t<\/div>\n\n\t\n\n\n\t<div class=\"container\">\n\t\t<div class=\"grid-cols\">\n\n\t\t\t\n\t\t\t\t\n\t\t\t\t\t\n\n\n\t\t\t\t\t\n\t\t\t\t\t\t\n\t\t\t\t\t\t\t\n\t\t\t\t\t\t\t<div class=\"col-4 block bg-image h600 default\" style=\"background-image: url(https:\/\/nevask.eu\/wp-content\/uploads\/2025\/06\/vonkajsie-zaluzie-z90-rodinna-vila-nad-mestom-08.webp)\">\n\n\t\t\t\t\t\t\t\t<div>\n\n\t\t\t\t\t\t\t\t\t\n\t\t\t\t\t\t\t\t\t\n\t\t\t\t\t\t\t\t<\/div>\n\n\t\t\t\t\t\t\t<\/div>\n\n\t\t\t\t\t\t\n\t\t\t\t\t\n\n\n\t\t\t\t\t\n\t\t\t\t\n\t\t\t\t\t\t\t\t\t\t\t<div class=\"grid-rows col-4\">\n\t\t\t\t\t\n\n\n\t\t\t\t\t\n\t\t\t\t\t\t\n\t\t\t\t\t\t\t\n\t\t\t\t\t\t\t<div class=\"row-7 block bg-image default default\" style=\"background-image: url(https:\/\/nevask.eu\/wp-content\/uploads\/2025\/06\/NEVA-KolibaGardens-SK-Z90-7016-07-1920x0-c-center-scaled.webp)\">\n\n\t\t\t\t\t\t\t\t<div>\n\n\t\t\t\t\t\t\t\t\t\n\t\t\t\t\t\t\t\t\t\n\t\t\t\t\t\t\t\t<\/div>\n\n\t\t\t\t\t\t\t<\/div>\n\n\t\t\t\t\t\t\n\t\t\t\t\t\t\t\n\t\t\t\t\t\t\t<div class=\"row-5 block bg-image default default\" style=\"background-image: url(https:\/\/nevask.eu\/wp-content\/uploads\/2025\/06\/vonkajsie-zaluzie-z90-malzenice-03.webp)\">\n\n\t\t\t\t\t\t\t\t<div>\n\n\t\t\t\t\t\t\t\t\t\n\t\t\t\t\t\t\t\t\t\n\t\t\t\t\t\t\t\t<\/div>\n\n\t\t\t\t\t\t\t<\/div>\n\n\t\t\t\t\t\t\n\t\t\t\t\t\n\n\n\t\t\t\t\t\t\t\t\t\t\t<\/div>\n\t\t\t\t\t\n\t\t\t\t\n\t\t\t\t\t\t\t\t\t\t\t<div class=\"grid-rows col-4\">\n\t\t\t\t\t\n\n\n\t\t\t\t\t\n\t\t\t\t\t\t\n\t\t\t\t\t\t\t\n\t\t\t\t\t\t\t<div class=\"row-5 block bg-image default default\" style=\"background-image: url(https:\/\/nevask.eu\/wp-content\/uploads\/2025\/06\/vonkajsie-zaluzie-z90-rodinny-dom-s-drevenym-oblozenim-04.webp)\">\n\n\t\t\t\t\t\t\t\t<div>\n\n\t\t\t\t\t\t\t\t\t\n\t\t\t\t\t\t\t\t\t\n\t\t\t\t\t\t\t\t<\/div>\n\n\t\t\t\t\t\t\t<\/div>\n\n\t\t\t\t\t\t\n\t\t\t\t\t\t\t\n\t\t\t\t\t\t\t<div class=\"row-7 block bg-image default default\" style=\"background-image: url(https:\/\/nevask.eu\/wp-content\/uploads\/2025\/06\/vonkajsie-zaluzie-z90-vila-v-budapesti-01.webp)\">\n\n\t\t\t\t\t\t\t\t<div>\n\n\t\t\t\t\t\t\t\t\t\n\t\t\t\t\t\t\t\t\t\n\t\t\t\t\t\t\t\t<\/div>\n\n\t\t\t\t\t\t\t<\/div>\n\n\t\t\t\t\t\t\n\t\t\t\t\t\n\n\n\t\t\t\t\t\t\t\t\t\t\t<\/div>\n\t\t\t\t\t\n\t\t\t\t\n\t\t\t\n\t\t<\/div>\n\t<\/div>\n\n\n\n\t\n\t\t<div class=\"container outro center\">\n\t\t\t<div class=\"cell\">\n\t\t\t\t<a href=\"https:\/\/nevask.eu\/hu\/referenciak\/\" target=\"\" class=\"button\">Tov\u00e1bbi megval\u00f3s\u00edt\u00e1sok \u2192<\/a>\n\t\t\t<\/div>\n\t\t<\/div>\n\n\t\n<\/div>\n","protected":false},"excerpt":{"rendered":"","protected":false},"author":52,"featured_media":0,"parent":6494,"menu_order":0,"comment_status":"closed","ping_status":"closed","template":"","meta":{"_acf_changed":false,"inline_featured_image":false,"footnotes":""},"class_list":["post-6675","page","type-page","status-publish","hentry"],"acf":[],"yoast_head":"<!-- This site is optimized with the Yoast SEO plugin v27.5 - https:\/\/yoast.com\/product\/yoast-seo-wordpress\/ -->\n<title>Z-70-es NEVA k\u00fclt\u00e9ri zsaluzi\u00e1k | nevask.eu<\/title>\n<meta name=\"description\" content=\"Nagyon csendes \u00e9s eleg\u00e1ns k\u00fclt\u00e9ri zsaluzi\u00e1k. Kiv\u00e1l\u00f3an alkalmasak kisebb ablakok vagy keskeny, magas ablakok \u00e1rny\u00e9kol\u00e1s\u00e1ra, sz\u0171kebb lamell\u00e1kkal rendelkezik\" \/>\n<meta name=\"robots\" content=\"index, follow, max-snippet:-1, max-image-preview:large, max-video-preview:-1\" \/>\n<link rel=\"canonical\" href=\"https:\/\/nevask.eu\/hu\/kulteri-zsaluzia-neva\/kulteri-zsaluzia-neva-z70\/\" \/>\n<meta property=\"og:locale\" content=\"hu_HU\" \/>\n<meta property=\"og:type\" content=\"article\" \/>\n<meta property=\"og:title\" content=\"Z-70-es NEVA k\u00fclt\u00e9ri zsaluzi\u00e1k | nevask.eu\" \/>\n<meta property=\"og:description\" content=\"Nagyon csendes \u00e9s eleg\u00e1ns k\u00fclt\u00e9ri zsaluzi\u00e1k. Kiv\u00e1l\u00f3an alkalmasak kisebb ablakok vagy keskeny, magas ablakok \u00e1rny\u00e9kol\u00e1s\u00e1ra, sz\u0171kebb lamell\u00e1kkal rendelkezik\" \/>\n<meta property=\"og:url\" content=\"https:\/\/nevask.eu\/hu\/kulteri-zsaluzia-neva\/kulteri-zsaluzia-neva-z70\/\" \/>\n<meta property=\"og:site_name\" content=\"NEVA\" \/>\n<meta property=\"article:modified_time\" content=\"2025-09-11T09:13:13+00:00\" \/>\n<meta name=\"twitter:card\" content=\"summary_large_image\" \/>\n<meta name=\"twitter:label1\" content=\"Becs\u00fclt olvas\u00e1si id\u0151\" \/>\n\t<meta name=\"twitter:data1\" content=\"6 perc\" \/>\n<!-- \/ Yoast SEO plugin. -->","yoast_head_json":{"title":"Z-70-es NEVA k\u00fclt\u00e9ri zsaluzi\u00e1k | nevask.eu","description":"Nagyon csendes \u00e9s eleg\u00e1ns k\u00fclt\u00e9ri zsaluzi\u00e1k. Kiv\u00e1l\u00f3an alkalmasak kisebb ablakok vagy keskeny, magas ablakok \u00e1rny\u00e9kol\u00e1s\u00e1ra, sz\u0171kebb lamell\u00e1kkal rendelkezik","robots":{"index":"index","follow":"follow","max-snippet":"max-snippet:-1","max-image-preview":"max-image-preview:large","max-video-preview":"max-video-preview:-1"},"canonical":"https:\/\/nevask.eu\/hu\/kulteri-zsaluzia-neva\/kulteri-zsaluzia-neva-z70\/","og_locale":"hu_HU","og_type":"article","og_title":"Z-70-es NEVA k\u00fclt\u00e9ri zsaluzi\u00e1k | nevask.eu","og_description":"Nagyon csendes \u00e9s eleg\u00e1ns k\u00fclt\u00e9ri zsaluzi\u00e1k. Kiv\u00e1l\u00f3an alkalmasak kisebb ablakok vagy keskeny, magas ablakok \u00e1rny\u00e9kol\u00e1s\u00e1ra, sz\u0171kebb lamell\u00e1kkal rendelkezik","og_url":"https:\/\/nevask.eu\/hu\/kulteri-zsaluzia-neva\/kulteri-zsaluzia-neva-z70\/","og_site_name":"NEVA","article_modified_time":"2025-09-11T09:13:13+00:00","twitter_card":"summary_large_image","twitter_misc":{"Becs\u00fclt olvas\u00e1si id\u0151":"6 perc"},"schema":{"@context":"https:\/\/schema.org","@graph":[{"@type":"WebPage","@id":"https:\/\/nevask.eu\/hu\/kulteri-zsaluzia-neva\/kulteri-zsaluzia-neva-z70\/","url":"https:\/\/nevask.eu\/hu\/kulteri-zsaluzia-neva\/kulteri-zsaluzia-neva-z70\/","name":"Z-70-es NEVA k\u00fclt\u00e9ri zsaluzi\u00e1k | nevask.eu","isPartOf":{"@id":"https:\/\/nevask.eu\/hu\/#website"},"datePublished":"2025-07-02T09:33:44+00:00","dateModified":"2025-09-11T09:13:13+00:00","description":"Nagyon csendes \u00e9s eleg\u00e1ns k\u00fclt\u00e9ri zsaluzi\u00e1k. Kiv\u00e1l\u00f3an alkalmasak kisebb ablakok vagy keskeny, magas ablakok \u00e1rny\u00e9kol\u00e1s\u00e1ra, sz\u0171kebb lamell\u00e1kkal rendelkezik","breadcrumb":{"@id":"https:\/\/nevask.eu\/hu\/kulteri-zsaluzia-neva\/kulteri-zsaluzia-neva-z70\/#breadcrumb"},"inLanguage":"hu","potentialAction":[{"@type":"ReadAction","target":["https:\/\/nevask.eu\/hu\/kulteri-zsaluzia-neva\/kulteri-zsaluzia-neva-z70\/"]}]},{"@type":"BreadcrumbList","@id":"https:\/\/nevask.eu\/hu\/kulteri-zsaluzia-neva\/kulteri-zsaluzia-neva-z70\/#breadcrumb","itemListElement":[{"@type":"ListItem","position":1,"name":"Home","item":"https:\/\/nevask.eu\/hu\/"},{"@type":"ListItem","position":2,"name":"K\u00fclt\u00e9ri zsaluzia NEVA","item":"https:\/\/nevask.eu\/hu\/kulteri-zsaluzia-neva\/"},{"@type":"ListItem","position":3,"name":"NEVA Z-70"}]},{"@type":"WebSite","@id":"https:\/\/nevask.eu\/hu\/#website","url":"https:\/\/nevask.eu\/hu\/","name":"NEVA","description":"Vonkaj\u0161ie \u017eal\u00fazie a screenov\u00e9 rolety","potentialAction":[{"@type":"SearchAction","target":{"@type":"EntryPoint","urlTemplate":"https:\/\/nevask.eu\/hu\/?s={search_term_string}"},"query-input":{"@type":"PropertyValueSpecification","valueRequired":true,"valueName":"search_term_string"}}],"inLanguage":"hu"}]}},"_links":{"self":[{"href":"https:\/\/nevask.eu\/hu\/wp-json\/wp\/v2\/pages\/6675","targetHints":{"allow":["GET"]}}],"collection":[{"href":"https:\/\/nevask.eu\/hu\/wp-json\/wp\/v2\/pages"}],"about":[{"href":"https:\/\/nevask.eu\/hu\/wp-json\/wp\/v2\/types\/page"}],"author":[{"embeddable":true,"href":"https:\/\/nevask.eu\/hu\/wp-json\/wp\/v2\/users\/52"}],"replies":[{"embeddable":true,"href":"https:\/\/nevask.eu\/hu\/wp-json\/wp\/v2\/comments?post=6675"}],"version-history":[{"count":14,"href":"https:\/\/nevask.eu\/hu\/wp-json\/wp\/v2\/pages\/6675\/revisions"}],"predecessor-version":[{"id":10194,"href":"https:\/\/nevask.eu\/hu\/wp-json\/wp\/v2\/pages\/6675\/revisions\/10194"}],"up":[{"embeddable":true,"href":"https:\/\/nevask.eu\/hu\/wp-json\/wp\/v2\/pages\/6494"}],"wp:attachment":[{"href":"https:\/\/nevask.eu\/hu\/wp-json\/wp\/v2\/media?parent=6675"}],"curies":[{"name":"wp","href":"https:\/\/api.w.org\/{rel}","templated":true}]}}