{"id":6690,"date":"2025-07-02T13:29:55","date_gmt":"2025-07-02T11:29:55","guid":{"rendered":"https:\/\/nevask.eu\/?page_id=6690"},"modified":"2026-05-04T08:11:34","modified_gmt":"2026-05-04T06:11:34","slug":"kulteri-zsaluzia-neva-s90","status":"publish","type":"page","link":"https:\/\/nevask.eu\/hu\/kulteri-zsaluzia-neva\/kulteri-zsaluzia-neva-s90\/","title":{"rendered":"NEVA S-90"},"content":{"rendered":"\n\n\n\n\n\n<div class=\"section narrow white\">\n\t<div class=\"container\">\n\t\t<div class=\"cell\">\n\t\t\t<ul class=\"breadcrumbs\">\n\t\t\t\t<li><a href=\"https:\/\/nevask.eu\/hu\/\">Home<\/a><\/li>\n\n\t\t\t\t\n\t\t\t<\/ul>\n\t\t<\/div>\n\t<\/div>\n<\/div>\n\n\n\n\n\n\n\n\n<div  class=\"section white\">\n\t<div class=\"container cols-60p-40p\">\n\n\t\t\n\n\n\t\t<div class=\"cell\">\n\n\t\t\t<h1>K\u00fclt\u00e9ri zsaluzia NEVA S-90<\/h1>\n<p class=\"p-large\">Az \u201eS\u201d alak\u00fa NEVA S-90 k\u00fclt\u00e9ri zsaluzi\u00e1k a legszil\u00e1rdabb \u00e9s legtart\u00f3sabb lamell\u00e1kkal rendelkeznek az \u00f6sszes zsaluzia t\u00edpusok k\u00f6z\u00fcl.<\/p>\n<p>A legszil\u00e1rdabb lamella t\u00edpus, \u00cdves alakja t\u00f6k\u00e9letesen kieg\u00e9sz\u00edti a modern \u00e9p\u00fcleteket \u00e9s ak\u00e1r red\u0151ny\u00f6kkel is kombin\u00e1lhat\u00f3. Kiv\u00e1l\u00f3an \u00e1rny\u00e9kol, \u00e9s a t\u00f6m\u00edt\u0151 gumiknak k\u00f6sz\u00f6nhet\u0151en csendes a m\u0171k\u00f6d\u00e9se.<\/p>\n<p style=\"font-weight: 400\">A NEVA S-90 zsaluzi\u00e1kat manu\u00e1lisan, teker\u0151karral, vagy k\u00e9nyelmesen <a href=\"https:\/\/nevask.eu\/hu\/okosotthon-vezerles\/somfy-vezerlok\/\">falikapcsol\u00f3val vagy t\u00e1vir\u00e1ny\u00edt\u00f3val is vez\u00e9relheti.<\/a>\u00a0Amennyiben a zsaluzi\u00e1kat <a href=\"https:\/\/nevask.eu\/hu\/okosotthon-vezerles\/okosotthon-vezerles-somfy\/\">okosotthon rendszerhez<\/a> csatlakoztatja, t\u00e1volr\u00f3l is vez\u00e9relheti azokat mobiltelefonj\u00e1val, vagy automatiz\u00e1lt \u00fczemm\u00f3dokat is be\u00e1ll\u00edthat.<\/p>\n<p><strong>5 \u00e9v garanci\u00e1t<\/strong> v\u00e1llalunk minden NEVA\u00ae k\u00fclt\u00e9ri zsaluzi\u00e1ra.<\/p>\n\n\t\t\t\n\t\t<\/div>\n\n\n\n\t\t\n\t<\/div>\n<\/div>\n\n\n\n\n\n<div  class=\"section white\">\n\t<div class=\"container product-gallery slider-mobile\">\n\n\t\t\n\t\t\t\n\t\t\t\t<a class=\"cell\" href=\"https:\/\/nevask.eu\/wp-content\/uploads\/2025\/07\/Detail-lamely-zaluzie-NEVA-S-90.png.webp\">\n\t\t\t\t\t<img decoding=\"async\" class=\"ratio-1x1\" src=\"https:\/\/nevask.eu\/wp-content\/uploads\/2025\/07\/Detail-lamely-zaluzie-NEVA-S-90.png.webp\" alt=\"Detail lamely \"S\" \u017eal\u00fazie NEVA S-90\">\n\t\t\t\t<\/a>\n\n\t\t\t\n\t\t\t\t<a class=\"cell\" href=\"https:\/\/nevask.eu\/wp-content\/uploads\/2025\/07\/S90_-_open.png.webp\">\n\t\t\t\t\t<img decoding=\"async\" class=\"ratio-1x1\" src=\"https:\/\/nevask.eu\/wp-content\/uploads\/2025\/07\/S90_-_open.png.webp\" alt=\"\u017dal\u00fazia S-90 s vodiacimi profilmi - otvoren\u00e1\">\n\t\t\t\t<\/a>\n\n\t\t\t\n\t\t\t\t<a class=\"cell\" href=\"https:\/\/nevask.eu\/wp-content\/uploads\/2025\/07\/S90_-_close.png.webp\">\n\t\t\t\t\t<img decoding=\"async\" class=\"ratio-1x1\" src=\"https:\/\/nevask.eu\/wp-content\/uploads\/2025\/07\/S90_-_close.png.webp\" alt=\"\u017dal\u00fazia S-90 s vodiacimi profilmi - zatvoren\u00e1\">\n\t\t\t\t<\/a>\n\n\t\t\t\n\t\t\t\t<a class=\"cell\" href=\"https:\/\/nevask.eu\/wp-content\/uploads\/2025\/07\/Detail_S90.png.webp\">\n\t\t\t\t\t<img decoding=\"async\" class=\"ratio-1x1\" src=\"https:\/\/nevask.eu\/wp-content\/uploads\/2025\/07\/Detail_S90.png.webp\" alt=\"detail na spodn\u00fa \u010das\u0165 \u017eal\u00fazi\u00ed NEVA S-90 s kovov\u00fdm kol\u00edkom\">\n\t\t\t\t<\/a>\n\n\t\t\t\n\t\t\n\t<\/div>\n<\/div>\n\n\n\n\n\n\n\n\n<div  class=\"section white\">\n\n\t\n\t\t\t<div class=\"container col-70p-center center\">\n\t\t\t\t<div class=\"cell\">\n\t\t\t\t\t\n\t\t\n\t\t\t\t\t<a href=\"https:\/\/nevask.eu\/hu\/arajanlat\/arajanlat-kulteri-zsaluzia\/\" target=\"\" class=\"button\">\u00c1raj\u00e1nlat k\u00f6telezetts\u00e9g n\u00e9lk\u00fcl \u2192<\/a>\n\t\t\n\t\t\t\t\t\t<\/div>\n\t\t\t<\/div>\n\n\t\t\t\n<\/div>\n\n\n\n\n\n<div  class=\"section white\">\n\t<div class=\"container full left\">\n\t\t<div class=\"cell\">\n\t\t\t<p><img loading=\"lazy\" decoding=\"async\" class=\"alignnone wp-image-6593 \" src=\"https:\/\/nevask.eu\/wp-content\/uploads\/2025\/07\/22-farieb-bez-priplatku-modre-1-300x115.png\" alt=\"\" width=\"217\" height=\"83\" srcset=\"https:\/\/nevask.eu\/wp-content\/uploads\/2025\/07\/22-farieb-bez-priplatku-modre-1-300x115.png 300w, https:\/\/nevask.eu\/wp-content\/uploads\/2025\/07\/22-farieb-bez-priplatku-modre-1-1024x391.png 1024w, https:\/\/nevask.eu\/wp-content\/uploads\/2025\/07\/22-farieb-bez-priplatku-modre-1-768x293.png 768w, https:\/\/nevask.eu\/wp-content\/uploads\/2025\/07\/22-farieb-bez-priplatku-modre-1-1536x587.png 1536w, https:\/\/nevask.eu\/wp-content\/uploads\/2025\/07\/22-farieb-bez-priplatku-modre-1.png 1937w\" sizes=\"auto, (max-width: 217px) 100vw, 217px\" \/> \u00a0 \u00a0 \u00a0 Sz\u00ednt v\u00e1laszthat a <a href=\"https:\/\/nevask.eu\/hu\/kulteri-zsaluzia-neva\/zsaluziak-szinei\/\">standard sz\u00ednek<\/a> sz\u00e9les v\u00e1laszt\u00e9k\u00e1b\u00f3l fel\u00e1r n\u00e9lk\u00fcl, vagy v\u00e1lasszon b\u00e1rmilyen RAL sz\u00ednt fel\u00e1r ellen\u00e9ben.<\/p>\n\t\t<\/div>\n\t<\/div>\n<\/div>\n\n\n\n\n\n<div  class=\"section dark\">\n\t<div class=\"container full left\">\n\t\t<div class=\"cell\">\n\t\t\t<p><img loading=\"lazy\" decoding=\"async\" class=\"alignnone wp-image-2093\" src=\"https:\/\/nevask.eu\/wp-content\/uploads\/2025\/07\/hash-nevapartner_4.png\" alt=\"hashtag nevapartner - modr\u00e9 na bielom\" width=\"223\" height=\"45\" srcset=\"https:\/\/nevask.eu\/wp-content\/uploads\/2025\/07\/hash-nevapartner_4.png 689w, https:\/\/nevask.eu\/wp-content\/uploads\/2025\/07\/hash-nevapartner_4-300x61.png 300w\" sizes=\"auto, (max-width: 223px) 100vw, 223px\" \/><\/p>\n<p class=\"p-large\">A <a href=\"https:\/\/nevask.eu\/hu\/neva-viszonteladok\/\">#nevapartner h\u00e1l\u00f3zatba<\/a> tartoz\u00f3 viszontelad\u00f3 \u00e9s telep\u00edt\u0151 partnereink k\u00e9szs\u00e9ggel \u00e1llnak rendelkez\u00e9s\u00e9re, amennyiben m\u0171szaki tan\u00e1csra, vagy term\u00e9kmint\u00e1kra van sz\u00fcks\u00e9ge a legmegfelel\u0151bb NEVA \u00e1rny\u00e9kol\u00f3 kiv\u00e1laszt\u00e1s\u00e1hoz. Ezut\u00e1n m\u00e1r csak egy l\u00e9p\u00e9sre van az <a href=\"https:\/\/nevask.eu\/hu\/arajanlat\/\">\u00e1raj\u00e1nlat<\/a> kidolgoz\u00e1s\u00e1t\u00f3l.<\/p>\n\t\t<\/div>\n\t<\/div>\n<\/div>\n\n\n\n\n\n<div  class=\"section tint\">\n\n\t\n\t\t<div class=\"container intro\">\n\t\t\t<div class=\"cell\">\n\t\t\t\t<h2>A NEVA S-90 zsaluzi\u00e1k el\u0151nyei<\/h2>\n\t\t\t<\/div>\n\t\t<\/div>\n\n\t\n\n\n\t\n\t<div class=\"container cols-33p text-blocks\" style=\"\">\n\n\t\t\n\t\t\t\n\t\t\t\t\n\t\t\t\t<div class=\"cell\" style=\"\">\n\n\t\t\t\t\t\n\t\t\t\t\t\t<div class=\"icon-title\">\n\n\t\t\t\t\t\t\t\t\t\t\t\t\t\t\t<img decoding=\"async\" src=\"https:\/\/nevask.eu\/wp-content\/uploads\/2025\/07\/icon-detail-atmosfera-latkove-rolety-100x100-c-center.webp\" alt=\"Dokonale zatienia dom\">\n\t\t\t\t\t\t\t\n\t\t\t\t\t\t\t\t\t\t\t\t\t\t\t<h3 class=\"h5\">Teljes m\u00e9rt\u00e9kben z\u00e1rhat\u00f3k<\/h3>\n\t\t\t\t\t\t\t\n\t\t\t\t\t\t<\/div>\n\n\t\t\t\t\t\n\n\n\t\t\t\t\t<p>Az S-90 zsaluzia lamell\u00e1i pontosan illeszkednek egym\u00e1shoz, \u00edgy bez\u00e1rva eleg\u00e1ns, szil\u00e1rd r\u00e9teget hoznak l\u00e9tre, amely t\u00f6k\u00e9letesen \u00e1rny\u00e9kolja \u00e9s \u0151rzi a mag\u00e1n\u00e9let\u00e9t.<\/p>\n\n\t\t\t\t<\/div>\n\t\t\t\n\t\t\t\t\n\t\t\t\t<div class=\"cell\" style=\"\">\n\n\t\t\t\t\t\n\t\t\t\t\t\t<div class=\"icon-title\">\n\n\t\t\t\t\t\t\t\t\t\t\t\t\t\t\t<img decoding=\"async\" src=\"https:\/\/nevask.eu\/wp-content\/uploads\/2025\/07\/636600-afb48f00.png.webp\" alt=\"piktogram - diamant\">\n\t\t\t\t\t\t\t\n\t\t\t\t\t\t\t\t\t\t\t\t\t\t\t<h3 class=\"h5\">Rendk\u00edv\u00fcl szil\u00e1rd lamell\u00e1k<\/h3>\n\t\t\t\t\t\t\t\n\t\t\t\t\t\t<\/div>\n\n\t\t\t\t\t\n\n\n\t\t\t\t\t<p>A S-90 zsaluzia lamell\u00e1i rendk\u00edv\u00fcl er\u0151sek \u00e9s tart\u00f3sak. Ennek eredm\u00e9nyek\u00e9nt egy rendk\u00edv\u00fcl tart\u00f3s, j\u00f3 id\u0151j\u00e1r\u00e1s\u00e1ll\u00f3 tulajdons\u00e1gokkal rendelkez\u0151 megb\u00edzhat\u00f3 min\u0151s\u00e9gi zsaluzia.<\/p>\n\n\t\t\t\t<\/div>\n\t\t\t\n\t\t\t\t\n\t\t\t\t<div class=\"cell\" style=\"\">\n\n\t\t\t\t\t\n\t\t\t\t\t\t<div class=\"icon-title\">\n\n\t\t\t\t\t\t\t\t\t\t\t\t\t\t\t<img decoding=\"async\" src=\"https:\/\/nevask.eu\/wp-content\/uploads\/2025\/07\/3073269-7a81f9be.png.webp\" alt=\"piktogram - slnko za oknom\">\n\t\t\t\t\t\t\t\n\t\t\t\t\t\t\t\t\t\t\t\t\t\t\t<h3 class=\"h5\">Red\u0151nyre eml\u00e9keztetnek<\/h3>\n\t\t\t\t\t\t\t\n\t\t\t\t\t\t<\/div>\n\n\t\t\t\t\t\n\n\n\t\t\t\t\t<p>A legszil\u00e1rdabb lamella t\u00edpus, \u00cdves alakja t\u00f6k\u00e9letesen kieg\u00e9sz\u00edti a modern \u00e9p\u00fcleteket \u00e9s ak\u00e1r red\u0151ny\u00f6kkel is kombin\u00e1lhat\u00f3.<\/p>\n\n\t\t\t\t<\/div>\n\t\t\t\n\t\t\n\t<\/div>\n\n\n\n\t\n\t\t<div class=\"container outro center\">\n\t\t\t<div class=\"cell\">\n\n\t\t\t\t\n\t\t\t\t\t\t\t\t\t<a href=\"https:\/\/nevask.eu\/hu\/kulteri-zsaluzia-neva\/#vyhody\" target=\"\" class=\"button\">A NEVA zsaluzi\u00e1k tov\u00e1bbi el\u0151nyei \u2192<\/a>\n\t\t\t\t\n\t\t\t<\/div>\n\t\t<\/div>\n\n\t\n<\/div>\n\n\n\n\n\n\n\n\n<div  class=\"section white\">\n\n\t\n\t\t<div class=\"container intro\">\n\t\t\t<div class=\"cell\">\n\t\t\t\t<h2>NEVA S-90 m\u0171szaki param\u00e9terek<\/h2>\n\t\t\t<\/div>\n\t\t<\/div>\n\n\t\n\n\n\t<div class=\"container cols-50p\">\n\n\t\t\n\t\t\t<div class=\"cell\">\n\n\t\t\t\t\t\t\t\t\t<h3>Megvezet\u00e9s t\u00edpusa \u2013 Vezet\u0151s\u00edn<\/h3>\n\t\t\t\t\n\n\n\t\t\t\t<div class=\"table-wrapper\"><div class=\"table-wrapper\"><table class=\"nowrap\">\n<tbody>\n<tr>\n<th>NEVA Zsaluzia S-90<\/th>\n<th>Hajt\u00f3kar<\/th>\n<th>Motor<\/th>\n<\/tr>\n<tr>\n<td>Zsaluzia sz\u00e9less\u00e9ge (mm)<\/td>\n<td>400 \u2013 5000<\/td>\n<td>600 \u2013 5000<\/td>\n<\/tr>\n<tr>\n<td>Zsaluzia magass\u00e1ga (mm)<\/td>\n<td>500 \u2013 5000<\/td>\n<td>500 \u2013 5000<\/td>\n<\/tr>\n<tr>\n<td>Zsaluzia maxim\u00e1lis fel\u00fclete (m2)<\/td>\n<td>9<\/td>\n<td>20<\/td>\n<\/tr>\n<tr>\n<td>Sz\u00e9l\u00e1ll\u00f3s\u00e1gi oszt\u00e1ly<\/td>\n<td>88 km\/h-ig,<br \/>\n6. oszt\u00e1lyig<\/td>\n<td>88 km\/h-ig,<br \/>\n6. oszt\u00e1lyig<\/td>\n<\/tr>\n<\/tbody>\n<\/table><\/div><\/div>\n\n\t\t\t<\/div>\n\n\t\t\n\t\t\t<div class=\"cell\">\n\n\t\t\t\t\t\t\t\t\t<h3>Megvezet\u00e9s t\u00edpusa \u2013 Sodrony<\/h3>\n\t\t\t\t\n\n\n\t\t\t\t<div class=\"table-wrapper\"><div class=\"table-wrapper\"><table class=\"nowrap\">\n<tbody>\n<tr>\n<th>NEVA Zsaluzia S-90<\/th>\n<th>Hajt\u00f3kar<\/th>\n<th>Motor<\/th>\n<\/tr>\n<tr>\n<td>Zsaluzia sz\u00e9less\u00e9ge (mm)<\/td>\n<td>400 \u2013 4000<\/td>\n<td>600 \u2013 4000<\/td>\n<\/tr>\n<tr>\n<td>Zsaluzia magass\u00e1ga (mm)<\/td>\n<td>500 \u2013 4000<\/td>\n<td>500 \u2013 4000<\/td>\n<\/tr>\n<tr>\n<td>Zsaluzia maxim\u00e1lis fel\u00fclete (m2)<\/td>\n<td>9<\/td>\n<td>16<\/td>\n<\/tr>\n<tr>\n<td>Sz\u00e9l\u00e1ll\u00f3s\u00e1gi oszt\u00e1ly<\/td>\n<td>49 km\/h-ig,<br \/>\n3. oszt\u00e1lyig<\/td>\n<td>49 km\/h-ig,<br \/>\n3. oszt\u00e1lyig<\/td>\n<\/tr>\n<\/tbody>\n<\/table><\/div><\/div>\n\n\t\t\t<\/div>\n\n\t\t\n\t<\/div>\n<\/div>\n\n\n\n\n\n\n\n\n<div  class=\"section white\">\n\n\t\n\t\t<div class=\"container intro\">\n\t\t\t<div class=\"cell\">\n\t\t\t\t<h3>NEVA S-90 m\u0171szaki rajza<\/h3>\n\t\t\t<\/div>\n\t\t<\/div>\n\n\t\n\n\n\t<div class=\"container cols-40p-60p\">\n\n\t\t\n\t\t\t<div class=\"cell\">\n\n\t\t\t\t\n\n\n\t\t\t\t\n\t\t\t\t\t\t\t\t\t\t\t\t\t<img decoding=\"async\" src=\"https:\/\/nevask.eu\/wp-content\/uploads\/2025\/07\/S90-b-e1753109573681.png\" alt=\"Rez - \u017eal\u00fazie NEVA S-90\">\n\t\t\t\t\t\t\n\t\t\t\t\t\t\n\t\t\t<\/div>\n\n\t\t\n\t\t\t<div class=\"cell\">\n\n\t\t\t\t\n\n\n\t\t\t\t<div class=\"table-wrapper\"><div class=\"table-wrapper\"><table class=\"nowrap\">\n<tbody>\n<tr>\n<th colspan=\"3\">Jelmagyar\u00e1zat a rajzhoz<\/th>\n<\/tr>\n<tr>\n<td>1<\/td>\n<td>\u200bBels\u0151 t\u00e9r a zsaluzia sz\u00e1m\u00e1ra (mm)<\/td>\n<td>130<br \/>\n(javasolt)<\/td>\n<\/tr>\n<tr>\n<td>2<\/td>\n<td>A csomag magass\u00e1ga (mm)<\/td>\n<td>180 \u2013 360<\/td>\n<\/tr>\n<tr>\n<td>3<\/td>\n<td>Zsaluzia teljes magass\u00e1ga (mm)<\/td>\n<td>500 \u2013 5000<\/td>\n<\/tr>\n<\/tbody>\n<\/table><\/div><\/div>\n<p>&nbsp;<\/p>\n\n\t\t\t<\/div>\n\n\t\t\n\t<\/div>\n<\/div>\n\n\n\n\n\n\n\n\n<div  class=\"section white\">\n\n\t\n\t\t\t<div class=\"container col-70p-center center\">\n\t\t\t\t<div class=\"cell\">\n\t\t\t\t\t\n\t\t\n\t\t\t\t\t<a href=\"https:\/\/nevask.eu\/hu\/arajanlat\/arajanlat-kulteri-zsaluzia\/\" target=\"\" class=\"button\">\u00c1raj\u00e1nlat k\u00f6telezetts\u00e9g n\u00e9lk\u00fcl \u2192<\/a>\n\t\t\n\t\t\t\t\t\t<\/div>\n\t\t\t<\/div>\n\n\t\t\t\n<\/div>\n\n\n\n\n\n<div class=\"section white\">\n\t<div class=\"container\">\n\t\t<div class=\"cell\">\n\t\t\t<hr class=\"separator\">\n\t\t<\/div>\n\t<\/div>\n<\/div>\n\n\n\n\n\n<div  class=\"section white\">\n\n\t\n\t\t<div class=\"container intro\">\n\t\t\t<div class=\"cell\">\n\t\t\t\t<h2>Kiv\u00e1lasztott megval\u00f3s\u00edt\u00e1sok k\u00fclt\u00e9ri zsaluzia NEVA S-90<\/h2>\n\t\t\t<\/div>\n\t\t<\/div>\n\n\t\n\n\n\t<div class=\"container\">\n\t\t<div class=\"grid-cols\">\n\n\t\t\t\n\t\t\t\t\n\t\t\t\t\t\n\n\n\t\t\t\t\t\n\t\t\t\t\t\t\n\t\t\t\t\t\t\t\n\t\t\t\t\t\t\t<div class=\"col-4 block bg-image h600 default\" style=\"background-image: url(https:\/\/nevask.eu\/wp-content\/uploads\/2025\/07\/vonkajsie-zaluzie-s90-parovske-haje-02.webp)\">\n\n\t\t\t\t\t\t\t\t<div>\n\n\t\t\t\t\t\t\t\t\t\n\t\t\t\t\t\t\t\t\t\n\t\t\t\t\t\t\t\t<\/div>\n\n\t\t\t\t\t\t\t<\/div>\n\n\t\t\t\t\t\t\n\t\t\t\t\t\n\n\n\t\t\t\t\t\n\t\t\t\t\n\t\t\t\t\t\t\t\t\t\t\t<div class=\"grid-rows col-4\">\n\t\t\t\t\t\n\n\n\t\t\t\t\t\n\t\t\t\t\t\t\n\t\t\t\t\t\t\t\n\t\t\t\t\t\t\t<div class=\"row-7 block bg-image default default\" style=\"background-image: url(https:\/\/nevask.eu\/wp-content\/uploads\/2025\/07\/konstrukcny-zazrak-na-dome-s-jazerom-03.webp)\">\n\n\t\t\t\t\t\t\t\t<div>\n\n\t\t\t\t\t\t\t\t\t\n\t\t\t\t\t\t\t\t\t\n\t\t\t\t\t\t\t\t<\/div>\n\n\t\t\t\t\t\t\t<\/div>\n\n\t\t\t\t\t\t\n\t\t\t\t\t\t\t\n\t\t\t\t\t\t\t<div class=\"row-5 block bg-image default default\" style=\"background-image: url(https:\/\/nevask.eu\/wp-content\/uploads\/2025\/07\/vonkajsie-zaluzie-s90-parovske-haje-01.webp)\">\n\n\t\t\t\t\t\t\t\t<div>\n\n\t\t\t\t\t\t\t\t\t\n\t\t\t\t\t\t\t\t\t\n\t\t\t\t\t\t\t\t<\/div>\n\n\t\t\t\t\t\t\t<\/div>\n\n\t\t\t\t\t\t\n\t\t\t\t\t\n\n\n\t\t\t\t\t\t\t\t\t\t\t<\/div>\n\t\t\t\t\t\n\t\t\t\t\n\t\t\t\t\t\t\t\t\t\t\t<div class=\"grid-rows col-4\">\n\t\t\t\t\t\n\n\n\t\t\t\t\t\n\t\t\t\t\t\t\n\t\t\t\t\t\t\t\n\t\t\t\t\t\t\t<div class=\"row-5 block bg-image default default\" style=\"background-image: url(https:\/\/nevask.eu\/wp-content\/uploads\/2025\/07\/vonkajsie-zaluzie-s90-parovske-haje-10.webp)\">\n\n\t\t\t\t\t\t\t\t<div>\n\n\t\t\t\t\t\t\t\t\t\n\t\t\t\t\t\t\t\t\t\n\t\t\t\t\t\t\t\t<\/div>\n\n\t\t\t\t\t\t\t<\/div>\n\n\t\t\t\t\t\t\n\t\t\t\t\t\t\t\n\t\t\t\t\t\t\t<div class=\"row-7 block bg-image default default\" style=\"background-image: url(https:\/\/nevask.eu\/wp-content\/uploads\/2025\/07\/konstrukcny-zazrak-na-dome-s-jazerom-04.webp)\">\n\n\t\t\t\t\t\t\t\t<div>\n\n\t\t\t\t\t\t\t\t\t\n\t\t\t\t\t\t\t\t\t\n\t\t\t\t\t\t\t\t<\/div>\n\n\t\t\t\t\t\t\t<\/div>\n\n\t\t\t\t\t\t\n\t\t\t\t\t\n\n\n\t\t\t\t\t\t\t\t\t\t\t<\/div>\n\t\t\t\t\t\n\t\t\t\t\n\t\t\t\n\t\t<\/div>\n\t<\/div>\n\n\n\n\t\n\t\t<div class=\"container outro center\">\n\t\t\t<div class=\"cell\">\n\t\t\t\t<a href=\"https:\/\/nevask.eu\/hu\/referenciak\/\" target=\"\" class=\"button\">Tov\u00e1bbi megval\u00f3s\u00edt\u00e1sok \u2192<\/a>\n\t\t\t<\/div>\n\t\t<\/div>\n\n\t\n<\/div>\n","protected":false},"excerpt":{"rendered":"","protected":false},"author":52,"featured_media":0,"parent":6494,"menu_order":0,"comment_status":"closed","ping_status":"closed","template":"","meta":{"_acf_changed":false,"inline_featured_image":false,"footnotes":""},"class_list":["post-6690","page","type-page","status-publish","hentry"],"acf":[],"yoast_head":"<!-- This site is optimized with the Yoast SEO plugin v27.5 - https:\/\/yoast.com\/product\/yoast-seo-wordpress\/ -->\n<title>S-90-es NEVA k\u00fclt\u00e9ri zsaluzi\u00e1k | nevask.eu<\/title>\n<meta name=\"description\" content=\"A NEVA S-90 k\u00fclt\u00e9ri zsaluzi\u00e1k lamell\u00e1i \u00fagy illeszkednek egym\u00e1shoz, hogy t\u00f6k\u00e9letesen \u00e1rny\u00e9kolj\u00e1k az eg\u00e9sz helyis\u00e9get. Megjelen\u00e9s\u00fckben a red\u0151ny\u00f6kre eml\u00e9keztetnek.\" \/>\n<meta name=\"robots\" content=\"index, follow, max-snippet:-1, max-image-preview:large, max-video-preview:-1\" \/>\n<link rel=\"canonical\" href=\"https:\/\/nevask.eu\/hu\/kulteri-zsaluzia-neva\/kulteri-zsaluzia-neva-s90\/\" \/>\n<meta property=\"og:locale\" content=\"hu_HU\" \/>\n<meta property=\"og:type\" content=\"article\" \/>\n<meta property=\"og:title\" content=\"S-90-es NEVA k\u00fclt\u00e9ri zsaluzi\u00e1k | nevask.eu\" \/>\n<meta property=\"og:description\" content=\"A NEVA S-90 k\u00fclt\u00e9ri zsaluzi\u00e1k lamell\u00e1i \u00fagy illeszkednek egym\u00e1shoz, hogy t\u00f6k\u00e9letesen \u00e1rny\u00e9kolj\u00e1k az eg\u00e9sz helyis\u00e9get. Megjelen\u00e9s\u00fckben a red\u0151ny\u00f6kre eml\u00e9keztetnek.\" \/>\n<meta property=\"og:url\" content=\"https:\/\/nevask.eu\/hu\/kulteri-zsaluzia-neva\/kulteri-zsaluzia-neva-s90\/\" \/>\n<meta property=\"og:site_name\" content=\"NEVA\" \/>\n<meta property=\"article:modified_time\" content=\"2026-05-04T06:11:34+00:00\" \/>\n<meta name=\"twitter:card\" content=\"summary_large_image\" \/>\n<meta name=\"twitter:label1\" content=\"Becs\u00fclt olvas\u00e1si id\u0151\" \/>\n\t<meta name=\"twitter:data1\" content=\"5 perc\" \/>\n<!-- \/ Yoast SEO plugin. -->","yoast_head_json":{"title":"S-90-es NEVA k\u00fclt\u00e9ri zsaluzi\u00e1k | nevask.eu","description":"A NEVA S-90 k\u00fclt\u00e9ri zsaluzi\u00e1k lamell\u00e1i \u00fagy illeszkednek egym\u00e1shoz, hogy t\u00f6k\u00e9letesen \u00e1rny\u00e9kolj\u00e1k az eg\u00e9sz helyis\u00e9get. Megjelen\u00e9s\u00fckben a red\u0151ny\u00f6kre eml\u00e9keztetnek.","robots":{"index":"index","follow":"follow","max-snippet":"max-snippet:-1","max-image-preview":"max-image-preview:large","max-video-preview":"max-video-preview:-1"},"canonical":"https:\/\/nevask.eu\/hu\/kulteri-zsaluzia-neva\/kulteri-zsaluzia-neva-s90\/","og_locale":"hu_HU","og_type":"article","og_title":"S-90-es NEVA k\u00fclt\u00e9ri zsaluzi\u00e1k | nevask.eu","og_description":"A NEVA S-90 k\u00fclt\u00e9ri zsaluzi\u00e1k lamell\u00e1i \u00fagy illeszkednek egym\u00e1shoz, hogy t\u00f6k\u00e9letesen \u00e1rny\u00e9kolj\u00e1k az eg\u00e9sz helyis\u00e9get. Megjelen\u00e9s\u00fckben a red\u0151ny\u00f6kre eml\u00e9keztetnek.","og_url":"https:\/\/nevask.eu\/hu\/kulteri-zsaluzia-neva\/kulteri-zsaluzia-neva-s90\/","og_site_name":"NEVA","article_modified_time":"2026-05-04T06:11:34+00:00","twitter_card":"summary_large_image","twitter_misc":{"Becs\u00fclt olvas\u00e1si id\u0151":"5 perc"},"schema":{"@context":"https:\/\/schema.org","@graph":[{"@type":"WebPage","@id":"https:\/\/nevask.eu\/hu\/kulteri-zsaluzia-neva\/kulteri-zsaluzia-neva-s90\/","url":"https:\/\/nevask.eu\/hu\/kulteri-zsaluzia-neva\/kulteri-zsaluzia-neva-s90\/","name":"S-90-es NEVA k\u00fclt\u00e9ri zsaluzi\u00e1k | nevask.eu","isPartOf":{"@id":"https:\/\/nevask.eu\/hu\/#website"},"datePublished":"2025-07-02T11:29:55+00:00","dateModified":"2026-05-04T06:11:34+00:00","description":"A NEVA S-90 k\u00fclt\u00e9ri zsaluzi\u00e1k lamell\u00e1i \u00fagy illeszkednek egym\u00e1shoz, hogy t\u00f6k\u00e9letesen \u00e1rny\u00e9kolj\u00e1k az eg\u00e9sz helyis\u00e9get. Megjelen\u00e9s\u00fckben a red\u0151ny\u00f6kre eml\u00e9keztetnek.","breadcrumb":{"@id":"https:\/\/nevask.eu\/hu\/kulteri-zsaluzia-neva\/kulteri-zsaluzia-neva-s90\/#breadcrumb"},"inLanguage":"hu","potentialAction":[{"@type":"ReadAction","target":["https:\/\/nevask.eu\/hu\/kulteri-zsaluzia-neva\/kulteri-zsaluzia-neva-s90\/"]}]},{"@type":"BreadcrumbList","@id":"https:\/\/nevask.eu\/hu\/kulteri-zsaluzia-neva\/kulteri-zsaluzia-neva-s90\/#breadcrumb","itemListElement":[{"@type":"ListItem","position":1,"name":"Home","item":"https:\/\/nevask.eu\/hu\/"},{"@type":"ListItem","position":2,"name":"K\u00fclt\u00e9ri zsaluzia NEVA","item":"https:\/\/nevask.eu\/hu\/kulteri-zsaluzia-neva\/"},{"@type":"ListItem","position":3,"name":"NEVA S-90"}]},{"@type":"WebSite","@id":"https:\/\/nevask.eu\/hu\/#website","url":"https:\/\/nevask.eu\/hu\/","name":"NEVA","description":"Vonkaj\u0161ie \u017eal\u00fazie a screenov\u00e9 rolety","potentialAction":[{"@type":"SearchAction","target":{"@type":"EntryPoint","urlTemplate":"https:\/\/nevask.eu\/hu\/?s={search_term_string}"},"query-input":{"@type":"PropertyValueSpecification","valueRequired":true,"valueName":"search_term_string"}}],"inLanguage":"hu"}]}},"_links":{"self":[{"href":"https:\/\/nevask.eu\/hu\/wp-json\/wp\/v2\/pages\/6690","targetHints":{"allow":["GET"]}}],"collection":[{"href":"https:\/\/nevask.eu\/hu\/wp-json\/wp\/v2\/pages"}],"about":[{"href":"https:\/\/nevask.eu\/hu\/wp-json\/wp\/v2\/types\/page"}],"author":[{"embeddable":true,"href":"https:\/\/nevask.eu\/hu\/wp-json\/wp\/v2\/users\/52"}],"replies":[{"embeddable":true,"href":"https:\/\/nevask.eu\/hu\/wp-json\/wp\/v2\/comments?post=6690"}],"version-history":[{"count":11,"href":"https:\/\/nevask.eu\/hu\/wp-json\/wp\/v2\/pages\/6690\/revisions"}],"predecessor-version":[{"id":13223,"href":"https:\/\/nevask.eu\/hu\/wp-json\/wp\/v2\/pages\/6690\/revisions\/13223"}],"up":[{"embeddable":true,"href":"https:\/\/nevask.eu\/hu\/wp-json\/wp\/v2\/pages\/6494"}],"wp:attachment":[{"href":"https:\/\/nevask.eu\/hu\/wp-json\/wp\/v2\/media?parent=6690"}],"curies":[{"name":"wp","href":"https:\/\/api.w.org\/{rel}","templated":true}]}}