{"id":6702,"date":"2025-07-03T16:13:35","date_gmt":"2025-07-03T14:13:35","guid":{"rendered":"https:\/\/nevask.eu\/?page_id=6702"},"modified":"2026-03-16T10:39:14","modified_gmt":"2026-03-16T09:39:14","slug":"kulteri-zsaluzia-neva-f80","status":"publish","type":"page","link":"https:\/\/nevask.eu\/hu\/kulteri-zsaluzia-neva\/kulteri-zsaluzia-neva-f80\/","title":{"rendered":"NEVA F-80"},"content":{"rendered":"\n\n\n\n\n\n<div class=\"section narrow white\">\n\t<div class=\"container\">\n\t\t<div class=\"cell\">\n\t\t\t<ul class=\"breadcrumbs\">\n\t\t\t\t<li><a href=\"https:\/\/nevask.eu\/hu\/\">Home<\/a><\/li>\n\n\t\t\t\t\n\t\t\t<\/ul>\n\t\t<\/div>\n\t<\/div>\n<\/div>\n\n\n\n\n\n\n\n\n<div  class=\"section white\">\n\t<div class=\"container cols-60p-40p\">\n\n\t\t\n\n\n\t\t<div class=\"cell\">\n\n\t\t\t<h1>K\u00fclt\u00e9ri zsaluzia NEVA F-80<\/h1>\n<p class=\"u-align-justify u-text u-text-2 p-large\">Az F80 k\u00fclt\u00e9ri zsaluzi\u00e1k lapos lamell\u00e1inak \u00e9s k\u00e9toldali billenthet\u0151s\u00e9g\u00e9nek k\u00f6sz\u00f6nhet\u0151en felh\u00fazott \u00e1llapotban kev\u00e9s helyet ig\u00e9nyelnek, \u00edgy k\u00f6zkedveltek csal\u00e1di h\u00e1zak \u00e9s iroda\u00e9p\u00fcletek \u00e1rny\u00e9kol\u00e1s\u00e1hoz egyar\u00e1nt.<\/p>\n<p><img loading=\"lazy\" decoding=\"async\" class=\"alignnone wp-image-6706\" title=\"A NEVA F-80 zsaluzi\u00e1k el\u0151nyei\" src=\"https:\/\/nevask.eu\/wp-content\/uploads\/2025\/07\/5-farieb-bez-priplatku-modre-1-300x115.png\" alt=\"A NEVA F-80 zsaluzi\u00e1k el\u0151nyei\" width=\"172\" height=\"66\" srcset=\"https:\/\/nevask.eu\/wp-content\/uploads\/2025\/07\/5-farieb-bez-priplatku-modre-1-300x115.png 300w, https:\/\/nevask.eu\/wp-content\/uploads\/2025\/07\/5-farieb-bez-priplatku-modre-1-1024x391.png 1024w, https:\/\/nevask.eu\/wp-content\/uploads\/2025\/07\/5-farieb-bez-priplatku-modre-1-768x293.png 768w, https:\/\/nevask.eu\/wp-content\/uploads\/2025\/07\/5-farieb-bez-priplatku-modre-1-1536x587.png 1536w, https:\/\/nevask.eu\/wp-content\/uploads\/2025\/07\/5-farieb-bez-priplatku-modre-1.png 1937w\" sizes=\"auto, (max-width: 172px) 100vw, 172px\" \/><\/p>\n<p><strong>5 \u00e9v garanci\u00e1t<\/strong> v\u00e1llalunk minden NEVA\u00ae k\u00fclt\u00e9ri zsaluzi\u00e1ra.<\/p>\n\n\t\t\t\n\t\t<\/div>\n\n\n\n\t\t\n\t<\/div>\n<\/div>\n\n\n\n\n\n<div  class=\"section white\">\n\t<div class=\"container product-gallery slider-mobile\">\n\n\t\t\n\t\t\t\n\t\t\t\t<a class=\"cell\" href=\"https:\/\/nevask.eu\/wp-content\/uploads\/2025\/07\/Detail-lamela-zaluzie-NEVA_F80.png.webp\">\n\t\t\t\t\t<img decoding=\"async\" class=\"ratio-1x1\" src=\"https:\/\/nevask.eu\/wp-content\/uploads\/2025\/07\/Detail-lamela-zaluzie-NEVA_F80.png.webp\" alt=\"Detail na lamelu \u017eal\u00fazie NEVA F-80\">\n\t\t\t\t<\/a>\n\n\t\t\t\n\t\t\t\t<a class=\"cell\" href=\"https:\/\/nevask.eu\/wp-content\/uploads\/2025\/07\/F80_-_open_.png.webp\">\n\t\t\t\t\t<img decoding=\"async\" class=\"ratio-1x1\" src=\"https:\/\/nevask.eu\/wp-content\/uploads\/2025\/07\/F80_-_open_.png.webp\" alt=\"\u017dal\u00fazie NEVA F-80 na lank\u00e1ch\">\n\t\t\t\t<\/a>\n\n\t\t\t\n\t\t\t\t<a class=\"cell\" href=\"https:\/\/nevask.eu\/wp-content\/uploads\/2025\/07\/Detail_F80.png.webp\">\n\t\t\t\t\t<img decoding=\"async\" class=\"ratio-1x1\" src=\"https:\/\/nevask.eu\/wp-content\/uploads\/2025\/07\/Detail_F80.png.webp\" alt=\"Detail na vonkaj\u0161ie \u017eal\u00fazie NEVA F-80\">\n\t\t\t\t<\/a>\n\n\t\t\t\n\t\t\t\t<a class=\"cell\" href=\"https:\/\/nevask.eu\/wp-content\/uploads\/2025\/07\/C80-open.jpg.webp\">\n\t\t\t\t\t<img decoding=\"async\" class=\"ratio-1x1\" src=\"https:\/\/nevask.eu\/wp-content\/uploads\/2025\/07\/C80-open-1024x1024.jpg\" alt=\"\u017dal\u00fazie v tvare C s vodiacimi li\u0161tami\">\n\t\t\t\t<\/a>\n\n\t\t\t\n\t\t\n\t<\/div>\n<\/div>\n\n\n\n\n\n<div  class=\"section tint\">\n\n\t\n\t\t<div class=\"container intro\">\n\t\t\t<div class=\"cell\">\n\t\t\t\t<h2>A NEVA F-80 zsaluzi\u00e1k el\u0151nyei<\/h2>\n\t\t\t<\/div>\n\t\t<\/div>\n\n\t\n\n\n\t\n\t<div class=\"container cols-33p text-blocks\" style=\"\">\n\n\t\t\n\t\t\t\n\t\t\t\t\n\t\t\t\t<div class=\"cell\" style=\"\">\n\n\t\t\t\t\t\n\t\t\t\t\t\t<div class=\"icon-title\">\n\n\t\t\t\t\t\t\t\t\t\t\t\t\t\t\t<img decoding=\"async\" src=\"https:\/\/nevask.eu\/wp-content\/uploads\/2025\/07\/icon-detail-sklopite-je-na-obe-strany-100x100-c-center.webp\" alt=\"piktogram - recykl\u00e1cia\">\n\t\t\t\t\t\t\t\n\t\t\t\t\t\t\t\t\t\t\t\t\t\t\t<h3 class=\"h5\">K\u00e9toldali  billent\u00e9slehet\u0151s\u00e9g<\/h3>\n\t\t\t\t\t\t\t\n\t\t\t\t\t\t<\/div>\n\n\t\t\t\t\t\n\n\n\t\t\t\t\t<p>Ha univerz\u00e1lis zsaluzi\u00e1t keres, akkor a F alak\u00fa a legjobb v\u00e1laszt\u00e1s. A billen\u00e9si lehet\u0151s\u00e9g\u00e9nek k\u00f6sz\u00f6nhet\u0151en sokf\u00e9le \u00e1rny\u00e9kol\u00e1si lehet\u0151s\u00e9get biztos\u00edt, \u00e9s ide\u00e1lis f\u00e9nymennyis\u00e9get ereszt a helyis\u00e9gbe.<\/p>\n\n\t\t\t\t<\/div>\n\t\t\t\n\t\t\t\t\n\t\t\t\t<div class=\"cell\" style=\"\">\n\n\t\t\t\t\t\n\t\t\t\t\t\t<div class=\"icon-title\">\n\n\t\t\t\t\t\t\t\t\t\t\t\t\t\t\t<img decoding=\"async\" src=\"https:\/\/nevask.eu\/wp-content\/uploads\/2025\/07\/icon-detail-setri-prostor-100x100-c-center.webp\" alt=\"piktogram - vytiahnut\u00e9 \u017eal\u00fazie\">\n\t\t\t\t\t\t\t\n\t\t\t\t\t\t\t\t\t\t\t\t\t\t\t<h3 class=\"h5\">Helyet takar\u00edt meg<\/h3>\n\t\t\t\t\t\t\t\n\t\t\t\t\t\t<\/div>\n\n\t\t\t\t\t\n\n\n\t\t\t\t\t<p>A lamell\u00e1k lapos kialak\u00edt\u00e1s\u00e1nak k\u00f6sz\u00f6nhet\u0151en kedvez\u0151bbek a felh\u00fazott csomag m\u00e9retei \u00edgy kevesebb a helyig\u00e9nye mint a peremezett lamell\u00e1k eset\u00e9ben.<\/p>\n\n\t\t\t\t<\/div>\n\t\t\t\n\t\t\t\t\n\t\t\t\t<div class=\"cell\" style=\"\">\n\n\t\t\t\t\t\n\t\t\t\t\t\t<div class=\"icon-title\">\n\n\t\t\t\t\t\t\t\t\t\t\t\t\t\t\t<img decoding=\"async\" src=\"https:\/\/nevask.eu\/wp-content\/uploads\/2025\/07\/icon-detail-variabilni-reseni-100x100-c-center-232.webp\" alt=\"piktogram - mrakodrapy\">\n\t\t\t\t\t\t\t\n\t\t\t\t\t\t\t\t\t\t\t\t\t\t\t<h3 class=\"h5\">V\u00e1ltozatos megold\u00e1s<\/h3>\n\t\t\t\t\t\t\t\n\t\t\t\t\t\t<\/div>\n\n\t\t\t\t\t\n\n\n\t\t\t\t\t<p>A F-80 zsaluzia nemcsak a h\u00e1ztart\u00e1sok, hanem az irodah\u00e1zak \u00e9s az irod\u00e1k sz\u00e1m\u00e1ra is kedvelt k\u00fclt\u00e9ri \u00e1rny\u00e9kol\u00f3k.<\/p>\n\n\t\t\t\t<\/div>\n\t\t\t\n\t\t\n\t<\/div>\n\n\n\n\t\n\t\t<div class=\"container outro center\">\n\t\t\t<div class=\"cell\">\n\n\t\t\t\t\n\t\t\t\t\t\t\t\t\t<a href=\"https:\/\/nevask.eu\/hu\/arajanlat\/arajanlat-kulteri-zsaluzia\/\" target=\"\" class=\"button\">\u00c1raj\u00e1nlat k\u00f6telezetts\u00e9g n\u00e9lk\u00fcl \u2192<\/a>\n\t\t\t\t\n\t\t\t<\/div>\n\t\t<\/div>\n\n\t\n<\/div>\n\n\n\n\n\n<div  class=\"section dark\">\n\t<div class=\"container full left\">\n\t\t<div class=\"cell\">\n\t\t\t<p><img loading=\"lazy\" decoding=\"async\" class=\"alignnone wp-image-2093\" src=\"https:\/\/nevask.eu\/wp-content\/uploads\/2025\/07\/hash-nevapartner_4.png\" alt=\"hashtag nevapartner - modr\u00e9 na bielom\" width=\"258\" height=\"52\" srcset=\"https:\/\/nevask.eu\/wp-content\/uploads\/2025\/07\/hash-nevapartner_4.png 689w, https:\/\/nevask.eu\/wp-content\/uploads\/2025\/07\/hash-nevapartner_4-300x61.png 300w\" sizes=\"auto, (max-width: 258px) 100vw, 258px\" \/><\/p>\n<p class=\"p-large\">A <a href=\"https:\/\/nevask.eu\/hu\/neva-viszonteladok\/\">#nevapartner h\u00e1l\u00f3zatba<\/a> tartoz\u00f3 viszontelad\u00f3 \u00e9s telep\u00edt\u0151 partnereink k\u00e9szs\u00e9ggel \u00e1llnak rendelkez\u00e9s\u00e9re, amennyiben m\u0171szaki tan\u00e1csra, vagy term\u00e9kmint\u00e1kra van sz\u00fcks\u00e9ge a legmegfelel\u0151bb NEVA \u00e1rny\u00e9kol\u00f3 kiv\u00e1laszt\u00e1s\u00e1hoz. Ezut\u00e1n m\u00e1r csak egy l\u00e9p\u00e9sre van az <a href=\"https:\/\/nevask.eu\/hu\/arajanlat\/\">\u00e1raj\u00e1nlat<\/a> kidolgoz\u00e1s\u00e1t\u00f3l.<\/p>\n\t\t<\/div>\n\t<\/div>\n<\/div>\n\n\n\n\n\n<div id=\"szinek-F80\" class=\"section white\">\n\n\t\n\t\t<div class=\"container intro\">\n\t\t\t<div class=\"cell\">\n\t\t\t\t<h2>NEVA F-80 k\u00fclt\u00e9ri zsaluzi\u00e1k sz\u00ednei<\/h2>\n<p>Alapk\u00edn\u00e1latban az F-80-as t\u00edpus\u00fa zsaluzia <strong>5 sz\u00ednben<\/strong> kaphat\u00f3.<\/p>\n\t\t\t<\/div>\n\t\t<\/div>\n\n\t\n\n\n\t\n\t\t<div class=\"container\">\n\t\t\t<div class=\"cell\">\n\n\t\t\t\t\n\t\t\t\t\t\n\n\n\t\t\t\t\t\n\t\t\t\t\t\t<div class=\"colors-grid\">\n\n\t\t\t\t\t\t\t\n\t\t\t\t\t\t\t\t<div class=\"color\">\n\n\t\t\t\t\t\t\t\t\t\t\t\t\t\t\t\t\t\t\t<a href=\"https:\/\/nevask.eu\/wp-content\/uploads\/2025\/06\/140H-strieborna.png.webp\" title=\"140 H Ez\u00fcst-f\u00e9nyes\">\n\t\t\t\t\t\t\t\t\t\t\t<img decoding=\"async\" src=\"https:\/\/nevask.eu\/wp-content\/uploads\/2025\/06\/140H-strieborna.png.webp\" alt=\"Farba Strieborn\u00e1 140 hladk\u00e1\">\n\t\t\t\t\t\t\t\t\t\t<\/a>\n\t\t\t\t\t\t\t\t\t\n\t\t\t\t\t\t\t\t\t\t\t\t\t\t\t\t\t\t\t<p><strong>140 H<\/strong><br>Ez\u00fcst-f\u00e9nyes<\/p>\n\t\t\t\t\t\t\t\t\t\n\t\t\t\t\t\t\t\t<\/div>\n\n\t\t\t\t\t\t\t\n\t\t\t\t\t\t\t\t<div class=\"color\">\n\n\t\t\t\t\t\t\t\t\t\t\t\t\t\t\t\t\t\t\t<a href=\"https:\/\/nevask.eu\/wp-content\/uploads\/2025\/06\/FarbaNEVA010-Snehovobiela.png.webp\" title=\"010 H H\u00f3feh\u00e9r\">\n\t\t\t\t\t\t\t\t\t\t\t<img decoding=\"async\" src=\"https:\/\/nevask.eu\/wp-content\/uploads\/2025\/06\/FarbaNEVA010-Snehovobiela.png.webp\" alt=\"\">\n\t\t\t\t\t\t\t\t\t\t<\/a>\n\t\t\t\t\t\t\t\t\t\n\t\t\t\t\t\t\t\t\t\t\t\t\t\t\t\t\t\t\t<p><strong>010 H<\/strong><br>H\u00f3feh\u00e9r<\/p>\n\t\t\t\t\t\t\t\t\t\n\t\t\t\t\t\t\t\t<\/div>\n\n\t\t\t\t\t\t\t\n\t\t\t\t\t\t\t\t<div class=\"color\">\n\n\t\t\t\t\t\t\t\t\t\t\t\t\t\t\t\t\t\t\t<a href=\"https:\/\/nevask.eu\/wp-content\/uploads\/2025\/07\/Farba-NEVA-716-H-Antracitova-siva-hladka.png.webp\" title=\"716 H Antracit-sz\u00fcrke\">\n\t\t\t\t\t\t\t\t\t\t\t<img decoding=\"async\" src=\"https:\/\/nevask.eu\/wp-content\/uploads\/2025\/07\/Farba-NEVA-716-H-Antracitova-siva-hladka.png.webp\" alt=\"Farba NEVA 716 H - Antracitova\u0301 siva\u0301 hladka\u0301\">\n\t\t\t\t\t\t\t\t\t\t<\/a>\n\t\t\t\t\t\t\t\t\t\n\t\t\t\t\t\t\t\t\t\t\t\t\t\t\t\t\t\t\t<p><strong>716 H<\/strong><br>Antracit-sz\u00fcrke<\/p>\n\t\t\t\t\t\t\t\t\t\n\t\t\t\t\t\t\t\t<\/div>\n\n\t\t\t\t\t\t\t\n\t\t\t\t\t\t\t\t<div class=\"color\">\n\n\t\t\t\t\t\t\t\t\t\t\t\t\t\t\t\t\t\t\t<a href=\"https:\/\/nevask.eu\/wp-content\/uploads\/2025\/07\/Farba-NEVA-907H-Siva-metalicka-hladka.png.webp\" title=\"907 H Ez\u00fcst-sz\u00fcrke\">\n\t\t\t\t\t\t\t\t\t\t\t<img decoding=\"async\" src=\"https:\/\/nevask.eu\/wp-content\/uploads\/2025\/07\/Farba-NEVA-907H-Siva-metalicka-hladka.png.webp\" alt=\"Farba NEVA 907 Siva\u0301 metalicka\u0301\">\n\t\t\t\t\t\t\t\t\t\t<\/a>\n\t\t\t\t\t\t\t\t\t\n\t\t\t\t\t\t\t\t\t\t\t\t\t\t\t\t\t\t\t<p><strong>907 H<\/strong><br>Ez\u00fcst-sz\u00fcrke<\/p>\n\t\t\t\t\t\t\t\t\t\n\t\t\t\t\t\t\t\t<\/div>\n\n\t\t\t\t\t\t\t\n\t\t\t\t\t\t\t\t<div class=\"color\">\n\n\t\t\t\t\t\t\t\t\t\t\t\t\t\t\t\t\t\t\t<a href=\"https:\/\/nevask.eu\/wp-content\/uploads\/2025\/07\/Farba-NEVA-908H-Grafitova-siva-hladka.png.webp\" title=\"908 H S\u00f6t\u00e9tbronz\">\n\t\t\t\t\t\t\t\t\t\t\t<img decoding=\"async\" src=\"https:\/\/nevask.eu\/wp-content\/uploads\/2025\/07\/Farba-NEVA-908H-Grafitova-siva-hladka.png.webp\" alt=\"Farba NEVA 908H - Grafitova\u0301 siva\u0301 hladka\u0301\">\n\t\t\t\t\t\t\t\t\t\t<\/a>\n\t\t\t\t\t\t\t\t\t\n\t\t\t\t\t\t\t\t\t\t\t\t\t\t\t\t\t\t\t<p><strong>908 H<\/strong><br>S\u00f6t\u00e9tbronz<\/p>\n\t\t\t\t\t\t\t\t\t\n\t\t\t\t\t\t\t\t<\/div>\n\n\t\t\t\t\t\t\t\n\t\t\t\t\t\t<\/div>\n\n\t\t\t\t\t\n\t\t\t\t\n\t\t\t<\/div>\n\t\t<\/div>\n\n\t\n<\/div>\n\n\n\n\n\n<div  class=\"section tint\">\n\t<div class=\"container full left\">\n\t\t<div class=\"cell\">\n\t\t\t<p>A NEVA F-80 lamella alapanyagot kiz\u00e1r\u00f3lag ebben az <strong>5 sz\u00ednben<\/strong>, f\u00e9nyes lakkal tartjuk rakt\u00e1ro<\/p>\n<p>M\u00e1s sz\u00ednt szeretne a projektj\u00e9ben? Semmi gond. A NEVA k\u00fclt\u00e9ri zsaluzi\u00e1kat b\u00e1rmilyen RAL sz\u00ednben le tudjuk gy\u00e1rtani.<\/p>\n\t\t<\/div>\n\t<\/div>\n<\/div>\n\n\n\n\n\n\n\n\n<div  class=\"section white\">\n\n\t\n\t\t<div class=\"container intro\">\n\t\t\t<div class=\"cell\">\n\t\t\t\t<h2>NEVA F-80 m\u0171szaki param\u00e9terek<\/h2>\n\t\t\t<\/div>\n\t\t<\/div>\n\n\t\n\n\n\t<div class=\"container cols-50p\">\n\n\t\t\n\t\t\t<div class=\"cell\">\n\n\t\t\t\t\t\t\t\t\t<h3>Megvezet\u00e9s t\u00edpusa \u2013 Vezet\u0151s\u00edn<\/h3>\n\t\t\t\t\n\n\n\t\t\t\t<div class=\"table-wrapper\"><div class=\"table-wrapper\"><table class=\"nowrap\">\n<tbody>\n<tr>\n<th>NEVA Zsaluzia F-80<\/th>\n<th>Hajt\u00f3kar<\/th>\n<th>Motor<\/th>\n<\/tr>\n<tr>\n<td>Zsaluzia sz\u00e9less\u00e9ge (mm)<\/td>\n<td>400 \u2013 4000<\/td>\n<td>600 \u2013 4000<\/td>\n<\/tr>\n<tr>\n<td>Zsaluzia magass\u00e1ga (mm)<\/td>\n<td>500 \u2013 4000<\/td>\n<td>500 \u2013 4000<\/td>\n<\/tr>\n<tr>\n<td>Zsaluzia maxim\u00e1lis fel\u00fclete (m2)<\/td>\n<td>9<\/td>\n<td>16<\/td>\n<\/tr>\n<tr>\n<td>Sz\u00e9l\u00e1ll\u00f3s\u00e1gi oszt\u00e1ly<\/td>\n<td>61 km\/h-ig,<br \/>\n4. oszt\u00e1lyig<\/td>\n<td>61 km\/h-ig,<br \/>\n4. oszt\u00e1lyig<\/td>\n<\/tr>\n<\/tbody>\n<\/table><\/div><\/div>\n\n\t\t\t<\/div>\n\n\t\t\n\t\t\t<div class=\"cell\">\n\n\t\t\t\t\t\t\t\t\t<h3>Megvezet\u00e9s t\u00edpusa \u2013 Sodrony<\/h3>\n\t\t\t\t\n\n\n\t\t\t\t<div class=\"table-wrapper\"><div class=\"table-wrapper\"><table class=\"nowrap\">\n<tbody>\n<tr>\n<th>NEVA Zsaluzia F-80<\/th>\n<th>Hajt\u00f3kar<\/th>\n<th>Motor<\/th>\n<\/tr>\n<tr>\n<td>Zsaluzia sz\u00e9less\u00e9ge (mm)<\/td>\n<td>400 \u2013 4000<\/td>\n<td>600 \u2013 4000<\/td>\n<\/tr>\n<tr>\n<td>Zsaluzia magass\u00e1ga (mm)<\/td>\n<td>500 \u2013 4000<\/td>\n<td>500 \u2013 4000<\/td>\n<\/tr>\n<tr>\n<td>Zsaluzia maxim\u00e1lis fel\u00fclete (m2)<\/td>\n<td>9<\/td>\n<td>16<\/td>\n<\/tr>\n<tr>\n<td>Sz\u00e9l\u00e1ll\u00f3s\u00e1gi oszt\u00e1ly<\/td>\n<td>38 km\/h-ig,<br \/>\n2. oszt\u00e1lyig<\/td>\n<td>38 km\/h-ig,<br \/>\n2. oszt\u00e1lyig<\/td>\n<\/tr>\n<\/tbody>\n<\/table><\/div><\/div>\n\n\t\t\t<\/div>\n\n\t\t\n\t<\/div>\n<\/div>\n\n\n\n\n\n<div class=\"section white\">\n\t<div class=\"container\">\n\t\t<div class=\"cell\">\n\t\t\t<hr class=\"separator\">\n\t\t<\/div>\n\t<\/div>\n<\/div>\n\n\n\n\n\n\n\n\n<div  class=\"section white\">\n\n\t\n\t\t<div class=\"container intro\">\n\t\t\t<div class=\"cell\">\n\t\t\t\t<h2>NEVA F-80 m\u0171szaki rajza<\/h2>\n\t\t\t<\/div>\n\t\t<\/div>\n\n\t\n\n\n\t<div class=\"container cols-40p-60p\">\n\n\t\t\n\t\t\t<div class=\"cell\">\n\n\t\t\t\t\n\n\n\t\t\t\t\n\t\t\t\t\t\t\t\t\t\t\t\t\t<img decoding=\"async\" src=\"https:\/\/nevask.eu\/wp-content\/uploads\/2025\/07\/Rez_zaluzie-NEVA-F80-e1752746958533.png\" alt=\"Technick\u00fd rez \u017eal\u00fazi\u00ed NEVA F-80\">\n\t\t\t\t\t\t\n\t\t\t\t\t\t\n\t\t\t<\/div>\n\n\t\t\n\t\t\t<div class=\"cell\">\n\n\t\t\t\t\n\n\n\t\t\t\t<p>&nbsp;<\/p>\n<div class=\"table-wrapper\"><div class=\"table-wrapper\"><table class=\"nowrap\">\n<tbody>\n<tr>\n<th colspan=\"3\">Jelmagyar\u00e1zat a rajzhoz<\/th>\n<\/tr>\n<tr>\n<td>1<\/td>\n<td>Bels\u0151 t\u00e9r a zsaluzia sz\u00e1m\u00e1ra (mm)<\/td>\n<td>130<br \/>\n(javasolt)<\/td>\n<\/tr>\n<tr>\n<td>2<\/td>\n<td>A csomag magass\u00e1ga (mm)<\/td>\n<td>150 \u2013 260<\/td>\n<\/tr>\n<tr>\n<td>3<\/td>\n<td>Zsaluzia teljes magass\u00e1ga (mm)<\/td>\n<td>500 \u2013 4000<\/td>\n<\/tr>\n<\/tbody>\n<\/table><\/div><\/div>\n\n\t\t\t<\/div>\n\n\t\t\n\t<\/div>\n<\/div>\n\n\n\n\n\n<div class=\"section white\">\n\t<div class=\"container\">\n\t\t<div class=\"cell\">\n\t\t\t<hr class=\"separator\">\n\t\t<\/div>\n\t<\/div>\n<\/div>\n\n\n\n\n\n\n\n\n<div  class=\"section white\">\n\n\t\n\t\t\t<div class=\"container cols-70p-30p\">\n\t\t\t\t<div class=\"cell dark\">\n\t\t\t\t\t\n\t\t<p>A zsaluzi\u00e1kat a homlokzat al\u00e1, takar\u00f3lemez al\u00e1 vagy a homlokzatra szerelheti.<\/p>\n<p>Tekintsen meg 9 szeml\u00e9ltet\u0151 p\u00e9ld\u00e1t, \u00e9s v\u00e1lassza ki a legmegfelel\u0151bb megold\u00e1st.<\/p>\n\n\t\t\t\t\t<a href=\"https:\/\/nevask.eu\/hu\/kulteri-zsaluzia-neva\/kulteri-zsaluziak-szerelesenek-modjai\/\" target=\"\" class=\"button\">K\u00fclt\u00e9ri zsaluzi\u00e1k szerel\u00e9s\u00e9nek m\u00f3djai \u2192<\/a>\n\t\t\n\t\t\t\t\t\t<\/div>\n\n\t\t\t\t<div class=\"cell p-small\">\n\t\t\t\t\t\t\t\t\t<\/div>\n\t\t\t<\/div>\n\n\t\t\t\n<\/div>\n\n\n\n\n\n<div  class=\"section white\">\n\n\t\n\t\t<div class=\"container intro\">\n\t\t\t<div class=\"cell\">\n\t\t\t\t<h2>Kiv\u00e1lasztott megval\u00f3s\u00edt\u00e1sok k\u00fclt\u00e9ri zsaluzia NEVA F-80<\/h2>\n\t\t\t<\/div>\n\t\t<\/div>\n\n\t\n\n\n\t<div class=\"container\">\n\t\t<div class=\"grid-cols\">\n\n\t\t\t\n\t\t\t\t\n\t\t\t\t\t\n\n\n\t\t\t\t\t\n\t\t\t\t\t\t\n\t\t\t\t\t\t\t\n\t\t\t\t\t\t\t<div class=\"col-4 block bg-image h600 default\" style=\"background-image: url(https:\/\/nevask.eu\/wp-content\/uploads\/2025\/07\/NEVA-Vilapark-Tabulovy-vrch-8-1920x0-c-center.webp)\">\n\n\t\t\t\t\t\t\t\t<div>\n\n\t\t\t\t\t\t\t\t\t\n\t\t\t\t\t\t\t\t\t\n\t\t\t\t\t\t\t\t<\/div>\n\n\t\t\t\t\t\t\t<\/div>\n\n\t\t\t\t\t\t\n\t\t\t\t\t\n\n\n\t\t\t\t\t\n\t\t\t\t\n\t\t\t\t\t\t\t\t\t\t\t<div class=\"grid-rows col-4\">\n\t\t\t\t\t\n\n\n\t\t\t\t\t\n\t\t\t\t\t\t\n\t\t\t\t\t\t\t\n\t\t\t\t\t\t\t<div class=\"row-7 block bg-image default default\" style=\"background-image: url(https:\/\/nevask.eu\/wp-content\/uploads\/2025\/07\/NEVA-Vilapark-Tabulovy-vrch-14-scaled-1920x0-c-center-scaled.webp)\">\n\n\t\t\t\t\t\t\t\t<div>\n\n\t\t\t\t\t\t\t\t\t\n\t\t\t\t\t\t\t\t\t\n\t\t\t\t\t\t\t\t<\/div>\n\n\t\t\t\t\t\t\t<\/div>\n\n\t\t\t\t\t\t\n\t\t\t\t\t\t\t\n\t\t\t\t\t\t\t<div class=\"row-5 block bg-image default default\" style=\"background-image: url(https:\/\/nevask.eu\/wp-content\/uploads\/2025\/07\/NEVA-Vilapark-Tabulovy-vrch-10-1920x0-c-center.webp)\">\n\n\t\t\t\t\t\t\t\t<div>\n\n\t\t\t\t\t\t\t\t\t\n\t\t\t\t\t\t\t\t\t\n\t\t\t\t\t\t\t\t<\/div>\n\n\t\t\t\t\t\t\t<\/div>\n\n\t\t\t\t\t\t\n\t\t\t\t\t\n\n\n\t\t\t\t\t\t\t\t\t\t\t<\/div>\n\t\t\t\t\t\n\t\t\t\t\n\t\t\t\t\t\t\t\t\t\t\t<div class=\"grid-rows col-4\">\n\t\t\t\t\t\n\n\n\t\t\t\t\t\n\t\t\t\t\t\t\n\t\t\t\t\t\t\t\n\t\t\t\t\t\t\t<div class=\"row-5 block bg-image default default\" style=\"background-image: url(https:\/\/nevask.eu\/wp-content\/uploads\/2025\/07\/NEVA-Vilapark-Tabulovy-vrch-6-1920x0-c-center.webp)\">\n\n\t\t\t\t\t\t\t\t<div>\n\n\t\t\t\t\t\t\t\t\t\n\t\t\t\t\t\t\t\t\t\n\t\t\t\t\t\t\t\t<\/div>\n\n\t\t\t\t\t\t\t<\/div>\n\n\t\t\t\t\t\t\n\t\t\t\t\t\t\t\n\t\t\t\t\t\t\t<div class=\"row-7 block bg-image default default\" style=\"background-image: url(https:\/\/nevask.eu\/wp-content\/uploads\/2025\/07\/NEVA-Vilapark-Tabulovy-vrch-11-1920x0-c-center.webp)\">\n\n\t\t\t\t\t\t\t\t<div>\n\n\t\t\t\t\t\t\t\t\t\n\t\t\t\t\t\t\t\t\t\n\t\t\t\t\t\t\t\t<\/div>\n\n\t\t\t\t\t\t\t<\/div>\n\n\t\t\t\t\t\t\n\t\t\t\t\t\n\n\n\t\t\t\t\t\t\t\t\t\t\t<\/div>\n\t\t\t\t\t\n\t\t\t\t\n\t\t\t\n\t\t<\/div>\n\t<\/div>\n\n\n\n\t\n\t\t<div class=\"container outro center\">\n\t\t\t<div class=\"cell\">\n\t\t\t\t<a href=\"https:\/\/nevask.eu\/hu\/referenciak\/\" target=\"\" class=\"button\">Tov\u00e1bbi megval\u00f3s\u00edt\u00e1sok \u2192<\/a>\n\t\t\t<\/div>\n\t\t<\/div>\n\n\t\n<\/div>\n","protected":false},"excerpt":{"rendered":"","protected":false},"author":52,"featured_media":0,"parent":6494,"menu_order":0,"comment_status":"closed","ping_status":"closed","template":"","meta":{"_acf_changed":false,"inline_featured_image":false,"footnotes":""},"class_list":["post-6702","page","type-page","status-publish","hentry"],"acf":[],"yoast_head":"<!-- This site is optimized with the Yoast SEO plugin v27.5 - https:\/\/yoast.com\/product\/yoast-seo-wordpress\/ -->\n<title>F-80-as NEVA k\u00fclt\u00e9ri zsaluzi\u00e1k | nevask.eu<\/title>\n<meta name=\"description\" content=\"A NEVA F-80 k\u00fclt\u00e9ri zsaluzi\u00e1k mind lak\u00f3h\u00e1zakban, mind iroda\u00e9p\u00fcletben igen n\u00e9pszer\u0171ek, alacsony lamellacsomaggal, \u00e9s mindk\u00e9t ir\u00e1nyba d\u00f6nthet\u0151k.\" \/>\n<meta name=\"robots\" content=\"index, follow, max-snippet:-1, max-image-preview:large, max-video-preview:-1\" \/>\n<link rel=\"canonical\" href=\"https:\/\/nevask.eu\/hu\/kulteri-zsaluzia-neva\/kulteri-zsaluzia-neva-f80\/\" \/>\n<meta property=\"og:locale\" content=\"hu_HU\" \/>\n<meta property=\"og:type\" content=\"article\" \/>\n<meta property=\"og:title\" content=\"F-80-as NEVA k\u00fclt\u00e9ri zsaluzi\u00e1k | nevask.eu\" \/>\n<meta property=\"og:description\" content=\"A NEVA F-80 k\u00fclt\u00e9ri zsaluzi\u00e1k mind lak\u00f3h\u00e1zakban, mind iroda\u00e9p\u00fcletben igen n\u00e9pszer\u0171ek, alacsony lamellacsomaggal, \u00e9s mindk\u00e9t ir\u00e1nyba d\u00f6nthet\u0151k.\" \/>\n<meta property=\"og:url\" content=\"https:\/\/nevask.eu\/hu\/kulteri-zsaluzia-neva\/kulteri-zsaluzia-neva-f80\/\" \/>\n<meta property=\"og:site_name\" content=\"NEVA\" \/>\n<meta property=\"article:modified_time\" content=\"2026-03-16T09:39:14+00:00\" \/>\n<meta name=\"twitter:card\" content=\"summary_large_image\" \/>\n<meta name=\"twitter:label1\" content=\"Becs\u00fclt olvas\u00e1si id\u0151\" \/>\n\t<meta name=\"twitter:data1\" content=\"6 perc\" \/>\n<!-- \/ Yoast SEO plugin. -->","yoast_head_json":{"title":"F-80-as NEVA k\u00fclt\u00e9ri zsaluzi\u00e1k | nevask.eu","description":"A NEVA F-80 k\u00fclt\u00e9ri zsaluzi\u00e1k mind lak\u00f3h\u00e1zakban, mind iroda\u00e9p\u00fcletben igen n\u00e9pszer\u0171ek, alacsony lamellacsomaggal, \u00e9s mindk\u00e9t ir\u00e1nyba d\u00f6nthet\u0151k.","robots":{"index":"index","follow":"follow","max-snippet":"max-snippet:-1","max-image-preview":"max-image-preview:large","max-video-preview":"max-video-preview:-1"},"canonical":"https:\/\/nevask.eu\/hu\/kulteri-zsaluzia-neva\/kulteri-zsaluzia-neva-f80\/","og_locale":"hu_HU","og_type":"article","og_title":"F-80-as NEVA k\u00fclt\u00e9ri zsaluzi\u00e1k | nevask.eu","og_description":"A NEVA F-80 k\u00fclt\u00e9ri zsaluzi\u00e1k mind lak\u00f3h\u00e1zakban, mind iroda\u00e9p\u00fcletben igen n\u00e9pszer\u0171ek, alacsony lamellacsomaggal, \u00e9s mindk\u00e9t ir\u00e1nyba d\u00f6nthet\u0151k.","og_url":"https:\/\/nevask.eu\/hu\/kulteri-zsaluzia-neva\/kulteri-zsaluzia-neva-f80\/","og_site_name":"NEVA","article_modified_time":"2026-03-16T09:39:14+00:00","twitter_card":"summary_large_image","twitter_misc":{"Becs\u00fclt olvas\u00e1si id\u0151":"6 perc"},"schema":{"@context":"https:\/\/schema.org","@graph":[{"@type":"WebPage","@id":"https:\/\/nevask.eu\/hu\/kulteri-zsaluzia-neva\/kulteri-zsaluzia-neva-f80\/","url":"https:\/\/nevask.eu\/hu\/kulteri-zsaluzia-neva\/kulteri-zsaluzia-neva-f80\/","name":"F-80-as NEVA k\u00fclt\u00e9ri zsaluzi\u00e1k | nevask.eu","isPartOf":{"@id":"https:\/\/nevask.eu\/hu\/#website"},"datePublished":"2025-07-03T14:13:35+00:00","dateModified":"2026-03-16T09:39:14+00:00","description":"A NEVA F-80 k\u00fclt\u00e9ri zsaluzi\u00e1k mind lak\u00f3h\u00e1zakban, mind iroda\u00e9p\u00fcletben igen n\u00e9pszer\u0171ek, alacsony lamellacsomaggal, \u00e9s mindk\u00e9t ir\u00e1nyba d\u00f6nthet\u0151k.","breadcrumb":{"@id":"https:\/\/nevask.eu\/hu\/kulteri-zsaluzia-neva\/kulteri-zsaluzia-neva-f80\/#breadcrumb"},"inLanguage":"hu","potentialAction":[{"@type":"ReadAction","target":["https:\/\/nevask.eu\/hu\/kulteri-zsaluzia-neva\/kulteri-zsaluzia-neva-f80\/"]}]},{"@type":"BreadcrumbList","@id":"https:\/\/nevask.eu\/hu\/kulteri-zsaluzia-neva\/kulteri-zsaluzia-neva-f80\/#breadcrumb","itemListElement":[{"@type":"ListItem","position":1,"name":"Home","item":"https:\/\/nevask.eu\/hu\/"},{"@type":"ListItem","position":2,"name":"K\u00fclt\u00e9ri zsaluzia NEVA","item":"https:\/\/nevask.eu\/hu\/kulteri-zsaluzia-neva\/"},{"@type":"ListItem","position":3,"name":"NEVA F-80"}]},{"@type":"WebSite","@id":"https:\/\/nevask.eu\/hu\/#website","url":"https:\/\/nevask.eu\/hu\/","name":"NEVA","description":"Vonkaj\u0161ie \u017eal\u00fazie a screenov\u00e9 rolety","potentialAction":[{"@type":"SearchAction","target":{"@type":"EntryPoint","urlTemplate":"https:\/\/nevask.eu\/hu\/?s={search_term_string}"},"query-input":{"@type":"PropertyValueSpecification","valueRequired":true,"valueName":"search_term_string"}}],"inLanguage":"hu"}]}},"_links":{"self":[{"href":"https:\/\/nevask.eu\/hu\/wp-json\/wp\/v2\/pages\/6702","targetHints":{"allow":["GET"]}}],"collection":[{"href":"https:\/\/nevask.eu\/hu\/wp-json\/wp\/v2\/pages"}],"about":[{"href":"https:\/\/nevask.eu\/hu\/wp-json\/wp\/v2\/types\/page"}],"author":[{"embeddable":true,"href":"https:\/\/nevask.eu\/hu\/wp-json\/wp\/v2\/users\/52"}],"replies":[{"embeddable":true,"href":"https:\/\/nevask.eu\/hu\/wp-json\/wp\/v2\/comments?post=6702"}],"version-history":[{"count":18,"href":"https:\/\/nevask.eu\/hu\/wp-json\/wp\/v2\/pages\/6702\/revisions"}],"predecessor-version":[{"id":12915,"href":"https:\/\/nevask.eu\/hu\/wp-json\/wp\/v2\/pages\/6702\/revisions\/12915"}],"up":[{"embeddable":true,"href":"https:\/\/nevask.eu\/hu\/wp-json\/wp\/v2\/pages\/6494"}],"wp:attachment":[{"href":"https:\/\/nevask.eu\/hu\/wp-json\/wp\/v2\/media?parent=6702"}],"curies":[{"name":"wp","href":"https:\/\/api.w.org\/{rel}","templated":true}]}}