{"id":7945,"date":"2025-07-10T09:47:07","date_gmt":"2025-07-10T07:47:07","guid":{"rendered":"https:\/\/nevask.eu\/?page_id=7945"},"modified":"2025-09-11T11:38:09","modified_gmt":"2025-09-11T09:38:09","slug":"kulteri-zsaluziak-szerelesenek-modjai","status":"publish","type":"page","link":"https:\/\/nevask.eu\/hu\/kulteri-zsaluzia-neva\/kulteri-zsaluziak-szerelesenek-modjai\/","title":{"rendered":"K\u00fclt\u00e9ri zsaluzi\u00e1k szerel\u00e9s\u00e9nek m\u00f3djai"},"content":{"rendered":"\n\n\n\n\n\n<div class=\"section narrow white\">\n\t<div class=\"container\">\n\t\t<div class=\"cell\">\n\t\t\t<ul class=\"breadcrumbs\">\n\t\t\t\t<li><a href=\"https:\/\/nevask.eu\/hu\/\">Home<\/a><\/li>\n\n\t\t\t\t\n\t\t\t<\/ul>\n\t\t<\/div>\n\t<\/div>\n<\/div>\n\n\n\n\n\n<div  class=\"section white\">\n\t<div class=\"container full left\">\n\t\t<div class=\"cell\">\n\t\t\t<h1>K\u00fclt\u00e9ri zsaluzi\u00e1k szerel\u00e9s\u00e9nek m\u00f3djai<\/h1>\n<p class=\"p-large\">K\u00fclt\u00e9ri zsaluzi\u00e1k mellett d\u00f6nt\u00f6tt, de nem tudja, hogyan szerelhet\u0151ek fel?<\/p>\n<p>A <a href=\"https:\/\/nevask.eu\/hu\/kulteri-zsaluzia-neva\/\">zsaluzi\u00e1k<\/a> szerel\u00e9s\u00e9nek m\u00f3dja nemcsak a homlokzat megjelen\u00e9s\u00e9t befoly\u00e1solja, hanem az \u00e1rny\u00e9kol\u00e1s funkcionalit\u00e1s\u00e1t \u00e9s a teljes \u00f6sszhat\u00e1st is.<br \/>\nA szeml\u00e9ltet\u0151 k\u00e9peknek k\u00f6sz\u00f6nhet\u0151en megtudhatja, melyik t\u00edpus\u00fa kivitel a legmegfelel\u0151bb az \u00d6n h\u00e1z\u00e1ba vagy lak\u00e1s\u00e1ba.<\/p>\n\t\t<\/div>\n\t<\/div>\n<\/div>\n\n\n\n\n\n<div  class=\"section white\">\n\n\t\n\n\n\t\n\t<div class=\"container cols-33p text-blocks\" style=\"\">\n\n\t\t\n\t\t\t\n\t\t\t\t\n\t\t\t\t<div class=\"cell\" style=\"\">\n\n\t\t\t\t\t\n\n\n\t\t\t\t\t<h3>Ablakkeretre szerel\u00e9s \u2013<br \/>\nh\u00e1tlap n\u00e9lk\u00fcl<\/h3>\n<p>H\u00e1tlap n\u00e9lk\u00fcli zsaluzia szerel\u00e9se.<\/p>\n<p><img loading=\"lazy\" decoding=\"async\" class=\"alignnone wp-image-4799\" src=\"https:\/\/nevask.eu\/wp-content\/uploads\/2025\/07\/Zaluzie-NEVA-Z-90_priznany-kastlik-WMm-717x1024.jpg\" alt=\"Mont\u00e1\u017e \u017eal\u00fazi\u00ed na r\u00e1m okna - bez zadn\u00e9ho plechu\" width=\"400\" height=\"571\" srcset=\"https:\/\/nevask.eu\/wp-content\/uploads\/2025\/07\/Zaluzie-NEVA-Z-90_priznany-kastlik-WMm-717x1024.jpg.webp 717w, https:\/\/nevask.eu\/wp-content\/uploads\/2025\/07\/Zaluzie-NEVA-Z-90_priznany-kastlik-WMm-210x300.jpg.webp 210w, https:\/\/nevask.eu\/wp-content\/uploads\/2025\/07\/Zaluzie-NEVA-Z-90_priznany-kastlik-WMm-768x1097.jpg.webp 768w, https:\/\/nevask.eu\/wp-content\/uploads\/2025\/07\/Zaluzie-NEVA-Z-90_priznany-kastlik-WMm-1075x1536.jpg.webp 1075w, https:\/\/nevask.eu\/wp-content\/uploads\/2025\/07\/Zaluzie-NEVA-Z-90_priznany-kastlik-WMm-1434x2048.jpg.webp 1434w, https:\/\/nevask.eu\/wp-content\/uploads\/2025\/07\/Zaluzie-NEVA-Z-90_priznany-kastlik-WMm-scaled.jpg.webp 1792w\" sizes=\"auto, (max-width: 400px) 100vw, 400px\" \/><\/p>\n<p>&nbsp;<\/p>\n\n\t\t\t\t<\/div>\n\t\t\t\n\t\t\t\t\n\t\t\t\t<div class=\"cell\" style=\"\">\n\n\t\t\t\t\t\n\n\n\t\t\t\t\t<h3>Ablakkeretre szerel\u00e9s \u2013<br \/>\nh\u00e1tlappal<\/h3>\n<p>Zsaluzia szerel\u00e9se h\u00e1tlappal<\/p>\n<p><img loading=\"lazy\" decoding=\"async\" class=\"alignnone wp-image-4802\" src=\"https:\/\/nevask.eu\/wp-content\/uploads\/2025\/07\/Zaluzie-NEVA-Z-90_priznany-kastlik_zadny-plech-WMm-717x1024.jpg\" alt=\"Mont\u00e1\u017e \u017eal\u00fazi\u00ed na r\u00e1m okna - so zadn\u00fdm plechom\" width=\"400\" height=\"571\" srcset=\"https:\/\/nevask.eu\/wp-content\/uploads\/2025\/07\/Zaluzie-NEVA-Z-90_priznany-kastlik_zadny-plech-WMm-717x1024.jpg.webp 717w, https:\/\/nevask.eu\/wp-content\/uploads\/2025\/07\/Zaluzie-NEVA-Z-90_priznany-kastlik_zadny-plech-WMm-210x300.jpg.webp 210w, https:\/\/nevask.eu\/wp-content\/uploads\/2025\/07\/Zaluzie-NEVA-Z-90_priznany-kastlik_zadny-plech-WMm-768x1097.jpg.webp 768w, https:\/\/nevask.eu\/wp-content\/uploads\/2025\/07\/Zaluzie-NEVA-Z-90_priznany-kastlik_zadny-plech-WMm-1075x1536.jpg.webp 1075w, https:\/\/nevask.eu\/wp-content\/uploads\/2025\/07\/Zaluzie-NEVA-Z-90_priznany-kastlik_zadny-plech-WMm-1434x2048.jpg.webp 1434w, https:\/\/nevask.eu\/wp-content\/uploads\/2025\/07\/Zaluzie-NEVA-Z-90_priznany-kastlik_zadny-plech-WMm-scaled.jpg.webp 1792w\" sizes=\"auto, (max-width: 400px) 100vw, 400px\" \/><\/p>\n<p>&nbsp;<\/p>\n\n\t\t\t\t<\/div>\n\t\t\t\n\t\t\t\t\n\t\t\t\t<div class=\"cell\" style=\"\">\n\n\t\t\t\t\t\n\n\n\t\t\t\t\t<h3>Ablakkeretre szerel\u00e9s \u2013<br \/>\nSTF1 \u00f6nhord\u00f3 rendszer<\/h3>\n<p><a href=\"https:\/\/nevask.eu\/hu\/kulteri-zsaluzia-neva\/neva-onhordo-rendszerek\/onhordo-rendszer-stf\/\">NEVA STF1<\/a> \u00f6nhord\u00f3 zsaluzia rendszer<\/p>\n<p><img loading=\"lazy\" decoding=\"async\" class=\"alignnone wp-image-4808\" src=\"https:\/\/nevask.eu\/wp-content\/uploads\/2025\/07\/Zaluzie-NEVA-Z-90_samonosne-STF1-na-ram-okna-WMm-717x1024.jpg\" alt=\"Mont\u00e1\u017e \u017eal\u00fazi\u00ed na r\u00e1m okna - samonosn\u00fd syst\u00e9m STF1 \" width=\"400\" height=\"571\" srcset=\"https:\/\/nevask.eu\/wp-content\/uploads\/2025\/07\/Zaluzie-NEVA-Z-90_samonosne-STF1-na-ram-okna-WMm-717x1024.jpg.webp 717w, https:\/\/nevask.eu\/wp-content\/uploads\/2025\/07\/Zaluzie-NEVA-Z-90_samonosne-STF1-na-ram-okna-WMm-210x300.jpg.webp 210w, https:\/\/nevask.eu\/wp-content\/uploads\/2025\/07\/Zaluzie-NEVA-Z-90_samonosne-STF1-na-ram-okna-WMm-768x1097.jpg.webp 768w, https:\/\/nevask.eu\/wp-content\/uploads\/2025\/07\/Zaluzie-NEVA-Z-90_samonosne-STF1-na-ram-okna-WMm-1075x1536.jpg.webp 1075w, https:\/\/nevask.eu\/wp-content\/uploads\/2025\/07\/Zaluzie-NEVA-Z-90_samonosne-STF1-na-ram-okna-WMm-1434x2048.jpg.webp 1434w, https:\/\/nevask.eu\/wp-content\/uploads\/2025\/07\/Zaluzie-NEVA-Z-90_samonosne-STF1-na-ram-okna-WMm-scaled.jpg.webp 1792w\" sizes=\"auto, (max-width: 400px) 100vw, 400px\" \/><\/p>\n\n\t\t\t\t<\/div>\n\t\t\t\n\t\t\t\t\n\t\t\t\t<div class=\"cell\" style=\"\">\n\n\t\t\t\t\t\n\n\n\t\t\t\t\t<h3>Homlokzatra val\u00f3 szerel\u00e9s \u2013<br \/>\nSTF1 \u00f6nhord\u00f3 rendszer<\/h3>\n<p><a href=\"https:\/\/nevask.eu\/hu\/kulteri-zsaluzia-neva\/neva-onhordo-rendszerek\/onhordo-rendszer-stf\/\">NEVA STF1<\/a> \u00f6nhord\u00f3 zsaluzia rendszer<\/p>\n<p><img loading=\"lazy\" decoding=\"async\" class=\"alignnone wp-image-4805\" src=\"https:\/\/nevask.eu\/wp-content\/uploads\/2025\/07\/Zaluzie-NEVA-Z-90_samonosne-STF1-na-fasadu-WMm-717x1024.jpg\" alt=\"Mont\u00e1\u017e \u017eal\u00fazi\u00ed na fas\u00e1du - NEVA STF1\" width=\"400\" height=\"571\" srcset=\"https:\/\/nevask.eu\/wp-content\/uploads\/2025\/07\/Zaluzie-NEVA-Z-90_samonosne-STF1-na-fasadu-WMm-717x1024.jpg.webp 717w, https:\/\/nevask.eu\/wp-content\/uploads\/2025\/07\/Zaluzie-NEVA-Z-90_samonosne-STF1-na-fasadu-WMm-210x300.jpg.webp 210w, https:\/\/nevask.eu\/wp-content\/uploads\/2025\/07\/Zaluzie-NEVA-Z-90_samonosne-STF1-na-fasadu-WMm-768x1097.jpg.webp 768w, https:\/\/nevask.eu\/wp-content\/uploads\/2025\/07\/Zaluzie-NEVA-Z-90_samonosne-STF1-na-fasadu-WMm-1075x1536.jpg.webp 1075w, https:\/\/nevask.eu\/wp-content\/uploads\/2025\/07\/Zaluzie-NEVA-Z-90_samonosne-STF1-na-fasadu-WMm-1434x2048.jpg.webp 1434w, https:\/\/nevask.eu\/wp-content\/uploads\/2025\/07\/Zaluzie-NEVA-Z-90_samonosne-STF1-na-fasadu-WMm-scaled.jpg.webp 1792w\" sizes=\"auto, (max-width: 400px) 100vw, 400px\" \/><\/p>\n\n\t\t\t\t<\/div>\n\t\t\t\n\t\t\t\t\n\t\t\t\t<div class=\"cell\" style=\"\">\n\n\t\t\t\t\t\n\n\n\t\t\t\t\t<h3>NEVA homlokzati zsaluzia rendszer<\/h3>\n<p>homlokzatra val\u00f3 szerel\u00e9shez<\/p>\n<p><img loading=\"lazy\" decoding=\"async\" class=\"alignnone wp-image-4813\" src=\"https:\/\/nevask.eu\/wp-content\/uploads\/2025\/07\/Zaluzie-NEVA-Z-90-fasadny-system-WMm-717x1024.jpg\" alt=\"Fas\u00e1dny \u017eal\u00faziov\u00fd syst\u00e9m NEVA\" width=\"400\" height=\"571\" srcset=\"https:\/\/nevask.eu\/wp-content\/uploads\/2025\/07\/Zaluzie-NEVA-Z-90-fasadny-system-WMm-717x1024.jpg.webp 717w, https:\/\/nevask.eu\/wp-content\/uploads\/2025\/07\/Zaluzie-NEVA-Z-90-fasadny-system-WMm-210x300.jpg.webp 210w, https:\/\/nevask.eu\/wp-content\/uploads\/2025\/07\/Zaluzie-NEVA-Z-90-fasadny-system-WMm-768x1097.jpg.webp 768w, https:\/\/nevask.eu\/wp-content\/uploads\/2025\/07\/Zaluzie-NEVA-Z-90-fasadny-system-WMm-1075x1536.jpg.webp 1075w, https:\/\/nevask.eu\/wp-content\/uploads\/2025\/07\/Zaluzie-NEVA-Z-90-fasadny-system-WMm-1434x2048.jpg.webp 1434w, https:\/\/nevask.eu\/wp-content\/uploads\/2025\/07\/Zaluzie-NEVA-Z-90-fasadny-system-WMm-scaled.jpg.webp 1792w\" sizes=\"auto, (max-width: 400px) 100vw, 400px\" \/><\/p>\n<p>&nbsp;<\/p>\n\n\t\t\t\t<\/div>\n\t\t\t\n\t\t\t\t\n\t\t\t\t<div class=\"cell\" style=\"\">\n\n\t\t\t\t\t\n\n\n\t\t\t\t\t<h3>Vakolhat\u00f3 tokos szerel\u00e9s \u2013<br \/>\nSTF2 \u00f6nhord\u00f3 rendszer<\/h3>\n<p><a href=\"https:\/\/nevask.eu\/hu\/kulteri-zsaluzia-neva\/neva-onhordo-rendszerek\/onhordo-rendszer-stf\/\">NEVA STF2<\/a> b\u0151v\u00edtett \u00f6nhord\u00f3 rendszer<\/p>\n<p><img loading=\"lazy\" decoding=\"async\" class=\"alignnone wp-image-4817\" src=\"https:\/\/nevask.eu\/wp-content\/uploads\/2025\/07\/Zaluzie-NEVA-Z-90_pod-omietku-STF2-WMm-717x1024.jpg\" alt=\"Podomietkov\u00e1 mont\u00e1\u017e \u017eal\u00fazi\u00ed - samonosn\u00fd syst\u00e9m NEVA STF2\" width=\"400\" height=\"571\" srcset=\"https:\/\/nevask.eu\/wp-content\/uploads\/2025\/07\/Zaluzie-NEVA-Z-90_pod-omietku-STF2-WMm-717x1024.jpg.webp 717w, https:\/\/nevask.eu\/wp-content\/uploads\/2025\/07\/Zaluzie-NEVA-Z-90_pod-omietku-STF2-WMm-210x300.jpg.webp 210w, https:\/\/nevask.eu\/wp-content\/uploads\/2025\/07\/Zaluzie-NEVA-Z-90_pod-omietku-STF2-WMm-768x1097.jpg.webp 768w, https:\/\/nevask.eu\/wp-content\/uploads\/2025\/07\/Zaluzie-NEVA-Z-90_pod-omietku-STF2-WMm-1075x1536.jpg.webp 1075w, https:\/\/nevask.eu\/wp-content\/uploads\/2025\/07\/Zaluzie-NEVA-Z-90_pod-omietku-STF2-WMm-1434x2048.jpg.webp 1434w, https:\/\/nevask.eu\/wp-content\/uploads\/2025\/07\/Zaluzie-NEVA-Z-90_pod-omietku-STF2-WMm-scaled.jpg.webp 1792w\" sizes=\"auto, (max-width: 400px) 100vw, 400px\" \/><\/p>\n\n\t\t\t\t<\/div>\n\t\t\t\n\t\t\t\t\n\t\t\t\t<div class=\"cell\" style=\"\">\n\n\t\t\t\t\t\n\n\n\t\t\t\t\t<h3>Vakolhat\u00f3 tokos szerel\u00e9s<br \/>\nISO-KASTL szigetel\u00e9s n\u00e9lk\u00fcl<\/h3>\n<p class=\"p1\">Vakolhat\u00f3 <a href=\"https:\/\/nevask.eu\/hu\/kulteri-zsaluzia-neva\/iso-kastl-tok\/\">ISO-KASTL<\/a> tokos szerel\u00e9s<\/p>\n<p><img loading=\"lazy\" decoding=\"async\" class=\"alignnone wp-image-4823\" src=\"https:\/\/nevask.eu\/wp-content\/uploads\/2025\/07\/Zaluzie-NEVA-Z-90_ISO-KASTL-bez-zateplenia-WMm-717x1024.jpg\" alt=\"Mont\u00e1\u017e \u017eal\u00fazi\u00ed pod omietku s ISO-KASTL bez zateplenia\" width=\"400\" height=\"571\" \/><\/p>\n<p>&nbsp;<\/p>\n<p>&nbsp;<\/p>\n\n\t\t\t\t<\/div>\n\t\t\t\n\t\t\t\t\n\t\t\t\t<div class=\"cell\" style=\"\">\n\n\t\t\t\t\t\n\n\n\t\t\t\t\t<h3>Vakolhat\u00f3 tokos szerel\u00e9s<br \/>\nISO-KASTL szigetel\u00e9ssel<\/h3>\n<p>Vakolhat\u00f3 <a href=\"https:\/\/nevask.eu\/hu\/kulteri-zsaluzia-neva\/iso-kastl-tok\/\">ISO-KASTL<\/a> tokos szerel\u00e9s szigetel\u00e9ssel<\/p>\n<p><img loading=\"lazy\" decoding=\"async\" class=\"alignnone wp-image-4826\" src=\"https:\/\/nevask.eu\/wp-content\/uploads\/2025\/07\/Zaluzie-NEVA-Z-90_ISO-KASTL-WMm-717x1024.jpg\" alt=\"Mont\u00e1\u017e \u017eal\u00fazi\u00ed NEVA pod omietku s ISO-KASTL so zateplen\u00edm\" width=\"400\" height=\"571\" srcset=\"https:\/\/nevask.eu\/wp-content\/uploads\/2025\/07\/Zaluzie-NEVA-Z-90_ISO-KASTL-WMm-717x1024.jpg.webp 717w, https:\/\/nevask.eu\/wp-content\/uploads\/2025\/07\/Zaluzie-NEVA-Z-90_ISO-KASTL-WMm-210x300.jpg.webp 210w, https:\/\/nevask.eu\/wp-content\/uploads\/2025\/07\/Zaluzie-NEVA-Z-90_ISO-KASTL-WMm-768x1097.jpg.webp 768w, https:\/\/nevask.eu\/wp-content\/uploads\/2025\/07\/Zaluzie-NEVA-Z-90_ISO-KASTL-WMm-1075x1536.jpg.webp 1075w, https:\/\/nevask.eu\/wp-content\/uploads\/2025\/07\/Zaluzie-NEVA-Z-90_ISO-KASTL-WMm-1434x2048.jpg.webp 1434w, https:\/\/nevask.eu\/wp-content\/uploads\/2025\/07\/Zaluzie-NEVA-Z-90_ISO-KASTL-WMm-scaled.jpg.webp 1792w\" sizes=\"auto, (max-width: 400px) 100vw, 400px\" \/><\/p>\n\n\t\t\t\t<\/div>\n\t\t\t\n\t\t\t\t\n\t\t\t\t<div class=\"cell\" style=\"\">\n\n\t\t\t\t\t\n\n\n\t\t\t\t\t<h3>Vakolhat\u00f3 tokos szerel\u00e9s<br \/>\nAlum\u00ednium tok<\/h3>\n<p>Vakolhat\u00f3, rejtett tokos szerel\u00e9s<\/p>\n<p><img loading=\"lazy\" decoding=\"async\" class=\"alignnone wp-image-4829\" src=\"https:\/\/nevask.eu\/wp-content\/uploads\/2025\/07\/Zaluzie-NEVA-Z-90_pod-omietku-WMm-717x1024.jpg\" alt=\"Mont\u00e1\u017e \u017eal\u00fazi\u00ed NEVA pod omietku. Hlin\u00edkov\u00fd kastl\u00edk.\" width=\"400\" height=\"571\" srcset=\"https:\/\/nevask.eu\/wp-content\/uploads\/2025\/07\/Zaluzie-NEVA-Z-90_pod-omietku-WMm-717x1024.jpg.webp 717w, https:\/\/nevask.eu\/wp-content\/uploads\/2025\/07\/Zaluzie-NEVA-Z-90_pod-omietku-WMm-210x300.jpg.webp 210w, https:\/\/nevask.eu\/wp-content\/uploads\/2025\/07\/Zaluzie-NEVA-Z-90_pod-omietku-WMm-768x1097.jpg.webp 768w, https:\/\/nevask.eu\/wp-content\/uploads\/2025\/07\/Zaluzie-NEVA-Z-90_pod-omietku-WMm-1075x1536.jpg.webp 1075w, https:\/\/nevask.eu\/wp-content\/uploads\/2025\/07\/Zaluzie-NEVA-Z-90_pod-omietku-WMm-1434x2048.jpg.webp 1434w, https:\/\/nevask.eu\/wp-content\/uploads\/2025\/07\/Zaluzie-NEVA-Z-90_pod-omietku-WMm-scaled.jpg.webp 1792w\" sizes=\"auto, (max-width: 400px) 100vw, 400px\" \/><\/p>\n<p>&nbsp;<\/p>\n\n\t\t\t\t<\/div>\n\t\t\t\n\t\t\n\t<\/div>\n\n\n\n\t\n<\/div>\n\n\n\n\n\n<div  class=\"section dark\">\n\t<div class=\"container full left\">\n\t\t<div class=\"cell\">\n\t\t\t<p><img loading=\"lazy\" decoding=\"async\" class=\"alignnone wp-image-2093\" src=\"https:\/\/nevask.eu\/wp-content\/uploads\/2025\/07\/hash-nevapartner_4-300x61.png\" alt=\"hashtag nevapartner - modr\u00e9 na bielom\" width=\"220\" height=\"44\" srcset=\"https:\/\/nevask.eu\/wp-content\/uploads\/2025\/07\/hash-nevapartner_4-300x61.png 300w, https:\/\/nevask.eu\/wp-content\/uploads\/2025\/07\/hash-nevapartner_4.png 689w\" sizes=\"auto, (max-width: 220px) 100vw, 220px\" \/><\/p>\n<p class=\"p-large\">A <a href=\"https:\/\/nevask.eu\/hu\/neva-viszonteladok\/\">#nevapartner h\u00e1lozatba<\/a> tartoz\u00f3 viszontelad\u00f3 \u00e9s telep\u00edt\u0151 partnereink k\u00e9szs\u00e9ggel \u00e1llnak rendelkez\u00e9s\u00e9re, amennyiben m\u0171szaki tan\u00e1csra, vagy term\u00e9kmint\u00e1kra van sz\u00fcks\u00e9ge a legmegfelel\u0151bb NEVA \u00e1rny\u00e9kol\u00f3 kiv\u00e1laszt\u00e1s\u00e1hoz. Ezut\u00e1n m\u00e1r csak egy l\u00e9p\u00e9sre van az <a href=\"https:\/\/nevask.eu\/hu\/arajanlat\/\">\u00e1raj\u00e1nlat<\/a> kidolgoz\u00e1s\u00e1t\u00f3l.<\/p>\n\t\t<\/div>\n\t<\/div>\n<\/div>\n","protected":false},"excerpt":{"rendered":"","protected":false},"author":52,"featured_media":0,"parent":6494,"menu_order":0,"comment_status":"closed","ping_status":"closed","template":"","meta":{"_acf_changed":false,"inline_featured_image":false,"footnotes":""},"class_list":["post-7945","page","type-page","status-publish","hentry"],"acf":[],"yoast_head":"<!-- This site is optimized with the Yoast SEO plugin v27.5 - https:\/\/yoast.com\/product\/yoast-seo-wordpress\/ -->\n<title>K\u00fclt\u00e9ri zsaluzi\u00e1k szerel\u00e9s\u00e9nek m\u00f3djai - NEVA | nevask.eu<\/title>\n<meta name=\"description\" content=\"A 9 szeml\u00e9letes \u00e1br\u00e1nak k\u00f6sz\u00f6nhet\u0151en k\u00f6nnyen megtudhatja, melyik szerel\u00e9si m\u00f3d a legmegfelel\u0151bb az \u00d6n h\u00e1z\u00e1hoz vagy lak\u00e1s\u00e1hoz \u2013 a vakolhat\u00f3 tokos zsal\u00fazi\u00e1kt\u00f3l eg\u00e9szen az ut\u00f3lagosan felszerelhet\u0151 homlokzati megold\u00e1sokig.\" \/>\n<meta name=\"robots\" content=\"index, follow, max-snippet:-1, max-image-preview:large, max-video-preview:-1\" \/>\n<link rel=\"canonical\" href=\"https:\/\/nevask.eu\/hu\/kulteri-zsaluzia-neva\/kulteri-zsaluziak-szerelesenek-modjai\/\" \/>\n<meta property=\"og:locale\" content=\"hu_HU\" \/>\n<meta property=\"og:type\" content=\"article\" \/>\n<meta property=\"og:title\" content=\"K\u00fclt\u00e9ri zsaluzi\u00e1k szerel\u00e9s\u00e9nek m\u00f3djai - NEVA | nevask.eu\" \/>\n<meta property=\"og:description\" content=\"A 9 szeml\u00e9letes \u00e1br\u00e1nak k\u00f6sz\u00f6nhet\u0151en k\u00f6nnyen megtudhatja, melyik szerel\u00e9si m\u00f3d a legmegfelel\u0151bb az \u00d6n h\u00e1z\u00e1hoz vagy lak\u00e1s\u00e1hoz \u2013 a vakolhat\u00f3 tokos zsal\u00fazi\u00e1kt\u00f3l eg\u00e9szen az ut\u00f3lagosan felszerelhet\u0151 homlokzati megold\u00e1sokig.\" \/>\n<meta property=\"og:url\" content=\"https:\/\/nevask.eu\/hu\/kulteri-zsaluzia-neva\/kulteri-zsaluziak-szerelesenek-modjai\/\" \/>\n<meta property=\"og:site_name\" content=\"NEVA\" \/>\n<meta property=\"article:modified_time\" content=\"2025-09-11T09:38:09+00:00\" \/>\n<meta name=\"twitter:card\" content=\"summary_large_image\" \/>\n<meta name=\"twitter:label1\" content=\"Becs\u00fclt olvas\u00e1si id\u0151\" \/>\n\t<meta name=\"twitter:data1\" content=\"3 perc\" \/>\n<!-- \/ Yoast SEO plugin. -->","yoast_head_json":{"title":"K\u00fclt\u00e9ri zsaluzi\u00e1k szerel\u00e9s\u00e9nek m\u00f3djai - NEVA | nevask.eu","description":"A 9 szeml\u00e9letes \u00e1br\u00e1nak k\u00f6sz\u00f6nhet\u0151en k\u00f6nnyen megtudhatja, melyik szerel\u00e9si m\u00f3d a legmegfelel\u0151bb az \u00d6n h\u00e1z\u00e1hoz vagy lak\u00e1s\u00e1hoz \u2013 a vakolhat\u00f3 tokos zsal\u00fazi\u00e1kt\u00f3l eg\u00e9szen az ut\u00f3lagosan felszerelhet\u0151 homlokzati megold\u00e1sokig.","robots":{"index":"index","follow":"follow","max-snippet":"max-snippet:-1","max-image-preview":"max-image-preview:large","max-video-preview":"max-video-preview:-1"},"canonical":"https:\/\/nevask.eu\/hu\/kulteri-zsaluzia-neva\/kulteri-zsaluziak-szerelesenek-modjai\/","og_locale":"hu_HU","og_type":"article","og_title":"K\u00fclt\u00e9ri zsaluzi\u00e1k szerel\u00e9s\u00e9nek m\u00f3djai - NEVA | nevask.eu","og_description":"A 9 szeml\u00e9letes \u00e1br\u00e1nak k\u00f6sz\u00f6nhet\u0151en k\u00f6nnyen megtudhatja, melyik szerel\u00e9si m\u00f3d a legmegfelel\u0151bb az \u00d6n h\u00e1z\u00e1hoz vagy lak\u00e1s\u00e1hoz \u2013 a vakolhat\u00f3 tokos zsal\u00fazi\u00e1kt\u00f3l eg\u00e9szen az ut\u00f3lagosan felszerelhet\u0151 homlokzati megold\u00e1sokig.","og_url":"https:\/\/nevask.eu\/hu\/kulteri-zsaluzia-neva\/kulteri-zsaluziak-szerelesenek-modjai\/","og_site_name":"NEVA","article_modified_time":"2025-09-11T09:38:09+00:00","twitter_card":"summary_large_image","twitter_misc":{"Becs\u00fclt olvas\u00e1si id\u0151":"3 perc"},"schema":{"@context":"https:\/\/schema.org","@graph":[{"@type":"WebPage","@id":"https:\/\/nevask.eu\/hu\/kulteri-zsaluzia-neva\/kulteri-zsaluziak-szerelesenek-modjai\/","url":"https:\/\/nevask.eu\/hu\/kulteri-zsaluzia-neva\/kulteri-zsaluziak-szerelesenek-modjai\/","name":"K\u00fclt\u00e9ri zsaluzi\u00e1k szerel\u00e9s\u00e9nek m\u00f3djai - NEVA | nevask.eu","isPartOf":{"@id":"https:\/\/nevask.eu\/hu\/#website"},"datePublished":"2025-07-10T07:47:07+00:00","dateModified":"2025-09-11T09:38:09+00:00","description":"A 9 szeml\u00e9letes \u00e1br\u00e1nak k\u00f6sz\u00f6nhet\u0151en k\u00f6nnyen megtudhatja, melyik szerel\u00e9si m\u00f3d a legmegfelel\u0151bb az \u00d6n h\u00e1z\u00e1hoz vagy lak\u00e1s\u00e1hoz \u2013 a vakolhat\u00f3 tokos zsal\u00fazi\u00e1kt\u00f3l eg\u00e9szen az ut\u00f3lagosan felszerelhet\u0151 homlokzati megold\u00e1sokig.","breadcrumb":{"@id":"https:\/\/nevask.eu\/hu\/kulteri-zsaluzia-neva\/kulteri-zsaluziak-szerelesenek-modjai\/#breadcrumb"},"inLanguage":"hu","potentialAction":[{"@type":"ReadAction","target":["https:\/\/nevask.eu\/hu\/kulteri-zsaluzia-neva\/kulteri-zsaluziak-szerelesenek-modjai\/"]}]},{"@type":"BreadcrumbList","@id":"https:\/\/nevask.eu\/hu\/kulteri-zsaluzia-neva\/kulteri-zsaluziak-szerelesenek-modjai\/#breadcrumb","itemListElement":[{"@type":"ListItem","position":1,"name":"Home","item":"https:\/\/nevask.eu\/hu\/"},{"@type":"ListItem","position":2,"name":"K\u00fclt\u00e9ri zsaluzia NEVA","item":"https:\/\/nevask.eu\/hu\/kulteri-zsaluzia-neva\/"},{"@type":"ListItem","position":3,"name":"K\u00fclt\u00e9ri zsaluzi\u00e1k szerel\u00e9s\u00e9nek m\u00f3djai"}]},{"@type":"WebSite","@id":"https:\/\/nevask.eu\/hu\/#website","url":"https:\/\/nevask.eu\/hu\/","name":"NEVA","description":"Vonkaj\u0161ie \u017eal\u00fazie a screenov\u00e9 rolety","potentialAction":[{"@type":"SearchAction","target":{"@type":"EntryPoint","urlTemplate":"https:\/\/nevask.eu\/hu\/?s={search_term_string}"},"query-input":{"@type":"PropertyValueSpecification","valueRequired":true,"valueName":"search_term_string"}}],"inLanguage":"hu"}]}},"_links":{"self":[{"href":"https:\/\/nevask.eu\/hu\/wp-json\/wp\/v2\/pages\/7945","targetHints":{"allow":["GET"]}}],"collection":[{"href":"https:\/\/nevask.eu\/hu\/wp-json\/wp\/v2\/pages"}],"about":[{"href":"https:\/\/nevask.eu\/hu\/wp-json\/wp\/v2\/types\/page"}],"author":[{"embeddable":true,"href":"https:\/\/nevask.eu\/hu\/wp-json\/wp\/v2\/users\/52"}],"replies":[{"embeddable":true,"href":"https:\/\/nevask.eu\/hu\/wp-json\/wp\/v2\/comments?post=7945"}],"version-history":[{"count":6,"href":"https:\/\/nevask.eu\/hu\/wp-json\/wp\/v2\/pages\/7945\/revisions"}],"predecessor-version":[{"id":10206,"href":"https:\/\/nevask.eu\/hu\/wp-json\/wp\/v2\/pages\/7945\/revisions\/10206"}],"up":[{"embeddable":true,"href":"https:\/\/nevask.eu\/hu\/wp-json\/wp\/v2\/pages\/6494"}],"wp:attachment":[{"href":"https:\/\/nevask.eu\/hu\/wp-json\/wp\/v2\/media?parent=7945"}],"curies":[{"name":"wp","href":"https:\/\/api.w.org\/{rel}","templated":true}]}}