{"id":8005,"date":"2025-07-10T14:43:39","date_gmt":"2025-07-10T12:43:39","guid":{"rendered":"https:\/\/nevask.eu\/?page_id=8005"},"modified":"2026-03-17T12:39:19","modified_gmt":"2026-03-17T11:39:19","slug":"homlokzati-zsaluzia","status":"publish","type":"page","link":"https:\/\/nevask.eu\/hu\/kulteri-zsaluzia-neva\/homlokzati-zsaluzia\/","title":{"rendered":"Homlokzati zsaluzia"},"content":{"rendered":"\n\n\n\n\n\n<div class=\"section narrow white\">\n\t<div class=\"container\">\n\t\t<div class=\"cell\">\n\t\t\t<ul class=\"breadcrumbs\">\n\t\t\t\t<li><a href=\"https:\/\/nevask.eu\/hu\/\">Home<\/a><\/li>\n\n\t\t\t\t\n\t\t\t<\/ul>\n\t\t<\/div>\n\t<\/div>\n<\/div>\n\n\n\n\n\n<div  class=\"section white\">\n\t<div class=\"container\">\n\t\t<div class=\"cell image h420\">\n\n\t\t\t\t\t\t\t<img decoding=\"async\" src=\"https:\/\/nevask.eu\/wp-content\/uploads\/2025\/07\/Fasadny-zaluziovy-system-NEVA-Lasram-hala-scaled.jpg.webp\" alt=\"Fas\u00e1dny \u017eal\u00faziov\u00fd syst\u00e9m - referencia Hala Lasram \">\n\t\t\t\n\t\t<\/div>\n\t<\/div>\n<\/div>\n\n\n\n\n\n\n\n\n<div  class=\"section white\">\n\t<div class=\"container cols-80p-20p\">\n\n\t\t\n\n\n\t\t<div class=\"cell\">\n\n\t\t\t<h1 class=\"u-text u-text-default-xxl u-text-palette-2-base u-text-1\">NEVA homlokzati zsaluzia<\/h1>\n<p class=\"p-large\">Ha <a href=\"https:\/\/nevask.eu\/hu\/kulteri-zsaluzia-neva\/\">k\u00fclt\u00e9ri zsaluzi\u00e1kat<\/a> k\u00e9sz homlokzatra k\u00edv\u00e1n felszerelni, a homlokzati zsaluzi\u00e1k jelentenek ide\u00e1lis m\u0171szaki megold\u00e1st.<\/p>\n<p>Ezeket \u00f6nhord\u00f3 tokkal \u00e9s massz\u00edv vezet\u0151profilokkal sz\u00e1ll\u00edtjuk. Elegend\u0151, ha a szerel\u0151k, a vezet\u0151profilok speci\u00e1lis tart\u00f3konzoljai seg\u00edts\u00e9g\u00e9vel a falhoz r\u00f6gz\u00edtik a zsaluzi\u00e1t.<\/p>\n<p>A homlokzati zsaluzi\u00e1t sz\u00f6gletes v\u00e1ltozatban gy\u00e1rtjuk.<\/p>\n<p>Azzal, hogy a homlokzati zsaluzi\u00e1k el\u0151t\u00e9tk\u00e9nt ki\u00e1llnak az \u00e9p\u00fcletb\u0151l, kiemelik az \u00e9p\u00fclet homlokzat\u00e1t, fokozz\u00e1k az \u00e9p\u00fclet k\u00fcls\u0151 megjelen\u00e9s\u00e9nek az eszt\u00e9tik\u00e1j\u00e1t, \u00e9s megakad\u00e1lyozz\u00e1k a h\u0151h\u00edd k\u00e9pz\u0151d\u00e9s\u00e9t.<\/p>\n\n\t\t\t\n\t\t<\/div>\n\n\n\n\t\t\n\t<\/div>\n<\/div>\n\n\n\n\n\n<div  class=\"section white\">\n\t<div class=\"container product-gallery slider-mobile\">\n\n\t\t\n\t\t\t\n\t\t\t\t<a class=\"cell\" href=\"https:\/\/nevask.eu\/wp-content\/uploads\/2025\/07\/Render-NEVA-Z-90-fasadny-system-WM_stvorec-copy.jpg.webp\">\n\t\t\t\t\t<img decoding=\"async\" class=\"ratio-1x1\" src=\"https:\/\/nevask.eu\/wp-content\/uploads\/2025\/07\/Render-NEVA-Z-90-fasadny-system-WM_stvorec-copy-1024x1024.jpg\" alt=\"Fas\u00e1dny \u017eal\u00faziov\u00fd syst\u00e9m NEVA - render \u0161tvorec\">\n\t\t\t\t<\/a>\n\n\t\t\t\n\t\t\t\t<a class=\"cell\" href=\"https:\/\/nevask.eu\/wp-content\/uploads\/2025\/07\/neva-fasadni-system-hranata-varianta-1-removebg-preview.png.webp\">\n\t\t\t\t\t<img decoding=\"async\" class=\"ratio-1x1\" src=\"https:\/\/nevask.eu\/wp-content\/uploads\/2025\/07\/neva-fasadni-system-hranata-varianta-1-removebg-preview.png.webp\" alt=\"\">\n\t\t\t\t<\/a>\n\n\t\t\t\n\t\t\t\t<a class=\"cell\" href=\"https:\/\/nevask.eu\/wp-content\/uploads\/2025\/07\/neva-fasadni-system-hranata-varianta-3.jpg.webp\">\n\t\t\t\t\t<img decoding=\"async\" class=\"ratio-1x1\" src=\"https:\/\/nevask.eu\/wp-content\/uploads\/2025\/07\/neva-fasadni-system-hranata-varianta-3.jpg.webp\" alt=\"\">\n\t\t\t\t<\/a>\n\n\t\t\t\n\t\t\t\t<a class=\"cell\" href=\"https:\/\/nevask.eu\/wp-content\/uploads\/2025\/07\/neva-fasadni-system-hranata-varianta-4.jpg.webp\">\n\t\t\t\t\t<img decoding=\"async\" class=\"ratio-1x1\" src=\"https:\/\/nevask.eu\/wp-content\/uploads\/2025\/07\/neva-fasadni-system-hranata-varianta-4.jpg.webp\" alt=\"\">\n\t\t\t\t<\/a>\n\n\t\t\t\n\t\t\n\t<\/div>\n<\/div>\n\n\n\n\n\n<div  class=\"section tint\">\n\t<div class=\"container full left\">\n\t\t<div class=\"cell\">\n\t\t\t<p>A homlokzati rendszerben csak motoros zsaluzi\u00e1k haszn\u00e1lhat\u00f3k.<\/p>\n<p>A t\u00e1vir\u00e1ny\u00edt\u00f3val val\u00f3 k\u00e9nyelmes vez\u00e9rl\u00e9sen k\u00edv\u00fcl m\u00e9g nagyobb k\u00e9nyelmet \u00e9rhet el.<\/p>\n<p>Csup\u00e1n annyit kell tennie, hogy csatlakoztatja a zsaluzi\u00e1kat egy <a href=\"https:\/\/nevask.eu\/hu\/okosotthon-vezerles\/\">okosotthonhoz<\/a>, \u00e9s haszn\u00e1lja a napra \u00e9s a sz\u00e9lre reag\u00e1l\u00f3 \u00e9rz\u00e9kel\u0151ket.<\/p>\n\t\t<\/div>\n\t<\/div>\n<\/div>\n\n\n\n\n\n<div  class=\"section white\">\n\n\t\n\t\t<div class=\"container intro\">\n\t\t\t<div class=\"cell\">\n\t\t\t\t<h2>NEVA homlokzati zsaluzi\u00e1k el\u0151nyei<\/h2>\n\t\t\t<\/div>\n\t\t<\/div>\n\n\t\n\n\n\t\n\t<div class=\"container cols-33p text-blocks\" style=\"\">\n\n\t\t\n\t\t\t\n\t\t\t\t\n\t\t\t\t<div class=\"cell\" style=\"\">\n\n\t\t\t\t\t\n\t\t\t\t\t\t<div class=\"icon-title\">\n\n\t\t\t\t\t\t\t\t\t\t\t\t\t\t\t<img decoding=\"async\" src=\"https:\/\/nevask.eu\/wp-content\/uploads\/2025\/07\/ikona-neva-rychla-montaz.png.webp\" alt=\"piktogram \u010das\">\n\t\t\t\t\t\t\t\n\t\t\t\t\t\t\t\t\t\t\t\t\t\t\t<h3 class=\"h5\"> Gyors telep\u00edt\u00e9s<\/h3>\n\t\t\t\t\t\t\t\n\t\t\t\t\t\t<\/div>\n\n\t\t\t\t\t\n\n\n\t\t\t\t\t<p>Az \u00f6nhord\u00f3 rendszer id\u0151t \u00e9s szerel\u00e9si k\u00f6lts\u00e9geket takar\u00edt meg. Mivel a zsal\u00fazi\u00e1val egy egys\u00e9get k\u00e9pez, az \u00e9p\u00edtkez\u00e9sen nem kell \u00f6ssze\u00e1ll\u00edtani, azonnal r\u00f6gz\u00edthet\u0151.<\/p>\n\n\t\t\t\t<\/div>\n\t\t\t\n\t\t\t\t\n\t\t\t\t<div class=\"cell\" style=\"\">\n\n\t\t\t\t\t\n\t\t\t\t\t\t<div class=\"icon-title\">\n\n\t\t\t\t\t\t\t\t\t\t\t\t\t\t\t<img decoding=\"async\" src=\"https:\/\/nevask.eu\/wp-content\/uploads\/2025\/07\/ikona-neva-univerzalne-riesenie.png.webp\" alt=\"piktogram smart rie\u0161enie univerz\u00e1lne\">\n\t\t\t\t\t\t\t\n\t\t\t\t\t\t\t\t\t\t\t\t\t\t\t<h3 class=\"h5\">Univerz\u00e1lis megold\u00e1s<\/h3>\n\t\t\t\t\t\t\t\n\t\t\t\t\t\t<\/div>\n\n\t\t\t\t\t\n\n\n\t\t\t\t\t<div class=\"u-align-justify u-container-style u-layout-cell u-size-20 u-layout-cell-2\">\n<div class=\"u-container-layout u-container-layout-2\">\n<p class=\"u-text u-text-4\">Univerz\u00e1lis, a legt\u00f6bb <a href=\"https:\/\/nevask.eu\/hu\/kulteri-zsaluzia-neva\/\">zsal\u00fazi\u00e1hoz<\/a> alkalmazhat\u00f3 megold\u00e1s.<\/p>\n<\/div>\n<\/div>\n\n\t\t\t\t<\/div>\n\t\t\t\n\t\t\t\t\n\t\t\t\t<div class=\"cell\" style=\"\">\n\n\t\t\t\t\t\n\t\t\t\t\t\t<div class=\"icon-title\">\n\n\t\t\t\t\t\t\t\t\t\t\t\t\t\t\t<img decoding=\"async\" src=\"https:\/\/nevask.eu\/wp-content\/uploads\/2025\/07\/ikona-neva-stylovy-architektonicky-prvok-1.png.webp\" alt=\"piktogram architektonick\u00fd \u0161t\u00fdl\">\n\t\t\t\t\t\t\t\n\t\t\t\t\t\t\t\t\t\t\t\t\t\t\t<h3 class=\"h5\">\u00c9p\u00edt\u00e9szetileg \u00e9rdekes<\/h3>\n\t\t\t\t\t\t\t\n\t\t\t\t\t\t<\/div>\n\n\t\t\t\t\t\n\n\n\t\t\t\t\t<section id=\"sec-2eee\" class=\"u-clearfix u-section-4\">\n<div class=\"u-clearfix u-sheet u-valign-middle-lg u-valign-middle-md u-valign-middle-sm u-valign-middle-xl u-valign-middle-xxl u-sheet-1\">\n<div class=\"data-layout-selected u-clearfix u-expanded-width u-layout-wrap u-layout-wrap-1\">\n<div class=\"u-layout\">\n<div class=\"u-layout-row\">\n<div class=\"u-container-style u-layout-cell u-right-cell u-size-20 u-layout-cell-3\">\n<div class=\"u-container-layout u-container-layout-3\">\n<p class=\"u-align-justify u-text u-text-6\">Mindk\u00e9t v\u00e1ltozat \u00e9rdekes lehet\u0151s\u00e9geket k\u00edn\u00e1l az \u00e9p\u00edt\u00e9szek sz\u00e1m\u00e1ra.<\/p>\n<\/div>\n<\/div>\n<\/div>\n<\/div>\n<\/div>\n<\/div>\n<\/section>\n\n\t\t\t\t<\/div>\n\t\t\t\n\t\t\n\t<\/div>\n\n\n\n\t\n\t\t<div class=\"container outro center\">\n\t\t\t<div class=\"cell\">\n\n\t\t\t\t\n\t\t\t\t\t\t\t\t\t<a href=\"https:\/\/nevask.eu\/hu\/arajanlat\/arajanlat-kulteri-zsaluzia\/\" target=\"\" class=\"button\">\u00c1raj\u00e1nlat<\/a>\n\t\t\t\t\n\t\t\t<\/div>\n\t\t<\/div>\n\n\t\n<\/div>\n\n\n\n\n\n\n\n\n<div  class=\"section white\">\n\n\t\n\t\t<div class=\"container intro\">\n\t\t\t<div class=\"cell\">\n\t\t\t\t<h2>NEVA homlokzati zsaluzia &#8211; m\u0171szaki param\u00e9terek<\/h2>\n\t\t\t<\/div>\n\t\t<\/div>\n\n\t\n\n\n\t<div class=\"container cols-40p-60p\">\n\n\t\t\n\t\t\t<div class=\"cell\">\n\n\t\t\t\t\n\n\n\t\t\t\t\n\t\t\t\t\t\t\t\t\t\t\t\t\t<img decoding=\"async\" src=\"https:\/\/nevask.eu\/wp-content\/uploads\/2025\/07\/Fasadny-system-NEVA-schema-rez-e1752581201127.png\" alt=\"Fas\u00e1dny syst\u00e9m NEVA - rez k\u00f3ty\">\n\t\t\t\t\t\t\n\t\t\t\t\t\t\n\t\t\t<\/div>\n\n\t\t\n\t\t\t<div class=\"cell\">\n\n\t\t\t\t\n\n\n\t\t\t\t<div class=\"table-wrapper\"><div class=\"table-wrapper\"><table class=\"nowrap\">\n<tbody>\n<tr>\n<th colspan=\"3\">Jelmagyar\u00e1zat a rajzhoz<\/th>\n<\/tr>\n<tr>\n<td>1<\/td>\n<td>Zsaluzia magass\u00e1ga (mm)<\/td>\n<td>500-4000<\/td>\n<\/tr>\n<tr>\n<td>2<\/td>\n<td>Takar\u00f3lemezes magass\u00e1ga (mm)<\/td>\n<td>230 (310)<\/td>\n<\/tr>\n<tr>\n<td>3<\/td>\n<td>\u200bTakar\u00f3lemezes sz\u00e9less\u00e9ge\u00a0 (mm)<\/td>\n<td>170<\/td>\n<\/tr>\n<tr>\n<td>4<\/td>\n<td>A homlokzatt\u00f3l m\u00e9rt t\u00e1vols\u00e1g (mm)<\/td>\n<td>kb 20<\/td>\n<\/tr>\n<\/tbody>\n<\/table><\/div><\/div>\n<p>&nbsp;<\/p>\n<div class=\"table-wrapper\"><div class=\"table-wrapper\"><table class=\"nowrap\">\n<tbody>\n<tr>\n<th>NEVA homlokzati zsaluzia<\/th>\n<th>Motor<\/th>\n<\/tr>\n<tr>\n<td>Zsaluzia sz\u00e9less\u00e9ge (mm)<\/td>\n<td>600 \u2013 3950<\/td>\n<\/tr>\n<tr>\n<td>Zsaluzia magass\u00e1ga (mm)<\/td>\n<td>500 \u2013 4000<\/td>\n<\/tr>\n<tr>\n<td>Zsaluzia maxim\u00e1lis fel\u00fclete (m2)<\/td>\n<td>11<\/td>\n<\/tr>\n<\/tbody>\n<\/table><\/div><\/div>\n\n\t\t\t<\/div>\n\n\t\t\n\t<\/div>\n<\/div>\n\n\n\n\n\n<div class=\"section white\">\n\t<div class=\"container\">\n\t\t<div class=\"cell\">\n\t\t\t<hr class=\"separator\">\n\t\t<\/div>\n\t<\/div>\n<\/div>\n\n\n\n\n\n\n\n\n<div  class=\"section dark\">\n\n\t\n\t\t\t<div class=\"container col-70p-center center\">\n\t\t\t\t<div class=\"cell\">\n\t\t\t\t\t\n\t\t\n\t\t\t\t\t<a href=\"https:\/\/nevask.eu\/hu\/kulteri-zsaluzia-neva\/kulteri-zsaluziak-szerelesenek-modjai\/\" target=\"\" class=\"button\">K\u00fclt\u00e9ri zsaluzi\u00e1k szerel\u00e9s\u00e9nek egy\u00e9b m\u00f3djai \u2192<\/a>\n\t\t\n\t\t\t\t\t\t<\/div>\n\t\t\t<\/div>\n\n\t\t\t\n<\/div>\n","protected":false},"excerpt":{"rendered":"","protected":false},"author":52,"featured_media":0,"parent":6494,"menu_order":0,"comment_status":"closed","ping_status":"closed","template":"","meta":{"_acf_changed":false,"inline_featured_image":false,"footnotes":""},"class_list":["post-8005","page","type-page","status-publish","hentry"],"acf":[],"yoast_head":"<!-- This site is optimized with the Yoast SEO plugin v27.5 - https:\/\/yoast.com\/product\/yoast-seo-wordpress\/ -->\n<title>Homlokzati rendszer - NEVA homlokzati zsaluzi\u00e1k | nevask.eu<\/title>\n<meta name=\"description\" content=\"A homlokzati rendszer ide\u00e1lis megold\u00e1s k\u00fclt\u00e9ri zsaluzi\u00e1k k\u00e9sz homlokzatra t\u00f6rt\u00e9n\u0151 szerel\u00e9s\u00e9hez. Felszerel\u00e9se speci\u00e1lis vezet\u0151profil tart\u00f3konzolok seg\u00edts\u00e9g\u00e9vel t\u00f6rt\u00e9nik.\" \/>\n<meta name=\"robots\" content=\"index, follow, max-snippet:-1, max-image-preview:large, max-video-preview:-1\" \/>\n<link rel=\"canonical\" href=\"https:\/\/nevask.eu\/hu\/kulteri-zsaluzia-neva\/homlokzati-zsaluzia\/\" \/>\n<meta property=\"og:locale\" content=\"hu_HU\" \/>\n<meta property=\"og:type\" content=\"article\" \/>\n<meta property=\"og:title\" content=\"Homlokzati rendszer - NEVA homlokzati zsaluzi\u00e1k | nevask.eu\" \/>\n<meta property=\"og:description\" content=\"A homlokzati rendszer ide\u00e1lis megold\u00e1s k\u00fclt\u00e9ri zsaluzi\u00e1k k\u00e9sz homlokzatra t\u00f6rt\u00e9n\u0151 szerel\u00e9s\u00e9hez. Felszerel\u00e9se speci\u00e1lis vezet\u0151profil tart\u00f3konzolok seg\u00edts\u00e9g\u00e9vel t\u00f6rt\u00e9nik.\" \/>\n<meta property=\"og:url\" content=\"https:\/\/nevask.eu\/hu\/kulteri-zsaluzia-neva\/homlokzati-zsaluzia\/\" \/>\n<meta property=\"og:site_name\" content=\"NEVA\" \/>\n<meta property=\"article:modified_time\" content=\"2026-03-17T11:39:19+00:00\" \/>\n<meta name=\"twitter:card\" content=\"summary_large_image\" \/>\n<meta name=\"twitter:label1\" content=\"Becs\u00fclt olvas\u00e1si id\u0151\" \/>\n\t<meta name=\"twitter:data1\" content=\"3 perc\" \/>\n<!-- \/ Yoast SEO plugin. -->","yoast_head_json":{"title":"Homlokzati rendszer - NEVA homlokzati zsaluzi\u00e1k | nevask.eu","description":"A homlokzati rendszer ide\u00e1lis megold\u00e1s k\u00fclt\u00e9ri zsaluzi\u00e1k k\u00e9sz homlokzatra t\u00f6rt\u00e9n\u0151 szerel\u00e9s\u00e9hez. Felszerel\u00e9se speci\u00e1lis vezet\u0151profil tart\u00f3konzolok seg\u00edts\u00e9g\u00e9vel t\u00f6rt\u00e9nik.","robots":{"index":"index","follow":"follow","max-snippet":"max-snippet:-1","max-image-preview":"max-image-preview:large","max-video-preview":"max-video-preview:-1"},"canonical":"https:\/\/nevask.eu\/hu\/kulteri-zsaluzia-neva\/homlokzati-zsaluzia\/","og_locale":"hu_HU","og_type":"article","og_title":"Homlokzati rendszer - NEVA homlokzati zsaluzi\u00e1k | nevask.eu","og_description":"A homlokzati rendszer ide\u00e1lis megold\u00e1s k\u00fclt\u00e9ri zsaluzi\u00e1k k\u00e9sz homlokzatra t\u00f6rt\u00e9n\u0151 szerel\u00e9s\u00e9hez. Felszerel\u00e9se speci\u00e1lis vezet\u0151profil tart\u00f3konzolok seg\u00edts\u00e9g\u00e9vel t\u00f6rt\u00e9nik.","og_url":"https:\/\/nevask.eu\/hu\/kulteri-zsaluzia-neva\/homlokzati-zsaluzia\/","og_site_name":"NEVA","article_modified_time":"2026-03-17T11:39:19+00:00","twitter_card":"summary_large_image","twitter_misc":{"Becs\u00fclt olvas\u00e1si id\u0151":"3 perc"},"schema":{"@context":"https:\/\/schema.org","@graph":[{"@type":"WebPage","@id":"https:\/\/nevask.eu\/hu\/kulteri-zsaluzia-neva\/homlokzati-zsaluzia\/","url":"https:\/\/nevask.eu\/hu\/kulteri-zsaluzia-neva\/homlokzati-zsaluzia\/","name":"Homlokzati rendszer - NEVA homlokzati zsaluzi\u00e1k | nevask.eu","isPartOf":{"@id":"https:\/\/nevask.eu\/hu\/#website"},"datePublished":"2025-07-10T12:43:39+00:00","dateModified":"2026-03-17T11:39:19+00:00","description":"A homlokzati rendszer ide\u00e1lis megold\u00e1s k\u00fclt\u00e9ri zsaluzi\u00e1k k\u00e9sz homlokzatra t\u00f6rt\u00e9n\u0151 szerel\u00e9s\u00e9hez. Felszerel\u00e9se speci\u00e1lis vezet\u0151profil tart\u00f3konzolok seg\u00edts\u00e9g\u00e9vel t\u00f6rt\u00e9nik.","breadcrumb":{"@id":"https:\/\/nevask.eu\/hu\/kulteri-zsaluzia-neva\/homlokzati-zsaluzia\/#breadcrumb"},"inLanguage":"hu","potentialAction":[{"@type":"ReadAction","target":["https:\/\/nevask.eu\/hu\/kulteri-zsaluzia-neva\/homlokzati-zsaluzia\/"]}]},{"@type":"BreadcrumbList","@id":"https:\/\/nevask.eu\/hu\/kulteri-zsaluzia-neva\/homlokzati-zsaluzia\/#breadcrumb","itemListElement":[{"@type":"ListItem","position":1,"name":"Home","item":"https:\/\/nevask.eu\/hu\/"},{"@type":"ListItem","position":2,"name":"K\u00fclt\u00e9ri zsaluzia NEVA","item":"https:\/\/nevask.eu\/hu\/kulteri-zsaluzia-neva\/"},{"@type":"ListItem","position":3,"name":"Homlokzati zsaluzia"}]},{"@type":"WebSite","@id":"https:\/\/nevask.eu\/hu\/#website","url":"https:\/\/nevask.eu\/hu\/","name":"NEVA","description":"Vonkaj\u0161ie \u017eal\u00fazie a screenov\u00e9 rolety","potentialAction":[{"@type":"SearchAction","target":{"@type":"EntryPoint","urlTemplate":"https:\/\/nevask.eu\/hu\/?s={search_term_string}"},"query-input":{"@type":"PropertyValueSpecification","valueRequired":true,"valueName":"search_term_string"}}],"inLanguage":"hu"}]}},"_links":{"self":[{"href":"https:\/\/nevask.eu\/hu\/wp-json\/wp\/v2\/pages\/8005","targetHints":{"allow":["GET"]}}],"collection":[{"href":"https:\/\/nevask.eu\/hu\/wp-json\/wp\/v2\/pages"}],"about":[{"href":"https:\/\/nevask.eu\/hu\/wp-json\/wp\/v2\/types\/page"}],"author":[{"embeddable":true,"href":"https:\/\/nevask.eu\/hu\/wp-json\/wp\/v2\/users\/52"}],"replies":[{"embeddable":true,"href":"https:\/\/nevask.eu\/hu\/wp-json\/wp\/v2\/comments?post=8005"}],"version-history":[{"count":7,"href":"https:\/\/nevask.eu\/hu\/wp-json\/wp\/v2\/pages\/8005\/revisions"}],"predecessor-version":[{"id":12922,"href":"https:\/\/nevask.eu\/hu\/wp-json\/wp\/v2\/pages\/8005\/revisions\/12922"}],"up":[{"embeddable":true,"href":"https:\/\/nevask.eu\/hu\/wp-json\/wp\/v2\/pages\/6494"}],"wp:attachment":[{"href":"https:\/\/nevask.eu\/hu\/wp-json\/wp\/v2\/media?parent=8005"}],"curies":[{"name":"wp","href":"https:\/\/api.w.org\/{rel}","templated":true}]}}