{"id":8010,"date":"2025-07-25T14:33:15","date_gmt":"2025-07-25T12:33:15","guid":{"rendered":"https:\/\/nevask.eu\/?page_id=8010"},"modified":"2025-09-10T13:48:39","modified_gmt":"2025-09-10T11:48:39","slug":"iso-panel-lapok","status":"publish","type":"page","link":"https:\/\/nevask.eu\/hu\/kulteri-zsaluzia-neva\/iso-panel-lapok\/","title":{"rendered":"ISO-PANEL lapok"},"content":{"rendered":"\n\n\n\n\n\n<div class=\"section narrow white\">\n\t<div class=\"container\">\n\t\t<div class=\"cell\">\n\t\t\t<ul class=\"breadcrumbs\">\n\t\t\t\t<li><a href=\"https:\/\/nevask.eu\/hu\/\">Home<\/a><\/li>\n\n\t\t\t\t\n\t\t\t<\/ul>\n\t\t<\/div>\n\t<\/div>\n<\/div>\n\n\n\n\n\n\n\n\n<div  class=\"section white\">\n\t<div class=\"container cols-50p\">\n\n\t\t\n\n\n\t\t<div class=\"cell\">\n\n\t\t\t<h1>ISO-PANEL lapok<\/h1>\n<p class=\"p-large\">A lapok kieg\u00e9sz\u00edtik a <a href=\"https:\/\/nevask.eu\/hu\/kulteri-zsaluzia-neva\/iso-kastl-tok\/\">ISO-KASTL<\/a> tokokat a vezet\u0151s\u00ednek ablakk\u00e1v\u00e1ba val\u00f3 s\u00fcllyeszt\u00e9s\u00e9re.<\/p>\n<p>Az ISO-PANEL \u00fajrahasznos\u00edtott PET granul\u00e1tumb\u00f3l k\u00e9sz\u00fcl, \u00e9s amellett, hogy kiv\u00e1l\u00f3 h\u0151szigetel\u0151 tulajdons\u00e1gokkal rendelkezik, k\u00f6nnyen \u00fajrahasznos\u00edthat\u00f3.Az ISO-PANEL t\u00f6bbek k\u00f6z\u00f6tt magas nyom\u00f3szil\u00e1rds\u00e1g\u00fa tulajdons\u00e1gokkal rendelkezik, nem engedi \u00e1t a nedvess\u00e9get, ellen\u00e1ll a magas h\u0151m\u00e9rs\u00e9kletnek \u00e9s a\u00a0vegyszereknek. Tulajdons\u00e1gaiban fel\u00fclm\u00falja a Purenitet \u00e9s az XPS-t. Az ISO-PANEL \u00a0egyik nagy el\u0151nye az anyagnak a k\u00f6nny\u0171 kezel\u00e9se.Az \u200b\u00e9p\u00edtkez\u00e9sen\u00a0k\u00f6nnyed\u00e9n megmunk\u00e1lhatja egy t\u00f6r\u0151k\u00e9s seg\u00edts\u00e9g\u00e9vel \u00e9s a\u00a0hullad\u00e9kokat egy s\u00e1rga m\u00fcanyag hullad\u00e9kra sz\u00e1nt t\u00e1rol\u00f3ba dobja.<\/p>\n\n\t\t\t\n\t\t<\/div>\n\n\n\n\t\t\n\t\t\t<div class=\"cell center top\">\n\t\t\t\t<img decoding=\"async\" src=\"https:\/\/nevask.eu\/wp-content\/uploads\/2025\/07\/ISO-PANEL-dosky_detail_m-copy-1-1024x410.jpg\" alt=\"ISO-PANEL dosky - detail\">\n\t\t\t<\/div>\n\n\t\t\n\t<\/div>\n<\/div>\n\n\n\n\n\n<div  class=\"section tint\">\n\n\t\n\t\t<div class=\"container intro\">\n\t\t\t<div class=\"cell\">\n\t\t\t\t<h2>ISO-PANEL lapok el\u0151nyei<\/h2>\n\t\t\t<\/div>\n\t\t<\/div>\n\n\t\n\n\n\t\n\t<div class=\"container cols-33p text-blocks\" style=\"\">\n\n\t\t\n\t\t\t\n\t\t\t\t\n\t\t\t\t<div class=\"cell\" style=\"\">\n\n\t\t\t\t\t\n\t\t\t\t\t\t<div class=\"icon-title\">\n\n\t\t\t\t\t\t\t\t\t\t\t\t\t\t\t<img decoding=\"async\" src=\"https:\/\/nevask.eu\/wp-content\/uploads\/2025\/07\/ikona-neva-rychla-montaz.png.webp\" alt=\"piktogram \u010das\">\n\t\t\t\t\t\t\t\n\t\t\t\t\t\t\t\t\t\t\t\t\t\t\t<h3 class=\"h5\">Gyors telep\u00edt\u00e9s<\/h3>\n\t\t\t\t\t\t\t\n\t\t\t\t\t\t<\/div>\n\n\t\t\t\t\t\n\n\n\t\t\t\t\t<p>Gyorsan be\u00e9p\u00edthet\u0151 \u00e9s jelent\u0151sen meggyors\u00edtja a zsaluzi\u00e1k szerel\u00e9s\u00e9t. Mindenf\u00e9le \u00e9p\u00edt\u0151anyaghoz probl\u00e9mamentesen illeszkedik.<\/p>\n\n\t\t\t\t<\/div>\n\t\t\t\n\t\t\t\t\n\t\t\t\t<div class=\"cell\" style=\"\">\n\n\t\t\t\t\t\n\t\t\t\t\t\t<div class=\"icon-title\">\n\n\t\t\t\t\t\t\t\t\t\t\t\t\t\t\t<img decoding=\"async\" src=\"https:\/\/nevask.eu\/wp-content\/uploads\/2025\/07\/icon-dostanete-zaruku-navic-1-100x100-c-center.webp\" alt=\"palec hore\">\n\t\t\t\t\t\t\t\n\t\t\t\t\t\t\t\t\t\t\t\t\t\t\t<h3 class=\"h5\">Kiv\u00e1l\u00f3 az ellen\u00e1ll\u00f3 k\u00e9pess\u00e9ge<\/h3>\n\t\t\t\t\t\t\t\n\t\t\t\t\t\t<\/div>\n\n\t\t\t\t\t\n\n\n\t\t\t\t\t<p>A tok v\u00edz\u00e1ll\u00f3 \u00e9s t\u00e9rfogat\u00e1ll\u00f3. \u00dagy tervezt\u00e9k, hogy megakad\u00e1lyozza a h\u0151hidak kialakul\u00e1s\u00e1t \u00e9s biztos\u00edtsa a magas h\u0151szigetel\u00e9st.<\/p>\n\n\t\t\t\t<\/div>\n\t\t\t\n\t\t\t\t\n\t\t\t\t<div class=\"cell\" style=\"\">\n\n\t\t\t\t\t\n\t\t\t\t\t\t<div class=\"icon-title\">\n\n\t\t\t\t\t\t\t\t\t\t\t\t\t\t\t<img decoding=\"async\" src=\"https:\/\/nevask.eu\/wp-content\/uploads\/2025\/07\/620863-9e60d7b9.png.webp\" alt=\"Piktogram Ekol\u00f3gia\">\n\t\t\t\t\t\t\t\n\t\t\t\t\t\t\t\t\t\t\t\t\t\t\t<h3 class=\"h5\">\u00d6kol\u00f3giai megold\u00e1s<\/h3>\n\t\t\t\t\t\t\t\n\t\t\t\t\t\t<\/div>\n\n\t\t\t\t\t\n\n\n\t\t\t\t\t<p>Az ISO-PANEL \u00fajrahasznos\u00edtott PET granul\u00e1tumb\u00f3l k\u00e9sz\u00fcl, \u00e9s amellett, hogy kiv\u00e1l\u00f3 h\u0151szigetel\u0151 tulajdons\u00e1gokkal rendelkezik, k\u00f6nnyen \u00fajrahasznos\u00edthat\u00f3.<\/p>\n\n\t\t\t\t<\/div>\n\t\t\t\n\t\t\n\t<\/div>\n\n\n\n\t\n\t\t<div class=\"container outro center\">\n\t\t\t<div class=\"cell\">\n\n\t\t\t\t\n\t\t\t\t\t\t\t\t\t<a href=\"https:\/\/nevask.eu\/hu\/arajanlat\/arajanlat-kulteri-zsaluzia\/\" target=\"\" class=\"button\">\u00c1raj\u00e1nlat \u2192<\/a>\n\t\t\t\t\n\t\t\t<\/div>\n\t\t<\/div>\n\n\t\n<\/div>\n\n\n\n\n\n\n\n\n<div  class=\"section white\">\n\n\t\n\t\t<div class=\"container intro\">\n\t\t\t<div class=\"cell\">\n\t\t\t\t<h2>ISO-PANEL m\u0171szaki param\u00e9terek<\/h2>\n\t\t\t<\/div>\n\t\t<\/div>\n\n\t\n\n\n\t<div class=\"container cols-40p-60p\">\n\n\t\t\n\t\t\t<div class=\"cell\">\n\n\t\t\t\t\n\n\n\t\t\t\t\n\t\t\t\t\t\t\t\t\t\t\t\t\t<img decoding=\"async\" src=\"https:\/\/nevask.eu\/wp-content\/uploads\/2025\/07\/ISO-PANEL-b-e1753449942642.png\" alt=\"ISO-PANEL rez s k\u00f3tami\">\n\t\t\t\t\t\t\n\t\t\t\t\t\t\n\t\t\t<\/div>\n\n\t\t\n\t\t\t<div class=\"cell\">\n\n\t\t\t\t\n\n\n\t\t\t\t<div class=\"table-wrapper\"><div class=\"table-wrapper\"><table class=\"nowrap\">\n<tbody>\n<tr>\n<th colspan=\"3\">Jelmagyar\u00e1zat a rajzhoz<\/th>\n<\/tr>\n<tr>\n<td>1<\/td>\n<td>Maxim\u00e1lis sz\u00e9less\u00e9g (mm)<\/td>\n<td>350<\/td>\n<\/tr>\n<tr>\n<td>2<\/td>\n<td>Lap magass\u00e1ga (mm)<\/td>\n<td>30 + 5<\/td>\n<\/tr>\n<tr>\n<td>3<\/td>\n<td>Maxim\u00e1lis hossz (mm)<\/td>\n<td>5000<\/td>\n<\/tr>\n<\/tbody>\n<\/table><\/div><\/div>\n<p>&nbsp;<\/p>\n<p><span style=\"font-family: var(--neva-font-family); font-size: var(--neva-font-size-base);\">4\u00b0-os sz\u00f6gben t\u00f6rt\u00e9n\u0151 v\u00e1g\u00e1s lehet\u0151s\u00e9ge (csak atipikus megold\u00e1s)<\/span><\/p>\n\n\t\t\t<\/div>\n\n\t\t\n\t<\/div>\n<\/div>\n\n\n\n\n\n\n\n\n<div  class=\"section tint\">\n\t<div class=\"container cols-50p\">\n\n\t\t\n\t\t\t<div class=\"cell center vcenter\">\n\t\t\t\t<img decoding=\"async\" src=\"https:\/\/nevask.eu\/wp-content\/uploads\/2025\/07\/Zaluzie-NEVA-Z-90_ISO-KASTL-WMm-717x1024.jpg\" alt=\"Mont\u00e1\u017e \u017eal\u00fazi\u00ed pod omietku s ISO-KASTL so zateplen\u00edm\">\n\t\t\t<\/div>\n\n\t\t\n\n\n\t\t<div class=\"cell\">\n\n\t\t\t<h3>ISO-PANEL lapokkal kombin\u00e1lt zsaluzi\u00e1k be\u00e9p\u00edt\u00e9se<\/h3>\n<p>Vakolhat\u00f3 NEVA Z-90 k\u00fclt\u00e9ri zsaluzi\u00e1k szigetelt NEVA ISO-KASTL tokban \u00e9s ISO-PANEL lapokba s\u00fcllyesztett vezet\u0151s\u00ednekkel kombin\u00e1lva<\/p>\n\n\t\t\t\t\t\t\t<a href=\"https:\/\/nevask.eu\/vonkajsie-zaluzie-neva\/sposoby-montaze-vonkajsich-zaluzii\/\" target=\"\" class=\"button\">A NEVA zsaluzi\u00e1k szerel\u00e9s\u00e9nek egy\u00e9b m\u00f3djai \u2192<\/a>\n\t\t\t\n\t\t<\/div>\n\n\n\n\t\t\n\t<\/div>\n<\/div>\n\n\n\n\n\n<div  class=\"section dark\">\n\t<div class=\"container full left\">\n\t\t<div class=\"cell\">\n\t\t\t<p><img loading=\"lazy\" decoding=\"async\" class=\"alignnone wp-image-2093\" src=\"https:\/\/nevask.eu\/wp-content\/uploads\/2025\/07\/hash-nevapartner_4.png\" alt=\"hashtag nevapartner - modr\u00e9 na bielom\" width=\"223\" height=\"45\" srcset=\"https:\/\/nevask.eu\/wp-content\/uploads\/2025\/07\/hash-nevapartner_4.png 689w, https:\/\/nevask.eu\/wp-content\/uploads\/2025\/07\/hash-nevapartner_4-300x61.png 300w\" sizes=\"auto, (max-width: 223px) 100vw, 223px\" \/><\/p>\n<p class=\"p-large\">A <a href=\"https:\/\/nevask.eu\/hu\/neva-viszonteladok\/\">#nevapartner h\u00e1l\u00f3zatba<\/a> tartoz\u00f3 viszontelad\u00f3 \u00e9s telep\u00edt\u0151 partnereink k\u00e9szs\u00e9ggel \u00e1llnak rendelkez\u00e9s\u00e9re, amennyiben m\u0171szaki tan\u00e1csra, vagy term\u00e9kmint\u00e1kra van sz\u00fcks\u00e9ge a legmegfelel\u0151bb NEVA \u00e1rny\u00e9kol\u00f3 kiv\u00e1laszt\u00e1s\u00e1hoz. Ezut\u00e1n m\u00e1r csak egy l\u00e9p\u00e9sre van az <a href=\"https:\/\/nevask.eu\/hu\/arajanlat\/\">\u00e1raj\u00e1nlat<\/a> kidolgoz\u00e1s\u00e1t\u00f3l.<\/p>\n\t\t<\/div>\n\t<\/div>\n<\/div>\n","protected":false},"excerpt":{"rendered":"","protected":false},"author":52,"featured_media":0,"parent":6494,"menu_order":0,"comment_status":"closed","ping_status":"closed","template":"","meta":{"_acf_changed":false,"inline_featured_image":false,"footnotes":""},"class_list":["post-8010","page","type-page","status-publish","hentry"],"acf":[],"yoast_head":"<!-- This site is optimized with the Yoast SEO plugin v27.5 - https:\/\/yoast.com\/product\/yoast-seo-wordpress\/ -->\n<title>SO-PANEL lapok NEVA k\u00fclt\u00e9ri zsaluzi\u00e1khoz | nevask.eu<\/title>\n<meta name=\"description\" content=\"Az ISO PANEL t\u00e1bl\u00e1k kieg\u00e9sz\u00edtik az ISO-KASTL vakolhat\u00f3 tokot a rejtett vezet\u0151 profilok homlokzatba val\u00f3 \u00e1gyaz\u00e1s\u00e1hoz.\" \/>\n<meta name=\"robots\" content=\"index, follow, max-snippet:-1, max-image-preview:large, max-video-preview:-1\" \/>\n<link rel=\"canonical\" href=\"https:\/\/nevask.eu\/hu\/kulteri-zsaluzia-neva\/iso-panel-lapok\/\" \/>\n<meta property=\"og:locale\" content=\"hu_HU\" \/>\n<meta property=\"og:type\" content=\"article\" \/>\n<meta property=\"og:title\" content=\"SO-PANEL lapok NEVA k\u00fclt\u00e9ri zsaluzi\u00e1khoz | nevask.eu\" \/>\n<meta property=\"og:description\" content=\"Az ISO PANEL t\u00e1bl\u00e1k kieg\u00e9sz\u00edtik az ISO-KASTL vakolhat\u00f3 tokot a rejtett vezet\u0151 profilok homlokzatba val\u00f3 \u00e1gyaz\u00e1s\u00e1hoz.\" \/>\n<meta property=\"og:url\" content=\"https:\/\/nevask.eu\/hu\/kulteri-zsaluzia-neva\/iso-panel-lapok\/\" \/>\n<meta property=\"og:site_name\" content=\"NEVA\" \/>\n<meta property=\"article:modified_time\" content=\"2025-09-10T11:48:39+00:00\" \/>\n<meta name=\"twitter:card\" content=\"summary_large_image\" \/>\n<meta name=\"twitter:label1\" content=\"Becs\u00fclt olvas\u00e1si id\u0151\" \/>\n\t<meta name=\"twitter:data1\" content=\"3 perc\" \/>\n<!-- \/ Yoast SEO plugin. -->","yoast_head_json":{"title":"SO-PANEL lapok NEVA k\u00fclt\u00e9ri zsaluzi\u00e1khoz | nevask.eu","description":"Az ISO PANEL t\u00e1bl\u00e1k kieg\u00e9sz\u00edtik az ISO-KASTL vakolhat\u00f3 tokot a rejtett vezet\u0151 profilok homlokzatba val\u00f3 \u00e1gyaz\u00e1s\u00e1hoz.","robots":{"index":"index","follow":"follow","max-snippet":"max-snippet:-1","max-image-preview":"max-image-preview:large","max-video-preview":"max-video-preview:-1"},"canonical":"https:\/\/nevask.eu\/hu\/kulteri-zsaluzia-neva\/iso-panel-lapok\/","og_locale":"hu_HU","og_type":"article","og_title":"SO-PANEL lapok NEVA k\u00fclt\u00e9ri zsaluzi\u00e1khoz | nevask.eu","og_description":"Az ISO PANEL t\u00e1bl\u00e1k kieg\u00e9sz\u00edtik az ISO-KASTL vakolhat\u00f3 tokot a rejtett vezet\u0151 profilok homlokzatba val\u00f3 \u00e1gyaz\u00e1s\u00e1hoz.","og_url":"https:\/\/nevask.eu\/hu\/kulteri-zsaluzia-neva\/iso-panel-lapok\/","og_site_name":"NEVA","article_modified_time":"2025-09-10T11:48:39+00:00","twitter_card":"summary_large_image","twitter_misc":{"Becs\u00fclt olvas\u00e1si id\u0151":"3 perc"},"schema":{"@context":"https:\/\/schema.org","@graph":[{"@type":"WebPage","@id":"https:\/\/nevask.eu\/hu\/kulteri-zsaluzia-neva\/iso-panel-lapok\/","url":"https:\/\/nevask.eu\/hu\/kulteri-zsaluzia-neva\/iso-panel-lapok\/","name":"SO-PANEL lapok NEVA k\u00fclt\u00e9ri zsaluzi\u00e1khoz | nevask.eu","isPartOf":{"@id":"https:\/\/nevask.eu\/hu\/#website"},"datePublished":"2025-07-25T12:33:15+00:00","dateModified":"2025-09-10T11:48:39+00:00","description":"Az ISO PANEL t\u00e1bl\u00e1k kieg\u00e9sz\u00edtik az ISO-KASTL vakolhat\u00f3 tokot a rejtett vezet\u0151 profilok homlokzatba val\u00f3 \u00e1gyaz\u00e1s\u00e1hoz.","breadcrumb":{"@id":"https:\/\/nevask.eu\/hu\/kulteri-zsaluzia-neva\/iso-panel-lapok\/#breadcrumb"},"inLanguage":"hu","potentialAction":[{"@type":"ReadAction","target":["https:\/\/nevask.eu\/hu\/kulteri-zsaluzia-neva\/iso-panel-lapok\/"]}]},{"@type":"BreadcrumbList","@id":"https:\/\/nevask.eu\/hu\/kulteri-zsaluzia-neva\/iso-panel-lapok\/#breadcrumb","itemListElement":[{"@type":"ListItem","position":1,"name":"Home","item":"https:\/\/nevask.eu\/hu\/"},{"@type":"ListItem","position":2,"name":"K\u00fclt\u00e9ri zsaluzia NEVA","item":"https:\/\/nevask.eu\/hu\/kulteri-zsaluzia-neva\/"},{"@type":"ListItem","position":3,"name":"ISO-PANEL lapok"}]},{"@type":"WebSite","@id":"https:\/\/nevask.eu\/hu\/#website","url":"https:\/\/nevask.eu\/hu\/","name":"NEVA","description":"Vonkaj\u0161ie \u017eal\u00fazie a screenov\u00e9 rolety","potentialAction":[{"@type":"SearchAction","target":{"@type":"EntryPoint","urlTemplate":"https:\/\/nevask.eu\/hu\/?s={search_term_string}"},"query-input":{"@type":"PropertyValueSpecification","valueRequired":true,"valueName":"search_term_string"}}],"inLanguage":"hu"}]}},"_links":{"self":[{"href":"https:\/\/nevask.eu\/hu\/wp-json\/wp\/v2\/pages\/8010","targetHints":{"allow":["GET"]}}],"collection":[{"href":"https:\/\/nevask.eu\/hu\/wp-json\/wp\/v2\/pages"}],"about":[{"href":"https:\/\/nevask.eu\/hu\/wp-json\/wp\/v2\/types\/page"}],"author":[{"embeddable":true,"href":"https:\/\/nevask.eu\/hu\/wp-json\/wp\/v2\/users\/52"}],"replies":[{"embeddable":true,"href":"https:\/\/nevask.eu\/hu\/wp-json\/wp\/v2\/comments?post=8010"}],"version-history":[{"count":4,"href":"https:\/\/nevask.eu\/hu\/wp-json\/wp\/v2\/pages\/8010\/revisions"}],"predecessor-version":[{"id":10167,"href":"https:\/\/nevask.eu\/hu\/wp-json\/wp\/v2\/pages\/8010\/revisions\/10167"}],"up":[{"embeddable":true,"href":"https:\/\/nevask.eu\/hu\/wp-json\/wp\/v2\/pages\/6494"}],"wp:attachment":[{"href":"https:\/\/nevask.eu\/hu\/wp-json\/wp\/v2\/media?parent=8010"}],"curies":[{"name":"wp","href":"https:\/\/api.w.org\/{rel}","templated":true}]}}