{"id":8024,"date":"2025-07-15T22:02:31","date_gmt":"2025-07-15T20:02:31","guid":{"rendered":"https:\/\/nevask.eu\/?page_id=8024"},"modified":"2025-09-10T10:24:55","modified_gmt":"2025-09-10T08:24:55","slug":"neva-onhordo-rendszerek","status":"publish","type":"page","link":"https:\/\/nevask.eu\/hu\/kulteri-zsaluzia-neva\/neva-onhordo-rendszerek\/","title":{"rendered":"\u00d6nhord\u00f3 rendszerek"},"content":{"rendered":"\n\n\n\n\n\n<div class=\"section narrow white\">\n\t<div class=\"container\">\n\t\t<div class=\"cell\">\n\t\t\t<ul class=\"breadcrumbs\">\n\t\t\t\t<li><a href=\"https:\/\/nevask.eu\/hu\/\">Home<\/a><\/li>\n\n\t\t\t\t\n\t\t\t<\/ul>\n\t\t<\/div>\n\t<\/div>\n<\/div>\n\n\n\n\n\n<div  class=\"section white\">\n\t<div class=\"container full left\">\n\t\t<div class=\"cell\">\n\t\t\t<h1>NEVA \u00f6nhord\u00f3 rendszerek<\/h1>\n<p class=\"p1\">A <a href=\"https:\/\/nevask.eu\/hu\/kulteri-zsaluzia-neva\/\">zsaluz\u00e1k<\/a> egy egys\u00e9get alkotnak az \u00f6nhord\u00f3 szerkezettel, \u00a0a vezet\u0151s\u00edneken kereszt\u00fcl k\u00f6zvetlen\u00fcl a ny\u00edl\u00e1sz\u00e1r\u00f3ra vagy b\u00e1rmely szil\u00e1rd fel\u00fclethez r\u00f6gz\u00edthet\u0151 \u2013 ez\u00e9rt a telep\u00edt\u00e9s\u00fck egyszer\u0171 \u00e9s hihetetlen\u00fcl gyors.<\/p>\n<p>A k\u00f6vetkez\u0151 t\u00edpus\u00fa \u00f6nhord\u00f3 rendszerek k\u00f6z\u00fcl v\u00e1laszthat.<\/p>\n\t\t<\/div>\n\t<\/div>\n<\/div>\n\n\n\n\n\n<div  class=\"section white\">\n\n\t\n\n\n\t\n\t\t\t\t<div class=\"container products cols-50p\">\n\n\t\t\t\t\t\n\t\t\t\t\t\t<div class=\"cell separator-mobile\">\n\n\t\t\t\t\t\t\t\n\t\t\t\t\t\t\t\t<div class=\"product-images product-images-col\">\n\n\t\t\t\t\t\t\t\t\t\n\t\t\t\t\t\t\t\t\t\t<a href=\"https:\/\/nevask.eu\/hu\/kulteri-zsaluzia-neva\/neva-onhordo-rendszerek\/onhordo-rendszer-stf\/\" target=\"\">\t\t\t\t\t\t\t\t\t\t<img decoding=\"async\" class=\"ratio-1x1\" src=\"https:\/\/nevask.eu\/wp-content\/uploads\/2025\/07\/samonosny-system-neva-stf1-01.webp\" alt=\"Samonosn\u00fd syst\u00e9m NEVA STF1\">\n\t\t\t\t\t\t\t\t\t\t<\/a>\n\t\t\t\t\t\t\t\t\t\n\t\t\t\t\t\t\t\t<\/div>\n\n\t\t\t\t\t\t\t\n\n\n\t\t\t\t\t\t\t<div class=\"product-text\">\n\n\t\t\t\t\t\t\t\t<h2 class=\"h3\">\u00d6nhord\u00f3 rendszer<br \/>\nNEVA STF<\/h2>\n<p>+ \u200bGyors telep\u00edt\u00e9s<br \/>\n+ Ny\u00edl\u00e1sz\u00e1r\u00f3 gy\u00e1rt\u00f3knak fejlesztve<br \/>\n+ K\u00e9t v\u00e1ltozat: STF1 \u00e9s STF2<br \/>\n+ \u200bRovarh\u00e1l\u00f3k<\/p>\n\n\t\t\t\t\t\t\t\t\t\t\t\t\t\t\t\t\t<p><a href=\"https:\/\/nevask.eu\/hu\/kulteri-zsaluzia-neva\/neva-onhordo-rendszerek\/onhordo-rendszer-stf\/\" target=\"\">R\u00e9szlet&nbsp;&rarr;<\/a><\/p>\n\t\t\t\t\t\t\t\t\n\t\t\t\t\t\t\t\t\n\t\t\t\t\t\t\t<\/div>\n\t\t\t\t\t\t<\/div>\n\n\t\t\t\t\t\n\t\t\t\t\t\t<div class=\"cell separator-mobile\">\n\n\t\t\t\t\t\t\t\n\t\t\t\t\t\t\t\t<div class=\"product-images product-images-col\">\n\n\t\t\t\t\t\t\t\t\t\n\t\t\t\t\t\t\t\t\t\t<a href=\"https:\/\/nevask.eu\/hu\/kulteri-zsaluzia-neva\/neva-onhordo-rendszerek\/onhordo-rendszer-stl\/\" target=\"\">\t\t\t\t\t\t\t\t\t\t<img decoding=\"async\" class=\"ratio-1x1\" src=\"https:\/\/nevask.eu\/wp-content\/uploads\/2025\/07\/samonosny-system-neva-stl-06.webp\" alt=\"Samonosn\u00fd syst\u00e9m NEVA STL\">\n\t\t\t\t\t\t\t\t\t\t<\/a>\n\t\t\t\t\t\t\t\t\t\n\t\t\t\t\t\t\t\t<\/div>\n\n\t\t\t\t\t\t\t\n\n\n\t\t\t\t\t\t\t<div class=\"product-text\">\n\n\t\t\t\t\t\t\t\t<h2 class=\"h3\">\u00d6nhord\u00f3 rendszer<br \/>\nNEVA STL<\/h2>\n<p>+ \u200bGyors \u00f6sszeszerel\u00e9s<br \/>\n+ \u200bMeger\u0151s\u00edtett STL rendszer<br \/>\n+ \u200bSokoldal\u00fa felhaszn\u00e1l\u00e1s<\/p>\n\n\t\t\t\t\t\t\t\t\t\t\t\t\t\t\t\t\t<p><a href=\"https:\/\/nevask.eu\/hu\/kulteri-zsaluzia-neva\/neva-onhordo-rendszerek\/onhordo-rendszer-stl\/\" target=\"\">R\u00e9szlet&nbsp;&rarr;<\/a><\/p>\n\t\t\t\t\t\t\t\t\n\t\t\t\t\t\t\t\t\n\t\t\t\t\t\t\t<\/div>\n\t\t\t\t\t\t<\/div>\n\n\t\t\t\t\t\n\t\t\t\t<\/div>\n\n\t\t\t\t\n<\/div>\n\n\n\n\n\n\n\n\n<div  class=\"section tint\">\n\n\t\n\t\t\t<div class=\"container col-70p-center center\">\n\t\t\t\t<div class=\"cell\">\n\t\t\t\t\t\n\t\t\n\t\t\t\t\t<a href=\"https:\/\/nevask.eu\/hu\/kulteri-zsaluzia-neva\/kulteri-zsaluziak-szerelesenek-modjai\/\" target=\"\" class=\"button\">A NEVA zsaluzi\u00e1k szerel\u00e9s\u00e9nek egy\u00e9b m\u00f3djai \u2192<\/a>\n\t\t\n\t\t\t\t\t\t<\/div>\n\t\t\t<\/div>\n\n\t\t\t\n<\/div>\n\n\n\n\n\n<div  class=\"section dark\">\n\t<div class=\"container full left\">\n\t\t<div class=\"cell\">\n\t\t\t<p><img loading=\"lazy\" decoding=\"async\" class=\"alignnone wp-image-2093\" src=\"https:\/\/nevask.eu\/wp-content\/uploads\/2025\/07\/hash-nevapartner_4-300x61.png\" alt=\"hashtag nevapartner - modr\u00e9 na bielom\" width=\"198\" height=\"40\" srcset=\"https:\/\/nevask.eu\/wp-content\/uploads\/2025\/07\/hash-nevapartner_4-300x61.png 300w, https:\/\/nevask.eu\/wp-content\/uploads\/2025\/07\/hash-nevapartner_4.png 689w\" sizes=\"auto, (max-width: 198px) 100vw, 198px\" \/><\/p>\n<p class=\"p-large\">A <a href=\"https:\/\/nevask.eu\/hu\/neva-viszonteladoi-halozat\/\">#nevapartner h\u00e1l\u00f3zatba<\/a> tartoz\u00f3 viszontelad\u00f3 \u00e9s telep\u00edt\u0151 partnereink k\u00e9szs\u00e9ggel \u00e1llnak rendelkez\u00e9s\u00e9re, amennyiben m\u0171szaki tan\u00e1csra, vagy term\u00e9kmint\u00e1kra van sz\u00fcks\u00e9ge a legmegfelel\u0151bb NEVA \u00e1rny\u00e9kol\u00f3 kiv\u00e1laszt\u00e1s\u00e1hoz. Ezut\u00e1n m\u00e1r csak egy l\u00e9p\u00e9sre van az <a href=\"https:\/\/nevask.eu\/hu\/arajanlat\/\">\u00e1raj\u00e1nlat<\/a> kidolgoz\u00e1s\u00e1t\u00f3l.<\/p>\n\t\t<\/div>\n\t<\/div>\n<\/div>\n","protected":false},"excerpt":{"rendered":"","protected":false},"author":52,"featured_media":0,"parent":6494,"menu_order":0,"comment_status":"closed","ping_status":"closed","template":"","meta":{"_acf_changed":false,"inline_featured_image":false,"footnotes":""},"class_list":["post-8024","page","type-page","status-publish","hentry"],"acf":[],"yoast_head":"<!-- This site is optimized with the Yoast SEO plugin v27.5 - https:\/\/yoast.com\/product\/yoast-seo-wordpress\/ -->\n<title>\u00d6nhord\u00f3 rendszerek zsaluzi\u00e1k homlokzatra val\u00f3 szerel\u00e9s\u00e9hez | NEVA<\/title>\n<meta name=\"description\" content=\"A zsaluzi\u00e1k egy egys\u00e9get alkotnak az \u00f6nhord\u00f3 rendszerben, \u00e9s vezet\u0151profilokon kereszt\u00fcl k\u00f6zvetlen\u00fcl a homlokzathoz vagy b\u00e1rmilyen szil\u00e1rd fel\u00fclethez r\u00f6gz\u00edthet\u0151k.\" \/>\n<meta name=\"robots\" content=\"index, follow, max-snippet:-1, max-image-preview:large, max-video-preview:-1\" \/>\n<link rel=\"canonical\" href=\"https:\/\/nevask.eu\/hu\/kulteri-zsaluzia-neva\/neva-onhordo-rendszerek\/\" \/>\n<meta property=\"og:locale\" content=\"hu_HU\" \/>\n<meta property=\"og:type\" content=\"article\" \/>\n<meta property=\"og:title\" content=\"\u00d6nhord\u00f3 rendszerek zsaluzi\u00e1k homlokzatra val\u00f3 szerel\u00e9s\u00e9hez | NEVA\" \/>\n<meta property=\"og:description\" content=\"A zsaluzi\u00e1k egy egys\u00e9get alkotnak az \u00f6nhord\u00f3 rendszerben, \u00e9s vezet\u0151profilokon kereszt\u00fcl k\u00f6zvetlen\u00fcl a homlokzathoz vagy b\u00e1rmilyen szil\u00e1rd fel\u00fclethez r\u00f6gz\u00edthet\u0151k.\" \/>\n<meta property=\"og:url\" content=\"https:\/\/nevask.eu\/hu\/kulteri-zsaluzia-neva\/neva-onhordo-rendszerek\/\" \/>\n<meta property=\"og:site_name\" content=\"NEVA\" \/>\n<meta property=\"article:modified_time\" content=\"2025-09-10T08:24:55+00:00\" \/>\n<meta name=\"twitter:card\" content=\"summary_large_image\" \/>\n<meta name=\"twitter:label1\" content=\"Becs\u00fclt olvas\u00e1si id\u0151\" \/>\n\t<meta name=\"twitter:data1\" content=\"2 perc\" \/>\n<!-- \/ Yoast SEO plugin. -->","yoast_head_json":{"title":"\u00d6nhord\u00f3 rendszerek zsaluzi\u00e1k homlokzatra val\u00f3 szerel\u00e9s\u00e9hez | NEVA","description":"A zsaluzi\u00e1k egy egys\u00e9get alkotnak az \u00f6nhord\u00f3 rendszerben, \u00e9s vezet\u0151profilokon kereszt\u00fcl k\u00f6zvetlen\u00fcl a homlokzathoz vagy b\u00e1rmilyen szil\u00e1rd fel\u00fclethez r\u00f6gz\u00edthet\u0151k.","robots":{"index":"index","follow":"follow","max-snippet":"max-snippet:-1","max-image-preview":"max-image-preview:large","max-video-preview":"max-video-preview:-1"},"canonical":"https:\/\/nevask.eu\/hu\/kulteri-zsaluzia-neva\/neva-onhordo-rendszerek\/","og_locale":"hu_HU","og_type":"article","og_title":"\u00d6nhord\u00f3 rendszerek zsaluzi\u00e1k homlokzatra val\u00f3 szerel\u00e9s\u00e9hez | NEVA","og_description":"A zsaluzi\u00e1k egy egys\u00e9get alkotnak az \u00f6nhord\u00f3 rendszerben, \u00e9s vezet\u0151profilokon kereszt\u00fcl k\u00f6zvetlen\u00fcl a homlokzathoz vagy b\u00e1rmilyen szil\u00e1rd fel\u00fclethez r\u00f6gz\u00edthet\u0151k.","og_url":"https:\/\/nevask.eu\/hu\/kulteri-zsaluzia-neva\/neva-onhordo-rendszerek\/","og_site_name":"NEVA","article_modified_time":"2025-09-10T08:24:55+00:00","twitter_card":"summary_large_image","twitter_misc":{"Becs\u00fclt olvas\u00e1si id\u0151":"2 perc"},"schema":{"@context":"https:\/\/schema.org","@graph":[{"@type":"WebPage","@id":"https:\/\/nevask.eu\/hu\/kulteri-zsaluzia-neva\/neva-onhordo-rendszerek\/","url":"https:\/\/nevask.eu\/hu\/kulteri-zsaluzia-neva\/neva-onhordo-rendszerek\/","name":"\u00d6nhord\u00f3 rendszerek zsaluzi\u00e1k homlokzatra val\u00f3 szerel\u00e9s\u00e9hez | NEVA","isPartOf":{"@id":"https:\/\/nevask.eu\/hu\/#website"},"datePublished":"2025-07-15T20:02:31+00:00","dateModified":"2025-09-10T08:24:55+00:00","description":"A zsaluzi\u00e1k egy egys\u00e9get alkotnak az \u00f6nhord\u00f3 rendszerben, \u00e9s vezet\u0151profilokon kereszt\u00fcl k\u00f6zvetlen\u00fcl a homlokzathoz vagy b\u00e1rmilyen szil\u00e1rd fel\u00fclethez r\u00f6gz\u00edthet\u0151k.","breadcrumb":{"@id":"https:\/\/nevask.eu\/hu\/kulteri-zsaluzia-neva\/neva-onhordo-rendszerek\/#breadcrumb"},"inLanguage":"hu","potentialAction":[{"@type":"ReadAction","target":["https:\/\/nevask.eu\/hu\/kulteri-zsaluzia-neva\/neva-onhordo-rendszerek\/"]}]},{"@type":"BreadcrumbList","@id":"https:\/\/nevask.eu\/hu\/kulteri-zsaluzia-neva\/neva-onhordo-rendszerek\/#breadcrumb","itemListElement":[{"@type":"ListItem","position":1,"name":"Home","item":"https:\/\/nevask.eu\/hu\/"},{"@type":"ListItem","position":2,"name":"K\u00fclt\u00e9ri zsaluzia NEVA","item":"https:\/\/nevask.eu\/hu\/kulteri-zsaluzia-neva\/"},{"@type":"ListItem","position":3,"name":"\u00d6nhord\u00f3 rendszerek"}]},{"@type":"WebSite","@id":"https:\/\/nevask.eu\/hu\/#website","url":"https:\/\/nevask.eu\/hu\/","name":"NEVA","description":"Vonkaj\u0161ie \u017eal\u00fazie a screenov\u00e9 rolety","potentialAction":[{"@type":"SearchAction","target":{"@type":"EntryPoint","urlTemplate":"https:\/\/nevask.eu\/hu\/?s={search_term_string}"},"query-input":{"@type":"PropertyValueSpecification","valueRequired":true,"valueName":"search_term_string"}}],"inLanguage":"hu"}]}},"_links":{"self":[{"href":"https:\/\/nevask.eu\/hu\/wp-json\/wp\/v2\/pages\/8024","targetHints":{"allow":["GET"]}}],"collection":[{"href":"https:\/\/nevask.eu\/hu\/wp-json\/wp\/v2\/pages"}],"about":[{"href":"https:\/\/nevask.eu\/hu\/wp-json\/wp\/v2\/types\/page"}],"author":[{"embeddable":true,"href":"https:\/\/nevask.eu\/hu\/wp-json\/wp\/v2\/users\/52"}],"replies":[{"embeddable":true,"href":"https:\/\/nevask.eu\/hu\/wp-json\/wp\/v2\/comments?post=8024"}],"version-history":[{"count":6,"href":"https:\/\/nevask.eu\/hu\/wp-json\/wp\/v2\/pages\/8024\/revisions"}],"predecessor-version":[{"id":10148,"href":"https:\/\/nevask.eu\/hu\/wp-json\/wp\/v2\/pages\/8024\/revisions\/10148"}],"up":[{"embeddable":true,"href":"https:\/\/nevask.eu\/hu\/wp-json\/wp\/v2\/pages\/6494"}],"wp:attachment":[{"href":"https:\/\/nevask.eu\/hu\/wp-json\/wp\/v2\/media?parent=8024"}],"curies":[{"name":"wp","href":"https:\/\/api.w.org\/{rel}","templated":true}]}}