{"id":8078,"date":"2025-07-10T13:08:08","date_gmt":"2025-07-10T11:08:08","guid":{"rendered":"https:\/\/nevask.eu\/?page_id=8078"},"modified":"2025-09-10T13:50:40","modified_gmt":"2025-09-10T11:50:40","slug":"onhordo-rendszer-stf","status":"publish","type":"page","link":"https:\/\/nevask.eu\/hu\/kulteri-zsaluzia-neva\/neva-onhordo-rendszerek\/onhordo-rendszer-stf\/","title":{"rendered":"NEVA STF"},"content":{"rendered":"\n\n\n\n\n\n<div class=\"section narrow white\">\n\t<div class=\"container\">\n\t\t<div class=\"cell\">\n\t\t\t<ul class=\"breadcrumbs\">\n\t\t\t\t<li><a href=\"https:\/\/nevask.eu\/hu\/\">Home<\/a><\/li>\n\n\t\t\t\t\n\t\t\t<\/ul>\n\t\t<\/div>\n\t<\/div>\n<\/div>\n\n\n\n\n\n\n\n\n<div  class=\"section white\">\n\t<div class=\"container cols-80p-20p\">\n\n\t\t\n\n\n\t\t<div class=\"cell\">\n\n\t\t\t<h1 class=\"u-text u-text-default-lg u-text-default-md u-text-default-xl u-text-default-xxl u-text-1\">NEVA STF \u00f6nhord\u00f3 rendszerek<\/h1>\n<p class=\"p-large\">Az STF rendszernek k\u00f6sz\u00f6nhet\u0151en gyorsan \u00e9s hat\u00e9konyan szerelheti fel a <a href=\"https:\/\/nevask.eu\/hu\/kulteri-zsaluzia-neva\/\">k\u00fclt\u00e9ri zsal\u00fazi\u00e1kat<\/a>.<\/p>\n<p>Az STF rendszer lehet\u0151v\u00e9 teszi az ablakgy\u00e1rt\u00f3k sz\u00e1m\u00e1ra a zsal\u00fazia k\u00f6zvetlen\u00fcl a gy\u00e1rt\u00e1s sor\u00e1n t\u00f6rt\u00e9n\u0151 felszerel\u00e9s\u00e9t az ablakra, \u00e9s \u00edgy nem lesz sz\u00fcks\u00e9g helysz\u00edni felm\u00e9r\u00e9sre. A zsal\u00fazi\u00e1val ell\u00e1tott ablakot azut\u00e1n egy l\u00e9p\u00e9sben \u00e9p\u00edtik be az \u00e9p\u00fcletbe.<\/p>\n<p>A NEVA STF \u00f6nhord\u00f3 rendszer k\u00e9t v\u00e1ltozatban k\u00e9sz\u00fcl.<\/p>\n<ul>\n<li>Az <strong>STF1<\/strong> l\u00e1that\u00f3 vezet\u0151profilokkal rendelkezik, \u00e9s k\u00fcl\u00f6n\u00f6sen \u00e9p\u00edt\u0151ny\u00edl\u00e1sba t\u00f6rt\u00e9n\u0151, ut\u00f3lagos beszerel\u00e9shez haszn\u00e1lhat\u00f3.<\/li>\n<li>Az <strong>STF2<\/strong> rendszer elvakol\u00e1sn\u00e1l alkalmazhat\u00f3. Ennek eredm\u00e9nyek\u00e9nt az \u00f6sszes r\u00f6gz\u00edt\u0151-elemet eltakarjuk.<\/li>\n<\/ul>\n<p>Telep\u00edt\u00e9s lehet\u0151s\u00e9gei: takar\u00f3lemez n\u00e9lk\u00fcli v\u00e1ltozat, takar\u00f3lemezes v\u00e1ltozat, <a href=\"https:\/\/nevask.eu\/hu\/kulteri-zsaluzia-neva\/iso-kastl-tok\/\">ISO-KASTL<\/a> vakolhat\u00f3 tok v\u00e1ltozat<\/p>\n\n\t\t\t\n\t\t<\/div>\n\n\n\n\t\t\n\t<\/div>\n<\/div>\n\n\n\n\n\n<div  class=\"section white\">\n\t<div class=\"container product-gallery slider-mobile\">\n\n\t\t\n\t\t\t\n\t\t\t\t<a class=\"cell\" href=\"https:\/\/nevask.eu\/wp-content\/uploads\/2025\/07\/samonosny-system-neva-stf1-02.webp\">\n\t\t\t\t\t<img decoding=\"async\" class=\"ratio-1x1\" src=\"https:\/\/nevask.eu\/wp-content\/uploads\/2025\/07\/samonosny-system-neva-stf1-02.webp\" alt=\"\">\n\t\t\t\t<\/a>\n\n\t\t\t\n\t\t\t\t<a class=\"cell\" href=\"https:\/\/nevask.eu\/wp-content\/uploads\/2025\/07\/samonosny-system-neva-stf1-01.webp\">\n\t\t\t\t\t<img decoding=\"async\" class=\"ratio-1x1\" src=\"https:\/\/nevask.eu\/wp-content\/uploads\/2025\/07\/samonosny-system-neva-stf1-01.webp\" alt=\"Samonosn\u00fd syst\u00e9m NEVA STF1\">\n\t\t\t\t<\/a>\n\n\t\t\t\n\t\t\t\t<a class=\"cell\" href=\"https:\/\/nevask.eu\/wp-content\/uploads\/2025\/07\/samonosny-system-neva-stf1-03.webp\">\n\t\t\t\t\t<img decoding=\"async\" class=\"ratio-1x1\" src=\"https:\/\/nevask.eu\/wp-content\/uploads\/2025\/07\/samonosny-system-neva-stf1-03.webp\" alt=\"\">\n\t\t\t\t<\/a>\n\n\t\t\t\n\t\t\t\t<a class=\"cell\" href=\"https:\/\/nevask.eu\/wp-content\/uploads\/2025\/07\/samonosny-system-neva-stf1-04.webp\">\n\t\t\t\t\t<img decoding=\"async\" class=\"ratio-1x1\" src=\"https:\/\/nevask.eu\/wp-content\/uploads\/2025\/07\/samonosny-system-neva-stf1-04.webp\" alt=\"\">\n\t\t\t\t<\/a>\n\n\t\t\t\n\t\t\n\t<\/div>\n<\/div>\n\n\n\n\n\n<div class=\"section white\">\n\t<div class=\"container\">\n\t\t<div class=\"cell\">\n\t\t\t<hr class=\"separator\">\n\t\t<\/div>\n\t<\/div>\n<\/div>\n\n\n\n\n\n<div  class=\"section white\">\n\n\t\n\t\t<div class=\"container intro\">\n\t\t\t<div class=\"cell\">\n\t\t\t\t<h2>STF \u00f6nhord\u00f3 rendszer el\u0151nyei<\/h2>\n\t\t\t<\/div>\n\t\t<\/div>\n\n\t\n\n\n\t\n\t<div class=\"container cols-50p text-blocks\" style=\"\">\n\n\t\t\n\t\t\t\n\t\t\t\t\n\t\t\t\t<div class=\"cell\" style=\"\">\n\n\t\t\t\t\t\n\t\t\t\t\t\t<div class=\"icon-title\">\n\n\t\t\t\t\t\t\t\t\t\t\t\t\t\t\t<img decoding=\"async\" src=\"https:\/\/nevask.eu\/wp-content\/uploads\/2025\/07\/66163-fb0876ab-e1752145793790.png\" alt=\"piktogram - \u010das, term\u00edny\">\n\t\t\t\t\t\t\t\n\t\t\t\t\t\t\t\t\t\t\t\t\t\t\t<h3 class=\"h5\">Gyors telep\u00edt\u00e9s<\/h3>\n\t\t\t\t\t\t\t\n\t\t\t\t\t\t<\/div>\n\n\t\t\t\t\t\n\n\n\t\t\t\t\t<p>Az \u00f6nhord\u00f3 rendszer id\u0151t \u00e9s szerel\u00e9si k\u00f6lts\u00e9geket takar\u00edt meg. Mivel a zsal\u00fazi\u00e1val egy egys\u00e9get k\u00e9pez, az \u00e9p\u00edtkez\u00e9sen nem kell \u00f6ssze\u00e1ll\u00edtani, azonnal r\u00f6gz\u00edthet\u0151<\/p>\n\n\t\t\t\t<\/div>\n\t\t\t\n\t\t\t\t\n\t\t\t\t<div class=\"cell\" style=\"\">\n\n\t\t\t\t\t\n\t\t\t\t\t\t<div class=\"icon-title\">\n\n\t\t\t\t\t\t\t\t\t\t\t\t\t\t\t<img decoding=\"async\" src=\"https:\/\/nevask.eu\/wp-content\/uploads\/2025\/07\/icon-detail-setri-prostor-100x100-c-center.webp\" alt=\"piktogram - vytiahnut\u00e9 \u017eal\u00fazie\">\n\t\t\t\t\t\t\t\n\t\t\t\t\t\t\t\t\t\t\t\t\t\t\t<h3 class=\"h5\">Ablakgy\u00e1rt\u00f3k sz\u00e1m\u00e1ra alkalmas<\/h3>\n\t\t\t\t\t\t\t\n\t\t\t\t\t\t<\/div>\n\n\t\t\t\t\t\n\n\n\t\t\t\t\t<p>Az ablakgy\u00e1rt\u00f3k sz\u00e1m\u00e1ra, a zsal\u00fazia k\u00f6zvetlen\u00fcl, a gy\u00e1rt\u00e1s sor\u00e1n t\u00f6rt\u00e9n\u0151 felszerel\u00e9s\u00e9t az ablakra, s \u00edgy nem lesz sz\u00fcks\u00e9g helysz\u00edni felm\u00e9r\u00e9sre. A zsal\u00fazi\u00e1val ell\u00e1tott ablakot azut\u00e1n egy l\u00e9p\u00e9sben \u00e9p\u00edtik be az \u00e9p\u00fcletbe.<\/p>\n\n\t\t\t\t<\/div>\n\t\t\t\n\t\t\n\t<\/div>\n\n\n\n\t\n\t\t<div class=\"container outro center\">\n\t\t\t<div class=\"cell\">\n\n\t\t\t\t\n\t\t\t\t\t\t\t\t\t<a href=\"https:\/\/nevask.eu\/hu\/arajanlat\/arajanlat-kulteri-zsaluzia\/\" target=\"\" class=\"button\">\u00c1raj\u00e1nlat \u2192<\/a>\n\t\t\t\t\n\t\t\t<\/div>\n\t\t<\/div>\n\n\t\n<\/div>\n\n\n\n\n\n<div  class=\"section dark\">\n\t<div class=\"container full left\">\n\t\t<div class=\"cell\">\n\t\t\t<p><img loading=\"lazy\" decoding=\"async\" class=\"alignnone wp-image-2093\" src=\"https:\/\/nevask.eu\/wp-content\/uploads\/2025\/07\/hash-nevapartner_4-300x61.png\" alt=\"hashtag nevapartner - modr\u00e9 na bielom\" width=\"198\" height=\"40\" srcset=\"https:\/\/nevask.eu\/wp-content\/uploads\/2025\/07\/hash-nevapartner_4-300x61.png 300w, https:\/\/nevask.eu\/wp-content\/uploads\/2025\/07\/hash-nevapartner_4.png 689w\" sizes=\"auto, (max-width: 198px) 100vw, 198px\" \/><\/p>\n<p class=\"p-large\">A <a href=\"https:\/\/nevask.eu\/hu\/neva-viszonteladok\/\">#nevapartner h\u00e1l\u00f3zatba<\/a> tartoz\u00f3 viszontelad\u00f3 \u00e9s telep\u00edt\u0151 partnereink k\u00e9szs\u00e9ggel \u00e1llnak rendelkez\u00e9s\u00e9re, amennyiben m\u0171szaki tan\u00e1csra, vagy term\u00e9kmint\u00e1kra van sz\u00fcks\u00e9ge a legmegfelel\u0151bb NEVA \u00e1rny\u00e9kol\u00f3 kiv\u00e1laszt\u00e1s\u00e1hoz. Ezut\u00e1n m\u00e1r csak egy l\u00e9p\u00e9sre van az <a href=\"https:\/\/nevask.eu\/hu\/arajanlat\/\">\u00e1raj\u00e1nlat<\/a> kidolgoz\u00e1s\u00e1t\u00f3l.<\/p>\n\t\t<\/div>\n\t<\/div>\n<\/div>\n\n\n\n\n\n\n\n\n<div  class=\"section white\">\n\n\t\n\t\t<div class=\"container intro\">\n\t\t\t<div class=\"cell\">\n\t\t\t\t<h3>STF1 m\u0171szaki param\u00e9terek<\/h3>\n\t\t\t<\/div>\n\t\t<\/div>\n\n\t\n\n\n\t<div class=\"container cols-40p-60p\">\n\n\t\t\n\t\t\t<div class=\"cell\">\n\n\t\t\t\t\n\n\n\t\t\t\t\n\t\t\t\t\t\t\t\t\t\t\t\t\t<img decoding=\"async\" src=\"https:\/\/nevask.eu\/wp-content\/uploads\/2025\/07\/STF-1-priznany-variant-b-e1753086562277.png\" alt=\"STF 1 - priznan\u00fd samonosn\u00fd \u017eal\u00faziov\u00fd syst\u00e9m\">\n\t\t\t\t\t\t\n\t\t\t\t\t\t\n\t\t\t<\/div>\n\n\t\t\n\t\t\t<div class=\"cell\">\n\n\t\t\t\t\n\n\n\t\t\t\t<p>&nbsp;<\/p>\n<div class=\"table-wrapper\"><div class=\"table-wrapper\"><table class=\"nowrap\">\n<tbody>\n<tr>\n<th>STF1 \u00f6nhord\u00f3 rendszer<br \/>\n\u200btov\u00e1bbi r\u00f6gz\u00edt\u00e9s n\u00e9lk\u00fcl<\/th>\n<th>Motor<\/th>\n<\/tr>\n<tr>\n<td>Zsaluzia sz\u00e9less\u00e9ge (mm)<\/td>\n<td>600 \u2013 2300<\/td>\n<\/tr>\n<tr>\n<td>Zsaluzia magass\u00e1ga (mm)<\/td>\n<td>500 \u2013 3500<\/td>\n<\/tr>\n<tr>\n<td>Zsaluzia maxim\u00e1lis fel\u00fclete (m2)<\/td>\n<td>8<\/td>\n<\/tr>\n<\/tbody>\n<\/table><\/div><\/div>\n<p>&nbsp;<\/p>\n<div class=\"table-wrapper\"><div class=\"table-wrapper\"><table class=\"nowrap\">\n<tbody>\n<tr>\n<th colspan=\"3\">Jelmagyar\u00e1zat a rajzhoz<\/th>\n<\/tr>\n<tr>\n<td>1<\/td>\n<td>\u00a0\u200bTakar\u00f3lemezes magass\u00e1ga (mm)<\/td>\n<td>zsaluzia szerint<\/td>\n<\/tr>\n<tr>\n<td>2<\/td>\n<td>\u200bZsaluzia teljes magass\u00e1ga (mm)<\/td>\n<td>500 \u2013 3500<\/td>\n<\/tr>\n<\/tbody>\n<\/table><\/div><\/div>\n\n\t\t\t<\/div>\n\n\t\t\n\t<\/div>\n<\/div>\n\n\n\n\n\n\n\n\n<div  class=\"section white\">\n\n\t\n\t\t<div class=\"container intro\">\n\t\t\t<div class=\"cell\">\n\t\t\t\t<h3>STF2 m\u0171szaki param\u00e9terek<\/h3>\n\t\t\t<\/div>\n\t\t<\/div>\n\n\t\n\n\n\t<div class=\"container cols-40p-60p\">\n\n\t\t\n\t\t\t<div class=\"cell\">\n\n\t\t\t\t\n\n\n\t\t\t\t\n\t\t\t\t\t\t\t\t\t\t\t\t\t<img decoding=\"async\" src=\"https:\/\/nevask.eu\/wp-content\/uploads\/2025\/07\/STF-2-podomietkovy-variant-b-e1753086528237.png.webp\" alt=\"STF 2 - podomietkovy\u0301 samonosn\u00fd syst\u00e9m\">\n\t\t\t\t\t\t\n\t\t\t\t\t\t\n\t\t\t<\/div>\n\n\t\t\n\t\t\t<div class=\"cell\">\n\n\t\t\t\t\n\n\n\t\t\t\t<p>&nbsp;<\/p>\n<div class=\"table-wrapper\"><div class=\"table-wrapper\"><table class=\"nowrap\">\n<tbody>\n<tr>\n<th>STF2 \u00f6nhord\u00f3 rendszer<br \/>\n\u200btov\u00e1bbi r\u00f6gz\u00edt\u00e9s n\u00e9lk\u00fcl<\/th>\n<th>Motor<\/th>\n<\/tr>\n<tr>\n<td>Zsaluzia sz\u00e9less\u00e9ge (mm)<\/td>\n<td>600 \u2013 2300<\/td>\n<\/tr>\n<tr>\n<td>Zsaluzia magass\u00e1ga (mm)<\/td>\n<td>500 \u2013 3500<\/td>\n<\/tr>\n<tr>\n<td>Zsaluzia maxim\u00e1lis fel\u00fclete (m2)<\/td>\n<td>8<\/td>\n<\/tr>\n<\/tbody>\n<\/table><\/div><\/div>\n<p>&nbsp;<\/p>\n<div class=\"table-wrapper\"><div class=\"table-wrapper\"><table class=\"nowrap\">\n<tbody>\n<tr>\n<th colspan=\"3\">Jelmagyar\u00e1zat a rajzhoz<\/th>\n<\/tr>\n<tr>\n<td>1<\/td>\n<td>\u00a0\u200bTakar\u00f3lemezes magass\u00e1ga (mm)<\/td>\n<td>zsaluzia szerint<\/td>\n<\/tr>\n<tr>\n<td>2<\/td>\n<td>\u00a0\u200b\u200bZsaluzia teljes magass\u00e1ga (mm)<\/td>\n<td>500 \u2013 3500<\/td>\n<\/tr>\n<\/tbody>\n<\/table><\/div><\/div>\n\n\t\t\t<\/div>\n\n\t\t\n\t<\/div>\n<\/div>\n\n\n\n\n\n<div class=\"section white\">\n\t<div class=\"container\">\n\t\t<div class=\"cell\">\n\t\t\t<hr class=\"separator\">\n\t\t<\/div>\n\t<\/div>\n<\/div>\n","protected":false},"excerpt":{"rendered":"","protected":false},"author":52,"featured_media":0,"parent":8024,"menu_order":0,"comment_status":"closed","ping_status":"closed","template":"","meta":{"_acf_changed":false,"inline_featured_image":false,"footnotes":""},"class_list":["post-8078","page","type-page","status-publish","hentry"],"acf":[],"yoast_head":"<!-- This site is optimized with the Yoast SEO plugin v27.5 - https:\/\/yoast.com\/product\/yoast-seo-wordpress\/ -->\n<title>STF \u00f6nhord\u00f3 rendszer a hat\u00e9kony zsaluzia szerel\u00e9shez | nevask.eu<\/title>\n<meta name=\"description\" content=\"Az STF \u00f6nhord\u00f3 red\u0151nyrendszer lehet\u0151v\u00e9 teszi a k\u00fclt\u00e9ri zsaluzi\u00e1k gyors \u00e9s hat\u00e9kony beszerel\u00e9s\u00e9t az \u00e9p\u00edtkez\u00e9s b\u00e1rmely szakasz\u00e1ban. Robusztusabb megold\u00e1s, mint az STL rendszer.\" \/>\n<meta name=\"robots\" content=\"index, follow, max-snippet:-1, max-image-preview:large, max-video-preview:-1\" \/>\n<link rel=\"canonical\" href=\"https:\/\/nevask.eu\/hu\/kulteri-zsaluzia-neva\/neva-onhordo-rendszerek\/onhordo-rendszer-stf\/\" \/>\n<meta property=\"og:locale\" content=\"hu_HU\" \/>\n<meta property=\"og:type\" content=\"article\" \/>\n<meta property=\"og:title\" content=\"STF \u00f6nhord\u00f3 rendszer a hat\u00e9kony zsaluzia szerel\u00e9shez | nevask.eu\" \/>\n<meta property=\"og:description\" content=\"Az STF \u00f6nhord\u00f3 red\u0151nyrendszer lehet\u0151v\u00e9 teszi a k\u00fclt\u00e9ri zsaluzi\u00e1k gyors \u00e9s hat\u00e9kony beszerel\u00e9s\u00e9t az \u00e9p\u00edtkez\u00e9s b\u00e1rmely szakasz\u00e1ban. Robusztusabb megold\u00e1s, mint az STL rendszer.\" \/>\n<meta property=\"og:url\" content=\"https:\/\/nevask.eu\/hu\/kulteri-zsaluzia-neva\/neva-onhordo-rendszerek\/onhordo-rendszer-stf\/\" \/>\n<meta property=\"og:site_name\" content=\"NEVA\" \/>\n<meta property=\"article:modified_time\" content=\"2025-09-10T11:50:40+00:00\" \/>\n<meta name=\"twitter:card\" content=\"summary_large_image\" \/>\n<meta name=\"twitter:label1\" content=\"Becs\u00fclt olvas\u00e1si id\u0151\" \/>\n\t<meta name=\"twitter:data1\" content=\"4 perc\" \/>\n<!-- \/ Yoast SEO plugin. -->","yoast_head_json":{"title":"STF \u00f6nhord\u00f3 rendszer a hat\u00e9kony zsaluzia szerel\u00e9shez | nevask.eu","description":"Az STF \u00f6nhord\u00f3 red\u0151nyrendszer lehet\u0151v\u00e9 teszi a k\u00fclt\u00e9ri zsaluzi\u00e1k gyors \u00e9s hat\u00e9kony beszerel\u00e9s\u00e9t az \u00e9p\u00edtkez\u00e9s b\u00e1rmely szakasz\u00e1ban. Robusztusabb megold\u00e1s, mint az STL rendszer.","robots":{"index":"index","follow":"follow","max-snippet":"max-snippet:-1","max-image-preview":"max-image-preview:large","max-video-preview":"max-video-preview:-1"},"canonical":"https:\/\/nevask.eu\/hu\/kulteri-zsaluzia-neva\/neva-onhordo-rendszerek\/onhordo-rendszer-stf\/","og_locale":"hu_HU","og_type":"article","og_title":"STF \u00f6nhord\u00f3 rendszer a hat\u00e9kony zsaluzia szerel\u00e9shez | nevask.eu","og_description":"Az STF \u00f6nhord\u00f3 red\u0151nyrendszer lehet\u0151v\u00e9 teszi a k\u00fclt\u00e9ri zsaluzi\u00e1k gyors \u00e9s hat\u00e9kony beszerel\u00e9s\u00e9t az \u00e9p\u00edtkez\u00e9s b\u00e1rmely szakasz\u00e1ban. Robusztusabb megold\u00e1s, mint az STL rendszer.","og_url":"https:\/\/nevask.eu\/hu\/kulteri-zsaluzia-neva\/neva-onhordo-rendszerek\/onhordo-rendszer-stf\/","og_site_name":"NEVA","article_modified_time":"2025-09-10T11:50:40+00:00","twitter_card":"summary_large_image","twitter_misc":{"Becs\u00fclt olvas\u00e1si id\u0151":"4 perc"},"schema":{"@context":"https:\/\/schema.org","@graph":[{"@type":"WebPage","@id":"https:\/\/nevask.eu\/hu\/kulteri-zsaluzia-neva\/neva-onhordo-rendszerek\/onhordo-rendszer-stf\/","url":"https:\/\/nevask.eu\/hu\/kulteri-zsaluzia-neva\/neva-onhordo-rendszerek\/onhordo-rendszer-stf\/","name":"STF \u00f6nhord\u00f3 rendszer a hat\u00e9kony zsaluzia szerel\u00e9shez | nevask.eu","isPartOf":{"@id":"https:\/\/nevask.eu\/hu\/#website"},"datePublished":"2025-07-10T11:08:08+00:00","dateModified":"2025-09-10T11:50:40+00:00","description":"Az STF \u00f6nhord\u00f3 red\u0151nyrendszer lehet\u0151v\u00e9 teszi a k\u00fclt\u00e9ri zsaluzi\u00e1k gyors \u00e9s hat\u00e9kony beszerel\u00e9s\u00e9t az \u00e9p\u00edtkez\u00e9s b\u00e1rmely szakasz\u00e1ban. Robusztusabb megold\u00e1s, mint az STL rendszer.","breadcrumb":{"@id":"https:\/\/nevask.eu\/hu\/kulteri-zsaluzia-neva\/neva-onhordo-rendszerek\/onhordo-rendszer-stf\/#breadcrumb"},"inLanguage":"hu","potentialAction":[{"@type":"ReadAction","target":["https:\/\/nevask.eu\/hu\/kulteri-zsaluzia-neva\/neva-onhordo-rendszerek\/onhordo-rendszer-stf\/"]}]},{"@type":"BreadcrumbList","@id":"https:\/\/nevask.eu\/hu\/kulteri-zsaluzia-neva\/neva-onhordo-rendszerek\/onhordo-rendszer-stf\/#breadcrumb","itemListElement":[{"@type":"ListItem","position":1,"name":"Home","item":"https:\/\/nevask.eu\/hu\/"},{"@type":"ListItem","position":2,"name":"K\u00fclt\u00e9ri zsaluzia NEVA","item":"https:\/\/nevask.eu\/hu\/kulteri-zsaluzia-neva\/"},{"@type":"ListItem","position":3,"name":"\u00d6nhord\u00f3 rendszerek","item":"https:\/\/nevask.eu\/hu\/kulteri-zsaluzia-neva\/neva-onhordo-rendszerek\/"},{"@type":"ListItem","position":4,"name":"NEVA STF"}]},{"@type":"WebSite","@id":"https:\/\/nevask.eu\/hu\/#website","url":"https:\/\/nevask.eu\/hu\/","name":"NEVA","description":"Vonkaj\u0161ie \u017eal\u00fazie a screenov\u00e9 rolety","potentialAction":[{"@type":"SearchAction","target":{"@type":"EntryPoint","urlTemplate":"https:\/\/nevask.eu\/hu\/?s={search_term_string}"},"query-input":{"@type":"PropertyValueSpecification","valueRequired":true,"valueName":"search_term_string"}}],"inLanguage":"hu"}]}},"_links":{"self":[{"href":"https:\/\/nevask.eu\/hu\/wp-json\/wp\/v2\/pages\/8078","targetHints":{"allow":["GET"]}}],"collection":[{"href":"https:\/\/nevask.eu\/hu\/wp-json\/wp\/v2\/pages"}],"about":[{"href":"https:\/\/nevask.eu\/hu\/wp-json\/wp\/v2\/types\/page"}],"author":[{"embeddable":true,"href":"https:\/\/nevask.eu\/hu\/wp-json\/wp\/v2\/users\/52"}],"replies":[{"embeddable":true,"href":"https:\/\/nevask.eu\/hu\/wp-json\/wp\/v2\/comments?post=8078"}],"version-history":[{"count":9,"href":"https:\/\/nevask.eu\/hu\/wp-json\/wp\/v2\/pages\/8078\/revisions"}],"predecessor-version":[{"id":10169,"href":"https:\/\/nevask.eu\/hu\/wp-json\/wp\/v2\/pages\/8078\/revisions\/10169"}],"up":[{"embeddable":true,"href":"https:\/\/nevask.eu\/hu\/wp-json\/wp\/v2\/pages\/8024"}],"wp:attachment":[{"href":"https:\/\/nevask.eu\/hu\/wp-json\/wp\/v2\/media?parent=8078"}],"curies":[{"name":"wp","href":"https:\/\/api.w.org\/{rel}","templated":true}]}}