{"id":8143,"date":"2025-07-29T08:44:19","date_gmt":"2025-07-29T06:44:19","guid":{"rendered":"https:\/\/nevask.eu\/?page_id=8143"},"modified":"2025-07-31T09:11:15","modified_gmt":"2025-07-31T07:11:15","slug":"takarolemezek-konzolok","status":"publish","type":"page","link":"https:\/\/nevask.eu\/hu\/kulteri-zsaluzia-neva\/takarolemezek-konzolok\/","title":{"rendered":"Takar\u00f3lemezek \u00e9s konzolok"},"content":{"rendered":"\n\n\n\n\n\n<div class=\"section narrow white\">\n\t<div class=\"container\">\n\t\t<div class=\"cell\">\n\t\t\t<ul class=\"breadcrumbs\">\n\t\t\t\t<li><a href=\"https:\/\/nevask.eu\/hu\/\">Home<\/a><\/li>\n\n\t\t\t\t\n\t\t\t<\/ul>\n\t\t<\/div>\n\t<\/div>\n<\/div>\n\n\n\n\n\n\n\n\n<div  class=\"section white\">\n\t<div class=\"container cols-50p\">\n\n\t\t\n\n\n\t\t<div class=\"cell\">\n\n\t\t\t<h1>NEVA zsaluzi\u00e1k takar\u00f3lemezei \u00e9s konzoljai<\/h1>\n<p class=\"p1 p-large\">A k\u00fclt\u00e9ri zsaluzi\u00e1hoz sz\u00e1ll\u00edtott takar\u00f3lemezek alum\u00edniumb\u00f3l k\u00e9sz\u00fclnek. A lemezek hossza egy darabban legfeljebb 4 m, vastags\u00e1ga 1,5 vagy 2 mm.<\/p>\n<p class=\"p1\">A lemezek fel\u00fcletkezel\u00e9se: b\u00e1rmilyen sz\u00edn\u0171 a RAL szerint.<\/p>\n<p class=\"p1\">K\u00fcl\u00f6nf\u00e9le t\u00edpus\u00fa takar\u00f3lemezeket k\u00edn\u00e1lunk a k\u00f6nnyebb felszerel\u00e9s \u00e9rdek\u00e9ben.<\/p>\n\n\t\t\t\n\t\t<\/div>\n\n\n\n\t\t\n\t\t\t<div class=\"cell center top\">\n\t\t\t\t<img decoding=\"async\" src=\"https:\/\/nevask.eu\/wp-content\/uploads\/2025\/07\/Krycie-plechy-vo-farbe-zaluzii-1024x1024.jpg\" alt=\"Krycie plechy fas\u00e1dnych \u017eal\u00fazii\">\n\t\t\t<\/div>\n\n\t\t\n\t<\/div>\n<\/div>\n\n\n\n\n\n<div  class=\"section white\">\n\t<div class=\"container full left\">\n\t\t<div class=\"cell\">\n\t\t\t<h2>Takar\u00f3lemezek t\u00edpusai<\/h2>\n<p>A leggyakrabban haszn\u00e1lt takar\u00f3lemezek a k\u00f6vetkez\u0151k:<\/p>\n\t\t<\/div>\n\t<\/div>\n<\/div>\n\n\n\n\n\n<div  class=\"section white\">\n\n\t\n\n\n\t\n\t\t\t\t<div class=\"container products cols-50p white\">\n\n\t\t\t\t\t\n\t\t\t\t\t\t<div class=\"cell\">\n\t\t\t\t\t\t\t\n\n\n\t\t\t\t\t\t\t<div class=\"product-text\">\n\n\t\t\t\t\t\t\t\t<h4>1-es t\u00edpus<\/h4>\n\n\t\t\t\t\t\t\t\t\n\t\t\t\t\t\t\t<\/div>\n\n\n\n\t\t\t\t\t\t\t\n\t\t\t\t\t\t\t\t<div class=\"product-images product-images-r\">\n\n\t\t\t\t\t\t\t\t\t\t\t\t\t\t\t\t\t\t\t<img decoding=\"async\" class=\"ratio-1x1\" src=\"https:\/\/nevask.eu\/wp-content\/uploads\/2025\/07\/Kryci-plech-typ-1.jpg.webp\" alt=\"Kryc\u00ed plech typ 1 pre \u017eal\u00fazie NEVA\">\n\t\t\t\t\t\t\t\t\t\n\t\t\t\t\t\t\t\t<\/div>\n\n\t\t\t\t\t\t\t\n\t\t\t\t\t\t<\/div>\n\t\t\t\t\t\n\t\t\t\t\t\t<div class=\"cell\">\n\t\t\t\t\t\t\t\n\n\n\t\t\t\t\t\t\t<div class=\"product-text\">\n\n\t\t\t\t\t\t\t\t<h4>1L t\u00edpus<\/h4>\n\n\t\t\t\t\t\t\t\t\n\t\t\t\t\t\t\t<\/div>\n\n\n\n\t\t\t\t\t\t\t\n\t\t\t\t\t\t\t\t<div class=\"product-images product-images-r\">\n\n\t\t\t\t\t\t\t\t\t\t\t\t\t\t\t\t\t\t\t<img decoding=\"async\" class=\"ratio-1x1\" src=\"https:\/\/nevask.eu\/wp-content\/uploads\/2025\/07\/Kryci-plech-typ-1L.jpg.webp\" alt=\"Kryc\u00ed plech typ 1L pre vonkaj\u0161ie \u017eal\u00fazie NEVA\">\n\t\t\t\t\t\t\t\t\t\n\t\t\t\t\t\t\t\t<\/div>\n\n\t\t\t\t\t\t\t\n\t\t\t\t\t\t<\/div>\n\t\t\t\t\t\n\t\t\t\t\t\t<div class=\"cell\">\n\t\t\t\t\t\t\t\n\n\n\t\t\t\t\t\t\t<div class=\"product-text\">\n\n\t\t\t\t\t\t\t\t<h4>Z t\u00edpus<\/h4>\n\n\t\t\t\t\t\t\t\t\n\t\t\t\t\t\t\t<\/div>\n\n\n\n\t\t\t\t\t\t\t\n\t\t\t\t\t\t\t\t<div class=\"product-images product-images-r\">\n\n\t\t\t\t\t\t\t\t\t\t\t\t\t\t\t\t\t\t\t<img decoding=\"async\" class=\"ratio-1x1\" src=\"https:\/\/nevask.eu\/wp-content\/uploads\/2025\/07\/kryci-plech-typ-Z.jpg.webp\" alt=\"Kryc\u00ed plech typ Z pre \u017eal\u00fazie NEVA\">\n\t\t\t\t\t\t\t\t\t\n\t\t\t\t\t\t\t\t<\/div>\n\n\t\t\t\t\t\t\t\n\t\t\t\t\t\t<\/div>\n\t\t\t\t\t\n\t\t\t\t\t\t<div class=\"cell\">\n\t\t\t\t\t\t\t\n\n\n\t\t\t\t\t\t\t<div class=\"product-text\">\n\n\t\t\t\t\t\t\t\t<h4>3-as t\u00edpus<\/h4>\n\n\t\t\t\t\t\t\t\t\n\t\t\t\t\t\t\t<\/div>\n\n\n\n\t\t\t\t\t\t\t\n\t\t\t\t\t\t\t\t<div class=\"product-images product-images-r\">\n\n\t\t\t\t\t\t\t\t\t\t\t\t\t\t\t\t\t\t\t<img decoding=\"async\" class=\"ratio-1x1\" src=\"https:\/\/nevask.eu\/wp-content\/uploads\/2025\/07\/kryci-plech-typ-3.jpg.webp\" alt=\"Kryc\u00ed plech typ 3 pre \u017eal\u00fazie NEVA\">\n\t\t\t\t\t\t\t\t\t\n\t\t\t\t\t\t\t\t<\/div>\n\n\t\t\t\t\t\t\t\n\t\t\t\t\t\t<\/div>\n\t\t\t\t\t\n\t\t\t\t\t\t<div class=\"cell\">\n\t\t\t\t\t\t\t\n\n\n\t\t\t\t\t\t\t<div class=\"product-text\">\n\n\t\t\t\t\t\t\t\t<h4>31-es t\u00edpus<\/h4>\n\n\t\t\t\t\t\t\t\t\n\t\t\t\t\t\t\t<\/div>\n\n\n\n\t\t\t\t\t\t\t\n\t\t\t\t\t\t\t\t<div class=\"product-images product-images-r\">\n\n\t\t\t\t\t\t\t\t\t\t\t\t\t\t\t\t\t\t\t<img decoding=\"async\" class=\"ratio-1x1\" src=\"https:\/\/nevask.eu\/wp-content\/uploads\/2025\/07\/kryci-plech-typ-31.jpg.webp\" alt=\"Kryc\u00ed plech typ 31 pre \u017eal\u00fazie NEVA\">\n\t\t\t\t\t\t\t\t\t\n\t\t\t\t\t\t\t\t<\/div>\n\n\t\t\t\t\t\t\t\n\t\t\t\t\t\t<\/div>\n\t\t\t\t\t\n\t\t\t\t\t\t<div class=\"cell\">\n\t\t\t\t\t\t\t\n\n\n\t\t\t\t\t\t\t<div class=\"product-text\">\n\n\t\t\t\t\t\t\t\t<h4>33-as t\u00edpus<\/h4>\n\n\t\t\t\t\t\t\t\t\n\t\t\t\t\t\t\t<\/div>\n\n\n\n\t\t\t\t\t\t\t\n\t\t\t\t\t\t\t\t<div class=\"product-images product-images-r\">\n\n\t\t\t\t\t\t\t\t\t\t\t\t\t\t\t\t\t\t\t<img decoding=\"async\" class=\"ratio-1x1\" src=\"https:\/\/nevask.eu\/wp-content\/uploads\/2025\/07\/kryci-plech-typ-33.jpg.webp\" alt=\"Kryc\u00ed plech typ 33 pre \u017eal\u00fazie NEVA\">\n\t\t\t\t\t\t\t\t\t\n\t\t\t\t\t\t\t\t<\/div>\n\n\t\t\t\t\t\t\t\n\t\t\t\t\t\t<\/div>\n\t\t\t\t\t\n\t\t\t\t<\/div>\n\n\t\t\t\t\n<\/div>\n\n\n\n\n\n<div  class=\"section white\">\n\t<div class=\"container full left\">\n\t\t<div class=\"cell\">\n\t\t\t<h2>Oldaltakar\u00f3k<\/h2>\n<p>A leggyakrabban haszn\u00e1lt oldaltakar\u00f3k a k\u00f6vetkez\u0151k:<\/p>\n\t\t<\/div>\n\t<\/div>\n<\/div>\n\n\n\n\n\n<div  class=\"section white\">\n\n\t\n\n\n\t\n\t\t\t\t<div class=\"container products cols-50p white\">\n\n\t\t\t\t\t\n\t\t\t\t\t\t<div class=\"cell\">\n\t\t\t\t\t\t\t\n\n\n\t\t\t\t\t\t\t<div class=\"product-text\">\n\n\t\t\t\t\t\t\t\t<h4>1-es t\u00edpus<\/h4>\n\n\t\t\t\t\t\t\t\t\n\t\t\t\t\t\t\t<\/div>\n\n\n\n\t\t\t\t\t\t\t\n\t\t\t\t\t\t\t\t<div class=\"product-images product-images-r\">\n\n\t\t\t\t\t\t\t\t\t\t\t\t\t\t\t\t\t\t\t<img decoding=\"async\" class=\"ratio-1x1\" src=\"https:\/\/nevask.eu\/wp-content\/uploads\/2025\/07\/bok-typ-1.jpg.webp\" alt=\"Bok krycieho plechu typ 1\">\n\t\t\t\t\t\t\t\t\t\n\t\t\t\t\t\t\t\t<\/div>\n\n\t\t\t\t\t\t\t\n\t\t\t\t\t\t<\/div>\n\t\t\t\t\t\n\t\t\t\t\t\t<div class=\"cell\">\n\t\t\t\t\t\t\t\n\n\n\t\t\t\t\t\t\t<div class=\"product-text\">\n\n\t\t\t\t\t\t\t\t<h4>3-as t\u00edpus<\/h4>\n\n\t\t\t\t\t\t\t\t\n\t\t\t\t\t\t\t<\/div>\n\n\n\n\t\t\t\t\t\t\t\n\t\t\t\t\t\t\t\t<div class=\"product-images product-images-r\">\n\n\t\t\t\t\t\t\t\t\t\t\t\t\t\t\t\t\t\t\t<img decoding=\"async\" class=\"ratio-1x1\" src=\"https:\/\/nevask.eu\/wp-content\/uploads\/2025\/07\/bok-tap-3.jpg.webp\" alt=\"Bok krycieho plechu typ 3\">\n\t\t\t\t\t\t\t\t\t\n\t\t\t\t\t\t\t\t<\/div>\n\n\t\t\t\t\t\t\t\n\t\t\t\t\t\t<\/div>\n\t\t\t\t\t\n\t\t\t\t<\/div>\n\n\t\t\t\t\n<\/div>\n\n\n\n\n\n<div  class=\"section white\">\n\t<div class=\"container full left\">\n\t\t<div class=\"cell\">\n\t\t\t<h2>Karnistart\u00f3 konzolok t\u00edpusai<\/h2>\n<p>A leggyakrabban haszn\u00e1lt karnistart\u00f3 konzolok a k\u00f6vetkez\u0151k:<\/p>\n\t\t<\/div>\n\t<\/div>\n<\/div>\n\n\n\n\n\n<div  class=\"section white\">\n\n\t\n\n\n\t\n\t\t\t\t<div class=\"container products cols-50p white\">\n\n\t\t\t\t\t\n\t\t\t\t\t\t<div class=\"cell\">\n\t\t\t\t\t\t\t\n\n\n\t\t\t\t\t\t\t<div class=\"product-text\">\n\n\t\t\t\t\t\t\t\t<h4>R1-es konzol<\/h4>\n\n\t\t\t\t\t\t\t\t\n\t\t\t\t\t\t\t<\/div>\n\n\n\n\t\t\t\t\t\t\t\n\t\t\t\t\t\t\t\t<div class=\"product-images product-images-r\">\n\n\t\t\t\t\t\t\t\t\t\t\t\t\t\t\t\t\t\t\t<img decoding=\"async\" class=\"ratio-1x1\" src=\"https:\/\/nevask.eu\/wp-content\/uploads\/2025\/07\/Drziak-R1.jpg.webp\" alt=\"Dr\u017eiak R1 - dr\u017eiak horn\u00e9ho profilu \u017eal\u00fazie NEVA\">\n\t\t\t\t\t\t\t\t\t\n\t\t\t\t\t\t\t\t<\/div>\n\n\t\t\t\t\t\t\t\n\t\t\t\t\t\t<\/div>\n\t\t\t\t\t\n\t\t\t\t\t\t<div class=\"cell\">\n\t\t\t\t\t\t\t\n\n\n\t\t\t\t\t\t\t<div class=\"product-text\">\n\n\t\t\t\t\t\t\t\t<h4>3-as konzol<\/h4>\n\n\t\t\t\t\t\t\t\t\n\t\t\t\t\t\t\t<\/div>\n\n\n\n\t\t\t\t\t\t\t\n\t\t\t\t\t\t\t\t<div class=\"product-images product-images-r\">\n\n\t\t\t\t\t\t\t\t\t\t\t\t\t\t\t\t\t\t\t<img decoding=\"async\" class=\"ratio-1x1\" src=\"https:\/\/nevask.eu\/wp-content\/uploads\/2025\/07\/drziak-c-3-1024x1024.jpg\" alt=\"Dr\u017eiak \u010d. 3 horn\u00e9ho profilu \u017eal\u00fazie NEVA\">\n\t\t\t\t\t\t\t\t\t\n\t\t\t\t\t\t\t\t<\/div>\n\n\t\t\t\t\t\t\t\n\t\t\t\t\t\t<\/div>\n\t\t\t\t\t\n\t\t\t\t\t\t<div class=\"cell\">\n\t\t\t\t\t\t\t\n\n\n\t\t\t\t\t\t\t<div class=\"product-text\">\n\n\t\t\t\t\t\t\t\t<h4>5-\u00f6s konzol<\/h4>\n\n\t\t\t\t\t\t\t\t\n\t\t\t\t\t\t\t<\/div>\n\n\n\n\t\t\t\t\t\t\t\n\t\t\t\t\t\t\t\t<div class=\"product-images product-images-r\">\n\n\t\t\t\t\t\t\t\t\t\t\t\t\t\t\t\t\t\t\t<img decoding=\"async\" class=\"ratio-1x1\" src=\"https:\/\/nevask.eu\/wp-content\/uploads\/2025\/07\/Drziak-c5-1024x1024.jpg\" alt=\"Dr\u017eiak \u010d. 5 horn\u00e9ho profilu \u017eal\u00fazi\u00ed NEVA\">\n\t\t\t\t\t\t\t\t\t\n\t\t\t\t\t\t\t\t<\/div>\n\n\t\t\t\t\t\t\t\n\t\t\t\t\t\t<\/div>\n\t\t\t\t\t\n\t\t\t\t\t\t<div class=\"cell\">\n\t\t\t\t\t\t\t\n\n\n\t\t\t\t\t\t\t<div class=\"product-text\">\n\n\t\t\t\t\t\t\t\t<h4>33-as konzol<\/h4>\n\n\t\t\t\t\t\t\t\t\n\t\t\t\t\t\t\t<\/div>\n\n\n\n\t\t\t\t\t\t\t\n\t\t\t\t\t\t\t\t<div class=\"product-images product-images-r\">\n\n\t\t\t\t\t\t\t\t\t\t\t\t\t\t\t\t\t\t\t<img decoding=\"async\" class=\"ratio-1x1\" src=\"https:\/\/nevask.eu\/wp-content\/uploads\/2025\/07\/drziak-c-33-drziak-horneho-profilu-1024x1024.jpg\" alt=\"Dr\u017eiak \u010d.33 horn\u00e9ho profilu \u017eal\u00fazi\u00ed NEVA\">\n\t\t\t\t\t\t\t\t\t\n\t\t\t\t\t\t\t\t<\/div>\n\n\t\t\t\t\t\t\t\n\t\t\t\t\t\t<\/div>\n\t\t\t\t\t\n\t\t\t\t<\/div>\n\n\t\t\t\t\n<\/div>\n\n\n\n\n\n<div  class=\"section white\">\n\t<div class=\"container full left\">\n\t\t<div class=\"cell\">\n\t\t\t<h2>Vezet\u0151s\u00ednek t\u00edpusai<\/h2>\n\t\t<\/div>\n\t<\/div>\n<\/div>\n\n\n\n\n\n<div  class=\"section white\">\n\n\t\n\n\n\t\n\t\t\t\t<div class=\"container products cols-50p white\">\n\n\t\t\t\t\t\n\t\t\t\t\t\t<div class=\"cell\">\n\t\t\t\t\t\t\t\n\n\n\t\t\t\t\t\t\t<div class=\"product-text\">\n\n\t\t\t\t\t\t\t\t<h4>S t\u00edpus<\/h4>\n\n\t\t\t\t\t\t\t\t\n\t\t\t\t\t\t\t<\/div>\n\n\n\n\t\t\t\t\t\t\t\n\t\t\t\t\t\t\t\t<div class=\"product-images product-images-r\">\n\n\t\t\t\t\t\t\t\t\t\t\t\t\t\t\t\t\t\t\t<img decoding=\"async\" class=\"ratio-1x1\" src=\"https:\/\/nevask.eu\/wp-content\/uploads\/2025\/07\/Vodiaci-profil-typ-S.jpg.webp\" alt=\"Vodiaci profil typ S  \">\n\t\t\t\t\t\t\t\t\t\n\t\t\t\t\t\t\t\t<\/div>\n\n\t\t\t\t\t\t\t\n\t\t\t\t\t\t<\/div>\n\t\t\t\t\t\n\t\t\t\t\t\t<div class=\"cell\">\n\t\t\t\t\t\t\t\n\n\n\t\t\t\t\t\t\t<div class=\"product-text\">\n\n\t\t\t\t\t\t\t\t<h4>SDV2 t\u00edpus<\/h4>\n\n\t\t\t\t\t\t\t\t\n\t\t\t\t\t\t\t<\/div>\n\n\n\n\t\t\t\t\t\t\t\n\t\t\t\t\t\t\t\t<div class=\"product-images product-images-r\">\n\n\t\t\t\t\t\t\t\t\t\t\t\t\t\t\t\t\t\t\t<img decoding=\"async\" class=\"ratio-1x1\" src=\"https:\/\/nevask.eu\/wp-content\/uploads\/2025\/07\/vodiaci-profil-typ-SDV2.jpg.webp\" alt=\"vodiaci profil typ SDV2\">\n\t\t\t\t\t\t\t\t\t\n\t\t\t\t\t\t\t\t<\/div>\n\n\t\t\t\t\t\t\t\n\t\t\t\t\t\t<\/div>\n\t\t\t\t\t\n\t\t\t\t\t\t<div class=\"cell\">\n\t\t\t\t\t\t\t\n\n\n\t\t\t\t\t\t\t<div class=\"product-text\">\n\n\t\t\t\t\t\t\t\t<h4>Z t\u00edpus<\/h4>\n\n\t\t\t\t\t\t\t\t\n\t\t\t\t\t\t\t<\/div>\n\n\n\n\t\t\t\t\t\t\t\n\t\t\t\t\t\t\t\t<div class=\"product-images product-images-r\">\n\n\t\t\t\t\t\t\t\t\t\t\t\t\t\t\t\t\t\t\t<img decoding=\"async\" class=\"ratio-1x1\" src=\"https:\/\/nevask.eu\/wp-content\/uploads\/2025\/07\/Zapusteny-hlinikovy-vodiaci-profil-typ-Z.jpg.webp\" alt=\"zapusten\u00fd hlin\u00edkov\u00fd vodiaci profil typ Z\">\n\t\t\t\t\t\t\t\t\t\n\t\t\t\t\t\t\t\t<\/div>\n\n\t\t\t\t\t\t\t\n\t\t\t\t\t\t<\/div>\n\t\t\t\t\t\n\t\t\t\t\t\t<div class=\"cell\">\n\t\t\t\t\t\t\t\n\n\n\t\t\t\t\t\t\t<div class=\"product-text\">\n\n\t\t\t\t\t\t\t\t<h4>HDV t\u00edpus<\/h4>\n<h2>t\u00edpusai<\/h2>\n\n\t\t\t\t\t\t\t\t\n\t\t\t\t\t\t\t<\/div>\n\n\n\n\t\t\t\t\t\t\t\n\t\t\t\t\t\t\t\t<div class=\"product-images product-images-r\">\n\n\t\t\t\t\t\t\t\t\t\t\t\t\t\t\t\t\t\t\t<img decoding=\"async\" class=\"ratio-1x1\" src=\"https:\/\/nevask.eu\/wp-content\/uploads\/2025\/07\/Vodiaci-profil-typ-HDV.jpg.webp\" alt=\"Vodiaci profil typ HDV\">\n\t\t\t\t\t\t\t\t\t\n\t\t\t\t\t\t\t\t<\/div>\n\n\t\t\t\t\t\t\t\n\t\t\t\t\t\t<\/div>\n\t\t\t\t\t\n\t\t\t\t<\/div>\n\n\t\t\t\t\n<\/div>\n\n\n\n\n\n<div  class=\"section white\">\n\t<div class=\"container full left\">\n\t\t<div class=\"cell\">\n\t\t\t<h2>Vezet\u0151s\u00edn konzolok t\u00edpusai<\/h2>\n\t\t<\/div>\n\t<\/div>\n<\/div>\n\n\n\n\n\n<div  class=\"section white\">\n\n\t\n\n\n\t\n\t\t\t\t<div class=\"container products cols-50p white\">\n\n\t\t\t\t\t\n\t\t\t\t\t\t<div class=\"cell\">\n\t\t\t\t\t\t\t\n\n\n\t\t\t\t\t\t\t<div class=\"product-text\">\n\n\t\t\t\t\t\t\t\t<h4>Standard konzol<\/h4>\n\n\t\t\t\t\t\t\t\t\n\t\t\t\t\t\t\t<\/div>\n\n\n\n\t\t\t\t\t\t\t\n\t\t\t\t\t\t\t\t<div class=\"product-images product-images-r\">\n\n\t\t\t\t\t\t\t\t\t\t\t\t\t\t\t\t\t\t\t<img decoding=\"async\" class=\"ratio-1x1\" src=\"https:\/\/nevask.eu\/wp-content\/uploads\/2025\/07\/Standardny-drziak-copy-1024x1024.jpg\" alt=\"\u0160tandardn\u00fd dr\u017eiak vodiacich profilov\">\n\t\t\t\t\t\t\t\t\t\n\t\t\t\t\t\t\t\t<\/div>\n\n\t\t\t\t\t\t\t\n\t\t\t\t\t\t<\/div>\n\t\t\t\t\t\n\t\t\t\t\t\t<div class=\"cell\">\n\t\t\t\t\t\t\t\n\n\n\t\t\t\t\t\t\t<div class=\"product-text\">\n\n\t\t\t\t\t\t\t\t<h4>Teleszk\u00f3pos konzol<\/h4>\n\n\t\t\t\t\t\t\t\t\n\t\t\t\t\t\t\t<\/div>\n\n\n\n\t\t\t\t\t\t\t\n\t\t\t\t\t\t\t\t<div class=\"product-images product-images-r\">\n\n\t\t\t\t\t\t\t\t\t\t\t\t\t\t\t\t\t\t\t<img decoding=\"async\" class=\"ratio-1x1\" src=\"https:\/\/nevask.eu\/wp-content\/uploads\/2025\/07\/Teleskopicky-drziak-vodiacich-profilov-1-1024x1024.jpg\" alt=\"Teleskopick\u00fd dr\u017eiak vodiacich profilov\">\n\t\t\t\t\t\t\t\t\t\n\t\t\t\t\t\t\t\t<\/div>\n\n\t\t\t\t\t\t\t\n\t\t\t\t\t\t<\/div>\n\t\t\t\t\t\n\t\t\t\t\t\t<div class=\"cell\">\n\t\t\t\t\t\t\t\n\n\n\t\t\t\t\t\t\t<div class=\"product-text\">\n\n\t\t\t\t\t\t\t\t<h4>Pozit\u00edv sarok konzol<\/h4>\n\n\t\t\t\t\t\t\t\t\n\t\t\t\t\t\t\t<\/div>\n\n\n\n\t\t\t\t\t\t\t\n\t\t\t\t\t\t\t\t<div class=\"product-images product-images-r\">\n\n\t\t\t\t\t\t\t\t\t\t\t\t\t\t\t\t\t\t\t<img decoding=\"async\" class=\"ratio-1x1\" src=\"https:\/\/nevask.eu\/wp-content\/uploads\/2025\/07\/Rohovy-drziak-Vonkajsi-roh.jpg.webp\" alt=\"Rohov\u00fd dr\u017eiak vodiacich profilov - pre Vonkaj\u0161\u00ed roh\">\n\t\t\t\t\t\t\t\t\t\n\t\t\t\t\t\t\t\t<\/div>\n\n\t\t\t\t\t\t\t\n\t\t\t\t\t\t<\/div>\n\t\t\t\t\t\n\t\t\t\t\t\t<div class=\"cell\">\n\t\t\t\t\t\t\t\n\n\n\t\t\t\t\t\t\t<div class=\"product-text\">\n\n\t\t\t\t\t\t\t\t<h4>Negat\u00edv sarok konzol<\/h4>\n\n\t\t\t\t\t\t\t\t\n\t\t\t\t\t\t\t<\/div>\n\n\n\n\t\t\t\t\t\t\t\n\t\t\t\t\t\t\t\t<div class=\"product-images product-images-r\">\n\n\t\t\t\t\t\t\t\t\t\t\t\t\t\t\t\t\t\t\t<img decoding=\"async\" class=\"ratio-1x1\" src=\"https:\/\/nevask.eu\/wp-content\/uploads\/2025\/07\/Rohovy-drziak-Vnutorny-roh.jpg.webp\" alt=\"Rohov\u00fd dr\u017eiak vodiacich profilov - pre Vn\u00fatorn\u00fd roh\">\n\t\t\t\t\t\t\t\t\t\n\t\t\t\t\t\t\t\t<\/div>\n\n\t\t\t\t\t\t\t\n\t\t\t\t\t\t<\/div>\n\t\t\t\t\t\n\t\t\t\t<\/div>\n\n\t\t\t\t\n<\/div>\n\n\n\n\n\n<div  class=\"section dark\">\n\t<div class=\"container full left\">\n\t\t<div class=\"cell\">\n\t\t\t<p><img loading=\"lazy\" decoding=\"async\" class=\"alignnone wp-image-2093\" src=\"https:\/\/nevask.eu\/wp-content\/uploads\/2025\/07\/hash-nevapartner_4.png\" alt=\"hashtag nevapartner - modr\u00e9 na bielom\" width=\"223\" height=\"45\" srcset=\"https:\/\/nevask.eu\/wp-content\/uploads\/2025\/07\/hash-nevapartner_4.png 689w, https:\/\/nevask.eu\/wp-content\/uploads\/2025\/07\/hash-nevapartner_4-300x61.png 300w\" sizes=\"auto, (max-width: 223px) 100vw, 223px\" \/><\/p>\n<p class=\"p-large\">A <a href=\"https:\/\/nevask.eu\/hu\/neva-viszonteladok\/\">#nevapartner h\u00e1l\u00f3zatba<\/a> tartoz\u00f3 viszontelad\u00f3 \u00e9s telep\u00edt\u0151 partnereink k\u00e9szs\u00e9ggel \u00e1llnak rendelkez\u00e9s\u00e9re, amennyiben m\u0171szaki tan\u00e1csra, vagy term\u00e9kmint\u00e1kra van sz\u00fcks\u00e9ge a legmegfelel\u0151bb NEVA \u00e1rny\u00e9kol\u00f3 kiv\u00e1laszt\u00e1s\u00e1hoz. Ezut\u00e1n m\u00e1r csak egy l\u00e9p\u00e9sre van az <a href=\"https:\/\/nevask.eu\/hu\/arajanlat\/\">\u00e1raj\u00e1nlat<\/a> kidolgoz\u00e1s\u00e1t\u00f3l.<\/p>\n\t\t<\/div>\n\t<\/div>\n<\/div>\n","protected":false},"excerpt":{"rendered":"","protected":false},"author":52,"featured_media":0,"parent":6494,"menu_order":0,"comment_status":"closed","ping_status":"closed","template":"","meta":{"_acf_changed":false,"inline_featured_image":false,"footnotes":""},"class_list":["post-8143","page","type-page","status-publish","hentry"],"acf":[],"yoast_head":"<!-- This site is optimized with the Yoast SEO plugin v27.5 - https:\/\/yoast.com\/product\/yoast-seo-wordpress\/ -->\n<title>Tartoz\u00e9kok \u00e9s kieg\u00e9sz\u00edt\u0151k NEVA k\u00fclt\u00e9ri zsaluzi\u00e1khoz | nevask.eu<\/title>\n<meta name=\"description\" content=\"Takar\u00f3lemezek, vakolhat\u00f3 tok, ISO-PANEL \u00e9s Fisher Thermax r\u00f6gz\u00edt\u00e9si rendszer. Mindezt megtal\u00e1lja tartoz\u00e9kaink \u00e9s kieg\u00e9sz\u00edt\u0151ink k\u00f6z\u00f6tt.\" \/>\n<meta name=\"robots\" content=\"index, follow, max-snippet:-1, max-image-preview:large, max-video-preview:-1\" \/>\n<link rel=\"canonical\" href=\"https:\/\/nevask.eu\/hu\/kulteri-zsaluzia-neva\/takarolemezek-konzolok\/\" \/>\n<meta property=\"og:locale\" content=\"hu_HU\" \/>\n<meta property=\"og:type\" content=\"article\" \/>\n<meta property=\"og:title\" content=\"Tartoz\u00e9kok \u00e9s kieg\u00e9sz\u00edt\u0151k NEVA k\u00fclt\u00e9ri zsaluzi\u00e1khoz | nevask.eu\" \/>\n<meta property=\"og:description\" content=\"Takar\u00f3lemezek, vakolhat\u00f3 tok, ISO-PANEL \u00e9s Fisher Thermax r\u00f6gz\u00edt\u00e9si rendszer. Mindezt megtal\u00e1lja tartoz\u00e9kaink \u00e9s kieg\u00e9sz\u00edt\u0151ink k\u00f6z\u00f6tt.\" \/>\n<meta property=\"og:url\" content=\"https:\/\/nevask.eu\/hu\/kulteri-zsaluzia-neva\/takarolemezek-konzolok\/\" \/>\n<meta property=\"og:site_name\" content=\"NEVA\" \/>\n<meta property=\"article:modified_time\" content=\"2025-07-31T07:11:15+00:00\" \/>\n<meta name=\"twitter:card\" content=\"summary_large_image\" \/>\n<meta name=\"twitter:label1\" content=\"Becs\u00fclt olvas\u00e1si id\u0151\" \/>\n\t<meta name=\"twitter:data1\" content=\"6 perc\" \/>\n<!-- \/ Yoast SEO plugin. -->","yoast_head_json":{"title":"Tartoz\u00e9kok \u00e9s kieg\u00e9sz\u00edt\u0151k NEVA k\u00fclt\u00e9ri zsaluzi\u00e1khoz | nevask.eu","description":"Takar\u00f3lemezek, vakolhat\u00f3 tok, ISO-PANEL \u00e9s Fisher Thermax r\u00f6gz\u00edt\u00e9si rendszer. Mindezt megtal\u00e1lja tartoz\u00e9kaink \u00e9s kieg\u00e9sz\u00edt\u0151ink k\u00f6z\u00f6tt.","robots":{"index":"index","follow":"follow","max-snippet":"max-snippet:-1","max-image-preview":"max-image-preview:large","max-video-preview":"max-video-preview:-1"},"canonical":"https:\/\/nevask.eu\/hu\/kulteri-zsaluzia-neva\/takarolemezek-konzolok\/","og_locale":"hu_HU","og_type":"article","og_title":"Tartoz\u00e9kok \u00e9s kieg\u00e9sz\u00edt\u0151k NEVA k\u00fclt\u00e9ri zsaluzi\u00e1khoz | nevask.eu","og_description":"Takar\u00f3lemezek, vakolhat\u00f3 tok, ISO-PANEL \u00e9s Fisher Thermax r\u00f6gz\u00edt\u00e9si rendszer. Mindezt megtal\u00e1lja tartoz\u00e9kaink \u00e9s kieg\u00e9sz\u00edt\u0151ink k\u00f6z\u00f6tt.","og_url":"https:\/\/nevask.eu\/hu\/kulteri-zsaluzia-neva\/takarolemezek-konzolok\/","og_site_name":"NEVA","article_modified_time":"2025-07-31T07:11:15+00:00","twitter_card":"summary_large_image","twitter_misc":{"Becs\u00fclt olvas\u00e1si id\u0151":"6 perc"},"schema":{"@context":"https:\/\/schema.org","@graph":[{"@type":"WebPage","@id":"https:\/\/nevask.eu\/hu\/kulteri-zsaluzia-neva\/takarolemezek-konzolok\/","url":"https:\/\/nevask.eu\/hu\/kulteri-zsaluzia-neva\/takarolemezek-konzolok\/","name":"Tartoz\u00e9kok \u00e9s kieg\u00e9sz\u00edt\u0151k NEVA k\u00fclt\u00e9ri zsaluzi\u00e1khoz | nevask.eu","isPartOf":{"@id":"https:\/\/nevask.eu\/hu\/#website"},"datePublished":"2025-07-29T06:44:19+00:00","dateModified":"2025-07-31T07:11:15+00:00","description":"Takar\u00f3lemezek, vakolhat\u00f3 tok, ISO-PANEL \u00e9s Fisher Thermax r\u00f6gz\u00edt\u00e9si rendszer. Mindezt megtal\u00e1lja tartoz\u00e9kaink \u00e9s kieg\u00e9sz\u00edt\u0151ink k\u00f6z\u00f6tt.","breadcrumb":{"@id":"https:\/\/nevask.eu\/hu\/kulteri-zsaluzia-neva\/takarolemezek-konzolok\/#breadcrumb"},"inLanguage":"hu","potentialAction":[{"@type":"ReadAction","target":["https:\/\/nevask.eu\/hu\/kulteri-zsaluzia-neva\/takarolemezek-konzolok\/"]}]},{"@type":"BreadcrumbList","@id":"https:\/\/nevask.eu\/hu\/kulteri-zsaluzia-neva\/takarolemezek-konzolok\/#breadcrumb","itemListElement":[{"@type":"ListItem","position":1,"name":"Home","item":"https:\/\/nevask.eu\/hu\/"},{"@type":"ListItem","position":2,"name":"K\u00fclt\u00e9ri zsaluzia NEVA","item":"https:\/\/nevask.eu\/hu\/kulteri-zsaluzia-neva\/"},{"@type":"ListItem","position":3,"name":"Takar\u00f3lemezek \u00e9s konzolok"}]},{"@type":"WebSite","@id":"https:\/\/nevask.eu\/hu\/#website","url":"https:\/\/nevask.eu\/hu\/","name":"NEVA","description":"Vonkaj\u0161ie \u017eal\u00fazie a screenov\u00e9 rolety","potentialAction":[{"@type":"SearchAction","target":{"@type":"EntryPoint","urlTemplate":"https:\/\/nevask.eu\/hu\/?s={search_term_string}"},"query-input":{"@type":"PropertyValueSpecification","valueRequired":true,"valueName":"search_term_string"}}],"inLanguage":"hu"}]}},"_links":{"self":[{"href":"https:\/\/nevask.eu\/hu\/wp-json\/wp\/v2\/pages\/8143","targetHints":{"allow":["GET"]}}],"collection":[{"href":"https:\/\/nevask.eu\/hu\/wp-json\/wp\/v2\/pages"}],"about":[{"href":"https:\/\/nevask.eu\/hu\/wp-json\/wp\/v2\/types\/page"}],"author":[{"embeddable":true,"href":"https:\/\/nevask.eu\/hu\/wp-json\/wp\/v2\/users\/52"}],"replies":[{"embeddable":true,"href":"https:\/\/nevask.eu\/hu\/wp-json\/wp\/v2\/comments?post=8143"}],"version-history":[{"count":5,"href":"https:\/\/nevask.eu\/hu\/wp-json\/wp\/v2\/pages\/8143\/revisions"}],"predecessor-version":[{"id":8193,"href":"https:\/\/nevask.eu\/hu\/wp-json\/wp\/v2\/pages\/8143\/revisions\/8193"}],"up":[{"embeddable":true,"href":"https:\/\/nevask.eu\/hu\/wp-json\/wp\/v2\/pages\/6494"}],"wp:attachment":[{"href":"https:\/\/nevask.eu\/hu\/wp-json\/wp\/v2\/media?parent=8143"}],"curies":[{"name":"wp","href":"https:\/\/api.w.org\/{rel}","templated":true}]}}