{"id":9567,"date":"2025-08-11T14:22:54","date_gmt":"2025-08-11T12:22:54","guid":{"rendered":"https:\/\/nevask.eu\/?page_id=9567"},"modified":"2025-09-11T11:41:44","modified_gmt":"2025-09-11T09:41:44","slug":"screen-naphalok-szovetszinei","status":"publish","type":"page","link":"https:\/\/nevask.eu\/hu\/screen-naphalo-neva\/screen-naphalok-szovetszinei\/","title":{"rendered":"Screen naph\u00e1l\u00f3k sz\u00f6vetsz\u00ednei"},"content":{"rendered":"\n\n\n\n\n\n<div class=\"section narrow white\">\n\t<div class=\"container\">\n\t\t<div class=\"cell\">\n\t\t\t<ul class=\"breadcrumbs\">\n\t\t\t\t<li><a href=\"https:\/\/nevask.eu\/hu\/\">Home<\/a><\/li>\n\n\t\t\t\t\n\t\t\t<\/ul>\n\t\t<\/div>\n\t<\/div>\n<\/div>\n\n\n\n\n\n<div  class=\"section full-image\">\n\t<div class=\"container\">\n\t\t<div class=\"cell image h420\">\n\n\t\t\t\t\t\t\t<img decoding=\"async\" src=\"https:\/\/nevask.eu\/wp-content\/uploads\/2025\/08\/vyberanie-latok-pre-screenove-rolety.jpg.webp\" alt=\"Vyberanie l\u00e1tok pre screenove rolety NEVA\">\n\t\t\t\n\t\t<\/div>\n\t<\/div>\n<\/div>\n\n\n\n\n\n<div  class=\"section white\">\n\n\t\n\t\t<div class=\"container intro\">\n\t\t\t<div class=\"cell\">\n\t\t\t\t<h1>Screen naph\u00e1l\u00f3k sz\u00f6vetsz\u00ednei<\/h1>\n<p class=\"p-large\">21 standard sz\u00f6vet k\u00f6z\u00fcl v\u00e1laszthat, k\u00fcl\u00f6nb\u00f6z\u0151 s\u00f6t\u00e9t\u00edt\u00e9si szintekkel.<\/p>\n\t\t\t<\/div>\n\t\t<\/div>\n\n\t\n\n\n\t\n\t\t<div class=\"container\">\n\t\t\t<div class=\"cell\">\n\n\t\t\t\t\n\t\t\t\t\t\t\t\t\t\t\t<h3>SERG\u00c9 3% sz\u00f6vetek <\/h3>\n\t\t\t\t\t\n\n\n\t\t\t\t\t\n\t\t\t\t\t\t<div class=\"colors-grid\">\n\n\t\t\t\t\t\t\t\n\t\t\t\t\t\t\t\t<div class=\"color\">\n\n\t\t\t\t\t\t\t\t\t\t\t\t\t\t\t\t\t\t\t<a href=\"https:\/\/nevask.eu\/wp-content\/uploads\/2025\/08\/Serge-3-siva-biela-108101.jpg.webp\" title=\"108101 Feh\u00e9r-sz\u00fcrke\">\n\t\t\t\t\t\t\t\t\t\t\t<img decoding=\"async\" src=\"https:\/\/nevask.eu\/wp-content\/uploads\/2025\/08\/Serge-3-siva-biela-108101.jpg.webp\" alt=\"Farba l\u00e1tky Siv\u00e1-biela 108101 NEVA\">\n\t\t\t\t\t\t\t\t\t\t<\/a>\n\t\t\t\t\t\t\t\t\t\n\t\t\t\t\t\t\t\t\t\t\t\t\t\t\t\t\t\t\t<p><strong>108101<\/strong><br>Feh\u00e9r-sz\u00fcrke<\/p>\n\t\t\t\t\t\t\t\t\t\n\t\t\t\t\t\t\t\t<\/div>\n\n\t\t\t\t\t\t\t\n\t\t\t\t\t\t\t\t<div class=\"color\">\n\n\t\t\t\t\t\t\t\t\t\t\t\t\t\t\t\t\t\t\t<a href=\"https:\/\/nevask.eu\/wp-content\/uploads\/2025\/08\/Serge-3-siva-108108.jpg.webp\" title=\"108108 Sz\u00fcrke\">\n\t\t\t\t\t\t\t\t\t\t\t<img decoding=\"async\" src=\"https:\/\/nevask.eu\/wp-content\/uploads\/2025\/08\/Serge-3-siva-108108.jpg.webp\" alt=\"Farba l\u00e1tky Siv\u00e1 108108 NEVA\">\n\t\t\t\t\t\t\t\t\t\t<\/a>\n\t\t\t\t\t\t\t\t\t\n\t\t\t\t\t\t\t\t\t\t\t\t\t\t\t\t\t\t\t<p><strong>108108<\/strong><br>Sz\u00fcrke<\/p>\n\t\t\t\t\t\t\t\t\t\n\t\t\t\t\t\t\t\t<\/div>\n\n\t\t\t\t\t\t\t\n\t\t\t\t\t\t\t\t<div class=\"color\">\n\n\t\t\t\t\t\t\t\t\t\t\t\t\t\t\t\t\t\t\t<a href=\"https:\/\/nevask.eu\/wp-content\/uploads\/2025\/08\/Serge-3-siva-pieskova-108112.jpg.webp\" title=\"108112 Sz\u00fcrke - Homok\">\n\t\t\t\t\t\t\t\t\t\t\t<img decoding=\"async\" src=\"https:\/\/nevask.eu\/wp-content\/uploads\/2025\/08\/Serge-3-siva-pieskova-108112.jpg.webp\" alt=\"Farba l\u00e1tky Siv\u00e1-Pieskov\u00e1 108112 NEVA\">\n\t\t\t\t\t\t\t\t\t\t<\/a>\n\t\t\t\t\t\t\t\t\t\n\t\t\t\t\t\t\t\t\t\t\t\t\t\t\t\t\t\t\t<p><strong>108112<\/strong><br>Sz\u00fcrke &#8211; Homok<\/p>\n\t\t\t\t\t\t\t\t\t\n\t\t\t\t\t\t\t\t<\/div>\n\n\t\t\t\t\t\t\t\n\t\t\t\t\t\t\t\t<div class=\"color\">\n\n\t\t\t\t\t\t\t\t\t\t\t\t\t\t\t\t\t\t\t<a href=\"https:\/\/nevask.eu\/wp-content\/uploads\/2025\/08\/Serge-3-siva-cierna-108118.jpg.webp\" title=\"108118 Sz\u00fcrke - Fekete\">\n\t\t\t\t\t\t\t\t\t\t\t<img decoding=\"async\" src=\"https:\/\/nevask.eu\/wp-content\/uploads\/2025\/08\/Serge-3-siva-cierna-108118.jpg.webp\" alt=\"Farba l\u00e1tky Siv\u00e1-\u010cierna 108118 NEVA\">\n\t\t\t\t\t\t\t\t\t\t<\/a>\n\t\t\t\t\t\t\t\t\t\n\t\t\t\t\t\t\t\t\t\t\t\t\t\t\t\t\t\t\t<p><strong>108118<\/strong><br>Sz\u00fcrke &#8211; Fekete<\/p>\n\t\t\t\t\t\t\t\t\t\n\t\t\t\t\t\t\t\t<\/div>\n\n\t\t\t\t\t\t\t\n\t\t\t\t\t\t\t\t<div class=\"color\">\n\n\t\t\t\t\t\t\t\t\t\t\t\t\t\t\t\t\t\t\t<a href=\"https:\/\/nevask.eu\/wp-content\/uploads\/2025\/08\/Serge-3-biela-pieskova-112101.jpg.webp\" title=\"112101 Homok - Feh\u00e9r\">\n\t\t\t\t\t\t\t\t\t\t\t<img decoding=\"async\" src=\"https:\/\/nevask.eu\/wp-content\/uploads\/2025\/08\/Serge-3-biela-pieskova-112101.jpg.webp\" alt=\"Farba l\u00e1tky Pieskov\u00e1-Biela 112101 NEVA\">\n\t\t\t\t\t\t\t\t\t\t<\/a>\n\t\t\t\t\t\t\t\t\t\n\t\t\t\t\t\t\t\t\t\t\t\t\t\t\t\t\t\t\t<p><strong>112101<\/strong><br>Homok &#8211; Feh\u00e9r<\/p>\n\t\t\t\t\t\t\t\t\t\n\t\t\t\t\t\t\t\t<\/div>\n\n\t\t\t\t\t\t\t\n\t\t\t\t\t\t\t\t<div class=\"color\">\n\n\t\t\t\t\t\t\t\t\t\t\t\t\t\t\t\t\t\t\t<a href=\"https:\/\/nevask.eu\/wp-content\/uploads\/2025\/08\/Serge-3-pieskova-bronzova-112113.jpg.webp\" title=\"112113 Homok - Bronz\">\n\t\t\t\t\t\t\t\t\t\t\t<img decoding=\"async\" src=\"https:\/\/nevask.eu\/wp-content\/uploads\/2025\/08\/Serge-3-pieskova-bronzova-112113.jpg.webp\" alt=\"Farba l\u00e1tky Pieskov\u00e1 - bronzov\u00e1 112113 NEVA\">\n\t\t\t\t\t\t\t\t\t\t<\/a>\n\t\t\t\t\t\t\t\t\t\n\t\t\t\t\t\t\t\t\t\t\t\t\t\t\t\t\t\t\t<p><strong>112113<\/strong><br>Homok &#8211; Bronz<\/p>\n\t\t\t\t\t\t\t\t\t\n\t\t\t\t\t\t\t\t<\/div>\n\n\t\t\t\t\t\t\t\n\t\t\t\t\t\t\t\t<div class=\"color\">\n\n\t\t\t\t\t\t\t\t\t\t\t\t\t\t\t\t\t\t\t<a href=\"https:\/\/nevask.eu\/wp-content\/uploads\/2025\/08\/Serge-3-perlova-biela-117101.jpg.webp\" title=\"117101 Gy\u00f6ngy - Feh\u00e9r\">\n\t\t\t\t\t\t\t\t\t\t\t<img decoding=\"async\" src=\"https:\/\/nevask.eu\/wp-content\/uploads\/2025\/08\/Serge-3-perlova-biela-117101.jpg.webp\" alt=\"Farba l\u00e1tky Perlov\u00e1 - Biela 117101 NEVA\">\n\t\t\t\t\t\t\t\t\t\t<\/a>\n\t\t\t\t\t\t\t\t\t\n\t\t\t\t\t\t\t\t\t\t\t\t\t\t\t\t\t\t\t<p><strong>117101<\/strong><br>Gy\u00f6ngy &#8211; Feh\u00e9r<\/p>\n\t\t\t\t\t\t\t\t\t\n\t\t\t\t\t\t\t\t<\/div>\n\n\t\t\t\t\t\t\t\n\t\t\t\t\t\t\t\t<div class=\"color\">\n\n\t\t\t\t\t\t\t\t\t\t\t\t\t\t\t\t\t\t\t<a href=\"https:\/\/nevask.eu\/wp-content\/uploads\/2025\/08\/Serge-3-perlova-siva-117108.jpg.webp\" title=\"117108 Sz\u00fcrke - Feh\u00e9r\">\n\t\t\t\t\t\t\t\t\t\t\t<img decoding=\"async\" src=\"https:\/\/nevask.eu\/wp-content\/uploads\/2025\/08\/Serge-3-perlova-siva-117108.jpg.webp\" alt=\"Farba l\u00e1tky Perlov\u00e1-Siv\u00e1 117108 NEVA\">\n\t\t\t\t\t\t\t\t\t\t<\/a>\n\t\t\t\t\t\t\t\t\t\n\t\t\t\t\t\t\t\t\t\t\t\t\t\t\t\t\t\t\t<p><strong>117108<\/strong><br>Sz\u00fcrke &#8211; Feh\u00e9r<\/p>\n\t\t\t\t\t\t\t\t\t\n\t\t\t\t\t\t\t\t<\/div>\n\n\t\t\t\t\t\t\t\n\t\t\t\t\t\t\t\t<div class=\"color\">\n\n\t\t\t\t\t\t\t\t\t\t\t\t\t\t\t\t\t\t\t<a href=\"https:\/\/nevask.eu\/wp-content\/uploads\/2025\/08\/Serge-3-perlova-117117.jpg.webp\" title=\"117117 Gy\u00f6ngy\">\n\t\t\t\t\t\t\t\t\t\t\t<img decoding=\"async\" src=\"https:\/\/nevask.eu\/wp-content\/uploads\/2025\/08\/Serge-3-perlova-117117.jpg.webp\" alt=\"Farba l\u00e1tky Perlov\u00e1 117117 NEVA\">\n\t\t\t\t\t\t\t\t\t\t<\/a>\n\t\t\t\t\t\t\t\t\t\n\t\t\t\t\t\t\t\t\t\t\t\t\t\t\t\t\t\t\t<p><strong>117117<\/strong><br>Gy\u00f6ngy<\/p>\n\t\t\t\t\t\t\t\t\t\n\t\t\t\t\t\t\t\t<\/div>\n\n\t\t\t\t\t\t\t\n\t\t\t\t\t\t\t\t<div class=\"color\">\n\n\t\t\t\t\t\t\t\t\t\t\t\t\t\t\t\t\t\t\t<a href=\"https:\/\/nevask.eu\/wp-content\/uploads\/2025\/08\/Serge-3-cierna-bronzova-118113.jpg.webp\" title=\"118113 Fekete - Bronz\">\n\t\t\t\t\t\t\t\t\t\t\t<img decoding=\"async\" src=\"https:\/\/nevask.eu\/wp-content\/uploads\/2025\/08\/Serge-3-cierna-bronzova-118113.jpg.webp\" alt=\"Farba l\u00e1tky \u010cierna - Bronzov\u00e1 118113 NEVA\">\n\t\t\t\t\t\t\t\t\t\t<\/a>\n\t\t\t\t\t\t\t\t\t\n\t\t\t\t\t\t\t\t\t\t\t\t\t\t\t\t\t\t\t<p><strong>118113<\/strong><br>Fekete &#8211; Bronz<\/p>\n\t\t\t\t\t\t\t\t\t\n\t\t\t\t\t\t\t\t<\/div>\n\n\t\t\t\t\t\t\t\n\t\t\t\t\t\t\t\t<div class=\"color\">\n\n\t\t\t\t\t\t\t\t\t\t\t\t\t\t\t\t\t\t\t<a href=\"https:\/\/nevask.eu\/wp-content\/uploads\/2025\/08\/Serge-3-cierna-118118.jpg.webp\" title=\"118118 Fekete\">\n\t\t\t\t\t\t\t\t\t\t\t<img decoding=\"async\" src=\"https:\/\/nevask.eu\/wp-content\/uploads\/2025\/08\/Serge-3-cierna-118118.jpg.webp\" alt=\"Farba l\u00e1tky \u010cierna - \u010cierna 118118 NEVA\">\n\t\t\t\t\t\t\t\t\t\t<\/a>\n\t\t\t\t\t\t\t\t\t\n\t\t\t\t\t\t\t\t\t\t\t\t\t\t\t\t\t\t\t<p><strong>118118<\/strong><br>Fekete<\/p>\n\t\t\t\t\t\t\t\t\t\n\t\t\t\t\t\t\t\t<\/div>\n\n\t\t\t\t\t\t\t\n\t\t\t\t\t\t<\/div>\n\n\t\t\t\t\t\n\t\t\t\t\n\t\t\t<\/div>\n\t\t<\/div>\n\n\t\n<\/div>\n\n\n\n\n\n<div  class=\"section white\">\n\t<div class=\"container full left\">\n\t\t<div class=\"cell\">\n\t\t\t<p>A SERG\u00c9 3%-os sz\u00f6vetei PVC-bevonat\u00fa \u00fcvegsz\u00e1lb\u00f3l k\u00e9sz\u00fclnek. Mivel a sz\u00e1lakat a sz\u00f6v\u00e9s el\u0151tt bevonj\u00e1k, a sz\u00f6vetben szab\u00e1lyos h\u00e1l\u00f3szemek l\u00e1that\u00f3k ez\u00e9rt a sz\u00f6vet h\u00e1l\u00f3szer\u0171. Az \u00e1tl\u00e1that\u00f3s\u00e1gi t\u00e9nyez\u0151 3%, \u00edgy elegend\u0151 \u00e1rny\u00e9kot biztos\u00edtanak, ugyanakkor kil\u00e1t\u00e1st is a k\u00fclvil\u00e1gra.<\/p>\n<p>A k\u00e9tsz\u00edn\u0171 sz\u00f6vetek eset\u00e9ben kiv\u00e1laszthatja, hogy melyik oldal legyen befel\u00e9, \u00e9s melyik kifel\u00e9.<\/p>\n\t\t<\/div>\n\t<\/div>\n<\/div>\n\n\n\n\n\n<div  class=\"section white\">\n\n\t\n\n\n\t\n\t\t<div class=\"container\">\n\t\t\t<div class=\"cell\">\n\n\t\t\t\t\n\t\t\t\t\t\t\t\t\t\t\t<h3>SOLTIS Perform 92 sz\u00f6vetek<\/h3>\n\t\t\t\t\t\n\n\n\t\t\t\t\t\n\t\t\t\t\t\t<div class=\"colors-grid\">\n\n\t\t\t\t\t\t\t\n\t\t\t\t\t\t\t\t<div class=\"color\">\n\n\t\t\t\t\t\t\t\t\t\t\t\t\t\t\t\t\t\t\t<a href=\"https:\/\/nevask.eu\/wp-content\/uploads\/2025\/08\/soltis-perform-92-2043-bronze.png.webp\" title=\"92-2043 Bronz\">\n\t\t\t\t\t\t\t\t\t\t\t<img decoding=\"async\" src=\"https:\/\/nevask.eu\/wp-content\/uploads\/2025\/08\/soltis-perform-92-2043-bronze.png.webp\" alt=\"Soltis Perform 92 Bronzov\u00e1\">\n\t\t\t\t\t\t\t\t\t\t<\/a>\n\t\t\t\t\t\t\t\t\t\n\t\t\t\t\t\t\t\t\t\t\t\t\t\t\t\t\t\t\t<p><strong>92-2043<\/strong><br>Bronz<\/p>\n\t\t\t\t\t\t\t\t\t\n\t\t\t\t\t\t\t\t<\/div>\n\n\t\t\t\t\t\t\t\n\t\t\t\t\t\t\t\t<div class=\"color\">\n\n\t\t\t\t\t\t\t\t\t\t\t\t\t\t\t\t\t\t\t<a href=\"https:\/\/nevask.eu\/wp-content\/uploads\/2025\/08\/soltis-perform-92-2044-white.png.webp\" title=\"92-2044 Feh\u00e9r\">\n\t\t\t\t\t\t\t\t\t\t\t<img decoding=\"async\" src=\"https:\/\/nevask.eu\/wp-content\/uploads\/2025\/08\/soltis-perform-92-2044-white.png.webp\" alt=\"Solti\">\n\t\t\t\t\t\t\t\t\t\t<\/a>\n\t\t\t\t\t\t\t\t\t\n\t\t\t\t\t\t\t\t\t\t\t\t\t\t\t\t\t\t\t<p><strong>92-2044<\/strong><br>Feh\u00e9r<\/p>\n\t\t\t\t\t\t\t\t\t\n\t\t\t\t\t\t\t\t<\/div>\n\n\t\t\t\t\t\t\t\n\t\t\t\t\t\t\t\t<div class=\"color\">\n\n\t\t\t\t\t\t\t\t\t\t\t\t\t\t\t\t\t\t\t<a href=\"https:\/\/nevask.eu\/wp-content\/uploads\/2025\/08\/soltis-perform-92-2047-anthracite.png.webp\" title=\"92-2047 Antracit\">\n\t\t\t\t\t\t\t\t\t\t\t<img decoding=\"async\" src=\"https:\/\/nevask.eu\/wp-content\/uploads\/2025\/08\/soltis-perform-92-2047-anthracite.png.webp\" alt=\"Soltis Perform 92-2047 Antracitov\u00e1\">\n\t\t\t\t\t\t\t\t\t\t<\/a>\n\t\t\t\t\t\t\t\t\t\n\t\t\t\t\t\t\t\t\t\t\t\t\t\t\t\t\t\t\t<p><strong>92-2047<\/strong><br>Antracit<\/p>\n\t\t\t\t\t\t\t\t\t\n\t\t\t\t\t\t\t\t<\/div>\n\n\t\t\t\t\t\t\t\n\t\t\t\t\t\t\t\t<div class=\"color\">\n\n\t\t\t\t\t\t\t\t\t\t\t\t\t\t\t\t\t\t\t<a href=\"https:\/\/nevask.eu\/wp-content\/uploads\/2025\/08\/soltis-perform-92-2048-alu.png.webp\" title=\"92-2048 ALU \/ ALU\">\n\t\t\t\t\t\t\t\t\t\t\t<img decoding=\"async\" src=\"https:\/\/nevask.eu\/wp-content\/uploads\/2025\/08\/soltis-perform-92-2048-alu.png.webp\" alt=\"Soltis Perform 92-2048 ALU\/ALU\">\n\t\t\t\t\t\t\t\t\t\t<\/a>\n\t\t\t\t\t\t\t\t\t\n\t\t\t\t\t\t\t\t\t\t\t\t\t\t\t\t\t\t\t<p><strong>92-2048<\/strong><br>ALU \/ ALU<\/p>\n\t\t\t\t\t\t\t\t\t\n\t\t\t\t\t\t\t\t<\/div>\n\n\t\t\t\t\t\t\t\n\t\t\t\t\t\t\t\t<div class=\"color\">\n\n\t\t\t\t\t\t\t\t\t\t\t\t\t\t\t\t\t\t\t<a href=\"https:\/\/nevask.eu\/wp-content\/uploads\/2025\/08\/soltis-perform-92-2171-boulder.png.webp\" title=\"92-2171 Boulder\">\n\t\t\t\t\t\t\t\t\t\t\t<img decoding=\"async\" src=\"https:\/\/nevask.eu\/wp-content\/uploads\/2025\/08\/soltis-perform-92-2171-boulder.png.webp\" alt=\"Soltis Perform 92-2171 Boulder\">\n\t\t\t\t\t\t\t\t\t\t<\/a>\n\t\t\t\t\t\t\t\t\t\n\t\t\t\t\t\t\t\t\t\t\t\t\t\t\t\t\t\t\t<p><strong>92-2171<\/strong><br>Boulder<\/p>\n\t\t\t\t\t\t\t\t\t\n\t\t\t\t\t\t\t\t<\/div>\n\n\t\t\t\t\t\t\t\n\t\t\t\t\t\t<\/div>\n\n\t\t\t\t\t\n\t\t\t\t\n\t\t\t<\/div>\n\t\t<\/div>\n\n\t\n<\/div>\n\n\n\n\n\n<div  class=\"section white\">\n\t<div class=\"container full left\">\n\t\t<div class=\"cell\">\n\t\t\t<p>A Soltis Perform 92 sz\u00f6vetek poli\u00e9szter sz\u00e1lb\u00f3l k\u00e9sz\u00fclnek, amelyet PVC r\u00e9teggel vontak be. Szil\u00e1rd fel\u00fcletk\u00e9nt jelenik meg, mivel a sz\u00f6vetet el\u0151sz\u00f6r csupasz sz\u00e1lakb\u00f3l sz\u00f6vik, majd teljes eg\u00e9sz\u00e9ben bevonj\u00e1k.<\/p>\n<p>\u00c1tl\u00e1that\u00f3s\u00e1gi t\u00e9nyez\u0151je 4%, \u00edgy nagyon hasonl\u00f3 \u00e1rny\u00e9kol\u00e1si szintet biztos\u00edt, mint a Serg\u00e9 3%.<\/p>\n\t\t<\/div>\n\t<\/div>\n<\/div>\n\n\n\n\n\n<div  class=\"section white\">\n\n\t\n\n\n\t\n\t\t<div class=\"container\">\n\t\t\t<div class=\"cell\">\n\n\t\t\t\t\n\t\t\t\t\t\t\t\t\t\t\t<h3>SERG\u00c9 XINIX 0% s\u00f6t\u00e9t\u00edt\u0151 sz\u00f6vetek<\/h3>\n\t\t\t\t\t\n\n\n\t\t\t\t\t\n\t\t\t\t\t\t<div class=\"colors-grid\">\n\n\t\t\t\t\t\t\t\n\t\t\t\t\t\t\t\t<div class=\"color\">\n\n\t\t\t\t\t\t\t\t\t\t\t\t\t\t\t\t\t\t\t<a href=\"https:\/\/nevask.eu\/wp-content\/uploads\/2025\/08\/Serge-Xinix-0-Grey-White-108101.png.webp\" title=\"108101 B Sz\u00fcrke - Feh\u00e9r\">\n\t\t\t\t\t\t\t\t\t\t\t<img decoding=\"async\" src=\"https:\/\/nevask.eu\/wp-content\/uploads\/2025\/08\/Serge-Xinix-0-Grey-White-108101.png.webp\" alt=\"Blackout Serg\u00e9 0% Siv\u00e1-Biela\">\n\t\t\t\t\t\t\t\t\t\t<\/a>\n\t\t\t\t\t\t\t\t\t\n\t\t\t\t\t\t\t\t\t\t\t\t\t\t\t\t\t\t\t<p><strong>108101 B<\/strong><br>Sz\u00fcrke &#8211; Feh\u00e9r<\/p>\n\t\t\t\t\t\t\t\t\t\n\t\t\t\t\t\t\t\t<\/div>\n\n\t\t\t\t\t\t\t\n\t\t\t\t\t\t\t\t<div class=\"color\">\n\n\t\t\t\t\t\t\t\t\t\t\t\t\t\t\t\t\t\t\t<a href=\"https:\/\/nevask.eu\/wp-content\/uploads\/2025\/08\/Serge-Xinix-0-Grey-Siva-108108.png.webp\" title=\"108108 B Sz\u00fcrke\">\n\t\t\t\t\t\t\t\t\t\t\t<img decoding=\"async\" src=\"https:\/\/nevask.eu\/wp-content\/uploads\/2025\/08\/Serge-Xinix-0-Grey-Siva-108108.png.webp\" alt=\"Blackout Serg\u00e9 0% Siv\u00e1\">\n\t\t\t\t\t\t\t\t\t\t<\/a>\n\t\t\t\t\t\t\t\t\t\n\t\t\t\t\t\t\t\t\t\t\t\t\t\t\t\t\t\t\t<p><strong>108108 B<\/strong><br>Sz\u00fcrke<\/p>\n\t\t\t\t\t\t\t\t\t\n\t\t\t\t\t\t\t\t<\/div>\n\n\t\t\t\t\t\t\t\n\t\t\t\t\t\t\t\t<div class=\"color\">\n\n\t\t\t\t\t\t\t\t\t\t\t\t\t\t\t\t\t\t\t<a href=\"https:\/\/nevask.eu\/wp-content\/uploads\/2025\/08\/Serge-Xinix-0-Grey-Sand-108112.png.webp\" title=\"108112 B Sz\u00fcrke - Homok\">\n\t\t\t\t\t\t\t\t\t\t\t<img decoding=\"async\" src=\"https:\/\/nevask.eu\/wp-content\/uploads\/2025\/08\/Serge-Xinix-0-Grey-Sand-108112.png.webp\" alt=\"Blackout Serg\u00e9 0% Siv\u00e1-Piesok\">\n\t\t\t\t\t\t\t\t\t\t<\/a>\n\t\t\t\t\t\t\t\t\t\n\t\t\t\t\t\t\t\t\t\t\t\t\t\t\t\t\t\t\t<p><strong>108112 B<\/strong><br>Sz\u00fcrke &#8211; Homok<\/p>\n\t\t\t\t\t\t\t\t\t\n\t\t\t\t\t\t\t\t<\/div>\n\n\t\t\t\t\t\t\t\n\t\t\t\t\t\t\t\t<div class=\"color\">\n\n\t\t\t\t\t\t\t\t\t\t\t\t\t\t\t\t\t\t\t<a href=\"https:\/\/nevask.eu\/wp-content\/uploads\/2025\/08\/Serge-Xinix-0-Grey-Black-108118.png.webp\" title=\"108118 B Sz\u00fcrke - Fekete\">\n\t\t\t\t\t\t\t\t\t\t\t<img decoding=\"async\" src=\"https:\/\/nevask.eu\/wp-content\/uploads\/2025\/08\/Serge-Xinix-0-Grey-Black-108118.png.webp\" alt=\"Blackout Serg\u00e9 0% Siv\u00e1-\u010cierna\">\n\t\t\t\t\t\t\t\t\t\t<\/a>\n\t\t\t\t\t\t\t\t\t\n\t\t\t\t\t\t\t\t\t\t\t\t\t\t\t\t\t\t\t<p><strong>108118 B<\/strong><br>Sz\u00fcrke &#8211; Fekete<\/p>\n\t\t\t\t\t\t\t\t\t\n\t\t\t\t\t\t\t\t<\/div>\n\n\t\t\t\t\t\t\t\n\t\t\t\t\t\t\t\t<div class=\"color\">\n\n\t\t\t\t\t\t\t\t\t\t\t\t\t\t\t\t\t\t\t<a href=\"https:\/\/nevask.eu\/wp-content\/uploads\/2025\/08\/Serge-Xinix-0-Black-118118.png.webp\" title=\"118118 B Fekete\">\n\t\t\t\t\t\t\t\t\t\t\t<img decoding=\"async\" src=\"https:\/\/nevask.eu\/wp-content\/uploads\/2025\/08\/Serge-Xinix-0-Black-118118.png.webp\" alt=\"Blackout Serg\u00e9 0% \u010cierna\">\n\t\t\t\t\t\t\t\t\t\t<\/a>\n\t\t\t\t\t\t\t\t\t\n\t\t\t\t\t\t\t\t\t\t\t\t\t\t\t\t\t\t\t<p><strong>118118 B<\/strong><br>Fekete<\/p>\n\t\t\t\t\t\t\t\t\t\n\t\t\t\t\t\t\t\t<\/div>\n\n\t\t\t\t\t\t\t\n\t\t\t\t\t\t<\/div>\n\n\t\t\t\t\t\n\t\t\t\t\n\t\t\t<\/div>\n\t\t<\/div>\n\n\t\n<\/div>\n\n\n\n\n\n<div  class=\"section white\">\n\t<div class=\"container full left\">\n\t\t<div class=\"cell\">\n\t\t\t<p>A Serg\u00e9 Xinix 0% s\u00f6t\u00e9t\u00edt\u0151 sz\u00f6vetek a helyis\u00e9gek napf\u00e9nyt\u0151l val\u00f3 teljes els\u00f6t\u00e9t\u00edt\u00e9s\u00e9re szolg\u00e1lnak. Ez\u00e9rt k\u00fcl\u00f6n\u00f6sen alkalmasak h\u00e1l\u00f3szob\u00e1k \u00e9s gyerekszob\u00e1k \u00e1rny\u00e9kol\u00e1s\u00e1ra.<\/p>\n\t\t<\/div>\n\t<\/div>\n<\/div>\n\n\n\n\n\n<div  class=\"section white\">\n\t<div class=\"container full left\">\n\t\t<div class=\"cell\">\n\t\t\t<h2>Tokok \u00e9s tartoz\u00e9kok fel\u00fcletkezel\u00e9se<\/h2>\n\t\t<\/div>\n\t<\/div>\n<\/div>\n\n\n\n\n\n\n\n\n<div  class=\"section white\">\n\t<div class=\"container cols-60p-40p\">\n\n\t\t\n\t\t\t<div class=\"cell center top\">\n\t\t\t\t<img decoding=\"async\" src=\"https:\/\/nevask.eu\/wp-content\/uploads\/2025\/08\/tri-varianty-lakovania-komponentov-L-1024x1024.jpg\" alt=\"Plechy v 3 povrchov\u00fdch \u00faprav\u00e1ch\">\n\t\t\t<\/div>\n\n\t\t\n\n\n\t\t<div class=\"cell\">\n\n\t\t\t<p>A kiv\u00e1lasztott sz\u00f6vet sz\u00edn\u00e9hez \u00e9s strukt\u00far\u00e1j\u00e1hoz ill\u0151 sz\u00edn kiv\u00e1laszt\u00e1s\u00e1hoz b\u00e1rmelyik RAL sz\u00ednt v\u00e1laszthat, amellyre a tokot \u00e9s a tartoz\u00e9kokat sz\u00ednterezhetj\u00fck. \u00cdgy k\u00f6nnyed\u00e9n \u00f6sszehangolhatja a naph\u00e1l\u00f3ja sz\u00edn\u00e9t az ablakok \u00e9s a homlokzat sz\u00edn\u00e9vel.<\/p>\n<p>A v\u00e1lasztott sz\u00ednt\u0151l f\u00fcgg\u0151en 3 fel\u00fcletkezel\u00e9s k\u00f6z\u00fcl v\u00e1laszthat:<\/p>\n<ul>\n<li class=\"p3\">sima f\u00e9lf\u00e9nyes,<\/li>\n<li class=\"p3\">finom strukt\u00far,<\/li>\n<li class=\"p3\">sima matt.<\/li>\n<\/ul>\n<p>A standard RAL sz\u00ednek mindh\u00e1rom kezel\u00e9sben fel\u00e1r n\u00e9lk\u00fcl el\u00e9rhet\u0151k: RAL 9003, RAL 9005, RAL 9006, RAL 9007, RAL 7016, RAL 7021, RAL 7022, RAL 7035, RAL 7037, RAL 7038, RAL 7039<\/p>\n<p>&nbsp;<\/p>\n\n\t\t\t\t\t\t\t<a href=\"https:\/\/nevask.eu\/hu\/arajanlat\/arajanlat-screen-naphalo\/\" target=\"\" class=\"button\">\u00c1raj\u00e1nlat k\u00f6telezetts\u00e9g n\u00e9lk\u00fcl \u2192<\/a>\n\t\t\t\n\t\t<\/div>\n\n\n\n\t\t\n\t<\/div>\n<\/div>\n\n\n\n\n\n<div  class=\"section dark\">\n\t<div class=\"container full left\">\n\t\t<div class=\"cell\">\n\t\t\t<p><img loading=\"lazy\" decoding=\"async\" class=\"wp-image-7776 size-full alignleft\" src=\"https:\/\/nevask.eu\/wp-content\/uploads\/2025\/07\/zaruka-skusenosti-neva.png\" alt=\"\" width=\"300\" height=\"105\" \/>Minden NEVA\u00ae screen naph\u00e1l\u00f3ra\u00a0<strong>5 \u00e9v garanci\u00e1t<\/strong>\u00a0ny\u00fajtunk.<\/p>\n<p>&nbsp;<\/p>\n\t\t<\/div>\n\t<\/div>\n<\/div>\n","protected":false},"excerpt":{"rendered":"","protected":false},"author":52,"featured_media":0,"parent":7764,"menu_order":0,"comment_status":"closed","ping_status":"closed","template":"","meta":{"_acf_changed":false,"inline_featured_image":false,"footnotes":""},"class_list":["post-9567","page","type-page","status-publish","hentry"],"acf":[],"yoast_head":"<!-- This site is optimized with the Yoast SEO plugin v27.5 - https:\/\/yoast.com\/product\/yoast-seo-wordpress\/ -->\n<title>Screen naph\u00e1l\u00f3k sz\u00f6vetsz\u00ednei | NEVA<\/title>\n<meta name=\"description\" content=\"21 standard sz\u00f6vet k\u00f6z\u00fcl v\u00e1laszthat, k\u00fcl\u00f6nb\u00f6z\u0151 s\u00f6t\u00e9t\u00edt\u00e9si szintekkel.\" \/>\n<meta name=\"robots\" content=\"index, follow, max-snippet:-1, max-image-preview:large, max-video-preview:-1\" \/>\n<link rel=\"canonical\" href=\"https:\/\/nevask.eu\/hu\/screen-naphalo-neva\/screen-naphalok-szovetszinei\/\" \/>\n<meta property=\"og:locale\" content=\"hu_HU\" \/>\n<meta property=\"og:type\" content=\"article\" \/>\n<meta property=\"og:title\" content=\"Screen naph\u00e1l\u00f3k sz\u00f6vetsz\u00ednei | NEVA\" \/>\n<meta property=\"og:description\" content=\"21 standard sz\u00f6vet k\u00f6z\u00fcl v\u00e1laszthat, k\u00fcl\u00f6nb\u00f6z\u0151 s\u00f6t\u00e9t\u00edt\u00e9si szintekkel.\" \/>\n<meta property=\"og:url\" content=\"https:\/\/nevask.eu\/hu\/screen-naphalo-neva\/screen-naphalok-szovetszinei\/\" \/>\n<meta property=\"og:site_name\" content=\"NEVA\" \/>\n<meta property=\"article:modified_time\" content=\"2025-09-11T09:41:44+00:00\" \/>\n<meta name=\"twitter:card\" content=\"summary_large_image\" \/>\n<meta name=\"twitter:label1\" content=\"Becs\u00fclt olvas\u00e1si id\u0151\" \/>\n\t<meta name=\"twitter:data1\" content=\"7 perc\" \/>\n<!-- \/ Yoast SEO plugin. -->","yoast_head_json":{"title":"Screen naph\u00e1l\u00f3k sz\u00f6vetsz\u00ednei | NEVA","description":"21 standard sz\u00f6vet k\u00f6z\u00fcl v\u00e1laszthat, k\u00fcl\u00f6nb\u00f6z\u0151 s\u00f6t\u00e9t\u00edt\u00e9si szintekkel.","robots":{"index":"index","follow":"follow","max-snippet":"max-snippet:-1","max-image-preview":"max-image-preview:large","max-video-preview":"max-video-preview:-1"},"canonical":"https:\/\/nevask.eu\/hu\/screen-naphalo-neva\/screen-naphalok-szovetszinei\/","og_locale":"hu_HU","og_type":"article","og_title":"Screen naph\u00e1l\u00f3k sz\u00f6vetsz\u00ednei | NEVA","og_description":"21 standard sz\u00f6vet k\u00f6z\u00fcl v\u00e1laszthat, k\u00fcl\u00f6nb\u00f6z\u0151 s\u00f6t\u00e9t\u00edt\u00e9si szintekkel.","og_url":"https:\/\/nevask.eu\/hu\/screen-naphalo-neva\/screen-naphalok-szovetszinei\/","og_site_name":"NEVA","article_modified_time":"2025-09-11T09:41:44+00:00","twitter_card":"summary_large_image","twitter_misc":{"Becs\u00fclt olvas\u00e1si id\u0151":"7 perc"},"schema":{"@context":"https:\/\/schema.org","@graph":[{"@type":"WebPage","@id":"https:\/\/nevask.eu\/hu\/screen-naphalo-neva\/screen-naphalok-szovetszinei\/","url":"https:\/\/nevask.eu\/hu\/screen-naphalo-neva\/screen-naphalok-szovetszinei\/","name":"Screen naph\u00e1l\u00f3k sz\u00f6vetsz\u00ednei | NEVA","isPartOf":{"@id":"https:\/\/nevask.eu\/hu\/#website"},"datePublished":"2025-08-11T12:22:54+00:00","dateModified":"2025-09-11T09:41:44+00:00","description":"21 standard sz\u00f6vet k\u00f6z\u00fcl v\u00e1laszthat, k\u00fcl\u00f6nb\u00f6z\u0151 s\u00f6t\u00e9t\u00edt\u00e9si szintekkel.","breadcrumb":{"@id":"https:\/\/nevask.eu\/hu\/screen-naphalo-neva\/screen-naphalok-szovetszinei\/#breadcrumb"},"inLanguage":"hu","potentialAction":[{"@type":"ReadAction","target":["https:\/\/nevask.eu\/hu\/screen-naphalo-neva\/screen-naphalok-szovetszinei\/"]}]},{"@type":"BreadcrumbList","@id":"https:\/\/nevask.eu\/hu\/screen-naphalo-neva\/screen-naphalok-szovetszinei\/#breadcrumb","itemListElement":[{"@type":"ListItem","position":1,"name":"Home","item":"https:\/\/nevask.eu\/hu\/"},{"@type":"ListItem","position":2,"name":"Screen naph\u00e1l\u00f3 NEVA","item":"https:\/\/nevask.eu\/hu\/screen-naphalo-neva\/"},{"@type":"ListItem","position":3,"name":"Screen naph\u00e1l\u00f3k sz\u00f6vetsz\u00ednei"}]},{"@type":"WebSite","@id":"https:\/\/nevask.eu\/hu\/#website","url":"https:\/\/nevask.eu\/hu\/","name":"NEVA","description":"Vonkaj\u0161ie \u017eal\u00fazie a screenov\u00e9 rolety","potentialAction":[{"@type":"SearchAction","target":{"@type":"EntryPoint","urlTemplate":"https:\/\/nevask.eu\/hu\/?s={search_term_string}"},"query-input":{"@type":"PropertyValueSpecification","valueRequired":true,"valueName":"search_term_string"}}],"inLanguage":"hu"}]}},"_links":{"self":[{"href":"https:\/\/nevask.eu\/hu\/wp-json\/wp\/v2\/pages\/9567","targetHints":{"allow":["GET"]}}],"collection":[{"href":"https:\/\/nevask.eu\/hu\/wp-json\/wp\/v2\/pages"}],"about":[{"href":"https:\/\/nevask.eu\/hu\/wp-json\/wp\/v2\/types\/page"}],"author":[{"embeddable":true,"href":"https:\/\/nevask.eu\/hu\/wp-json\/wp\/v2\/users\/52"}],"replies":[{"embeddable":true,"href":"https:\/\/nevask.eu\/hu\/wp-json\/wp\/v2\/comments?post=9567"}],"version-history":[{"count":4,"href":"https:\/\/nevask.eu\/hu\/wp-json\/wp\/v2\/pages\/9567\/revisions"}],"predecessor-version":[{"id":10207,"href":"https:\/\/nevask.eu\/hu\/wp-json\/wp\/v2\/pages\/9567\/revisions\/10207"}],"up":[{"embeddable":true,"href":"https:\/\/nevask.eu\/hu\/wp-json\/wp\/v2\/pages\/7764"}],"wp:attachment":[{"href":"https:\/\/nevask.eu\/hu\/wp-json\/wp\/v2\/media?parent=9567"}],"curies":[{"name":"wp","href":"https:\/\/api.w.org\/{rel}","templated":true}]}}