{"id":10114,"date":"2025-07-16T20:03:01","date_gmt":"2025-07-16T18:03:01","guid":{"rendered":"https:\/\/nevask.eu\/?page_id=10114"},"modified":"2025-11-10T14:31:20","modified_gmt":"2025-11-10T13:31:20","slug":"culori-jaluzele-exterioare","status":"publish","type":"page","link":"https:\/\/nevask.eu\/ro\/jaluzele-exterioare-neva\/culori-jaluzele-exterioare\/","title":{"rendered":"Culori pentru jaluzele"},"content":{"rendered":"\n\n\n\n\n\n<div class=\"section narrow white\">\n\t<div class=\"container\">\n\t\t<div class=\"cell\">\n\t\t\t<ul class=\"breadcrumbs\">\n\t\t\t\t<li><a href=\"https:\/\/nevask.eu\/ro\/\">Home<\/a><\/li>\n\n\t\t\t\t\n\t\t\t<\/ul>\n\t\t<\/div>\n\t<\/div>\n<\/div>\n\n\n\n\n\n<div  class=\"section full-image\">\n\t<div class=\"container\">\n\t\t<div class=\"cell image h420\">\n\n\t\t\t\t\t\t\t<img decoding=\"async\" src=\"https:\/\/nevask.eu\/wp-content\/uploads\/2025\/07\/Farby-lamiel-zaluzii-NEVA.jpg.webp\" alt=\"\u017dena porovn\u00e1va farby pre \u017eal\u00fazie NEVA\">\n\t\t\t\n\t\t<\/div>\n\t<\/div>\n<\/div>\n\n\n\n\n\n<div  class=\"section white\">\n\n\t\n\t\t<div class=\"container intro\">\n\t\t\t<div class=\"cell\">\n\t\t\t\t<h1>Paleta de culori pentru jaluzelele exterioare NEVA<\/h1>\n<p class=\"p-large\">V\u0103 oferim o selec\u021bie de 22 de culori standard, f\u0103r\u0103 costuri suplimentare, disponibile \u00een finisaj cu textur\u0103 fin\u0103 sau suprafa\u021b\u0103 neted\u0103.<\/p>\n\t\t\t<\/div>\n\t\t<\/div>\n\n\t\n\n\n\t\n\t\t<div class=\"container\">\n\t\t\t<div class=\"cell\">\n\n\t\t\t\t\n\t\t\t\t\t\t\t\t\t\t\t<h3>Cele mai populare culori pentru jaluzele<\/h3>\n\t\t\t\t\t\n\n\n\t\t\t\t\t\n\t\t\t\t\t\t<div class=\"colors-grid\">\n\n\t\t\t\t\t\t\t\n\t\t\t\t\t\t\t\t<div class=\"color\">\n\n\t\t\t\t\t\t\t\t\t\t\t\t\t\t\t\t\t\t\t<a href=\"https:\/\/nevask.eu\/wp-content\/uploads\/2025\/06\/716-antracit.png.webp\" title=\"716 Gri antracit\">\n\t\t\t\t\t\t\t\t\t\t\t<img decoding=\"async\" src=\"https:\/\/nevask.eu\/wp-content\/uploads\/2025\/06\/716-antracit.png.webp\" alt=\"\">\n\t\t\t\t\t\t\t\t\t\t<\/a>\n\t\t\t\t\t\t\t\t\t\n\t\t\t\t\t\t\t\t\t\t\t\t\t\t\t\t\t\t\t<p><strong>716<\/strong><br>Gri antracit<\/p>\n\t\t\t\t\t\t\t\t\t\n\t\t\t\t\t\t\t\t<\/div>\n\n\t\t\t\t\t\t\t\n\t\t\t\t\t\t\t\t<div class=\"color\">\n\n\t\t\t\t\t\t\t\t\t\t\t\t\t\t\t\t\t\t\t<a href=\"https:\/\/nevask.eu\/wp-content\/uploads\/2025\/06\/140H-strieborna.png.webp\" title=\"140H Argintiu neted\">\n\t\t\t\t\t\t\t\t\t\t\t<img decoding=\"async\" src=\"https:\/\/nevask.eu\/wp-content\/uploads\/2025\/06\/140H-strieborna.png.webp\" alt=\"Farba Strieborn\u00e1 140 hladk\u00e1\">\n\t\t\t\t\t\t\t\t\t\t<\/a>\n\t\t\t\t\t\t\t\t\t\n\t\t\t\t\t\t\t\t\t\t\t\t\t\t\t\t\t\t\t<p><strong>140H<\/strong><br>Argintiu neted<\/p>\n\t\t\t\t\t\t\t\t\t\n\t\t\t\t\t\t\t\t<\/div>\n\n\t\t\t\t\t\t\t\n\t\t\t\t\t\t\t\t<div class=\"color\">\n\n\t\t\t\t\t\t\t\t\t\t\t\t\t\t\t\t\t\t\t<a href=\"https:\/\/nevask.eu\/wp-content\/uploads\/2025\/06\/780-bronzova.png.webp\" title=\"780 Bronz\">\n\t\t\t\t\t\t\t\t\t\t\t<img decoding=\"async\" src=\"https:\/\/nevask.eu\/wp-content\/uploads\/2025\/06\/780-bronzova.png.webp\" alt=\"\">\n\t\t\t\t\t\t\t\t\t\t<\/a>\n\t\t\t\t\t\t\t\t\t\n\t\t\t\t\t\t\t\t\t\t\t\t\t\t\t\t\t\t\t<p><strong>780<\/strong><br>Bronz<\/p>\n\t\t\t\t\t\t\t\t\t\n\t\t\t\t\t\t\t\t<\/div>\n\n\t\t\t\t\t\t\t\n\t\t\t\t\t\t\t\t<div class=\"color\">\n\n\t\t\t\t\t\t\t\t\t\t\t\t\t\t\t\t\t\t\t<a href=\"https:\/\/nevask.eu\/wp-content\/uploads\/2025\/06\/DB703-tmavoseda1.png.webp\" title=\"DB703 Gri \u00eenchis\">\n\t\t\t\t\t\t\t\t\t\t\t<img decoding=\"async\" src=\"https:\/\/nevask.eu\/wp-content\/uploads\/2025\/06\/DB703-tmavoseda1.png.webp\" alt=\"\">\n\t\t\t\t\t\t\t\t\t\t<\/a>\n\t\t\t\t\t\t\t\t\t\n\t\t\t\t\t\t\t\t\t\t\t\t\t\t\t\t\t\t\t<p><strong>DB703<\/strong><br>Gri \u00eenchis<\/p>\n\t\t\t\t\t\t\t\t\t\n\t\t\t\t\t\t\t\t<\/div>\n\n\t\t\t\t\t\t\t\n\t\t\t\t\t\t\t\t<div class=\"color\">\n\n\t\t\t\t\t\t\t\t\t\t\t\t\t\t\t\t\t\t\t<a href=\"https:\/\/nevask.eu\/wp-content\/uploads\/2025\/06\/71-hneda.png.webp\" title=\"071 Maro castaniu\">\n\t\t\t\t\t\t\t\t\t\t\t<img decoding=\"async\" src=\"https:\/\/nevask.eu\/wp-content\/uploads\/2025\/06\/71-hneda.png.webp\" alt=\"\">\n\t\t\t\t\t\t\t\t\t\t<\/a>\n\t\t\t\t\t\t\t\t\t\n\t\t\t\t\t\t\t\t\t\t\t\t\t\t\t\t\t\t\t<p><strong>071<\/strong><br>Maro castaniu<\/p>\n\t\t\t\t\t\t\t\t\t\n\t\t\t\t\t\t\t\t<\/div>\n\n\t\t\t\t\t\t\t\n\t\t\t\t\t\t\t\t<div class=\"color\">\n\n\t\t\t\t\t\t\t\t\t\t\t\t\t\t\t\t\t\t\t<a href=\"https:\/\/nevask.eu\/wp-content\/uploads\/2025\/06\/FarbaNEVA010-Snehovobiela.png.webp\" title=\"010 Alb pur\">\n\t\t\t\t\t\t\t\t\t\t\t<img decoding=\"async\" src=\"https:\/\/nevask.eu\/wp-content\/uploads\/2025\/06\/FarbaNEVA010-Snehovobiela.png.webp\" alt=\"\">\n\t\t\t\t\t\t\t\t\t\t<\/a>\n\t\t\t\t\t\t\t\t\t\n\t\t\t\t\t\t\t\t\t\t\t\t\t\t\t\t\t\t\t<p><strong>010<\/strong><br>Alb pur<\/p>\n\t\t\t\t\t\t\t\t\t\n\t\t\t\t\t\t\t\t<\/div>\n\n\t\t\t\t\t\t\t\n\t\t\t\t\t\t<\/div>\n\n\t\t\t\t\t\n\t\t\t\t\n\t\t\t\t\t\t\t\t\t\t\t<h3>Alte culori standard f\u0103r\u0103 costuri suplimentare<\/h3>\n\t\t\t\t\t\n\n\n\t\t\t\t\t\n\t\t\t\t\t\t<div class=\"colors-grid\">\n\n\t\t\t\t\t\t\t\n\t\t\t\t\t\t\t\t<div class=\"color\">\n\n\t\t\t\t\t\t\t\t\t\t\t\t\t\t\t\t\t\t\t<a href=\"https:\/\/nevask.eu\/wp-content\/uploads\/2025\/06\/110-sedobezova.png.webp\" title=\"110 Bej pudrat\">\n\t\t\t\t\t\t\t\t\t\t\t<img decoding=\"async\" src=\"https:\/\/nevask.eu\/wp-content\/uploads\/2025\/06\/110-sedobezova.png.webp\" alt=\"\">\n\t\t\t\t\t\t\t\t\t\t<\/a>\n\t\t\t\t\t\t\t\t\t\n\t\t\t\t\t\t\t\t\t\t\t\t\t\t\t\t\t\t\t<p><strong>110<\/strong><br>Bej pudrat<\/p>\n\t\t\t\t\t\t\t\t\t\n\t\t\t\t\t\t\t\t<\/div>\n\n\t\t\t\t\t\t\t\n\t\t\t\t\t\t\t\t<div class=\"color\">\n\n\t\t\t\t\t\t\t\t\t\t\t\t\t\t\t\t\t\t\t<a href=\"https:\/\/nevask.eu\/wp-content\/uploads\/2025\/06\/130-seda.png.webp\" title=\"130 Gri\">\n\t\t\t\t\t\t\t\t\t\t\t<img decoding=\"async\" src=\"https:\/\/nevask.eu\/wp-content\/uploads\/2025\/06\/130-seda.png.webp\" alt=\"\">\n\t\t\t\t\t\t\t\t\t\t<\/a>\n\t\t\t\t\t\t\t\t\t\n\t\t\t\t\t\t\t\t\t\t\t\t\t\t\t\t\t\t\t<p><strong>130<\/strong><br>Gri<\/p>\n\t\t\t\t\t\t\t\t\t\n\t\t\t\t\t\t\t\t<\/div>\n\n\t\t\t\t\t\t\t\n\t\t\t\t\t\t\t\t<div class=\"color\">\n\n\t\t\t\t\t\t\t\t\t\t\t\t\t\t\t\t\t\t\t<a href=\"https:\/\/nevask.eu\/wp-content\/uploads\/2025\/06\/140-strieborna1.png.webp\" title=\"140 Argintiu\">\n\t\t\t\t\t\t\t\t\t\t\t<img decoding=\"async\" src=\"https:\/\/nevask.eu\/wp-content\/uploads\/2025\/06\/140-strieborna1.png.webp\" alt=\"\">\n\t\t\t\t\t\t\t\t\t\t<\/a>\n\t\t\t\t\t\t\t\t\t\n\t\t\t\t\t\t\t\t\t\t\t\t\t\t\t\t\t\t\t<p><strong>140<\/strong><br>Argintiu<\/p>\n\t\t\t\t\t\t\t\t\t\n\t\t\t\t\t\t\t\t<\/div>\n\n\t\t\t\t\t\t\t\n\t\t\t\t\t\t\t\t<div class=\"color\">\n\n\t\t\t\t\t\t\t\t\t\t\t\t\t\t\t\t\t\t\t<a href=\"https:\/\/nevask.eu\/wp-content\/uploads\/2025\/06\/240-svetlebezova.png.webp\" title=\"240 Bej deschis\">\n\t\t\t\t\t\t\t\t\t\t\t<img decoding=\"async\" src=\"https:\/\/nevask.eu\/wp-content\/uploads\/2025\/06\/240-svetlebezova.png.webp\" alt=\"\">\n\t\t\t\t\t\t\t\t\t\t<\/a>\n\t\t\t\t\t\t\t\t\t\n\t\t\t\t\t\t\t\t\t\t\t\t\t\t\t\t\t\t\t<p><strong>240<\/strong><br>Bej deschis<\/p>\n\t\t\t\t\t\t\t\t\t\n\t\t\t\t\t\t\t\t<\/div>\n\n\t\t\t\t\t\t\t\n\t\t\t\t\t\t\t\t<div class=\"color\">\n\n\t\t\t\t\t\t\t\t\t\t\t\t\t\t\t\t\t\t\t<a href=\"https:\/\/nevask.eu\/wp-content\/uploads\/2025\/06\/330-cervenopurpurova.png.webp\" title=\"330 Ro\u0219u \u00eenchis\">\n\t\t\t\t\t\t\t\t\t\t\t<img decoding=\"async\" src=\"https:\/\/nevask.eu\/wp-content\/uploads\/2025\/06\/330-cervenopurpurova.png.webp\" alt=\"\">\n\t\t\t\t\t\t\t\t\t\t<\/a>\n\t\t\t\t\t\t\t\t\t\n\t\t\t\t\t\t\t\t\t\t\t\t\t\t\t\t\t\t\t<p><strong>330<\/strong><br>Ro\u0219u \u00eenchis<\/p>\n\t\t\t\t\t\t\t\t\t\n\t\t\t\t\t\t\t\t<\/div>\n\n\t\t\t\t\t\t\t\n\t\t\t\t\t\t\t\t<div class=\"color\">\n\n\t\t\t\t\t\t\t\t\t\t\t\t\t\t\t\t\t\t\t<a href=\"https:\/\/nevask.eu\/wp-content\/uploads\/2025\/06\/721-ciernoseda.png.webp\" title=\"721 Gri \u00eenchis\">\n\t\t\t\t\t\t\t\t\t\t\t<img decoding=\"async\" src=\"https:\/\/nevask.eu\/wp-content\/uploads\/2025\/06\/721-ciernoseda.png.webp\" alt=\"\">\n\t\t\t\t\t\t\t\t\t\t<\/a>\n\t\t\t\t\t\t\t\t\t\n\t\t\t\t\t\t\t\t\t\t\t\t\t\t\t\t\t\t\t<p><strong>721<\/strong><br>Gri \u00eenchis<\/p>\n\t\t\t\t\t\t\t\t\t\n\t\t\t\t\t\t\t\t<\/div>\n\n\t\t\t\t\t\t\t\n\t\t\t\t\t\t\t\t<div class=\"color\">\n\n\t\t\t\t\t\t\t\t\t\t\t\t\t\t\t\t\t\t\t<a href=\"https:\/\/nevask.eu\/wp-content\/uploads\/2025\/06\/722-zltohneda.png.webp\" title=\"722 Gri umbros\">\n\t\t\t\t\t\t\t\t\t\t\t<img decoding=\"async\" src=\"https:\/\/nevask.eu\/wp-content\/uploads\/2025\/06\/722-zltohneda.png.webp\" alt=\"\">\n\t\t\t\t\t\t\t\t\t\t<\/a>\n\t\t\t\t\t\t\t\t\t\n\t\t\t\t\t\t\t\t\t\t\t\t\t\t\t\t\t\t\t<p><strong>722<\/strong><br>Gri umbros<\/p>\n\t\t\t\t\t\t\t\t\t\n\t\t\t\t\t\t\t\t<\/div>\n\n\t\t\t\t\t\t\t\n\t\t\t\t\t\t\t\t<div class=\"color\">\n\n\t\t\t\t\t\t\t\t\t\t\t\t\t\t\t\t\t\t\t<a href=\"https:\/\/nevask.eu\/wp-content\/uploads\/2025\/06\/735-svetloseda.png.webp\" title=\"735 Gri deschis\">\n\t\t\t\t\t\t\t\t\t\t\t<img decoding=\"async\" src=\"https:\/\/nevask.eu\/wp-content\/uploads\/2025\/06\/735-svetloseda.png.webp\" alt=\"\">\n\t\t\t\t\t\t\t\t\t\t<\/a>\n\t\t\t\t\t\t\t\t\t\n\t\t\t\t\t\t\t\t\t\t\t\t\t\t\t\t\t\t\t<p><strong>735<\/strong><br>Gri deschis<\/p>\n\t\t\t\t\t\t\t\t\t\n\t\t\t\t\t\t\t\t<\/div>\n\n\t\t\t\t\t\t\t\n\t\t\t\t\t\t\t\t<div class=\"color\">\n\n\t\t\t\t\t\t\t\t\t\t\t\t\t\t\t\t\t\t\t<a href=\"https:\/\/nevask.eu\/wp-content\/uploads\/2025\/06\/737-prachovoseda.png.webp\" title=\"737 Gri cenu\u0219iu\">\n\t\t\t\t\t\t\t\t\t\t\t<img decoding=\"async\" src=\"https:\/\/nevask.eu\/wp-content\/uploads\/2025\/06\/737-prachovoseda.png.webp\" alt=\"\">\n\t\t\t\t\t\t\t\t\t\t<\/a>\n\t\t\t\t\t\t\t\t\t\n\t\t\t\t\t\t\t\t\t\t\t\t\t\t\t\t\t\t\t<p><strong>737<\/strong><br>Gri cenu\u0219iu<\/p>\n\t\t\t\t\t\t\t\t\t\n\t\t\t\t\t\t\t\t<\/div>\n\n\t\t\t\t\t\t\t\n\t\t\t\t\t\t\t\t<div class=\"color\">\n\n\t\t\t\t\t\t\t\t\t\t\t\t\t\t\t\t\t\t\t<a href=\"https:\/\/nevask.eu\/wp-content\/uploads\/2025\/06\/905-cierna.png.webp\" title=\"905 Negru\">\n\t\t\t\t\t\t\t\t\t\t\t<img decoding=\"async\" src=\"https:\/\/nevask.eu\/wp-content\/uploads\/2025\/06\/905-cierna.png.webp\" alt=\"\">\n\t\t\t\t\t\t\t\t\t\t<\/a>\n\t\t\t\t\t\t\t\t\t\n\t\t\t\t\t\t\t\t\t\t\t\t\t\t\t\t\t\t\t<p><strong>905<\/strong><br>Negru<\/p>\n\t\t\t\t\t\t\t\t\t\n\t\t\t\t\t\t\t\t<\/div>\n\n\t\t\t\t\t\t\t\n\t\t\t\t\t\t\t\t<div class=\"color\">\n\n\t\t\t\t\t\t\t\t\t\t\t\t\t\t\t\t\t\t\t<a href=\"https:\/\/nevask.eu\/wp-content\/uploads\/2025\/08\/Farba-NEVA-907-Siva-metalicka.png.webp\" title=\"907 Gri argintiu\">\n\t\t\t\t\t\t\t\t\t\t\t<img decoding=\"async\" src=\"https:\/\/nevask.eu\/wp-content\/uploads\/2025\/08\/Farba-NEVA-907-Siva-metalicka.png.webp\" alt=\"907 siv\u00e1 metalick\u00e1 farba\">\n\t\t\t\t\t\t\t\t\t\t<\/a>\n\t\t\t\t\t\t\t\t\t\n\t\t\t\t\t\t\t\t\t\t\t\t\t\t\t\t\t\t\t<p><strong>907<\/strong><br>Gri argintiu<\/p>\n\t\t\t\t\t\t\t\t\t\n\t\t\t\t\t\t\t\t<\/div>\n\n\t\t\t\t\t\t\t\n\t\t\t\t\t\t\t\t<div class=\"color\">\n\n\t\t\t\t\t\t\t\t\t\t\t\t\t\t\t\t\t\t\t<a href=\"https:\/\/nevask.eu\/wp-content\/uploads\/2025\/06\/908-bronzovoseda.png.webp\" title=\"908 Bronz \u00eenchis\">\n\t\t\t\t\t\t\t\t\t\t\t<img decoding=\"async\" src=\"https:\/\/nevask.eu\/wp-content\/uploads\/2025\/06\/908-bronzovoseda.png.webp\" alt=\"908 Grafitov\u00e1 siv\u00e1 farba\">\n\t\t\t\t\t\t\t\t\t\t<\/a>\n\t\t\t\t\t\t\t\t\t\n\t\t\t\t\t\t\t\t\t\t\t\t\t\t\t\t\t\t\t<p><strong>908<\/strong><br>Bronz \u00eenchis<\/p>\n\t\t\t\t\t\t\t\t\t\n\t\t\t\t\t\t\t\t<\/div>\n\n\t\t\t\t\t\t\t\n\t\t\t\t\t\t\t\t<div class=\"color\">\n\n\t\t\t\t\t\t\t\t\t\t\t\t\t\t\t\t\t\t\t<a href=\"https:\/\/nevask.eu\/wp-content\/uploads\/2025\/06\/910-biela.png.webp\" title=\"910 Alb\">\n\t\t\t\t\t\t\t\t\t\t\t<img decoding=\"async\" src=\"https:\/\/nevask.eu\/wp-content\/uploads\/2025\/06\/910-biela.png.webp\" alt=\"910 Kr\u00e9mov\u00e1 biela\">\n\t\t\t\t\t\t\t\t\t\t<\/a>\n\t\t\t\t\t\t\t\t\t\n\t\t\t\t\t\t\t\t\t\t\t\t\t\t\t\t\t\t\t<p><strong>910<\/strong><br>Alb<\/p>\n\t\t\t\t\t\t\t\t\t\n\t\t\t\t\t\t\t\t<\/div>\n\n\t\t\t\t\t\t\t\n\t\t\t\t\t\t\t\t<div class=\"color\">\n\n\t\t\t\t\t\t\t\t\t\t\t\t\t\t\t\t\t\t\t<a href=\"https:\/\/nevask.eu\/wp-content\/uploads\/2025\/06\/266-ciernozelena2.png.webp\" title=\"266 Negru verzui\">\n\t\t\t\t\t\t\t\t\t\t\t<img decoding=\"async\" src=\"https:\/\/nevask.eu\/wp-content\/uploads\/2025\/06\/266-ciernozelena2.png.webp\" alt=\"266 \u010cierna metalick\u00e1\">\n\t\t\t\t\t\t\t\t\t\t<\/a>\n\t\t\t\t\t\t\t\t\t\n\t\t\t\t\t\t\t\t\t\t\t\t\t\t\t\t\t\t\t<p><strong>266<\/strong><br>Negru verzui<\/p>\n\t\t\t\t\t\t\t\t\t\n\t\t\t\t\t\t\t\t<\/div>\n\n\t\t\t\t\t\t\t\n\t\t\t\t\t\t\t\t<div class=\"color\">\n\n\t\t\t\t\t\t\t\t\t\t\t\t\t\t\t\t\t\t\t<a href=\"https:\/\/nevask.eu\/wp-content\/uploads\/2025\/06\/739-kremennaseda2.png.webp\" title=\"739 Gri cuar\u021b\">\n\t\t\t\t\t\t\t\t\t\t\t<img decoding=\"async\" src=\"https:\/\/nevask.eu\/wp-content\/uploads\/2025\/06\/739-kremennaseda2.png.webp\" alt=\"739 Kremenn\u00e1 siv\u00e1 farba\">\n\t\t\t\t\t\t\t\t\t\t<\/a>\n\t\t\t\t\t\t\t\t\t\n\t\t\t\t\t\t\t\t\t\t\t\t\t\t\t\t\t\t\t<p><strong>739<\/strong><br>Gri cuar\u021b<\/p>\n\t\t\t\t\t\t\t\t\t\n\t\t\t\t\t\t\t\t<\/div>\n\n\t\t\t\t\t\t\t\n\t\t\t\t\t\t\t\t<div class=\"color\">\n\n\t\t\t\t\t\t\t\t\t\t\t\t\t\t\t\t\t\t\t<a href=\"https:\/\/nevask.eu\/wp-content\/uploads\/2025\/06\/YW359F-ciernypiseok2.png.webp\" title=\"YW395F Nisip negru\">\n\t\t\t\t\t\t\t\t\t\t\t<img decoding=\"async\" src=\"https:\/\/nevask.eu\/wp-content\/uploads\/2025\/06\/YW359F-ciernypiseok2.png.webp\" alt=\"YW359F Farba - \u010dierny piesok\">\n\t\t\t\t\t\t\t\t\t\t<\/a>\n\t\t\t\t\t\t\t\t\t\n\t\t\t\t\t\t\t\t\t\t\t\t\t\t\t\t\t\t\t<p><strong>YW395F<\/strong><br>Nisip negru<\/p>\n\t\t\t\t\t\t\t\t\t\n\t\t\t\t\t\t\t\t<\/div>\n\n\t\t\t\t\t\t\t\n\t\t\t\t\t\t<\/div>\n\n\t\t\t\t\t\n\t\t\t\t\n\t\t\t\t\t\t\t\t\t\t\t<h3>Culoare cu cost suplimentar, dar cu termenul de livrare standard<\/h3>\n\t\t\t\t\t\n\n\n\t\t\t\t\t\n\t\t\t\t\t\t<div class=\"colors-grid\">\n\n\t\t\t\t\t\t\t\n\t\t\t\t\t\t\t\t<div class=\"color\">\n\n\t\t\t\t\t\t\t\t\t\t\t\t\t\t\t\t\t\t\t<a href=\"https:\/\/nevask.eu\/wp-content\/uploads\/2025\/07\/Farba-NEVA-220-Zelena-1.png.webp\" title=\"220 Verde\">\n\t\t\t\t\t\t\t\t\t\t\t<img decoding=\"async\" src=\"https:\/\/nevask.eu\/wp-content\/uploads\/2025\/07\/Farba-NEVA-220-Zelena-1.png.webp\" alt=\"Farba NEVA 220 - Zelena\u0301\">\n\t\t\t\t\t\t\t\t\t\t<\/a>\n\t\t\t\t\t\t\t\t\t\n\t\t\t\t\t\t\t\t\t\t\t\t\t\t\t\t\t\t\t<p><strong>220<\/strong><br>Verde<\/p>\n\t\t\t\t\t\t\t\t\t\n\t\t\t\t\t\t\t\t<\/div>\n\n\t\t\t\t\t\t\t\n\t\t\t\t\t\t<\/div>\n\n\t\t\t\t\t\n\t\t\t\t\n\t\t\t<\/div>\n\t\t<\/div>\n\n\t\n<\/div>\n\n\n\n\n\n<div  class=\"section tint\">\n\t<div class=\"container full left\">\n\t\t<div class=\"cell\">\n\t\t\t<p>O gam\u0103 variat\u0103 de culori f\u0103r\u0103 cost suplimentar este disponibil\u0103 pentru jaluzelele <a href=\"https:\/\/nevask.eu\/ro\/jaluzele-exterioare-neva\/jaluzele-exterioare-neva-z-90\/\">NEVA Z-90<\/a>, <a href=\"https:\/\/nevask.eu\/ro\/jaluzele-exterioare-neva\/jaluzele-exterioare-neva-z70\/\">NEVA Z-70<\/a>, <a href=\"https:\/\/nevask.eu\/ro\/jaluzele-exterioare-neva\/jaluzele-exterioare-neva-s90\/\">NEVA S-90<\/a> \u0219i <a href=\"https:\/\/nevask.eu\/ro\/jaluzele-exterioare-neva\/jaluzele-exterioare-neva-c80\/\">NEVA C-80<\/a>.<\/p>\n<p>Pentru modelele <a href=\"https:\/\/nevask.eu\/ro\/jaluzele-exterioare-neva\/jaluzele-exterioare-neva-c65\/\">NEVA C-65<\/a> \u0219i <a href=\"https:\/\/nevask.eu\/ro\/jaluzele-exterioare-neva\/jaluzele-exterioare-neva-f80\/\">NEVA F-80<\/a>, selec\u021bia culorilor standard este mai restr\u00e2ns\u0103.<\/p>\n<p>Re\u021bine\u021bi c\u0103 afi\u0219area culorilor poate diferi \u00een func\u021bie de set\u0103rile monitorului sau ecranului telefonului dumneavoastr\u0103.<\/p>\n<p>\u00cenainte de a alege definitiv culoarea pentru noile jaluzele exterioare, v\u0103 recomand\u0103m s\u0103 vizita\u021bi unul dintre <a href=\"https:\/\/nevask.eu\/ro\/dealeri-neva\/\">distribuitorii no\u0219tri<\/a> \u0219i s\u0103 solicita\u021bi mostre de culoare.<\/p>\n\t\t<\/div>\n\t<\/div>\n<\/div>\n\n\n\n\n\n<div  class=\"section white\">\n\t<div class=\"container full left\">\n\t\t<div class=\"cell\">\n\t\t\t<p><strong>Recomandarea noastr\u0103:<\/strong><br \/>\nPentru o alegere corect\u0103, selecta\u021bi culoarea din mostre \u00een lumina natural\u0103 a zilei.<\/p>\n\t\t<\/div>\n\t<\/div>\n<\/div>\n\n\n\n\n\n\n\n\n<div  class=\"section dark\">\n\t<div class=\"container cols-60p-40p\">\n\n\t\t\n\n\n\t\t<div class=\"cell\">\n\n\t\t\t<div class=\"h3\">Ave\u021bi o culoare special\u0103 \u00een proiect? Nicio grij\u0103!<\/div>\n<p class=\"p-large\">Putem produce jaluzelele exterioare \u00een orice nuan\u021b\u0103 RAL, contra cost.<\/p>\n\n\t\t\t\t\t\t\t<a href=\"https:\/\/nevask.eu\/ro\/oferta-de-pret\/\" target=\"\" class=\"button\">Oferta de pre\u021b \u2192<\/a>\n\t\t\t\n\t\t<\/div>\n\n\n\n\t\t\n\t<\/div>\n<\/div>\n\n\n\n\n\n\n\n\n<div  class=\"section white\">\n\t<div class=\"container cols-50p\">\n\n\t\t\n\n\n\t\t<div class=\"cell\">\n\n\t\t\t<h2>Culoare \u0219i luciu de durat\u0103<\/h2>\n<p>At\u00e2t nuan\u021bele fine, c\u00e2t \u0219i cele texturate rezist\u0103 foarte bine la radia\u021biile UV \u0219i protejeaz\u0103 jaluzelele exterioare de coroziune.<\/p>\n<p>Soarele puternic poate estompa treptat orice culoare, diferen\u021ba fiind doar c\u00e2t de rapid \u0219i c\u00e2t de mult.<\/p>\n<p>Mul\u021bumit\u0103 lacului de \u00eenalt\u0103 calitate folosit la fabricare, <a href=\"https:\/\/nevask.eu\/ro\/jaluzele-exterioare-neva\/\">jaluzelele NEVA<\/a> \u00ee\u0219i p\u0103streaz\u0103 culoarea \u0219i luciul pentru mult timp \u2013 chiar \u0219i \u00een cele mai dificile condi\u021bii climatice<\/p>\n\n\t\t\t\n\t\t<\/div>\n\n\n\n\t\t\n\t\t\t<div class=\"cell center vcenter\">\n\t\t\t\t<img decoding=\"async\" src=\"https:\/\/nevask.eu\/wp-content\/uploads\/2025\/07\/Lamela-zaluzie-NEVA-v-strukture-1024x1024.jpg\" alt=\"Lamela \u017eal\u00fazie NEVA v jemnej \u0161trukt\u00fare\">\n\t\t\t<\/div>\n\n\t\t\n\t<\/div>\n<\/div>\n\n\n\n\n\n<div  class=\"section white\">\n\t<div class=\"container full left\">\n\t\t<div class=\"cell\">\n\t\t\t<h2>Finisarea suprafe\u021bei pl\u0103cilor de acoperire \u0219i a accesoriilor<\/h2>\n\t\t<\/div>\n\t<\/div>\n<\/div>\n\n\n\n\n\n\n\n\n<div  class=\"section white\">\n\t<div class=\"container cols-60p-40p\">\n\n\t\t\n\t\t\t<div class=\"cell center top\">\n\t\t\t\t<img decoding=\"async\" src=\"https:\/\/nevask.eu\/wp-content\/uploads\/2025\/07\/3-varianty-lakovania-NEVA-1024x748.jpg\" alt=\"Uk\u00e1\u017eky 3 varintov lakovania pr\u00edslu\u0161enstva \u017eal\u00fazi\u00ed NEVA\">\n\t\t\t<\/div>\n\n\t\t\n\n\n\t\t<div class=\"cell\">\n\n\t\t\t<p class=\"p1\">Carcase, suporturi, ghidaje \u0219i profile inferioare sunt vopsite \u00een propriul noastru atelier de vopsire \u00een c\u00e2mp electrostatic<\/p>\n<p class=\"p1\">Toate <a href=\"https:\/\/nevask.eu\/ro\/dictionar-de-termeni\/culorile-ral\/\">culorile RAL<\/a> asociate cu nuan\u021bele standard ale <a href=\"https:\/\/nevask.eu\/ro\/jaluzele-exterioare-neva\/\">jaluzelelor NEVA<\/a> pot fi realizate \u00een 3 tipuri de finisaje:<\/p>\n<ul>\n<li class=\"p3\">semilucios,<\/li>\n<li class=\"p1\">textur\u0103 fin\u0103,<\/li>\n<li class=\"p3\">mat neted.<\/li>\n<\/ul>\n<p><strong>Cum func\u021bioneaz\u0103?<\/strong><\/p>\n<p>Fiecare culoare a lamelei are o nuan\u021b\u0103 potrivit\u0103 pentru accesoriile aferente.<\/p>\n<p>De exemplu, dac\u0103 alege\u021bi lamelele \u00een argintiu 140, culoarea recomandat\u0103 pentru <a href=\"https:\/\/nevask.eu\/ro\/jaluzele-exterioare-neva\/placi-de-acoperire-console\/\">placa de acoperire<\/a> \u0219i ghidaje este RAL 9006. Pentru accesorii, pute\u021bi opta pentru un finisaj semilucios, texturat fin sau mat neted.<\/p>\n<p>Alegerea v\u0103 apar\u021bin<\/p>\n\n\t\t\t\t\t\t\t<a href=\"https:\/\/nevask.eu\/ro\/oferta-de-pret\/\" target=\"\" class=\"button\">Oferta de pre\u021b \u2192<\/a>\n\t\t\t\n\t\t<\/div>\n\n\n\n\t\t\n\t<\/div>\n<\/div>\n\n\n\n\n\n<div  class=\"section dark\">\n\t<div class=\"container full left\">\n\t\t<div class=\"cell\">\n\t\t\t<p><img loading=\"lazy\" decoding=\"async\" class=\"wp-image-8254  alignnone\" src=\"https:\/\/nevask.eu\/wp-content\/uploads\/2025\/07\/zaruka-skusenosti-neva-1.png\" alt=\"\" width=\"300\" height=\"105\" \/>Toate jaluzelele NEVA\u00ae vin cu o garan\u021bie de 5 ani.e.<\/p>\n\t\t<\/div>\n\t<\/div>\n<\/div>\n","protected":false},"excerpt":{"rendered":"","protected":false},"author":52,"featured_media":5080,"parent":8214,"menu_order":0,"comment_status":"closed","ping_status":"closed","template":"","meta":{"_acf_changed":false,"inline_featured_image":false,"footnotes":""},"class_list":["post-10114","page","type-page","status-publish","has-post-thumbnail","hentry"],"acf":[],"yoast_head":"<!-- This site is optimized with the Yoast SEO plugin v27.5 - https:\/\/yoast.com\/product\/yoast-seo-wordpress\/ -->\n<title>Culorile jaluzelelor exterioare NEVA | nevask.eu<\/title>\n<meta name=\"description\" content=\"Descoperi\u021bi 22 de culori standard, f\u0103r\u0103 costuri suplimentare, pentru jaluzelele exterioare NEVA. Op\u021biuni variate de finisare a accesoriilor.\" \/>\n<meta name=\"robots\" content=\"index, follow, max-snippet:-1, max-image-preview:large, max-video-preview:-1\" \/>\n<link rel=\"canonical\" href=\"https:\/\/nevask.eu\/ro\/jaluzele-exterioare-neva\/culori-jaluzele-exterioare\/\" \/>\n<meta property=\"og:locale\" content=\"ro_RO\" \/>\n<meta property=\"og:type\" content=\"article\" \/>\n<meta property=\"og:title\" content=\"Culorile jaluzelelor exterioare NEVA | nevask.eu\" \/>\n<meta property=\"og:description\" content=\"Descoperi\u021bi 22 de culori standard, f\u0103r\u0103 costuri suplimentare, pentru jaluzelele exterioare NEVA. Op\u021biuni variate de finisare a accesoriilor.\" \/>\n<meta property=\"og:url\" content=\"https:\/\/nevask.eu\/ro\/jaluzele-exterioare-neva\/culori-jaluzele-exterioare\/\" \/>\n<meta property=\"og:site_name\" content=\"NEVA\" \/>\n<meta property=\"article:modified_time\" content=\"2025-11-10T13:31:20+00:00\" \/>\n<meta name=\"twitter:card\" content=\"summary_large_image\" \/>\n<meta name=\"twitter:label1\" content=\"Timp estimat pentru citire\" \/>\n\t<meta name=\"twitter:data1\" content=\"8 minute\" \/>\n<!-- \/ Yoast SEO plugin. -->","yoast_head_json":{"title":"Culorile jaluzelelor exterioare NEVA | nevask.eu","description":"Descoperi\u021bi 22 de culori standard, f\u0103r\u0103 costuri suplimentare, pentru jaluzelele exterioare NEVA. Op\u021biuni variate de finisare a accesoriilor.","robots":{"index":"index","follow":"follow","max-snippet":"max-snippet:-1","max-image-preview":"max-image-preview:large","max-video-preview":"max-video-preview:-1"},"canonical":"https:\/\/nevask.eu\/ro\/jaluzele-exterioare-neva\/culori-jaluzele-exterioare\/","og_locale":"ro_RO","og_type":"article","og_title":"Culorile jaluzelelor exterioare NEVA | nevask.eu","og_description":"Descoperi\u021bi 22 de culori standard, f\u0103r\u0103 costuri suplimentare, pentru jaluzelele exterioare NEVA. Op\u021biuni variate de finisare a accesoriilor.","og_url":"https:\/\/nevask.eu\/ro\/jaluzele-exterioare-neva\/culori-jaluzele-exterioare\/","og_site_name":"NEVA","article_modified_time":"2025-11-10T13:31:20+00:00","twitter_card":"summary_large_image","twitter_misc":{"Timp estimat pentru citire":"8 minute"},"schema":{"@context":"https:\/\/schema.org","@graph":[{"@type":"WebPage","@id":"https:\/\/nevask.eu\/ro\/jaluzele-exterioare-neva\/culori-jaluzele-exterioare\/","url":"https:\/\/nevask.eu\/ro\/jaluzele-exterioare-neva\/culori-jaluzele-exterioare\/","name":"Culorile jaluzelelor exterioare NEVA | nevask.eu","isPartOf":{"@id":"https:\/\/nevask.eu\/ro\/#website"},"primaryImageOfPage":{"@id":"https:\/\/nevask.eu\/ro\/jaluzele-exterioare-neva\/culori-jaluzele-exterioare\/#primaryimage"},"image":{"@id":"https:\/\/nevask.eu\/ro\/jaluzele-exterioare-neva\/culori-jaluzele-exterioare\/#primaryimage"},"thumbnailUrl":"https:\/\/nevask.eu\/wp-content\/uploads\/2025\/07\/Farby-lamiel-zaluzii-NEVA.jpg.webp","datePublished":"2025-07-16T18:03:01+00:00","dateModified":"2025-11-10T13:31:20+00:00","description":"Descoperi\u021bi 22 de culori standard, f\u0103r\u0103 costuri suplimentare, pentru jaluzelele exterioare NEVA. Op\u021biuni variate de finisare a accesoriilor.","breadcrumb":{"@id":"https:\/\/nevask.eu\/ro\/jaluzele-exterioare-neva\/culori-jaluzele-exterioare\/#breadcrumb"},"inLanguage":"ro-RO","potentialAction":[{"@type":"ReadAction","target":["https:\/\/nevask.eu\/ro\/jaluzele-exterioare-neva\/culori-jaluzele-exterioare\/"]}]},{"@type":"ImageObject","inLanguage":"ro-RO","@id":"https:\/\/nevask.eu\/ro\/jaluzele-exterioare-neva\/culori-jaluzele-exterioare\/#primaryimage","url":"https:\/\/nevask.eu\/wp-content\/uploads\/2025\/07\/Farby-lamiel-zaluzii-NEVA.jpg.webp","contentUrl":"https:\/\/nevask.eu\/wp-content\/uploads\/2025\/07\/Farby-lamiel-zaluzii-NEVA.jpg.webp","width":2000,"height":1333,"caption":"\u017dena porovn\u00e1va farby pre \u017eal\u00fazie NEVA"},{"@type":"BreadcrumbList","@id":"https:\/\/nevask.eu\/ro\/jaluzele-exterioare-neva\/culori-jaluzele-exterioare\/#breadcrumb","itemListElement":[{"@type":"ListItem","position":1,"name":"Home","item":"https:\/\/nevask.eu\/ro\/"},{"@type":"ListItem","position":2,"name":"Jaluzele exterioare NEVA","item":"https:\/\/nevask.eu\/ro\/jaluzele-exterioare-neva\/"},{"@type":"ListItem","position":3,"name":"Culori pentru jaluzele"}]},{"@type":"WebSite","@id":"https:\/\/nevask.eu\/ro\/#website","url":"https:\/\/nevask.eu\/ro\/","name":"NEVA","description":"Vonkaj\u0161ie \u017eal\u00fazie a screenov\u00e9 rolety","potentialAction":[{"@type":"SearchAction","target":{"@type":"EntryPoint","urlTemplate":"https:\/\/nevask.eu\/ro\/?s={search_term_string}"},"query-input":{"@type":"PropertyValueSpecification","valueRequired":true,"valueName":"search_term_string"}}],"inLanguage":"ro-RO"}]}},"_links":{"self":[{"href":"https:\/\/nevask.eu\/ro\/wp-json\/wp\/v2\/pages\/10114","targetHints":{"allow":["GET"]}}],"collection":[{"href":"https:\/\/nevask.eu\/ro\/wp-json\/wp\/v2\/pages"}],"about":[{"href":"https:\/\/nevask.eu\/ro\/wp-json\/wp\/v2\/types\/page"}],"author":[{"embeddable":true,"href":"https:\/\/nevask.eu\/ro\/wp-json\/wp\/v2\/users\/52"}],"replies":[{"embeddable":true,"href":"https:\/\/nevask.eu\/ro\/wp-json\/wp\/v2\/comments?post=10114"}],"version-history":[{"count":7,"href":"https:\/\/nevask.eu\/ro\/wp-json\/wp\/v2\/pages\/10114\/revisions"}],"predecessor-version":[{"id":11351,"href":"https:\/\/nevask.eu\/ro\/wp-json\/wp\/v2\/pages\/10114\/revisions\/11351"}],"up":[{"embeddable":true,"href":"https:\/\/nevask.eu\/ro\/wp-json\/wp\/v2\/pages\/8214"}],"wp:featuredmedia":[{"embeddable":true,"href":"https:\/\/nevask.eu\/ro\/wp-json\/wp\/v2\/media\/5080"}],"wp:attachment":[{"href":"https:\/\/nevask.eu\/ro\/wp-json\/wp\/v2\/media?parent=10114"}],"curies":[{"name":"wp","href":"https:\/\/api.w.org\/{rel}","templated":true}]}}