{"id":10915,"date":"2025-06-04T13:02:36","date_gmt":"2025-06-04T11:02:36","guid":{"rendered":"https:\/\/nevask.eu\/?page_id=10915"},"modified":"2025-10-06T12:11:08","modified_gmt":"2025-10-06T10:11:08","slug":"dictionar-de-termeni","status":"publish","type":"page","link":"https:\/\/nevask.eu\/ro\/dictionar-de-termeni\/","title":{"rendered":"Dic\u021bionar de termeni"},"content":{"rendered":"\n\n\n\n\n\n<div class=\"section narrow white\">\n\t<div class=\"container\">\n\t\t<div class=\"cell\">\n\t\t\t<ul class=\"breadcrumbs\">\n\t\t\t\t<li><a href=\"https:\/\/nevask.eu\/ro\/\">Home<\/a><\/li>\n\n\t\t\t\t\n\t\t\t<\/ul>\n\t\t<\/div>\n\t<\/div>\n<\/div>\n\n\n\n\t\n\n\n\t<div class=\"section white\">\n\n\t\t\n\t\t\t<div class=\"container intro\">\n\t\t\t\t<div class=\"cell\">\n\t\t\t\t\t<h1>Dic\u021bionar de termeni<\/h1>\n\t\t\t\t<\/div>\n\t\t\t<\/div>\n\n\t\t\n\n\n\t\t<div class=\"container cols-33p glossary\">\n\t\t\t<div class=\"cell\">\n\n\t\t\t\t\n\t\t\t\t\t\n\n\n\t\t\t\t\t<h2>B<\/h2>\n\n\t\t\t\t\t\n\t\t\t\t\t\t<ul>\n\n\t\t\t\t\t\t\t\t\t\t\t\t\t\t\t<li><a href=\"https:\/\/nevask.eu\/ro\/dictionar-de-termeni\/banda-textila-a-jaluzelei\/\">Banda textil\u0103 a jaluzelei<\/a><\/li>\n\t\t\t\t\t\t\t\n\t\t\t\t\t\t<\/ul>\n\n\t\t\t\t\t\n\n\n\t\t\t\t\t\n\t\t\t\t\n\t\t\t\t\t\n\n\n\t\t\t\t\t<h2>C<\/h2>\n\n\t\t\t\t\t\n\t\t\t\t\t\t<ul>\n\n\t\t\t\t\t\t\t\t\t\t\t\t\t\t\t<li><a href=\"https:\/\/nevask.eu\/ro\/dictionar-de-termeni\/carcasa-pentru-profilul-de-ghidare\/\">Carcasa pentru profilul de ghidare<\/a><\/li>\n\t\t\t\t\t\t\t\t\t\t\t\t\t\t\t<li><a href=\"https:\/\/nevask.eu\/ro\/dictionar-de-termeni\/caseta\/\">Caseta<\/a><\/li>\n\t\t\t\t\t\t\t\t\t\t\t\t\t\t\t<li><a href=\"https:\/\/nevask.eu\/ro\/dictionar-de-termeni\/coeficientul-solar-al-sticlei\/\">Coeficientul solar al sticlei<\/a><\/li>\n\t\t\t\t\t\t\t\t\t\t\t\t\t\t\t<li><a href=\"https:\/\/nevask.eu\/ro\/dictionar-de-termeni\/control-manual-al-jaluzelelor\/\">Control manual al jaluzelelor<\/a><\/li>\n\t\t\t\t\t\t\t\t\t\t\t\t\t\t\t<li><a href=\"https:\/\/nevask.eu\/ro\/dictionar-de-termeni\/culorile-ral\/\">Culorile RAL<\/a><\/li>\n\t\t\t\t\t\t\t\n\t\t\t\t\t\t<\/ul>\n\n\t\t\t\t\t\n\n\n\t\t\t\t\t\n\t\t\t\t\n\t\t\t\t\t\n\n\n\t\t\t\t\t<h2>F<\/h2>\n\n\t\t\t\t\t\n\t\t\t\t\t\t<ul>\n\n\t\t\t\t\t\t\t\t\t\t\t\t\t\t\t<li><a href=\"https:\/\/nevask.eu\/ro\/dictionar-de-termeni\/factor-de-deschidere\/\">Factor de deschidere<\/a><\/li>\n\t\t\t\t\t\t\t\t\t\t\t\t\t\t\t<li><a href=\"https:\/\/nevask.eu\/ro\/dictionar-de-termeni\/fischer-thermax\/\">Fischer Thermax<\/a><\/li>\n\t\t\t\t\t\t\t\t\t\t\t\t\t\t\t<li><a href=\"https:\/\/nevask.eu\/ro\/dictionar-de-termeni\/foaia-de-aluminiu\/\">Foaia de aluminiu<\/a><\/li>\n\t\t\t\t\t\t\t\n\t\t\t\t\t\t<\/ul>\n\n\t\t\t\t\t\n\n\n\t\t\t\t\t\n\t\t\t\t\n\t\t\t\t\t<\/div><div class=\"cell\">\n\n\n\t\t\t\t\t<h2>G<\/h2>\n\n\t\t\t\t\t\n\t\t\t\t\t\t<ul>\n\n\t\t\t\t\t\t\t\t\t\t\t\t\t\t\t<li><a href=\"https:\/\/nevask.eu\/ro\/dictionar-de-termeni\/garnitura-de-etansare-a-lamelelor\/\">Garnitura de etan\u0219are a lamelelor<\/a><\/li>\n\t\t\t\t\t\t\t\t\t\t\t\t\t\t\t<li><a href=\"https:\/\/nevask.eu\/ro\/dictionar-de-termeni\/glaful\/\">Glaful<\/a><\/li>\n\t\t\t\t\t\t\t\n\t\t\t\t\t\t<\/ul>\n\n\t\t\t\t\t\n\n\n\t\t\t\t\t\n\t\t\t\t\n\t\t\t\t\t\n\n\n\t\t\t\t\t<h2>J<\/h2>\n\n\t\t\t\t\t\n\t\t\t\t\t\t<ul>\n\n\t\t\t\t\t\t\t\t\t\t\t\t\t\t\t<li><a href=\"https:\/\/nevask.eu\/ro\/dictionar-de-termeni\/jaluzeaua-exterioara\/\">Jaluzeaua exterioar\u0103<\/a><\/li>\n\t\t\t\t\t\t\t\t\t\t\t\t\t\t\t<li><a href=\"https:\/\/nevask.eu\/ro\/dictionar-de-termeni\/jaluzele-electrice\/\">Jaluzele electrice<\/a><\/li>\n\t\t\t\t\t\t\t\t\t\t\t\t\t\t\t<li><a href=\"https:\/\/nevask.eu\/ro\/dictionar-de-termeni\/jaluzele-fotovoltaice\/\">Jaluzele fotovoltaice<\/a><\/li>\n\t\t\t\t\t\t\t\t\t\t\t\t\t\t\t<li><a href=\"https:\/\/nevask.eu\/ro\/dictionar-de-termeni\/jaluzele-motorizate\/\">Jaluzele motorizate<\/a><\/li>\n\t\t\t\t\t\t\t\n\t\t\t\t\t\t<\/ul>\n\n\t\t\t\t\t\n\n\n\t\t\t\t\t\n\t\t\t\t\n\t\t\t\t\t\n\n\n\t\t\t\t\t<h2>K<\/h2>\n\n\t\t\t\t\t\n\t\t\t\t\t\t<ul>\n\n\t\t\t\t\t\t\t\t\t\t\t\t\t\t\t<li><a href=\"https:\/\/nevask.eu\/ro\/dictionar-de-termeni\/kevlar\/\">Kevlar<\/a><\/li>\n\t\t\t\t\t\t\t\n\t\t\t\t\t\t<\/ul>\n\n\t\t\t\t\t\n\n\n\t\t\t\t\t\n\t\t\t\t\n\t\t\t\t\t\n\n\n\t\t\t\t\t<h2>L<\/h2>\n\n\t\t\t\t\t\n\t\t\t\t\t\t<ul>\n\n\t\t\t\t\t\t\t\t\t\t\t\t\t\t\t<li><a href=\"https:\/\/nevask.eu\/ro\/dictionar-de-termeni\/lamela\/\">Lamela<\/a><\/li>\n\t\t\t\t\t\t\t\n\t\t\t\t\t\t<\/ul>\n\n\t\t\t\t\t\n\n\n\t\t\t\t\t\n\t\t\t\t\n\t\t\t\t\t<\/div><div class=\"cell\">\n\n\n\t\t\t\t\t<h2>P<\/h2>\n\n\t\t\t\t\t\n\t\t\t\t\t\t<ul>\n\n\t\t\t\t\t\t\t\t\t\t\t\t\t\t\t<li><a href=\"https:\/\/nevask.eu\/ro\/dictionar-de-termeni\/pachetul-jaluzelei\/\">Pachetul jaluzelei<\/a><\/li>\n\t\t\t\t\t\t\t\t\t\t\t\t\t\t\t<li><a href=\"https:\/\/nevask.eu\/ro\/dictionar-de-termeni\/placa-de-acoperire\/\">Placa de acoperire<\/a><\/li>\n\t\t\t\t\t\t\t\t\t\t\t\t\t\t\t<li><a href=\"https:\/\/nevask.eu\/ro\/dictionar-de-termeni\/profilul-de-ghidare\/\">Profilul de ghidare<\/a><\/li>\n\t\t\t\t\t\t\t\t\t\t\t\t\t\t\t<li><a href=\"https:\/\/nevask.eu\/ro\/dictionar-de-termeni\/profilul-de-ghidare-a-jaluzelei\/\">Profilul de ghidare a jaluzelei<\/a><\/li>\n\t\t\t\t\t\t\t\n\t\t\t\t\t\t<\/ul>\n\n\t\t\t\t\t\n\n\n\t\t\t\t\t\n\t\t\t\t\n\t\t\t\t\t\n\n\n\t\t\t\t\t<h2>R<\/h2>\n\n\t\t\t\t\t\n\t\t\t\t\t\t<ul>\n\n\t\t\t\t\t\t\t\t\t\t\t\t\t\t\t<li><a href=\"https:\/\/nevask.eu\/ro\/dictionar-de-termeni\/raffstore\/\">Raffstore<\/a><\/li>\n\t\t\t\t\t\t\t\n\t\t\t\t\t\t<\/ul>\n\n\t\t\t\t\t\n\n\n\t\t\t\t\t\n\t\t\t\t\n\t\t\t\t\t\n\n\n\t\t\t\t\t<h2>S<\/h2>\n\n\t\t\t\t\t\n\t\t\t\t\t\t<ul>\n\n\t\t\t\t\t\t\t\t\t\t\t\t\t\t\t<li><a href=\"https:\/\/nevask.eu\/ro\/dictionar-de-termeni\/scarita-jaluzelei\/\">Sc\u0103ri\u021ba jaluzelei<\/a><\/li>\n\t\t\t\t\t\t\t\n\t\t\t\t\t\t<\/ul>\n\n\t\t\t\t\t\n\n\n\t\t\t\t\t\n\t\t\t\t\n\t\t\t\t\t\n\n\n\t\t\t\t\t<h2>\u0218<\/h2>\n\n\t\t\t\t\t\n\t\t\t\t\t\t<ul>\n\n\t\t\t\t\t\t\t\t\t\t\t\t\t\t\t<li><a href=\"https:\/\/nevask.eu\/ro\/dictionar-de-termeni\/stift-de-ghidaj-eliptic\/\">\u0218tift de ghidaj eliptic<\/a><\/li>\n\t\t\t\t\t\t\t\n\t\t\t\t\t\t<\/ul>\n\n\t\t\t\t\t\n\n\n\t\t\t\t\t\n\t\t\t\t\n\t\t\t<\/div>\n\t\t<\/div>\n\t<\/div>\n\n","protected":false},"excerpt":{"rendered":"","protected":false},"author":52,"featured_media":0,"parent":0,"menu_order":0,"comment_status":"closed","ping_status":"closed","template":"","meta":{"_acf_changed":false,"inline_featured_image":false,"footnotes":""},"class_list":["post-10915","page","type-page","status-publish","hentry"],"acf":[],"yoast_head":"<!-- This site is optimized with the Yoast SEO plugin v27.4 - https:\/\/yoast.com\/product\/yoast-seo-wordpress\/ -->\n<title>Dic\u021bionar de termeni | Jaluzele NEVA<\/title>\n<meta name=\"robots\" content=\"index, follow, max-snippet:-1, max-image-preview:large, max-video-preview:-1\" \/>\n<link rel=\"canonical\" href=\"https:\/\/nevask.eu\/ro\/dictionar-de-termeni\/\" \/>\n<meta property=\"og:locale\" content=\"ro_RO\" \/>\n<meta property=\"og:type\" content=\"article\" \/>\n<meta property=\"og:title\" content=\"Dic\u021bionar de termeni | Jaluzele NEVA\" \/>\n<meta property=\"og:url\" content=\"https:\/\/nevask.eu\/ro\/dictionar-de-termeni\/\" \/>\n<meta property=\"og:site_name\" content=\"NEVA\" \/>\n<meta property=\"article:modified_time\" content=\"2025-10-06T10:11:08+00:00\" \/>\n<meta name=\"twitter:card\" content=\"summary_large_image\" \/>\n<meta name=\"twitter:label1\" content=\"Timp estimat pentru citire\" \/>\n\t<meta name=\"twitter:data1\" content=\"1 minut\" \/>\n<!-- \/ Yoast SEO plugin. -->","yoast_head_json":{"title":"Dic\u021bionar de termeni | Jaluzele NEVA","robots":{"index":"index","follow":"follow","max-snippet":"max-snippet:-1","max-image-preview":"max-image-preview:large","max-video-preview":"max-video-preview:-1"},"canonical":"https:\/\/nevask.eu\/ro\/dictionar-de-termeni\/","og_locale":"ro_RO","og_type":"article","og_title":"Dic\u021bionar de termeni | Jaluzele NEVA","og_url":"https:\/\/nevask.eu\/ro\/dictionar-de-termeni\/","og_site_name":"NEVA","article_modified_time":"2025-10-06T10:11:08+00:00","twitter_card":"summary_large_image","twitter_misc":{"Timp estimat pentru citire":"1 minut"},"schema":{"@context":"https:\/\/schema.org","@graph":[{"@type":"WebPage","@id":"https:\/\/nevask.eu\/ro\/dictionar-de-termeni\/","url":"https:\/\/nevask.eu\/ro\/dictionar-de-termeni\/","name":"Dic\u021bionar de termeni | Jaluzele NEVA","isPartOf":{"@id":"https:\/\/nevask.eu\/ro\/#website"},"datePublished":"2025-06-04T11:02:36+00:00","dateModified":"2025-10-06T10:11:08+00:00","breadcrumb":{"@id":"https:\/\/nevask.eu\/ro\/dictionar-de-termeni\/#breadcrumb"},"inLanguage":"ro-RO","potentialAction":[{"@type":"ReadAction","target":["https:\/\/nevask.eu\/ro\/dictionar-de-termeni\/"]}]},{"@type":"BreadcrumbList","@id":"https:\/\/nevask.eu\/ro\/dictionar-de-termeni\/#breadcrumb","itemListElement":[{"@type":"ListItem","position":1,"name":"Home","item":"https:\/\/nevask.eu\/ro\/"},{"@type":"ListItem","position":2,"name":"Dic\u021bionar de termeni"}]},{"@type":"WebSite","@id":"https:\/\/nevask.eu\/ro\/#website","url":"https:\/\/nevask.eu\/ro\/","name":"NEVA","description":"Vonkaj\u0161ie \u017eal\u00fazie a screenov\u00e9 rolety","potentialAction":[{"@type":"SearchAction","target":{"@type":"EntryPoint","urlTemplate":"https:\/\/nevask.eu\/ro\/?s={search_term_string}"},"query-input":{"@type":"PropertyValueSpecification","valueRequired":true,"valueName":"search_term_string"}}],"inLanguage":"ro-RO"}]}},"_links":{"self":[{"href":"https:\/\/nevask.eu\/ro\/wp-json\/wp\/v2\/pages\/10915","targetHints":{"allow":["GET"]}}],"collection":[{"href":"https:\/\/nevask.eu\/ro\/wp-json\/wp\/v2\/pages"}],"about":[{"href":"https:\/\/nevask.eu\/ro\/wp-json\/wp\/v2\/types\/page"}],"author":[{"embeddable":true,"href":"https:\/\/nevask.eu\/ro\/wp-json\/wp\/v2\/users\/52"}],"replies":[{"embeddable":true,"href":"https:\/\/nevask.eu\/ro\/wp-json\/wp\/v2\/comments?post=10915"}],"version-history":[{"count":4,"href":"https:\/\/nevask.eu\/ro\/wp-json\/wp\/v2\/pages\/10915\/revisions"}],"predecessor-version":[{"id":10941,"href":"https:\/\/nevask.eu\/ro\/wp-json\/wp\/v2\/pages\/10915\/revisions\/10941"}],"wp:attachment":[{"href":"https:\/\/nevask.eu\/ro\/wp-json\/wp\/v2\/media?parent=10915"}],"curies":[{"name":"wp","href":"https:\/\/api.w.org\/{rel}","templated":true}]}}