{"id":11844,"date":"2026-01-07T13:27:52","date_gmt":"2026-01-07T12:27:52","guid":{"rendered":"https:\/\/nevask.eu\/?page_id=11844"},"modified":"2026-02-12T15:22:08","modified_gmt":"2026-02-12T14:22:08","slug":"faq","status":"publish","type":"page","link":"https:\/\/nevask.eu\/ro\/jaluzele-exterioare-neva\/faq\/","title":{"rendered":"FAQ"},"content":{"rendered":"\n\n\n\n\n\n<div class=\"section narrow white\">\n\t<div class=\"container\">\n\t\t<div class=\"cell\">\n\t\t\t<ul class=\"breadcrumbs\">\n\t\t\t\t<li><a href=\"https:\/\/nevask.eu\/ro\/\">Home<\/a><\/li>\n\n\t\t\t\t\n\t\t\t<\/ul>\n\t\t<\/div>\n\t<\/div>\n<\/div>\n\n\n\n\n\n<div  class=\"section white\">\n\n\t\n\t\t<div class=\"container intro col-70p\">\n\t\t\t<div class=\"cell\">\n\t\t\t\t<h1>\u00centreb\u0103ri frecvente (FAQ) privind jaluzelele exterioare NEVA<\/h1>\n\t\t\t<\/div>\n\t\t<\/div>\n\n\t\n\n\n\t<div class=\"container col-70p\">\n\n\t\t\n\t\t\t<div class=\"cell\">\n\n\t\t\t\t\n\t\t\t\t\t<div class=\"faq-item\">\n\n\t\t\t\t\t\t\t\t\t\t\t\t\t<div class=\"faq-question\">\n\t\t\t\t\t\t\t\t<h2 class=\"h5\">Care este termenul de execu\u021bie \u0219i livrare pentru jaluzelele exterioare?<\/h2>\n\t\t\t\t\t\t\t\t<span class=\"faq-toggle\">+<\/span>\n\t\t\t\t\t\t\t<\/div>\n\t\t\t\t\t\t\n\t\t\t\t\t\t<div class=\"faq-answer\">\n\t\t\t\t\t\t\t<p><span style=\"font-weight: 400;\">Pentru jaluzelele din portofoliul standard NEVA, garant\u0103m finalizarea procesului de produc\u021bie \u00een termen de 10 zile lucr\u0103toare de la confirmarea comenzii.<\/span><\/p>\n<p><span style=\"font-weight: 400;\">Termenul efectiv de livrare \u0219i montaj este influen\u021bat de logistica de transport \u0219i de disponibilitatea echipelor de instalare ale partenerului local.<\/span><\/p>\n<p><span style=\"font-weight: 400;\">\u00cen general, procesul complet \u2013 de la lansarea comenzii p\u00e2n\u0103 la finalizarea montajului \u2013 dureaz\u0103 \u00eentre 3 \u0219i 4 s\u0103pt\u0103m\u00e2ni.<\/span><\/p>\n\t\t\t\t\t\t<\/div>\n\n\t\t\t\t\t<\/div>\n\n\t\t\t\t\n\t\t\t\t\t<div class=\"faq-item\">\n\n\t\t\t\t\t\t\t\t\t\t\t\t\t<div class=\"faq-question\">\n\t\t\t\t\t\t\t\t<h2 class=\"h5\">Care este durata montajului jaluzelelor exterioare pentru o cas\u0103 sau un apartament?<\/h2>\n\t\t\t\t\t\t\t\t<span class=\"faq-toggle\">+<\/span>\n\t\t\t\t\t\t\t<\/div>\n\t\t\t\t\t\t\n\t\t\t\t\t\t<div class=\"faq-answer\">\n\t\t\t\t\t\t\t<p><span style=\"font-weight: 400;\">Instalarea a 6 jaluzele, inclusiv configurarea telecomenzilor \u0219i a sistemului smart home TaHoma \u00eentr-un apartament, dureaz\u0103 aproximativ 4 ore.<\/span><\/p>\n<p><span style=\"font-weight: 400;\">Eficien\u021ba procesului se datoreaz\u0103 faptului c\u0103 produsele NEVA sunt livrate gata reglate din fabric\u0103, fiind optimizate pentru o instalare rapid\u0103 \u0219i facil\u0103.<\/span><\/p>\n<p><span style=\"font-weight: 400;\">Pentru o estimare exact\u0103 a duratei de montaj, v\u0103 recomand\u0103m s\u0103 consulta\u021bi distribuitorul care a realizat m\u0103sur\u0103torile \u0219i care cunoa\u0219te particularit\u0103\u021bile proiectului dumneavoastr\u0103.<\/span><\/p>\n\t\t\t\t\t\t<\/div>\n\n\t\t\t\t\t<\/div>\n\n\t\t\t\t\n\t\t\t\t\t<div class=\"faq-item\">\n\n\t\t\t\t\t\t\t\t\t\t\t\t\t<div class=\"faq-question\">\n\t\t\t\t\t\t\t\t<h2 class=\"h5\"> Care este perioada de garan\u021bie pentru jaluzelele exterioare NEVA?<\/h2>\n\t\t\t\t\t\t\t\t<span class=\"faq-toggle\">+<\/span>\n\t\t\t\t\t\t\t<\/div>\n\t\t\t\t\t\t\n\t\t\t\t\t\t<div class=\"faq-answer\">\n\t\t\t\t\t\t\t<p><span style=\"font-weight: 400;\">Toate jaluzelele exterioare NEVA beneficiaz\u0103 de o perioad\u0103 de garan\u021bie de 5 ani.<\/span><\/p>\n\t\t\t\t\t\t<\/div>\n\n\t\t\t\t\t<\/div>\n\n\t\t\t\t\n\t\t\t\t\t<div class=\"faq-item\">\n\n\t\t\t\t\t\t\t\t\t\t\t\t\t<div class=\"faq-question\">\n\t\t\t\t\t\t\t\t<h2 class=\"h5\">Ce op\u021biuni include paleta de culori pentru jaluzelele exterioare NEVA?<\/h2>\n\t\t\t\t\t\t\t\t<span class=\"faq-toggle\">+<\/span>\n\t\t\t\t\t\t\t<\/div>\n\t\t\t\t\t\t\n\t\t\t\t\t\t<div class=\"faq-answer\">\n\t\t\t\t\t\t\t<p><span style=\"font-weight: 400;\">Men\u021binem <\/span><b>\u00een stoc <\/b><span style=\"font-weight: 400;\">toate cele 22 de nuan\u021be standard pentru lamelele modelelor <\/span><a href=\"https:\/\/nevask.eu\/ro\/jaluzele-exterioare-neva\/jaluzele-exterioare-neva-z-90\/\"><span style=\"font-weight: 400;\">NEVA Z-90<\/span><\/a><span style=\"font-weight: 400;\">, <\/span><a href=\"https:\/\/nevask.eu\/ro\/jaluzele-exterioare-neva\/jaluzele-exterioare-neva-z70\/\"><span style=\"font-weight: 400;\">NEVA Z-70<\/span><\/a><span style=\"font-weight: 400;\">, <\/span><a href=\"https:\/\/nevask.eu\/ro\/jaluzele-exterioare-neva\/jaluzele-exterioare-neva-s90\/\"><span style=\"font-weight: 400;\">NEVA S-90<\/span><\/a><span style=\"font-weight: 400;\"> \u0219i <\/span><a href=\"https:\/\/nevask.eu\/ro\/jaluzele-exterioare-neva\/jaluzele-exterioare-neva-c80\/\"><span style=\"font-weight: 400;\">NEVA C-80<\/span><\/a><span style=\"font-weight: 400;\">.\u00a0<\/span><\/p>\n<p><span style=\"font-weight: 400;\">Astfel, pentru cele mai populare modele, pute\u021bi alege din <\/span><a href=\"https:\/\/nevask.eu\/ro\/jaluzele-exterioare-neva\/culori-jaluzele-exterioare\/\"><span style=\"font-weight: 400;\">22 de culori standard<\/span><\/a><span style=\"font-weight: 400;\"> (precum antracit, argintiu, maro sau alb) f\u0103r\u0103 costuri suplimentare.<\/span><\/p>\n<p><span style=\"font-weight: 400;\">Pentru modelul <\/span><a href=\"https:\/\/nevask.eu\/ro\/jaluzele-exterioare-neva\/jaluzele-exterioare-neva-c65\/\"><span style=\"font-weight: 400;\">NEVA C-65<\/span><\/a><span style=\"font-weight: 400;\">, paleta standard cuprinde 16 nuan\u021be, \u00een timp ce pentru modelul <\/span><a href=\"https:\/\/nevask.eu\/ro\/jaluzele-exterioare-neva\/jaluzele-exterioare-neva-f80\/\"><span style=\"font-weight: 400;\">NEVA F-80<\/span><\/a><span style=\"font-weight: 400;\"> ave\u021bi la dispozi\u021bie 5 culori incluse \u00een pre\u021bul de baz\u0103.<\/span><\/p>\n<p><span style=\"font-weight: 400;\">C\u0103uta\u021bi o nuan\u021b\u0103 care nu se reg\u0103se\u0219te \u00een oferta noastr\u0103 standard?\u00a0<\/span><\/p>\n<p><span style=\"font-weight: 400;\">Putem fabrica jaluzelele \u00een orice culoare dori\u021bi, cu un termen de livrare u\u0219or extins \u0219i un cost suplimentar pentru nuan\u021be non-standard.<\/span><\/p>\n<p><a href=\"https:\/\/nevask.eu\/ro\/jaluzele-exterioare-neva\/culori-jaluzele-exterioare\/\"><span style=\"font-weight: 400;\">Afla\u021bi mai multe despre paleta de culori<\/span><\/a><\/p>\n\t\t\t\t\t\t<\/div>\n\n\t\t\t\t\t<\/div>\n\n\t\t\t\t\n\t\t\t\t\t<div class=\"faq-item\">\n\n\t\t\t\t\t\t\t\t\t\t\t\t\t<div class=\"faq-question\">\n\t\t\t\t\t\t\t\t<h2 class=\"h5\">Se pot monta jaluzelele NEVA pe o cas\u0103 gata construit\u0103 \u0219i izolat\u0103?<\/h2>\n\t\t\t\t\t\t\t\t<span class=\"faq-toggle\">+<\/span>\n\t\t\t\t\t\t\t<\/div>\n\t\t\t\t\t\t\n\t\t\t\t\t\t<div class=\"faq-answer\">\n\t\t\t\t\t\t\t<p><span style=\"font-weight: 400;\">Da, este posibil. Cea mai frecvent\u0103 solu\u021bie este montajul pe rama ferestrei, folosind o masc\u0103 (tabl\u0103 de acoperire) vizibil\u0103 la exterior. Aceasta poate fi fabricat\u0103 \u00een orice culoare RAL, astfel \u00eenc\u00e2t s\u0103 se asorteze perfect cu fa\u021bada \u0219i t\u00e2mpl\u0103ria. \u00cen anumite cazuri, jaluzelele pot fi ancorate \u0219i direct pe fa\u021bad\u0103, deasupra ferestrei.\u00a0<\/span><\/p>\n<p><a href=\"https:\/\/nevask.eu\/ro\/jaluzele-exterioare-neva\/metode-de-instalare-a-jaluzelelor-exterioare\/\"><span style=\"font-weight: 400;\">Exist\u0103 mai multe metode de instalare disponibile.<\/span><\/a><\/p>\n<p><span style=\"font-weight: 400;\">Partenerii no\u0219tri vor analiza posibilit\u0103\u021bile tehnice direct la fa\u021ba locului \u0219i v\u0103 vor propune solu\u021bia cea mai potrivit\u0103, at\u00e2t din punct de vedere tehnic, c\u00e2t \u0219i estetic.<\/span><\/p>\n\t\t\t\t\t\t<\/div>\n\n\t\t\t\t\t<\/div>\n\n\t\t\t\t\n\t\t\t\t\t<div class=\"faq-item\">\n\n\t\t\t\t\t\t\t\t\t\t\t\t\t<div class=\"faq-question\">\n\t\t\t\t\t\t\t\t<h3 class=\"h5\">Care este \u00een\u0103l\u021bimea \u201cpachetului\u201d pentru jaluzelele NEVA?<\/h3>\n\t\t\t\t\t\t\t\t<span class=\"faq-toggle\">+<\/span>\n\t\t\t\t\t\t\t<\/div>\n\t\t\t\t\t\t\n\t\t\t\t\t\t<div class=\"faq-answer\">\n\t\t\t\t\t\t\t<p><span style=\"font-weight: 400;\">\u00cen general, atunci c\u00e2nd sunt ridicate complet, pachetul de lamele al jaluzelelor NEVA ocup\u0103 mai pu\u021bin spa\u021biu pe \u00een\u0103l\u021bime comparativ cu alte produse de pe pia\u021b\u0103.<\/span><\/p>\n<p><span style=\"font-weight: 400;\">\u00cen tabelul de mai jos pute\u021bi vedea \u00een\u0103l\u021bimea pachetului \u00een func\u021bie de \u00een\u0103l\u021bimea total\u0103 a jaluzelei (respectiv a ferestrei):<\/span><\/p>\n<div class=\"table-wrapper\"><div class=\"table-wrapper\"><table class=\"aligncenter\">\n<tbody>\n<tr>\n<th style=\"vertical-align: top;\"><strong>\u00cen\u0103l\u021bimea<br \/>\ntotal\u0103<br \/>\na jaluzelei<br \/>\n(mm)<\/strong><\/th>\n<th style=\"vertical-align: top;\"><strong>NEVA <\/strong><br \/>\n<strong>Z-90,<\/strong><br \/>\n<strong>S-90<\/strong><\/th>\n<th style=\"vertical-align: top;\"><strong>NEVA <\/strong><br \/>\n<strong>Z-70<\/strong><\/th>\n<th style=\"vertical-align: top;\"><strong>NEVA <\/strong><br \/>\n<strong>C-80<\/strong><\/th>\n<th style=\"vertical-align: top;\"><strong>NEVA <\/strong><br \/>\n<strong>C-65<\/strong><\/th>\n<th style=\"vertical-align: top;\"><strong>NEVA<\/strong><br \/>\n<strong>F-80<\/strong><\/th>\n<\/tr>\n<tr>\n<td>500-1250<\/td>\n<td>180<\/td>\n<td>200<\/td>\n<td>190<\/td>\n<td>200<\/td>\n<td>160<\/td>\n<\/tr>\n<tr>\n<td>1251 &#8211; 1500<\/td>\n<td>190<\/td>\n<td>220<\/td>\n<td>210<\/td>\n<td>220<\/td>\n<td>170<\/td>\n<\/tr>\n<tr>\n<td>1501-1750<\/td>\n<td>200<\/td>\n<td>230<\/td>\n<td>230<\/td>\n<td>240<\/td>\n<td>180<\/td>\n<\/tr>\n<tr>\n<td>1751 &#8211; 2000<\/td>\n<td>210<\/td>\n<td>250<\/td>\n<td>240<\/td>\n<td>260<\/td>\n<td>190<\/td>\n<\/tr>\n<tr>\n<td>2001 -2250<\/td>\n<td>220<\/td>\n<td>270<\/td>\n<td>250<\/td>\n<td>280<\/td>\n<td>200<\/td>\n<\/tr>\n<tr>\n<td>2251-2750<\/td>\n<td>250<\/td>\n<td>300<\/td>\n<td>280<\/td>\n<td>320<\/td>\n<td>220<\/td>\n<\/tr>\n<tr>\n<td>2751-3000<\/td>\n<td>260<\/td>\n<td>320<\/td>\n<td>300<\/td>\n<td>340<\/td>\n<td>230<\/td>\n<\/tr>\n<tr>\n<td>&#8230;<\/td>\n<td><\/td>\n<td><\/td>\n<td><\/td>\n<td><\/td>\n<td><\/td>\n<\/tr>\n<tr>\n<td>4751-5000<\/td>\n<td>360<\/td>\n<td>460<\/td>\n<td>430<\/td>\n<td>500<\/td>\n<td>&#8211;<\/td>\n<\/tr>\n<\/tbody>\n<\/table><\/div><\/div>\n<p>&nbsp;<\/p>\n<p><span style=\"font-weight: 400;\">Din aceste date putem observa urm\u0103toarele:<\/span><\/p>\n<p><span style=\"font-weight: 400;\">Modelul NEVA Z-90 are un pachet mai compact dec\u00e2t modelul <\/span><a href=\"https:\/\/nevask.eu\/ro\/jaluzele-exterioare-neva\/jaluzele-exterioare-neva-z70\/\"><span style=\"font-weight: 400;\">NEVA Z-70<\/span><\/a><span style=\"font-weight: 400;\"> pentru aceea\u0219i \u00een\u0103l\u021bime a ferestrei.\u00a0<\/span><\/p>\n<p><span style=\"font-weight: 400;\">Explica\u021bia este simpl\u0103: lamelele Z-70 au o l\u0103\u021bime de 70 mm, deci este nevoie de un num\u0103r mai mare de lamele pentru a acoperi fereastra fa\u021b\u0103 de modelul Z-90 (cu lamele de 90 mm).<\/span><\/p>\n<p><span style=\"font-weight: 400;\">Cel mai sub\u021bire pachet din \u00eentreaga gam\u0103 NEVA este cel al modelului NEVA F-80.<\/span><\/p>\n\t\t\t\t\t\t<\/div>\n\n\t\t\t\t\t<\/div>\n\n\t\t\t\t\n\t\t\t\t\t<div class=\"faq-item\">\n\n\t\t\t\t\t\t\t\t\t\t\t\t\t<div class=\"faq-question\">\n\t\t\t\t\t\t\t\t<h2 class=\"h5\">Ce grosime au placile de acoperire?<\/h2>\n\t\t\t\t\t\t\t\t<span class=\"faq-toggle\">+<\/span>\n\t\t\t\t\t\t\t<\/div>\n\t\t\t\t\t\t\n\t\t\t\t\t\t<div class=\"faq-answer\">\n\t\t\t\t\t\t\t<p><span style=\"font-weight: 400;\">Casetele (pl\u0103cile de acoperire) sunt fabricate din aluminiu extrudat, cu o grosime de 1,5 mm sau 2 mm.<\/span><\/p>\n<p><span style=\"font-weight: 400;\">Lungimea poate ajunge p\u00e2n\u0103 la 4 m dintr-o singur\u0103 bucat\u0103.<\/span><\/p>\n\t\t\t\t\t\t<\/div>\n\n\t\t\t\t\t<\/div>\n\n\t\t\t\t\n\t\t\t\t\t<div class=\"faq-item\">\n\n\t\t\t\t\t\t\t\t\t\t\t\t\t<div class=\"faq-question\">\n\t\t\t\t\t\t\t\t<h2 class=\"h5\">Merit\u0103 s\u0103 optez pentru varianta manual\u0103 la jaluzelele exterioare?<\/h2>\n\t\t\t\t\t\t\t\t<span class=\"faq-toggle\">+<\/span>\n\t\t\t\t\t\t\t<\/div>\n\t\t\t\t\t\t\n\t\t\t\t\t\t<div class=\"faq-answer\">\n\t\t\t\t\t\t\t<p><span style=\"font-weight: 400;\">Sincer \u2013 de cele mai multe ori, nu. Ac\u021bionarea manual\u0103 v\u0103 reduce considerabil confortul, iar diferen\u021ba de pre\u021b fa\u021b\u0103 de un motor electric de baz\u0103 este nesemnificativ\u0103.<\/span><\/p>\n<p><span style=\"font-weight: 400;\">\u00cen practic\u0103, clien\u021bii aleg varianta manual\u0103 doar \u00een cazuri excep\u021bionale \u2013 de regul\u0103, atunci c\u00e2nd jaluzelele sunt montate ulterior \u0219i nu exist\u0103 posibilitatea de a trage cabluri electrice, iar investi\u021bia \u00eentr-un sistem cu ac\u021bionare solar\u0103 nu este dorit\u0103.<\/span><\/p>\n\t\t\t\t\t\t<\/div>\n\n\t\t\t\t\t<\/div>\n\n\t\t\t\t\n\t\t\t\t\t<div class=\"faq-item\">\n\n\t\t\t\t\t\t\t\t\t\t\t\t\t<div class=\"faq-question\">\n\t\t\t\t\t\t\t\t<h2 class=\"h5\">Cum se \u00eentre\u021bin jaluzelele exterioare pentru o durat\u0103 de via\u021b\u0103 c\u00e2t mai lung\u0103?<\/h2>\n\t\t\t\t\t\t\t\t<span class=\"faq-toggle\">+<\/span>\n\t\t\t\t\t\t\t<\/div>\n\t\t\t\t\t\t\n\t\t\t\t\t\t<div class=\"faq-answer\">\n\t\t\t\t\t\t\t<p><span style=\"font-weight: 400;\">De regul\u0103, o cur\u0103\u021bare de dou\u0103 ori pe an este suficient\u0103.<\/span><\/p>\n<p><span style=\"font-weight: 400;\">\u00cencepe\u021bi prin a \u00eendep\u0103rta praful sau murd\u0103ria grosier\u0103 de pe lamele cu o perie moale. Apoi, cl\u0103ti\u021bi-le cu ap\u0103 c\u0103ldu\u021b\u0103 \u0219i \u0219terge\u021bi-le cu o c\u00e2rp\u0103 fin\u0103 sau cu un burete moale. O solu\u021bie simpl\u0103 de ap\u0103 cu s\u0103pun este ideal\u0103. Evita\u021bi bure\u021bii abrazivi, detergen\u021bii agresivi sau produsele de cur\u0103\u021bat tip \u201epast\u0103\/nisip\u201d, deoarece pot zg\u00e2ria suprafa\u021ba lamelelor. Nu uita\u021bi s\u0103 cur\u0103\u021ba\u021bi \u0219i ghidajele laterale.<\/span><\/p>\n\t\t\t\t\t\t<\/div>\n\n\t\t\t\t\t<\/div>\n\n\t\t\t\t\n\t\t\t\t\t<div class=\"faq-item\">\n\n\t\t\t\t\t\t\t\t\t\t\t\t\t<div class=\"faq-question\">\n\t\t\t\t\t\t\t\t<h2 class=\"h5\">Cum influen\u021beaz\u0103, mai exact, jaluzelele exterioare confortul termic din cas\u0103 sau din apartament?<\/h2>\n\t\t\t\t\t\t\t\t<span class=\"faq-toggle\">+<\/span>\n\t\t\t\t\t\t\t<\/div>\n\t\t\t\t\t\t\n\t\t\t\t\t\t<div class=\"faq-answer\">\n\t\t\t\t\t\t\t<p><span style=\"font-weight: 400;\">Jaluzelele interioare l\u0103sate pot permite p\u00e2n\u0103 la 36% din energia solar\u0103 s\u0103 p\u0103trund\u0103 \u00een cas\u0103. \u00cen schimb, jaluzelele exterioare de calitate, \u00een culori deschise, las\u0103 s\u0103 treac\u0103 doar 3,7% din c\u0103ldur\u0103 \u2013 adic\u0103 de 10 ori mai pu\u021bin!<\/span><\/p>\n<p><span style=\"font-weight: 400;\">Printr-o utilizare inteligent\u0103 a jaluzelelor exterioare, pute\u021bi men\u021bine \u00een locuin\u021b\u0103 o temperatur\u0103 cu 4 p\u00e2n\u0103 la 7 \u00b0C mai sc\u0103zut\u0103 fa\u021b\u0103 de utilizarea variantelor clasice de interior.<\/span><\/p>\n\t\t\t\t\t\t<\/div>\n\n\t\t\t\t\t<\/div>\n\n\t\t\t\t\n\t\t\t\t\t<div class=\"faq-item\">\n\n\t\t\t\t\t\t\t\t\t\t\t\t\t<div class=\"faq-question\">\n\t\t\t\t\t\t\t\t<h2 class=\"h5\">Care este avantajul major al jaluzelelor exterioare fa\u021b\u0103 de cele interioare?<\/h2>\n\t\t\t\t\t\t\t\t<span class=\"faq-toggle\">+<\/span>\n\t\t\t\t\t\t\t<\/div>\n\t\t\t\t\t\t\n\t\t\t\t\t\t<div class=\"faq-answer\">\n\t\t\t\t\t\t\t<p><span style=\"font-weight: 400;\">Spre deosebire de cele de interior, jaluzelele exterioare opresc razele soarelui \u00eenainte ca acestea s\u0103 ating\u0103 geamul. Acest lucru \u00eenseamn\u0103 c\u0103 fluxul de c\u0103ldur\u0103 este blocat complet la exterior.<\/span><\/p>\n<p><span style=\"font-weight: 400;\">De\u0219i jaluzelele interioare v\u0103 permit s\u0103 regla\u021bi intensitatea luminii, ele nu ofer\u0103 protec\u021bie \u00eempotriva supra\u00eenc\u0103lzirii \u2013 odat\u0103 ce razele soarelui au trecut prin sticl\u0103, c\u0103ldura r\u0103m\u00e2ne blocat\u0103 \u00een camer\u0103.<\/span><\/p>\n<p><span style=\"font-weight: 400;\">Prin urmare, jaluzelele exterioare protejeaz\u0103 eficient locuin\u021ba pe timpul verii, men\u021bin\u00e2nd o temperatur\u0103 pl\u0103cut\u0103 la interior \u0219i reduc\u00e2nd semnificativ costurile cu aerul condi\u021bionat.<\/span><\/p>\n<p><span style=\"font-weight: 400;\">\u00cen plus, fiind fabricate din aluminiu, jaluzelele exterioare au o durat\u0103 de via\u021b\u0103 mult mai mare dec\u00e2t orice solu\u021bie de interior.<\/span><\/p>\n\t\t\t\t\t\t<\/div>\n\n\t\t\t\t\t<\/div>\n\n\t\t\t\t\n\t\t\t\t\t<div class=\"faq-item\">\n\n\t\t\t\t\t\t\t\t\t\t\t\t\t<div class=\"faq-question\">\n\t\t\t\t\t\t\t\t<h2 class=\"h5\"> Cum sunt ambalate jaluzelele exterioare NEVA?<\/h2>\n\t\t\t\t\t\t\t\t<span class=\"faq-toggle\">+<\/span>\n\t\t\t\t\t\t\t<\/div>\n\t\t\t\t\t\t\n\t\t\t\t\t\t<div class=\"faq-answer\">\n\t\t\t\t\t\t\t<p><span style=\"font-weight: 400;\">Protej\u0103m cu mare aten\u021bie jaluzelele noastre \u2013 nu doar \u00een timpul produc\u021biei, ci mai ales pe durata transportului c\u0103tre dumneavoastr\u0103.<\/span><\/p>\n<p><span style=\"font-weight: 400;\">\u00cen func\u021bie de tipul produselor \u0219i de metoda de transport aleas\u0103, ambal\u0103m jaluzelele fie \u00een folie cu bule, fie \u00een cutii de carton, livrate pe pale\u021bi sau \u00een l\u0103zi speciale de transport. Fiecare jaluzea este ambalat\u0103 individual, pentru a fi protejat\u0103 la maximum at\u00e2t \u00een timpul tranzitului, c\u00e2t \u0219i \u00een momentul desc\u0103rc\u0103rii la locul montajului.<\/span><\/p>\n<p><span style=\"font-weight: 400;\">Cutiile sunt realizate pe m\u0103sur\u0103. Folosim un utilaj care ajusteaz\u0103 dimensiunea ambalajului exact dup\u0103 cotele jaluzelei, lucr\u00e2nd cu carton ondulat continuu. Astfel, consum\u0103m doar cantitatea strict necesar\u0103 de material \u0219i minimiz\u0103m de\u0219eurile.<\/span><\/p>\n\t\t\t\t\t\t<\/div>\n\n\t\t\t\t\t<\/div>\n\n\t\t\t\t\n\t\t\t\t\t<div class=\"faq-item\">\n\n\t\t\t\t\t\t\t\t\t\t\t\t\t<div class=\"faq-question\">\n\t\t\t\t\t\t\t\t<h3 class=\"h5\">De unde pot fi achizi\u021bionate jaluzelele exterioare NEVA?<\/h3>\n\t\t\t\t\t\t\t\t<span class=\"faq-toggle\">+<\/span>\n\t\t\t\t\t\t\t<\/div>\n\t\t\t\t\t\t\n\t\t\t\t\t\t<div class=\"faq-answer\">\n\t\t\t\t\t\t\t<p><span style=\"font-weight: 400;\">Jaluzelele noastre sunt disponibile prin intermediul unei re\u021bele extinse de parteneri specializa\u021bi. Ace\u0219tia nu doar c\u0103 v\u0103 vor ajuta s\u0103 alege\u021bi modelul potrivit, dar se vor ocupa \u0219i de m\u0103sur\u0103tori precise \u0219i de un montaj profesional.<\/span><\/p>\n<p><span style=\"font-weight: 400;\">Pentru a g\u0103si cel mai apropiat distribuitor autorizat NEVA, v\u0103 rug\u0103m s\u0103 <\/span><a href=\"https:\/\/nevask.eu\/ro\/dealeri-neva\/\"><span style=\"font-weight: 400;\">vizita\u021bi sec\u021biunea dedicat\u0103 de pe site-ul nostru <\/span><\/a><span style=\"font-weight: 400;\">sau s\u0103 ne contacta\u021bi direct. Vom fi bucuro\u0219i s\u0103 v\u0103 punem \u00een leg\u0103tur\u0103 cu expertul potrivit pentru proiectul dumneavoastr\u0103.<\/span><\/p>\n\t\t\t\t\t\t<\/div>\n\n\t\t\t\t\t<\/div>\n\n\t\t\t\t\n\t\t\t<\/div>\n\n\t\t\n\t<\/div>\n<\/div>\n","protected":false},"excerpt":{"rendered":"","protected":false},"author":53,"featured_media":0,"parent":8214,"menu_order":0,"comment_status":"closed","ping_status":"closed","template":"","meta":{"_acf_changed":false,"inline_featured_image":false,"footnotes":""},"class_list":["post-11844","page","type-page","status-publish","hentry"],"acf":[],"yoast_head":"<!-- This site is optimized with the Yoast SEO plugin v27.3 - https:\/\/yoast.com\/product\/yoast-seo-wordpress\/ -->\n<title>\u00centreb\u0103ri frecvente privind jaluzelele exterioare | NEVA<\/title>\n<meta name=\"description\" content=\"Afla\u021bi totul despre jaluzelele exterioare NEVA: de la termene de livrare, paleta de culori, p\u00e2n\u0103 la solu\u021bii tehnice de montaj.\" \/>\n<meta name=\"robots\" content=\"index, follow, max-snippet:-1, max-image-preview:large, max-video-preview:-1\" \/>\n<link rel=\"canonical\" href=\"https:\/\/nevask.eu\/ro\/jaluzele-exterioare-neva\/faq\/\" \/>\n<meta property=\"og:locale\" content=\"ro_RO\" \/>\n<meta property=\"og:type\" content=\"article\" \/>\n<meta property=\"og:title\" content=\"\u00centreb\u0103ri frecvente privind jaluzelele exterioare | NEVA\" \/>\n<meta property=\"og:description\" content=\"Afla\u021bi totul despre jaluzelele exterioare NEVA: de la termene de livrare, paleta de culori, p\u00e2n\u0103 la solu\u021bii tehnice de montaj.\" \/>\n<meta property=\"og:url\" content=\"https:\/\/nevask.eu\/ro\/jaluzele-exterioare-neva\/faq\/\" \/>\n<meta property=\"og:site_name\" content=\"NEVA\" \/>\n<meta property=\"article:modified_time\" content=\"2026-02-12T14:22:08+00:00\" \/>\n<meta name=\"twitter:card\" content=\"summary_large_image\" \/>\n<meta name=\"twitter:label1\" content=\"Timp estimat pentru citire\" \/>\n\t<meta name=\"twitter:data1\" content=\"7 minute\" \/>\n<!-- \/ Yoast SEO plugin. -->","yoast_head_json":{"title":"\u00centreb\u0103ri frecvente privind jaluzelele exterioare | NEVA","description":"Afla\u021bi totul despre jaluzelele exterioare NEVA: de la termene de livrare, paleta de culori, p\u00e2n\u0103 la solu\u021bii tehnice de montaj.","robots":{"index":"index","follow":"follow","max-snippet":"max-snippet:-1","max-image-preview":"max-image-preview:large","max-video-preview":"max-video-preview:-1"},"canonical":"https:\/\/nevask.eu\/ro\/jaluzele-exterioare-neva\/faq\/","og_locale":"ro_RO","og_type":"article","og_title":"\u00centreb\u0103ri frecvente privind jaluzelele exterioare | NEVA","og_description":"Afla\u021bi totul despre jaluzelele exterioare NEVA: de la termene de livrare, paleta de culori, p\u00e2n\u0103 la solu\u021bii tehnice de montaj.","og_url":"https:\/\/nevask.eu\/ro\/jaluzele-exterioare-neva\/faq\/","og_site_name":"NEVA","article_modified_time":"2026-02-12T14:22:08+00:00","twitter_card":"summary_large_image","twitter_misc":{"Timp estimat pentru citire":"7 minute"},"schema":{"@context":"https:\/\/schema.org","@graph":[{"@type":"WebPage","@id":"https:\/\/nevask.eu\/ro\/jaluzele-exterioare-neva\/faq\/","url":"https:\/\/nevask.eu\/ro\/jaluzele-exterioare-neva\/faq\/","name":"\u00centreb\u0103ri frecvente privind jaluzelele exterioare | NEVA","isPartOf":{"@id":"https:\/\/nevask.eu\/ro\/#website"},"datePublished":"2026-01-07T12:27:52+00:00","dateModified":"2026-02-12T14:22:08+00:00","description":"Afla\u021bi totul despre jaluzelele exterioare NEVA: de la termene de livrare, paleta de culori, p\u00e2n\u0103 la solu\u021bii tehnice de montaj.","breadcrumb":{"@id":"https:\/\/nevask.eu\/ro\/jaluzele-exterioare-neva\/faq\/#breadcrumb"},"inLanguage":"ro-RO","potentialAction":[{"@type":"ReadAction","target":["https:\/\/nevask.eu\/ro\/jaluzele-exterioare-neva\/faq\/"]}]},{"@type":"BreadcrumbList","@id":"https:\/\/nevask.eu\/ro\/jaluzele-exterioare-neva\/faq\/#breadcrumb","itemListElement":[{"@type":"ListItem","position":1,"name":"Home","item":"https:\/\/nevask.eu\/ro\/"},{"@type":"ListItem","position":2,"name":"Jaluzele exterioare NEVA","item":"https:\/\/nevask.eu\/ro\/jaluzele-exterioare-neva\/"},{"@type":"ListItem","position":3,"name":"FAQ"}]},{"@type":"WebSite","@id":"https:\/\/nevask.eu\/ro\/#website","url":"https:\/\/nevask.eu\/ro\/","name":"NEVA","description":"Vonkaj\u0161ie \u017eal\u00fazie a screenov\u00e9 rolety","potentialAction":[{"@type":"SearchAction","target":{"@type":"EntryPoint","urlTemplate":"https:\/\/nevask.eu\/ro\/?s={search_term_string}"},"query-input":{"@type":"PropertyValueSpecification","valueRequired":true,"valueName":"search_term_string"}}],"inLanguage":"ro-RO"}]}},"_links":{"self":[{"href":"https:\/\/nevask.eu\/ro\/wp-json\/wp\/v2\/pages\/11844","targetHints":{"allow":["GET"]}}],"collection":[{"href":"https:\/\/nevask.eu\/ro\/wp-json\/wp\/v2\/pages"}],"about":[{"href":"https:\/\/nevask.eu\/ro\/wp-json\/wp\/v2\/types\/page"}],"author":[{"embeddable":true,"href":"https:\/\/nevask.eu\/ro\/wp-json\/wp\/v2\/users\/53"}],"replies":[{"embeddable":true,"href":"https:\/\/nevask.eu\/ro\/wp-json\/wp\/v2\/comments?post=11844"}],"version-history":[{"count":6,"href":"https:\/\/nevask.eu\/ro\/wp-json\/wp\/v2\/pages\/11844\/revisions"}],"predecessor-version":[{"id":12577,"href":"https:\/\/nevask.eu\/ro\/wp-json\/wp\/v2\/pages\/11844\/revisions\/12577"}],"up":[{"embeddable":true,"href":"https:\/\/nevask.eu\/ro\/wp-json\/wp\/v2\/pages\/8214"}],"wp:attachment":[{"href":"https:\/\/nevask.eu\/ro\/wp-json\/wp\/v2\/media?parent=11844"}],"curies":[{"name":"wp","href":"https:\/\/api.w.org\/{rel}","templated":true}]}}