{"id":11887,"date":"2026-01-09T13:24:23","date_gmt":"2026-01-09T12:24:23","guid":{"rendered":"https:\/\/nevask.eu\/?page_id=11887"},"modified":"2026-01-15T11:09:12","modified_gmt":"2026-01-15T10:09:12","slug":"roleta-exterioara-neva-ws100","status":"publish","type":"page","link":"https:\/\/nevask.eu\/ro\/rulouri-screen-neva\/roleta-exterioara-neva-ws100\/","title":{"rendered":"NEVA WS100"},"content":{"rendered":"\n\n\n\n\n\n<div class=\"section narrow white\">\n\t<div class=\"container\">\n\t\t<div class=\"cell\">\n\t\t\t<ul class=\"breadcrumbs\">\n\t\t\t\t<li><a href=\"https:\/\/nevask.eu\/ro\/\">Home<\/a><\/li>\n\n\t\t\t\t\n\t\t\t<\/ul>\n\t\t<\/div>\n\t<\/div>\n<\/div>\n\n\n\n\n\n\n\n\n<div  class=\"section white\">\n\t<div class=\"container cols-60p-40p\">\n\n\t\t\n\n\n\t\t<div class=\"cell\">\n\n\t\t\t<h1>Rolet<span style=\"font-weight: 400\">a<\/span> exterioar<span style=\"font-weight: 400\">\u0103<\/span><br \/>\nNEVA WS100<\/h1>\n<p class=\"p-large\">Roleta exterioar\u0103 cu ghidaj prin cabluri ofer\u0103 o umbrire elegant\u0103 \u0219i economic\u0103 \u0219i se remarc\u0103 prin greutatea redus\u0103 \u0219i designul curat.<\/p>\n<p>Spre deosebire de zipscreen, acest\u0103 rolet\u0103 folose\u0219te cabluri discrete pentru a men\u021bine materialul perfect \u00eentins, f\u0103r\u0103 a deranja aspectul general. Cablurile sunt aproape invizibile, astfel c\u0103 roleta r\u0103m\u00e2ne aerist\u0103, subtil\u0103 \u0219i potrivit\u0103 pentru orice proiect modern.<\/p>\n<p><img loading=\"lazy\" decoding=\"async\" class=\"alignnone wp-image-12034\" src=\"https:\/\/nevask.eu\/wp-content\/uploads\/2026\/01\/16-farieb-na-sklade-modre-copy-1024x391.png\" alt=\"16 culori in stoc\" width=\"236\" height=\"90\" srcset=\"https:\/\/nevask.eu\/wp-content\/uploads\/2026\/01\/16-farieb-na-sklade-modre-copy-1024x391.png.webp 1024w, https:\/\/nevask.eu\/wp-content\/uploads\/2026\/01\/16-farieb-na-sklade-modre-copy-300x114.png.webp 300w, https:\/\/nevask.eu\/wp-content\/uploads\/2026\/01\/16-farieb-na-sklade-modre-copy-768x293.png.webp 768w, https:\/\/nevask.eu\/wp-content\/uploads\/2026\/01\/16-farieb-na-sklade-modre-copy-1536x586.png.webp 1536w, https:\/\/nevask.eu\/wp-content\/uploads\/2026\/01\/16-farieb-na-sklade-modre-copy.png 1937w\" sizes=\"auto, (max-width: 236px) 100vw, 236px\" \/><\/p>\n<p>Roleta screen cu ghidare prin cabluri NEVA WS100 este livrat\u0103 standard cu <a href=\"https:\/\/nevask.eu\/ro\/control-casa-inteligenta\/motoare-somfy\/\">motor Somfy<\/a>.<\/p>\n\n\t\t\t\n\t\t<\/div>\n\n\n\n\t\t\n\t\t\t<div class=\"cell center top\">\n\t\t\t\t<img decoding=\"async\" src=\"https:\/\/nevask.eu\/wp-content\/uploads\/2026\/01\/Screen-NEVA-WS100-montaz-na-strop-2-1024x1024.jpg\" alt=\"Screen NEVA WS100 -montaz konzol na strop - vn\u00fatorn\u00e9 nav\u00edjanie\">\n\t\t\t<\/div>\n\n\t\t\n\t<\/div>\n<\/div>\n\n\n\n\n\n<div  class=\"section dark\">\n\t<div class=\"container full left\">\n\t\t<div class=\"cell\">\n\t\t\t<p><img loading=\"lazy\" decoding=\"async\" class=\"wp-image-8254 alignleft\" src=\"https:\/\/nevask.eu\/wp-content\/uploads\/2025\/07\/zaruka-skusenosti-neva-1.png\" alt=\"\" width=\"251\" height=\"88\" \/><\/p>\n<p class=\"p-large\">Pentru toate roletele screen NEVA oferim o <strong>garan\u021bie extins\u0103 de p\u00e2n\u0103 la 5 ani<\/strong>, \u00een locul standardului de 2 ani.<\/p>\n<p>&nbsp;<\/p>\n<p>&nbsp;<\/p>\n\t\t<\/div>\n\t<\/div>\n<\/div>\n\n\n\n\n\n<div  class=\"section white\">\n\t<div class=\"container product-gallery slider-mobile\">\n\n\t\t\n\t\t\t\n\t\t\t\t<a class=\"cell\" href=\"https:\/\/nevask.eu\/wp-content\/uploads\/2026\/01\/NEVA-WS100-horny-detail-P-konzola-na-stenu.jpg.webp\">\n\t\t\t\t\t<img decoding=\"async\" class=\"ratio-1x1\" src=\"https:\/\/nevask.eu\/wp-content\/uploads\/2026\/01\/NEVA-WS100-horny-detail-P-konzola-na-stenu-1024x1024.jpg\" alt=\"Screen NEVA WS100 - horn\u00fd prav\u00fd detail\">\n\t\t\t\t<\/a>\n\n\t\t\t\n\t\t\t\t<a class=\"cell\" href=\"https:\/\/nevask.eu\/wp-content\/uploads\/2026\/01\/Screen-NEVA-WS100-spodny-detail.jpg.webp\">\n\t\t\t\t\t<img decoding=\"async\" class=\"ratio-1x1\" src=\"https:\/\/nevask.eu\/wp-content\/uploads\/2026\/01\/Screen-NEVA-WS100-spodny-detail-1024x1024.jpg\" alt=\"Screen NEVA WS100 - spodn\u00fd detail\">\n\t\t\t\t<\/a>\n\n\t\t\t\n\t\t\t\t<a class=\"cell\" href=\"https:\/\/nevask.eu\/wp-content\/uploads\/2026\/01\/Screen-NEVA-WS100-montaz-na-strop.jpg.webp\">\n\t\t\t\t\t<img decoding=\"async\" class=\"ratio-1x1\" src=\"https:\/\/nevask.eu\/wp-content\/uploads\/2026\/01\/Screen-NEVA-WS100-montaz-na-strop-1024x1024.jpg\" alt=\"Screen NEVA WS100 -montaz konzol na strop\">\n\t\t\t\t<\/a>\n\n\t\t\t\n\t\t\t\t<a class=\"cell\" href=\"https:\/\/nevask.eu\/wp-content\/uploads\/2026\/01\/Screen-NEVA-WS100-montaz-na-stenu-2.jpg.webp\">\n\t\t\t\t\t<img decoding=\"async\" class=\"ratio-1x1\" src=\"https:\/\/nevask.eu\/wp-content\/uploads\/2026\/01\/Screen-NEVA-WS100-montaz-na-stenu-2-1024x1024.jpg\" alt=\"Lankov\u00fd screen NEVA WS100 - mont\u00e1\u017e na stenu, l\u00e1tka bli\u017e\u0161ie o oknu\">\n\t\t\t\t<\/a>\n\n\t\t\t\n\t\t\n\t<\/div>\n<\/div>\n\n\n\n\n\n<div  class=\"section dark\">\n\t<div class=\"container full left\">\n\t\t<div class=\"cell\">\n\t\t\t<p class=\"p-large\">Screen-ul cu cabluri este potrivit pentru ferestrele pe col\u021b, f\u0103r\u0103 ram\u0103 \u2013 sticl\u0103 l\u00e2ng\u0103 sticl\u0103.<\/p>\n<p class=\"p-large\">Odat\u0103 ridicat, ruloul nu obstruc\u021bioneaz\u0103 deloc priveli\u0219tea.<\/p>\n<p class=\"p-large\">\n\t\t<\/div>\n\t<\/div>\n<\/div>\n\n\n\n\n\n<div  class=\"section tint\">\n\n\t\n\t\t<div class=\"container intro\">\n\t\t\t<div class=\"cell\">\n\t\t\t\t<h2>Ce ofer\u0103 screen-urile exterioare cu cabluri de ghidaj<\/h2>\n\t\t\t<\/div>\n\t\t<\/div>\n\n\t\n\n\n\t\n\t<div class=\"container cols-33p text-blocks\" style=\"\">\n\n\t\t\n\t\t\t\n\t\t\t\t\n\t\t\t\t<div class=\"cell\" style=\"\">\n\n\t\t\t\t\t\n\t\t\t\t\t\t<div class=\"icon-title\">\n\n\t\t\t\t\t\t\t\t\t\t\t\t\t\t\t<img decoding=\"async\" src=\"https:\/\/nevask.eu\/wp-content\/uploads\/2025\/07\/icon-detail-zatemenie-latkove-rolety-100x100-c-center.webp\" alt=\"piktogram - screenov\u00e1 roleta, zatemnenie\">\n\t\t\t\t\t\t\t\n\t\t\t\t\t\t\t\t\t\t\t\t\t\t\t<h3 class=\"h5\">Umbrire personalizat\u0103<\/h3>\n\t\t\t\t\t\t\t\n\t\t\t\t\t\t<\/div>\n\n\t\t\t\t\t\n\n\n\t\t\t\t\t<p><span style=\"font-weight: 400;\">Roleta screen cu ghidaj prin cablu NEVA WS100 este disponibil \u00een 16 tipuri standard de \u021bes\u0103turi, cu diferite grade de transparen\u021b\u0103.<\/span><\/p>\n<p><span style=\"font-weight: 400;\">Alege\u021bi \u021bes\u0103tura care se potrive\u0219te perfect cu fa\u021bada casei \u0219i v\u0103 ofer\u0103 exact nivelul de umbrire dorit.<\/span><\/p>\n\n\t\t\t\t<\/div>\n\t\t\t\n\t\t\t\t\n\t\t\t\t<div class=\"cell\" style=\"\">\n\n\t\t\t\t\t\n\t\t\t\t\t\t<div class=\"icon-title\">\n\n\t\t\t\t\t\t\t\t\t\t\t\t\t\t\t<img decoding=\"async\" src=\"https:\/\/nevask.eu\/wp-content\/uploads\/2025\/07\/icon-zaluzie-architektonicky-prvek-100x100-c-center-2.webp\" alt=\"piktogram -  geometrick\u00e9 tvary, technick\u00e9 rie\u0161enia\">\n\t\t\t\t\t\t\t\n\t\t\t\t\t\t\t\t\t\t\t\t\t\t\t<h3 class=\"h5\">Montaj pe tavan sau pe perete<\/h3>\n\t\t\t\t\t\t\t\n\t\t\t\t\t\t<\/div>\n\n\t\t\t\t\t\n\n\n\t\t\t\t\t<p><span style=\"font-weight: 400;\">Screen-urile textile exterioare cu ghidaj prin cablu sunt livrate f\u0103r\u0103 casete superioare \u0219i se monteaz\u0103, pe tavan sau pe perete.<\/span><\/p>\n<p><span style=\"font-weight: 400;\">A\u0219a cum se observ\u0103 \u00een imaginile de mai sus, materialul poate fi rulat \u00een dou\u0103 moduri: spre exterior (mai departe de fereastr\u0103) sau spre interior (mai aproape de fereastr\u0103).<\/span><\/p>\n\n\t\t\t\t<\/div>\n\t\t\t\n\t\t\t\t\n\t\t\t\t<div class=\"cell\" style=\"\">\n\n\t\t\t\t\t\n\t\t\t\t\t\t<div class=\"icon-title\">\n\n\t\t\t\t\t\t\t\t\t\t\t\t\t\t\t<img decoding=\"async\" src=\"https:\/\/nevask.eu\/wp-content\/uploads\/2025\/07\/icon-detail-luxusny-vzhlad-latkove-rolety-100x100-c-center.webp\" alt=\"piktogram pevne a odoln\u00e9 - diamant\">\n\t\t\t\t\t\t\t\n\t\t\t\t\t\t\t\t\t\t\t\t\t\t\t<h3 class=\"h5\">Aspect minimalist<\/h3>\n\t\t\t\t\t\t\t\n\t\t\t\t\t\t<\/div>\n\n\t\t\t\t\t\n\n\n\t\t\t\t\t<p><span style=\"font-weight: 400;\">Roleta exterioar\u0103 textil\u0103 cu ghidaj prin cablu impresioneaz\u0103 prin elegan\u021b\u0103. F\u0103r\u0103 caset\u0103 \u0219i f\u0103r\u0103 profile robuste, designul pare u\u0219or \u0219i aerisit. <\/span><\/p>\n<p><span style=\"font-weight: 400;\">Cablul din o\u021bel inoxidabil, acoperit cu plastic, este aproape invizibil \u2013 un detaliu pe care \u00eel ve\u021bi aprecia mai ales c\u00e2nd ruloul este complet ridicat.<\/span><\/p>\n\n\t\t\t\t<\/div>\n\t\t\t\n\t\t\n\t<\/div>\n\n\n\n\t\n\t\t<div class=\"container outro center\">\n\t\t\t<div class=\"cell\">\n\n\t\t\t\t\n\t\t\t\t\t\t\t\t\t<a href=\"https:\/\/nevask.eu\/ro\/oferta-de-pret\/oferta-screen-neva\/\" target=\"\" class=\"button\">Afla\u021bi pre\u021bul ruloului screen \u2192<\/a>\n\t\t\t\t\n\t\t\t<\/div>\n\t\t<\/div>\n\n\t\n<\/div>\n\n\n\n\n\n<div class=\"section white\">\n\t<div class=\"container\">\n\t\t<div class=\"cell\">\n\t\t\t<hr class=\"separator\">\n\t\t<\/div>\n\t<\/div>\n<\/div>\n\n\n\n\n\n\n\n\n<div  class=\"section white\">\n\n\t\n\t\t<div class=\"container intro\">\n\t\t\t<div class=\"cell\">\n\t\t\t\t<h2>Specifica\u021bii technice<\/h2>\n\t\t\t<\/div>\n\t\t<\/div>\n\n\t\n\n\n\t<div class=\"container \">\n\n\t\t\n\t\t\t<div class=\"cell\">\n\n\t\t\t\t\n\n\n\t\t\t\t<div class=\"table-wrapper\"><div class=\"table-wrapper\"><table class=\"nowrap alignleft\">\n<tbody>\n<tr>\n<th>L\u0103\u021bimea ruloului<\/th>\n<td>680 \u2013 4000 mm<\/td>\n<\/tr>\n<tr>\n<th>\u00cen\u0103l\u021bimea ruloului<\/th>\n<td>400 &#8211; 3500 mm<\/td>\n<\/tr>\n<tr>\n<th>Suprafa\u021ba maxim\u0103<\/th>\n<td>10,4 m2<\/td>\n<\/tr>\n<tr>\n<th>Mod de ac\u021bionare<\/th>\n<td>Motor<\/td>\n<\/tr>\n<tr>\n<th>Rezisten\u021ba<br \/>\nla v\u00e2nt<\/th>\n<td>p\u00e2n\u0103 la clasa 3<br data-start=\"19\" data-end=\"22\" \/>(conform EN 13561)<\/td>\n<\/tr>\n<\/tbody>\n<\/table><\/div><\/div>\n\n\t\t\t<\/div>\n\n\t\t\n\t<\/div>\n<\/div>\n\n\n\n\n\n<div  class=\"section dark\">\n\t<div class=\"container full left\">\n\t\t<div class=\"cell\">\n\t\t\t<p><img loading=\"lazy\" decoding=\"async\" class=\"alignnone wp-image-2093\" src=\"https:\/\/nevask.eu\/wp-content\/uploads\/2025\/07\/hash-nevapartner_4-300x61.png\" alt=\"hashtag nevapartner - modr\u00e9 na bielom\" width=\"220\" height=\"44\" srcset=\"https:\/\/nevask.eu\/wp-content\/uploads\/2025\/07\/hash-nevapartner_4-300x61.png 300w, https:\/\/nevask.eu\/wp-content\/uploads\/2025\/07\/hash-nevapartner_4.png 689w\" sizes=\"auto, (max-width: 220px) 100vw, 220px\" \/><\/p>\n<p class=\"p-large\"><a href=\"https:\/\/nevask.eu\/ro\/dealeri-neva\/\">Reprezentan\u021bii no\u0219tri<\/a> v\u0103 stau la dispozi\u021bie pentru consultan\u021b\u0103 privind roleta exterioar\u0103 textil\u0103 NEVA cu ghidaj prin cablu sau zipscreen, \u0219i v\u0103 pot preg\u0103ti direct o <a href=\"https:\/\/nevask.eu\/ro\/oferta-de-pret\/oferta-screen-neva\/\">ofert\u0103 de pre\u021b<\/a> f\u0103r\u0103 obliga\u021bii.<\/p>\n<p>&nbsp;<\/p>\n\t\t<\/div>\n\t<\/div>\n<\/div>\n\n\n\n\n\n<div  class=\"section white\">\n\t<div class=\"container full left\">\n\t\t<div class=\"cell\">\n\t\t\t<h2>Culori disponibile pentru roletele screen cu ghidaj prin cablu NEVA WS100<\/h2>\n<p data-start=\"39\" data-end=\"118\">Pute\u021bi alege dintre <a href=\"https:\/\/nevask.eu\/ro\/rulouri-screen-neva\/culorile-rulourilor-screen\/\">16 \u021bes\u0103turi standard<\/a> \u2013 fie din gama SERG\u00c9 3\u202f%, fie SOLTIS Perform 92 cu factor de deschidere de 4\u202f%.<\/p>\n<p data-start=\"39\" data-end=\"118\">Suportul de prindere este vopsit \u00een antracit RAL 7016, iar restul accesoriilor poate fi finisat \u00een orice culoare RAL la alegere.<\/p>\n<p data-start=\"39\" data-end=\"118\"><img loading=\"lazy\" decoding=\"async\" class=\"alignnone wp-image-11910\" src=\"https:\/\/nevask.eu\/wp-content\/uploads\/2026\/01\/Screen-NEVA-WS100-montaz-na-stenu-1024x1024.jpg\" alt=\"Lankov\u00e1 screenov\u00e1 roleta NEVA WS100\" width=\"800\" height=\"800\" srcset=\"https:\/\/nevask.eu\/wp-content\/uploads\/2026\/01\/Screen-NEVA-WS100-montaz-na-stenu-1024x1024.jpg.webp 1024w, https:\/\/nevask.eu\/wp-content\/uploads\/2026\/01\/Screen-NEVA-WS100-montaz-na-stenu-300x300.jpg.webp 300w, https:\/\/nevask.eu\/wp-content\/uploads\/2026\/01\/Screen-NEVA-WS100-montaz-na-stenu-150x150.jpg.webp 150w, https:\/\/nevask.eu\/wp-content\/uploads\/2026\/01\/Screen-NEVA-WS100-montaz-na-stenu-768x768.jpg.webp 768w, https:\/\/nevask.eu\/wp-content\/uploads\/2026\/01\/Screen-NEVA-WS100-montaz-na-stenu.jpg.webp 1200w\" sizes=\"auto, (max-width: 800px) 100vw, 800px\" \/><\/p>\n\t\t<\/div>\n\t<\/div>\n<\/div>\n\n\n\n\n\n\n\n\n<div  class=\"section white\">\n\n\t\n\t\t\t<div class=\"container col-70p-center center\">\n\t\t\t\t<div class=\"cell\">\n\t\t\t\t\t\n\t\t\n\t\t\t\t\t<a href=\"https:\/\/nevask.eu\/ro\/dealeri-neva\/\" target=\"\" class=\"button\">G\u0103si\u021bi cel mai apropiat dealer \u2192<\/a>\n\t\t\n\t\t\t\t\t\t<\/div>\n\t\t\t<\/div>\n\n\t\t\t\n<\/div>\n\n\n\n\n\n<div class=\"section white\">\n\t<div class=\"container\">\n\t\t<div class=\"cell\">\n\t\t\t<hr class=\"separator\">\n\t\t<\/div>\n\t<\/div>\n<\/div>\n","protected":false},"excerpt":{"rendered":"","protected":false},"author":53,"featured_media":12099,"parent":8231,"menu_order":0,"comment_status":"closed","ping_status":"closed","template":"","meta":{"_acf_changed":false,"inline_featured_image":false,"footnotes":""},"class_list":["post-11887","page","type-page","status-publish","has-post-thumbnail","hentry"],"acf":[],"yoast_head":"<!-- This site is optimized with the Yoast SEO plugin v27.5 - https:\/\/yoast.com\/product\/yoast-seo-wordpress\/ -->\n<title>Roleta exterioar\u0103 NEVA WS100 cu ghidare prin cabluri<\/title>\n<meta name=\"description\" content=\"Roleta exterioar\u0103 cu ghidare prin cabluri. Umbrire elegant\u0103 \u0219i economic\u0103. Ac\u021bionare motorizat\u0103. Garan\u021bie 5 ani.\" \/>\n<meta name=\"robots\" content=\"index, follow, max-snippet:-1, max-image-preview:large, max-video-preview:-1\" \/>\n<link rel=\"canonical\" href=\"https:\/\/nevask.eu\/ro\/rulouri-screen-neva\/roleta-exterioara-neva-ws100\/\" \/>\n<meta property=\"og:locale\" content=\"ro_RO\" \/>\n<meta property=\"og:type\" content=\"article\" \/>\n<meta property=\"og:title\" content=\"Roleta exterioar\u0103 NEVA WS100 cu ghidare prin cabluri\" \/>\n<meta property=\"og:description\" content=\"Roleta exterioar\u0103 cu ghidare prin cabluri. Umbrire elegant\u0103 \u0219i economic\u0103. Ac\u021bionare motorizat\u0103. Garan\u021bie 5 ani.\" \/>\n<meta property=\"og:url\" content=\"https:\/\/nevask.eu\/ro\/rulouri-screen-neva\/roleta-exterioara-neva-ws100\/\" \/>\n<meta property=\"og:site_name\" content=\"NEVA\" \/>\n<meta property=\"article:modified_time\" content=\"2026-01-15T10:09:12+00:00\" \/>\n<meta property=\"og:image\" content=\"https:\/\/nevask.eu\/wp-content\/uploads\/2026\/01\/social-NEVA-WS100-scaled.jpg\" \/>\n\t<meta property=\"og:image:width\" content=\"2560\" \/>\n\t<meta property=\"og:image:height\" content=\"1479\" \/>\n\t<meta property=\"og:image:type\" content=\"image\/jpeg\" \/>\n<meta name=\"twitter:card\" content=\"summary_large_image\" \/>\n<meta name=\"twitter:label1\" content=\"Timp estimat pentru citire\" \/>\n\t<meta name=\"twitter:data1\" content=\"5 minute\" \/>\n<!-- \/ Yoast SEO plugin. -->","yoast_head_json":{"title":"Roleta exterioar\u0103 NEVA WS100 cu ghidare prin cabluri","description":"Roleta exterioar\u0103 cu ghidare prin cabluri. Umbrire elegant\u0103 \u0219i economic\u0103. Ac\u021bionare motorizat\u0103. Garan\u021bie 5 ani.","robots":{"index":"index","follow":"follow","max-snippet":"max-snippet:-1","max-image-preview":"max-image-preview:large","max-video-preview":"max-video-preview:-1"},"canonical":"https:\/\/nevask.eu\/ro\/rulouri-screen-neva\/roleta-exterioara-neva-ws100\/","og_locale":"ro_RO","og_type":"article","og_title":"Roleta exterioar\u0103 NEVA WS100 cu ghidare prin cabluri","og_description":"Roleta exterioar\u0103 cu ghidare prin cabluri. Umbrire elegant\u0103 \u0219i economic\u0103. Ac\u021bionare motorizat\u0103. Garan\u021bie 5 ani.","og_url":"https:\/\/nevask.eu\/ro\/rulouri-screen-neva\/roleta-exterioara-neva-ws100\/","og_site_name":"NEVA","article_modified_time":"2026-01-15T10:09:12+00:00","og_image":[{"width":2560,"height":1479,"url":"https:\/\/nevask.eu\/wp-content\/uploads\/2026\/01\/social-NEVA-WS100-scaled.jpg","type":"image\/jpeg"}],"twitter_card":"summary_large_image","twitter_misc":{"Timp estimat pentru citire":"5 minute"},"schema":{"@context":"https:\/\/schema.org","@graph":[{"@type":"WebPage","@id":"https:\/\/nevask.eu\/ro\/rulouri-screen-neva\/roleta-exterioara-neva-ws100\/","url":"https:\/\/nevask.eu\/ro\/rulouri-screen-neva\/roleta-exterioara-neva-ws100\/","name":"Roleta exterioar\u0103 NEVA WS100 cu ghidare prin cabluri","isPartOf":{"@id":"https:\/\/nevask.eu\/ro\/#website"},"primaryImageOfPage":{"@id":"https:\/\/nevask.eu\/ro\/rulouri-screen-neva\/roleta-exterioara-neva-ws100\/#primaryimage"},"image":{"@id":"https:\/\/nevask.eu\/ro\/rulouri-screen-neva\/roleta-exterioara-neva-ws100\/#primaryimage"},"thumbnailUrl":"https:\/\/nevask.eu\/wp-content\/uploads\/2026\/01\/social-NEVA-WS100-scaled.jpg.webp","datePublished":"2026-01-09T12:24:23+00:00","dateModified":"2026-01-15T10:09:12+00:00","description":"Roleta exterioar\u0103 cu ghidare prin cabluri. Umbrire elegant\u0103 \u0219i economic\u0103. Ac\u021bionare motorizat\u0103. Garan\u021bie 5 ani.","breadcrumb":{"@id":"https:\/\/nevask.eu\/ro\/rulouri-screen-neva\/roleta-exterioara-neva-ws100\/#breadcrumb"},"inLanguage":"ro-RO","potentialAction":[{"@type":"ReadAction","target":["https:\/\/nevask.eu\/ro\/rulouri-screen-neva\/roleta-exterioara-neva-ws100\/"]}]},{"@type":"ImageObject","inLanguage":"ro-RO","@id":"https:\/\/nevask.eu\/ro\/rulouri-screen-neva\/roleta-exterioara-neva-ws100\/#primaryimage","url":"https:\/\/nevask.eu\/wp-content\/uploads\/2026\/01\/social-NEVA-WS100-scaled.jpg.webp","contentUrl":"https:\/\/nevask.eu\/wp-content\/uploads\/2026\/01\/social-NEVA-WS100-scaled.jpg.webp","width":2560,"height":1479,"caption":"lankov\u00fd screen NEVA WS100"},{"@type":"BreadcrumbList","@id":"https:\/\/nevask.eu\/ro\/rulouri-screen-neva\/roleta-exterioara-neva-ws100\/#breadcrumb","itemListElement":[{"@type":"ListItem","position":1,"name":"Home","item":"https:\/\/nevask.eu\/ro\/"},{"@type":"ListItem","position":2,"name":"Rulouri Screen NEVA","item":"https:\/\/nevask.eu\/ro\/rulouri-screen-neva\/"},{"@type":"ListItem","position":3,"name":"NEVA WS100"}]},{"@type":"WebSite","@id":"https:\/\/nevask.eu\/ro\/#website","url":"https:\/\/nevask.eu\/ro\/","name":"NEVA","description":"Vonkaj\u0161ie \u017eal\u00fazie a screenov\u00e9 rolety","potentialAction":[{"@type":"SearchAction","target":{"@type":"EntryPoint","urlTemplate":"https:\/\/nevask.eu\/ro\/?s={search_term_string}"},"query-input":{"@type":"PropertyValueSpecification","valueRequired":true,"valueName":"search_term_string"}}],"inLanguage":"ro-RO"}]}},"_links":{"self":[{"href":"https:\/\/nevask.eu\/ro\/wp-json\/wp\/v2\/pages\/11887","targetHints":{"allow":["GET"]}}],"collection":[{"href":"https:\/\/nevask.eu\/ro\/wp-json\/wp\/v2\/pages"}],"about":[{"href":"https:\/\/nevask.eu\/ro\/wp-json\/wp\/v2\/types\/page"}],"author":[{"embeddable":true,"href":"https:\/\/nevask.eu\/ro\/wp-json\/wp\/v2\/users\/53"}],"replies":[{"embeddable":true,"href":"https:\/\/nevask.eu\/ro\/wp-json\/wp\/v2\/comments?post=11887"}],"version-history":[{"count":17,"href":"https:\/\/nevask.eu\/ro\/wp-json\/wp\/v2\/pages\/11887\/revisions"}],"predecessor-version":[{"id":12100,"href":"https:\/\/nevask.eu\/ro\/wp-json\/wp\/v2\/pages\/11887\/revisions\/12100"}],"up":[{"embeddable":true,"href":"https:\/\/nevask.eu\/ro\/wp-json\/wp\/v2\/pages\/8231"}],"wp:featuredmedia":[{"embeddable":true,"href":"https:\/\/nevask.eu\/ro\/wp-json\/wp\/v2\/media\/12099"}],"wp:attachment":[{"href":"https:\/\/nevask.eu\/ro\/wp-json\/wp\/v2\/media?parent=11887"}],"curies":[{"name":"wp","href":"https:\/\/api.w.org\/{rel}","templated":true}]}}