{"id":12104,"date":"2026-01-16T10:47:22","date_gmt":"2026-01-16T09:47:22","guid":{"rendered":"https:\/\/nevask.eu\/?page_id=12104"},"modified":"2026-04-14T07:54:21","modified_gmt":"2026-04-14T05:54:21","slug":"jaluzele-exterioare-solare","status":"publish","type":"page","link":"https:\/\/nevask.eu\/ro\/jaluzele-exterioare-neva\/jaluzele-exterioare-solare\/","title":{"rendered":"NEVA SOLAR"},"content":{"rendered":"\n\n\n\n\n\n<div class=\"section narrow white\">\n\t<div class=\"container\">\n\t\t<div class=\"cell\">\n\t\t\t<ul class=\"breadcrumbs\">\n\t\t\t\t<li><a href=\"https:\/\/nevask.eu\/ro\/\">Home<\/a><\/li>\n\n\t\t\t\t\n\t\t\t<\/ul>\n\t\t<\/div>\n\t<\/div>\n<\/div>\n\n\n\n\n\n\n\n\n<div  class=\"section white\">\n\t<div class=\"container cols-80p-20p\">\n\n\t\t\n\n\n\t\t<div class=\"cell\">\n\n\t\t\t<h1>Jaluzele exterioare solare<\/h1>\n<p class=\"p-large\">Jaluzelele exterioare solare nu necesit\u0103 cabluri, se alimenteaz\u0103 cu energia soarelui \u0219i se instaleaz\u0103 u\u0219or.<\/p>\n<p>Ele reduc costurile de operare, protejeaz\u0103 interiorul \u00eempotriva supra\u00eenc\u0103lzirii \u0219i ofer\u0103 locuin\u021bei confort, umbrire eficient\u0103 \u0219i control precis al luminii naturale.<\/p>\n\n\t\t\t\n\t\t<\/div>\n\n\n\n\t\t\n\t<\/div>\n<\/div>\n\n\n\n\n\n<div  class=\"section white\">\n\t<div class=\"container product-gallery slider-mobile\">\n\n\t\t\n\t\t\t\n\t\t\t\t<a class=\"cell\" href=\"https:\/\/nevask.eu\/wp-content\/uploads\/2026\/03\/NEVA-Solarne-zaluzie-open-Z90.webp\">\n\t\t\t\t\t<img decoding=\"async\" class=\"ratio-1x1\" src=\"https:\/\/nevask.eu\/wp-content\/uploads\/2026\/03\/NEVA-Solarne-zaluzie-open-Z90.webp\" alt=\"jaluzele solare - jaluzele fotovoltaice\">\n\t\t\t\t<\/a>\n\n\t\t\t\n\t\t\t\t<a class=\"cell\" href=\"https:\/\/nevask.eu\/wp-content\/uploads\/2026\/01\/Solarny-panel-na-zaluziach-NEVA.jpg.webp\">\n\t\t\t\t\t<img decoding=\"async\" class=\"ratio-1x1\" src=\"https:\/\/nevask.eu\/wp-content\/uploads\/2026\/01\/Solarny-panel-na-zaluziach-NEVA-1024x1024.jpg\" alt=\"Sol\u00e1rny panel na \u017eal\u00faziach NEVA\">\n\t\t\t\t<\/a>\n\n\t\t\t\n\t\t\t\t<a class=\"cell\" href=\"https:\/\/nevask.eu\/wp-content\/uploads\/2026\/01\/Solarny-panel-a-bateria-vyrez.jpg.webp\">\n\t\t\t\t\t<img decoding=\"async\" class=\"ratio-1x1\" src=\"https:\/\/nevask.eu\/wp-content\/uploads\/2026\/01\/Solarny-panel-a-bateria-vyrez-1024x1024.jpg\" alt=\"sol\u00e1rny panel a bateria\n\">\n\t\t\t\t<\/a>\n\n\t\t\t\n\t\t\t\t<a class=\"cell\" href=\"https:\/\/nevask.eu\/wp-content\/uploads\/2026\/01\/ovladace-k-solarnym-zaluziam-NEVA.jpg.webp\">\n\t\t\t\t\t<img decoding=\"async\" class=\"ratio-1x1\" src=\"https:\/\/nevask.eu\/wp-content\/uploads\/2026\/01\/ovladace-k-solarnym-zaluziam-NEVA-1024x1024.jpg\" alt=\"ovl\u00e1da\u010de KAISER\">\n\t\t\t\t<\/a>\n\n\t\t\t\n\t\t\n\t<\/div>\n<\/div>\n\n\n\n\n\n\n\n\n<div  class=\"section white\">\n\n\t\n\t\t\t<div class=\"container col-70p-center center\">\n\t\t\t\t<div class=\"cell\">\n\t\t\t\t\t\n\t\t\n\t\t\t\t\t<a href=\"https:\/\/nevask.eu\/ro\/oferta-de-pret\/oferta-jaluzele-neva\/\" target=\"\" class=\"button\">Oferta de pre\u021b \u2192<\/a>\n\t\t\n\t\t\t\t\t\t<\/div>\n\t\t\t<\/div>\n\n\t\t\t\n<\/div>\n\n\n\n\n\n<div  class=\"section dark\">\n\t<div class=\"container full left\">\n\t\t<div class=\"cell\">\n\t\t\t<p><img loading=\"lazy\" decoding=\"async\" class=\"wp-image-8254 alignleft\" src=\"https:\/\/nevask.eu\/wp-content\/uploads\/2025\/07\/zaruka-skusenosti-neva-1.png\" alt=\"\" width=\"263\" height=\"92\" \/><\/p>\n<p class=\"p1\">La fabricarea jaluzelelor exterioare NEVA\u00ae, punem accent pe fiecare detaliu.<br \/>\nFolosim materiale premium \u0219i componente atent proiectate, pentru un rezultat durabil \u0219i estetic impecabil.<\/p>\n<p>&nbsp;<\/p>\n\t\t<\/div>\n\t<\/div>\n<\/div>\n\n\n\n\n\n\n\n\n<div  class=\"section white\">\n\n\t\n\t\t<div class=\"container intro\">\n\t\t\t<div class=\"cell\">\n\t\t\t\t<h2>PARAMETRII TEHNICI DE BAZ\u0102 A JALUZELEI EXTERIOARE<\/h2>\n\t\t\t<\/div>\n\t\t<\/div>\n\n\t\n\n\n\t<div class=\"container \">\n\n\t\t\n\t\t\t<div class=\"cell\">\n\n\t\t\t\t\n\n\n\t\t\t\t<div class=\"table-wrapper\"><div class=\"table-wrapper\"><table>\n<tbody>\n<tr>\n<td>Tip<\/td>\n<td>NEVA S90, Z90, Z70, C80, C65, F80, STL<\/td>\n<\/tr>\n<tr>\n<td>Suprafa\u021ba maxim\u0103<\/td>\n<td>p\u00e2n\u0103 la 10 m2<\/td>\n<\/tr>\n<tr>\n<td>L\u0103\u021bimea maxim\u0103<\/td>\n<td>p\u00e2n\u0103 la 5 m<\/td>\n<\/tr>\n<tr>\n<td>\u00cen\u0103l\u021bimea maxim\u0103<\/td>\n<td>p\u00e2n\u0103 la 5 m<\/td>\n<\/tr>\n<tr>\n<td>L\u0103\u021bimea minim\u0103<\/td>\n<td>780 mm<\/td>\n<\/tr>\n<tr>\n<td>\u00cen\u0103l\u021bimea minim\u0103<\/td>\n<td>500 mm<\/td>\n<\/tr>\n<\/tbody>\n<\/table><\/div><\/div>\n\n\t\t\t<\/div>\n\n\t\t\n\t<\/div>\n<\/div>\n\n\n\n\n\n\n\n\n<div  class=\"section white\">\n\n\t\n\n\n\t<div class=\"container \">\n\n\t\t\n\t\t\t<div class=\"cell\">\n\n\t\t\t\t\t\t\t\t\t<h3>PARAMETRII TEHNICI DE BAZ\u0102 A MOTORULUI<\/h3>\n\t\t\t\t\n\n\n\t\t\t\t<div class=\"table-wrapper\"><div class=\"table-wrapper\"><table>\n<tbody>\n<tr>\n<td>Cuplu de torsiune<\/td>\n<td>6 Nm<br \/>\n9 Nm<\/td>\n<\/tr>\n<tr>\n<td>Viteza<\/td>\n<td>24 rot\/min<br \/>\n15 rot\/min<\/td>\n<\/tr>\n<\/tbody>\n<\/table><\/div><\/div>\n\n\t\t\t<\/div>\n\n\t\t\n\t<\/div>\n<\/div>\n\n\n\n\n\n\n\n\n<div  class=\"section white\">\n\n\t\n\n\n\t<div class=\"container \">\n\n\t\t\n\t\t\t<div class=\"cell\">\n\n\t\t\t\t\t\t\t\t\t<h3>PARAMETRII TEHNICI DE BAZ\u0102 A BATERIEI<\/h3>\n\t\t\t\t\n\n\n\t\t\t\t<div class=\"table-wrapper\"><div class=\"table-wrapper\"><table>\n<tbody>\n<tr>\n<td>Tensiune<\/td>\n<td>12 V DC<\/td>\n<\/tr>\n<tr>\n<td>Capacitate<\/td>\n<td>5 200 mAh<\/td>\n<\/tr>\n<tr>\n<td>Autonomie<\/td>\n<td>p\u00e2n\u0103 la 45 zile<br \/>\n2 cicluri\/zi<\/td>\n<\/tr>\n<tr>\n<td>Temperatura de operare<\/td>\n<td>-15 \u00b0C \/ +55 \u00b0C<\/td>\n<\/tr>\n<tr>\n<td>Control<\/td>\n<td>433,92 MHz<\/td>\n<\/tr>\n<\/tbody>\n<\/table><\/div><\/div>\n<p>&nbsp;<\/p>\n<p><img loading=\"lazy\" decoding=\"async\" class=\"alignnone wp-image-12162\" src=\"https:\/\/nevask.eu\/wp-content\/uploads\/2026\/01\/NEVA-rozmery-solarnej-baterie-1024x251.png\" alt=\" rozmery solarnej baterie pre vonkaj\u0161ie \u017eal\u00fazie \" width=\"500\" height=\"122\" srcset=\"https:\/\/nevask.eu\/wp-content\/uploads\/2026\/01\/NEVA-rozmery-solarnej-baterie-1024x251.png.webp 1024w, https:\/\/nevask.eu\/wp-content\/uploads\/2026\/01\/NEVA-rozmery-solarnej-baterie-300x73.png.webp 300w, https:\/\/nevask.eu\/wp-content\/uploads\/2026\/01\/NEVA-rozmery-solarnej-baterie-768x188.png.webp 768w, https:\/\/nevask.eu\/wp-content\/uploads\/2026\/01\/NEVA-rozmery-solarnej-baterie-1536x376.png.webp 1536w, https:\/\/nevask.eu\/wp-content\/uploads\/2026\/01\/NEVA-rozmery-solarnej-baterie.png.webp 1698w\" sizes=\"auto, (max-width: 500px) 100vw, 500px\" \/><\/p>\n\n\t\t\t<\/div>\n\n\t\t\n\t<\/div>\n<\/div>\n\n\n\n\n\n\n\n\n<div  class=\"section white\">\n\n\t\n\n\n\t<div class=\"container \">\n\n\t\t\n\t\t\t<div class=\"cell\">\n\n\t\t\t\t\t\t\t\t\t<h3>PARAMETRII TEHNICI DE BAZ\u0102 A PANOULUI SOLAR<\/h3>\n\t\t\t\t\n\n\n\t\t\t\t<div class=\"table-wrapper\"><div class=\"table-wrapper\"><table>\n<tbody>\n<tr>\n<td>Dimensiuni<\/td>\n<td>555x60x10 mm<\/td>\n<\/tr>\n<tr>\n<td>Tensiunea maxim\u0103<\/td>\n<td>16 V DC<\/td>\n<\/tr>\n<tr>\n<td>Curent<\/td>\n<td>307 mA<\/td>\n<\/tr>\n<tr>\n<td>Protec\u021bie<\/td>\n<td>-15 \u00b0C \/ +55 \u00b0C<\/td>\n<\/tr>\n<tr>\n<td>Control<\/td>\n<td>IP 55<\/td>\n<\/tr>\n<\/tbody>\n<\/table><\/div><\/div>\n<p>&nbsp;<\/p>\n<p><img loading=\"lazy\" decoding=\"async\" class=\"alignnone wp-image-12156\" src=\"https:\/\/nevask.eu\/wp-content\/uploads\/2026\/01\/NEVA-solarny-panel-1024x287.png\" alt=\"Sol\u00e1rny panel pre \u017eal\u00fazie NEVA - rozmery\" width=\"500\" height=\"140\" srcset=\"https:\/\/nevask.eu\/wp-content\/uploads\/2026\/01\/NEVA-solarny-panel-1024x287.png.webp 1024w, https:\/\/nevask.eu\/wp-content\/uploads\/2026\/01\/NEVA-solarny-panel-300x84.png.webp 300w, https:\/\/nevask.eu\/wp-content\/uploads\/2026\/01\/NEVA-solarny-panel-768x215.png.webp 768w, https:\/\/nevask.eu\/wp-content\/uploads\/2026\/01\/NEVA-solarny-panel-1536x430.png.webp 1536w, https:\/\/nevask.eu\/wp-content\/uploads\/2026\/01\/NEVA-solarny-panel.png.webp 1542w\" sizes=\"auto, (max-width: 500px) 100vw, 500px\" \/><\/p>\n\n\t\t\t<\/div>\n\n\t\t\n\t<\/div>\n<\/div>\n\n\n\n\n\n\n\n\n<div  class=\"section white\">\n\t<div class=\"container cols-50p\">\n\n\t\t\n\t\t\t<div class=\"cell center vcenter\">\n\t\t\t\t<img decoding=\"async\" src=\"https:\/\/nevask.eu\/wp-content\/uploads\/2026\/01\/OVLADAC-KAISER-MANO-1-v-ruke-1024x731.jpg\" alt=\"\u017dena dr\u017e\u00ed v ruke ovl\u00e1da\u010d  KAISER MANO \">\n\t\t\t<\/div>\n\n\t\t\n\n\n\t\t<div class=\"cell\">\n\n\t\t\t<h2>CONTROL INTUITIV PENTRU UN CONFORT DES\u0102V\u00c2R\u0218IT<\/h2>\n<p>Pentru jaluzelele exterioare oferim solu\u021bii moderne de control, care permit reglarea precis\u0103 a \u00eenclin\u0103rii lamelelor \u0219i a nivelului de umbrire. <a href=\"https:\/\/nevask.eu\/ro\/control-casa-inteligenta\/telecomenzi-kaiser\/\">Telecomenzile elegante<\/a> v\u0103 \u021bin controlul luminii mereu la \u00eendem\u00e2n\u0103.<\/p>\n<p>Fiecare solu\u021bie este g\u00e2ndit\u0103 pentru func\u021bionalitate, design \u0219i fiabilitate pe termen lung, asigur\u00e2nd o operare natural\u0103, rapid\u0103 \u0219i confortabil\u0103.<\/p>\n\n\t\t\t\n\t\t<\/div>\n\n\n\n\t\t\n\t<\/div>\n<\/div>\n\n\n\n\n\n<div class=\"section white\">\n\t<div class=\"container\">\n\t\t<div class=\"cell\">\n\t\t\t<hr class=\"separator\">\n\t\t<\/div>\n\t<\/div>\n<\/div>\n","protected":false},"excerpt":{"rendered":"","protected":false},"author":53,"featured_media":0,"parent":8214,"menu_order":0,"comment_status":"closed","ping_status":"closed","template":"","meta":{"_acf_changed":false,"inline_featured_image":false,"footnotes":""},"class_list":["post-12104","page","type-page","status-publish","hentry"],"acf":[],"yoast_head":"<!-- This site is optimized with the Yoast SEO plugin v27.4 - https:\/\/yoast.com\/product\/yoast-seo-wordpress\/ -->\n<title>Jaluzele exterioare solare | NEVA<\/title>\n<meta name=\"description\" content=\"Jaluzelele exterioare solare (jaluzele fotovoltaice) nunecesit\u0103 cabluri, se alimenteaz\u0103cu energia soarelui \u0219i se instaleaz\u0103u\u0219or\" \/>\n<meta name=\"robots\" content=\"index, follow, max-snippet:-1, max-image-preview:large, max-video-preview:-1\" \/>\n<link rel=\"canonical\" href=\"https:\/\/nevask.eu\/ro\/jaluzele-exterioare-neva\/jaluzele-exterioare-solare\/\" \/>\n<meta property=\"og:locale\" content=\"ro_RO\" \/>\n<meta property=\"og:type\" content=\"article\" \/>\n<meta property=\"og:title\" content=\"Jaluzele exterioare solare | NEVA\" \/>\n<meta property=\"og:description\" content=\"Jaluzelele exterioare solare (jaluzele fotovoltaice) nunecesit\u0103 cabluri, se alimenteaz\u0103cu energia soarelui \u0219i se instaleaz\u0103u\u0219or\" \/>\n<meta property=\"og:url\" content=\"https:\/\/nevask.eu\/ro\/jaluzele-exterioare-neva\/jaluzele-exterioare-solare\/\" \/>\n<meta property=\"og:site_name\" content=\"NEVA\" \/>\n<meta property=\"article:modified_time\" content=\"2026-04-14T05:54:21+00:00\" \/>\n<meta name=\"twitter:card\" content=\"summary_large_image\" \/>\n<meta name=\"twitter:label1\" content=\"Timp estimat pentru citire\" \/>\n\t<meta name=\"twitter:data1\" content=\"4 minute\" \/>\n<!-- \/ Yoast SEO plugin. -->","yoast_head_json":{"title":"Jaluzele exterioare solare | NEVA","description":"Jaluzelele exterioare solare (jaluzele fotovoltaice) nunecesit\u0103 cabluri, se alimenteaz\u0103cu energia soarelui \u0219i se instaleaz\u0103u\u0219or","robots":{"index":"index","follow":"follow","max-snippet":"max-snippet:-1","max-image-preview":"max-image-preview:large","max-video-preview":"max-video-preview:-1"},"canonical":"https:\/\/nevask.eu\/ro\/jaluzele-exterioare-neva\/jaluzele-exterioare-solare\/","og_locale":"ro_RO","og_type":"article","og_title":"Jaluzele exterioare solare | NEVA","og_description":"Jaluzelele exterioare solare (jaluzele fotovoltaice) nunecesit\u0103 cabluri, se alimenteaz\u0103cu energia soarelui \u0219i se instaleaz\u0103u\u0219or","og_url":"https:\/\/nevask.eu\/ro\/jaluzele-exterioare-neva\/jaluzele-exterioare-solare\/","og_site_name":"NEVA","article_modified_time":"2026-04-14T05:54:21+00:00","twitter_card":"summary_large_image","twitter_misc":{"Timp estimat pentru citire":"4 minute"},"schema":{"@context":"https:\/\/schema.org","@graph":[{"@type":"WebPage","@id":"https:\/\/nevask.eu\/ro\/jaluzele-exterioare-neva\/jaluzele-exterioare-solare\/","url":"https:\/\/nevask.eu\/ro\/jaluzele-exterioare-neva\/jaluzele-exterioare-solare\/","name":"Jaluzele exterioare solare | NEVA","isPartOf":{"@id":"https:\/\/nevask.eu\/ro\/#website"},"datePublished":"2026-01-16T09:47:22+00:00","dateModified":"2026-04-14T05:54:21+00:00","description":"Jaluzelele exterioare solare (jaluzele fotovoltaice) nunecesit\u0103 cabluri, se alimenteaz\u0103cu energia soarelui \u0219i se instaleaz\u0103u\u0219or","breadcrumb":{"@id":"https:\/\/nevask.eu\/ro\/jaluzele-exterioare-neva\/jaluzele-exterioare-solare\/#breadcrumb"},"inLanguage":"ro-RO","potentialAction":[{"@type":"ReadAction","target":["https:\/\/nevask.eu\/ro\/jaluzele-exterioare-neva\/jaluzele-exterioare-solare\/"]}]},{"@type":"BreadcrumbList","@id":"https:\/\/nevask.eu\/ro\/jaluzele-exterioare-neva\/jaluzele-exterioare-solare\/#breadcrumb","itemListElement":[{"@type":"ListItem","position":1,"name":"Home","item":"https:\/\/nevask.eu\/ro\/"},{"@type":"ListItem","position":2,"name":"Jaluzele exterioare NEVA","item":"https:\/\/nevask.eu\/ro\/jaluzele-exterioare-neva\/"},{"@type":"ListItem","position":3,"name":"NEVA SOLAR"}]},{"@type":"WebSite","@id":"https:\/\/nevask.eu\/ro\/#website","url":"https:\/\/nevask.eu\/ro\/","name":"NEVA","description":"Vonkaj\u0161ie \u017eal\u00fazie a screenov\u00e9 rolety","potentialAction":[{"@type":"SearchAction","target":{"@type":"EntryPoint","urlTemplate":"https:\/\/nevask.eu\/ro\/?s={search_term_string}"},"query-input":{"@type":"PropertyValueSpecification","valueRequired":true,"valueName":"search_term_string"}}],"inLanguage":"ro-RO"}]}},"_links":{"self":[{"href":"https:\/\/nevask.eu\/ro\/wp-json\/wp\/v2\/pages\/12104","targetHints":{"allow":["GET"]}}],"collection":[{"href":"https:\/\/nevask.eu\/ro\/wp-json\/wp\/v2\/pages"}],"about":[{"href":"https:\/\/nevask.eu\/ro\/wp-json\/wp\/v2\/types\/page"}],"author":[{"embeddable":true,"href":"https:\/\/nevask.eu\/ro\/wp-json\/wp\/v2\/users\/53"}],"replies":[{"embeddable":true,"href":"https:\/\/nevask.eu\/ro\/wp-json\/wp\/v2\/comments?post=12104"}],"version-history":[{"count":14,"href":"https:\/\/nevask.eu\/ro\/wp-json\/wp\/v2\/pages\/12104\/revisions"}],"predecessor-version":[{"id":12976,"href":"https:\/\/nevask.eu\/ro\/wp-json\/wp\/v2\/pages\/12104\/revisions\/12976"}],"up":[{"embeddable":true,"href":"https:\/\/nevask.eu\/ro\/wp-json\/wp\/v2\/pages\/8214"}],"wp:attachment":[{"href":"https:\/\/nevask.eu\/ro\/wp-json\/wp\/v2\/media?parent=12104"}],"curies":[{"name":"wp","href":"https:\/\/api.w.org\/{rel}","templated":true}]}}