{"id":12244,"date":"2026-01-19T15:09:06","date_gmt":"2026-01-19T14:09:06","guid":{"rendered":"https:\/\/nevask.eu\/?page_id=12244"},"modified":"2026-01-20T15:39:47","modified_gmt":"2026-01-20T14:39:47","slug":"telecomenzi-kaiser","status":"publish","type":"page","link":"https:\/\/nevask.eu\/ro\/control-casa-inteligenta\/telecomenzi-kaiser\/","title":{"rendered":"Telecomenzi kaiser"},"content":{"rendered":"\n\n\n\n\n\n<div class=\"section narrow white\">\n\t<div class=\"container\">\n\t\t<div class=\"cell\">\n\t\t\t<ul class=\"breadcrumbs\">\n\t\t\t\t<li><a href=\"https:\/\/nevask.eu\/ro\/\">Home<\/a><\/li>\n\n\t\t\t\t\n\t\t\t<\/ul>\n\t\t<\/div>\n\t<\/div>\n<\/div>\n\n\n\n\n\n<div  class=\"section white\">\n\t<div class=\"container\">\n\t\t<div class=\"cell image h420\">\n\n\t\t\t\t\t\t\t<img decoding=\"async\" src=\"https:\/\/nevask.eu\/wp-content\/uploads\/2026\/01\/OVLADAC-KAISER-MANO-1-v-ruke.jpg.webp\" alt=\"\u017dena dr\u017e\u00ed v ruke ovl\u00e1da\u010d  KAISER MANO \">\n\t\t\t\n\t\t<\/div>\n\t<\/div>\n<\/div>\n\n\n\n\n\n<div  class=\"section white\">\n\t<div class=\"container full left\">\n\t\t<div class=\"cell\">\n\t\t\t<h1>Telecomenzi pentru jaluzele solare<\/h1>\n<div>\n<p><a href=\"https:\/\/nevask.eu\/ro\/jaluzele-exterioare-neva\/jaluzele-exterioare-solare\/\">Jaluzelele solare exterioare NEVA<\/a> pot fi operate simplu \u0219i elegant cu telecomenzile radio KAISER. Sunt disponibile modelele monocanal MANO 1 \u0219i NIVEL 1, iar pentru controlul mai multor jaluzele cu un singur dispozitiv pute\u021bi alege ADESSO 5 cu 5 canale sau NIVEL 15 cu 15 canale.<\/p>\n<p>Telecomenzile radio KAISER se remarc\u0103 prin design modern \u0219i utilizare intuitiv\u0103. Acestea permit reglarea rapid\u0103 \u0219i precis\u0103 a \u00eenclin\u0103rii lamelelor, oferindu-v\u0103 control deplin asupra luminii naturale din interior.<\/p>\n<p>Alege\u021bi varianta care se potrive\u0219te cel mai bine stilului \u0219i nevoilor dumneavoastr\u0103.<\/p>\n<\/div>\n\t\t<\/div>\n\t<\/div>\n<\/div>\n\n\n\n\n\n<div class=\"section white\">\n\t<div class=\"container\">\n\t\t<div class=\"cell\">\n\t\t\t<hr class=\"separator\">\n\t\t<\/div>\n\t<\/div>\n<\/div>\n\n\n\n\n\n\n\n\n<div  class=\"section white\">\n\t<div class=\"container cols-50p\">\n\n\t\t\n\n\n\t\t<div class=\"cell\">\n\n\t\t\t<h3>Telecomanda KAISER Mano 1 (monocanal)<\/h3>\n<p>Telecomanda Mano 1 cu un canal se remarc\u0103 prin designul s\u0103u minimalist \u0219i elegant, completat de un cadru din aluminiu. Pentru un plus de confort, este livrat\u0103 cu suport magnetic pentru montaj pe perete.<\/p>\n<p>Num\u0103r de canale: 1<br \/>\nDimensiuni (l \u00d7 h \u00d7 a): 45 \u00d7 131 \u00d7 11 mm<br \/>\nAlimentare: baterie 3 V (CR 2450)<\/p>\n<p>Sistem radio: bidirec\u021bional<br \/>\nFrecven\u021b\u0103 radio: 433 MHz<\/p>\n<p>&nbsp;<\/p>\n\n\t\t\t\n\t\t<\/div>\n\n\n\n\t\t\n\t\t\t<div class=\"cell center vcenter\">\n\t\t\t\t<img decoding=\"async\" src=\"https:\/\/nevask.eu\/wp-content\/uploads\/2026\/01\/KAISER-Mano-1-1024x1024.png\" alt=\"Ovl\u00e1da\u010d Kaiser Mano 1\">\n\t\t\t<\/div>\n\n\t\t\n\t<\/div>\n<\/div>\n\n\n\n\n\n<div class=\"section white\">\n\t<div class=\"container\">\n\t\t<div class=\"cell\">\n\t\t\t<hr class=\"separator\">\n\t\t<\/div>\n\t<\/div>\n<\/div>\n\n\n\n\n\n\n\n\n<div  class=\"section white\">\n\t<div class=\"container cols-50p\">\n\n\t\t\n\n\n\t\t<div class=\"cell\">\n\n\t\t\t<h3>Telecomanda KAISER Nivel 1 (monocanal)<\/h3>\n<p>Nivel 1 de la Kaiser Nienhaus este o telecomand\u0103 modern\u0103, u\u0219or de utilizat, care \u00eembin\u0103 designul elegant cu tehnologia fiabil\u0103. Controlul tactil prin suprafa\u021ba din sticl\u0103 asigur\u0103 o utilizare intuitiv\u0103, iar rama din aluminiu \u00eei confer\u0103 un aspect premium. Suportul magnetic inclus permite fixarea telecomenzii pe perete \u00eentr-un mod simplu \u0219i estetic, astfel \u00eenc\u00e2t s\u0103 fie mereu la \u00eendem\u00e2n\u0103.<\/p>\n<p>Num\u0103r de canale: 1<br \/>\nDimensiuni (l \u00d7 h \u00d7 a): 45 \u00d7 131 \u00d7 11 mm<br \/>\nAlimentare: baterie 3 V (CR 2450)<\/p>\n<p>Sistem radio: bidirec\u021bional<br \/>\nFrecven\u021b\u0103 radio: 433,92 MHz<\/p>\n\n\t\t\t\n\t\t<\/div>\n\n\n\n\t\t\n\t\t\t<div class=\"cell center vcenter\">\n\t\t\t\t<img decoding=\"async\" src=\"https:\/\/nevask.eu\/wp-content\/uploads\/2026\/01\/KAISER-Nivel-1-1024x1024.png\" alt=\"Ovl\u00e1da\u010d Kaiser Nivel 1\">\n\t\t\t<\/div>\n\n\t\t\n\t<\/div>\n<\/div>\n\n\n\n\n\n<div class=\"section white\">\n\t<div class=\"container\">\n\t\t<div class=\"cell\">\n\t\t\t<hr class=\"separator\">\n\t\t<\/div>\n\t<\/div>\n<\/div>\n\n\n\n\n\n\n\n\n<div  class=\"section white\">\n\t<div class=\"container cols-50p\">\n\n\t\t\n\n\n\t\t<div class=\"cell\">\n\n\t\t\t<h3>Telecomanda KAISER Adesso 5 <span style=\"font-weight: 400\">cu func\u021bie de temporizator<\/span><\/h3>\n<p>Telecomanda radio Adesso cu temporizator integrat este simplu de utilizat \u0219i intuitiv\u0103. Rama elegant\u0103 din aluminiu \u0219i suportul magnetic de perete \u00eei ofer\u0103 un aspect modern \u0219i rafinat. Calitatea materialelor se simte la prima atingere.<br \/>\nProgramarea se face rapid, f\u0103r\u0103 complica\u021bii, astfel c\u0103 telecomanda poate deveni temporizatorul principal pentru toate jaluzelele din cas\u0103. Ave\u021bi la dispozi\u021bie trei moduri \u2013 manual, automat sau aleatoriu \u2013 dup\u0103 cum dori\u021bi s\u0103 controla\u021bi umbrirea.<\/p>\n<p>Num\u0103r de canale: 5<br \/>\nDimensiuni (l \u00d7 h \u00d7 a): 45 x 131 x 11 mm<br \/>\nAlimentare: baterie 3 V (CR 2450)<\/p>\n<p>Sistem radio: bidirec\u021bional<br \/>\nFrecven\u021b\u0103 radio: 433 MHz<\/p>\n\n\t\t\t\n\t\t<\/div>\n\n\n\n\t\t\n\t\t\t<div class=\"cell center vcenter\">\n\t\t\t\t<img decoding=\"async\" src=\"https:\/\/nevask.eu\/wp-content\/uploads\/2026\/01\/KAISER-Adesso-5-1024x1024.png\" alt=\"Ovl\u00e1da\u010d Kaiser Adesso 5\">\n\t\t\t<\/div>\n\n\t\t\n\t<\/div>\n<\/div>\n\n\n\n\n\n\n\n\n<div  class=\"section white\">\n\t<div class=\"container cols-50p\">\n\n\t\t\n\n\n\t\t<div class=\"cell\">\n\n\t\t\t<h3>Telecomanda KAISER Nivel 15 (15 canale)<\/h3>\n<p>Telecomanda Nivel 15 de la Kaiser Nienhaus combin\u0103 designul modern cu func\u021bionalitatea practic\u0103, oferindu-v\u0103 o experien\u021b\u0103 premium \u00een via\u021ba de zi cu zi.<br \/>\nCarcasa din sticl\u0103 autentic\u0103 cu control tactil, \u00eenso\u021bit\u0103 de cadrul elegant din aluminiu, confer\u0103 un aspect sofisticat \u0219i de calitate. Suportul magnetic de perete inclus permite ca telecomanda s\u0103 stea fixat\u0103 discret, parc\u0103 plutind, oferind un aspect curat \u0219i elegant.<br \/>\nCu cele 15 canale disponibile, pute\u021bi controla cu u\u0219urin\u021b\u0103 mai multe jaluzele simultan.<\/p>\n<p>Num\u0103r de canale: 15<br \/>\nDimensiuni (l \u00d7 h \u00d7 a): 45 \u00d7 131 \u00d7 11 mm<br \/>\nAlimentare: baterie 3 V (CR 2450)<\/p>\n<p>Sistem radio: bidirec\u021bional<br \/>\nFrecven\u021b\u0103 radio: 433,92 MHz<\/p>\n<p>&nbsp;<\/p>\n<p>&nbsp;<\/p>\n<p>&nbsp;<\/p>\n<p>&nbsp;<\/p>\n\n\t\t\t\n\t\t<\/div>\n\n\n\n\t\t\n\t\t\t<div class=\"cell center vcenter\">\n\t\t\t\t<img decoding=\"async\" src=\"https:\/\/nevask.eu\/wp-content\/uploads\/2026\/01\/KAISER-Nivel-15_-1024x1024.png\" alt=\"Ovl\u00e1da\u010d kaiser Adesso 15\">\n\t\t\t<\/div>\n\n\t\t\n\t<\/div>\n<\/div>\n\n\n\n\n\n<div  class=\"section dark\">\n\t<div class=\"container full left\">\n\t\t<div class=\"cell\">\n\t\t\t<p><img loading=\"lazy\" decoding=\"async\" class=\"alignnone wp-image-2093\" src=\"https:\/\/nevask.eu\/wp-content\/uploads\/2025\/07\/hash-nevapartner_4-300x61.png\" alt=\"hashtag nevapartner - modr\u00e9 na bielom\" width=\"220\" height=\"44\" srcset=\"https:\/\/nevask.eu\/wp-content\/uploads\/2025\/07\/hash-nevapartner_4-300x61.png 300w, https:\/\/nevask.eu\/wp-content\/uploads\/2025\/07\/hash-nevapartner_4.png 689w\" sizes=\"auto, (max-width: 220px) 100vw, 220px\" \/><\/p>\n<p class=\"p-large\" style=\"text-align: left\"><a href=\"https:\/\/nevask.eu\/ro\/dealeri-neva\/\">Partenerii no\u0219tri comerciali \u0219i de montaj<\/a> v\u0103 vor prezenta cu pl\u0103cere avantajele jaluzelelor exterioare NEVA. Pute\u021bi consulta cu ei solu\u021biile optime pentru proiectul dumneavoastr\u0103 sau pute\u021bi solicita o <a href=\"https:\/\/nevask.eu\/ro\/oferta-de-pret\/\">ofert\u0103 de pre\u021b<\/a> f\u0103r\u0103 obliga\u021bii.<\/p>\n\t\t<\/div>\n\t<\/div>\n<\/div>\n","protected":false},"excerpt":{"rendered":"","protected":false},"author":53,"featured_media":12177,"parent":8299,"menu_order":0,"comment_status":"closed","ping_status":"closed","template":"","meta":{"_acf_changed":false,"inline_featured_image":false,"footnotes":""},"class_list":["post-12244","page","type-page","status-publish","has-post-thumbnail","hentry"],"acf":[],"yoast_head":"<!-- This site is optimized with the Yoast SEO plugin v27.5 - https:\/\/yoast.com\/product\/yoast-seo-wordpress\/ -->\n<title>Telecomenzi wireless KAISER pentru jaluzele solare NEVA<\/title>\n<meta name=\"description\" content=\"Controla\u021bi jaluzelele solare exterioare NEVA cu ajutorul telecomenzilor germane KAISER.\" \/>\n<meta name=\"robots\" content=\"index, follow, max-snippet:-1, max-image-preview:large, max-video-preview:-1\" \/>\n<link rel=\"canonical\" href=\"https:\/\/nevask.eu\/ro\/control-casa-inteligenta\/telecomenzi-kaiser\/\" \/>\n<meta property=\"og:locale\" content=\"ro_RO\" \/>\n<meta property=\"og:type\" content=\"article\" \/>\n<meta property=\"og:title\" content=\"Telecomenzi wireless KAISER pentru jaluzele solare NEVA\" \/>\n<meta property=\"og:description\" content=\"Controla\u021bi jaluzelele solare exterioare NEVA cu ajutorul telecomenzilor germane KAISER.\" \/>\n<meta property=\"og:url\" content=\"https:\/\/nevask.eu\/ro\/control-casa-inteligenta\/telecomenzi-kaiser\/\" \/>\n<meta property=\"og:site_name\" content=\"NEVA\" \/>\n<meta property=\"article:modified_time\" content=\"2026-01-20T14:39:47+00:00\" \/>\n<meta name=\"twitter:card\" content=\"summary_large_image\" \/>\n<meta name=\"twitter:label1\" content=\"Timp estimat pentru citire\" \/>\n\t<meta name=\"twitter:data1\" content=\"4 minute\" \/>\n<!-- \/ Yoast SEO plugin. -->","yoast_head_json":{"title":"Telecomenzi wireless KAISER pentru jaluzele solare NEVA","description":"Controla\u021bi jaluzelele solare exterioare NEVA cu ajutorul telecomenzilor germane KAISER.","robots":{"index":"index","follow":"follow","max-snippet":"max-snippet:-1","max-image-preview":"max-image-preview:large","max-video-preview":"max-video-preview:-1"},"canonical":"https:\/\/nevask.eu\/ro\/control-casa-inteligenta\/telecomenzi-kaiser\/","og_locale":"ro_RO","og_type":"article","og_title":"Telecomenzi wireless KAISER pentru jaluzele solare NEVA","og_description":"Controla\u021bi jaluzelele solare exterioare NEVA cu ajutorul telecomenzilor germane KAISER.","og_url":"https:\/\/nevask.eu\/ro\/control-casa-inteligenta\/telecomenzi-kaiser\/","og_site_name":"NEVA","article_modified_time":"2026-01-20T14:39:47+00:00","twitter_card":"summary_large_image","twitter_misc":{"Timp estimat pentru citire":"4 minute"},"schema":{"@context":"https:\/\/schema.org","@graph":[{"@type":"WebPage","@id":"https:\/\/nevask.eu\/ro\/control-casa-inteligenta\/telecomenzi-kaiser\/","url":"https:\/\/nevask.eu\/ro\/control-casa-inteligenta\/telecomenzi-kaiser\/","name":"Telecomenzi wireless KAISER pentru jaluzele solare NEVA","isPartOf":{"@id":"https:\/\/nevask.eu\/ro\/#website"},"primaryImageOfPage":{"@id":"https:\/\/nevask.eu\/ro\/control-casa-inteligenta\/telecomenzi-kaiser\/#primaryimage"},"image":{"@id":"https:\/\/nevask.eu\/ro\/control-casa-inteligenta\/telecomenzi-kaiser\/#primaryimage"},"thumbnailUrl":"https:\/\/nevask.eu\/wp-content\/uploads\/2026\/01\/OVLADAC-KAISER-MANO-1-v-ruke.jpg.webp","datePublished":"2026-01-19T14:09:06+00:00","dateModified":"2026-01-20T14:39:47+00:00","description":"Controla\u021bi jaluzelele solare exterioare NEVA cu ajutorul telecomenzilor germane KAISER.","breadcrumb":{"@id":"https:\/\/nevask.eu\/ro\/control-casa-inteligenta\/telecomenzi-kaiser\/#breadcrumb"},"inLanguage":"ro-RO","potentialAction":[{"@type":"ReadAction","target":["https:\/\/nevask.eu\/ro\/control-casa-inteligenta\/telecomenzi-kaiser\/"]}]},{"@type":"ImageObject","inLanguage":"ro-RO","@id":"https:\/\/nevask.eu\/ro\/control-casa-inteligenta\/telecomenzi-kaiser\/#primaryimage","url":"https:\/\/nevask.eu\/wp-content\/uploads\/2026\/01\/OVLADAC-KAISER-MANO-1-v-ruke.jpg.webp","contentUrl":"https:\/\/nevask.eu\/wp-content\/uploads\/2026\/01\/OVLADAC-KAISER-MANO-1-v-ruke.jpg.webp","width":1767,"height":1262,"caption":"\u017dena dr\u017e\u00ed v ruke ovl\u00e1da\u010d KAISER MANO"},{"@type":"BreadcrumbList","@id":"https:\/\/nevask.eu\/ro\/control-casa-inteligenta\/telecomenzi-kaiser\/#breadcrumb","itemListElement":[{"@type":"ListItem","position":1,"name":"Home","item":"https:\/\/nevask.eu\/ro\/"},{"@type":"ListItem","position":2,"name":"Smart Home","item":"https:\/\/nevask.eu\/ro\/control-casa-inteligenta\/"},{"@type":"ListItem","position":3,"name":"Telecomenzi kaiser"}]},{"@type":"WebSite","@id":"https:\/\/nevask.eu\/ro\/#website","url":"https:\/\/nevask.eu\/ro\/","name":"NEVA","description":"Vonkaj\u0161ie \u017eal\u00fazie a screenov\u00e9 rolety","potentialAction":[{"@type":"SearchAction","target":{"@type":"EntryPoint","urlTemplate":"https:\/\/nevask.eu\/ro\/?s={search_term_string}"},"query-input":{"@type":"PropertyValueSpecification","valueRequired":true,"valueName":"search_term_string"}}],"inLanguage":"ro-RO"}]}},"_links":{"self":[{"href":"https:\/\/nevask.eu\/ro\/wp-json\/wp\/v2\/pages\/12244","targetHints":{"allow":["GET"]}}],"collection":[{"href":"https:\/\/nevask.eu\/ro\/wp-json\/wp\/v2\/pages"}],"about":[{"href":"https:\/\/nevask.eu\/ro\/wp-json\/wp\/v2\/types\/page"}],"author":[{"embeddable":true,"href":"https:\/\/nevask.eu\/ro\/wp-json\/wp\/v2\/users\/53"}],"replies":[{"embeddable":true,"href":"https:\/\/nevask.eu\/ro\/wp-json\/wp\/v2\/comments?post=12244"}],"version-history":[{"count":10,"href":"https:\/\/nevask.eu\/ro\/wp-json\/wp\/v2\/pages\/12244\/revisions"}],"predecessor-version":[{"id":12308,"href":"https:\/\/nevask.eu\/ro\/wp-json\/wp\/v2\/pages\/12244\/revisions\/12308"}],"up":[{"embeddable":true,"href":"https:\/\/nevask.eu\/ro\/wp-json\/wp\/v2\/pages\/8299"}],"wp:featuredmedia":[{"embeddable":true,"href":"https:\/\/nevask.eu\/ro\/wp-json\/wp\/v2\/media\/12177"}],"wp:attachment":[{"href":"https:\/\/nevask.eu\/ro\/wp-json\/wp\/v2\/media?parent=12244"}],"curies":[{"name":"wp","href":"https:\/\/api.w.org\/{rel}","templated":true}]}}