{"id":12629,"date":"2026-01-30T10:30:04","date_gmt":"2026-01-30T09:30:04","guid":{"rendered":"https:\/\/nevask.eu\/?page_id=12629"},"modified":"2026-02-20T09:59:12","modified_gmt":"2026-02-20T08:59:12","slug":"telecomenzile-gaposa","status":"publish","type":"page","link":"https:\/\/nevask.eu\/ro\/control-casa-inteligenta\/telecomenzile-gaposa\/","title":{"rendered":"Telecomenzile GAPOSA"},"content":{"rendered":"\n\n\n\n\n\n<div class=\"section narrow white\">\n\t<div class=\"container\">\n\t\t<div class=\"cell\">\n\t\t\t<ul class=\"breadcrumbs\">\n\t\t\t\t<li><a href=\"https:\/\/nevask.eu\/ro\/\">Home<\/a><\/li>\n\n\t\t\t\t\n\t\t\t<\/ul>\n\t\t<\/div>\n\t<\/div>\n<\/div>\n\n\n\n\n\n<div  class=\"section full-image\">\n\t<div class=\"container\">\n\t\t<div class=\"cell image h420\">\n\n\t\t\t\t\t\t\t<img decoding=\"async\" src=\"https:\/\/nevask.eu\/wp-content\/uploads\/2026\/01\/ovladac-gaposa-1K.jpg.webp\" alt=\"\u017eena s dia\u013ekov\u00fdm ovl\u00e1da\u010dom Gaposa\">\n\t\t\t\n\t\t<\/div>\n\t<\/div>\n<\/div>\n\n\n\n\n\n<div  class=\"section white\">\n\t<div class=\"container full left\">\n\t\t<div class=\"cell\">\n\t\t\t<h1>Telecomenzile GAPOSA pentru screen-urile solare NEVA<\/h1>\n<p>Rulourile tip screen cu motor solar GAPOSA Autonomo pot fi controlate confortabil cu telecomanda compatibil\u0103 GAPOSA. Pute\u021bi cobor\u00ee, ridica sau opri ruloul \u00een orice pozi\u021bie dorit\u0103.<\/p>\n<p><a href=\"https:\/\/nevask.eu\/ro\/rulouri-screen-neva\/\">Rulourile textile solare<\/a> pot fi controlate individual cu o telecomand\u0103 cu un singur canal.<br \/>\nCu o telecomand\u0103 cu cinci canale, pute\u021bi controla p\u00e2n\u0103 la cinci rulouri separat sau le pute\u021bi grupa pentru operare simultan\u0103 \u2013 p\u00e2n\u0103 la cinci grupuri.<br \/>\nAceste telecomenzi sunt apreciate pentru designul lor elegant, sub\u021bire \u0219i ergonomic, cu suprafa\u021b\u0103 pl\u0103cut\u0103 la atingere.<\/p>\n\t\t<\/div>\n\t<\/div>\n<\/div>\n\n\n\n\n\n<div class=\"section white\">\n\t<div class=\"container\">\n\t\t<div class=\"cell\">\n\t\t\t<hr class=\"separator\">\n\t\t<\/div>\n\t<\/div>\n<\/div>\n\n\n\n\n\n\n\n\n<div  class=\"section white\">\n\t<div class=\"container cols-50p\">\n\n\t\t\n\n\n\t\t<div class=\"cell\">\n\n\t\t\t<h2><span style=\"font-weight: 400\">Control cu un singur canal GAPOSA pentru rulourile solare NEVA<\/span><\/h2>\n\n\t\t\t\n\t\t<\/div>\n\n\n\n\t\t\n\t\t\t<div class=\"cell center vcenter\">\n\t\t\t\t<img decoding=\"async\" src=\"https:\/\/nevask.eu\/wp-content\/uploads\/2026\/01\/1-kanalove-ovladanie-Gaposa-NEVA-1024x819.jpg\" alt=\"Control cu un singur canal GAPOSA pentru rulourile solare NEVA\">\n\t\t\t<\/div>\n\n\t\t\n\t<\/div>\n<\/div>\n\n\n\n\n\n<div class=\"section white\">\n\t<div class=\"container\">\n\t\t<div class=\"cell\">\n\t\t\t<hr class=\"separator\">\n\t\t<\/div>\n\t<\/div>\n<\/div>\n\n\n\n\n\n\n\n\n<div  class=\"section white\">\n\t<div class=\"container cols-50p\">\n\n\t\t\n\n\n\t\t<div class=\"cell\">\n\n\t\t\t<h2>Control cu cinci canale GAPOSA pentru rulourile solare NEVA<\/h2>\n<p>&nbsp;<\/p>\n\n\t\t\t\n\t\t<\/div>\n\n\n\n\t\t\n\t\t\t<div class=\"cell center vcenter\">\n\t\t\t\t<img decoding=\"async\" src=\"https:\/\/nevask.eu\/wp-content\/uploads\/2026\/01\/5-kanalove-ovladanie-Gaposa-NEVA-1024x819.jpg\" alt=\"Control cu cinci canale GAPOSA pentru rulourile solare NEVA\">\n\t\t\t<\/div>\n\n\t\t\n\t<\/div>\n<\/div>\n","protected":false},"excerpt":{"rendered":"","protected":false},"author":53,"featured_media":0,"parent":8299,"menu_order":0,"comment_status":"closed","ping_status":"closed","template":"","meta":{"_acf_changed":false,"inline_featured_image":false,"footnotes":""},"class_list":["post-12629","page","type-page","status-publish","hentry"],"acf":[],"yoast_head":"<!-- This site is optimized with the Yoast SEO plugin v27.4 - https:\/\/yoast.com\/product\/yoast-seo-wordpress\/ -->\n<title>Telecomenzile GAPOSA pentru screen-urile solare NEVA<\/title>\n<meta name=\"description\" content=\"Telecomenzi cu unu sau cinci canale pentru rulourile solare cu motor GAPOSA, confortabile la utilizare \u0219i cu un design elegant, minimalist.\" \/>\n<meta name=\"robots\" content=\"index, follow, max-snippet:-1, max-image-preview:large, max-video-preview:-1\" \/>\n<link rel=\"canonical\" href=\"https:\/\/nevask.eu\/ro\/control-casa-inteligenta\/telecomenzile-gaposa\/\" \/>\n<meta property=\"og:locale\" content=\"ro_RO\" \/>\n<meta property=\"og:type\" content=\"article\" \/>\n<meta property=\"og:title\" content=\"Telecomenzile GAPOSA pentru screen-urile solare NEVA\" \/>\n<meta property=\"og:description\" content=\"Telecomenzi cu unu sau cinci canale pentru rulourile solare cu motor GAPOSA, confortabile la utilizare \u0219i cu un design elegant, minimalist.\" \/>\n<meta property=\"og:url\" content=\"https:\/\/nevask.eu\/ro\/control-casa-inteligenta\/telecomenzile-gaposa\/\" \/>\n<meta property=\"og:site_name\" content=\"NEVA\" \/>\n<meta property=\"article:modified_time\" content=\"2026-02-20T08:59:12+00:00\" \/>\n<meta name=\"twitter:card\" content=\"summary_large_image\" \/>\n<meta name=\"twitter:label1\" content=\"Timp estimat pentru citire\" \/>\n\t<meta name=\"twitter:data1\" content=\"2 minute\" \/>\n<!-- \/ Yoast SEO plugin. -->","yoast_head_json":{"title":"Telecomenzile GAPOSA pentru screen-urile solare NEVA","description":"Telecomenzi cu unu sau cinci canale pentru rulourile solare cu motor GAPOSA, confortabile la utilizare \u0219i cu un design elegant, minimalist.","robots":{"index":"index","follow":"follow","max-snippet":"max-snippet:-1","max-image-preview":"max-image-preview:large","max-video-preview":"max-video-preview:-1"},"canonical":"https:\/\/nevask.eu\/ro\/control-casa-inteligenta\/telecomenzile-gaposa\/","og_locale":"ro_RO","og_type":"article","og_title":"Telecomenzile GAPOSA pentru screen-urile solare NEVA","og_description":"Telecomenzi cu unu sau cinci canale pentru rulourile solare cu motor GAPOSA, confortabile la utilizare \u0219i cu un design elegant, minimalist.","og_url":"https:\/\/nevask.eu\/ro\/control-casa-inteligenta\/telecomenzile-gaposa\/","og_site_name":"NEVA","article_modified_time":"2026-02-20T08:59:12+00:00","twitter_card":"summary_large_image","twitter_misc":{"Timp estimat pentru citire":"2 minute"},"schema":{"@context":"https:\/\/schema.org","@graph":[{"@type":"WebPage","@id":"https:\/\/nevask.eu\/ro\/control-casa-inteligenta\/telecomenzile-gaposa\/","url":"https:\/\/nevask.eu\/ro\/control-casa-inteligenta\/telecomenzile-gaposa\/","name":"Telecomenzile GAPOSA pentru screen-urile solare NEVA","isPartOf":{"@id":"https:\/\/nevask.eu\/ro\/#website"},"datePublished":"2026-01-30T09:30:04+00:00","dateModified":"2026-02-20T08:59:12+00:00","description":"Telecomenzi cu unu sau cinci canale pentru rulourile solare cu motor GAPOSA, confortabile la utilizare \u0219i cu un design elegant, minimalist.","breadcrumb":{"@id":"https:\/\/nevask.eu\/ro\/control-casa-inteligenta\/telecomenzile-gaposa\/#breadcrumb"},"inLanguage":"ro-RO","potentialAction":[{"@type":"ReadAction","target":["https:\/\/nevask.eu\/ro\/control-casa-inteligenta\/telecomenzile-gaposa\/"]}]},{"@type":"BreadcrumbList","@id":"https:\/\/nevask.eu\/ro\/control-casa-inteligenta\/telecomenzile-gaposa\/#breadcrumb","itemListElement":[{"@type":"ListItem","position":1,"name":"Home","item":"https:\/\/nevask.eu\/ro\/"},{"@type":"ListItem","position":2,"name":"Smart Home","item":"https:\/\/nevask.eu\/ro\/control-casa-inteligenta\/"},{"@type":"ListItem","position":3,"name":"Telecomenzile GAPOSA"}]},{"@type":"WebSite","@id":"https:\/\/nevask.eu\/ro\/#website","url":"https:\/\/nevask.eu\/ro\/","name":"NEVA","description":"Vonkaj\u0161ie \u017eal\u00fazie a screenov\u00e9 rolety","potentialAction":[{"@type":"SearchAction","target":{"@type":"EntryPoint","urlTemplate":"https:\/\/nevask.eu\/ro\/?s={search_term_string}"},"query-input":{"@type":"PropertyValueSpecification","valueRequired":true,"valueName":"search_term_string"}}],"inLanguage":"ro-RO"}]}},"_links":{"self":[{"href":"https:\/\/nevask.eu\/ro\/wp-json\/wp\/v2\/pages\/12629","targetHints":{"allow":["GET"]}}],"collection":[{"href":"https:\/\/nevask.eu\/ro\/wp-json\/wp\/v2\/pages"}],"about":[{"href":"https:\/\/nevask.eu\/ro\/wp-json\/wp\/v2\/types\/page"}],"author":[{"embeddable":true,"href":"https:\/\/nevask.eu\/ro\/wp-json\/wp\/v2\/users\/53"}],"replies":[{"embeddable":true,"href":"https:\/\/nevask.eu\/ro\/wp-json\/wp\/v2\/comments?post=12629"}],"version-history":[{"count":4,"href":"https:\/\/nevask.eu\/ro\/wp-json\/wp\/v2\/pages\/12629\/revisions"}],"predecessor-version":[{"id":12633,"href":"https:\/\/nevask.eu\/ro\/wp-json\/wp\/v2\/pages\/12629\/revisions\/12633"}],"up":[{"embeddable":true,"href":"https:\/\/nevask.eu\/ro\/wp-json\/wp\/v2\/pages\/8299"}],"wp:attachment":[{"href":"https:\/\/nevask.eu\/ro\/wp-json\/wp\/v2\/media?parent=12629"}],"curies":[{"name":"wp","href":"https:\/\/api.w.org\/{rel}","templated":true}]}}