{"id":12849,"date":"2026-01-29T13:43:56","date_gmt":"2026-01-29T12:43:56","guid":{"rendered":"https:\/\/nevask.eu\/?page_id=12849"},"modified":"2026-03-16T08:47:28","modified_gmt":"2026-03-16T07:47:28","slug":"rulourile-screen-solare","status":"publish","type":"page","link":"https:\/\/nevask.eu\/ro\/rulourile-screen-solare\/","title":{"rendered":"Rulourile screen solare"},"content":{"rendered":"\n\n\n\n\n\n<div class=\"section narrow white\">\n\t<div class=\"container\">\n\t\t<div class=\"cell\">\n\t\t\t<ul class=\"breadcrumbs\">\n\t\t\t\t<li><a href=\"https:\/\/nevask.eu\/ro\/\">Home<\/a><\/li>\n\n\t\t\t\t\n\t\t\t<\/ul>\n\t\t<\/div>\n\t<\/div>\n<\/div>\n\n\n\n\n\n\n\n\n<div  class=\"section white\">\n\t<div class=\"container cols-60p-40p\">\n\n\t\t\n\n\n\t\t<div class=\"cell\">\n\n\t\t\t<h1>Rulourile screen solare NEVA<\/h1>\n<p class=\"p-large\">Rulourile textile solare func\u021bioneaz\u0103 f\u0103r\u0103 cabluri, utilizeaz\u0103 energia soarelui \u0219i reduc costurile.<\/p>\n<p class=\"p-large\">Acest sistem de umbrire modern \u0219i ecologic ofer\u0103 casei dumneavoastr\u0103 nu doar o protec\u021bie solar\u0103 eficient\u0103, ci \u0219i stil \u0219i un control confortabil. Partenerii no\u0219tri le instaleaz\u0103 simplu, rapid \u0219i f\u0103r\u0103 a face deranj \u00een locuin\u021b\u0103.<\/p>\n<p>Panoul solar \u00eencarc\u0103 o baterie performant\u0103 care alimenteaz\u0103 motorul. Acesta ridic\u0103 \u0219i coboar\u0103 ruloul screen cu precizie, conform comenzilor dumneavoastr\u0103 din telecomand\u0103 \u2013 fie c\u0103 este zi, noapte sau o zi \u00eennorat\u0103.<\/p>\n<p>&nbsp;<\/p>\n<p>&nbsp;<\/p>\n\n\t\t\t\n\t\t<\/div>\n\n\n\n\t\t\n\t<\/div>\n<\/div>\n\n\n\n\n\n<div  class=\"section white\">\n\t<div class=\"container product-gallery slider-mobile\">\n\n\t\t\n\t\t\t\n\t\t\t\t<a class=\"cell\" href=\"https:\/\/nevask.eu\/wp-content\/uploads\/2026\/01\/Roleta-NEVA-Solar-Standard-ZIP110_bok.jpg.webp\">\n\t\t\t\t\t<img decoding=\"async\" class=\"ratio-1x1\" src=\"https:\/\/nevask.eu\/wp-content\/uploads\/2026\/01\/Roleta-NEVA-Solar-Standard-ZIP110_bok-1024x1024.jpg\" alt=\"Rulourile screen solare NEVA\">\n\t\t\t\t<\/a>\n\n\t\t\t\n\t\t\t\t<a class=\"cell\" href=\"https:\/\/nevask.eu\/wp-content\/uploads\/2026\/01\/Roleta-NEVA-Solar-Standard-ZIP110_schema-panel-bateria.jpg.webp\">\n\t\t\t\t\t<img decoding=\"async\" class=\"ratio-1x1\" src=\"https:\/\/nevask.eu\/wp-content\/uploads\/2026\/01\/Roleta-NEVA-Solar-Standard-ZIP110_schema-panel-bateria-1024x1024.jpg\" alt=\"Screen NEVA Solar Standard - panel a bateria\">\n\t\t\t\t<\/a>\n\n\t\t\t\n\t\t\t\t<a class=\"cell\" href=\"https:\/\/nevask.eu\/wp-content\/uploads\/2026\/01\/Roleta-NEVA-Solar-Station-ZIP110_bok.jpg.webp\">\n\t\t\t\t\t<img decoding=\"async\" class=\"ratio-1x1\" src=\"https:\/\/nevask.eu\/wp-content\/uploads\/2026\/01\/Roleta-NEVA-Solar-Station-ZIP110_bok-1024x1024.jpg\" alt=\"Screen NEVA Solar Station ZIP110 z boku\">\n\t\t\t\t<\/a>\n\n\t\t\t\n\t\t\t\t<a class=\"cell\" href=\"https:\/\/nevask.eu\/wp-content\/uploads\/2026\/01\/Roleta-NEVA-Solar-Station-ZIP110_schema-panel-bateria.jpg.webp\">\n\t\t\t\t\t<img decoding=\"async\" class=\"ratio-1x1\" src=\"https:\/\/nevask.eu\/wp-content\/uploads\/2026\/01\/Roleta-NEVA-Solar-Station-ZIP110_schema-panel-bateria-1024x1024.jpg\" alt=\"Screen NEVA Solar Station ZIP110 panel a bateria\">\n\t\t\t\t<\/a>\n\n\t\t\t\n\t\t\n\t<\/div>\n<\/div>\n\n\n\n\n\n\n\n\n<div  class=\"section white\">\n\n\t\n\t\t\t<div class=\"container col-70p-center center\">\n\t\t\t\t<div class=\"cell\">\n\t\t\t\t\t\n\t\t\n\t\t\t\t\t<a href=\"https:\/\/nevask.eu\/ro\/oferta-de-pret\/oferta-screen-neva\/\" target=\"\" class=\"button\">Oferta de pre\u021b<\/a>\n\t\t\n\t\t\t\t\t\t<\/div>\n\t\t\t<\/div>\n\n\t\t\t\n<\/div>\n\n\n\n\n\n<div  class=\"section dark\">\n\t<div class=\"container full left\">\n\t\t<div class=\"cell\">\n\t\t\t<p><img loading=\"lazy\" decoding=\"async\" class=\"alignleft wp-image-8254\" src=\"https:\/\/nevask.eu\/wp-content\/uploads\/2025\/07\/zaruka-skusenosti-neva-1.png.webp\" alt=\"garan\u021bie de 5 ani\" width=\"271\" height=\"95\" \/>Pentru fabricarea rulourilor textile exterioare NEVA\u00ae, alegem exclusiv materiale \u0219i componente de top de la produc\u0103tori europeni de elit\u0103. Ave\u021bi libertatea de a alege \u00eentre dou\u0103 sisteme de ac\u021bionare solar\u0103: Gaposa Autonomo sau Somfy Altea.<\/p>\n<p>Toate rulourile noastre solare vin cu o <strong>garan\u021bie de 5 ani<\/strong>, pentru lini\u0219tea dumneavoastr\u0103 pe termen lung.<\/p>\n\t\t<\/div>\n\t<\/div>\n<\/div>\n\n\n\n\n\n\n\n\n<div  class=\"section white\">\n\n\t\n\t\t<div class=\"container intro\">\n\t\t\t<div class=\"cell\">\n\t\t\t\t<h2>Parametrii tehnici ai rulourilor screen solare NEVA<\/h2>\n\t\t\t<\/div>\n\t\t<\/div>\n\n\t\n\n\n\t<div class=\"container cols-60p-40p\">\n\n\t\t\n\t\t\t<div class=\"cell\">\n\n\t\t\t\t\t\t\t\t\t<h3>Ruloul screen NEVA Solar Standard cu panou fotovoltaic integrat<\/h3>\n\t\t\t\t\n\n\n\t\t\t\t<p>Rulourile screen <strong>NEVA Solar Standard<\/strong> dispun de un panou fotovoltaic integrat elegant \u00een caseta acestuia. Acesta transform\u0103 radia\u021bia solar\u0103 \u00een energie electric\u0103, care este stocat\u0103 \u00een bateria din caset\u0103 pentru a asigura func\u021bionarea motorului.<\/p>\n<p>Sistemul este complet autonom \u2013 f\u0103r\u0103 a fi necesar\u0103 conectarea la re\u021beaua electric\u0103 \u2013 \u0219i poate func\u021biona p\u00e2n\u0103 la <strong>45 de zile<\/strong> f\u0103r\u0103 re\u00eenc\u0103rcare.<\/p>\n<p>Mi\u0219carea silen\u021bioas\u0103 \u0219i fluid\u0103, <a href=\"https:\/\/nevask.eu\/ro\/control-casa-inteligenta\/telecomenzile-gaposa\/\">telecomanda stilat\u0103<\/a>, lipsa cablurilor \u0219i montajul extrem de rapid fac din acest sistem solu\u021bia ideal\u0103 pentru construc\u021bii noi, renov\u0103ri sau fa\u021bade deja finalizate.<\/p>\n\n\t\t\t<\/div>\n\n\t\t\n\t\t\t<div class=\"cell\">\n\n\t\t\t\t\n\n\n\t\t\t\t\n\t\t\t\t\t\t\t\t\t\t\t\t\t<img decoding=\"async\" src=\"https:\/\/nevask.eu\/wp-content\/uploads\/2026\/01\/Roleta-NEVA-Solar-Standard-ZIP110.jpg.webp\" alt=\"screenov\u00e1 roleta NEVA s integrovan\u00fdm sol\u00e1rnym panelom\">\n\t\t\t\t\t\t\n\t\t\t\t\t\t\n\t\t\t<\/div>\n\n\t\t\n\t<\/div>\n<\/div>\n\n\n\n\n\n\n\n\n<div  class=\"section white\">\n\n\t\n\n\n\t<div class=\"container cols-50p\">\n\n\t\t\n\t\t\t<div class=\"cell\">\n\n\t\t\t\t\t\t\t\t\t<h4>Specifica\u021biile motorului<\/h4>\n\t\t\t\t\n\n\n\t\t\t\t<div class=\"table-wrapper\"><div class=\"table-wrapper\"><table>\n<tbody>\n<tr>\n<td><strong>Motor<\/strong><\/td>\n<td><strong>Gaposa<\/strong><br \/>\n<strong>Autonomo<\/strong><\/td>\n<td><strong>Somfy<\/strong><br \/>\n<strong>Altea<\/strong><\/td>\n<\/tr>\n<tr>\n<td>Cuplu de torsiune<\/td>\n<td>20 Nm<br \/>\n30 Nm<\/td>\n<td>6 Nm<br \/>\n10 Nm<\/td>\n<\/tr>\n<tr>\n<td>Viteza<\/td>\n<td>16 rot\/min<br \/>\n9 rot\/min<\/td>\n<td>14 rot\/min<\/td>\n<\/tr>\n<tr>\n<td>Control<\/td>\n<td>motor radio<br \/>\n868 MHz<\/td>\n<td>motor radio<br \/>\n868 MHz<\/td>\n<\/tr>\n<\/tbody>\n<\/table><\/div><\/div>\n<p>&nbsp;<\/p>\n\n\t\t\t<\/div>\n\n\t\t\n\t\t\t<div class=\"cell\">\n\n\t\t\t\t\t\t\t\t\t<h4>Detaliile tehnice ale ruloului<\/h4>\n\t\t\t\t\n\n\n\t\t\t\t<div class=\"table-wrapper\"><div class=\"table-wrapper\"><table>\n<tbody>\n<tr>\n<td><strong>Motor<\/strong><\/td>\n<td><strong>Gaposa<\/strong><br \/>\n<strong>Autonomo<\/strong><\/td>\n<td><strong>Somfy<br \/>\nAltea<\/strong><\/td>\n<\/tr>\n<tr>\n<td>Tip NEVA<\/td>\n<td><a href=\"https:\/\/nevask.eu\/ro\/rulouri-screen-neva\/neva-zip110\/\">ZIP110<\/a>,<br \/>\n<a href=\"https:\/\/nevask.eu\/ro\/rulouri-screen-neva\/neva-zip135\/\">ZIP135<\/a>,<br \/>\n<a href=\"https:\/\/nevask.eu\/ro\/rulouri-screen-neva\/neva-zip150\/\">ZIP150<\/a><\/td>\n<td><a href=\"https:\/\/nevask.eu\/ro\/rulouri-screen-neva\/neva-zip110\/\">ZIP110<\/a>,<br \/>\n<a href=\"https:\/\/nevask.eu\/ro\/rulouri-screen-neva\/neva-zip135\/\">ZIP135<\/a>,<br \/>\n<a href=\"https:\/\/nevask.eu\/ro\/rulouri-screen-neva\/neva-zip150\/\">ZIP150<\/a><\/td>\n<\/tr>\n<tr>\n<td>Suprafa\u021ba<br \/>\nmaxim\u0103<\/td>\n<td>p\u00e2n\u0103 la 24 m2<\/td>\n<td>10 m2<\/td>\n<\/tr>\n<tr>\n<td>L\u0103\u021bimea<br \/>\nmaxim\u0103<\/td>\n<td>p\u00e2n\u0103 la 6 m<\/td>\n<td>2 m<\/td>\n<\/tr>\n<\/tbody>\n<\/table><\/div><\/div>\n\n\t\t\t<\/div>\n\n\t\t\n\t<\/div>\n<\/div>\n\n\n\n\n\n\n\n\n<div  class=\"section white\">\n\n\t\n\n\n\t<div class=\"container cols-50p\">\n\n\t\t\n\t\t\t<div class=\"cell\">\n\n\t\t\t\t\t\t\t\t\t<h4>Performan\u021bele bateriei<\/h4>\n\t\t\t\t\n\n\n\t\t\t\t<div class=\"table-wrapper\"><div class=\"table-wrapper\"><table>\n<tbody>\n<tr>\n<td><strong>Motor<\/strong><\/td>\n<td><strong>Gaposa<\/strong><br \/>\n<strong>Autonomo<\/strong><\/td>\n<td><strong>Somfy<\/strong><br \/>\n<strong>Altea<\/strong><\/td>\n<\/tr>\n<tr>\n<td>Tensiune<\/td>\n<td>12 V DC \/ Ni-MH<\/td>\n<td>9,6 V DC \/ Ni-MH<\/td>\n<\/tr>\n<tr>\n<td>Capacitate<\/td>\n<td>4 000 mAh<\/td>\n<td>2 200 mAh<\/td>\n<\/tr>\n<tr>\n<td>Autonomie<\/td>\n<td>p\u00e2n\u0103 la 45 zile<br \/>\n2 cicluri\/zi<\/td>\n<td>p\u00e2n\u0103 la 45 zile<br \/>\n2 cicluri\/zi<\/td>\n<\/tr>\n<tr>\n<td>Temperatura<br \/>\nde operare<\/td>\n<td>-20 \u00b0C \/ +70 \u00b0C<\/td>\n<td>-20 \u00b0C \/ +70 \u00b0C<\/td>\n<\/tr>\n<\/tbody>\n<\/table><\/div><\/div>\n\n\t\t\t<\/div>\n\n\t\t\n\t\t\t<div class=\"cell\">\n\n\t\t\t\t\t\t\t\t\t<h4>Caracteristicile panoului solar<\/h4>\n\t\t\t\t\n\n\n\t\t\t\t<div class=\"table-wrapper\"><div class=\"table-wrapper\"><table>\n<tbody>\n<tr>\n<td><strong>Motor<\/strong><\/td>\n<td><strong>Gaposa<\/strong><br \/>\n<strong>Autonomo<\/strong><\/td>\n<td><strong>Somfy<\/strong><br \/>\n<strong>Altea<\/strong><\/td>\n<\/tr>\n<tr>\n<td>Dimensiuni<\/td>\n<td>500 x 90 x 5,5 mm<\/td>\n<td>470 x 60 x 4,5 mm<\/td>\n<\/tr>\n<tr>\n<td>Tensiunea<br \/>\nmaxim\u0103<\/td>\n<td>18 V DC<\/td>\n<td>21 V DC<\/td>\n<\/tr>\n<tr>\n<td>Curent<\/td>\n<td>360 mA<\/td>\n<td>196 mA<\/td>\n<\/tr>\n<tr>\n<td>Protec\u021bie<\/td>\n<td>IP 44<\/td>\n<td>IP 44<\/td>\n<\/tr>\n<\/tbody>\n<\/table><\/div><\/div>\n\n\t\t\t<\/div>\n\n\t\t\n\t<\/div>\n<\/div>\n\n\n\n\n\n<div  class=\"section white\">\n\t<div class=\"container full left\">\n\t\t<div class=\"cell\">\n\t\t\t<h4>Panou solar dedicat motorului Gaposa Autonomo<\/h4>\n<p><img loading=\"lazy\" decoding=\"async\" class=\"alignnone size-full wp-image-12448\" src=\"https:\/\/nevask.eu\/wp-content\/uploads\/2026\/01\/Solarny-panel-pre-Gaposa-Autonomo.png.webp\" alt=\"Sol\u00e1rny panel pre Gaposa Autonomo\" width=\"382\" height=\"155\" srcset=\"https:\/\/nevask.eu\/wp-content\/uploads\/2026\/01\/Solarny-panel-pre-Gaposa-Autonomo.png.webp 382w, https:\/\/nevask.eu\/wp-content\/uploads\/2026\/01\/Solarny-panel-pre-Gaposa-Autonomo-300x122.png.webp 300w\" sizes=\"auto, (max-width: 382px) 100vw, 382px\" \/><\/p>\n<h4>Panou solar dedicat motorului Somfy Altea<\/h4>\n<p><img loading=\"lazy\" decoding=\"async\" class=\"alignnone size-full wp-image-12453\" src=\"https:\/\/nevask.eu\/wp-content\/uploads\/2026\/01\/Solarny-panel-pre-Somfy-Altea.png.webp\" alt=\"Sol\u00e1rny panel pre Somfy Altea\" width=\"359\" height=\"122\" srcset=\"https:\/\/nevask.eu\/wp-content\/uploads\/2026\/01\/Solarny-panel-pre-Somfy-Altea.png.webp 359w, https:\/\/nevask.eu\/wp-content\/uploads\/2026\/01\/Solarny-panel-pre-Somfy-Altea-300x102.png.webp 300w\" sizes=\"auto, (max-width: 359px) 100vw, 359px\" \/><\/p>\n\t\t<\/div>\n\t<\/div>\n<\/div>\n\n\n\n\n\n<div class=\"section white\">\n\t<div class=\"container\">\n\t\t<div class=\"cell\">\n\t\t\t<hr class=\"separator\">\n\t\t<\/div>\n\t<\/div>\n<\/div>\n\n\n\n\n\n<div  class=\"section white\">\n\t<div class=\"container full left\">\n\t\t<div class=\"cell\">\n\t\t\t<p><img loading=\"lazy\" decoding=\"async\" class=\"alignnone size-large wp-image-11087\" src=\"https:\/\/nevask.eu\/wp-content\/uploads\/2025\/07\/Solarny-screen-NEVA_m-1024x536.jpg\" alt=\"ZIPSCREEN SOLAR\" width=\"1024\" height=\"536\" srcset=\"https:\/\/nevask.eu\/wp-content\/uploads\/2025\/07\/Solarny-screen-NEVA_m-1024x536.jpg.webp 1024w, https:\/\/nevask.eu\/wp-content\/uploads\/2025\/07\/Solarny-screen-NEVA_m-300x157.jpg.webp 300w, https:\/\/nevask.eu\/wp-content\/uploads\/2025\/07\/Solarny-screen-NEVA_m-768x402.jpg.webp 768w, https:\/\/nevask.eu\/wp-content\/uploads\/2025\/07\/Solarny-screen-NEVA_m.jpg.webp 1500w\" sizes=\"auto, (max-width: 1024px) 100vw, 1024px\" \/><\/p>\n<p>Explora\u021bi <a href=\"https:\/\/nevask.eu\/ro\/referinte\/casa-moderna-cu-rulouri-zip-screen-solare\/\">galeria foto cu vila echipat\u0103 cu rulouri screen NEVA Solar Standard<\/a>.<\/p>\n\t\t<\/div>\n\t<\/div>\n<\/div>\n\n\n\n\n\n<div class=\"section white\">\n\t<div class=\"container\">\n\t\t<div class=\"cell\">\n\t\t\t<hr class=\"separator\">\n\t\t<\/div>\n\t<\/div>\n<\/div>\n\n\n\n\n\n\n\n\n<div  class=\"section white\">\n\n\t\n\n\n\t<div class=\"container cols-60p-40p\">\n\n\t\t\n\t\t\t<div class=\"cell\">\n\n\t\t\t\t\t\t\t\t\t<h3>Ruloul screen NEVA Solar Station cu panou extern<\/h3>\n\t\t\t\t\n\n\n\t\t\t\t<p>Rulourile textile exterioare <strong>NEVA Solar Station<\/strong> sunt dotate cu un <strong>panou solar extern<\/strong> ce poate fi amplasat la o <strong>distan\u021b\u0103 de p\u00e2n\u0103 la 6 metri<\/strong>.<\/p>\n<p>Acest avantaj permite orientarea perfect\u0103 a panoului c\u0103tre soare, chiar \u0219i pentru ferestrele aflate la umbr\u0103 sau pe latura de nord a cl\u0103dirii.<br \/>\nBateria alimentat\u0103 de acest panou garanteaz\u0103 o autonomie de p\u00e2n\u0103 la <strong>45 de zile<\/strong>, asigur\u00e2nd func\u021bionarea impecabil\u0103 a ruloului chiar \u0219i \u00een perioadele f\u0103r\u0103 soare.<\/p>\n<p>Aceast\u0103 solu\u021bie este perfect\u0103 pentru configura\u021biile cu caset\u0103 compact\u0103, unde spa\u021biul nu permite integrarea panoului \u2013 cum este cazul modelului NEVA ZIP100. De\u0219i ofer\u0103 acela\u0219i confort, silen\u021biozitate \u0219i control fluid ca varianta Standard, acest sistem aduce un plus de flexibilitate la montaj, fiind ideal pentru proiecte reziden\u021biale sau comerciale complexe.<\/p>\n\n\t\t\t<\/div>\n\n\t\t\n\t\t\t<div class=\"cell\">\n\n\t\t\t\t\n\n\n\t\t\t\t\n\t\t\t\t\t\t\t\t\t\t\t\t\t<img decoding=\"async\" src=\"https:\/\/nevask.eu\/wp-content\/uploads\/2026\/01\/Roleta-NEVA-Solar-Station-ZIP110_bok.jpg.webp\" alt=\"Screen NEVA Solar Station ZIP110 z boku\">\n\t\t\t\t\t\t\n\t\t\t\t\t\t\n\t\t\t<\/div>\n\n\t\t\n\t<\/div>\n<\/div>\n\n\n\n\n\n\n\n\n<div  class=\"section white\">\n\n\t\n\n\n\t<div class=\"container cols-50p\">\n\n\t\t\n\t\t\t<div class=\"cell\">\n\n\t\t\t\t\t\t\t\t\t<h4>Specifica\u021biile motorului<\/h4>\n\t\t\t\t\n\n\n\t\t\t\t<div class=\"table-wrapper\"><div class=\"table-wrapper\"><table>\n<tbody>\n<tr>\n<td><strong>Motor<\/strong><\/td>\n<td><strong>Gaposa<\/strong><br \/>\n<strong>Autonomo<\/strong><\/td>\n<\/tr>\n<tr>\n<td>Cuplu de torsiune<\/td>\n<td>20 Nm<br \/>\n30 Nm<\/td>\n<\/tr>\n<tr>\n<td>Viteza<\/td>\n<td>16 rot\/min<br \/>\n9 rot\/min<\/td>\n<\/tr>\n<tr>\n<td>Control<\/td>\n<td>motor radio<br \/>\n868 MHz<\/td>\n<\/tr>\n<\/tbody>\n<\/table><\/div><\/div>\n<p>&nbsp;<\/p>\n\n\t\t\t<\/div>\n\n\t\t\n\t\t\t<div class=\"cell\">\n\n\t\t\t\t\t\t\t\t\t<h4>Detaliile tehnice ale ruloului<\/h4>\n\t\t\t\t\n\n\n\t\t\t\t<div class=\"table-wrapper\"><div class=\"table-wrapper\"><table>\n<tbody>\n<tr>\n<td><strong>Motor<\/strong><\/td>\n<td><strong>Gaposa<\/strong><br \/>\n<strong>Autonomo<\/strong><\/td>\n<\/tr>\n<tr>\n<td>Tip NEVA<\/td>\n<td><a href=\"https:\/\/nevask.eu\/ro\/rulouri-screen-neva\/neva-zip100\/\">ZIP100<\/a>,<br \/>\n<a href=\"https:\/\/nevask.eu\/ro\/rulouri-screen-neva\/neva-zip110\/\">ZIP110<\/a>,<br \/>\n<a href=\"https:\/\/nevask.eu\/ro\/rulouri-screen-neva\/neva-zip135\/\">ZIP135<\/a>,<br \/>\n<a href=\"https:\/\/nevask.eu\/ro\/rulouri-screen-neva\/neva-zip150\/\">ZIP150<\/a><\/td>\n<\/tr>\n<tr>\n<td>Suprafa\u021ba<br \/>\nmaxim\u0103<\/td>\n<td>p\u00e2n\u0103 la 24 m2<\/td>\n<\/tr>\n<tr>\n<td>L\u0103\u021bimea<br \/>\nmaxim\u0103<\/td>\n<td>p\u00e2n\u0103 la 6 m<\/td>\n<\/tr>\n<\/tbody>\n<\/table><\/div><\/div>\n\n\t\t\t<\/div>\n\n\t\t\n\t<\/div>\n<\/div>\n\n\n\n\n\n\n\n\n<div  class=\"section white\">\n\n\t\n\n\n\t<div class=\"container cols-50p\">\n\n\t\t\n\t\t\t<div class=\"cell\">\n\n\t\t\t\t\t\t\t\t\t<h4>Performan\u021bele bateriei<\/h4>\n\t\t\t\t\n\n\n\t\t\t\t<div class=\"table-wrapper\"><div class=\"table-wrapper\"><table>\n<tbody>\n<tr>\n<td><strong>Motor<\/strong><\/td>\n<td><strong>Gaposa<\/strong><br \/>\n<strong>Autonomo<\/strong><\/td>\n<\/tr>\n<tr>\n<td>Tensiune<\/td>\n<td>12 V DC \/ Ni-MH<\/td>\n<\/tr>\n<tr>\n<td>Capacitate<\/td>\n<td>5 000 mAh<\/td>\n<\/tr>\n<tr>\n<td>Autonomie<\/td>\n<td>p\u00e2n\u0103 la 45 zile<br \/>\n2 cicluri\/zi<\/td>\n<\/tr>\n<tr>\n<td>Temperatura<br \/>\nde operare<\/td>\n<td>653-20 \u00b0C \/ +70 \u00b0C<\/td>\n<\/tr>\n<\/tbody>\n<\/table><\/div><\/div>\n\n\t\t\t<\/div>\n\n\t\t\n\t\t\t<div class=\"cell\">\n\n\t\t\t\t\t\t\t\t\t<h4>Caracteristicile panoului solar<\/h4>\n\t\t\t\t\n\n\n\t\t\t\t<div class=\"table-wrapper\"><div class=\"table-wrapper\"><table>\n<tbody>\n<tr>\n<td><strong>Motor<\/strong><\/td>\n<td><strong>Gaposa<\/strong><br \/>\n<strong>Autonomo<\/strong><\/td>\n<\/tr>\n<tr>\n<td>Dimensiuni<\/td>\n<td>653 x 96 x 42 mm<\/td>\n<\/tr>\n<tr>\n<td>Tensiunea<br \/>\nmaxim\u0103<\/td>\n<td>18 V DC<\/td>\n<\/tr>\n<tr>\n<td>Curent<\/td>\n<td>305 mA<\/td>\n<\/tr>\n<tr>\n<td>Protec\u021bie<\/td>\n<td>IP 55<\/td>\n<\/tr>\n<\/tbody>\n<\/table><\/div><\/div>\n\n\t\t\t<\/div>\n\n\t\t\n\t<\/div>\n<\/div>\n\n\n\n\n\n<div  class=\"section white\">\n\t<div class=\"container full left\">\n\t\t<div class=\"cell\">\n\t\t\t<h4>Panou solar dedicat motorului Gaposa Autonomo<\/h4>\n<p><img loading=\"lazy\" decoding=\"async\" class=\"alignnone size-full wp-image-12459\" src=\"https:\/\/nevask.eu\/wp-content\/uploads\/2026\/01\/Solarny-externy-panel-pre-Gaposa-Autonomo.png.webp\" alt=\"Panou solar dedicat motorului Gaposa Autonomo\" width=\"401\" height=\"133\" srcset=\"https:\/\/nevask.eu\/wp-content\/uploads\/2026\/01\/Solarny-externy-panel-pre-Gaposa-Autonomo.png.webp 401w, https:\/\/nevask.eu\/wp-content\/uploads\/2026\/01\/Solarny-externy-panel-pre-Gaposa-Autonomo-300x100.png.webp 300w\" sizes=\"auto, (max-width: 401px) 100vw, 401px\" \/><\/p>\n\t\t<\/div>\n\t<\/div>\n<\/div>\n\n\n\n\n\n<div class=\"section white\">\n\t<div class=\"container\">\n\t\t<div class=\"cell\">\n\t\t\t<hr class=\"separator\">\n\t\t<\/div>\n\t<\/div>\n<\/div>\n\n\n\n\n\n\n\n\n<div  class=\"section white\">\n\t<div class=\"container cols-50p\">\n\n\t\t\n\t\t\t<div class=\"cell center vcenter\">\n\t\t\t\t<img decoding=\"async\" src=\"https:\/\/nevask.eu\/wp-content\/uploads\/2026\/01\/ovladac-gaposa-1K--1024x683.jpg\" alt=\"\u017eena s dia\u013ekov\u00fdm ovl\u00e1da\u010dom Gaposa\">\n\t\t\t<\/div>\n\n\t\t\n\n\n\t\t<div class=\"cell\">\n\n\t\t\t<h2>Control prin unde radio \u0219i design elegant<\/h2>\n<p>Gama variat\u0103 de transmi\u021b\u0103toare radio v\u0103 permite s\u0103 gestiona\u021bi rulourile solare cu maxim de confort \u2013 de la \u00eentrerup\u0103toare radio practice, p\u00e2n\u0103 la telecomenzi cu design rafinat.<\/p>\n<p>Dac\u0103 alege\u021bi motorul Gaposa Autonomo, ave\u021bi la dispozi\u021bie <a href=\"https:\/\/nevask.eu\/ro\/control-casa-inteligenta\/telecomenzile-gaposa\/\">telecomenzile stilate Gaposa cu 1 sau 5 canale<\/a>. Pentru sistemele cu motor solar Somfy Altea, recomand\u0103m modelele de telecomand\u0103 <a href=\"https:\/\/nevask.eu\/ro\/control-casa-inteligenta\/telecomenzi-somfy\/\">Somfy Amy sau Situo<\/a>.<\/p>\n<p>Toate aceste solu\u021bii de control se remarc\u0103 prin estetica minimalist\u0103, execu\u021bia premium \u0219i o fiabilitate impecabil\u0103, f\u0103r\u0103 a fi nevoie de cablaje complicate.<\/p>\n\n\t\t\t\n\t\t<\/div>\n\n\n\n\t\t\n\t<\/div>\n<\/div>\n\n\n\n\n\n<div  class=\"section dark\">\n\t<div class=\"container full left\">\n\t\t<div class=\"cell\">\n\t\t\t<p><img loading=\"lazy\" decoding=\"async\" class=\"alignnone wp-image-2095\" src=\"https:\/\/nevask.eu\/wp-content\/uploads\/2025\/07\/hash-nevapartner_4.png\" alt=\"hashtag nevapartner - modr\u00e9 na bielom\" width=\"322\" height=\"65\" srcset=\"https:\/\/nevask.eu\/wp-content\/uploads\/2025\/07\/hash-nevapartner_4.png 689w, https:\/\/nevask.eu\/wp-content\/uploads\/2025\/07\/hash-nevapartner_4-300x61.png 300w\" sizes=\"auto, (max-width: 322px) 100vw, 322px\" \/><\/p>\n<p class=\"p-large\"><a href=\"https:\/\/nevask.eu\/ro\/dealeri-neva\/\">Partenerii no\u0219tri autoriza\u021bi<\/a> din re\u021beaua #nevapartner v\u0103 stau cu pl\u0103cere la dispozi\u021bie pentru a v\u0103 ajuta s\u0103 alege\u021bi materialul textil \u0219i componentele potrivite.<\/p>\n<p class=\"p-large\">Pute\u021bi consulta \u00eempreun\u0103 cele mai bune solu\u021bii tehnice pentru proiectul dumneavoastr\u0103 sau pute\u021bi solicita direct o <a href=\"https:\/\/nevask.eu\/ro\/oferta-de-pret\/oferta-screen-neva\/\">ofert\u0103 de pre\u021b<\/a> pentru rulourile screen solare. Totul f\u0103r\u0103 nicio obliga\u021bie.<\/p>\n\t\t<\/div>\n\t<\/div>\n<\/div>\n","protected":false},"excerpt":{"rendered":"","protected":false},"author":53,"featured_media":0,"parent":0,"menu_order":0,"comment_status":"closed","ping_status":"closed","template":"","meta":{"_acf_changed":false,"inline_featured_image":false,"footnotes":""},"class_list":["post-12849","page","type-page","status-publish","hentry"],"acf":[],"yoast_head":"<!-- This site is optimized with the Yoast SEO plugin v27.4 - https:\/\/yoast.com\/product\/yoast-seo-wordpress\/ -->\n<title>Rulourile screen cu ac\u021bionare solar\u0103 | NEVA<\/title>\n<meta name=\"description\" content=\"Rulourile exterioare solare func\u021bioneaz\u0103 f\u0103r\u0103 cabluri, folosind energia soarelui. Sunt u\u0219or de montat, eficiente energetic \u0219i reduc costurile\" \/>\n<meta name=\"robots\" content=\"index, follow, max-snippet:-1, max-image-preview:large, max-video-preview:-1\" \/>\n<link rel=\"canonical\" href=\"https:\/\/nevask.eu\/ro\/rulourile-screen-solare\/\" \/>\n<meta property=\"og:locale\" content=\"ro_RO\" \/>\n<meta property=\"og:type\" content=\"article\" \/>\n<meta property=\"og:title\" content=\"Rulourile screen cu ac\u021bionare solar\u0103 | NEVA\" \/>\n<meta property=\"og:description\" content=\"Rulourile exterioare solare func\u021bioneaz\u0103 f\u0103r\u0103 cabluri, folosind energia soarelui. Sunt u\u0219or de montat, eficiente energetic \u0219i reduc costurile\" \/>\n<meta property=\"og:url\" content=\"https:\/\/nevask.eu\/ro\/rulourile-screen-solare\/\" \/>\n<meta property=\"og:site_name\" content=\"NEVA\" \/>\n<meta property=\"article:modified_time\" content=\"2026-03-16T07:47:28+00:00\" \/>\n<meta property=\"og:image\" content=\"https:\/\/nevask.eu\/wp-content\/uploads\/2026\/01\/Roleta-NEVA-Solar-Standard-ZIP110_bok.jpg.webp\" \/>\n\t<meta property=\"og:image:width\" content=\"1200\" \/>\n\t<meta property=\"og:image:height\" content=\"1200\" \/>\n\t<meta property=\"og:image:type\" content=\"image\/jpeg\" \/>\n<meta name=\"twitter:card\" content=\"summary_large_image\" \/>\n<meta name=\"twitter:label1\" content=\"Timp estimat pentru citire\" \/>\n\t<meta name=\"twitter:data1\" content=\"8 minute\" \/>\n<!-- \/ Yoast SEO plugin. -->","yoast_head_json":{"title":"Rulourile screen cu ac\u021bionare solar\u0103 | NEVA","description":"Rulourile exterioare solare func\u021bioneaz\u0103 f\u0103r\u0103 cabluri, folosind energia soarelui. Sunt u\u0219or de montat, eficiente energetic \u0219i reduc costurile","robots":{"index":"index","follow":"follow","max-snippet":"max-snippet:-1","max-image-preview":"max-image-preview:large","max-video-preview":"max-video-preview:-1"},"canonical":"https:\/\/nevask.eu\/ro\/rulourile-screen-solare\/","og_locale":"ro_RO","og_type":"article","og_title":"Rulourile screen cu ac\u021bionare solar\u0103 | NEVA","og_description":"Rulourile exterioare solare func\u021bioneaz\u0103 f\u0103r\u0103 cabluri, folosind energia soarelui. Sunt u\u0219or de montat, eficiente energetic \u0219i reduc costurile","og_url":"https:\/\/nevask.eu\/ro\/rulourile-screen-solare\/","og_site_name":"NEVA","article_modified_time":"2026-03-16T07:47:28+00:00","og_image":[{"width":1200,"height":1200,"url":"https:\/\/nevask.eu\/wp-content\/uploads\/2026\/01\/Roleta-NEVA-Solar-Standard-ZIP110_bok.jpg.webp","type":"image\/jpeg"}],"twitter_card":"summary_large_image","twitter_misc":{"Timp estimat pentru citire":"8 minute"},"schema":{"@context":"https:\/\/schema.org","@graph":[{"@type":"WebPage","@id":"https:\/\/nevask.eu\/ro\/rulourile-screen-solare\/","url":"https:\/\/nevask.eu\/ro\/rulourile-screen-solare\/","name":"Rulourile screen cu ac\u021bionare solar\u0103 | NEVA","isPartOf":{"@id":"https:\/\/nevask.eu\/ro\/#website"},"datePublished":"2026-01-29T12:43:56+00:00","dateModified":"2026-03-16T07:47:28+00:00","description":"Rulourile exterioare solare func\u021bioneaz\u0103 f\u0103r\u0103 cabluri, folosind energia soarelui. Sunt u\u0219or de montat, eficiente energetic \u0219i reduc costurile","breadcrumb":{"@id":"https:\/\/nevask.eu\/ro\/rulourile-screen-solare\/#breadcrumb"},"inLanguage":"ro-RO","potentialAction":[{"@type":"ReadAction","target":["https:\/\/nevask.eu\/ro\/rulourile-screen-solare\/"]}]},{"@type":"BreadcrumbList","@id":"https:\/\/nevask.eu\/ro\/rulourile-screen-solare\/#breadcrumb","itemListElement":[{"@type":"ListItem","position":1,"name":"Home","item":"https:\/\/nevask.eu\/ro\/"},{"@type":"ListItem","position":2,"name":"Rulourile screen solare"}]},{"@type":"WebSite","@id":"https:\/\/nevask.eu\/ro\/#website","url":"https:\/\/nevask.eu\/ro\/","name":"NEVA","description":"Vonkaj\u0161ie \u017eal\u00fazie a screenov\u00e9 rolety","potentialAction":[{"@type":"SearchAction","target":{"@type":"EntryPoint","urlTemplate":"https:\/\/nevask.eu\/ro\/?s={search_term_string}"},"query-input":{"@type":"PropertyValueSpecification","valueRequired":true,"valueName":"search_term_string"}}],"inLanguage":"ro-RO"}]}},"_links":{"self":[{"href":"https:\/\/nevask.eu\/ro\/wp-json\/wp\/v2\/pages\/12849","targetHints":{"allow":["GET"]}}],"collection":[{"href":"https:\/\/nevask.eu\/ro\/wp-json\/wp\/v2\/pages"}],"about":[{"href":"https:\/\/nevask.eu\/ro\/wp-json\/wp\/v2\/types\/page"}],"author":[{"embeddable":true,"href":"https:\/\/nevask.eu\/ro\/wp-json\/wp\/v2\/users\/53"}],"replies":[{"embeddable":true,"href":"https:\/\/nevask.eu\/ro\/wp-json\/wp\/v2\/comments?post=12849"}],"version-history":[{"count":26,"href":"https:\/\/nevask.eu\/ro\/wp-json\/wp\/v2\/pages\/12849\/revisions"}],"predecessor-version":[{"id":12908,"href":"https:\/\/nevask.eu\/ro\/wp-json\/wp\/v2\/pages\/12849\/revisions\/12908"}],"wp:attachment":[{"href":"https:\/\/nevask.eu\/ro\/wp-json\/wp\/v2\/media?parent=12849"}],"curies":[{"name":"wp","href":"https:\/\/api.w.org\/{rel}","templated":true}]}}