{"id":1899,"date":"2025-07-03T16:42:22","date_gmt":"2025-07-03T14:42:22","guid":{"rendered":"https:\/\/nevask.eu\/?page_id=1899"},"modified":"2025-09-23T21:30:07","modified_gmt":"2025-09-23T19:30:07","slug":"oferta-jaluzele-neva","status":"publish","type":"page","link":"https:\/\/nevask.eu\/ro\/oferta-de-pret\/oferta-jaluzele-neva\/","title":{"rendered":"Ofert\u0103 Jaluzele NEVA"},"content":{"rendered":"\n\n\n\n\n\n<div class=\"section narrow white\">\n\t<div class=\"container\">\n\t\t<div class=\"cell\">\n\t\t\t<ul class=\"breadcrumbs\">\n\t\t\t\t<li><a href=\"https:\/\/nevask.eu\/ro\/\">Home<\/a><\/li>\n\n\t\t\t\t\n\t\t\t<\/ul>\n\t\t<\/div>\n\t<\/div>\n<\/div>\n\n\n\n\n\n<div  class=\"section tint\">\n\t<div class=\"container full left\">\n\t\t<div class=\"cell\">\n\t\t\t<h1 class=\"h2\">Solicita\u021bi o ofert\u0103 f\u0103r\u0103 obliga\u021bii pentru jaluzele exterioare NEVA<\/h1>\n<p class=\"p-large\">Solicita\u021bi o ofert\u0103 f\u0103r\u0103 obliga\u021bii pentru jaluzele exterioare NEVA. Ob\u021bine\u021bi o ofert\u0103 de pre\u021b pentru jaluzele exterioare care v\u0103 vor servi \u00een mod fiabil timp de zeci de ani.<\/p>\n\t\t<\/div>\n\t<\/div>\n<\/div>\n\n\n\n\n\n<div  class=\"section white\">\n\t<div class=\"container col-70p-center\">\n\t\t<div class=\"cell\">\n\n\t\t\t\n<div class=\"neva-quotation-form external-blinds-form\">\n    <form id=\"neva-external-blinds-form\" class=\"quotation\" action=\"\" method=\"post\">\n        <div class=\"step\">\n            <h3>Pasul 1: Alege\u021bi tipul de jaluzea<\/h3>\n\n            <div class=\"form-group\">\n                <label class=\"required\" style=\"display: none;\">Tip jaluzea<\/label>\n\n                <div class=\"form-radio-options radio-image-group\">\n\n                    \n                        <label>\n                            <input type=\"radio\" name=\"blinds_type\" value=\"z90\" required>\n                            <div class=\"form-radio-desc\">\n                                <h5>NEVA Z-90<\/h5>\n                                <img decoding=\"async\" src=\"https:\/\/nevask.eu\/wp-content\/plugins\/neva-quotation\/assets\/images\/neva-z90.jpg\" alt=\"NEVA Z-90\">\n                                <p><strong>Cele mai populare jaluzele<\/strong><br>L\u0103\u021bimea lamelei 90 mm<br>22 de culori f\u0103r\u0103 adaos<\/p>\n                            <\/div>\n                        <\/label>\n\n                    \n                        <label>\n                            <input type=\"radio\" name=\"blinds_type\" value=\"z70\" required>\n                            <div class=\"form-radio-desc\">\n                                <h5>NEVA Z-70<\/h5>\n                                <img decoding=\"async\" src=\"https:\/\/nevask.eu\/wp-content\/plugins\/neva-quotation\/assets\/images\/neva-z70.jpg\" alt=\"NEVA Z-70\">\n                                <p><strong>Potrivit pentru ferestre mici<\/strong><br>L\u0103\u021bimea lamelei 70 mm<br>22 de culori f\u0103r\u0103 adaos<\/p>\n                            <\/div>\n                        <\/label>\n\n                    \n                        <label>\n                            <input type=\"radio\" name=\"blinds_type\" value=\"s90\" required>\n                            <div class=\"form-radio-desc\">\n                                <h5>NEVA S-90<\/h5>\n                                <img decoding=\"async\" src=\"https:\/\/nevask.eu\/wp-content\/plugins\/neva-quotation\/assets\/images\/neva-s90.jpg\" alt=\"NEVA S-90\">\n                                <p><strong>Asem\u0103n\u0103toare rulourilor<\/strong><br>L\u0103\u021bimea lamelei 90 mm<br>22 de culori f\u0103r\u0103 adaos<\/p>\n                            <\/div>\n                        <\/label>\n\n                    \n                        <label>\n                            <input type=\"radio\" name=\"blinds_type\" value=\"c80\" required>\n                            <div class=\"form-radio-desc\">\n                                <h5>NEVA C-80<\/h5>\n                                <img decoding=\"async\" src=\"https:\/\/nevask.eu\/wp-content\/plugins\/neva-quotation\/assets\/images\/neva-c80.jpg\" alt=\"NEVA C-80\">\n                                <p><strong>\u00cenclinare pe ambele p\u0103r\u021bi<\/strong><br>L\u0103\u021bimea lamelei 80 mm<br>22 de culori f\u0103r\u0103 adaos<\/p>\n                            <\/div>\n                        <\/label>\n\n                    \n                        <label>\n                            <input type=\"radio\" name=\"blinds_type\" value=\"c65\" required>\n                            <div class=\"form-radio-desc\">\n                                <h5>NEVA C-65<\/h5>\n                                <img decoding=\"async\" src=\"https:\/\/nevask.eu\/wp-content\/plugins\/neva-quotation\/assets\/images\/neva-c65.jpg\" alt=\"NEVA C-65\">\n                                <p><strong>Potrivit pentru ferestre mici<\/strong><br>L\u0103\u021bimea lamelei 65 mm<br>16 de culori f\u0103r\u0103 adaos<\/p>\n                            <\/div>\n                        <\/label>\n\n                    \n                        <label>\n                            <input type=\"radio\" name=\"blinds_type\" value=\"f80\" required>\n                            <div class=\"form-radio-desc\">\n                                <h5>NEVA F-80<\/h5>\n                                <img decoding=\"async\" src=\"https:\/\/nevask.eu\/wp-content\/plugins\/neva-quotation\/assets\/images\/neva-f80.jpg\" alt=\"NEVA F-80\">\n                                <p><strong>Solu\u021bie economic\u0103<\/strong><br>L\u0103\u021bimea lamelei 80 mm<br>5 de culori f\u0103r\u0103 adaos<\/p>\n                            <\/div>\n                        <\/label>\n\n                    \n                <\/div>\n            <\/div>\n        <\/div>\n\n\n\n        <div class=\"step\">\n            <h3>Pasul 2: Introduce\u021bi dimensiunile jaluzelelor<\/h3>\n\n            <div class=\"form-row form-group\">\n                <label for=\"measurements\" class=\"required\">Introduce\u021bi dimensiunile \u00een formatul (l\u0103\u021bime x \u00een\u0103l\u021bime \u00een mm)<\/label>\n                <textarea id=\"measurements\" name=\"measurements\" rows=\"5\" required><\/textarea>\n            <\/div>\n        <\/div>\n\n\n\n        <div class=\"step\">\n            <h3>Pasul 3: Alege\u021bi modul de ac\u021bionare<\/h3>\n\n            <div class=\"form-group\">\n                <label class=\"required\" style=\"display: none;\">Mod de ac\u021bionare<\/label>\n\n                <div class=\"form-radio-options radio-image-group\">\n\n                    \n                        <label>\n                            <input type=\"radio\" name=\"control_type\" value=\"motorized\" required>\n                            <div class=\"form-radio-desc\">\n                                <h5>Jaluzele motorizate<\/h5>\n                                <img decoding=\"async\" src=\"https:\/\/nevask.eu\/wp-content\/plugins\/neva-quotation\/assets\/images\/control1b.jpg\" alt=\"Jaluzele motorizate\">\n                            <\/div>\n                        <\/label>\n\n                    \n                        <label>\n                            <input type=\"radio\" name=\"control_type\" value=\"manual\" required>\n                            <div class=\"form-radio-desc\">\n                                <h5>Control manual (cu manivel\u0103)<\/h5>\n                                <img decoding=\"async\" src=\"https:\/\/nevask.eu\/wp-content\/plugins\/neva-quotation\/assets\/images\/control2b.jpg\" alt=\"Control manual (cu manivel\u0103)\">\n                            <\/div>\n                        <\/label>\n\n                    \n                <\/div>\n            <\/div>\n        <\/div>\n\n\n\n        <div class=\"step\">\n            <h3>Pasul 4: Caset\u0103 vizibil\u0103 sau caset\u0103 ascuns\u0103?<\/h3>\n\n            <div class=\"form-group\">\n                <label class=\"required\" style=\"display: none;\">Caset\u0103<\/label>\n\n                <div class=\"form-radio-options radio-image-group\">\n\n                    \n                        <label>\n                            <input type=\"radio\" name=\"cover_box\" value=\"hidden\" required>\n                            <div class=\"form-radio-desc\">\n                                <h5>Caset\u0103 ascuns\u0103<\/h5>\n                                <img decoding=\"async\" src=\"https:\/\/nevask.eu\/wp-content\/plugins\/neva-quotation\/assets\/images\/cover1.jpg\" alt=\"Caset\u0103 ascuns\u0103\">\n                            <\/div>\n                        <\/label>\n\n                    \n                        <label>\n                            <input type=\"radio\" name=\"cover_box\" value=\"visible\" required>\n                            <div class=\"form-radio-desc\">\n                                <h5>Caset\u0103 vizibil\u0103<\/h5>\n                                <img decoding=\"async\" src=\"https:\/\/nevask.eu\/wp-content\/plugins\/neva-quotation\/assets\/images\/cover2.jpg\" alt=\"Caset\u0103 vizibil\u0103\">\n                            <\/div>\n                        <\/label>\n\n                    \n                <\/div>\n            <\/div>\n        <\/div>\n\n\n\n        <div class=\"step\">\n            <h3>Date de contact pentru transmiterea ofertei<\/h3>\n\n            <div class=\"form-row cols-50p\">\n                <div class=\"form-group\">\n                    <label for=\"customer_first_name\" class=\"required\">Prenume<\/label>\n                    <input type=\"text\" id=\"customer_first_name\" name=\"customer_first_name\" required>\n                <\/div>\n\n                <div class=\"form-group\">\n                    <label for=\"customer_last_name\" class=\"required\">Nume<\/label>\n                    <input type=\"text\" id=\"customer_last_name\" name=\"customer_last_name\" required>\n                <\/div>\n            <\/div>\n\n            <div class=\"form-row cols-50p\">\n                <div class=\"form-group\">\n                    <label for=\"customer_email\" class=\"required\">E-mail<\/label>\n                    <input type=\"email\" id=\"customer_email\" name=\"customer_email\" required>\n                <\/div>\n\n                <div class=\"form-group\">\n                    <label for=\"customer_phone\" class=\"required\">Telefon<\/label>\n                    <input type=\"tel\" id=\"customer_phone\" name=\"customer_phone\" required>\n                <\/div>\n            <\/div>\n\n            <div class=\"form-row cols-50p\">\n                <div class=\"form-group\">\n                    <label for=\"customer_city\" class=\"required\">Localitatea<\/label>\n                    <input type=\"text\" id=\"customer_city\" name=\"customer_city\" required>\n\n                    <input type=\"hidden\" name=\"customer_street\" value=\"\">\n                <\/div>\n\n                <div class=\"form-group\">\n                    <label for=\"customer_zip\" class=\"required\">Jude\u021b<\/label>\n                    <input type=\"text\" id=\"customer_zip\" name=\"customer_zip\" required>\n                <\/div>\n            <\/div>\n\n            <div class=\"form-row form-group\">\n                <label for=\"customer_note\">Not\u0103<\/label>\n                <textarea id=\"customer_note\" name=\"customer_note\" rows=\"4\"><\/textarea>\n            <\/div>\n\n            <div class=\"form-row\">\n                <label class=\"form-checkbox\">\n                    <div>\n                        <input type=\"checkbox\" name=\"customer_agreement\" data-label=\"Prelucrarea datelor cu caracter personal.\" required>\n                    <\/div>\n                    <div class=\"form-checkbox-desc\">\n                        <p class=\"p-small\">Prin prezen\u021b\u0103, \u00eemi dau acordul ca societatea NEVA SK, s.r.o. (CUI: 47060701) s\u0103 prelucreze datele mele cu caracter personal \u00een scopul \u00eentocmirii unei oferte de pre\u021b, conform Regulamentului (UE) 2016\/679 (GDPR) \u0219i legisla\u021biei na\u021bionale aplicabile, respectiv Legea nr. 190\/2018 privind punerea \u00een aplicare a GDPR. Compania este autorizat\u0103 s\u0103 transmit\u0103 aceste date partenerului s\u0103u contractual. \u00cemi pot retrage oric\u00e2nd consim\u021b\u0103m\u00e2ntul printr-un email la adresa gdpr@nevask.eu.<\/p>\n                    <\/div>\n                <\/label>\n            <\/div>\n\n\n\n            <div class=\"form-submit center\">\n                <input type=\"hidden\" id=\"nonce\" name=\"nonce\" value=\"2b16f5f1a1\" \/><input type=\"hidden\" name=\"_wp_http_referer\" value=\"\/ro\/wp-json\/wp\/v2\/pages\/1899\" \/>                <input type=\"hidden\" name=\"form_type\" value=\"external_blinds\">\n                <input type=\"hidden\" name=\"language_code\" value=\"ro\">\n\n                <!-- Vendor ID is handled client-side via JavaScript -->\n\n                <input class=\"button button-large submit-button\" type=\"submit\" value=\"Trimite f\u0103r\u0103 angajament\">\n            <\/div>\n        <\/div>\n\n\n\n        <div class=\"form-messages\"><\/div>\n    <\/form>\n<\/div>\n\n\t\t<\/div>\n\t<\/div>\n<\/div>\n\n\n\n\n\n<div class=\"section white\">\n\t<div class=\"container\">\n\t\t<div class=\"cell\">\n\t\t\t<hr class=\"separator\">\n\t\t<\/div>\n\t<\/div>\n<\/div>\n\n\n\n\n\n<div  class=\"section white\">\n\n\t\n\n\n\t<div class=\"container text-blocks text-blocks-border text-blocks-slider\">\n\n\t\t\n\t\t\t\n\t\t\t\t<div class=\"cell\">\n\n\t\t\t\t\t\n\t\t\t\t\t\t<div class=\"icon-title\">\n\n\t\t\t\t\t\t\t\t\t\t\t\t\t\t\t<img decoding=\"async\" src=\"https:\/\/nevask.eu\/wp-content\/uploads\/2025\/06\/google.png\" alt=\"Google icon\">\n\t\t\t\t\t\t\t\n\t\t\t\t\t\t\t<div>\n\n\t\t\t\t\t\t\t\t\t\t\t\t\t\t\t\t\t<div class=\"h5\">Alexandru<\/div>\n\t\t\t\t\t\t\t\t\n\t\t\t\t\t\t\t\t\t\t\t\t\t\t\t\t\t<img loading=\"lazy\" decoding=\"async\" src=\"https:\/\/nevask.eu\/wp-content\/themes\/neva\/images\/stars.png\" width=\"92\" height=\"15\" alt=\"\">\n\t\t\t\t\t\t\t\t\n\t\t\t\t\t\t\t<\/div>\n\t\t\t\t\t\t<\/div>\n\n\t\t\t\t\t\n\n\n\t\t\t\t\t<p>Un produc\u0103tor pe m\u0103sura a\u0219tept\u0103rilor mele , am f\u0103cut un drum de c\u00e2teva ore pentru a vizita acest produc\u0103tor ! Dac\u0103 e\u0219ti \u00een domeniul lor de activitate , \u00ee\u021bi recomand s\u0103 faci o vizit\u0103 la ei \u0219i s\u0103 ajungi la un parteneriat ! Recomand produsele Neva !<\/p>\n\n\t\t\t\t<\/div>\n\n\t\t\t\n\t\t\t\t<div class=\"cell\">\n\n\t\t\t\t\t\n\t\t\t\t\t\t<div class=\"icon-title\">\n\n\t\t\t\t\t\t\t\t\t\t\t\t\t\t\t<img decoding=\"async\" src=\"https:\/\/nevask.eu\/wp-content\/uploads\/2025\/06\/google.png\" alt=\"Google icon\">\n\t\t\t\t\t\t\t\n\t\t\t\t\t\t\t<div>\n\n\t\t\t\t\t\t\t\t\t\t\t\t\t\t\t\t\t<div class=\"h5\">Odysseiro STUDIO<\/div>\n\t\t\t\t\t\t\t\t\n\t\t\t\t\t\t\t\t\t\t\t\t\t\t\t\t\t<img loading=\"lazy\" decoding=\"async\" src=\"https:\/\/nevask.eu\/wp-content\/themes\/neva\/images\/stars.png\" width=\"92\" height=\"15\" alt=\"\">\n\t\t\t\t\t\t\t\t\n\t\t\t\t\t\t\t<\/div>\n\t\t\t\t\t\t<\/div>\n\n\t\t\t\t\t\n\n\n\t\t\t\t\t<p>Comunicare, suport tehnic produse premium.<\/p>\n\n\t\t\t\t<\/div>\n\n\t\t\t\n\t\t\t\t<div class=\"cell\">\n\n\t\t\t\t\t\n\t\t\t\t\t\t<div class=\"icon-title\">\n\n\t\t\t\t\t\t\t\t\t\t\t\t\t\t\t<img decoding=\"async\" src=\"https:\/\/nevask.eu\/wp-content\/uploads\/2025\/06\/google.png\" alt=\"Google icon\">\n\t\t\t\t\t\t\t\n\t\t\t\t\t\t\t<div>\n\n\t\t\t\t\t\t\t\t\t\t\t\t\t\t\t\t\t<div class=\"h5\">Ioan<\/div>\n\t\t\t\t\t\t\t\t\n\t\t\t\t\t\t\t\t\t\t\t\t\t\t\t\t\t<img loading=\"lazy\" decoding=\"async\" src=\"https:\/\/nevask.eu\/wp-content\/themes\/neva\/images\/stars.png\" width=\"92\" height=\"15\" alt=\"\">\n\t\t\t\t\t\t\t\t\n\t\t\t\t\t\t\t<\/div>\n\t\t\t\t\t\t<\/div>\n\n\t\t\t\t\t\n\n\n\t\t\t\t\t<p>Se vede clar aten\u021bia la detalii \u0219i preocuparea pentru durabilitate. Este genul de investi\u021bie care aduce valoare real\u0103 casei, nu doar estetic, ci \u0219i practic. Recomand cu \u00eencredere celor care caut\u0103 solu\u021bii de calitate superioar\u0103 \u0219i produse pe care te po\u021bi baza ani de zile.<\/p>\n\n\t\t\t\t<\/div>\n\n\t\t\t\n\t\t\t\t<div class=\"cell\">\n\n\t\t\t\t\t\n\t\t\t\t\t\t<div class=\"icon-title\">\n\n\t\t\t\t\t\t\t\n\t\t\t\t\t\t\t<div>\n\n\t\t\t\t\t\t\t\t\t\t\t\t\t\t\t\t\t<div class=\"h5\">Adrian<\/div>\n\t\t\t\t\t\t\t\t\n\t\t\t\t\t\t\t\t\t\t\t\t\t\t\t\t\t<img loading=\"lazy\" decoding=\"async\" src=\"https:\/\/nevask.eu\/wp-content\/themes\/neva\/images\/stars.png\" width=\"92\" height=\"15\" alt=\"\">\n\t\t\t\t\t\t\t\t\n\t\t\t\t\t\t\t<\/div>\n\t\t\t\t\t\t<\/div>\n\n\t\t\t\t\t\n\n\n\t\t\t\t\t<p>The BEST !<\/p>\n\n\t\t\t\t<\/div>\n\n\t\t\t\n\t\t\t\t<div class=\"cell\">\n\n\t\t\t\t\t\n\t\t\t\t\t\t<div class=\"icon-title\">\n\n\t\t\t\t\t\t\t\t\t\t\t\t\t\t\t<img decoding=\"async\" src=\"https:\/\/nevask.eu\/wp-content\/uploads\/2025\/06\/google.png\" alt=\"Google icon\">\n\t\t\t\t\t\t\t\n\t\t\t\t\t\t\t<div>\n\n\t\t\t\t\t\t\t\t\t\t\t\t\t\t\t\t\t<div class=\"h5\">Tartan<\/div>\n\t\t\t\t\t\t\t\t\n\t\t\t\t\t\t\t\t\t\t\t\t\t\t\t\t\t<img loading=\"lazy\" decoding=\"async\" src=\"https:\/\/nevask.eu\/wp-content\/themes\/neva\/images\/stars.png\" width=\"92\" height=\"15\" alt=\"\">\n\t\t\t\t\t\t\t\t\n\t\t\t\t\t\t\t<\/div>\n\t\t\t\t\t\t<\/div>\n\n\t\t\t\t\t\n\n\n\t\t\t\t\t<p>\ud83d\udc4c\ud83d\udc4d\u2026<\/p>\n\n\t\t\t\t<\/div>\n\n\t\t\t\n\t\t\n\t<\/div>\n<\/div>\n","protected":false},"excerpt":{"rendered":"","protected":false},"author":52,"featured_media":0,"parent":207,"menu_order":0,"comment_status":"closed","ping_status":"closed","template":"","meta":{"_acf_changed":false,"inline_featured_image":false,"footnotes":""},"class_list":["post-1899","page","type-page","status-publish","hentry"],"acf":[],"yoast_head":"<!-- This site is optimized with the Yoast SEO plugin v27.5 - https:\/\/yoast.com\/product\/yoast-seo-wordpress\/ -->\n<title>Cerere f\u0103r\u0103 obligativitate pentru jaluzele exterioare NEVA | nevask.eu<\/title>\n<meta name=\"description\" content=\"Z\u00edskajte nez\u00e1v\u00e4zn\u00fa cenov\u00fa ponuku pomocou stru\u010dn\u00e9ho formul\u00e1ra. Sta\u010d\u00ed, ak zad\u00e1te typ \u017eal\u00fazi\u00ed, rozmery, sp\u00f4sob mont\u00e1\u017ee a ovl\u00e1dania.\" \/>\n<meta name=\"robots\" content=\"index, follow, max-snippet:-1, max-image-preview:large, max-video-preview:-1\" \/>\n<link rel=\"canonical\" href=\"https:\/\/nevask.eu\/ro\/oferta-de-pret\/oferta-jaluzele-neva\/\" \/>\n<meta property=\"og:locale\" content=\"ro_RO\" \/>\n<meta property=\"og:type\" content=\"article\" \/>\n<meta property=\"og:title\" content=\"Cerere f\u0103r\u0103 obligativitate pentru jaluzele exterioare NEVA | nevask.eu\" \/>\n<meta property=\"og:description\" content=\"Z\u00edskajte nez\u00e1v\u00e4zn\u00fa cenov\u00fa ponuku pomocou stru\u010dn\u00e9ho formul\u00e1ra. Sta\u010d\u00ed, ak zad\u00e1te typ \u017eal\u00fazi\u00ed, rozmery, sp\u00f4sob mont\u00e1\u017ee a ovl\u00e1dania.\" \/>\n<meta property=\"og:url\" content=\"https:\/\/nevask.eu\/ro\/oferta-de-pret\/oferta-jaluzele-neva\/\" \/>\n<meta property=\"og:site_name\" content=\"NEVA\" \/>\n<meta property=\"article:modified_time\" content=\"2025-09-23T19:30:07+00:00\" \/>\n<meta name=\"twitter:card\" content=\"summary_large_image\" \/>\n<meta name=\"twitter:label1\" content=\"Timp estimat pentru citire\" \/>\n\t<meta name=\"twitter:data1\" content=\"3 minute\" \/>\n<!-- \/ Yoast SEO plugin. -->","yoast_head_json":{"title":"Cerere f\u0103r\u0103 obligativitate pentru jaluzele exterioare NEVA | nevask.eu","description":"Z\u00edskajte nez\u00e1v\u00e4zn\u00fa cenov\u00fa ponuku pomocou stru\u010dn\u00e9ho formul\u00e1ra. Sta\u010d\u00ed, ak zad\u00e1te typ \u017eal\u00fazi\u00ed, rozmery, sp\u00f4sob mont\u00e1\u017ee a ovl\u00e1dania.","robots":{"index":"index","follow":"follow","max-snippet":"max-snippet:-1","max-image-preview":"max-image-preview:large","max-video-preview":"max-video-preview:-1"},"canonical":"https:\/\/nevask.eu\/ro\/oferta-de-pret\/oferta-jaluzele-neva\/","og_locale":"ro_RO","og_type":"article","og_title":"Cerere f\u0103r\u0103 obligativitate pentru jaluzele exterioare NEVA | nevask.eu","og_description":"Z\u00edskajte nez\u00e1v\u00e4zn\u00fa cenov\u00fa ponuku pomocou stru\u010dn\u00e9ho formul\u00e1ra. Sta\u010d\u00ed, ak zad\u00e1te typ \u017eal\u00fazi\u00ed, rozmery, sp\u00f4sob mont\u00e1\u017ee a ovl\u00e1dania.","og_url":"https:\/\/nevask.eu\/ro\/oferta-de-pret\/oferta-jaluzele-neva\/","og_site_name":"NEVA","article_modified_time":"2025-09-23T19:30:07+00:00","twitter_card":"summary_large_image","twitter_misc":{"Timp estimat pentru citire":"3 minute"},"schema":{"@context":"https:\/\/schema.org","@graph":[{"@type":"WebPage","@id":"https:\/\/nevask.eu\/ro\/oferta-de-pret\/oferta-jaluzele-neva\/","url":"https:\/\/nevask.eu\/ro\/oferta-de-pret\/oferta-jaluzele-neva\/","name":"Cerere f\u0103r\u0103 obligativitate pentru jaluzele exterioare NEVA | nevask.eu","isPartOf":{"@id":"https:\/\/nevask.eu\/ro\/#website"},"datePublished":"2025-07-03T14:42:22+00:00","dateModified":"2025-09-23T19:30:07+00:00","description":"Z\u00edskajte nez\u00e1v\u00e4zn\u00fa cenov\u00fa ponuku pomocou stru\u010dn\u00e9ho formul\u00e1ra. Sta\u010d\u00ed, ak zad\u00e1te typ \u017eal\u00fazi\u00ed, rozmery, sp\u00f4sob mont\u00e1\u017ee a ovl\u00e1dania.","breadcrumb":{"@id":"https:\/\/nevask.eu\/ro\/oferta-de-pret\/oferta-jaluzele-neva\/#breadcrumb"},"inLanguage":"ro-RO","potentialAction":[{"@type":"ReadAction","target":["https:\/\/nevask.eu\/ro\/oferta-de-pret\/oferta-jaluzele-neva\/"]}]},{"@type":"BreadcrumbList","@id":"https:\/\/nevask.eu\/ro\/oferta-de-pret\/oferta-jaluzele-neva\/#breadcrumb","itemListElement":[{"@type":"ListItem","position":1,"name":"Home","item":"https:\/\/nevask.eu\/ro\/"},{"@type":"ListItem","position":2,"name":"Oferta de pre\u021b","item":"https:\/\/nevask.eu\/ro\/oferta-de-pret\/"},{"@type":"ListItem","position":3,"name":"Ofert\u0103 Jaluzele NEVA"}]},{"@type":"WebSite","@id":"https:\/\/nevask.eu\/ro\/#website","url":"https:\/\/nevask.eu\/ro\/","name":"NEVA","description":"Vonkaj\u0161ie \u017eal\u00fazie a screenov\u00e9 rolety","potentialAction":[{"@type":"SearchAction","target":{"@type":"EntryPoint","urlTemplate":"https:\/\/nevask.eu\/ro\/?s={search_term_string}"},"query-input":{"@type":"PropertyValueSpecification","valueRequired":true,"valueName":"search_term_string"}}],"inLanguage":"ro-RO"}]}},"_links":{"self":[{"href":"https:\/\/nevask.eu\/ro\/wp-json\/wp\/v2\/pages\/1899","targetHints":{"allow":["GET"]}}],"collection":[{"href":"https:\/\/nevask.eu\/ro\/wp-json\/wp\/v2\/pages"}],"about":[{"href":"https:\/\/nevask.eu\/ro\/wp-json\/wp\/v2\/types\/page"}],"author":[{"embeddable":true,"href":"https:\/\/nevask.eu\/ro\/wp-json\/wp\/v2\/users\/52"}],"replies":[{"embeddable":true,"href":"https:\/\/nevask.eu\/ro\/wp-json\/wp\/v2\/comments?post=1899"}],"version-history":[{"count":6,"href":"https:\/\/nevask.eu\/ro\/wp-json\/wp\/v2\/pages\/1899\/revisions"}],"predecessor-version":[{"id":10846,"href":"https:\/\/nevask.eu\/ro\/wp-json\/wp\/v2\/pages\/1899\/revisions\/10846"}],"up":[{"embeddable":true,"href":"https:\/\/nevask.eu\/ro\/wp-json\/wp\/v2\/pages\/207"}],"wp:attachment":[{"href":"https:\/\/nevask.eu\/ro\/wp-json\/wp\/v2\/media?parent=1899"}],"curies":[{"name":"wp","href":"https:\/\/api.w.org\/{rel}","templated":true}]}}