{"id":203,"date":"2025-04-29T07:24:35","date_gmt":"2025-04-29T05:24:35","guid":{"rendered":"https:\/\/nevask.eu\/?page_id=203"},"modified":"2025-10-06T12:17:16","modified_gmt":"2025-10-06T10:17:16","slug":"contact","status":"publish","type":"page","link":"https:\/\/nevask.eu\/ro\/contact\/","title":{"rendered":"Contact"},"content":{"rendered":"\n\n\n<div  class=\"section white\">\n\t<div class=\"container cols-40p-60p top\">\n\t\t<div class=\"cell\">\n\n\t\t\t\t\t\t\t<h1 class=\"h2\">Informa\u021bii de contact<\/h1>\n\t\t\t\n\t\t\t\t\t\t\t<h2 class=\"h5\">Sediul companiei<br>NEVA SK, s.r.o.<\/h2>\n\t\t\t\n\t\t\t<p>Ve\u013ek\u00fd Lap\u00e1\u0161 622<br \/>\n951 04 Ve\u013ek\u00fd Lap\u00e1\u0161<br \/>\nSlovacia<\/p>\n<p>Num\u0103r de \u00eenregistrare: 47060701<br \/>\nCod fiscal Eu: SK2023728828<\/p>\n\n\n\n\t\t\t\n\t\t\t\t<p>\n\n\t\t\t\t\t\n\t\t\t\t\t\t\n\t\t\t\t\t\t\t<a class=\"phone\" href=\"tel:+421 911 840 416\">\n\n\t\t\t\t\t\t\t\t\t\t\t\t\t\t\t\t\t<span class=\"icon18\"><img decoding=\"async\" src=\"https:\/\/nevask.eu\/wp-content\/themes\/neva\/images\/flag-ro.png\" alt=\"\"><\/span>\n\t\t\t\t\t\t\t\t\n\t\t\t\t\t\t\t\t+421 911 840 416\t\t\t\t\t\t\t<\/a><br>\n\n\t\t\t\t\t\t\n\t\t\t\t\t\n\t\t\t\t\t\t\n\t\t\t\t\t\t\t<a class=\"phone\" href=\"tel:+421 911 840 445\">\n\n\t\t\t\t\t\t\t\t\t\t\t\t\t\t\t\t\t<span class=\"icon18\"><img decoding=\"async\" src=\"https:\/\/nevask.eu\/wp-content\/themes\/neva\/images\/flag-sk.png\" alt=\"\"><\/span>\n\t\t\t\t\t\t\t\t\n\t\t\t\t\t\t\t\t+421 911 840 445\t\t\t\t\t\t\t<\/a><br>\n\n\t\t\t\t\t\t\n\t\t\t\t\t\n\t\t\t\t\t\t\n\t\t\t\t\t\t\t<a class=\"phone\" href=\"tel:+421 911 184 365\">\n\n\t\t\t\t\t\t\t\t\t\t\t\t\t\t\t\t\t<span class=\"icon18\"><img decoding=\"async\" src=\"https:\/\/nevask.eu\/wp-content\/themes\/neva\/images\/flag-hu.png\" alt=\"\"><\/span>\n\t\t\t\t\t\t\t\t\n\t\t\t\t\t\t\t\t+421 911 184 365\t\t\t\t\t\t\t<\/a><br>\n\n\t\t\t\t\t\t\n\t\t\t\t\t\n\t\t\t\t<\/p>\n\n\t\t\t\n\n\n\t\t\t\n\t\t\t\t<p>\n\n\t\t\t\t\t\n\t\t\t\t\t\t\n\t\t\t\t\t\t\t<a href=\"mailto:contact@neva.ro\">\n\t\t\t\t\t\t\t\t<span class=\"icon18\"><img decoding=\"async\" src=\"https:\/\/nevask.eu\/wp-content\/themes\/neva\/images\/icon-envelope.png\" alt=\"\"><\/span>\n\t\t\t\t\t\t\t\tcontact@neva.ro\t\t\t\t\t\t\t<\/a><br>\n\n\t\t\t\t\t\t\n\t\t\t\t\t\n\t\t\t\t<\/p>\n\n\t\t\t\n\t\t<\/div>\n\n\n\n\t\t\n\t<\/div>\n<\/div>\n\n\n\n\n\n<div class=\"section white\">\n\t<div class=\"container\">\n\t\t<div class=\"cell\">\n\t\t\t<hr class=\"separator\">\n\t\t<\/div>\n\t<\/div>\n<\/div>\n\n\n\n\n\n\n\n\n<div  class=\"section white\">\n\n\t\n\t\t\t<div class=\"container cols-50p\">\n\t\t\t\t<div class=\"cell\">\n\t\t\t\t\t\n\t\t<h2>RE\u021aEAUA PARTENERILOR COMERCIALI \u0218I DE MONTAJ NEVA\u00aePARTNER<\/h2>\n\n\t\t\t\t\t<a href=\"https:\/\/nevask.eu\/predajcovia-neva\/\" target=\"\" class=\"button\">Mai multe informa\u021bii \u2192<\/a>\n\t\t\n\t\t\t\t\t\t<\/div>\n\n\n\n\t\t\t\t<div class=\"cell right left-mobile\">\n\n\t\t\t\t\t\t\t\t\t\t\t<img decoding=\"async\" src=\"https:\/\/nevask.eu\/wp-content\/uploads\/2025\/08\/RO-NEVA-mapa.png.webp\" alt=\"\">\n\t\t\t\t\t\n\t\t\t\t<\/div>\n\t\t\t<\/div>\n\n\t\t\t\n<\/div>\n\n\n\n\n\n<div class=\"section white\">\n\t<div class=\"container\">\n\t\t<div class=\"cell\">\n\t\t\t<hr class=\"separator\">\n\t\t<\/div>\n\t<\/div>\n<\/div>\n\n\n\n\n\n<div  class=\"section white\">\n\n\t\n\t\t<div class=\"container intro\">\n\t\t\t<div class=\"cell\">\n\t\t\t\t<h2>Reprezentarea regionala<\/h2>\n\t\t\t<\/div>\n\t\t<\/div>\n\n\t\n\n\n\t\n\t\t<div class=\"container cols-25p\">\n\n\t\t\t\n\t\t\t\t<div class=\"cell\">\n\n\t\t\t\t\t\t\t\t\t\t\t<p class=\"p-large highlighted\"><strong>J\u00e1nos K\u00f3sa<\/strong><\/p>\n\t\t\t\t\t\n\t\t\t\t\t<p><strong>ROM\u00c2NIA<\/strong><br \/>\nrom\u00e2n\u0103, englez\u0103, maghiar\u0103<\/p>\n\n\n\n\t\t\t\t\t\n\t\t\t\t\t\t<p>\n\n\t\t\t\t\t\t\t\t\t\t\t\t\t\t\t<a href=\"tel:+421 911 840 416\">+421 911 840 416<\/a><br>\n\t\t\t\t\t\t\t\n\t\t\t\t\t\t\t\t\t\t\t\t\t\t\t<a href=\"mailto:kosa@neva.ro\"><span class=\"icon18\"><img decoding=\"async\" src=\"https:\/\/nevask.eu\/wp-content\/themes\/neva\/images\/temp\/2099199-1b06cce6.png\" alt=\"\"><\/span> kosa@neva.ro<\/a>\n\t\t\t\t\t\t\t\n\t\t\t\t\t\t<\/p>\n\n\t\t\t\t\t\n\t\t\t\t<\/div>\n\n\t\t\t\n\t\t\t\t<div class=\"cell\">\n\n\t\t\t\t\t\t\t\t\t\t\t<p class=\"p-large highlighted\"><strong>Ioan Tarnovie\u021bchi<\/strong><\/p>\n\t\t\t\t\t\n\t\t\t\t\t<p><strong>ROM\u00c2NIA &#8211; (SUD VEST, SUD, BUCURE\u0218TI, SUD EST)<\/strong><br \/>\nrom\u00e2n\u0103, englez\u0103, maghiar\u0103, slovac\u0103<\/p>\n\n\n\n\t\t\t\t\t\n\t\t\t\t\t\t<p>\n\n\t\t\t\t\t\t\t\t\t\t\t\t\t\t\t<a href=\"tel:+421 911 472 937\">+421 911 472 937<\/a><br>\n\t\t\t\t\t\t\t\n\t\t\t\t\t\t\t\t\t\t\t\t\t\t\t<a href=\"mailto:tarnovietchi@neva.ro\"><span class=\"icon18\"><img decoding=\"async\" src=\"https:\/\/nevask.eu\/wp-content\/themes\/neva\/images\/temp\/2099199-1b06cce6.png\" alt=\"\"><\/span> tarnovietchi@neva.ro<\/a>\n\t\t\t\t\t\t\t\n\t\t\t\t\t\t<\/p>\n\n\t\t\t\t\t\n\t\t\t\t<\/div>\n\n\t\t\t\n\t\t<\/div>\n\n\t\n<\/div>\n\n\n\n\n\n<div class=\"section white\">\n\t<div class=\"container\">\n\t\t<div class=\"cell\">\n\t\t\t<hr class=\"separator\">\n\t\t<\/div>\n\t<\/div>\n<\/div>\n\n\n\n\n\n<div  class=\"section white\">\n\n\t\n\t\t<div class=\"container intro\">\n\t\t\t<div class=\"cell\">\n\t\t\t\t<h2>Departamentul comercial<\/h2>\n\t\t\t<\/div>\n\t\t<\/div>\n\n\t\n\n\n\t\n\t\t<div class=\"container cols-25p\">\n\n\t\t\t\n\t\t\t\t<div class=\"cell\">\n\n\t\t\t\t\t\t\t\t\t\t\t<p class=\"p-large highlighted\"><strong>Elisabeta \u200b\u0218uba<\/strong><\/p>\n\t\t\t\t\t\n\t\t\t\t\t<p><strong>Departamentul comercial<\/strong><br \/>\nrom\u00e2n\u0103, slovac\u0103<\/p>\n\n\n\n\t\t\t\t\t\n\t\t\t\t\t\t<p>\n\n\t\t\t\t\t\t\t\t\t\t\t\t\t\t\t<a href=\"tel:+421 910 447 722\">+421 910 447 722<\/a><br>\n\t\t\t\t\t\t\t\n\t\t\t\t\t\t\t\t\t\t\t\t\t\t\t<a href=\"mailto:contact@neva.ro\"><span class=\"icon18\"><img decoding=\"async\" src=\"https:\/\/nevask.eu\/wp-content\/themes\/neva\/images\/temp\/2099199-1b06cce6.png\" alt=\"\"><\/span> contact@neva.ro<\/a>\n\t\t\t\t\t\t\t\n\t\t\t\t\t\t<\/p>\n\n\t\t\t\t\t\n\t\t\t\t<\/div>\n\n\t\t\t\n\t\t\t\t<div class=\"cell\">\n\n\t\t\t\t\t\t\t\t\t\t\t<p class=\"p-large highlighted\"><strong>Ing. Nikoleta Vir\u00e1gov\u00e1<\/strong><\/p>\n\t\t\t\t\t\n\t\t\t\t\t<p><strong>Departamentul comercial<\/strong><br \/>\nslovac\u0103, maghiar\u0103, englez\u0103<\/p>\n\n\n\n\t\t\t\t\t\n\t\t\t\t\t\t<p>\n\n\t\t\t\t\t\t\t\t\t\t\t\t\t\t\t<a href=\"tel:+421 \u200b911 184 367\">+421 \u200b911 184 367<\/a><br>\n\t\t\t\t\t\t\t\n\t\t\t\t\t\t\t\t\t\t\t\t\t\t\t<a href=\"mailto:contact@neva.ro\"><span class=\"icon18\"><img decoding=\"async\" src=\"https:\/\/nevask.eu\/wp-content\/themes\/neva\/images\/temp\/2099199-1b06cce6.png\" alt=\"\"><\/span> contact@neva.ro<\/a>\n\t\t\t\t\t\t\t\n\t\t\t\t\t\t<\/p>\n\n\t\t\t\t\t\n\t\t\t\t<\/div>\n\n\t\t\t\n\t\t\t\t<div class=\"cell\">\n\n\t\t\t\t\t\t\t\t\t\t\t<p class=\"p-large highlighted\"><strong>Marc Moj\u017ei\u0161<\/strong><\/p>\n\t\t\t\t\t\n\t\t\t\t\t<p><strong>Departamentul comercial<\/strong><br \/>\nslovac\u0103, maghiar\u0103, englez\u0103<\/p>\n\n\n\n\t\t\t\t\t\n\t\t\t\t\t\t<p>\n\n\t\t\t\t\t\t\t\t\t\t\t\t\t\t\t<a href=\"tel:+421 \u200b911 840 445\">+421 \u200b911 840 445<\/a><br>\n\t\t\t\t\t\t\t\n\t\t\t\t\t\t\t\t\t\t\t\t\t\t\t<a href=\"mailto:contact@neva.ro\"><span class=\"icon18\"><img decoding=\"async\" src=\"https:\/\/nevask.eu\/wp-content\/themes\/neva\/images\/temp\/2099199-1b06cce6.png\" alt=\"\"><\/span> contact@neva.ro<\/a>\n\t\t\t\t\t\t\t\n\t\t\t\t\t\t<\/p>\n\n\t\t\t\t\t\n\t\t\t\t<\/div>\n\n\t\t\t\n\t\t\t\t<div class=\"cell\">\n\n\t\t\t\t\t\t\t\t\t\t\t<p class=\"p-large highlighted\"><strong>D\u00e1vid Cserman<\/strong><\/p>\n\t\t\t\t\t\n\t\t\t\t\t<p><strong>Departamentul comercial<\/strong><br \/>\nslovac\u0103, maghiar\u0103, englez\u0103<\/p>\n\n\n\n\t\t\t\t\t\n\t\t\t\t\t\t<p>\n\n\t\t\t\t\t\t\t\t\t\t\t\t\t\t\t<a href=\"tel:+421 \u200b910 446 622\">+421 \u200b910 446 622<\/a><br>\n\t\t\t\t\t\t\t\n\t\t\t\t\t\t\t\t\t\t\t\t\t\t\t<a href=\"mailto:contact@neva.ro\"><span class=\"icon18\"><img decoding=\"async\" src=\"https:\/\/nevask.eu\/wp-content\/themes\/neva\/images\/temp\/2099199-1b06cce6.png\" alt=\"\"><\/span> contact@neva.ro<\/a>\n\t\t\t\t\t\t\t\n\t\t\t\t\t\t<\/p>\n\n\t\t\t\t\t\n\t\t\t\t<\/div>\n\n\t\t\t\n\t\t<\/div>\n\n\t\n<\/div>\n\n\n\n\n\n<div class=\"section white\">\n\t<div class=\"container\">\n\t\t<div class=\"cell\">\n\t\t\t<hr class=\"separator\">\n\t\t<\/div>\n\t<\/div>\n<\/div>\n\n\n\n\n\n<div  class=\"section white\">\n\n\t\n\t\t<div class=\"container intro\">\n\t\t\t<div class=\"cell\">\n\t\t\t\t<h2>Departamentul financiar<\/h2>\n\t\t\t<\/div>\n\t\t<\/div>\n\n\t\n\n\n\t\n\t\t<div class=\"container cols-25p\">\n\n\t\t\t\n\t\t\t\t<div class=\"cell\">\n\n\t\t\t\t\t\t\t\t\t\t\t<p class=\"p-large highlighted\"><strong>Zuzana Bajzov\u00e1<\/strong><\/p>\n\t\t\t\t\t\n\t\t\t\t\t<p><strong>facturare<\/strong><br \/>\nslovac\u0103<\/p>\n\n\n\n\t\t\t\t\t\n\t\t\t\t\t\t<p>\n\n\t\t\t\t\t\t\t\t\t\t\t\t\t\t\t<a href=\"tel:+421 904 151 804\">+421 904 151 804<\/a><br>\n\t\t\t\t\t\t\t\n\t\t\t\t\t\t\t\t\t\t\t\t\t\t\t<a href=\"mailto:ekonomicke@nevask.eu\"><span class=\"icon18\"><img decoding=\"async\" src=\"https:\/\/nevask.eu\/wp-content\/themes\/neva\/images\/temp\/2099199-1b06cce6.png\" alt=\"\"><\/span> ekonomicke@nevask.eu<\/a>\n\t\t\t\t\t\t\t\n\t\t\t\t\t\t<\/p>\n\n\t\t\t\t\t\n\t\t\t\t<\/div>\n\n\t\t\t\n\t\t<\/div>\n\n\t\n<\/div>\n\n\n\n\n\n<div class=\"section white\">\n\t<div class=\"container\">\n\t\t<div class=\"cell\">\n\t\t\t<hr class=\"separator\">\n\t\t<\/div>\n\t<\/div>\n<\/div>\n\n\n\n\n\n<div  class=\"section white\">\n\n\t\n\t\t<div class=\"container intro\">\n\t\t\t<div class=\"cell\">\n\t\t\t\t<h2>Departamentul IT \u0219i marketing<\/h2>\n\t\t\t<\/div>\n\t\t<\/div>\n\n\t\n\n\n\t\n\t\t<div class=\"container cols-25p\">\n\n\t\t\t\n\t\t\t\t<div class=\"cell\">\n\n\t\t\t\t\t\t\t\t\t\t\t<p class=\"p-large highlighted\"><strong>Zolt\u00e1n Faludi<\/strong><\/p>\n\t\t\t\t\t\n\t\t\t\t\t<p><strong>Management IT<\/strong><br \/>\nslovac\u0103, maghiar\u0103<\/p>\n\n\n\n\t\t\t\t\t\n\t\t\t\t\t\t<p>\n\n\t\t\t\t\t\t\t\t\t\t\t\t\t\t\t<a href=\"tel:+421 903 467 607\">+421 903 467 607<\/a><br>\n\t\t\t\t\t\t\t\n\t\t\t\t\t\t\t\t\t\t\t\t\t\t\t<a href=\"mailto:it@nevask.eu\"><span class=\"icon18\"><img decoding=\"async\" src=\"https:\/\/nevask.eu\/wp-content\/themes\/neva\/images\/temp\/2099199-1b06cce6.png\" alt=\"\"><\/span> it@nevask.eu<\/a>\n\t\t\t\t\t\t\t\n\t\t\t\t\t\t<\/p>\n\n\t\t\t\t\t\n\t\t\t\t<\/div>\n\n\t\t\t\n\t\t\t\t<div class=\"cell\">\n\n\t\t\t\t\t\t\t\t\t\t\t<p class=\"p-large highlighted\"><strong>Miroslav Nikod\u00e9mus<\/strong><\/p>\n\t\t\t\t\t\n\t\t\t\t\t<p><strong>Suport de marketing<\/strong><br \/>\nslovac\u0103, englez\u0103<\/p>\n\n\n\n\t\t\t\t\t\n\t\t\t\t\t\t<p>\n\n\t\t\t\t\t\t\t\t\t\t\t\t\t\t\t<a href=\"tel:+421 911 228 050\">+421 911 228 050<\/a><br>\n\t\t\t\t\t\t\t\n\t\t\t\t\t\t\t\t\t\t\t\t\t\t\t<a href=\"mailto:marketing@nevask.eu\"><span class=\"icon18\"><img decoding=\"async\" src=\"https:\/\/nevask.eu\/wp-content\/themes\/neva\/images\/temp\/2099199-1b06cce6.png\" alt=\"\"><\/span> marketing@nevask.eu<\/a>\n\t\t\t\t\t\t\t\n\t\t\t\t\t\t<\/p>\n\n\t\t\t\t\t\n\t\t\t\t<\/div>\n\n\t\t\t\n\t\t<\/div>\n\n\t\n<\/div>\n","protected":false},"excerpt":{"rendered":"","protected":false},"author":1,"featured_media":0,"parent":0,"menu_order":0,"comment_status":"closed","ping_status":"closed","template":"","meta":{"_acf_changed":false,"inline_featured_image":false,"footnotes":""},"class_list":["post-203","page","type-page","status-publish","hentry"],"acf":[],"yoast_head":"<!-- This site is optimized with the Yoast SEO plugin v27.5 - https:\/\/yoast.com\/product\/yoast-seo-wordpress\/ -->\n<title>Datele de contact ale companiei NEVA SK, s.r.o. | nevask.eu<\/title>\n<meta name=\"description\" content=\"Adresa sediului NEVA SK, s.r.o. \u0219i datele de contact ale fiec\u0103rui departament, inclusiv datele de contact din Rom\u00e2nia \u0219i Ungaria.\" \/>\n<meta name=\"robots\" content=\"index, follow, max-snippet:-1, max-image-preview:large, max-video-preview:-1\" \/>\n<link rel=\"canonical\" href=\"https:\/\/nevask.eu\/ro\/contact\/\" \/>\n<meta property=\"og:locale\" content=\"ro_RO\" \/>\n<meta property=\"og:type\" content=\"article\" \/>\n<meta property=\"og:title\" content=\"Datele de contact ale companiei NEVA SK, s.r.o. | nevask.eu\" \/>\n<meta property=\"og:description\" content=\"Adresa sediului NEVA SK, s.r.o. \u0219i datele de contact ale fiec\u0103rui departament, inclusiv datele de contact din Rom\u00e2nia \u0219i Ungaria.\" \/>\n<meta property=\"og:url\" content=\"https:\/\/nevask.eu\/ro\/contact\/\" \/>\n<meta property=\"og:site_name\" content=\"NEVA\" \/>\n<meta property=\"article:modified_time\" content=\"2025-10-06T10:17:16+00:00\" \/>\n<meta name=\"twitter:card\" content=\"summary_large_image\" \/>\n<meta name=\"twitter:label1\" content=\"Timp estimat pentru citire\" \/>\n\t<meta name=\"twitter:data1\" content=\"2 minute\" \/>\n<!-- \/ Yoast SEO plugin. -->","yoast_head_json":{"title":"Datele de contact ale companiei NEVA SK, s.r.o. | nevask.eu","description":"Adresa sediului NEVA SK, s.r.o. \u0219i datele de contact ale fiec\u0103rui departament, inclusiv datele de contact din Rom\u00e2nia \u0219i Ungaria.","robots":{"index":"index","follow":"follow","max-snippet":"max-snippet:-1","max-image-preview":"max-image-preview:large","max-video-preview":"max-video-preview:-1"},"canonical":"https:\/\/nevask.eu\/ro\/contact\/","og_locale":"ro_RO","og_type":"article","og_title":"Datele de contact ale companiei NEVA SK, s.r.o. | nevask.eu","og_description":"Adresa sediului NEVA SK, s.r.o. \u0219i datele de contact ale fiec\u0103rui departament, inclusiv datele de contact din Rom\u00e2nia \u0219i Ungaria.","og_url":"https:\/\/nevask.eu\/ro\/contact\/","og_site_name":"NEVA","article_modified_time":"2025-10-06T10:17:16+00:00","twitter_card":"summary_large_image","twitter_misc":{"Timp estimat pentru citire":"2 minute"},"schema":{"@context":"https:\/\/schema.org","@graph":[{"@type":"WebPage","@id":"https:\/\/nevask.eu\/ro\/contact\/","url":"https:\/\/nevask.eu\/ro\/contact\/","name":"Datele de contact ale companiei NEVA SK, s.r.o. | nevask.eu","isPartOf":{"@id":"https:\/\/nevask.eu\/ro\/#website"},"datePublished":"2025-04-29T05:24:35+00:00","dateModified":"2025-10-06T10:17:16+00:00","description":"Adresa sediului NEVA SK, s.r.o. \u0219i datele de contact ale fiec\u0103rui departament, inclusiv datele de contact din Rom\u00e2nia \u0219i Ungaria.","breadcrumb":{"@id":"https:\/\/nevask.eu\/ro\/contact\/#breadcrumb"},"inLanguage":"ro-RO","potentialAction":[{"@type":"ReadAction","target":["https:\/\/nevask.eu\/ro\/contact\/"]}]},{"@type":"BreadcrumbList","@id":"https:\/\/nevask.eu\/ro\/contact\/#breadcrumb","itemListElement":[{"@type":"ListItem","position":1,"name":"Home","item":"https:\/\/nevask.eu\/ro\/"},{"@type":"ListItem","position":2,"name":"Contact"}]},{"@type":"WebSite","@id":"https:\/\/nevask.eu\/ro\/#website","url":"https:\/\/nevask.eu\/ro\/","name":"NEVA","description":"Vonkaj\u0161ie \u017eal\u00fazie a screenov\u00e9 rolety","potentialAction":[{"@type":"SearchAction","target":{"@type":"EntryPoint","urlTemplate":"https:\/\/nevask.eu\/ro\/?s={search_term_string}"},"query-input":{"@type":"PropertyValueSpecification","valueRequired":true,"valueName":"search_term_string"}}],"inLanguage":"ro-RO"}]}},"_links":{"self":[{"href":"https:\/\/nevask.eu\/ro\/wp-json\/wp\/v2\/pages\/203","targetHints":{"allow":["GET"]}}],"collection":[{"href":"https:\/\/nevask.eu\/ro\/wp-json\/wp\/v2\/pages"}],"about":[{"href":"https:\/\/nevask.eu\/ro\/wp-json\/wp\/v2\/types\/page"}],"author":[{"embeddable":true,"href":"https:\/\/nevask.eu\/ro\/wp-json\/wp\/v2\/users\/1"}],"replies":[{"embeddable":true,"href":"https:\/\/nevask.eu\/ro\/wp-json\/wp\/v2\/comments?post=203"}],"version-history":[{"count":19,"href":"https:\/\/nevask.eu\/ro\/wp-json\/wp\/v2\/pages\/203\/revisions"}],"predecessor-version":[{"id":10944,"href":"https:\/\/nevask.eu\/ro\/wp-json\/wp\/v2\/pages\/203\/revisions\/10944"}],"wp:attachment":[{"href":"https:\/\/nevask.eu\/ro\/wp-json\/wp\/v2\/media?parent=203"}],"curies":[{"name":"wp","href":"https:\/\/api.w.org\/{rel}","templated":true}]}}