{"id":211,"date":"2025-04-29T07:24:45","date_gmt":"2025-04-29T05:24:45","guid":{"rendered":"https:\/\/nevask.eu\/?page_id=211"},"modified":"2025-09-12T10:09:18","modified_gmt":"2025-09-12T08:09:18","slug":"despre-neva","status":"publish","type":"page","link":"https:\/\/nevask.eu\/ro\/despre-neva\/","title":{"rendered":"Despre NEVA"},"content":{"rendered":"\n\n\n\n\n\n<div class=\"section narrow white\">\n\t<div class=\"container\">\n\t\t<div class=\"cell\">\n\t\t\t<ul class=\"breadcrumbs\">\n\t\t\t\t<li><a href=\"https:\/\/nevask.eu\/ro\/\">Home<\/a><\/li>\n\n\t\t\t\t\n\t\t\t<\/ul>\n\t\t<\/div>\n\t<\/div>\n<\/div>\n\n\n\n\n\n<div  class=\"section full-image\">\n\t<div class=\"container\">\n\t\t<div class=\"cell image h420\">\n\n\t\t\t\t\t\t\t<img decoding=\"async\" src=\"https:\/\/nevask.eu\/wp-content\/uploads\/2025\/07\/vyrobny-zavod-NEVA-Kralice-Na-Hane-1.jpg.webp\" alt=\"V\u00fdrobn\u00fd z\u00e1vod \u017eal\u00fazi\u00ed NEVA v Kr\u00e1lic\u00edch na Han\u00e9\">\n\t\t\t\n\t\t<\/div>\n\t<\/div>\n<\/div>\n\n\n\n\n\n<div  class=\"section white\">\n\t<div class=\"container full left\">\n\t\t<div class=\"cell\">\n\t\t\t<h1 class=\"u-text u-text-palette-2-base u-text-1\">Umbrim cu calitate<\/h1>\n<p class=\"p-large\">Suntem produc\u0103tori de <a href=\"https:\/\/nevask.eu\/ro\/jaluzele-exterioare-neva\/\">jaluzele exterioare<\/a> \u0219i <a href=\"https:\/\/nevask.eu\/ro\/rulouri-screen-neva\/\">rulouri screen<\/a> de top.<br \/>\nCalitatea se vede de la prima utilizare \u0219i se simte cu adev\u0103rat dup\u0103 ani de func\u021bionare f\u0103r\u0103 probleme.<\/p>\n<p class=\"p-large\">De peste 35 de ani ne dedic\u0103m cu pasiune tehnicii de umbrire.<\/p>\n\t\t<\/div>\n\t<\/div>\n<\/div>\n\n\n\n\n\n<div  class=\"section full-image\">\n\t<div class=\"container\">\n\t\t<div class=\"cell image h420\">\n\n\t\t\t\t\t\t\t<img decoding=\"async\" src=\"https:\/\/nevask.eu\/wp-content\/uploads\/2025\/07\/Detail-na-strieborne-lamely-zaluzie-scaled.jpg.webp\" alt=\"Detail na strieborn\u00e9 lamely \u017eal\u00fazie\">\n\t\t\t\n\t\t<\/div>\n\t<\/div>\n<\/div>\n\n\n\n\n\n<div  class=\"section white\">\n\t<div class=\"container full left\">\n\t\t<div class=\"cell\">\n\t\t\t<h2 class=\"h2\">Cu jaluzelele exterioare NEVA\u00ae pute\u021bi:<\/h2>\n<ul>\n<li data-lang-sk=\"\u200b Naj\u00fa\u010dinnej\u0161ia sp\u00f4sob vonkaj\u0161ieho tienenia\" data-lang-hu=\"\u200b Leghat\u00e9konyabb k\u00fclt\u00e9ri \u00e1rny\u00e9kol\u00e1st\u00edpus\">controla u\u0219or \u0219i eficient lumina natural\u0103 din interior,<\/li>\n<li data-lang-sk=\"\u200b Naj\u00fa\u010dinnej\u0161ia sp\u00f4sob vonkaj\u0161ieho tienenia\" data-lang-hu=\"\u200b Leghat\u00e9konyabb k\u00fclt\u00e9ri \u00e1rny\u00e9kol\u00e1st\u00edpus\">men\u021bine o temperatur\u0103 pl\u0103cut\u0103 \u0219i o atmosfer\u0103 confortabil\u0103 \u00een orice moment al zilei,<\/li>\n<li data-lang-sk=\"\u200b Naj\u00fa\u010dinnej\u0161ia sp\u00f4sob vonkaj\u0161ieho tienenia\" data-lang-hu=\"\u200b Leghat\u00e9konyabb k\u00fclt\u00e9ri \u00e1rny\u00e9kol\u00e1st\u00edpus\">economisi energie \u2013 reduc\u00e2nd costurile cu \u00eenc\u0103lzirea iarna \u0219i cu r\u0103cirea vara,<\/li>\n<li data-lang-sk=\"\u200b Naj\u00fa\u010dinnej\u0161ia sp\u00f4sob vonkaj\u0161ieho tienenia\" data-lang-hu=\"\u200b Leghat\u00e9konyabb k\u00fclt\u00e9ri \u00e1rny\u00e9kol\u00e1st\u00edpus\">beneficia de mai mult\u0103 intimitate \u0219i un plus de siguran\u021b\u0103 pentru locuin\u021ba dumneavoastr\u0103.<\/li>\n<\/ul>\n\t\t<\/div>\n\t<\/div>\n<\/div>\n\n\n\n\n\n<div  class=\"section white\">\n\t<div class=\"container full left\">\n\t\t<div class=\"cell\">\n\t\t\t<h2 class=\"p1\">Ce v\u0103 oferim?<\/h2>\n<ul>\n<li class=\"p1 p-large\">R\u0103spundem rapid, ne adapt\u0103m fiec\u0103rui client \u0219i promitem doar ceea ce putem \u00eendeplini<\/li>\n<li class=\"p1 p-large\">Ne concentr\u0103m pe detalii \u0219i gestion\u0103m cu succes \u0219i situa\u021biile atipice de pe \u0219antier<\/li>\n<li class=\"p1 p-large\">Produsele noastre sunt realizate la comand\u0103, exact dup\u0103 cerin\u021bele dumneavoastr\u0103<\/li>\n<li class=\"p1 p-large\">Folosim doar materiale \u0219i componente de cea mai \u00eenalt\u0103 calitate<\/li>\n<li class=\"p1 p-large\">Verific\u0103m cu aten\u021bie fiecare produs \u00eenainte de livrare \u0219i \u00eel regl\u0103m \u00een func\u021bie de specificul construc\u021biei<\/li>\n<li class=\"p1 p-large\">Oferim termene de livrare scurte \u0219i respectate<\/li>\n<li class=\"p1 p-large\">Toate produsele noastre vin cu o garan\u021bie de 5 ani<\/li>\n<\/ul>\n\t\t<\/div>\n\t<\/div>\n<\/div>\n\n\n\n\n\n<div  class=\"section dark\">\n\t<div class=\"container full left\">\n\t\t<div class=\"cell\">\n\t\t\t<p class=\"p-large\">\u2022 Avem peste 35 de ani de experien\u021b\u0103 \u00een domeniul sistemelor de umbrire<br \/>\n\u2022 Export\u0103m \u00een peste 40 de \u021b\u0103ri din \u00eentreaga lume<br \/>\n\u2022 180 de angaja\u021bi \u00een fabrica noastr\u0103 modern\u0103 din Republica Ceh\u0103<br \/>\n\u2022 Producem 2.000 de jaluzele \u00een fiecare s\u0103pt\u0103m\u00e2n\u0103<br \/>\n\u2022 Fabric\u0103m anual peste 350.000 m\u00b2 de jaluzele<br \/>\n\u2022 Avem o cifr\u0103 de afaceri anual\u0103 de 25 de milioane EUR<\/p>\n\t\t<\/div>\n\t<\/div>\n<\/div>\n\n\n\n\n\n<div  class=\"section white\">\n\t<div class=\"container full left\">\n\t\t<div class=\"cell\">\n\t\t\t<h3 class=\"p1\"><span class=\"s1\">\u017dALUZIE NEVA s.r.o.<\/span><\/h3>\n<p>Fabric\u0103m jaluzele exterioare \u0219i rulouri screen NEVA\u00ae \u00een Kr\u00e1l\u00edky na Han\u00e9, \u00een inima Republicii Cehe.<br \/>\nCompania a fost fondat\u0103 \u00een 1990 de Ladislav Vr\u00e1na \u0219i Ji\u0159\u00ed Nesvadb\u00edk, pun\u00e2nd bazele unui brand de \u00eencredere \u0219i calitate.<\/p>\n<p><a href=\"https:\/\/www.neva.eu\/\" target=\"_blank\" rel=\"noopener\">neva.eu<\/a><\/p>\n<h3>NEVA SK s.r.o.<\/h3>\n<p>Suntem societate fiic\u0103 a \u017dALUZIE NEVA \u0219i distribuitorul exclusiv al brandului NEVA\u00ae pe pie\u021bele din Slovacia, Ungaria \u0219i Rom\u00e2nia.<br \/>\nPe aceste pie\u021be construim o re\u021bea de parteneri, care asigur\u0103 instalarea jaluzelelor \u0219i rulourilor screen la case individuale, cl\u0103diri administrative \u0219i spa\u021bii comerciale.<\/p>\n<p class=\"p1\"><a href=\"https:\/\/nevask.eu\/\">nevask.eu<\/a><\/p>\n\t\t<\/div>\n\t<\/div>\n<\/div>\n\n\n\n\n\n<div  class=\"section white\">\n\n\t\n\n\n\t<div class=\"container\">\n\t\t<div class=\"grid-cols\">\n\n\t\t\t\n\t\t\t\t\n\t\t\t\t\t\n\n\n\t\t\t\t\t\n\t\t\t\t\t\t\n\t\t\t\t\t\t\t\n\t\t\t\t\t\t\t<div class=\"col-7 block bg-image default default\" style=\"background-image: linear-gradient(0deg, rgba(0,0,0,0.3), rgba(0,0,0,0.3)), url(https:\/\/nevask.eu\/wp-content\/uploads\/2025\/07\/vyroba-vonkajsich-zaluzii-neva01.webp)\">\n\n\t\t\t\t\t\t\t\t<div>\n\n\t\t\t\t\t\t\t\t\t\n\t\t\t\t\t\t\t\t\t\t\t\t\t\t\t\t\t\t\t<div><h4>Una dintre cele \u0219ase linii de rulare<\/h4>\n<\/div>\n\t\t\t\t\t\t\t\t\t\n\t\t\t\t\t\t\t\t<\/div>\n\n\t\t\t\t\t\t\t<\/div>\n\n\t\t\t\t\t\t\n\t\t\t\t\t\n\n\n\t\t\t\t\t\n\t\t\t\t\n\t\t\t\t\t\n\n\n\t\t\t\t\t\n\t\t\t\t\t\t\n\t\t\t\t\t\t\t\n\t\t\t\t\t\t\t<div class=\"col-5 block bg-image default default\" style=\"background-image: linear-gradient(0deg, rgba(0,0,0,0.3), rgba(0,0,0,0.3)), url(https:\/\/nevask.eu\/wp-content\/uploads\/2025\/07\/vyroba-vonkajsich-zaluzii-neva03.webp)\">\n\n\t\t\t\t\t\t\t\t<div>\n\n\t\t\t\t\t\t\t\t\t\n\t\t\t\t\t\t\t\t\t\t\t\t\t\t\t\t\t\t\t<div><h4>Vopsitorie cu pulbere dedicat\u0103 accesoriilor<\/h4>\n<\/div>\n\t\t\t\t\t\t\t\t\t\n\t\t\t\t\t\t\t\t<\/div>\n\n\t\t\t\t\t\t\t<\/div>\n\n\t\t\t\t\t\t\n\t\t\t\t\t\n\n\n\t\t\t\t\t\n\t\t\t\t\n\t\t\t\n\t\t<\/div>\n\t<\/div>\n\n\n\n\t\n<\/div>\n\n\n\n\n\n<div  class=\"section white\">\n\n\t\n\n\n\t<div class=\"container\">\n\t\t<div class=\"grid-cols\">\n\n\t\t\t\n\t\t\t\t\n\t\t\t\t\t\n\n\n\t\t\t\t\t\n\t\t\t\t\t\t\n\t\t\t\t\t\t\t\n\t\t\t\t\t\t\t<div class=\"col-5 block bg-image default default\" style=\"background-image: linear-gradient(0deg, rgba(0,0,0,0.3), rgba(0,0,0,0.3)), url(https:\/\/nevask.eu\/wp-content\/uploads\/2025\/07\/vonkajsie-zaluzie-a-zipscrenove-rolety-neva-na-mieru.webp)\">\n\n\t\t\t\t\t\t\t\t<div>\n\n\t\t\t\t\t\t\t\t\t\n\t\t\t\t\t\t\t\t\t\t\t\t\t\t\t\t\t\t\t<div><h4>Lamele de tip C<\/h4>\n<\/div>\n\t\t\t\t\t\t\t\t\t\n\t\t\t\t\t\t\t\t<\/div>\n\n\t\t\t\t\t\t\t<\/div>\n\n\t\t\t\t\t\t\n\t\t\t\t\t\n\n\n\t\t\t\t\t\n\t\t\t\t\n\t\t\t\t\t\n\n\n\t\t\t\t\t\n\t\t\t\t\t\t\n\t\t\t\t\t\t\t\n\t\t\t\t\t\t\t<div class=\"col-7 block bg-image default default\" style=\"background-image: linear-gradient(0deg, rgba(0,0,0,0.3), rgba(0,0,0,0.3)), url(https:\/\/nevask.eu\/wp-content\/uploads\/2025\/07\/vyroba-vonkajsich-zaluzii-neva02.webp)\">\n\n\t\t\t\t\t\t\t\t<div>\n\n\t\t\t\t\t\t\t\t\t\n\t\t\t\t\t\t\t\t\t\t\t\t\t\t\t\t\t\t\t<div><h4>O privire \u00een procesul de fabrica\u021bie a jaluzelelor NEVA<\/h4>\n<\/div>\n\t\t\t\t\t\t\t\t\t\n\t\t\t\t\t\t\t\t<\/div>\n\n\t\t\t\t\t\t\t<\/div>\n\n\t\t\t\t\t\t\n\t\t\t\t\t\n\n\n\t\t\t\t\t\n\t\t\t\t\n\t\t\t\n\t\t<\/div>\n\t<\/div>\n\n\n\n\t\n<\/div>\n\n\n\n\n\n<div class=\"section white\">\n\t<div class=\"container\">\n\t\t<div class=\"cell\">\n\t\t\t<hr class=\"separator\">\n\t\t<\/div>\n\t<\/div>\n<\/div>\n\n\n\n\n\n<div  class=\"section dark\">\n\t<div class=\"container full left\">\n\t\t<div class=\"cell\">\n\t\t\t<p><img loading=\"lazy\" decoding=\"async\" class=\"alignnone wp-image-8254 size-full\" src=\"https:\/\/nevask.eu\/wp-content\/uploads\/2025\/07\/zaruka-skusenosti-neva-1.png\" alt=\"\" width=\"300\" height=\"105\" \/><\/p>\n\t\t<\/div>\n\t<\/div>\n<\/div>\n","protected":false},"excerpt":{"rendered":"","protected":false},"author":1,"featured_media":0,"parent":0,"menu_order":0,"comment_status":"closed","ping_status":"closed","template":"","meta":{"_acf_changed":false,"inline_featured_image":false,"footnotes":""},"class_list":["post-211","page","type-page","status-publish","hentry"],"acf":[],"yoast_head":"<!-- This site is optimized with the Yoast SEO plugin v27.5 - https:\/\/yoast.com\/product\/yoast-seo-wordpress\/ -->\n<title>Despre noi | NEVA - jaluzele \u0219i zipscreen<\/title>\n<meta name=\"description\" content=\"Oferim jaluzele \u0219i rulouri Zipscreen de \u00eenalt\u0103 calitate, pentru locuin\u021be, birouri \u0219i facilit\u0103\u021bi industriale, care vor func\u021biona decenii.\" \/>\n<meta name=\"robots\" content=\"index, follow, max-snippet:-1, max-image-preview:large, max-video-preview:-1\" \/>\n<link rel=\"canonical\" href=\"https:\/\/nevask.eu\/ro\/despre-neva\/\" \/>\n<meta property=\"og:locale\" content=\"ro_RO\" \/>\n<meta property=\"og:type\" content=\"article\" \/>\n<meta property=\"og:title\" content=\"Despre noi | NEVA - jaluzele \u0219i zipscreen\" \/>\n<meta property=\"og:description\" content=\"Oferim jaluzele \u0219i rulouri Zipscreen de \u00eenalt\u0103 calitate, pentru locuin\u021be, birouri \u0219i facilit\u0103\u021bi industriale, care vor func\u021biona decenii.\" \/>\n<meta property=\"og:url\" content=\"https:\/\/nevask.eu\/ro\/despre-neva\/\" \/>\n<meta property=\"og:site_name\" content=\"NEVA\" \/>\n<meta property=\"article:modified_time\" content=\"2025-09-12T08:09:18+00:00\" \/>\n<meta name=\"twitter:card\" content=\"summary_large_image\" \/>\n<meta name=\"twitter:label1\" content=\"Timp estimat pentru citire\" \/>\n\t<meta name=\"twitter:data1\" content=\"4 minute\" \/>\n<!-- \/ Yoast SEO plugin. -->","yoast_head_json":{"title":"Despre noi | NEVA - jaluzele \u0219i zipscreen","description":"Oferim jaluzele \u0219i rulouri Zipscreen de \u00eenalt\u0103 calitate, pentru locuin\u021be, birouri \u0219i facilit\u0103\u021bi industriale, care vor func\u021biona decenii.","robots":{"index":"index","follow":"follow","max-snippet":"max-snippet:-1","max-image-preview":"max-image-preview:large","max-video-preview":"max-video-preview:-1"},"canonical":"https:\/\/nevask.eu\/ro\/despre-neva\/","og_locale":"ro_RO","og_type":"article","og_title":"Despre noi | NEVA - jaluzele \u0219i zipscreen","og_description":"Oferim jaluzele \u0219i rulouri Zipscreen de \u00eenalt\u0103 calitate, pentru locuin\u021be, birouri \u0219i facilit\u0103\u021bi industriale, care vor func\u021biona decenii.","og_url":"https:\/\/nevask.eu\/ro\/despre-neva\/","og_site_name":"NEVA","article_modified_time":"2025-09-12T08:09:18+00:00","twitter_card":"summary_large_image","twitter_misc":{"Timp estimat pentru citire":"4 minute"},"schema":{"@context":"https:\/\/schema.org","@graph":[{"@type":"WebPage","@id":"https:\/\/nevask.eu\/ro\/despre-neva\/","url":"https:\/\/nevask.eu\/ro\/despre-neva\/","name":"Despre noi | NEVA - jaluzele \u0219i zipscreen","isPartOf":{"@id":"https:\/\/nevask.eu\/ro\/#website"},"datePublished":"2025-04-29T05:24:45+00:00","dateModified":"2025-09-12T08:09:18+00:00","description":"Oferim jaluzele \u0219i rulouri Zipscreen de \u00eenalt\u0103 calitate, pentru locuin\u021be, birouri \u0219i facilit\u0103\u021bi industriale, care vor func\u021biona decenii.","breadcrumb":{"@id":"https:\/\/nevask.eu\/ro\/despre-neva\/#breadcrumb"},"inLanguage":"ro-RO","potentialAction":[{"@type":"ReadAction","target":["https:\/\/nevask.eu\/ro\/despre-neva\/"]}]},{"@type":"BreadcrumbList","@id":"https:\/\/nevask.eu\/ro\/despre-neva\/#breadcrumb","itemListElement":[{"@type":"ListItem","position":1,"name":"Home","item":"https:\/\/nevask.eu\/ro\/"},{"@type":"ListItem","position":2,"name":"Despre NEVA"}]},{"@type":"WebSite","@id":"https:\/\/nevask.eu\/ro\/#website","url":"https:\/\/nevask.eu\/ro\/","name":"NEVA","description":"Vonkaj\u0161ie \u017eal\u00fazie a screenov\u00e9 rolety","potentialAction":[{"@type":"SearchAction","target":{"@type":"EntryPoint","urlTemplate":"https:\/\/nevask.eu\/ro\/?s={search_term_string}"},"query-input":{"@type":"PropertyValueSpecification","valueRequired":true,"valueName":"search_term_string"}}],"inLanguage":"ro-RO"}]}},"_links":{"self":[{"href":"https:\/\/nevask.eu\/ro\/wp-json\/wp\/v2\/pages\/211","targetHints":{"allow":["GET"]}}],"collection":[{"href":"https:\/\/nevask.eu\/ro\/wp-json\/wp\/v2\/pages"}],"about":[{"href":"https:\/\/nevask.eu\/ro\/wp-json\/wp\/v2\/types\/page"}],"author":[{"embeddable":true,"href":"https:\/\/nevask.eu\/ro\/wp-json\/wp\/v2\/users\/1"}],"replies":[{"embeddable":true,"href":"https:\/\/nevask.eu\/ro\/wp-json\/wp\/v2\/comments?post=211"}],"version-history":[{"count":6,"href":"https:\/\/nevask.eu\/ro\/wp-json\/wp\/v2\/pages\/211\/revisions"}],"predecessor-version":[{"id":10322,"href":"https:\/\/nevask.eu\/ro\/wp-json\/wp\/v2\/pages\/211\/revisions\/10322"}],"wp:attachment":[{"href":"https:\/\/nevask.eu\/ro\/wp-json\/wp\/v2\/media?parent=211"}],"curies":[{"name":"wp","href":"https:\/\/api.w.org\/{rel}","templated":true}]}}