{"id":219,"date":"2025-04-29T07:24:57","date_gmt":"2025-04-29T05:24:57","guid":{"rendered":"https:\/\/nevask.eu\/?page_id=219"},"modified":"2026-02-25T10:11:58","modified_gmt":"2026-02-25T09:11:58","slug":"acces-parteneri","status":"publish","type":"page","link":"https:\/\/nevask.eu\/ro\/acces-parteneri\/","title":{"rendered":"Acces parteneri"},"content":{"rendered":"\n\n\n\n\n\n<div class=\"section narrow white\">\n\t<div class=\"container\">\n\t\t<div class=\"cell\">\n\t\t\t<ul class=\"breadcrumbs\">\n\t\t\t\t<li><a href=\"https:\/\/nevask.eu\/ro\/\">Home<\/a><\/li>\n\n\t\t\t\t\n\t\t\t<\/ul>\n\t\t<\/div>\n\t<\/div>\n<\/div>\n\n\n\n\n\n<div  class=\"section white\">\n\n\t\n\n\n\t\n\t\t\t\t<div class=\"container products cols-50p tint\">\n\n\t\t\t\t\t\n\t\t\t\t\t\t<a class=\"cell\" href=\"https:\/\/eshop.neva.sk\/login\/nevask\/?lang=8\" target=\"_blank\">\n\t\t\t\t\t\t\t\n\n\n\t\t\t\t\t\t\t<div class=\"product-text\">\n\n\t\t\t\t\t\t\t\t<h2 class=\"u-text u-text-palette-2-base u-text-1\">PLATFORMA DE OFERTARE<\/h2>\n<p>Comanda\u021bi jaluzele exterioare sau rulouri zipscreen rapid \u0219i convenabil prin sistemul nostru de ofertare \u0219i comenzi online. Dac\u0103 sunte\u021bi interesa\u021bi de o solu\u021bie atipic\u0103, v\u0103 rug\u0103m s\u0103 contacta\u021bi direct distribuitorul din regiunea dumneavoastr\u0103.<\/p>\n\n\t\t\t\t\t\t\t\t\t\t\t\t\t\t\t\t\t<p><span class=\"inner-link\">ACCESARE&nbsp;&rarr;<\/span><\/p>\n\t\t\t\t\t\t\t\t\n\t\t\t\t\t\t\t<\/div>\n\n\n\n\t\t\t\t\t\t\t\n\t\t\t\t\t\t\t\t<div class=\"product-images product-images-r\">\n\n\t\t\t\t\t\t\t\t\t\t\t\t\t\t\t\t\t\t\t<img decoding=\"async\" class=\"ratio-1x1\" src=\"https:\/\/nevask.eu\/wp-content\/uploads\/2025\/07\/e-shop-600x600-c-center.png.webp\" alt=\"\">\n\t\t\t\t\t\t\t\t\t\n\t\t\t\t\t\t\t\t<\/div>\n\n\t\t\t\t\t\t\t\n\t\t\t\t\t\t<\/a>\n\t\t\t\t\t\n\t\t\t\t\t\t<a class=\"cell\" href=\"https:\/\/nevapartner.eu\/\" target=\"_blank\">\n\t\t\t\t\t\t\t\n\n\n\t\t\t\t\t\t\t<div class=\"product-text\">\n\n\t\t\t\t\t\t\t\t<h2>DOCUMENTA\u021aII TEHNICE<\/h2>\n<p>Documenta\u021bia noastr\u0103 tehnic\u0103 complet\u0103 pentru produsele noastre va servi drept suport de marketing, unde o pute\u021bi g\u0103si \u00eentr-un singur loc. Serviciul clien\u021bi include rezolvarea reclama\u021biilor, reclama\u021biilor \u0219i service-ul pentru produsele noastre.<\/p>\n\n\t\t\t\t\t\t\t\t\t\t\t\t\t\t\t\t\t<p><span class=\"inner-link\">ACCESARE&nbsp;&rarr;<\/span><\/p>\n\t\t\t\t\t\t\t\t\n\t\t\t\t\t\t\t<\/div>\n\n\n\n\t\t\t\t\t\t\t\n\t\t\t\t\t\t\t\t<div class=\"product-images product-images-r\">\n\n\t\t\t\t\t\t\t\t\t\t\t\t\t\t\t\t\t\t\t<img decoding=\"async\" class=\"ratio-1x1\" src=\"https:\/\/nevask.eu\/wp-content\/uploads\/2025\/08\/neva-partner-portal-1.png.webp\" alt=\"\">\n\t\t\t\t\t\t\t\t\t\n\t\t\t\t\t\t\t\t<\/div>\n\n\t\t\t\t\t\t\t\n\t\t\t\t\t\t<\/a>\n\t\t\t\t\t\n\t\t\t\t<\/div>\n\n\t\t\t\t\n<\/div>\n","protected":false},"excerpt":{"rendered":"","protected":false},"author":1,"featured_media":0,"parent":0,"menu_order":0,"comment_status":"closed","ping_status":"closed","template":"","meta":{"_acf_changed":false,"inline_featured_image":false,"footnotes":""},"class_list":["post-219","page","type-page","status-publish","hentry"],"acf":[],"yoast_head":"<!-- This site is optimized with the Yoast SEO plugin v27.5 - https:\/\/yoast.com\/product\/yoast-seo-wordpress\/ -->\n<title>Acces NEVA Partner | #nevapartner<\/title>\n<meta name=\"description\" content=\"Pentru partenerii de v\u00e2nz\u0103ri \u0219i instalare NEVA. Pentru informa\u021bii tehnice, v\u0103 rug\u0103m s\u0103 vizita\u021bi portalul Nevapartner sau s\u0103 v\u0103 conecta\u021bi la sistemul de comenzi.\" \/>\n<meta name=\"robots\" content=\"index, follow, max-snippet:-1, max-image-preview:large, max-video-preview:-1\" \/>\n<link rel=\"canonical\" href=\"https:\/\/nevask.eu\/ro\/acces-parteneri\/\" \/>\n<meta property=\"og:locale\" content=\"ro_RO\" \/>\n<meta property=\"og:type\" content=\"article\" \/>\n<meta property=\"og:title\" content=\"Acces NEVA Partner | #nevapartner\" \/>\n<meta property=\"og:description\" content=\"Pentru partenerii de v\u00e2nz\u0103ri \u0219i instalare NEVA. Pentru informa\u021bii tehnice, v\u0103 rug\u0103m s\u0103 vizita\u021bi portalul Nevapartner sau s\u0103 v\u0103 conecta\u021bi la sistemul de comenzi.\" \/>\n<meta property=\"og:url\" content=\"https:\/\/nevask.eu\/ro\/acces-parteneri\/\" \/>\n<meta property=\"og:site_name\" content=\"NEVA\" \/>\n<meta property=\"article:modified_time\" content=\"2026-02-25T09:11:58+00:00\" \/>\n<meta name=\"twitter:card\" content=\"summary_large_image\" \/>\n<meta name=\"twitter:label1\" content=\"Timp estimat pentru citire\" \/>\n\t<meta name=\"twitter:data1\" content=\"1 minut\" \/>\n<!-- \/ Yoast SEO plugin. -->","yoast_head_json":{"title":"Acces NEVA Partner | #nevapartner","description":"Pentru partenerii de v\u00e2nz\u0103ri \u0219i instalare NEVA. Pentru informa\u021bii tehnice, v\u0103 rug\u0103m s\u0103 vizita\u021bi portalul Nevapartner sau s\u0103 v\u0103 conecta\u021bi la sistemul de comenzi.","robots":{"index":"index","follow":"follow","max-snippet":"max-snippet:-1","max-image-preview":"max-image-preview:large","max-video-preview":"max-video-preview:-1"},"canonical":"https:\/\/nevask.eu\/ro\/acces-parteneri\/","og_locale":"ro_RO","og_type":"article","og_title":"Acces NEVA Partner | #nevapartner","og_description":"Pentru partenerii de v\u00e2nz\u0103ri \u0219i instalare NEVA. Pentru informa\u021bii tehnice, v\u0103 rug\u0103m s\u0103 vizita\u021bi portalul Nevapartner sau s\u0103 v\u0103 conecta\u021bi la sistemul de comenzi.","og_url":"https:\/\/nevask.eu\/ro\/acces-parteneri\/","og_site_name":"NEVA","article_modified_time":"2026-02-25T09:11:58+00:00","twitter_card":"summary_large_image","twitter_misc":{"Timp estimat pentru citire":"1 minut"},"schema":{"@context":"https:\/\/schema.org","@graph":[{"@type":"WebPage","@id":"https:\/\/nevask.eu\/ro\/acces-parteneri\/","url":"https:\/\/nevask.eu\/ro\/acces-parteneri\/","name":"Acces NEVA Partner | #nevapartner","isPartOf":{"@id":"https:\/\/nevask.eu\/ro\/#website"},"datePublished":"2025-04-29T05:24:57+00:00","dateModified":"2026-02-25T09:11:58+00:00","description":"Pentru partenerii de v\u00e2nz\u0103ri \u0219i instalare NEVA. Pentru informa\u021bii tehnice, v\u0103 rug\u0103m s\u0103 vizita\u021bi portalul Nevapartner sau s\u0103 v\u0103 conecta\u021bi la sistemul de comenzi.","breadcrumb":{"@id":"https:\/\/nevask.eu\/ro\/acces-parteneri\/#breadcrumb"},"inLanguage":"ro-RO","potentialAction":[{"@type":"ReadAction","target":["https:\/\/nevask.eu\/ro\/acces-parteneri\/"]}]},{"@type":"BreadcrumbList","@id":"https:\/\/nevask.eu\/ro\/acces-parteneri\/#breadcrumb","itemListElement":[{"@type":"ListItem","position":1,"name":"Home","item":"https:\/\/nevask.eu\/ro\/"},{"@type":"ListItem","position":2,"name":"Acces parteneri"}]},{"@type":"WebSite","@id":"https:\/\/nevask.eu\/ro\/#website","url":"https:\/\/nevask.eu\/ro\/","name":"NEVA","description":"Vonkaj\u0161ie \u017eal\u00fazie a screenov\u00e9 rolety","potentialAction":[{"@type":"SearchAction","target":{"@type":"EntryPoint","urlTemplate":"https:\/\/nevask.eu\/ro\/?s={search_term_string}"},"query-input":{"@type":"PropertyValueSpecification","valueRequired":true,"valueName":"search_term_string"}}],"inLanguage":"ro-RO"}]}},"_links":{"self":[{"href":"https:\/\/nevask.eu\/ro\/wp-json\/wp\/v2\/pages\/219","targetHints":{"allow":["GET"]}}],"collection":[{"href":"https:\/\/nevask.eu\/ro\/wp-json\/wp\/v2\/pages"}],"about":[{"href":"https:\/\/nevask.eu\/ro\/wp-json\/wp\/v2\/types\/page"}],"author":[{"embeddable":true,"href":"https:\/\/nevask.eu\/ro\/wp-json\/wp\/v2\/users\/1"}],"replies":[{"embeddable":true,"href":"https:\/\/nevask.eu\/ro\/wp-json\/wp\/v2\/comments?post=219"}],"version-history":[{"count":14,"href":"https:\/\/nevask.eu\/ro\/wp-json\/wp\/v2\/pages\/219\/revisions"}],"predecessor-version":[{"id":12676,"href":"https:\/\/nevask.eu\/ro\/wp-json\/wp\/v2\/pages\/219\/revisions\/12676"}],"wp:attachment":[{"href":"https:\/\/nevask.eu\/ro\/wp-json\/wp\/v2\/media?parent=219"}],"curies":[{"name":"wp","href":"https:\/\/api.w.org\/{rel}","templated":true}]}}