{"id":308,"date":"2025-04-17T13:01:14","date_gmt":"2025-04-17T11:01:14","guid":{"rendered":"https:\/\/nevask.eu\/?page_id=308"},"modified":"2025-09-01T11:20:19","modified_gmt":"2025-09-01T09:20:19","slug":"oferta-screen-neva","status":"publish","type":"page","link":"https:\/\/nevask.eu\/ro\/oferta-de-pret\/oferta-screen-neva\/","title":{"rendered":"Ofert\u0103 Screen NEVA"},"content":{"rendered":"\n\n\n\n\n\n<div class=\"section narrow white\">\n\t<div class=\"container\">\n\t\t<div class=\"cell\">\n\t\t\t<ul class=\"breadcrumbs\">\n\t\t\t\t<li><a href=\"https:\/\/nevask.eu\/ro\/\">Home<\/a><\/li>\n\n\t\t\t\t\n\t\t\t<\/ul>\n\t\t<\/div>\n\t<\/div>\n<\/div>\n\n\n\n\n\n<div  class=\"section tint\">\n\t<div class=\"container full left\">\n\t\t<div class=\"cell\">\n\t\t\t<h2>Solicita\u021bi o ofert\u0103 f\u0103r\u0103 obliga\u021bii pentru rulouri screen NEVA.<\/h2>\n<p class=\"p-large\">Rulourile screen sunt o solu\u021bie modern\u0103 \u0219i practic\u0103 pentru umbrirea ferestrelor sau pergolelor. Ob\u021bine\u021bi o ofert\u0103 de pre\u021b \u00een doar c\u00e2teva clicuri.<\/p>\n\t\t<\/div>\n\t<\/div>\n<\/div>\n\n\n\n\n\n<div  class=\"section white\">\n\t<div class=\"container col-70p-center\">\n\t\t<div class=\"cell\">\n\n\t\t\t\n<div class=\"neva-quotation-form roller-blinds-form\">\n    <form id=\"neva-roller-blinds-form\" class=\"quotation\" action=\"\" method=\"post\">\n        <div class=\"step\">\n            <h3>Pasul 1: Screen-uri pentru ferestre sau pentru pergol\u0103?<\/h3>\n\n            <div class=\"form-group\">\n                <label class=\"required\" style=\"display: none;\">Tipul ruloului screen<\/label>\n\n                <div class=\"form-radio-options radio-image-group\">\n\n                    \n                        <label>\n                            <input type=\"radio\" name=\"blinds_type\" value=\"window\" required>\n                            <div class=\"form-radio-desc\">\n                                <h5>Pentru fereastr\u0103<\/h5>\n                                <img decoding=\"async\" src=\"https:\/\/nevask.eu\/wp-content\/plugins\/neva-quotation\/assets\/images\/screen1.jpg\" alt=\"Pentru fereastr\u0103\">\n                            <\/div>\n                        <\/label>\n\n                    \n                        <label>\n                            <input type=\"radio\" name=\"blinds_type\" value=\"pergola\" required>\n                            <div class=\"form-radio-desc\">\n                                <h5>Pentru pergol\u0103<\/h5>\n                                <img decoding=\"async\" src=\"https:\/\/nevask.eu\/wp-content\/plugins\/neva-quotation\/assets\/images\/screen2.jpg\" alt=\"Pentru pergol\u0103\">\n                            <\/div>\n                        <\/label>\n\n                    \n                <\/div>\n            <\/div>\n        <\/div>\n\n\n\n        <div class=\"step\">\n            <h3>Pasul 2: Alege\u021bi gradul de umbrire<\/h3>\n\n            <div class=\"form-group\">\n                <label class=\"required\" style=\"display: none;\">Gradul de umbrire<\/label>\n\n                <div class=\"form-radio-options radio-image-group\">\n\n                    \n                        <label>\n                            <input type=\"radio\" name=\"filtering_level\" value=\"standard\" required>\n                            <div class=\"form-radio-desc\">\n                                <h5>Grad standard de umbrire<\/h5>\n                                <p>Gam\u0103 larg\u0103 de \u021bes\u0103turi<br><strong>f\u0103r\u0103 cost suplimentar<\/strong><\/p>\n                                <img decoding=\"async\" src=\"https:\/\/nevask.eu\/wp-content\/plugins\/neva-quotation\/assets\/images\/blackout1b.jpg\" alt=\"Grad standard de umbrire\">\n                            <\/div>\n                        <\/label>\n\n                    \n                        <label>\n                            <input type=\"radio\" name=\"filtering_level\" value=\"blackout\" required>\n                            <div class=\"form-radio-desc\">\n                                <h5>Grad maxim de umbrire<\/h5>\n                                <p>\u021aes\u0103tur\u0103 blackout<br><strong>s pr\u00edplatkom<\/strong><\/p>\n                                <img decoding=\"async\" src=\"https:\/\/nevask.eu\/wp-content\/plugins\/neva-quotation\/assets\/images\/blackout2b.jpg\" alt=\"Grad maxim de umbrire\">\n                            <\/div>\n                        <\/label>\n\n                    \n                <\/div>\n            <\/div>\n        <\/div>\n\n\n\n        <div class=\"step\">\n            <h3>Pasul 3: Introduce\u021bi dimensiunile rulourilor<\/h3>\n\n            <div class=\"form-row form-group\">\n                <label for=\"measurements\" class=\"required\">Introduce\u021bi dimensiunile \u00een formatul (l\u0103\u021bime x \u00een\u0103l\u021bime \u00een mm)<\/label>\n                <textarea id=\"measurements\" name=\"measurements\" rows=\"5\" required><\/textarea>\n            <\/div>\n        <\/div>\n\n\n\n        <div class=\"step\">\n            <h3>Date de contact pentru transmiterea ofertei<\/h3>\n\n            <div class=\"form-row cols-50p\">\n                <div class=\"form-group\">\n                    <label for=\"customer_first_name\" class=\"required\">Prenume<\/label>\n                    <input type=\"text\" id=\"customer_first_name\" name=\"customer_first_name\" required>\n                <\/div>\n\n                <div class=\"form-group\">\n                    <label for=\"customer_last_name\" class=\"required\">Nume<\/label>\n                    <input type=\"text\" id=\"customer_last_name\" name=\"customer_last_name\" required>\n                <\/div>\n            <\/div>\n\n            <div class=\"form-row cols-50p\">\n                <div class=\"form-group\">\n                    <label for=\"customer_email\" class=\"required\">E-mail<\/label>\n                    <input type=\"email\" id=\"customer_email\" name=\"customer_email\" required>\n                <\/div>\n\n                <div class=\"form-group\">\n                    <label for=\"customer_phone\" class=\"required\">Telefon<\/label>\n                    <input type=\"tel\" id=\"customer_phone\" name=\"customer_phone\" required>\n                <\/div>\n            <\/div>\n\n            <div class=\"form-row cols-50p\">\n                <div class=\"form-group\">\n                    <label for=\"customer_city\" class=\"required\">Localitatea<\/label>\n                    <input type=\"text\" id=\"customer_city\" name=\"customer_city\" required>\n\n                    <input type=\"hidden\" name=\"customer_street\" value=\"\">\n                <\/div>\n\n                <div class=\"form-group\">\n                    <label for=\"customer_zip\" class=\"required\">Jude\u021b<\/label>\n                    <input type=\"text\" id=\"customer_zip\" name=\"customer_zip\" required>\n                <\/div>\n            <\/div>\n\n            <div class=\"form-row form-group\">\n                <label for=\"customer_note\">Not\u0103<\/label>\n                <textarea id=\"customer_note\" name=\"customer_note\" rows=\"4\"><\/textarea>\n            <\/div>\n\n            <div class=\"form-row\">\n                <label class=\"form-checkbox\">\n                    <div>\n                        <input type=\"checkbox\" name=\"customer_agreement\" data-label=\"Prelucrarea datelor cu caracter personal.\" required>\n                    <\/div>\n                    <div class=\"form-checkbox-desc\">\n                        <p class=\"p-small\">Prin prezen\u021b\u0103, \u00eemi dau acordul ca societatea NEVA SK, s.r.o. (CUI: 47060701) s\u0103 prelucreze datele mele cu caracter personal \u00een scopul \u00eentocmirii unei oferte de pre\u021b, conform Regulamentului (UE) 2016\/679 (GDPR) \u0219i legisla\u021biei na\u021bionale aplicabile, respectiv Legea nr. 190\/2018 privind punerea \u00een aplicare a GDPR. Compania este autorizat\u0103 s\u0103 transmit\u0103 aceste date partenerului s\u0103u contractual. \u00cemi pot retrage oric\u00e2nd consim\u021b\u0103m\u00e2ntul printr-un email la adresa gdpr@nevask.eu.<\/p>\n                    <\/div>\n                <\/label>\n            <\/div>\n\n\n\n            <div class=\"form-submit center\">\n                <input type=\"hidden\" id=\"nonce\" name=\"nonce\" value=\"914afbef09\" \/><input type=\"hidden\" name=\"_wp_http_referer\" value=\"\/ro\/wp-json\/wp\/v2\/pages\/308\" \/>                <input type=\"hidden\" name=\"form_type\" value=\"roller_blinds\">\n                <input type=\"hidden\" name=\"language_code\" value=\"ro\">\n\n                <!-- Vendor ID is handled client-side via JavaScript -->\n\n                <input class=\"button button-large submit-button\" type=\"submit\" value=\"Trimite f\u0103r\u0103 angajament\">\n            <\/div>\n        <\/div>\n\n\n\n        <div class=\"form-messages\"><\/div>\n    <\/form>\n<\/div>\n\n\t\t<\/div>\n\t<\/div>\n<\/div>\n\n\n\n\n\n<div class=\"section white\">\n\t<div class=\"container\">\n\t\t<div class=\"cell\">\n\t\t\t<hr class=\"separator\">\n\t\t<\/div>\n\t<\/div>\n<\/div>\n\n\n\n\n\n<div  class=\"section white\">\n\n\t\n\n\n\t<div class=\"container text-blocks text-blocks-border text-blocks-slider\">\n\n\t\t\n\t\t\t\n\t\t\t\t<div class=\"cell\">\n\n\t\t\t\t\t\n\t\t\t\t\t\t<div class=\"icon-title\">\n\n\t\t\t\t\t\t\t\t\t\t\t\t\t\t\t<img decoding=\"async\" src=\"https:\/\/nevask.eu\/wp-content\/uploads\/2025\/06\/google.png\" alt=\"Google icon\">\n\t\t\t\t\t\t\t\n\t\t\t\t\t\t\t<div>\n\n\t\t\t\t\t\t\t\t\t\t\t\t\t\t\t\t\t<div class=\"h5\">Alexandru<\/div>\n\t\t\t\t\t\t\t\t\n\t\t\t\t\t\t\t\t\t\t\t\t\t\t\t\t\t<img loading=\"lazy\" decoding=\"async\" src=\"https:\/\/nevask.eu\/wp-content\/themes\/neva\/images\/stars.png\" width=\"92\" height=\"15\" alt=\"\">\n\t\t\t\t\t\t\t\t\n\t\t\t\t\t\t\t<\/div>\n\t\t\t\t\t\t<\/div>\n\n\t\t\t\t\t\n\n\n\t\t\t\t\t<p>Un produc\u0103tor pe m\u0103sura a\u0219tept\u0103rilor mele , am f\u0103cut un drum de c\u00e2teva ore pentru a vizita acest produc\u0103tor ! Dac\u0103 e\u0219ti \u00een domeniul lor de activitate , \u00ee\u021bi recomand s\u0103 faci o vizit\u0103 la ei \u0219i s\u0103 ajungi la un parteneriat ! Recomand produsele Neva !<\/p>\n\n\t\t\t\t<\/div>\n\n\t\t\t\n\t\t\t\t<div class=\"cell\">\n\n\t\t\t\t\t\n\t\t\t\t\t\t<div class=\"icon-title\">\n\n\t\t\t\t\t\t\t\t\t\t\t\t\t\t\t<img decoding=\"async\" src=\"https:\/\/nevask.eu\/wp-content\/uploads\/2025\/06\/google.png\" alt=\"Google icon\">\n\t\t\t\t\t\t\t\n\t\t\t\t\t\t\t<div>\n\n\t\t\t\t\t\t\t\t\t\t\t\t\t\t\t\t\t<div class=\"h5\">Odysseiro STUDIO<\/div>\n\t\t\t\t\t\t\t\t\n\t\t\t\t\t\t\t\t\t\t\t\t\t\t\t\t\t<img loading=\"lazy\" decoding=\"async\" src=\"https:\/\/nevask.eu\/wp-content\/themes\/neva\/images\/stars.png\" width=\"92\" height=\"15\" alt=\"\">\n\t\t\t\t\t\t\t\t\n\t\t\t\t\t\t\t<\/div>\n\t\t\t\t\t\t<\/div>\n\n\t\t\t\t\t\n\n\n\t\t\t\t\t<p>Comunicare, suport tehnic produse premium.<\/p>\n\n\t\t\t\t<\/div>\n\n\t\t\t\n\t\t\t\t<div class=\"cell\">\n\n\t\t\t\t\t\n\t\t\t\t\t\t<div class=\"icon-title\">\n\n\t\t\t\t\t\t\t\t\t\t\t\t\t\t\t<img decoding=\"async\" src=\"https:\/\/nevask.eu\/wp-content\/uploads\/2025\/06\/google.png\" alt=\"Google icon\">\n\t\t\t\t\t\t\t\n\t\t\t\t\t\t\t<div>\n\n\t\t\t\t\t\t\t\t\t\t\t\t\t\t\t\t\t<div class=\"h5\">Ioan<\/div>\n\t\t\t\t\t\t\t\t\n\t\t\t\t\t\t\t\t\t\t\t\t\t\t\t\t\t<img loading=\"lazy\" decoding=\"async\" src=\"https:\/\/nevask.eu\/wp-content\/themes\/neva\/images\/stars.png\" width=\"92\" height=\"15\" alt=\"\">\n\t\t\t\t\t\t\t\t\n\t\t\t\t\t\t\t<\/div>\n\t\t\t\t\t\t<\/div>\n\n\t\t\t\t\t\n\n\n\t\t\t\t\t<p>Se vede clar aten\u021bia la detalii \u0219i preocuparea pentru durabilitate. Este genul de investi\u021bie care aduce valoare real\u0103 casei, nu doar estetic, ci \u0219i practic. Recomand cu \u00eencredere celor care caut\u0103 solu\u021bii de calitate superioar\u0103 \u0219i produse pe care te po\u021bi baza ani de zile.<\/p>\n\n\t\t\t\t<\/div>\n\n\t\t\t\n\t\t\t\t<div class=\"cell\">\n\n\t\t\t\t\t\n\t\t\t\t\t\t<div class=\"icon-title\">\n\n\t\t\t\t\t\t\t\n\t\t\t\t\t\t\t<div>\n\n\t\t\t\t\t\t\t\t\t\t\t\t\t\t\t\t\t<div class=\"h5\">Adrian<\/div>\n\t\t\t\t\t\t\t\t\n\t\t\t\t\t\t\t\t\t\t\t\t\t\t\t\t\t<img loading=\"lazy\" decoding=\"async\" src=\"https:\/\/nevask.eu\/wp-content\/themes\/neva\/images\/stars.png\" width=\"92\" height=\"15\" alt=\"\">\n\t\t\t\t\t\t\t\t\n\t\t\t\t\t\t\t<\/div>\n\t\t\t\t\t\t<\/div>\n\n\t\t\t\t\t\n\n\n\t\t\t\t\t<p>The BEST !<\/p>\n\n\t\t\t\t<\/div>\n\n\t\t\t\n\t\t\t\t<div class=\"cell\">\n\n\t\t\t\t\t\n\t\t\t\t\t\t<div class=\"icon-title\">\n\n\t\t\t\t\t\t\t\t\t\t\t\t\t\t\t<img decoding=\"async\" src=\"https:\/\/nevask.eu\/wp-content\/uploads\/2025\/06\/google.png\" alt=\"Google icon\">\n\t\t\t\t\t\t\t\n\t\t\t\t\t\t\t<div>\n\n\t\t\t\t\t\t\t\t\t\t\t\t\t\t\t\t\t<div class=\"h5\">Tartan<\/div>\n\t\t\t\t\t\t\t\t\n\t\t\t\t\t\t\t\t\t\t\t\t\t\t\t\t\t<img loading=\"lazy\" decoding=\"async\" src=\"https:\/\/nevask.eu\/wp-content\/themes\/neva\/images\/stars.png\" width=\"92\" height=\"15\" alt=\"\">\n\t\t\t\t\t\t\t\t\n\t\t\t\t\t\t\t<\/div>\n\t\t\t\t\t\t<\/div>\n\n\t\t\t\t\t\n\n\n\t\t\t\t\t<p>\ud83d\udc4c\ud83d\udc4d\u2026<\/p>\n\n\t\t\t\t<\/div>\n\n\t\t\t\n\t\t\n\t<\/div>\n<\/div>\n","protected":false},"excerpt":{"rendered":"","protected":false},"author":1,"featured_media":10816,"parent":207,"menu_order":0,"comment_status":"closed","ping_status":"closed","template":"","meta":{"_acf_changed":false,"inline_featured_image":false,"footnotes":""},"class_list":["post-308","page","type-page","status-publish","has-post-thumbnail","hentry"],"acf":[],"yoast_head":"<!-- This site is optimized with the Yoast SEO plugin v27.5 - https:\/\/yoast.com\/product\/yoast-seo-wordpress\/ -->\n<title>Cerere f\u0103r\u0103 obligativitate pentru rulouri Screen NEVA | nevask.eu<\/title>\n<meta name=\"description\" content=\"Z\u00edskajte nez\u00e1v\u00e4zn\u00fa cenov\u00fa ponuku pomocou n\u00e1\u0161ho jednoduch\u00e9ho formul\u00e1ra. Vyberte si typ screenu a zadajte rozmery. Ostatn\u00e9 nechajte na n\u00e1s.\" \/>\n<meta name=\"robots\" content=\"index, follow, max-snippet:-1, max-image-preview:large, max-video-preview:-1\" \/>\n<link rel=\"canonical\" href=\"https:\/\/nevask.eu\/ro\/oferta-de-pret\/oferta-screen-neva\/\" \/>\n<meta property=\"og:locale\" content=\"ro_RO\" \/>\n<meta property=\"og:type\" content=\"article\" \/>\n<meta property=\"og:title\" content=\"Cerere f\u0103r\u0103 obligativitate pentru rulouri Screen NEVA | nevask.eu\" \/>\n<meta property=\"og:description\" content=\"Z\u00edskajte nez\u00e1v\u00e4zn\u00fa cenov\u00fa ponuku pomocou n\u00e1\u0161ho jednoduch\u00e9ho formul\u00e1ra. Vyberte si typ screenu a zadajte rozmery. Ostatn\u00e9 nechajte na n\u00e1s.\" \/>\n<meta property=\"og:url\" content=\"https:\/\/nevask.eu\/ro\/oferta-de-pret\/oferta-screen-neva\/\" \/>\n<meta property=\"og:site_name\" content=\"NEVA\" \/>\n<meta property=\"article:modified_time\" content=\"2025-09-01T09:20:19+00:00\" \/>\n<meta name=\"twitter:card\" content=\"summary_large_image\" \/>\n<meta name=\"twitter:label1\" content=\"Timp estimat pentru citire\" \/>\n\t<meta name=\"twitter:data1\" content=\"3 minute\" \/>\n<!-- \/ Yoast SEO plugin. -->","yoast_head_json":{"title":"Cerere f\u0103r\u0103 obligativitate pentru rulouri Screen NEVA | nevask.eu","description":"Z\u00edskajte nez\u00e1v\u00e4zn\u00fa cenov\u00fa ponuku pomocou n\u00e1\u0161ho jednoduch\u00e9ho formul\u00e1ra. Vyberte si typ screenu a zadajte rozmery. Ostatn\u00e9 nechajte na n\u00e1s.","robots":{"index":"index","follow":"follow","max-snippet":"max-snippet:-1","max-image-preview":"max-image-preview:large","max-video-preview":"max-video-preview:-1"},"canonical":"https:\/\/nevask.eu\/ro\/oferta-de-pret\/oferta-screen-neva\/","og_locale":"ro_RO","og_type":"article","og_title":"Cerere f\u0103r\u0103 obligativitate pentru rulouri Screen NEVA | nevask.eu","og_description":"Z\u00edskajte nez\u00e1v\u00e4zn\u00fa cenov\u00fa ponuku pomocou n\u00e1\u0161ho jednoduch\u00e9ho formul\u00e1ra. Vyberte si typ screenu a zadajte rozmery. Ostatn\u00e9 nechajte na n\u00e1s.","og_url":"https:\/\/nevask.eu\/ro\/oferta-de-pret\/oferta-screen-neva\/","og_site_name":"NEVA","article_modified_time":"2025-09-01T09:20:19+00:00","twitter_card":"summary_large_image","twitter_misc":{"Timp estimat pentru citire":"3 minute"},"schema":{"@context":"https:\/\/schema.org","@graph":[{"@type":"WebPage","@id":"https:\/\/nevask.eu\/ro\/oferta-de-pret\/oferta-screen-neva\/","url":"https:\/\/nevask.eu\/ro\/oferta-de-pret\/oferta-screen-neva\/","name":"Cerere f\u0103r\u0103 obligativitate pentru rulouri Screen NEVA | nevask.eu","isPartOf":{"@id":"https:\/\/nevask.eu\/ro\/#website"},"primaryImageOfPage":{"@id":"https:\/\/nevask.eu\/ro\/oferta-de-pret\/oferta-screen-neva\/#primaryimage"},"image":{"@id":"https:\/\/nevask.eu\/ro\/oferta-de-pret\/oferta-screen-neva\/#primaryimage"},"thumbnailUrl":"https:\/\/nevask.eu\/wp-content\/uploads\/2025\/09\/NEVA_titulka-SK.jpg.webp","datePublished":"2025-04-17T11:01:14+00:00","dateModified":"2025-09-01T09:20:19+00:00","description":"Z\u00edskajte nez\u00e1v\u00e4zn\u00fa cenov\u00fa ponuku pomocou n\u00e1\u0161ho jednoduch\u00e9ho formul\u00e1ra. Vyberte si typ screenu a zadajte rozmery. Ostatn\u00e9 nechajte na n\u00e1s.","breadcrumb":{"@id":"https:\/\/nevask.eu\/ro\/oferta-de-pret\/oferta-screen-neva\/#breadcrumb"},"inLanguage":"ro-RO","potentialAction":[{"@type":"ReadAction","target":["https:\/\/nevask.eu\/ro\/oferta-de-pret\/oferta-screen-neva\/"]}]},{"@type":"ImageObject","inLanguage":"ro-RO","@id":"https:\/\/nevask.eu\/ro\/oferta-de-pret\/oferta-screen-neva\/#primaryimage","url":"https:\/\/nevask.eu\/wp-content\/uploads\/2025\/09\/NEVA_titulka-SK.jpg.webp","contentUrl":"https:\/\/nevask.eu\/wp-content\/uploads\/2025\/09\/NEVA_titulka-SK.jpg.webp","width":1200,"height":630,"caption":"Logo NEVA Zatienime kvalitou"},{"@type":"BreadcrumbList","@id":"https:\/\/nevask.eu\/ro\/oferta-de-pret\/oferta-screen-neva\/#breadcrumb","itemListElement":[{"@type":"ListItem","position":1,"name":"Home","item":"https:\/\/nevask.eu\/ro\/"},{"@type":"ListItem","position":2,"name":"Oferta de pre\u021b","item":"https:\/\/nevask.eu\/ro\/oferta-de-pret\/"},{"@type":"ListItem","position":3,"name":"Ofert\u0103 Screen NEVA"}]},{"@type":"WebSite","@id":"https:\/\/nevask.eu\/ro\/#website","url":"https:\/\/nevask.eu\/ro\/","name":"NEVA","description":"Vonkaj\u0161ie \u017eal\u00fazie a screenov\u00e9 rolety","potentialAction":[{"@type":"SearchAction","target":{"@type":"EntryPoint","urlTemplate":"https:\/\/nevask.eu\/ro\/?s={search_term_string}"},"query-input":{"@type":"PropertyValueSpecification","valueRequired":true,"valueName":"search_term_string"}}],"inLanguage":"ro-RO"}]}},"_links":{"self":[{"href":"https:\/\/nevask.eu\/ro\/wp-json\/wp\/v2\/pages\/308","targetHints":{"allow":["GET"]}}],"collection":[{"href":"https:\/\/nevask.eu\/ro\/wp-json\/wp\/v2\/pages"}],"about":[{"href":"https:\/\/nevask.eu\/ro\/wp-json\/wp\/v2\/types\/page"}],"author":[{"embeddable":true,"href":"https:\/\/nevask.eu\/ro\/wp-json\/wp\/v2\/users\/1"}],"replies":[{"embeddable":true,"href":"https:\/\/nevask.eu\/ro\/wp-json\/wp\/v2\/comments?post=308"}],"version-history":[{"count":5,"href":"https:\/\/nevask.eu\/ro\/wp-json\/wp\/v2\/pages\/308\/revisions"}],"predecessor-version":[{"id":9956,"href":"https:\/\/nevask.eu\/ro\/wp-json\/wp\/v2\/pages\/308\/revisions\/9956"}],"up":[{"embeddable":true,"href":"https:\/\/nevask.eu\/ro\/wp-json\/wp\/v2\/pages\/207"}],"wp:featuredmedia":[{"embeddable":true,"href":"https:\/\/nevask.eu\/ro\/wp-json\/wp\/v2\/media\/10816"}],"wp:attachment":[{"href":"https:\/\/nevask.eu\/ro\/wp-json\/wp\/v2\/media?parent=308"}],"curies":[{"name":"wp","href":"https:\/\/api.w.org\/{rel}","templated":true}]}}