{"id":8206,"date":"2025-07-02T14:28:13","date_gmt":"2025-07-02T12:28:13","guid":{"rendered":"https:\/\/nevask.eu\/?page_id=8206"},"modified":"2026-04-17T10:50:52","modified_gmt":"2026-04-17T08:50:52","slug":"acasa","status":"publish","type":"page","link":"https:\/\/nevask.eu\/ro\/","title":{"rendered":"Acasa"},"content":{"rendered":"\n\n\n<div  class=\"section hero\">\n\t<div class=\"container col-45p\">\n\t\t<div class=\"cell transparent-dark \">\n\n\t\t\t<div class=\"p1 h1 h2\"><img loading=\"lazy\" decoding=\"async\" class=\"alignnone wp-image-8207 size-medium\" src=\"https:\/\/nevask.eu\/wp-content\/uploads\/2025\/07\/claim-ro-white-300x46.png\" alt=\"\" width=\"300\" height=\"46\" srcset=\"https:\/\/nevask.eu\/wp-content\/uploads\/2025\/07\/claim-ro-white-300x46.png 300w, https:\/\/nevask.eu\/wp-content\/uploads\/2025\/07\/claim-ro-white-1024x156.png 1024w, https:\/\/nevask.eu\/wp-content\/uploads\/2025\/07\/claim-ro-white-768x117.png 768w, https:\/\/nevask.eu\/wp-content\/uploads\/2025\/07\/claim-ro-white-1536x234.png 1536w, https:\/\/nevask.eu\/wp-content\/uploads\/2025\/07\/claim-ro-white-2048x312.png 2048w\" sizes=\"auto, (max-width: 300px) 100vw, 300px\" \/><\/div>\n<p>Pentru noi fiecare detaliu este important, atunci c\u00e2nd vine vorba de \u200btehnica de umbrire \u00een exterior. Folosim materiale \u0219i componente de cea mai \u00eenalt\u0103 calitate. Drept urmare, produsele NEVA\u00ae servesc clien\u021bii no\u0219tri \u00een mod fiabil timp de decenii.<\/p>\n\n\t\t\t\t\t\t\t<a href=\"https:\/\/nevask.eu\/ro\/oferta-de-pret\/oferta-jaluzele-neva\/\" target=\"\" class=\"button\">Oferta de pre\u021b \u2192<\/a>\n\t\t\t\n\t\t<\/div>\n\n\n\n\t\t<div class=\"bg-hero-slider\">\n\n\t\t\t\n\t\t\t\t\t\t\t\t\t<img decoding=\"async\" width=\"1335\" height=\"751\" src=\"https:\/\/nevask.eu\/wp-content\/uploads\/2025\/09\/NEVA_zaluzie_screeny_titulka_web_m.jpg.webp\" class=\"bg-hero\" alt=\"Modern\u00fd dom s vonkaj\u0161\u00edmi \u017eal\u00faziami NEVA\" fetchpriority=\"high\" srcset=\"https:\/\/nevask.eu\/wp-content\/uploads\/2025\/09\/NEVA_zaluzie_screeny_titulka_web_m.jpg.webp 1335w, https:\/\/nevask.eu\/wp-content\/uploads\/2025\/09\/NEVA_zaluzie_screeny_titulka_web_m-300x169.jpg.webp 300w, https:\/\/nevask.eu\/wp-content\/uploads\/2025\/09\/NEVA_zaluzie_screeny_titulka_web_m-1024x576.jpg.webp 1024w, https:\/\/nevask.eu\/wp-content\/uploads\/2025\/09\/NEVA_zaluzie_screeny_titulka_web_m-768x432.jpg.webp 768w\" sizes=\"(max-width: 1335px) 100vw, 1335px\" \/>\t\t\t\t\n\t\t\t\n\t\t<\/div>\n\t<\/div>\n<\/div>\n\n\n\n\n\n<div  class=\"section white\">\n\n\t\n\t\t<div class=\"container intro\">\n\t\t\t<div class=\"cell\">\n\t\t\t\t<h1>Jaluzele exterioare \u0219i rulouri screen NEVA<\/h1>\n\t\t\t<\/div>\n\t\t<\/div>\n\n\t\n\n\n\t<div class=\"container\">\n\t\t<div class=\"grid-cols\">\n\n\t\t\t\n\t\t\t\t\n\t\t\t\t\t\n\n\n\t\t\t\t\t\n\t\t\t\t\t\t\n\t\t\t\t\t\t\t\n\t\t\t\t\t\t\t<a href=\"https:\/\/nevask.eu\/ro\/jaluzele-exterioare-neva\/\" class=\"col-6 block bg-image default default\" style=\"background-image: linear-gradient(0deg, rgba(0,0,0,0.3), rgba(0,0,0,0.3)), url(https:\/\/nevask.eu\/wp-content\/uploads\/2025\/06\/neva-homepage-venkovni-zaluzie.jpg.webp)\">\n\n\t\t\t\t\t\t\t\t<div>\n\n\t\t\t\t\t\t\t\t\t\n\t\t\t\t\t\t\t\t\t\t\t\t\t\t\t\t\t\t\t<div><div class=\"h2 h3\">JALUZELE EXTERIOARE<\/div>\n<\/div>\n\t\t\t\t\t\t\t\t\t\n\t\t\t\t\t\t\t\t<\/div>\n\n\t\t\t\t\t\t\t<\/a>\n\n\t\t\t\t\t\t\n\t\t\t\t\t\n\n\n\t\t\t\t\t\n\t\t\t\t\n\t\t\t\t\t\n\n\n\t\t\t\t\t\n\t\t\t\t\t\t\n\t\t\t\t\t\t\t\n\t\t\t\t\t\t\t<a href=\"https:\/\/nevask.eu\/ro\/rulouri-screen-neva\/\" class=\"col-6 block bg-image default default\" style=\"background-image: linear-gradient(0deg, rgba(0,0,0,0.3), rgba(0,0,0,0.3)), url(https:\/\/nevask.eu\/wp-content\/uploads\/2025\/06\/neva-latky-screenovych-rolet-940x470-1.jpg.webp)\">\n\n\t\t\t\t\t\t\t\t<div>\n\n\t\t\t\t\t\t\t\t\t\n\t\t\t\t\t\t\t\t\t\t\t\t\t\t\t\t\t\t\t<div><div class=\"h3\">RULOURI SCREEN<\/div>\n<\/div>\n\t\t\t\t\t\t\t\t\t\n\t\t\t\t\t\t\t\t<\/div>\n\n\t\t\t\t\t\t\t<\/a>\n\n\t\t\t\t\t\t\n\t\t\t\t\t\n\n\n\t\t\t\t\t\n\t\t\t\t\n\t\t\t\t\t\n\n\n\t\t\t\t\t\n\t\t\t\t\t\t\n\t\t\t\t\t\t\t\n\t\t\t\t\t\t\t<a href=\"https:\/\/nevask.eu\/ro\/jaluzele-exterioare-neva\/jaluzele-fatada-neva\/\" class=\"col-4 block bg-image default default\" style=\"background-image: linear-gradient(0deg, rgba(0,0,0,0.3), rgba(0,0,0,0.3)), url(https:\/\/nevask.eu\/wp-content\/uploads\/2025\/06\/TOM4243kopie.jpg.webp)\">\n\n\t\t\t\t\t\t\t\t<div>\n\n\t\t\t\t\t\t\t\t\t\n\t\t\t\t\t\t\t\t\t\t\t\t\t\t\t\t\t\t\t<div><div class=\"h3\">JALUZELE DE FA\u021aAD\u0102<\/div>\n<\/div>\n\t\t\t\t\t\t\t\t\t\n\t\t\t\t\t\t\t\t<\/div>\n\n\t\t\t\t\t\t\t<\/a>\n\n\t\t\t\t\t\t\n\t\t\t\t\t\n\n\n\t\t\t\t\t\n\t\t\t\t\n\t\t\t\t\t\n\n\n\t\t\t\t\t\n\t\t\t\t\t\t\n\t\t\t\t\t\t\t\n\t\t\t\t\t\t\t<a href=\"https:\/\/nevask.eu\/ro\/jaluzele-exterioare-neva\/sisteme-autoportante\/\" class=\"col-4 block bg-image default default\" style=\"background-image: linear-gradient(0deg, rgba(0,0,0,0.3), rgba(0,0,0,0.3)), url(https:\/\/nevask.eu\/wp-content\/uploads\/2025\/06\/neva-homepage-samonosne-systemy.jpg.webp)\">\n\n\t\t\t\t\t\t\t\t<div>\n\n\t\t\t\t\t\t\t\t\t\n\t\t\t\t\t\t\t\t\t\t\t\t\t\t\t\t\t\t\t<div><div class=\"h3\">SISTEME AUTOPORTANTE<\/div>\n<\/div>\n\t\t\t\t\t\t\t\t\t\n\t\t\t\t\t\t\t\t<\/div>\n\n\t\t\t\t\t\t\t<\/a>\n\n\t\t\t\t\t\t\n\t\t\t\t\t\n\n\n\t\t\t\t\t\n\t\t\t\t\n\t\t\t\t\t\n\n\n\t\t\t\t\t\n\t\t\t\t\t\t\n\t\t\t\t\t\t\t\n\t\t\t\t\t\t\t<a href=\"https:\/\/nevask.eu\/ro\/control-casa-inteligenta\/\" class=\"col-4 block bg-image default default\" style=\"background-image: linear-gradient(0deg, rgba(0,0,0,0.3), rgba(0,0,0,0.3)), url(https:\/\/nevask.eu\/wp-content\/uploads\/2025\/06\/roma-header-somfy-TaHoma_Switch.jpg.webp)\">\n\n\t\t\t\t\t\t\t\t<div>\n\n\t\t\t\t\t\t\t\t\t\n\t\t\t\t\t\t\t\t\t\t\t\t\t\t\t\t\t\t\t<div><div class=\"h3\">SMART HOME<br \/>\n&amp; ELECTRONIC\u0102<\/div>\n<\/div>\n\t\t\t\t\t\t\t\t\t\n\t\t\t\t\t\t\t\t<\/div>\n\n\t\t\t\t\t\t\t<\/a>\n\n\t\t\t\t\t\t\n\t\t\t\t\t\n\n\n\t\t\t\t\t\n\t\t\t\t\n\t\t\t\n\t\t<\/div>\n\t<\/div>\n\n\n\n\t\n<\/div>\n\n\n\n\n\n\n\n\n<div  class=\"section dark\">\n\n\t\n\t\t\t<div class=\"container col-70p-center center\">\n\t\t\t\t<div class=\"cell\">\n\t\t\t\t\t\n\t\t<h3 class=\"h2\" style=\"text-align: left\">Ofert\u0103 de pre\u021b f\u0103r\u0103 nicio obliga\u021bie<\/h3>\n<p style=\"text-align: left\">Ob\u021bine\u021bi o ofert\u0103 f\u0103r\u0103 obliga\u021bii complet\u00e2nd formularul nostru scurt. Pur \u0219i simplu selecta\u021bi dimensiunile \u0219i caracteristicile esen\u021biale ale jaluzelelor, iar restul l\u0103sa\u021bi \u00een seama noastr\u0103.<\/p>\n\n\t\t\t\t\t<a href=\"https:\/\/nevask.eu\/ro\/oferta-de-pret\/\" target=\"\" class=\"button\">Oferta de pre\u021b \u2192<\/a>\n\t\t\n\t\t\t\t\t\t<\/div>\n\t\t\t<\/div>\n\n\t\t\t\n<\/div>\n\n\n\n\n\n<div  class=\"section tint\">\n\n\t\n\t\t<div class=\"container intro\">\n\t\t\t<div class=\"cell\">\n\t\t\t\t<h2>De ce s\u0103 ne alege\u021bi pe noi? <\/h2>\n\t\t\t<\/div>\n\t\t<\/div>\n\n\t\n\n\n\t\n\t<div class=\"container cols-20p bg-image\" style=\"background-image: linear-gradient(0deg, rgba(0, 0, 0, 0.3), rgba(0, 0, 0, 0.3)), url(https:\/\/nevask.eu\/wp-content\/uploads\/2025\/06\/prodmenu_vlastnosti1.jpg);\">\n\n\t\t\n\t\t\t\n\t\t\t\t\n\t\t\t\t<div class=\"cell\" style=\"\">\n\n\t\t\t\t\t\n\n\n\t\t\t\t\t<h3 class=\"h4\">PRODUS DE CALITATE SUPERIOAR\u0102<\/h3>\n<p>Jaluzelele \u0219i plasele noastre de protec\u021bie solar\u0103 sunt fabricate din materiale de \u00eenalt\u0103 calitate din Europa de Vest, cu ajutorul utilajelor de \u00eenalt\u0103 calitate pe plan mondial. Garant\u0103m calitatea \u0219i durabilitatea excep\u021bional\u0103 a fiec\u0103rui produs.<\/p>\n\n\t\t\t\t<\/div>\n\t\t\t\n\t\t\t\t\n\t\t\t\t<div class=\"cell\" style=\"\">\n\n\t\t\t\t\t\n\n\n\t\t\t\t\t<h3 class=\"h4\">PERIOAD\u0102 SCURT\u0102 DE LIVRARE<\/h3>\n<p>Toate jaluzelele \u0219i sistemele ZipScreen sunt livrate \u00een termen de 2 s\u0103pt\u0103m\u00e2ni. Restul depinde de livrare.<\/p>\n\n\t\t\t\t<\/div>\n\t\t\t\n\t\t\t\t\n\t\t\t\t<div class=\"cell\" style=\"\">\n\n\t\t\t\t\t\n\n\n\t\t\t\t\t<h3 class=\"h4\">MONTARE SIMPL\u0102<\/h3>\n<p>Preg\u0103tim produsele noastre \u00eentr-un mod care le permite instalatorilor s\u0103 economiseasc\u0103 ore de munc\u0103 \u00een timpul instal\u0103rii.<\/p>\n\n\t\t\t\t<\/div>\n\t\t\t\n\t\t\t\t\n\t\t\t\t<div class=\"cell\" style=\"\">\n\n\t\t\t\t\t\n\n\n\t\t\t\t\t<h3 class=\"h4\">GARAN\u021aIE 5 ANI<\/h3>\n<p>Oferim o garan\u021bie de 5 ani pentru toate produsele noastre de umbrire, suntem \u00eencrez\u0103tori \u00een calitatea \u0219i fiabilitatea lor.<\/p>\n\n\t\t\t\t<\/div>\n\t\t\t\n\t\t\t\t\n\t\t\t\t<div class=\"cell\" style=\"\">\n\n\t\t\t\t\t\n\n\n\t\t\t\t\t<h3 class=\"h4\">DESIGN ATIPIC<\/h3>\n<p>Nu a\u021bi g\u0103sit produsul ideal \u00een oferta noastr\u0103 recomandat\u0103? Nicio problem\u0103, echipa noastr\u0103 v\u0103 poate furniza o solu\u021bie complet personalizat\u0103, adaptat\u0103 designului \u0219i cerin\u021belor dumneavoastr\u0103 specifice.<\/p>\n\n\t\t\t\t<\/div>\n\t\t\t\n\t\t\n\t<\/div>\n\n\n\n\t\n<\/div>\n\n\n\n\n\n\n\n\n<div  class=\"section dark\">\n\n\t\n\t\t\t<div class=\"container col-70p-center center\">\n\t\t\t\t<div class=\"cell\">\n\t\t\t\t\t\n\t\t\n\t\t\t\t\t<a href=\"https:\/\/nevask.eu\/ro\/jaluzele-exterioare-neva\/#avantajele\" target=\"\" class=\"button\">Avantajele jaluzelelor NEVA \u2192<\/a>\n\t\t\n\t\t\t\t\t\t<\/div>\n\t\t\t<\/div>\n\n\t\t\t\n<\/div>\n\n\n\n\n\n<div  class=\"section white\">\n\n\t\n\t\t<div class=\"container intro\">\n\t\t\t<div class=\"cell\">\n\t\t\t\t<h2>Referin\u021be<\/h2>\n\t\t\t<\/div>\n\t\t<\/div>\n\n\t\n\n\n\t<div class=\"container\">\n\t\t<div class=\"grid-cols\">\n\n\t\t\t\n\t\t\t\t\n\t\t\t\t\t\n\n\n\t\t\t\t\t\n\t\t\t\t\t\t\n\t\t\t\t\t\t\t\n\t\t\t\t\t\t\t<a href=\"https:\/\/nevask.eu\/ro\/referinte\/proiect-koliba-gardens\/\" class=\"col-6 block bg-image h600 text-bl\" style=\"background-image: linear-gradient(0deg, rgba(0,0,0,0.3), rgba(0,0,0,0.3)), url(https:\/\/nevask.eu\/wp-content\/uploads\/2025\/09\/Dom-dreveny-obklad-vonkajsie-zaluzie.jpg.webp)\">\n\n\t\t\t\t\t\t\t\t<div>\n\n\t\t\t\t\t\t\t\t\t\t\t\t\t\t\t\t\t\t\t<div class=\"p-small label-tr\"><p>Bratislava<\/p>\n<\/div>\n\t\t\t\t\t\t\t\t\t\n\t\t\t\t\t\t\t\t\t\t\t\t\t\t\t\t\t\t\t<div><p class=\"subheading p-small\">Jaluzii de exterior Z-90<\/p>\n<div class=\"h5\">Proiect reziden\u021bial Koliba Gardens<\/div>\n<\/div>\n\t\t\t\t\t\t\t\t\t\n\t\t\t\t\t\t\t\t<\/div>\n\n\t\t\t\t\t\t\t<\/a>\n\n\t\t\t\t\t\t\n\t\t\t\t\t\n\n\n\t\t\t\t\t\n\t\t\t\t\n\t\t\t\t\t\n\n\n\t\t\t\t\t\n\t\t\t\t\t\t\n\t\t\t\t\t\t\t\n\t\t\t\t\t\t\t<a href=\"https:\/\/nevask.eu\/ro\/referinte\/gradinita-slovensky-grob\/\" class=\"col-3 block bg-image default text-bl\" style=\"background-image: linear-gradient(0deg, rgba(0,0,0,0.3), rgba(0,0,0,0.3)), url(https:\/\/nevask.eu\/wp-content\/uploads\/2025\/06\/761A8414.jpg.webp)\">\n\n\t\t\t\t\t\t\t\t<div>\n\n\t\t\t\t\t\t\t\t\t\t\t\t\t\t\t\t\t\t\t<div class=\"p-small label-tr\"><p>Slovensk\u00fd Grob<\/p>\n<\/div>\n\t\t\t\t\t\t\t\t\t\n\t\t\t\t\t\t\t\t\t\t\t\t\t\t\t\t\t\t\t<div><p class=\"subheading p-small\">Jaluzii de exterior Z-70<\/p>\n<div class=\"h5\">Gr\u0103dini\u021ba &#8211; Slovensk\u00fd Grob<\/div>\n<\/div>\n\t\t\t\t\t\t\t\t\t\n\t\t\t\t\t\t\t\t<\/div>\n\n\t\t\t\t\t\t\t<\/a>\n\n\t\t\t\t\t\t\n\t\t\t\t\t\n\n\n\t\t\t\t\t\n\t\t\t\t\n\t\t\t\t\t\n\n\n\t\t\t\t\t\n\t\t\t\t\t\t\n\t\t\t\t\t\t\t\n\t\t\t\t\t\t\t<a href=\"https:\/\/nevask.eu\/ro\/referinte\/promenada-livin-park\/\" class=\"col-3 block bg-image default text-bl\" style=\"background-image: linear-gradient(0deg, rgba(0,0,0,0.3), rgba(0,0,0,0.3)), url(https:\/\/nevask.eu\/wp-content\/uploads\/2025\/09\/screenove-rolety-titulka.jpg.webp)\">\n\n\t\t\t\t\t\t\t\t<div>\n\n\t\t\t\t\t\t\t\t\t\t\t\t\t\t\t\t\t\t\t<div class=\"p-small label-tr\"><p>Nitra<\/p>\n<\/div>\n\t\t\t\t\t\t\t\t\t\n\t\t\t\t\t\t\t\t\t\t\t\t\t\t\t\t\t\t\t<div><p class=\"subheading p-small\">Zipscreen ZIP100<\/p>\n<div class=\"h5\">Parcul reziden\u021bial<br \/>\nPromenade din Nitra<\/div>\n<\/div>\n\t\t\t\t\t\t\t\t\t\n\t\t\t\t\t\t\t\t<\/div>\n\n\t\t\t\t\t\t\t<\/a>\n\n\t\t\t\t\t\t\n\t\t\t\t\t\n\n\n\t\t\t\t\t\n\t\t\t\t\n\t\t\t\n\t\t<\/div>\n\t<\/div>\n\n\n\n\t\n\t\t<div class=\"container outro center\">\n\t\t\t<div class=\"cell\">\n\t\t\t\t<a href=\"https:\/\/nevask.eu\/ro\/referinte-neva\/\" target=\"\" class=\"button\"> Mai multe referin\u021be \u200b\u2192<\/a>\n\t\t\t<\/div>\n\t\t<\/div>\n\n\t\n<\/div>\n\n\n\n\n\n<div  class=\"section white\">\n\n\t\n\t\t<div class=\"container intro\">\n\t\t\t<div class=\"cell\">\n\t\t\t\t<h2>Recenzii<\/h2>\n\t\t\t<\/div>\n\t\t<\/div>\n\n\t\n\n\n\t<div class=\"container text-blocks text-blocks-border text-blocks-slider\">\n\n\t\t\n\t\t\t\n\t\t\t\t<div class=\"cell\">\n\n\t\t\t\t\t\n\t\t\t\t\t\t<div class=\"icon-title\">\n\n\t\t\t\t\t\t\t\t\t\t\t\t\t\t\t<img decoding=\"async\" src=\"https:\/\/nevask.eu\/wp-content\/uploads\/2025\/06\/google.png\" alt=\"Google icon\">\n\t\t\t\t\t\t\t\n\t\t\t\t\t\t\t<div>\n\n\t\t\t\t\t\t\t\t\t\t\t\t\t\t\t\t\t<div class=\"h5\">Alexandru<\/div>\n\t\t\t\t\t\t\t\t\n\t\t\t\t\t\t\t\t\t\t\t\t\t\t\t\t\t<img loading=\"lazy\" decoding=\"async\" src=\"https:\/\/nevask.eu\/wp-content\/themes\/neva\/images\/stars.png\" width=\"92\" height=\"15\" alt=\"\">\n\t\t\t\t\t\t\t\t\n\t\t\t\t\t\t\t<\/div>\n\t\t\t\t\t\t<\/div>\n\n\t\t\t\t\t\n\n\n\t\t\t\t\t<p>Un produc\u0103tor pe m\u0103sura a\u0219tept\u0103rilor mele , am f\u0103cut un drum de c\u00e2teva ore pentru a vizita acest produc\u0103tor ! Dac\u0103 e\u0219ti \u00een domeniul lor de activitate , \u00ee\u021bi recomand s\u0103 faci o vizit\u0103 la ei \u0219i s\u0103 ajungi la un parteneriat ! Recomand produsele Neva !<\/p>\n\n\t\t\t\t<\/div>\n\n\t\t\t\n\t\t\t\t<div class=\"cell\">\n\n\t\t\t\t\t\n\t\t\t\t\t\t<div class=\"icon-title\">\n\n\t\t\t\t\t\t\t\t\t\t\t\t\t\t\t<img decoding=\"async\" src=\"https:\/\/nevask.eu\/wp-content\/uploads\/2025\/06\/google.png\" alt=\"Google icon\">\n\t\t\t\t\t\t\t\n\t\t\t\t\t\t\t<div>\n\n\t\t\t\t\t\t\t\t\t\t\t\t\t\t\t\t\t<div class=\"h5\">Odysseiro STUDIO<\/div>\n\t\t\t\t\t\t\t\t\n\t\t\t\t\t\t\t\t\t\t\t\t\t\t\t\t\t<img loading=\"lazy\" decoding=\"async\" src=\"https:\/\/nevask.eu\/wp-content\/themes\/neva\/images\/stars.png\" width=\"92\" height=\"15\" alt=\"\">\n\t\t\t\t\t\t\t\t\n\t\t\t\t\t\t\t<\/div>\n\t\t\t\t\t\t<\/div>\n\n\t\t\t\t\t\n\n\n\t\t\t\t\t<p>Comunicare, suport tehnic produse premium.<\/p>\n\n\t\t\t\t<\/div>\n\n\t\t\t\n\t\t\t\t<div class=\"cell\">\n\n\t\t\t\t\t\n\t\t\t\t\t\t<div class=\"icon-title\">\n\n\t\t\t\t\t\t\t\t\t\t\t\t\t\t\t<img decoding=\"async\" src=\"https:\/\/nevask.eu\/wp-content\/uploads\/2025\/06\/google.png\" alt=\"Google icon\">\n\t\t\t\t\t\t\t\n\t\t\t\t\t\t\t<div>\n\n\t\t\t\t\t\t\t\t\t\t\t\t\t\t\t\t\t<div class=\"h5\">Ioan<\/div>\n\t\t\t\t\t\t\t\t\n\t\t\t\t\t\t\t\t\t\t\t\t\t\t\t\t\t<img loading=\"lazy\" decoding=\"async\" src=\"https:\/\/nevask.eu\/wp-content\/themes\/neva\/images\/stars.png\" width=\"92\" height=\"15\" alt=\"\">\n\t\t\t\t\t\t\t\t\n\t\t\t\t\t\t\t<\/div>\n\t\t\t\t\t\t<\/div>\n\n\t\t\t\t\t\n\n\n\t\t\t\t\t<p>Se vede clar aten\u021bia la detalii \u0219i preocuparea pentru durabilitate. Este genul de investi\u021bie care aduce valoare real\u0103 casei, nu doar estetic, ci \u0219i practic. Recomand cu \u00eencredere celor care caut\u0103 solu\u021bii de calitate superioar\u0103 \u0219i produse pe care te po\u021bi baza ani de zile.<\/p>\n\n\t\t\t\t<\/div>\n\n\t\t\t\n\t\t\t\t<div class=\"cell\">\n\n\t\t\t\t\t\n\t\t\t\t\t\t<div class=\"icon-title\">\n\n\t\t\t\t\t\t\t\t\t\t\t\t\t\t\t<img decoding=\"async\" src=\"https:\/\/nevask.eu\/wp-content\/uploads\/2025\/06\/google.png\" alt=\"Google icon\">\n\t\t\t\t\t\t\t\n\t\t\t\t\t\t\t<div>\n\n\t\t\t\t\t\t\t\t\t\t\t\t\t\t\t\t\t<div class=\"h5\">Tartan<\/div>\n\t\t\t\t\t\t\t\t\n\t\t\t\t\t\t\t\t\t\t\t\t\t\t\t\t\t<img loading=\"lazy\" decoding=\"async\" src=\"https:\/\/nevask.eu\/wp-content\/themes\/neva\/images\/stars.png\" width=\"92\" height=\"15\" alt=\"\">\n\t\t\t\t\t\t\t\t\n\t\t\t\t\t\t\t<\/div>\n\t\t\t\t\t\t<\/div>\n\n\t\t\t\t\t\n\n\n\t\t\t\t\t<p>\ud83d\udc4c\ud83d\udc4d\u2026<\/p>\n\n\t\t\t\t<\/div>\n\n\t\t\t\n\t\t\t\t<div class=\"cell\">\n\n\t\t\t\t\t\n\t\t\t\t\t\t<div class=\"icon-title\">\n\n\t\t\t\t\t\t\t\t\t\t\t\t\t\t\t<img decoding=\"async\" src=\"https:\/\/nevask.eu\/wp-content\/uploads\/2025\/06\/google.png\" alt=\"Google icon\">\n\t\t\t\t\t\t\t\n\t\t\t\t\t\t\t<div>\n\n\t\t\t\t\t\t\t\t\t\t\t\t\t\t\t\t\t<div class=\"h5\">Adrian<\/div>\n\t\t\t\t\t\t\t\t\n\t\t\t\t\t\t\t\t\t\t\t\t\t\t\t\t\t<img loading=\"lazy\" decoding=\"async\" src=\"https:\/\/nevask.eu\/wp-content\/themes\/neva\/images\/stars.png\" width=\"92\" height=\"15\" alt=\"\">\n\t\t\t\t\t\t\t\t\n\t\t\t\t\t\t\t<\/div>\n\t\t\t\t\t\t<\/div>\n\n\t\t\t\t\t\n\n\n\t\t\t\t\t<p>The BEST !<\/p>\n\n\t\t\t\t<\/div>\n\n\t\t\t\n\t\t\n\t<\/div>\n<\/div>\n\n\n\n\n\n<div  class=\"section hero\">\n\t<div class=\"container col-45p\">\n\t\t<div class=\"cell transparent-dark \">\n\n\t\t\t<div class=\"h3\">Deveni\u021bi partenerul no\u0219tru<\/div>\n<p>Ne pas\u0103 la fel de mult de partenerii no\u0219tri, c\u00e2t ne pas\u0103 \u0219i de produsele noastre. Investim constant \u00een formarea distribuitorilor \u0219i tehnicienilor care instaleaz\u0103 jaluzelele. Organiz\u0103m instruiri periodice \u0219i prezent\u0103m procedurile corecte de instalare.<br \/>\nDac\u0103 activa\u021bi \u00een domeniul sistemelor de umbrire \u0219i c\u0103uta\u021bi jaluzele exterioare de calitate superioar\u0103, v\u0103 invit\u0103m s\u0103 ne contacta\u021bi.<\/p>\n\n\t\t\t\t\t\t\t<a href=\"https:\/\/nevask.eu\/ro\/deveniti-partenerul-nostru\/\" target=\"\" class=\"button\">Vreau s\u0103 devin partener \u2192<\/a>\n\t\t\t\n\t\t<\/div>\n\n\n\n\t\t<div class=\"bg-hero-slider\">\n\n\t\t\t\n\t\t\t\t\t\t\t\t\t<img decoding=\"async\" width=\"1500\" height=\"1000\" src=\"https:\/\/nevask.eu\/wp-content\/uploads\/2025\/07\/centrala-nevask.webp\" class=\"bg-hero\" alt=\"\u0160kolenie k vonkaj\u0161\u00edm \u017eal\u00fazi\u00e1m NEVA\" fetchpriority=\"high\" srcset=\"https:\/\/nevask.eu\/wp-content\/uploads\/2025\/07\/centrala-nevask.webp 1500w, https:\/\/nevask.eu\/wp-content\/uploads\/2025\/07\/centrala-nevask-300x200.webp 300w, https:\/\/nevask.eu\/wp-content\/uploads\/2025\/07\/centrala-nevask-1024x683.webp 1024w, https:\/\/nevask.eu\/wp-content\/uploads\/2025\/07\/centrala-nevask-768x512.webp 768w\" sizes=\"(max-width: 1500px) 100vw, 1500px\" \/>\t\t\t\t\n\t\t\t\n\t\t<\/div>\n\t<\/div>\n<\/div>\n\n\n\n\n\n\n\n\n<div  class=\"section white\">\n\t<div class=\"container cols-40p-60p\">\n\n\t\t\n\t\t\t<div class=\"cell center vcenter\">\n\t\t\t\t<img decoding=\"async\" src=\"https:\/\/nevask.eu\/wp-content\/uploads\/2025\/06\/img-removebg-preview.png.webp\" alt=\"Web partnerskej z\u00f3ny na obrazovke notebooku\">\n\t\t\t<\/div>\n\n\t\t\n\n\n\t\t<div class=\"cell\">\n\n\t\t\t<h2>Zona NEVA PARTNER<\/h2>\n<p class=\"p-large\">Portal dedicat exclusiv partenerilor comerciali \u0219i tehnici NEVA.<\/p>\n<p>Include:<\/p>\n<p>\u2022 \u200bmanuale tehnice complete,<br \/>\n\u2022 \u200binstruc\u021biuni detaliate de montaj,<br \/>\n\u2022 \u200bmateriale profesionale de suport pentru v\u00e2nz\u0103ri,<br \/>\n\u2022 \u200bsistem dedicat de asisten\u021b\u0103 clien\u021bi.<\/p>\n\n\t\t\t\t\t\t\t<a href=\"https:\/\/nevapartner.eu\/\" target=\"_blank\" class=\"button\"> ACCESARE \u2192<\/a>\n\t\t\t\n\t\t<\/div>\n\n\n\n\t\t\n\t<\/div>\n<\/div>\n","protected":false},"excerpt":{"rendered":"","protected":false},"author":52,"featured_media":11355,"parent":0,"menu_order":0,"comment_status":"closed","ping_status":"closed","template":"","meta":{"_acf_changed":false,"inline_featured_image":false,"footnotes":""},"class_list":["post-8206","page","type-page","status-publish","has-post-thumbnail","hentry"],"acf":[],"yoast_head":"<!-- This site is optimized with the Yoast SEO plugin v27.5 - https:\/\/yoast.com\/product\/yoast-seo-wordpress\/ -->\n<title>Jaluzele exterioare \u0219i rulouri Zipscreen NEVA | nevask.eu<\/title>\n<meta name=\"description\" content=\"Jaluzele exterioare \u0219i rulouri Zipscreen NEVA - calitate dovedit\u0103 de clien\u021bi din \u00eentreaga lume. Fiabilitate remarcabil\u0103, durat\u0103 lung\u0103 de via\u021b\u0103, garan\u021bie 5 ani\" \/>\n<meta name=\"robots\" content=\"index, follow, max-snippet:-1, max-image-preview:large, max-video-preview:-1\" \/>\n<link rel=\"canonical\" href=\"https:\/\/nevask.eu\/ro\/\" \/>\n<meta property=\"og:locale\" content=\"ro_RO\" \/>\n<meta property=\"og:type\" content=\"article\" \/>\n<meta property=\"og:title\" content=\"Jaluzele exterioare \u0219i rulouri Zipscreen NEVA | nevask.eu\" \/>\n<meta property=\"og:description\" content=\"Jaluzele exterioare \u0219i rulouri Zipscreen NEVA - calitate dovedit\u0103 de clien\u021bi din \u00eentreaga lume. Fiabilitate remarcabil\u0103, durat\u0103 lung\u0103 de via\u021b\u0103, garan\u021bie 5 ani\" \/>\n<meta property=\"og:url\" content=\"https:\/\/nevask.eu\/ro\/\" \/>\n<meta property=\"og:site_name\" content=\"NEVA\" \/>\n<meta property=\"article:modified_time\" content=\"2026-04-17T08:50:52+00:00\" \/>\n<meta property=\"og:image\" content=\"https:\/\/nevask.eu\/wp-content\/uploads\/2025\/09\/NEVA_titulka-RO.jpg.webp\" \/>\n\t<meta property=\"og:image:width\" content=\"1200\" \/>\n\t<meta property=\"og:image:height\" content=\"630\" \/>\n\t<meta property=\"og:image:type\" content=\"image\/jpeg\" \/>\n<meta name=\"twitter:card\" content=\"summary_large_image\" \/>\n<meta name=\"twitter:label1\" content=\"Timp estimat pentru citire\" \/>\n\t<meta name=\"twitter:data1\" content=\"7 minute\" \/>\n<!-- \/ Yoast SEO plugin. -->","yoast_head_json":{"title":"Jaluzele exterioare \u0219i rulouri Zipscreen NEVA | nevask.eu","description":"Jaluzele exterioare \u0219i rulouri Zipscreen NEVA - calitate dovedit\u0103 de clien\u021bi din \u00eentreaga lume. Fiabilitate remarcabil\u0103, durat\u0103 lung\u0103 de via\u021b\u0103, garan\u021bie 5 ani","robots":{"index":"index","follow":"follow","max-snippet":"max-snippet:-1","max-image-preview":"max-image-preview:large","max-video-preview":"max-video-preview:-1"},"canonical":"https:\/\/nevask.eu\/ro\/","og_locale":"ro_RO","og_type":"article","og_title":"Jaluzele exterioare \u0219i rulouri Zipscreen NEVA | nevask.eu","og_description":"Jaluzele exterioare \u0219i rulouri Zipscreen NEVA - calitate dovedit\u0103 de clien\u021bi din \u00eentreaga lume. Fiabilitate remarcabil\u0103, durat\u0103 lung\u0103 de via\u021b\u0103, garan\u021bie 5 ani","og_url":"https:\/\/nevask.eu\/ro\/","og_site_name":"NEVA","article_modified_time":"2026-04-17T08:50:52+00:00","og_image":[{"width":1200,"height":630,"url":"https:\/\/nevask.eu\/wp-content\/uploads\/2025\/09\/NEVA_titulka-RO.jpg.webp","type":"image\/jpeg"}],"twitter_card":"summary_large_image","twitter_misc":{"Timp estimat pentru citire":"7 minute"},"schema":{"@context":"https:\/\/schema.org","@graph":[{"@type":"WebPage","@id":"https:\/\/nevask.eu\/ro\/","url":"https:\/\/nevask.eu\/ro\/","name":"Jaluzele exterioare \u0219i rulouri Zipscreen NEVA | nevask.eu","isPartOf":{"@id":"https:\/\/nevask.eu\/ro\/#website"},"primaryImageOfPage":{"@id":"https:\/\/nevask.eu\/ro\/#primaryimage"},"image":{"@id":"https:\/\/nevask.eu\/ro\/#primaryimage"},"thumbnailUrl":"https:\/\/nevask.eu\/wp-content\/uploads\/2025\/11\/NEVA-zaluzie-screeny-1200x600-1.jpg.webp","datePublished":"2025-07-02T12:28:13+00:00","dateModified":"2026-04-17T08:50:52+00:00","description":"Jaluzele exterioare \u0219i rulouri Zipscreen NEVA - calitate dovedit\u0103 de clien\u021bi din \u00eentreaga lume. Fiabilitate remarcabil\u0103, durat\u0103 lung\u0103 de via\u021b\u0103, garan\u021bie 5 ani","breadcrumb":{"@id":"https:\/\/nevask.eu\/ro\/#breadcrumb"},"inLanguage":"ro-RO","potentialAction":[{"@type":"ReadAction","target":["https:\/\/nevask.eu\/ro\/"]}]},{"@type":"ImageObject","inLanguage":"ro-RO","@id":"https:\/\/nevask.eu\/ro\/#primaryimage","url":"https:\/\/nevask.eu\/wp-content\/uploads\/2025\/11\/NEVA-zaluzie-screeny-1200x600-1.jpg.webp","contentUrl":"https:\/\/nevask.eu\/wp-content\/uploads\/2025\/11\/NEVA-zaluzie-screeny-1200x600-1.jpg.webp","width":1200,"height":600,"caption":"Vonkaj\u0161ie \u017eal\u00fazie NEVA"},{"@type":"BreadcrumbList","@id":"https:\/\/nevask.eu\/ro\/#breadcrumb","itemListElement":[{"@type":"ListItem","position":1,"name":"Home","item":"https:\/\/nevask.eu\/ro\/"},{"@type":"ListItem","position":2,"name":"Acasa"}]},{"@type":"WebSite","@id":"https:\/\/nevask.eu\/ro\/#website","url":"https:\/\/nevask.eu\/ro\/","name":"NEVA","description":"Vonkaj\u0161ie \u017eal\u00fazie a screenov\u00e9 rolety","potentialAction":[{"@type":"SearchAction","target":{"@type":"EntryPoint","urlTemplate":"https:\/\/nevask.eu\/ro\/?s={search_term_string}"},"query-input":{"@type":"PropertyValueSpecification","valueRequired":true,"valueName":"search_term_string"}}],"inLanguage":"ro-RO"}]}},"_links":{"self":[{"href":"https:\/\/nevask.eu\/ro\/wp-json\/wp\/v2\/pages\/8206","targetHints":{"allow":["GET"]}}],"collection":[{"href":"https:\/\/nevask.eu\/ro\/wp-json\/wp\/v2\/pages"}],"about":[{"href":"https:\/\/nevask.eu\/ro\/wp-json\/wp\/v2\/types\/page"}],"author":[{"embeddable":true,"href":"https:\/\/nevask.eu\/ro\/wp-json\/wp\/v2\/users\/52"}],"replies":[{"embeddable":true,"href":"https:\/\/nevask.eu\/ro\/wp-json\/wp\/v2\/comments?post=8206"}],"version-history":[{"count":20,"href":"https:\/\/nevask.eu\/ro\/wp-json\/wp\/v2\/pages\/8206\/revisions"}],"predecessor-version":[{"id":13058,"href":"https:\/\/nevask.eu\/ro\/wp-json\/wp\/v2\/pages\/8206\/revisions\/13058"}],"wp:featuredmedia":[{"embeddable":true,"href":"https:\/\/nevask.eu\/ro\/wp-json\/wp\/v2\/media\/11355"}],"wp:attachment":[{"href":"https:\/\/nevask.eu\/ro\/wp-json\/wp\/v2\/media?parent=8206"}],"curies":[{"name":"wp","href":"https:\/\/api.w.org\/{rel}","templated":true}]}}