{"id":8362,"date":"2025-07-09T11:39:02","date_gmt":"2025-07-09T09:39:02","guid":{"rendered":"https:\/\/nevask.eu\/?page_id=8362"},"modified":"2025-09-12T10:16:26","modified_gmt":"2025-09-12T08:16:26","slug":"avantaje-neva-revanzatori-montatori","status":"publish","type":"page","link":"https:\/\/nevask.eu\/ro\/despre-neva\/avantaje-neva-revanzatori-montatori\/","title":{"rendered":"Avantajele rev\u00e2nz\u0103tori \u0219i montatori"},"content":{"rendered":"\n\n\n\n\n\n<div class=\"section narrow white\">\n\t<div class=\"container\">\n\t\t<div class=\"cell\">\n\t\t\t<ul class=\"breadcrumbs\">\n\t\t\t\t<li><a href=\"https:\/\/nevask.eu\/ro\/\">Home<\/a><\/li>\n\n\t\t\t\t\n\t\t\t<\/ul>\n\t\t<\/div>\n\t<\/div>\n<\/div>\n\n\n\n\n\n<div  class=\"section white\">\n\t<div class=\"container full left\">\n\t\t<div class=\"cell\">\n\t\t\t<h1>Avantajele NEVA\u00ae pentru rev\u00e2nz\u0103tori \u0219i montatori<\/h1>\n\t\t<\/div>\n\t<\/div>\n<\/div>\n\n\n\n\n\n\n\n\n<div  class=\"section white\">\n\t<div class=\"container cols-40p-60p\">\n\n\t\t\n\t\t\t<div class=\"cell left top\">\n\t\t\t\t<img decoding=\"async\" src=\"https:\/\/nevask.eu\/wp-content\/uploads\/2025\/07\/761A4369-1024x683.jpg\" alt=\"Obchodn\u00e9 oddelenie NEVA SK\">\n\t\t\t<\/div>\n\n\t\t\n\n\n\t\t<div class=\"cell\">\n\n\t\t\t<h3 class=\"u-align-left u-text u-text-palette-2-base u-text-1\">Suport tehnic \u00een orice moment, ori de c\u00e2te ori ai nevoie.<\/h3>\n<p>Sentimentul de a avea mereu pe cineva la care s\u0103 apelezi c\u00e2nd vine vorba de jaluzele sau plase de protec\u021bie solar\u0103 este de nepre\u021buit. Din prima zi de cooperare, comunici cu un singur dealer care te cunoa\u0219te perfect \u0219i \u0219tie exact de ce ai nevoie.<\/p>\n\n\t\t\t\t\t\t\t<a href=\"https:\/\/nevask.eu\/ro\/deveniti-partenerul-nostru-forma\/\" target=\"\" class=\"button\">Deveni\u021bi partenerul nostru<\/a>\n\t\t\t\n\t\t<\/div>\n\n\n\n\t\t\n\t<\/div>\n<\/div>\n\n\n\n\n\n<div  class=\"section tint\">\n\n\t\n\n\n\t\n\t<div class=\"container cols-33p text-blocks\" style=\"\">\n\n\t\t\n\t\t\t\n\t\t\t\t\n\t\t\t\t<div class=\"cell\" style=\"\">\n\n\t\t\t\t\t\n\t\t\t\t\t\t<div class=\"icon-title\">\n\n\t\t\t\t\t\t\t\t\t\t\t\t\t\t\t<img decoding=\"async\" src=\"https:\/\/nevask.eu\/wp-content\/uploads\/2025\/07\/1077063-2fc07505.png.webp\" alt=\"piktogram - \u010dlovek\">\n\t\t\t\t\t\t\t\n\t\t\t\t\t\t\t\t\t\t\t\t\t\t\t<h3 class=\"h5\">Profesioni\u0219ti \u00een solu\u021bii de umbrire<\/h3>\n\t\t\t\t\t\t\t\n\t\t\t\t\t\t<\/div>\n\n\t\t\t\t\t\n\n\n\t\t\t\t\t<p>Avem peste 35 de ani de experien\u021b\u0103 \u00een domeniul solu\u021biilor de umbrire. Calitatea este prioritatea noastr\u0103 \u2013 f\u0103r\u0103 compromisuri.<\/p>\n\n\t\t\t\t<\/div>\n\t\t\t\n\t\t\t\t\n\t\t\t\t<div class=\"cell\" style=\"\">\n\n\t\t\t\t\t\n\t\t\t\t\t\t<div class=\"icon-title\">\n\n\t\t\t\t\t\t\t\t\t\t\t\t\t\t\t<img decoding=\"async\" src=\"https:\/\/nevask.eu\/wp-content\/uploads\/2025\/07\/596092-cee06a0f.png.webp\" alt=\"piktogram - ampli\u00f3n\">\n\t\t\t\t\t\t\t\n\t\t\t\t\t\t\t\t\t\t\t\t\t\t\t<h3 class=\"h5\">Tehnologie de ultim\u0103 genera\u021bie<\/h3>\n\t\t\t\t\t\t\t\n\t\t\t\t\t\t<\/div>\n\n\t\t\t\t\t\n\n\n\t\t\t\t\t<p>Folosim linii de produc\u021bie de ultim\u0103 genera\u021bie pentru fabricarea jaluzelelor NEVA.<\/p>\n\n\t\t\t\t<\/div>\n\t\t\t\n\t\t\t\t\n\t\t\t\t<div class=\"cell\" style=\"\">\n\n\t\t\t\t\t\n\t\t\t\t\t\t<div class=\"icon-title\">\n\n\t\t\t\t\t\t\t\t\t\t\t\t\t\t\t<img decoding=\"async\" src=\"https:\/\/nevask.eu\/wp-content\/uploads\/2025\/07\/810024-6c79252f.png.webp\" alt=\"piktogram - lakovanie, striekanie\">\n\t\t\t\t\t\t\t\n\t\t\t\t\t\t\t\t\t\t\t\t\t\t\t<h3 class=\"h5\">Vopsitorie \u00een regim propriu<\/h3>\n\t\t\t\t\t\t\t\n\t\t\t\t\t\t<\/div>\n\n\t\t\t\t\t\n\n\n\t\t\t\t\t<p>Carcasele, suporturile, ghidajele \u0219i profilele inferioare sunt vopsite \u00een vopsitoria noastr\u0103 proprie cu pulbere, ceea ce ne permite s\u0103 de\u021binem control total asupra calit\u0103\u021bii \u0219i s\u0103 asigur\u0103m termene de livrare foarte scurte.<\/p>\n\n\t\t\t\t<\/div>\n\t\t\t\n\t\t\t\t\n\t\t\t\t<div class=\"cell\" style=\"\">\n\n\t\t\t\t\t\n\t\t\t\t\t\t<div class=\"icon-title\">\n\n\t\t\t\t\t\t\t\t\t\t\t\t\t\t\t<img decoding=\"async\" src=\"https:\/\/nevask.eu\/wp-content\/uploads\/2025\/07\/1945923-e94f5fc8.png.webp\" alt=\"Piktogram - dokumenty\">\n\t\t\t\t\t\t\t\n\t\t\t\t\t\t\t\t\t\t\t\t\t\t\t<h3 class=\"h5\">Manual tehnic<\/h3>\n\t\t\t\t\t\t\t\n\t\t\t\t\t\t<\/div>\n\n\t\t\t\t\t\n\n\n\t\t\t\t\t<p>\u00cen manual ve\u021bi g\u0103si toate informa\u021biile tehnice esen\u021biale, dimensiunile \u0219i sec\u021biunile cotate ale produselor. Manualul este disponibil at\u00e2t \u00een format tip\u0103rit, c\u00e2t \u0219i electronic, \u00een mai multe limbi.<\/p>\n\n\t\t\t\t<\/div>\n\t\t\t\n\t\t\t\t\n\t\t\t\t<div class=\"cell\" style=\"\">\n\n\t\t\t\t\t\n\t\t\t\t\t\t<div class=\"icon-title\">\n\n\t\t\t\t\t\t\t\t\t\t\t\t\t\t\t<img decoding=\"async\" src=\"https:\/\/nevask.eu\/wp-content\/uploads\/2025\/07\/6657216-a73c2944-1.png.webp\" alt=\"piktogram - \">\n\t\t\t\t\t\t\t\n\t\t\t\t\t\t\t\t\t\t\t\t\t\t\t<h3 class=\"h5\">Jaluzele personalizate<\/h3>\n\t\t\t\t\t\t\t\n\t\t\t\t\t\t<\/div>\n\n\t\t\t\t\t\n\n\n\t\t\t\t\t<p>Avem solu\u021bii tehnice adaptate pentru aproape orice situa\u021bie de construc\u021bie. Jaluzelele sunt realizate la comand\u0103, exact pe gustul \u0219i conform cerin\u021belor clien\u021bilor dumneavoastr\u0103.<\/p>\n\n\t\t\t\t<\/div>\n\t\t\t\n\t\t\t\t\n\t\t\t\t<div class=\"cell\" style=\"\">\n\n\t\t\t\t\t\n\t\t\t\t\t\t<div class=\"icon-title\">\n\n\t\t\t\t\t\t\t\t\t\t\t\t\t\t\t<img decoding=\"async\" src=\"https:\/\/nevask.eu\/wp-content\/uploads\/2025\/07\/66163-fb0876ab-e1752145793790.png\" alt=\"piktogram - \u010das, term\u00edny\">\n\t\t\t\t\t\t\t\n\t\t\t\t\t\t\t\t\t\t\t\t\t\t\t<h3 class=\"h5\">Termen scurt de livrare<\/h3>\n\t\t\t\t\t\t\t\n\t\t\t\t\t\t<\/div>\n\n\t\t\t\t\t\n\n\n\t\t\t\t\t<p>Chiar \u0219i \u00een v\u00e2rf de sezon, men\u021binem termenele de livrare scurte. P\u0103str\u0103m \u00een stoc cantit\u0103\u021bi optime de lamele, disponibile \u00een cea mai larg\u0103 gam\u0103 de culori standard.<\/p>\n\n\t\t\t\t<\/div>\n\t\t\t\n\t\t\n\t<\/div>\n\n\n\n\t\n<\/div>\n\n\n\n\n\n<div  class=\"section white\">\n\n\t\n\n\n\t\n\t<div class=\"container cols-33p has-cell-bg-image\" style=\"\">\n\n\t\t\n\t\t\t\n\t\t\t\t\n\t\t\t\t<div class=\"cell bg-image\" style=\"background-image: linear-gradient(0deg, rgba(0,0,0,0.3), rgba(0,0,0,0.3)), url(https:\/\/nevask.eu\/wp-content\/uploads\/2025\/06\/20210723_DSC09825_NEVA_SK-1024x683.jpg)\">\n\n\t\t\t\t\t\n\n\n\t\t\t\t\t<h5>INSTRUIRE REGULAT\u0102<\/h5>\n<p>Instalatorii sunt instrui\u021bi gratuit pentru a repara \u0219i instala jaluzelele. \u0218i mai mult, v\u0103 st\u0103m la dispozi\u021bie cu un serviciu de suport pentru clien\u021bi prin telefon ori de c\u00e2te ori ave\u021bi nevoie.<\/p>\n\n\t\t\t\t<\/div>\n\t\t\t\n\t\t\t\t\n\t\t\t\t<div class=\"cell bg-image\" style=\"background-image: linear-gradient(0deg, rgba(0,0,0,0.3), rgba(0,0,0,0.3)), url(https:\/\/nevask.eu\/wp-content\/uploads\/2025\/06\/neva-montaz-venkovnich-zaluzii-krok-za-krokem-1024x512.jpg)\">\n\n\t\t\t\t\t\n\n\n\t\t\t\t\t<h5>MONTAJ U\u0218OR<\/h5>\n<p>\u00cen timpul produc\u021biei, jaluzelele sunt reglate cu precizie, astfel \u00eenc\u00e2t s\u0103 poat\u0103 fi instalate pe \u0219antier imediat dup\u0103 despachetare. Astfel economisi\u021bi p\u00e2n\u0103 la 10 minute de lucru la configurare.<\/p>\n\n\t\t\t\t<\/div>\n\t\t\t\n\t\t\t\t\n\t\t\t\t<div class=\"cell bg-image\" style=\"background-image: linear-gradient(0deg, rgba(0,0,0,0.3), rgba(0,0,0,0.3)), url(https:\/\/nevask.eu\/wp-content\/uploads\/2025\/06\/20210723_DSC09973_NEVA_SK-1024x683.jpg)\">\n\n\t\t\t\t\t\n\n\n\t\t\t\t\t<h5>MATERIALE DE SUPORT CALITATIVE<\/h5>\n<p>V\u0103 oferim cataloage, manuale \u0219i instruc\u021biuni de asamblare pentru a v\u0103 ajuta s\u0103 v\u0103 instala\u021bi jaluzelele pas cu pas.<\/p>\n\n\t\t\t\t<\/div>\n\t\t\t\n\t\t\n\t<\/div>\n\n\n\n\t\n<\/div>\n\n\n\n\n\n<div  class=\"section tint\">\n\n\t\n\n\n\t\n\t<div class=\"container cols-25p text-blocks\" style=\"\">\n\n\t\t\n\t\t\t\n\t\t\t\t\n\t\t\t\t<div class=\"cell\" style=\"\">\n\n\t\t\t\t\t\n\t\t\t\t\t\t<div class=\"icon-title\">\n\n\t\t\t\t\t\t\t\t\t\t\t\t\t\t\t<img decoding=\"async\" src=\"https:\/\/nevask.eu\/wp-content\/uploads\/2025\/06\/icon-placeholder.png\" alt=\"piktogram - \">\n\t\t\t\t\t\t\t\n\t\t\t\t\t\t\t\t\t\t\t\t\t\t\t<h3 class=\"h5\">Schi\u021be<\/h3>\n\t\t\t\t\t\t\t\n\t\t\t\t\t\t<\/div>\n\n\t\t\t\t\t\n\n\n\t\t\t\t\t<p>Desene tehnice disponibile pe pagina noastr\u0103, \u0219i \u00een format DWG la cerere.<\/p>\n\n\t\t\t\t<\/div>\n\t\t\t\n\t\t\t\t\n\t\t\t\t<div class=\"cell\" style=\"\">\n\n\t\t\t\t\t\n\t\t\t\t\t\t<div class=\"icon-title\">\n\n\t\t\t\t\t\t\t\t\t\t\t\t\t\t\t<img decoding=\"async\" src=\"https:\/\/nevask.eu\/wp-content\/uploads\/2025\/07\/1606186-2289c0a8.png.webp\" alt=\"Piktogram - vzorkovn\u00edk farieb\">\n\t\t\t\t\t\t\t\n\t\t\t\t\t\t\t\t\t\t\t\t\t\t\t<h3 class=\"h5\">Modele<\/h3>\n\t\t\t\t\t\t\t\n\t\t\t\t\t\t<\/div>\n\n\t\t\t\t\t\n\n\n\t\t\t\t\t<p>V\u0103 oferim diferite modele pentru spa\u021biile dumneavoastr\u0103.<\/p>\n\n\t\t\t\t<\/div>\n\t\t\t\n\t\t\t\t\n\t\t\t\t<div class=\"cell\" style=\"\">\n\n\t\t\t\t\t\n\t\t\t\t\t\t<div class=\"icon-title\">\n\n\t\t\t\t\t\t\t\t\t\t\t\t\t\t\t<img decoding=\"async\" src=\"https:\/\/nevask.eu\/wp-content\/uploads\/2025\/07\/244210-4a2be71e.png.webp\" alt=\"piktogram - mobiln\u00fd telefon\">\n\t\t\t\t\t\t\t\n\t\t\t\t\t\t\t\t\t\t\t\t\t\t\t<h3 class=\"h5\">Aplica\u021bia NEVA<\/h3>\n\t\t\t\t\t\t\t\n\t\t\t\t\t\t<\/div>\n\n\t\t\t\t\t\n\n\n\t\t\t\t\t<p>NEVA App pentru sistemele de operare iOS \u0219i Android<\/p>\n\n\t\t\t\t<\/div>\n\t\t\t\n\t\t\t\t\n\t\t\t\t<div class=\"cell\" style=\"\">\n\n\t\t\t\t\t\n\t\t\t\t\t\t<div class=\"icon-title\">\n\n\t\t\t\t\t\t\t\t\t\t\t\t\t\t\t<img decoding=\"async\" src=\"https:\/\/nevask.eu\/wp-content\/uploads\/2025\/07\/2541979-4205f55d.png.webp\" alt=\"Piktogram h\u00e1rky papiera\">\n\t\t\t\t\t\t\t\n\t\t\t\t\t\t\t\t\t\t\t\t\t\t\t<h3 class=\"h5\">Materiale marketing<\/h3>\n\t\t\t\t\t\t\t\n\t\t\t\t\t\t<\/div>\n\n\t\t\t\t\t\n\n\n\t\t\t\t\t<p>Bro\u0219urile \u0219i cataloagele sunt disponibile \u00een format tip\u0103rit \u0219i electronic. De asemenea, furniz\u0103m, la cerere, materiale pentru dezvoltarea de site-uri web.<\/p>\n\n\t\t\t\t<\/div>\n\t\t\t\n\t\t\n\t<\/div>\n\n\n\n\t\n<\/div>\n\n\n\n\n\n<div class=\"section white\">\n\t<div class=\"container\">\n\t\t<div class=\"cell\">\n\t\t\t<hr class=\"separator\">\n\t\t<\/div>\n\t<\/div>\n<\/div>\n\n\n\n\n\n\n\n\n<div  class=\"section white\">\n\t<div class=\"container cols-60p-40p\">\n\n\t\t\n\n\n\t\t<div class=\"cell\">\n\n\t\t\t<h2 class=\"u-text u-text-default u-text-palette-1-base u-text-1\">Aplica\u021bia NEVA v\u0103 va ajuta \u00een timpul instal\u0103rii.<\/h2>\n<p>Pentru a\u00a0u\u0219ura \u00eentregul proces, de la cump\u0103rare p\u00e2n\u0103 la instalarea jaluzelelor, am creat o aplica\u021bie mobil\u0103 practic\u0103. C\u00e2nd introduce\u021bi \u00een aplica\u021bie tipul jaluzei, l\u0103\u021bimea, \u00een\u0103l\u021bimea sau \u00een\u0103l\u021bimea ferestrei, pute\u021bi calcula \u00een\u0103l\u021bimea pachetului de jaluzele sau num\u0103rul de console, pute\u021bi afla cum s\u0103 amplasa\u021bi corect rulmen\u021bii, iar cu ajutorul a c\u00e2torva clicuri s\u0103 accesa\u021bi documente legate de motor, electronica sau de instalarea jaluzelelor.<\/p>\n\n\t\t\t\n\t\t<\/div>\n\n\n\n\t\t\n\t\t\t<div class=\"cell left top\">\n\t\t\t\t<img decoding=\"async\" src=\"https:\/\/nevask.eu\/wp-content\/uploads\/2025\/07\/mobilna-appka-neva.webp\" alt=\"Aplik\u00e1cia NEVA detail\">\n\t\t\t<\/div>\n\n\t\t\n\t<\/div>\n<\/div>\n\n\n\n\n\n\n\n\n<div  class=\"section white\">\n\t<div class=\"container cols-40p-60p\">\n\n\t\t\n\t\t\t<div class=\"cell left top\">\n\t\t\t\t<img decoding=\"async\" src=\"https:\/\/nevask.eu\/wp-content\/uploads\/2025\/07\/neva-app-1024x512.webp\" alt=\"Aplik\u00e1cia NEVA na\">\n\t\t\t<\/div>\n\n\t\t\n\n\n\t\t<div class=\"cell\">\n\n\t\t\t<h2 class=\"u-text u-text-default u-text-palette-1-base u-text-1\">Aplica\u021bia NEVA include:<\/h2>\n<p class=\"u-text u-text-default u-text-4\">Func\u021bii de calcul la introducerea tipului de produs, a l\u0103\u021bimii \u0219i \u00een\u0103l\u021bimii jaluzelelor sau a \u00een\u0103l\u021bimii ferestrei.<\/p>\n<p><span class=\"u-text-palette-1-base\" style=\"color: #212490\">Cu ajutorul acestori func\u021bii ve\u021bi putea afla:<\/span><\/p>\n<ul class=\"u-text u-text-default u-text-5\">\n<li>\u00a0\u00een\u0103l\u021bimea pachetului de jaluzele,<\/li>\n<li>num\u0103rul de suporturi pentru jaluzele,<\/li>\n<li>\u00een\u0103l\u021bimea interioar\u0103 minim\u0103,<\/li>\n<li>amplasarea rulmen\u021biilor.<\/li>\n<li>Informa\u0163ii privind utilizarea motorului.<\/li>\n<li>Informa\u021bii despre fiecare tip de jaluzele.<\/li>\n<li>Link-uri utile c\u0103tre documente legate de motor, electronic\u0103 \u0219i instalarea jaluzelelor NEVA.<\/li>\n<\/ul>\n<p><a href=\"https:\/\/play.google.com\/store\/apps\/details?id=cz.nevapv.NevaTech\"><img loading=\"lazy\" decoding=\"async\" class=\"size-full wp-image-3268 alignright\" src=\"https:\/\/nevask.eu\/wp-content\/uploads\/2025\/07\/google-play-e1751887150468.png\" alt=\"\" width=\"150\" height=\"44\" \/><\/a> <a href=\"https:\/\/apps.apple.com\/us\/app\/neva-app\/id1436601311\"><img loading=\"lazy\" decoding=\"async\" class=\"wp-image-3265 size-full alignright\" src=\"https:\/\/nevask.eu\/wp-content\/uploads\/2025\/07\/app-store_X-e1751887181241.png\" alt=\"\" width=\"150\" height=\"43\" \/><\/a><\/p>\n\n\t\t\t\n\t\t<\/div>\n\n\n\n\t\t\n\t<\/div>\n<\/div>\n\n\n\n\n\n<div class=\"section white\">\n\t<div class=\"container\">\n\t\t<div class=\"cell\">\n\t\t\t<hr class=\"separator\">\n\t\t<\/div>\n\t<\/div>\n<\/div>\n\n\n\n\n\n<div  class=\"section hero\">\n\t<div class=\"container col-45p\">\n\t\t<div class=\"cell dark \">\n\n\t\t\t<h1 class=\"u-text u-text-palette-2-base u-title u-text-1\">Fi\u021bi partenerul nostru<\/h1>\n<p>Pentru u\u0219urarea lucr\u0103rilor de montare v\u0103 asigur\u0103m divese aplica\u021bii \u0219u documenta\u021bie tehnic\u0103.<\/p>\n\n\t\t\t\t\t\t\t<a href=\"https:\/\/nevask.eu\/ro\/deveniti-partenerul-nostru-forma\/\" target=\"\" class=\"button\">Colaborare<\/a>\n\t\t\t\n\t\t<\/div>\n\n\n\n\t\t<div class=\"bg-hero-slider\">\n\n\t\t\t\n\t\t\t\t\t\t\t\t\t<img decoding=\"async\" width=\"1500\" height=\"1000\" src=\"https:\/\/nevask.eu\/wp-content\/uploads\/2025\/07\/centrala-nevask.webp\" class=\"bg-hero\" alt=\"\u0160kolenie k vonkaj\u0161\u00edm \u017eal\u00fazi\u00e1m NEVA\" fetchpriority=\"high\" srcset=\"https:\/\/nevask.eu\/wp-content\/uploads\/2025\/07\/centrala-nevask.webp 1500w, https:\/\/nevask.eu\/wp-content\/uploads\/2025\/07\/centrala-nevask-300x200.webp 300w, https:\/\/nevask.eu\/wp-content\/uploads\/2025\/07\/centrala-nevask-1024x683.webp 1024w, https:\/\/nevask.eu\/wp-content\/uploads\/2025\/07\/centrala-nevask-768x512.webp 768w\" sizes=\"(max-width: 1500px) 100vw, 1500px\" \/>\t\t\t\t\n\t\t\t\n\t\t<\/div>\n\t<\/div>\n<\/div>\n","protected":false},"excerpt":{"rendered":"","protected":false},"author":52,"featured_media":0,"parent":211,"menu_order":0,"comment_status":"closed","ping_status":"closed","template":"","meta":{"_acf_changed":false,"inline_featured_image":false,"footnotes":""},"class_list":["post-8362","page","type-page","status-publish","hentry"],"acf":[],"yoast_head":"<!-- This site is optimized with the Yoast SEO plugin v27.5 - https:\/\/yoast.com\/product\/yoast-seo-wordpress\/ -->\n<title>Avantajele NEVA pentru rev\u00e2nz\u0103tori \u0219i montatori | NEVA<\/title>\n<meta name=\"description\" content=\"Deveni\u021bi partener NEVA\u00ae \u0219i vinde\u021bi unul dintre cele mai fiabile produse. Beneficia\u021bi de calitate, beneficii suplimentare \u0219i sprijinul unui produc\u0103tor stabil.\" \/>\n<meta name=\"robots\" content=\"index, follow, max-snippet:-1, max-image-preview:large, max-video-preview:-1\" \/>\n<link rel=\"canonical\" href=\"https:\/\/nevask.eu\/ro\/despre-neva\/avantaje-neva-revanzatori-montatori\/\" \/>\n<meta property=\"og:locale\" content=\"ro_RO\" \/>\n<meta property=\"og:type\" content=\"article\" \/>\n<meta property=\"og:title\" content=\"Avantajele NEVA pentru rev\u00e2nz\u0103tori \u0219i montatori | NEVA\" \/>\n<meta property=\"og:description\" content=\"Deveni\u021bi partener NEVA\u00ae \u0219i vinde\u021bi unul dintre cele mai fiabile produse. Beneficia\u021bi de calitate, beneficii suplimentare \u0219i sprijinul unui produc\u0103tor stabil.\" \/>\n<meta property=\"og:url\" content=\"https:\/\/nevask.eu\/ro\/despre-neva\/avantaje-neva-revanzatori-montatori\/\" \/>\n<meta property=\"og:site_name\" content=\"NEVA\" \/>\n<meta property=\"article:modified_time\" content=\"2025-09-12T08:16:26+00:00\" \/>\n<meta name=\"twitter:card\" content=\"summary_large_image\" \/>\n<meta name=\"twitter:label1\" content=\"Timp estimat pentru citire\" \/>\n\t<meta name=\"twitter:data1\" content=\"7 minute\" \/>\n<!-- \/ Yoast SEO plugin. -->","yoast_head_json":{"title":"Avantajele NEVA pentru rev\u00e2nz\u0103tori \u0219i montatori | NEVA","description":"Deveni\u021bi partener NEVA\u00ae \u0219i vinde\u021bi unul dintre cele mai fiabile produse. Beneficia\u021bi de calitate, beneficii suplimentare \u0219i sprijinul unui produc\u0103tor stabil.","robots":{"index":"index","follow":"follow","max-snippet":"max-snippet:-1","max-image-preview":"max-image-preview:large","max-video-preview":"max-video-preview:-1"},"canonical":"https:\/\/nevask.eu\/ro\/despre-neva\/avantaje-neva-revanzatori-montatori\/","og_locale":"ro_RO","og_type":"article","og_title":"Avantajele NEVA pentru rev\u00e2nz\u0103tori \u0219i montatori | NEVA","og_description":"Deveni\u021bi partener NEVA\u00ae \u0219i vinde\u021bi unul dintre cele mai fiabile produse. Beneficia\u021bi de calitate, beneficii suplimentare \u0219i sprijinul unui produc\u0103tor stabil.","og_url":"https:\/\/nevask.eu\/ro\/despre-neva\/avantaje-neva-revanzatori-montatori\/","og_site_name":"NEVA","article_modified_time":"2025-09-12T08:16:26+00:00","twitter_card":"summary_large_image","twitter_misc":{"Timp estimat pentru citire":"7 minute"},"schema":{"@context":"https:\/\/schema.org","@graph":[{"@type":"WebPage","@id":"https:\/\/nevask.eu\/ro\/despre-neva\/avantaje-neva-revanzatori-montatori\/","url":"https:\/\/nevask.eu\/ro\/despre-neva\/avantaje-neva-revanzatori-montatori\/","name":"Avantajele NEVA pentru rev\u00e2nz\u0103tori \u0219i montatori | NEVA","isPartOf":{"@id":"https:\/\/nevask.eu\/ro\/#website"},"datePublished":"2025-07-09T09:39:02+00:00","dateModified":"2025-09-12T08:16:26+00:00","description":"Deveni\u021bi partener NEVA\u00ae \u0219i vinde\u021bi unul dintre cele mai fiabile produse. Beneficia\u021bi de calitate, beneficii suplimentare \u0219i sprijinul unui produc\u0103tor stabil.","breadcrumb":{"@id":"https:\/\/nevask.eu\/ro\/despre-neva\/avantaje-neva-revanzatori-montatori\/#breadcrumb"},"inLanguage":"ro-RO","potentialAction":[{"@type":"ReadAction","target":["https:\/\/nevask.eu\/ro\/despre-neva\/avantaje-neva-revanzatori-montatori\/"]}]},{"@type":"BreadcrumbList","@id":"https:\/\/nevask.eu\/ro\/despre-neva\/avantaje-neva-revanzatori-montatori\/#breadcrumb","itemListElement":[{"@type":"ListItem","position":1,"name":"Home","item":"https:\/\/nevask.eu\/ro\/"},{"@type":"ListItem","position":2,"name":"Despre NEVA","item":"https:\/\/nevask.eu\/ro\/despre-neva\/"},{"@type":"ListItem","position":3,"name":"Avantajele rev\u00e2nz\u0103tori \u0219i montatori"}]},{"@type":"WebSite","@id":"https:\/\/nevask.eu\/ro\/#website","url":"https:\/\/nevask.eu\/ro\/","name":"NEVA","description":"Vonkaj\u0161ie \u017eal\u00fazie a screenov\u00e9 rolety","potentialAction":[{"@type":"SearchAction","target":{"@type":"EntryPoint","urlTemplate":"https:\/\/nevask.eu\/ro\/?s={search_term_string}"},"query-input":{"@type":"PropertyValueSpecification","valueRequired":true,"valueName":"search_term_string"}}],"inLanguage":"ro-RO"}]}},"_links":{"self":[{"href":"https:\/\/nevask.eu\/ro\/wp-json\/wp\/v2\/pages\/8362","targetHints":{"allow":["GET"]}}],"collection":[{"href":"https:\/\/nevask.eu\/ro\/wp-json\/wp\/v2\/pages"}],"about":[{"href":"https:\/\/nevask.eu\/ro\/wp-json\/wp\/v2\/types\/page"}],"author":[{"embeddable":true,"href":"https:\/\/nevask.eu\/ro\/wp-json\/wp\/v2\/users\/52"}],"replies":[{"embeddable":true,"href":"https:\/\/nevask.eu\/ro\/wp-json\/wp\/v2\/comments?post=8362"}],"version-history":[{"count":5,"href":"https:\/\/nevask.eu\/ro\/wp-json\/wp\/v2\/pages\/8362\/revisions"}],"predecessor-version":[{"id":10219,"href":"https:\/\/nevask.eu\/ro\/wp-json\/wp\/v2\/pages\/8362\/revisions\/10219"}],"up":[{"embeddable":true,"href":"https:\/\/nevask.eu\/ro\/wp-json\/wp\/v2\/pages\/211"}],"wp:attachment":[{"href":"https:\/\/nevask.eu\/ro\/wp-json\/wp\/v2\/media?parent=8362"}],"curies":[{"name":"wp","href":"https:\/\/api.w.org\/{rel}","templated":true}]}}