{"id":8364,"date":"2025-07-09T13:50:19","date_gmt":"2025-07-09T11:50:19","guid":{"rendered":"https:\/\/nevask.eu\/?page_id=8364"},"modified":"2025-09-12T10:19:05","modified_gmt":"2025-09-12T08:19:05","slug":"avantaje-neva-proiectanti-arhitecti","status":"publish","type":"page","link":"https:\/\/nevask.eu\/ro\/despre-neva\/avantaje-neva-proiectanti-arhitecti\/","title":{"rendered":"Avantajele pentru proiectan\u021bi \u0219i arhitec\u021bi"},"content":{"rendered":"\n\n\n\n\n\n<div class=\"section narrow white\">\n\t<div class=\"container\">\n\t\t<div class=\"cell\">\n\t\t\t<ul class=\"breadcrumbs\">\n\t\t\t\t<li><a href=\"https:\/\/nevask.eu\/ro\/\">Home<\/a><\/li>\n\n\t\t\t\t\n\t\t\t<\/ul>\n\t\t<\/div>\n\t<\/div>\n<\/div>\n\n\n\n\n\n<div  class=\"section white\">\n\t<div class=\"container full left\">\n\t\t<div class=\"cell\">\n\t\t\t<h1>Avantajele NEVA\u00ae pentru proiectan\u021bi \u0219i arhitec\u021bi<\/h1>\n\t\t<\/div>\n\t<\/div>\n<\/div>\n\n\n\n\n\n\n\n\n<div  class=\"section white\">\n\t<div class=\"container cols-40p-60p\">\n\n\t\t\n\t\t\t<div class=\"cell left top\">\n\t\t\t\t<img decoding=\"async\" src=\"https:\/\/nevask.eu\/wp-content\/uploads\/2025\/07\/TOM3646-kopie-2-1024x683.jpg\" alt=\"\">\n\t\t\t<\/div>\n\n\t\t\n\n\n\t\t<div class=\"cell\">\n\n\t\t\t<h3 class=\"u-align-left u-text u-text-palette-2-base u-text-1\">\u00cen fiecare an Umbrim, peste 500 de cl\u0103diri \u00een \u00eentreaga lume.<\/h3>\n<p>Ast\u0103zi, jaluzelele NEVA pot fi g\u0103site \u00een 42 de \u021b\u0103ri din \u00eentreaga lume. Umbresc casele private, dar \u0219i sute de cl\u0103diri de birouri, cl\u0103diri reziden\u021biale sau centre comerciale, care au c\u00e2\u0219tigat fiecare c\u00e2te un premiu de arhitectur\u0103.<\/p>\n\n\t\t\t\t\t\t\t<a href=\"https:\/\/nevask.eu\/ro\/deveniti-partenerul-nostru\/\" target=\"\" class=\"button\">Deveni\u021bi partenerul nostru<\/a>\n\t\t\t\n\t\t<\/div>\n\n\n\n\t\t\n\t<\/div>\n<\/div>\n\n\n\n\n\n<div  class=\"section tint\">\n\n\t\n\n\n\t\n\t<div class=\"container cols-33p text-blocks\" style=\"\">\n\n\t\t\n\t\t\t\n\t\t\t\t\n\t\t\t\t<div class=\"cell\" style=\"\">\n\n\t\t\t\t\t\n\t\t\t\t\t\t<div class=\"icon-title\">\n\n\t\t\t\t\t\t\t\t\t\t\t\t\t\t\t<img decoding=\"async\" src=\"https:\/\/nevask.eu\/wp-content\/uploads\/2025\/07\/1077063-2fc07505.png.webp\" alt=\"piktogram - \u010dlovek\">\n\t\t\t\t\t\t\t\n\t\t\t\t\t\t\t\t\t\t\t\t\t\t\t<h3 class=\"h5\"> Speciali\u0219it \u00een fabricarea jaluziilor<\/h3>\n\t\t\t\t\t\t\t\n\t\t\t\t\t\t<\/div>\n\n\t\t\t\t\t\n\n\n\t\t\t\t\t<p>Suntem lideri pe pia\u021ba sistemelor de umbrire de mai mult de 35 de ani.<\/p>\n\n\t\t\t\t<\/div>\n\t\t\t\n\t\t\t\t\n\t\t\t\t<div class=\"cell\" style=\"\">\n\n\t\t\t\t\t\n\t\t\t\t\t\t<div class=\"icon-title\">\n\n\t\t\t\t\t\t\t\t\t\t\t\t\t\t\t<img decoding=\"async\" src=\"https:\/\/nevask.eu\/wp-content\/uploads\/2025\/07\/596092-cee06a0f.png.webp\" alt=\"piktogram - ampli\u00f3n\">\n\t\t\t\t\t\t\t\n\t\t\t\t\t\t\t\t\t\t\t\t\t\t\t<h3 class=\"h5\">Piese de \u00eenalt\u0103 calitate<\/h3>\n\t\t\t\t\t\t\t\n\t\t\t\t\t\t<\/div>\n\n\t\t\t\t\t\n\n\n\t\t\t\t\t<p>Jaluziille noastre sunt fabricate pe ma\u0219ini<\/p>\n\n\t\t\t\t<\/div>\n\t\t\t\n\t\t\t\t\n\t\t\t\t<div class=\"cell\" style=\"\">\n\n\t\t\t\t\t\n\t\t\t\t\t\t<div class=\"icon-title\">\n\n\t\t\t\t\t\t\t\t\t\t\t\t\t\t\t<img decoding=\"async\" src=\"https:\/\/nevask.eu\/wp-content\/uploads\/2025\/07\/810024-6c79252f.png.webp\" alt=\"piktogram - lakovanie, striekanie\">\n\t\t\t\t\t\t\t\n\t\t\t\t\t\t\t\t\t\t\t\t\t\t\t<h3 class=\"h5\">Cabin\u0103 de vospit proprie<\/h3>\n\t\t\t\t\t\t\t\n\t\t\t\t\t\t<\/div>\n\n\t\t\t\t\t\n\n\n\t\t\t\t\t<p>Cabina de vopsit proprie asigur\u0103 respectarea termenelor de produc\u021bie.<\/p>\n\n\t\t\t\t<\/div>\n\t\t\t\n\t\t\t\t\n\t\t\t\t<div class=\"cell\" style=\"\">\n\n\t\t\t\t\t\n\t\t\t\t\t\t<div class=\"icon-title\">\n\n\t\t\t\t\t\t\t\t\t\t\t\t\t\t\t<img decoding=\"async\" src=\"https:\/\/nevask.eu\/wp-content\/uploads\/2025\/07\/1945923-e94f5fc8.png.webp\" alt=\"Piktogram - dokumenty\">\n\t\t\t\t\t\t\t\n\t\t\t\t\t\t\t\t\t\t\t\t\t\t\t<h3 class=\"h5\">Manual tehnic<\/h3>\n\t\t\t\t\t\t\t\n\t\t\t\t\t\t<\/div>\n\n\t\t\t\t\t\n\n\n\t\t\t\t\t<p>Manual tehnic \u00een format tip\u0103rit \u0219i electronic, actualizat periodic \u0219i tradus \u00een mai multe limbi.<\/p>\n\n\t\t\t\t<\/div>\n\t\t\t\n\t\t\t\t\n\t\t\t\t<div class=\"cell\" style=\"\">\n\n\t\t\t\t\t\n\t\t\t\t\t\t<div class=\"icon-title\">\n\n\t\t\t\t\t\t\t\t\t\t\t\t\t\t\t<img decoding=\"async\" src=\"https:\/\/nevask.eu\/wp-content\/uploads\/2025\/07\/6657216-a73c2944-1.png.webp\" alt=\"piktogram - \">\n\t\t\t\t\t\t\t\n\t\t\t\t\t\t\t\t\t\t\t\t\t\t\t<h3 class=\"h5\">Jaluzii unicate<\/h3>\n\t\t\t\t\t\t\t\n\t\t\t\t\t\t<\/div>\n\n\t\t\t\t\t\n\n\n\t\t\t\t\t<p>Jaluzii unicate fabritate dup\u0103 cererea clientului \u200bEgyedi<\/p>\n\n\t\t\t\t<\/div>\n\t\t\t\n\t\t\t\t\n\t\t\t\t<div class=\"cell\" style=\"\">\n\n\t\t\t\t\t\n\t\t\t\t\t\t<div class=\"icon-title\">\n\n\t\t\t\t\t\t\t\t\t\t\t\t\t\t\t<img decoding=\"async\" src=\"https:\/\/nevask.eu\/wp-content\/uploads\/2025\/07\/66163-fb0876ab-e1752145793790.png\" alt=\"piktogram - \u010das, term\u00edny\">\n\t\t\t\t\t\t\t\n\t\t\t\t\t\t\t\t\t\t\t\t\t\t\t<h3 class=\"h5\">Termeni de livrare foarte scurt<\/h3>\n\t\t\t\t\t\t\t\n\t\t\t\t\t\t<\/div>\n\n\t\t\t\t\t\n\n\n\t\t\t\t\t<p>Datorit\u0103 stocului suficient, putem, de asemenea, s\u0103 respect\u0103m termene scurte de produc\u021bie \u00een sezon.<\/p>\n\n\t\t\t\t<\/div>\n\t\t\t\n\t\t\n\t<\/div>\n\n\n\n\t\n<\/div>\n\n\n\n\n\n<div class=\"section white\">\n\t<div class=\"container\">\n\t\t<div class=\"cell\">\n\t\t\t<hr class=\"separator\">\n\t\t<\/div>\n\t<\/div>\n<\/div>\n\n\n\n\n\n\n\n\n<div  class=\"section white\">\n\t<div class=\"container cols-60p-40p\">\n\n\t\t\n\n\n\t\t<div class=\"cell\">\n\n\t\t\t<h3 class=\"u-text u-text-palette-1-base u-text-1\">Configurator BIM<\/h3>\n<h5 class=\"u-text u-text-palette-1-base u-text-2\">Configurator de Jaluzele exterioare \u0219i Zipscreen<\/h5>\n<p>Configuratorul nostru BIM este un instrument care v\u0103 permite s\u0103 crea\u021bi \u0219i s\u0103 afi\u0219a\u021bi produsele noastre \u00een programele ArchiCAD \u0219i Revit \u00een designul pe care \u00eel specifica\u021bi. Cu ajutorul configuratorului, pute\u021bi seta cu u\u0219urin\u021b\u0103 diver\u0219i parametri, precum dimensiunea, materialul, culoarea, controlul, precum \u0219i instalarea produselor.<\/p>\n\n\t\t\t\t\t\t\t<a href=\"https:\/\/catalog3d.app.bimproject.cloud\/neva\/5da31d60ef43230011bcad37\" target=\"_blank\" class=\"button\">Configurator<\/a>\n\t\t\t\n\t\t<\/div>\n\n\n\n\t\t\n\t\t\t<div class=\"cell left top\">\n\t\t\t\t<img decoding=\"async\" src=\"https:\/\/nevask.eu\/wp-content\/uploads\/2025\/07\/bpc-logo-yellow.webp\" alt=\"\">\n\t\t\t<\/div>\n\n\t\t\n\t<\/div>\n<\/div>\n\n\n\n\n\n\n\n\n<div  class=\"section white\">\n\t<div class=\"container cols-40p-60p\">\n\n\t\t\n\t\t\t<div class=\"cell left top\">\n\t\t\t\t<img decoding=\"async\" src=\"https:\/\/nevask.eu\/wp-content\/uploads\/2025\/07\/stante-sa-partnerom-neva-1-1024x576.webp\" alt=\"\">\n\t\t\t<\/div>\n\n\t\t\n\n\n\t\t<div class=\"cell\">\n\n\t\t\t<h5 class=\"u-text u-text-palette-1-base u-text-4\">Cum se utilizeaz\u0103 configuratorul?<\/h5>\n<ul class=\"u-text u-text-5\">\n<li>Configuratorul genereaz\u0103 o vizualizare realist\u0103 care v\u0103 permite s\u0103 vede\u021bi designul final al produsului.<\/li>\n<li>Ofer\u0103 diferite puncte de vedere \u00een care pute\u021bi regla unghiul lamelelor \u0219i posibilitatea s\u0103 evalua\u021bi modul \u00een care acestea afecteaz\u0103 aspectul cl\u0103dirii atunci c\u00e2nd le importa\u021bi \u00eentr-un proiect de cl\u0103dire \u00een sistemul BIM.<\/li>\n<li>Datorit\u0103 configuratorului, ob\u021bine\u021bi informa\u021bii precise despre datele tehnice ale produselor \u0219i al\u021bi parametri importan\u021bi, ceea ce cre\u0219te acurate\u021bea proiect\u0103rii.<\/li>\n<li>Configuratorul este conceput at\u00e2t pentru echipele de instalare, c\u00e2t \u0219i pentru proiectan\u021bi sau arhitec\u021bi.<\/li>\n<\/ul>\n<p>&nbsp;<\/p>\n\n\t\t\t\n\t\t<\/div>\n\n\n\n\t\t\n\t<\/div>\n<\/div>\n\n\n\n\n\n<div  class=\"section tint\">\n\n\t\n\n\n\t\n\t<div class=\"container cols-25p text-blocks\" style=\"\">\n\n\t\t\n\t\t\t\n\t\t\t\t\n\t\t\t\t<div class=\"cell\" style=\"\">\n\n\t\t\t\t\t\n\t\t\t\t\t\t<div class=\"icon-title\">\n\n\t\t\t\t\t\t\t\t\t\t\t\t\t\t\t<img decoding=\"async\" src=\"https:\/\/nevask.eu\/wp-content\/uploads\/2025\/06\/icon-placeholder.png\" alt=\"piktogram - \">\n\t\t\t\t\t\t\t\n\t\t\t\t\t\t\t\t\t\t\t\t\t\t\t<h3 class=\"h5\">Schi\u021be<\/h3>\n\t\t\t\t\t\t\t\n\t\t\t\t\t\t<\/div>\n\n\t\t\t\t\t\n\n\n\t\t\t\t\t<p>Desene tehnice disponibile pe pagina noastr\u0103, \u0219i \u00een format DWG la cerere.<\/p>\n\n\t\t\t\t<\/div>\n\t\t\t\n\t\t\t\t\n\t\t\t\t<div class=\"cell\" style=\"\">\n\n\t\t\t\t\t\n\t\t\t\t\t\t<div class=\"icon-title\">\n\n\t\t\t\t\t\t\t\t\t\t\t\t\t\t\t<img decoding=\"async\" src=\"https:\/\/nevask.eu\/wp-content\/uploads\/2025\/07\/1606186-2289c0a8.png.webp\" alt=\"Piktogram - vzorkovn\u00edk farieb\">\n\t\t\t\t\t\t\t\n\t\t\t\t\t\t\t\t\t\t\t\t\t\t\t<h3 class=\"h5\">Modele<\/h3>\n\t\t\t\t\t\t\t\n\t\t\t\t\t\t<\/div>\n\n\t\t\t\t\t\n\n\n\t\t\t\t\t<p>V\u0103 oferim diferite modele pentru spa\u021biile dumneavoastr\u0103.<\/p>\n\n\t\t\t\t<\/div>\n\t\t\t\n\t\t\t\t\n\t\t\t\t<div class=\"cell\" style=\"\">\n\n\t\t\t\t\t\n\t\t\t\t\t\t<div class=\"icon-title\">\n\n\t\t\t\t\t\t\t\t\t\t\t\t\t\t\t<img decoding=\"async\" src=\"https:\/\/nevask.eu\/wp-content\/uploads\/2025\/07\/244210-4a2be71e.png.webp\" alt=\"piktogram - mobiln\u00fd telefon\">\n\t\t\t\t\t\t\t\n\t\t\t\t\t\t\t\t\t\t\t\t\t\t\t<h3 class=\"h5\">Aplica\u021bia NEVA<\/h3>\n\t\t\t\t\t\t\t\n\t\t\t\t\t\t<\/div>\n\n\t\t\t\t\t\n\n\n\t\t\t\t\t<p>NEVA App pentru sistemele de operare iOS \u0219i Android<\/p>\n\n\t\t\t\t<\/div>\n\t\t\t\n\t\t\t\t\n\t\t\t\t<div class=\"cell\" style=\"\">\n\n\t\t\t\t\t\n\t\t\t\t\t\t<div class=\"icon-title\">\n\n\t\t\t\t\t\t\t\t\t\t\t\t\t\t\t<img decoding=\"async\" src=\"https:\/\/nevask.eu\/wp-content\/uploads\/2025\/07\/2541979-4205f55d.png.webp\" alt=\"Piktogram h\u00e1rky papiera\">\n\t\t\t\t\t\t\t\n\t\t\t\t\t\t\t\t\t\t\t\t\t\t\t<h3 class=\"h5\">Materiale marketing<\/h3>\n\t\t\t\t\t\t\t\n\t\t\t\t\t\t<\/div>\n\n\t\t\t\t\t\n\n\n\t\t\t\t\t<p>Bro\u0219urile \u0219i cataloagele sunt disponibile \u00een format tip\u0103rit \u0219i electronic. De asemenea, furniz\u0103m, la cerere, materiale pentru dezvoltarea de site-uri web.<\/p>\n\n\t\t\t\t<\/div>\n\t\t\t\n\t\t\n\t<\/div>\n\n\n\n\t\n<\/div>\n\n\n\n\n\n<div class=\"section white\">\n\t<div class=\"container\">\n\t\t<div class=\"cell\">\n\t\t\t<hr class=\"separator\">\n\t\t<\/div>\n\t<\/div>\n<\/div>\n\n\n\n\n\n<div  class=\"section hero\">\n\t<div class=\"container col-45p\">\n\t\t<div class=\"cell dark \">\n\n\t\t\t<h1 class=\"u-text u-text-palette-2-base u-title u-text-1\">Fi\u021bi partenerul nostru<\/h1>\n<p>Pentru u\u0219urarea lucr\u0103rilor de montare v\u0103 asigur\u0103m divese aplica\u021bii \u0219u documenta\u021bie tehnic\u0103.<\/p>\n\n\t\t\t\t\t\t\t<a href=\"https:\/\/nevask.eu\/ro\/deveniti-partenerul-nostru-forma\/\" target=\"\" class=\"button\">Deveni\u021bi partenerul nostru<\/a>\n\t\t\t\n\t\t<\/div>\n\n\n\n\t\t<div class=\"bg-hero-slider\">\n\n\t\t\t\n\t\t\t\t\t\t\t\t\t<img decoding=\"async\" width=\"1500\" height=\"1000\" src=\"https:\/\/nevask.eu\/wp-content\/uploads\/2025\/07\/centrala-nevask.webp\" class=\"bg-hero\" alt=\"\u0160kolenie k vonkaj\u0161\u00edm \u017eal\u00fazi\u00e1m NEVA\" fetchpriority=\"high\" srcset=\"https:\/\/nevask.eu\/wp-content\/uploads\/2025\/07\/centrala-nevask.webp 1500w, https:\/\/nevask.eu\/wp-content\/uploads\/2025\/07\/centrala-nevask-300x200.webp 300w, https:\/\/nevask.eu\/wp-content\/uploads\/2025\/07\/centrala-nevask-1024x683.webp 1024w, https:\/\/nevask.eu\/wp-content\/uploads\/2025\/07\/centrala-nevask-768x512.webp 768w\" sizes=\"(max-width: 1500px) 100vw, 1500px\" \/>\t\t\t\t\n\t\t\t\n\t\t<\/div>\n\t<\/div>\n<\/div>\n","protected":false},"excerpt":{"rendered":"","protected":false},"author":52,"featured_media":0,"parent":211,"menu_order":0,"comment_status":"closed","ping_status":"closed","template":"","meta":{"_acf_changed":false,"inline_featured_image":false,"footnotes":""},"class_list":["post-8364","page","type-page","status-publish","hentry"],"acf":[],"yoast_head":"<!-- This site is optimized with the Yoast SEO plugin v27.5 - https:\/\/yoast.com\/product\/yoast-seo-wordpress\/ -->\n<title>Avantajele NEVA pentru proiectan\u021bi \u0219i arhitec\u021bi | NEVA<\/title>\n<meta name=\"description\" content=\"Jaluzelele NEVA se g\u0103sesc \u00een 42 de \u021b\u0103ri din \u00eentreaga lume. Ele umbresc eficient \u0219i durabil case de locuit, birouri moderne, apartamente \u0219i centre comerciale.\" \/>\n<meta name=\"robots\" content=\"index, follow, max-snippet:-1, max-image-preview:large, max-video-preview:-1\" \/>\n<link rel=\"canonical\" href=\"https:\/\/nevask.eu\/ro\/despre-neva\/avantaje-neva-proiectanti-arhitecti\/\" \/>\n<meta property=\"og:locale\" content=\"ro_RO\" \/>\n<meta property=\"og:type\" content=\"article\" \/>\n<meta property=\"og:title\" content=\"Avantajele NEVA pentru proiectan\u021bi \u0219i arhitec\u021bi | NEVA\" \/>\n<meta property=\"og:description\" content=\"Jaluzelele NEVA se g\u0103sesc \u00een 42 de \u021b\u0103ri din \u00eentreaga lume. Ele umbresc eficient \u0219i durabil case de locuit, birouri moderne, apartamente \u0219i centre comerciale.\" \/>\n<meta property=\"og:url\" content=\"https:\/\/nevask.eu\/ro\/despre-neva\/avantaje-neva-proiectanti-arhitecti\/\" \/>\n<meta property=\"og:site_name\" content=\"NEVA\" \/>\n<meta property=\"article:modified_time\" content=\"2025-09-12T08:19:05+00:00\" \/>\n<meta name=\"twitter:card\" content=\"summary_large_image\" \/>\n<meta name=\"twitter:label1\" content=\"Timp estimat pentru citire\" \/>\n\t<meta name=\"twitter:data1\" content=\"5 minute\" \/>\n<!-- \/ Yoast SEO plugin. -->","yoast_head_json":{"title":"Avantajele NEVA pentru proiectan\u021bi \u0219i arhitec\u021bi | NEVA","description":"Jaluzelele NEVA se g\u0103sesc \u00een 42 de \u021b\u0103ri din \u00eentreaga lume. Ele umbresc eficient \u0219i durabil case de locuit, birouri moderne, apartamente \u0219i centre comerciale.","robots":{"index":"index","follow":"follow","max-snippet":"max-snippet:-1","max-image-preview":"max-image-preview:large","max-video-preview":"max-video-preview:-1"},"canonical":"https:\/\/nevask.eu\/ro\/despre-neva\/avantaje-neva-proiectanti-arhitecti\/","og_locale":"ro_RO","og_type":"article","og_title":"Avantajele NEVA pentru proiectan\u021bi \u0219i arhitec\u021bi | NEVA","og_description":"Jaluzelele NEVA se g\u0103sesc \u00een 42 de \u021b\u0103ri din \u00eentreaga lume. Ele umbresc eficient \u0219i durabil case de locuit, birouri moderne, apartamente \u0219i centre comerciale.","og_url":"https:\/\/nevask.eu\/ro\/despre-neva\/avantaje-neva-proiectanti-arhitecti\/","og_site_name":"NEVA","article_modified_time":"2025-09-12T08:19:05+00:00","twitter_card":"summary_large_image","twitter_misc":{"Timp estimat pentru citire":"5 minute"},"schema":{"@context":"https:\/\/schema.org","@graph":[{"@type":"WebPage","@id":"https:\/\/nevask.eu\/ro\/despre-neva\/avantaje-neva-proiectanti-arhitecti\/","url":"https:\/\/nevask.eu\/ro\/despre-neva\/avantaje-neva-proiectanti-arhitecti\/","name":"Avantajele NEVA pentru proiectan\u021bi \u0219i arhitec\u021bi | NEVA","isPartOf":{"@id":"https:\/\/nevask.eu\/ro\/#website"},"datePublished":"2025-07-09T11:50:19+00:00","dateModified":"2025-09-12T08:19:05+00:00","description":"Jaluzelele NEVA se g\u0103sesc \u00een 42 de \u021b\u0103ri din \u00eentreaga lume. Ele umbresc eficient \u0219i durabil case de locuit, birouri moderne, apartamente \u0219i centre comerciale.","breadcrumb":{"@id":"https:\/\/nevask.eu\/ro\/despre-neva\/avantaje-neva-proiectanti-arhitecti\/#breadcrumb"},"inLanguage":"ro-RO","potentialAction":[{"@type":"ReadAction","target":["https:\/\/nevask.eu\/ro\/despre-neva\/avantaje-neva-proiectanti-arhitecti\/"]}]},{"@type":"BreadcrumbList","@id":"https:\/\/nevask.eu\/ro\/despre-neva\/avantaje-neva-proiectanti-arhitecti\/#breadcrumb","itemListElement":[{"@type":"ListItem","position":1,"name":"Home","item":"https:\/\/nevask.eu\/ro\/"},{"@type":"ListItem","position":2,"name":"Despre NEVA","item":"https:\/\/nevask.eu\/ro\/despre-neva\/"},{"@type":"ListItem","position":3,"name":"Avantajele pentru proiectan\u021bi \u0219i arhitec\u021bi"}]},{"@type":"WebSite","@id":"https:\/\/nevask.eu\/ro\/#website","url":"https:\/\/nevask.eu\/ro\/","name":"NEVA","description":"Vonkaj\u0161ie \u017eal\u00fazie a screenov\u00e9 rolety","potentialAction":[{"@type":"SearchAction","target":{"@type":"EntryPoint","urlTemplate":"https:\/\/nevask.eu\/ro\/?s={search_term_string}"},"query-input":{"@type":"PropertyValueSpecification","valueRequired":true,"valueName":"search_term_string"}}],"inLanguage":"ro-RO"}]}},"_links":{"self":[{"href":"https:\/\/nevask.eu\/ro\/wp-json\/wp\/v2\/pages\/8364","targetHints":{"allow":["GET"]}}],"collection":[{"href":"https:\/\/nevask.eu\/ro\/wp-json\/wp\/v2\/pages"}],"about":[{"href":"https:\/\/nevask.eu\/ro\/wp-json\/wp\/v2\/types\/page"}],"author":[{"embeddable":true,"href":"https:\/\/nevask.eu\/ro\/wp-json\/wp\/v2\/users\/52"}],"replies":[{"embeddable":true,"href":"https:\/\/nevask.eu\/ro\/wp-json\/wp\/v2\/comments?post=8364"}],"version-history":[{"count":6,"href":"https:\/\/nevask.eu\/ro\/wp-json\/wp\/v2\/pages\/8364\/revisions"}],"predecessor-version":[{"id":10107,"href":"https:\/\/nevask.eu\/ro\/wp-json\/wp\/v2\/pages\/8364\/revisions\/10107"}],"up":[{"embeddable":true,"href":"https:\/\/nevask.eu\/ro\/wp-json\/wp\/v2\/pages\/211"}],"wp:attachment":[{"href":"https:\/\/nevask.eu\/ro\/wp-json\/wp\/v2\/media?parent=8364"}],"curies":[{"name":"wp","href":"https:\/\/api.w.org\/{rel}","templated":true}]}}