{"id":8436,"date":"2025-07-07T15:11:06","date_gmt":"2025-07-07T13:11:06","guid":{"rendered":"https:\/\/nevask.eu\/?page_id=8436"},"modified":"2025-09-12T09:56:57","modified_gmt":"2025-09-12T07:56:57","slug":"casa-inteligenta-loxone","status":"publish","type":"page","link":"https:\/\/nevask.eu\/ro\/control-casa-inteligenta\/casa-inteligenta-loxone\/","title":{"rendered":"SmartHome Loxone"},"content":{"rendered":"\n\n\n\n\n\n<div class=\"section narrow white\">\n\t<div class=\"container\">\n\t\t<div class=\"cell\">\n\t\t\t<ul class=\"breadcrumbs\">\n\t\t\t\t<li><a href=\"https:\/\/nevask.eu\/ro\/\">Home<\/a><\/li>\n\n\t\t\t\t\n\t\t\t<\/ul>\n\t\t<\/div>\n\t<\/div>\n<\/div>\n\n\n\n\n\n<div  class=\"section full-image\">\n\t<div class=\"container\">\n\t\t<div class=\"cell image h420\">\n\n\t\t\t\t\t\t\t<img decoding=\"async\" src=\"https:\/\/nevask.eu\/wp-content\/uploads\/2025\/07\/tecpoint_sro_cover.jpeg.webp\" alt=\"\">\n\t\t\t\n\t\t<\/div>\n\t<\/div>\n<\/div>\n\n\n\n\n\n\n\n\n<div  class=\"section white\">\n\t<div class=\"container cols-50p\">\n\n\t\t\n\n\n\t\t<div class=\"cell\">\n\n\t\t\t<h1 class=\"u-align-left u-text u-text-1\">LOXONE<br \/>\nCas\u0103 inteligent\u0103 profesional\u0103<\/h1>\n<p class=\"p-large\">Mai pu\u0163ine sarcini de rutin\u0103, mai mult timp pentru via\u0163\u0103.<\/p>\n<p>Casa inteligent\u0103 cu LEXONE g\u00e2nde\u015fte \u015fi ac\u0163ioneaz\u0103 ca \u015fi tine.<\/p>\n<h2 class=\"u-text u-text-1\"><img loading=\"lazy\" decoding=\"async\" class=\"alignnone size-medium wp-image-3454\" src=\"https:\/\/nevask.eu\/wp-content\/uploads\/2025\/07\/images-300x67.png\" alt=\"\" width=\"300\" height=\"67\" srcset=\"https:\/\/nevask.eu\/wp-content\/uploads\/2025\/07\/images-300x67.png 300w, https:\/\/nevask.eu\/wp-content\/uploads\/2025\/07\/images.png 476w\" sizes=\"auto, (max-width: 300px) 100vw, 300px\" \/><\/h2>\n<p>Sistemele de umbrire automatizate care se adapteaz\u0103 automat la pozi\u0163ia soarelui \u015fi la intensitatea luminii solare. Colaboreaz\u0103 activ cu sistemul dumneavoastr\u0103 de \u00eenc\u0103lzire \u0219i climatizare, \u015fi prin asta men\u021bin o temperatur\u0103 optim\u0103 \u00een \u00eenc\u0103peri.<\/p>\n<p>Sistemul Loxone regleaz\u0103 automat <a href=\"https:\/\/nevask.eu\/ro\/jaluzele-exterioare-neva\/\">jaluzelele exterioare<\/a> pentru a aduce \u00een cas\u0103 c\u00e2t mai mult\u0103 lumin\u0103 natural\u0103, reduc\u00e2nd la minimum utilizarea luminii artificiale.<\/p>\n<p>&nbsp;<\/p>\n\n\t\t\t\n\t\t<\/div>\n\n\n\n\t\t\n\t\t\t<div class=\"cell center vcenter\">\n\t\t\t\t<img decoding=\"async\" src=\"https:\/\/nevask.eu\/wp-content\/uploads\/2025\/07\/loxone_smart_home_person_wohnraum-1024x768.jpg\" alt=\"\">\n\t\t\t<\/div>\n\n\t\t\n\t<\/div>\n<\/div>\n\n\n\n\n\n\n\n\n<div  class=\"section white\">\n\t<div class=\"container cols-50p\">\n\n\t\t\n\t\t\t<div class=\"cell center vcenter\">\n\t\t\t\t<img decoding=\"async\" src=\"https:\/\/nevask.eu\/wp-content\/uploads\/2025\/07\/loxone-miniserver.webp\" alt=\"\">\n\t\t\t<\/div>\n\n\t\t\n\n\n\t\t<div class=\"cell\">\n\n\t\t\t<h2>Cum func\u0163ioneaz\u0103 automatizarea inteligent\u0103 oferit\u0103 de Loxone?<\/h2>\n<p>Inima sistemului Lexone este Miniserver-ul verde, care \u015ftie exact c\u00e2nd \u015fi cum s\u0103 ac\u0163ioneze. Reguleaz\u0103 automat toate dispozitivele conectate \u00een func\u0163ie de preferim\u0163ele dumneavoastr\u0103 individuale, prin aceasta v\u0103 salveaz\u0103 timp pre\u0163ios, cre\u0219te confortul \u0219i siguran\u021ba \u0219i \u00een acela\u0219i timp, reduce consumul de energie.<\/p>\n<p>Iluminarea, umbrirea, \u00eenc\u0103lzirea, sistemele multimedia \u0219i alte tehnologii colaboreaz\u0103 perfect, f\u0103r\u0103 interven\u021bie manual\u0103. De exemplu sta\u0163ia meteo transmite Miniserverului date despre pozi\u0163ia soarelui, iar acesta regleaz\u0103 automat jaluzelele pentru a oferi o protec\u021bie optim\u0103 \u00eempotriva supra\u00eenc\u0103lzirii.<\/p>\n<p>\u00cen cazul \u00een care dori\u021bi s\u0103 personaliza\u021bi set\u0103rile, pute\u021bi face acest lucru simplu, folosind aplica\u021bia Loxone sau comenzile inteligente.<\/p>\n\n\t\t\t\n\t\t<\/div>\n\n\n\n\t\t\n\t<\/div>\n<\/div>\n\n\n\n\n\n<div  class=\"section tint\">\n\n\t\n\t\t<div class=\"container intro\">\n\t\t\t<div class=\"cell\">\n\t\t\t\t<h2>Ce anume \u00eel face pe Lexone unic?<\/h2>\n\t\t\t<\/div>\n\t\t<\/div>\n\n\t\n\n\n\t\n\t<div class=\"container cols-25p text-blocks text-blocks-border\" style=\"\">\n\n\t\t\n\t\t\t\n\t\t\t\t\n\t\t\t\t<div class=\"cell\" style=\"\">\n\n\t\t\t\t\t\n\n\n\t\t\t\t\t<h4 class=\"u-align-center u-text u-text-custom-color-8 u-text-2\">Nu are nevoie de claud<\/h4>\n<p>Ne pas\u0103 de siguran\u021ba dumneavoastr\u0103. Nu avem nevoie s\u0103 v\u0103 colect\u0103m datele, iar produsele noastre func\u021bioneaz\u0103 chiar \u0219i f\u0103r\u0103 conexiune la internet.<\/p>\n\n\t\t\t\t<\/div>\n\t\t\t\n\t\t\t\t\n\t\t\t\t<div class=\"cell\" style=\"\">\n\n\t\t\t\t\t\n\n\n\t\t\t\t\t<h3 class=\"u-align-center u-text u-text-custom-color-8 u-text-default-lg u-text-default-md u-text-default-sm u-text-default-xl u-text-default-xxl u-text-4\">Colaborarea tehnologiilor<\/h3>\n<p>Cu ajutorul Loxone, conect\u0103m \u00een mod fiabil dispozitivele inteligente pentru a asigura o colaborare eficient\u0103 \u00eentre ele.<\/p>\n\n\t\t\t\t<\/div>\n\t\t\t\n\t\t\t\t\n\t\t\t\t<div class=\"cell\" style=\"\">\n\n\t\t\t\t\t\n\n\n\t\t\t\t\t<h3 class=\"u-align-center u-text u-text-custom-color-8 u-text-default-lg u-text-default-md u-text-default-sm u-text-default-xl u-text-default-xxl u-text-6\">M\u0103rimea nu conteaz\u0103<\/h3>\n<div class=\"u-align-center u-container-align-center u-container-style u-list-item u-repeater-item u-shape-rectangle u-white u-list-item-3\">\n<div class=\"u-container-layout u-similar-container u-container-layout-3\">\n<p class=\"u-align-center u-text u-text-7\">Fie c\u0103 este vorba de un apartament, o cas\u0103 sau chiar o cl\u0103dire de birouri \u00eentreag\u0103 \u2013 putem gestiona orice.<\/p>\n<\/div>\n<\/div>\n<div class=\"u-align-center u-container-align-center u-container-style u-list-item u-repeater-item u-shape-rectangle u-white u-list-item-4\">\n<div class=\"u-container-layout u-similar-container u-container-layout-4\"><\/div>\n<\/div>\n\n\t\t\t\t<\/div>\n\t\t\t\n\t\t\t\t\n\t\t\t\t<div class=\"cell\" style=\"\">\n\n\t\t\t\t\t\n\n\n\t\t\t\t\t<h4 class=\"u-align-center u-text u-text-custom-color-8 u-text-8\">Totul de la un singur produc\u0103tor<\/h4>\n<p>Loxone proiecteaz\u0103 hardware-ul, \u015fi deasemenea dezvolt\u0103 \u0219i actualizeaz\u0103 software-ul. \u00cen plus, ofer\u0103 suport de \u00eenalt\u0103 calitate.<\/p>\n\n\t\t\t\t<\/div>\n\t\t\t\n\t\t\t\t\n\t\t\t\t<div class=\"cell\" style=\"\">\n\n\t\t\t\t\t\n\n\n\t\t\t\t\t<h4 class=\"u-align-center u-text u-text-custom-color-8 u-text-10\">Cel mai \u00eenalt standard de calitate<\/h4>\n<p>Pentru noi, calitatea este esen\u021bial\u0103, la fel ca \u0219i garantarea func\u021bion\u0103rii fiabile a produselor noastre chiar \u0219i pe termen lung. Loxone nu a externalizat dezvoltarea \u0219i produc\u021bia \u00een China.<\/p>\n\n\t\t\t\t<\/div>\n\t\t\t\n\t\t\t\t\n\t\t\t\t<div class=\"cell\" style=\"\">\n\n\t\t\t\t\t\n\n\n\t\t\t\t\t<h4 class=\"u-align-center u-text u-text-custom-color-8 u-text-12\">Extindere u\u0219oar\u0103<\/h4>\n<div class=\"u-align-center u-container-align-center u-container-style u-list-item u-repeater-item u-shape-rectangle u-white u-list-item-6\">\n<div class=\"u-container-layout u-similar-container u-container-layout-6\">\n<p class=\"u-align-center u-text u-text-13\">Nu este nevoie s\u0103 cump\u0103ra\u021bi totul dintr-o dat\u0103. Pute\u021bi \u00eencepe s\u0103 construi\u021bi treptat casa dumneavoastr\u0103 inteligent\u0103, \u00een func\u021bie de nevoile \u0219i dorin\u021bele dumneavoastr\u0103.<\/p>\n<\/div>\n<\/div>\n<div class=\"u-align-center u-container-align-center u-container-style u-list-item u-repeater-item u-shape-rectangle u-white u-list-item-7\">\n<div class=\"u-container-layout u-similar-container u-container-layout-7\"><\/div>\n<\/div>\n\n\t\t\t\t<\/div>\n\t\t\t\n\t\t\t\t\n\t\t\t\t<div class=\"cell\" style=\"\">\n\n\t\t\t\t\t\n\n\n\t\t\t\t\t<h4 class=\"u-align-center u-text u-text-custom-color-8 u-text-14\">Compatibilitate permanent\u0103<\/h4>\n<div class=\"u-align-center u-container-align-center u-container-style u-list-item u-repeater-item u-shape-rectangle u-white u-list-item-7\">\n<div class=\"u-container-layout u-similar-container u-container-layout-7\">\n<p class=\"u-align-center u-text u-text-15\">Chiar \u0219i dup\u0103 mul\u021bi ani, produsele Loxone r\u0103m\u00e2n compatibile \u00eentre ele, f\u0103r\u0103 a fi necesar s\u0103 schimba\u021bi hardware-ul sau software-ul pentru cele mai noi versiuni.<\/p>\n<\/div>\n<\/div>\n<div class=\"u-align-center u-container-align-center u-container-style u-list-item u-repeater-item u-shape-rectangle u-white u-list-item-8\">\n<div class=\"u-container-layout u-similar-container u-container-layout-8\"><\/div>\n<\/div>\n\n\t\t\t\t<\/div>\n\t\t\t\n\t\t\t\t\n\t\t\t\t<div class=\"cell\" style=\"\">\n\n\t\t\t\t\t\n\n\n\t\t\t\t\t<h4 class=\"u-align-center u-text u-text-custom-color-8 u-text-default-lg u-text-default-md u-text-default-sm u-text-default-xl u-text-default-xxl u-text-16\">Tr\u0103im \u00een locuin\u021be moderne<\/h4>\n<section id=\"sec-e071\" class=\"u-clearfix u-container-align-right-lg u-container-align-right-md u-container-align-right-sm u-container-align-right-xl u-container-align-right-xxl u-image u-section-5\" data-image-width=\"1024\" data-image-height=\"576\">\n<div class=\"u-clearfix u-sheet u-sheet-1\">\n<div class=\"u-expanded-width u-list u-list-1\">\n<div class=\"u-repeater u-repeater-1\">\n<div class=\"u-align-center u-container-align-center u-container-style u-list-item u-repeater-item u-shape-rectangle u-white u-list-item-8\">\n<div class=\"u-container-layout u-similar-container u-container-layout-8\">\n<p class=\"u-align-center u-text u-text-17\">\u0218i o facem cu adev\u0103rat &#8211; \u00een casele noastre. La locul de munc\u0103, cre\u0103m solu\u021bii pe care noi \u00een\u0219ine vrem s\u0103 le folosim acas\u0103.<\/p>\n<\/div>\n<\/div>\n<\/div>\n<\/div>\n<\/div>\n<\/section>\n<section id=\"sec-283a\" class=\"u-clearfix u-hidden-sm u-hidden-xs u-section-6\">\n<div class=\"u-clearfix u-sheet u-valign-middle-lg u-valign-middle-md u-valign-middle-sm u-valign-middle-xl u-valign-middle-xs u-sheet-1\"><\/div>\n<\/section>\n\n\t\t\t\t<\/div>\n\t\t\t\n\t\t\n\t<\/div>\n\n\n\n\t\n<\/div>\n\n\n\n\n\n\n\n\n<div  class=\"section white\">\n\t<div class=\"container cols-50p\">\n\n\t\t\n\n\n\t\t<div class=\"cell\">\n\n\t\t\t<h3>Loxone &amp; NEVA: combina\u021bia perfect\u0103 pentru o umbrire fiabil\u0103<\/h3>\n<p>Pentru ca sistemul Smart Home s\u0103 fie cu adev\u0103rat inteligent \u0219i fiabil, tehnologia de umbrire trebuie s\u0103 fie \u00een perfect\u0103 armonie cu tehnologiile de control.<\/p>\n<p>\u00cen cazul \u00een care a\u021bi ales Loxone, v\u0103 recomand\u0103m jaluzelele exterioare cu <a href=\"https:\/\/nevask.eu\/ro\/control-casa-inteligenta\/motoare-geiger\/\">motoare GEIGER AIR<\/a>, special concepute pentru integrarea \u00een solu\u021biile Loxone. Cu aceast\u0103 combina\u021bie, nu doar c\u0103 ve\u021bi beneficia de un confort deosebit \u00een locuin\u021b\u0103, dar, printr-o gestionare eficient\u0103 a energiei, va asigura o eficien\u021b\u0103 energetic\u0103 excelent\u0103 a cl\u0103dirii, economii financiare \u0219i reducerea emisiilor de CO2.<\/p>\n<p>Mai multe informa\u0163ii despre produsele Lexone:<\/p>\n<p>&nbsp;<\/p>\n\n\t\t\t\t\t\t\t<a href=\"https:\/\/www.loxone.com\/int\/\" target=\"_blank\" class=\"button\">Site-ul web Loxone \u2192<\/a>\n\t\t\t\n\t\t<\/div>\n\n\n\n\t\t\n\t\t\t<div class=\"cell center vcenter\">\n\t\t\t\t<img decoding=\"async\" src=\"https:\/\/nevask.eu\/wp-content\/uploads\/2025\/07\/loxone-smart-control.webp\" alt=\"\">\n\t\t\t<\/div>\n\n\t\t\n\t<\/div>\n<\/div>\n\n\n\n\n\n<div  class=\"section dark\">\n\t<div class=\"container full left\">\n\t\t<div class=\"cell\">\n\t\t\t<p><img loading=\"lazy\" decoding=\"async\" class=\"alignnone wp-image-2093\" src=\"https:\/\/nevask.eu\/wp-content\/uploads\/2025\/07\/hash-nevapartner_4-300x61.png\" alt=\"hashtag nevapartner - modr\u00e9 na bielom\" width=\"220\" height=\"44\" srcset=\"https:\/\/nevask.eu\/wp-content\/uploads\/2025\/07\/hash-nevapartner_4-300x61.png 300w, https:\/\/nevask.eu\/wp-content\/uploads\/2025\/07\/hash-nevapartner_4.png 689w\" sizes=\"auto, (max-width: 220px) 100vw, 220px\" \/><\/p>\n<p class=\"p-large\" style=\"text-align: left\">Partenerii no\u0219tri din <a href=\"https:\/\/nevask.eu\/ro\/dealeri-neva\/\" target=\"_blank\" rel=\"noopener\">re\u021beaua #nevapartne<\/a>r sunt gata s\u0103 v\u0103 ajute cu alegerea materialului de umbrire \u0219i a componentelor potrivite. Pute\u021bi discuta cu ei solu\u021biile tehnice pentru proiectul dumneavoastr\u0103 sau pute\u021bi solicita, f\u0103r\u0103 nicio obliga\u021bie, o <a href=\"https:\/\/nevask.eu\/ro\/oferta-de-pret\/\" target=\"_blank\" rel=\"noopener\">ofert\u0103 de pre\u021b<\/a>.<\/p>\n\t\t<\/div>\n\t<\/div>\n<\/div>\n","protected":false},"excerpt":{"rendered":"","protected":false},"author":52,"featured_media":0,"parent":8299,"menu_order":0,"comment_status":"closed","ping_status":"closed","template":"","meta":{"_acf_changed":false,"inline_featured_image":false,"footnotes":""},"class_list":["post-8436","page","type-page","status-publish","hentry"],"acf":[],"yoast_head":"<!-- This site is optimized with the Yoast SEO plugin v27.5 - https:\/\/yoast.com\/product\/yoast-seo-wordpress\/ -->\n<title>Automatizare smart home cu sistemul Loxone | NEVA<\/title>\n<meta name=\"description\" content=\"Mai pu\u021bine sarcini de rutin\u0103, mai mult timp liber. Cu Loxone casa inteligent\u0103 are grij\u0103 de confortul t\u0103u \u00een func\u021bie de vreme sau de stilul t\u0103u de via\u021b\u0103.\" \/>\n<meta name=\"robots\" content=\"index, follow, max-snippet:-1, max-image-preview:large, max-video-preview:-1\" \/>\n<link rel=\"canonical\" href=\"https:\/\/nevask.eu\/ro\/control-casa-inteligenta\/casa-inteligenta-loxone\/\" \/>\n<meta property=\"og:locale\" content=\"ro_RO\" \/>\n<meta property=\"og:type\" content=\"article\" \/>\n<meta property=\"og:title\" content=\"Automatizare smart home cu sistemul Loxone | NEVA\" \/>\n<meta property=\"og:description\" content=\"Mai pu\u021bine sarcini de rutin\u0103, mai mult timp liber. Cu Loxone casa inteligent\u0103 are grij\u0103 de confortul t\u0103u \u00een func\u021bie de vreme sau de stilul t\u0103u de via\u021b\u0103.\" \/>\n<meta property=\"og:url\" content=\"https:\/\/nevask.eu\/ro\/control-casa-inteligenta\/casa-inteligenta-loxone\/\" \/>\n<meta property=\"og:site_name\" content=\"NEVA\" \/>\n<meta property=\"article:modified_time\" content=\"2025-09-12T07:56:57+00:00\" \/>\n<meta name=\"twitter:card\" content=\"summary_large_image\" \/>\n<meta name=\"twitter:label1\" content=\"Timp estimat pentru citire\" \/>\n\t<meta name=\"twitter:data1\" content=\"5 minute\" \/>\n<!-- \/ Yoast SEO plugin. -->","yoast_head_json":{"title":"Automatizare smart home cu sistemul Loxone | NEVA","description":"Mai pu\u021bine sarcini de rutin\u0103, mai mult timp liber. Cu Loxone casa inteligent\u0103 are grij\u0103 de confortul t\u0103u \u00een func\u021bie de vreme sau de stilul t\u0103u de via\u021b\u0103.","robots":{"index":"index","follow":"follow","max-snippet":"max-snippet:-1","max-image-preview":"max-image-preview:large","max-video-preview":"max-video-preview:-1"},"canonical":"https:\/\/nevask.eu\/ro\/control-casa-inteligenta\/casa-inteligenta-loxone\/","og_locale":"ro_RO","og_type":"article","og_title":"Automatizare smart home cu sistemul Loxone | NEVA","og_description":"Mai pu\u021bine sarcini de rutin\u0103, mai mult timp liber. Cu Loxone casa inteligent\u0103 are grij\u0103 de confortul t\u0103u \u00een func\u021bie de vreme sau de stilul t\u0103u de via\u021b\u0103.","og_url":"https:\/\/nevask.eu\/ro\/control-casa-inteligenta\/casa-inteligenta-loxone\/","og_site_name":"NEVA","article_modified_time":"2025-09-12T07:56:57+00:00","twitter_card":"summary_large_image","twitter_misc":{"Timp estimat pentru citire":"5 minute"},"schema":{"@context":"https:\/\/schema.org","@graph":[{"@type":"WebPage","@id":"https:\/\/nevask.eu\/ro\/control-casa-inteligenta\/casa-inteligenta-loxone\/","url":"https:\/\/nevask.eu\/ro\/control-casa-inteligenta\/casa-inteligenta-loxone\/","name":"Automatizare smart home cu sistemul Loxone | NEVA","isPartOf":{"@id":"https:\/\/nevask.eu\/ro\/#website"},"datePublished":"2025-07-07T13:11:06+00:00","dateModified":"2025-09-12T07:56:57+00:00","description":"Mai pu\u021bine sarcini de rutin\u0103, mai mult timp liber. Cu Loxone casa inteligent\u0103 are grij\u0103 de confortul t\u0103u \u00een func\u021bie de vreme sau de stilul t\u0103u de via\u021b\u0103.","breadcrumb":{"@id":"https:\/\/nevask.eu\/ro\/control-casa-inteligenta\/casa-inteligenta-loxone\/#breadcrumb"},"inLanguage":"ro-RO","potentialAction":[{"@type":"ReadAction","target":["https:\/\/nevask.eu\/ro\/control-casa-inteligenta\/casa-inteligenta-loxone\/"]}]},{"@type":"BreadcrumbList","@id":"https:\/\/nevask.eu\/ro\/control-casa-inteligenta\/casa-inteligenta-loxone\/#breadcrumb","itemListElement":[{"@type":"ListItem","position":1,"name":"Home","item":"https:\/\/nevask.eu\/ro\/"},{"@type":"ListItem","position":2,"name":"Smart Home","item":"https:\/\/nevask.eu\/ro\/control-casa-inteligenta\/"},{"@type":"ListItem","position":3,"name":"SmartHome Loxone"}]},{"@type":"WebSite","@id":"https:\/\/nevask.eu\/ro\/#website","url":"https:\/\/nevask.eu\/ro\/","name":"NEVA","description":"Vonkaj\u0161ie \u017eal\u00fazie a screenov\u00e9 rolety","potentialAction":[{"@type":"SearchAction","target":{"@type":"EntryPoint","urlTemplate":"https:\/\/nevask.eu\/ro\/?s={search_term_string}"},"query-input":{"@type":"PropertyValueSpecification","valueRequired":true,"valueName":"search_term_string"}}],"inLanguage":"ro-RO"}]}},"_links":{"self":[{"href":"https:\/\/nevask.eu\/ro\/wp-json\/wp\/v2\/pages\/8436","targetHints":{"allow":["GET"]}}],"collection":[{"href":"https:\/\/nevask.eu\/ro\/wp-json\/wp\/v2\/pages"}],"about":[{"href":"https:\/\/nevask.eu\/ro\/wp-json\/wp\/v2\/types\/page"}],"author":[{"embeddable":true,"href":"https:\/\/nevask.eu\/ro\/wp-json\/wp\/v2\/users\/52"}],"replies":[{"embeddable":true,"href":"https:\/\/nevask.eu\/ro\/wp-json\/wp\/v2\/comments?post=8436"}],"version-history":[{"count":4,"href":"https:\/\/nevask.eu\/ro\/wp-json\/wp\/v2\/pages\/8436\/revisions"}],"predecessor-version":[{"id":10319,"href":"https:\/\/nevask.eu\/ro\/wp-json\/wp\/v2\/pages\/8436\/revisions\/10319"}],"up":[{"embeddable":true,"href":"https:\/\/nevask.eu\/ro\/wp-json\/wp\/v2\/pages\/8299"}],"wp:attachment":[{"href":"https:\/\/nevask.eu\/ro\/wp-json\/wp\/v2\/media?parent=8436"}],"curies":[{"name":"wp","href":"https:\/\/api.w.org\/{rel}","templated":true}]}}